{"id":54898,"date":"2008-05-09T12:45:19","date_gmt":"2008-05-09T10:45:19","guid":{"rendered":"http:\/\/www.erboristerie.com\/?post_type=product&#038;p=54898"},"modified":"2026-03-04T15:27:26","modified_gmt":"2026-03-04T14:27:26","slug":"calendula-fiori-biologica-calendula-officinalis-proprieta-lenitive-emollienti-e-protettive","status":"publish","type":"product","link":"https:\/\/www.erboristerie.com\/it\/prodotto\/calendula-fiori-biologica-calendula-officinalis-proprieta-lenitive-emollienti-e-protettive\/","title":{"rendered":"Calendula fiori Biologica (Calendula officinalis) propriet\u00e0 lenitive, emollienti e protettive."},"content":{"rendered":"<p data-start=\"65\" data-end=\"143\"><strong data-start=\"65\" data-end=\"143\">Calendula fiori interi (Calendula officinalis L.) detta anche Fiorrancio<\/strong><\/p>\n<p data-start=\"145\" data-end=\"312\">La <strong data-start=\"148\" data-end=\"161\">Calendula<\/strong>, conosciuta anche come <em data-start=\"185\" data-end=\"197\">Fiorrancio<\/em>, \u00e8 una pianta officinale tradizionalmente apprezzata per le sue propriet\u00e0 <strong data-start=\"272\" data-end=\"309\">lenitive, emollienti e protettive<\/strong>.<\/p>\n<p data-start=\"314\" data-end=\"518\">I suoi fiori sono utilizzati sia per preparazioni ad uso interno, a sostegno della funzionalit\u00e0 digestiva, sia per uso esterno grazie alla loro azione calmante sulla pelle sensibile, arrossata o irritata.<\/p>\n<p data-start=\"520\" data-end=\"609\">Ideale per infusi, decotti o per la preparazione di oleoliti e macerati ad uso cosmetico.<\/p>\n<p data-start=\"611\" data-end=\"685\"><strong data-start=\"611\" data-end=\"627\">Composizione<\/strong><br data-start=\"627\" data-end=\"630\" \/>Fiori interi di Calendula (<em data-start=\"657\" data-end=\"680\">Calendula officinalis<\/em> L.).<\/p>\n<p data-start=\"687\" data-end=\"907\"><strong data-start=\"687\" data-end=\"701\">Modo d\u2019uso<\/strong><br data-start=\"701\" data-end=\"704\" \/>Per infuso: 1 cucchiaio di fiori in una tazza di acqua bollente, lasciare in infusione 10-15 minuti e filtrare.<br data-start=\"812\" data-end=\"815\" \/>Per uso esterno: utilizzare l\u2019infuso per impacchi o come base per preparazioni erboristiche.<\/p>\n","protected":false},"excerpt":{"rendered":"<p>Calendula fiori interi (Calendula officinalis L.) detta anche Fiorrancio La Calendula, conosciuta anche come Fiorrancio, \u00e8 una pianta officinale tradizionalmente apprezzata per le sue propriet\u00e0 lenitive, emollienti e protettive. I suoi fiori sono utilizzati sia per preparazioni ad uso interno, a sostegno della funzionalit\u00e0 digestiva,&#8230;<\/p>\n","protected":false},"featured_media":50903,"template":"","meta":{"_acf_changed":false},"product_brand":[9617],"product_cat":[10055],"product_tag":[12383,11049,11016,21103,11156],"giftcard-category":[],"class_list":{"0":"post-54898","1":"product","2":"type-product","3":"status-publish","4":"has-post-thumbnail","6":"product_brand-erbamea","7":"product_cat-erbe-c","8":"product_tag-biologica","9":"product_tag-calendula","10":"product_tag-fiori","11":"product_tag-gr-2","12":"product_tag-officinalis","14":"first","15":"instock","16":"sale","17":"taxable","18":"shipping-taxable","19":"purchasable","20":"product-type-variable"},"acf":[],"yoast_head":"<!-- This site is optimized with the Yoast SEO plugin v24.9 - https:\/\/yoast.com\/wordpress\/plugins\/seo\/ -->\n<title>Calendula fiori Biologica (Calendula officinalis) propriet\u00e0 lenitive, emollienti e protettive. - Erboristeria Demetra<\/title>\n<meta name=\"description\" content=\"lA Calendula officinalis \u00e8 una pianta officinale tradizionalmente apprezzata per le sue propriet\u00e0 lenitive, emollienti e protettive.\" \/>\n<meta name=\"robots\" content=\"index, follow, max-snippet:-1, max-image-preview:large, max-video-preview:-1\" \/>\n<link rel=\"canonical\" href=\"https:\/\/www.erboristerie.com\/it\/prodotto\/calendula-fiori-biologica-calendula-officinalis-proprieta-lenitive-emollienti-e-protettive\/\" \/>\n<meta property=\"og:locale\" content=\"it_IT\" \/>\n<meta property=\"og:type\" content=\"article\" \/>\n<meta property=\"og:title\" content=\"Calendula fiori Biologica (Calendula officinalis) propriet\u00e0 lenitive, emollienti e protettive. - Erboristeria Demetra\" \/>\n<meta property=\"og:description\" content=\"lA Calendula officinalis \u00e8 una pianta officinale tradizionalmente apprezzata per le sue propriet\u00e0 lenitive, emollienti e protettive.\" \/>\n<meta property=\"og:url\" content=\"https:\/\/www.erboristerie.com\/it\/prodotto\/calendula-fiori-biologica-calendula-officinalis-proprieta-lenitive-emollienti-e-protettive\/\" \/>\n<meta property=\"og:site_name\" content=\"Erboristeria Demetra\" \/>\n<meta property=\"article:publisher\" content=\"https:\/\/www.facebook.com\/erboristeria.demetra.online\" \/>\n<meta property=\"article:modified_time\" content=\"2026-03-04T14:27:26+00:00\" \/>\n<meta property=\"og:image\" content=\"https:\/\/www.erboristerie.com\/wp-content\/uploads\/2019\/01\/products-00001716.jpg\" \/>\n\t<meta property=\"og:image:width\" content=\"350\" \/>\n\t<meta property=\"og:image:height\" content=\"458\" \/>\n\t<meta property=\"og:image:type\" content=\"image\/jpeg\" \/>\n<meta name=\"twitter:card\" content=\"summary_large_image\" \/>\n<meta name=\"twitter:label1\" content=\"Tempo di lettura stimato\" \/>\n\t<meta name=\"twitter:data1\" content=\"1 minuto\" \/>\n<script type=\"application\/ld+json\" class=\"yoast-schema-graph\">{\"@context\":\"https:\/\/schema.org\",\"@graph\":[{\"@type\":\"WebPage\",\"@id\":\"https:\/\/www.erboristerie.com\/it\/prodotto\/calendula-fiori-biologica-calendula-officinalis-proprieta-lenitive-emollienti-e-protettive\/\",\"url\":\"https:\/\/www.erboristerie.com\/it\/prodotto\/calendula-fiori-biologica-calendula-officinalis-proprieta-lenitive-emollienti-e-protettive\/\",\"name\":\"Calendula fiori Biologica (Calendula officinalis) propriet\u00e0 lenitive, emollienti e protettive. - Erboristeria Demetra\",\"isPartOf\":{\"@id\":\"https:\/\/www.erboristerie.com\/it\/#website\"},\"primaryImageOfPage\":{\"@id\":\"https:\/\/www.erboristerie.com\/it\/prodotto\/calendula-fiori-biologica-calendula-officinalis-proprieta-lenitive-emollienti-e-protettive\/#primaryimage\"},\"image\":{\"@id\":\"https:\/\/www.erboristerie.com\/it\/prodotto\/calendula-fiori-biologica-calendula-officinalis-proprieta-lenitive-emollienti-e-protettive\/#primaryimage\"},\"thumbnailUrl\":\"https:\/\/www.erboristerie.com\/wp-content\/uploads\/2019\/01\/products-00001716.jpg\",\"datePublished\":\"2008-05-09T10:45:19+00:00\",\"dateModified\":\"2026-03-04T14:27:26+00:00\",\"description\":\"lA Calendula officinalis \u00e8 una pianta officinale tradizionalmente apprezzata per le sue propriet\u00e0 lenitive, emollienti e protettive.\",\"breadcrumb\":{\"@id\":\"https:\/\/www.erboristerie.com\/it\/prodotto\/calendula-fiori-biologica-calendula-officinalis-proprieta-lenitive-emollienti-e-protettive\/#breadcrumb\"},\"inLanguage\":\"it-IT\",\"potentialAction\":[{\"@type\":\"ReadAction\",\"target\":[\"https:\/\/www.erboristerie.com\/it\/prodotto\/calendula-fiori-biologica-calendula-officinalis-proprieta-lenitive-emollienti-e-protettive\/\"]}]},{\"@type\":\"ImageObject\",\"inLanguage\":\"it-IT\",\"@id\":\"https:\/\/www.erboristerie.com\/it\/prodotto\/calendula-fiori-biologica-calendula-officinalis-proprieta-lenitive-emollienti-e-protettive\/#primaryimage\",\"url\":\"https:\/\/www.erboristerie.com\/wp-content\/uploads\/2019\/01\/products-00001716.jpg\",\"contentUrl\":\"https:\/\/www.erboristerie.com\/wp-content\/uploads\/2019\/01\/products-00001716.jpg\",\"width\":350,\"height\":458,\"caption\":\"Erbe officinali\"},{\"@type\":\"BreadcrumbList\",\"@id\":\"https:\/\/www.erboristerie.com\/it\/prodotto\/calendula-fiori-biologica-calendula-officinalis-proprieta-lenitive-emollienti-e-protettive\/#breadcrumb\",\"itemListElement\":[{\"@type\":\"ListItem\",\"position\":1,\"name\":\"Home\",\"item\":\"https:\/\/www.erboristerie.com\/it\/\"},{\"@type\":\"ListItem\",\"position\":2,\"name\":\"Tutti i prodotti\",\"item\":\"https:\/\/www.erboristerie.com\/it\/tutti-i-prodotti\/\"},{\"@type\":\"ListItem\",\"position\":3,\"name\":\"Calendula fiori Biologica (Calendula officinalis) propriet\u00e0 lenitive, emollienti e protettive.\"}]},{\"@type\":\"WebSite\",\"@id\":\"https:\/\/www.erboristerie.com\/it\/#website\",\"url\":\"https:\/\/www.erboristerie.com\/it\/\",\"name\":\"Erboristeria Demetra\",\"description\":\"La tua salute al naturale\",\"publisher\":{\"@id\":\"https:\/\/www.erboristerie.com\/it\/#organization\"},\"potentialAction\":[{\"@type\":\"SearchAction\",\"target\":{\"@type\":\"EntryPoint\",\"urlTemplate\":\"https:\/\/www.erboristerie.com\/it\/?s={search_term_string}\"},\"query-input\":{\"@type\":\"PropertyValueSpecification\",\"valueRequired\":true,\"valueName\":\"search_term_string\"}}],\"inLanguage\":\"it-IT\"},{\"@type\":\"Organization\",\"@id\":\"https:\/\/www.erboristerie.com\/it\/#organization\",\"name\":\"Erboristeria Demetra\",\"url\":\"https:\/\/www.erboristerie.com\/it\/\",\"logo\":{\"@type\":\"ImageObject\",\"inLanguage\":\"it-IT\",\"@id\":\"https:\/\/www.erboristerie.com\/it\/#\/schema\/logo\/image\/\",\"url\":\"https:\/\/www.erboristerie.com\/wp-content\/uploads\/2019\/11\/LOGO_ERBORISTERIA_DEMETRA_original.png?v=1611516981\",\"contentUrl\":\"https:\/\/www.erboristerie.com\/wp-content\/uploads\/2019\/11\/LOGO_ERBORISTERIA_DEMETRA_original.png?v=1611516981\",\"width\":201,\"height\":54,\"caption\":\"Erboristeria Demetra\"},\"image\":{\"@id\":\"https:\/\/www.erboristerie.com\/it\/#\/schema\/logo\/image\/\"},\"sameAs\":[\"https:\/\/www.facebook.com\/erboristeria.demetra.online\"]}]}<\/script>\n<!-- \/ Yoast SEO plugin. -->","yoast_head_json":{"title":"Calendula fiori Biologica (Calendula officinalis) propriet\u00e0 lenitive, emollienti e protettive. - Erboristeria Demetra","description":"lA Calendula officinalis \u00e8 una pianta officinale tradizionalmente apprezzata per le sue propriet\u00e0 lenitive, emollienti e protettive.","robots":{"index":"index","follow":"follow","max-snippet":"max-snippet:-1","max-image-preview":"max-image-preview:large","max-video-preview":"max-video-preview:-1"},"canonical":"https:\/\/www.erboristerie.com\/it\/prodotto\/calendula-fiori-biologica-calendula-officinalis-proprieta-lenitive-emollienti-e-protettive\/","og_locale":"it_IT","og_type":"article","og_title":"Calendula fiori Biologica (Calendula officinalis) propriet\u00e0 lenitive, emollienti e protettive. - Erboristeria Demetra","og_description":"lA Calendula officinalis \u00e8 una pianta officinale tradizionalmente apprezzata per le sue propriet\u00e0 lenitive, emollienti e protettive.","og_url":"https:\/\/www.erboristerie.com\/it\/prodotto\/calendula-fiori-biologica-calendula-officinalis-proprieta-lenitive-emollienti-e-protettive\/","og_site_name":"Erboristeria Demetra","article_publisher":"https:\/\/www.facebook.com\/erboristeria.demetra.online","article_modified_time":"2026-03-04T14:27:26+00:00","og_image":[{"width":350,"height":458,"url":"https:\/\/www.erboristerie.com\/wp-content\/uploads\/2019\/01\/products-00001716.jpg","type":"image\/jpeg"}],"twitter_card":"summary_large_image","twitter_misc":{"Tempo di lettura stimato":"1 minuto"},"schema":{"@context":"https:\/\/schema.org","@graph":[{"@type":"WebPage","@id":"https:\/\/www.erboristerie.com\/it\/prodotto\/calendula-fiori-biologica-calendula-officinalis-proprieta-lenitive-emollienti-e-protettive\/","url":"https:\/\/www.erboristerie.com\/it\/prodotto\/calendula-fiori-biologica-calendula-officinalis-proprieta-lenitive-emollienti-e-protettive\/","name":"Calendula fiori Biologica (Calendula officinalis) propriet\u00e0 lenitive, emollienti e protettive. - Erboristeria Demetra","isPartOf":{"@id":"https:\/\/www.erboristerie.com\/it\/#website"},"primaryImageOfPage":{"@id":"https:\/\/www.erboristerie.com\/it\/prodotto\/calendula-fiori-biologica-calendula-officinalis-proprieta-lenitive-emollienti-e-protettive\/#primaryimage"},"image":{"@id":"https:\/\/www.erboristerie.com\/it\/prodotto\/calendula-fiori-biologica-calendula-officinalis-proprieta-lenitive-emollienti-e-protettive\/#primaryimage"},"thumbnailUrl":"https:\/\/www.erboristerie.com\/wp-content\/uploads\/2019\/01\/products-00001716.jpg","datePublished":"2008-05-09T10:45:19+00:00","dateModified":"2026-03-04T14:27:26+00:00","description":"lA Calendula officinalis \u00e8 una pianta officinale tradizionalmente apprezzata per le sue propriet\u00e0 lenitive, emollienti e protettive.","breadcrumb":{"@id":"https:\/\/www.erboristerie.com\/it\/prodotto\/calendula-fiori-biologica-calendula-officinalis-proprieta-lenitive-emollienti-e-protettive\/#breadcrumb"},"inLanguage":"it-IT","potentialAction":[{"@type":"ReadAction","target":["https:\/\/www.erboristerie.com\/it\/prodotto\/calendula-fiori-biologica-calendula-officinalis-proprieta-lenitive-emollienti-e-protettive\/"]}]},{"@type":"ImageObject","inLanguage":"it-IT","@id":"https:\/\/www.erboristerie.com\/it\/prodotto\/calendula-fiori-biologica-calendula-officinalis-proprieta-lenitive-emollienti-e-protettive\/#primaryimage","url":"https:\/\/www.erboristerie.com\/wp-content\/uploads\/2019\/01\/products-00001716.jpg","contentUrl":"https:\/\/www.erboristerie.com\/wp-content\/uploads\/2019\/01\/products-00001716.jpg","width":350,"height":458,"caption":"Erbe officinali"},{"@type":"BreadcrumbList","@id":"https:\/\/www.erboristerie.com\/it\/prodotto\/calendula-fiori-biologica-calendula-officinalis-proprieta-lenitive-emollienti-e-protettive\/#breadcrumb","itemListElement":[{"@type":"ListItem","position":1,"name":"Home","item":"https:\/\/www.erboristerie.com\/it\/"},{"@type":"ListItem","position":2,"name":"Tutti i prodotti","item":"https:\/\/www.erboristerie.com\/it\/tutti-i-prodotti\/"},{"@type":"ListItem","position":3,"name":"Calendula fiori Biologica (Calendula officinalis) propriet\u00e0 lenitive, emollienti e protettive."}]},{"@type":"WebSite","@id":"https:\/\/www.erboristerie.com\/it\/#website","url":"https:\/\/www.erboristerie.com\/it\/","name":"Erboristeria Demetra","description":"La tua salute al naturale","publisher":{"@id":"https:\/\/www.erboristerie.com\/it\/#organization"},"potentialAction":[{"@type":"SearchAction","target":{"@type":"EntryPoint","urlTemplate":"https:\/\/www.erboristerie.com\/it\/?s={search_term_string}"},"query-input":{"@type":"PropertyValueSpecification","valueRequired":true,"valueName":"search_term_string"}}],"inLanguage":"it-IT"},{"@type":"Organization","@id":"https:\/\/www.erboristerie.com\/it\/#organization","name":"Erboristeria Demetra","url":"https:\/\/www.erboristerie.com\/it\/","logo":{"@type":"ImageObject","inLanguage":"it-IT","@id":"https:\/\/www.erboristerie.com\/it\/#\/schema\/logo\/image\/","url":"https:\/\/www.erboristerie.com\/wp-content\/uploads\/2019\/11\/LOGO_ERBORISTERIA_DEMETRA_original.png?v=1611516981","contentUrl":"https:\/\/www.erboristerie.com\/wp-content\/uploads\/2019\/11\/LOGO_ERBORISTERIA_DEMETRA_original.png?v=1611516981","width":201,"height":54,"caption":"Erboristeria Demetra"},"image":{"@id":"https:\/\/www.erboristerie.com\/it\/#\/schema\/logo\/image\/"},"sameAs":["https:\/\/www.facebook.com\/erboristeria.demetra.online"]}]}},"_links":{"self":[{"href":"https:\/\/www.erboristerie.com\/it\/wp-json\/wp\/v2\/product\/54898","targetHints":{"allow":["GET"]}}],"collection":[{"href":"https:\/\/www.erboristerie.com\/it\/wp-json\/wp\/v2\/product"}],"about":[{"href":"https:\/\/www.erboristerie.com\/it\/wp-json\/wp\/v2\/types\/product"}],"wp:featuredmedia":[{"embeddable":true,"href":"https:\/\/www.erboristerie.com\/it\/wp-json\/wp\/v2\/media\/50903"}],"wp:attachment":[{"href":"https:\/\/www.erboristerie.com\/it\/wp-json\/wp\/v2\/media?parent=54898"}],"wp:term":[{"taxonomy":"product_brand","embeddable":true,"href":"https:\/\/www.erboristerie.com\/it\/wp-json\/wp\/v2\/product_brand?post=54898"},{"taxonomy":"product_cat","embeddable":true,"href":"https:\/\/www.erboristerie.com\/it\/wp-json\/wp\/v2\/product_cat?post=54898"},{"taxonomy":"product_tag","embeddable":true,"href":"https:\/\/www.erboristerie.com\/it\/wp-json\/wp\/v2\/product_tag?post=54898"},{"taxonomy":"giftcard-category","embeddable":true,"href":"https:\/\/www.erboristerie.com\/it\/wp-json\/wp\/v2\/giftcard-category?post=54898"}],"curies":[{"name":"wp","href":"https:\/\/api.w.org\/{rel}","templated":true}]}}