{"id":54770,"date":"2007-11-20T17:24:48","date_gmt":"2007-11-20T16:24:48","guid":{"rendered":"http:\/\/www.erboristerie.com\/?post_type=product&#038;p=54770"},"modified":"2026-03-24T10:42:13","modified_gmt":"2026-03-24T09:42:13","slug":"lampada-di-sale-dellhimalaya-mod-large-da-6-a-9kg","status":"publish","type":"product","link":"https:\/\/www.erboristerie.com\/it\/prodotto\/lampada-di-sale-dellhimalaya-mod-large-da-6-a-9kg\/","title":{"rendered":"Lampada di sale dell&#8217;Himalaya mod. Large (da 6 a 9kg)"},"content":{"rendered":"<p><strong>Lampada di sale dell&#8217;Himalaya<\/strong><\/p>\n<p>Le lampade in Salgemma dell&#8217;Himalaya hanno pi\u00f9 di 250 milioni di anni e sono prive di inquinamento.<\/p>\n<p>La straordinariet\u00e0 delle lampade in Salgemma \u00e8 l&#8217; emanazione di ioni negativi (= vitali!) nell&#8217;aria purificando cos\u00ec gli ambienti e neutralizzando le onde elettromagnetiche.<\/p>\n<p>L&#8217;aria salutare \u00e8 equilibrata tra ioni negativi e positivi.<\/p>\n<p>In ambienti chiusi, nelle nostre case tra televisori e computer o altri apparecchi elettrici, negli uffici con aria condizionata oppure in ambienti fumosi, l&#8217;aria si carica di ioni positivi che creano malessere e indebolimento psico-fisico.<\/p>\n<p>La lampada in Salgemma riporta in equilibrio l&#8217;aria.<\/p>\n<p>Ne traggono un notevole beneficio le persone sofferenti di allergie o asma.<\/p>\n<p>Esperti di Feng Shui (l&#8217;antica filosofia cinese sull&#8217;Energia Cosmica) consigliano le lampade in Salgemma in tutte le stanze o ambienti chiusi.<\/p>\n<p>Le lampade di sale sono dei blocchi conici di sale grezzo ricavati dalle miniere himalayane.<\/p>\n<p><strong><u>Si misurano in peso e non in cm<\/u><\/strong> (diametro ed altezza) in quanto le loro dimensioni in centimentri variano per modelli dello stesso peso.<\/p>\n<p><strong>Sommariamente, a grandi linee, potremmo comunque indiare alcune misure il lunghezze per dar modo ai clienti di capire quale tipo di ingombro possano offrire le lampade.\u00a0Quindi ecco delle misure medie:<\/strong><\/p>\n<ul>\n<li>Lampada di sale mod. small (da 2 a 3 kg) altezza circa cm 20 e circonferenza circa cm 37<\/li>\n<li>Lampada di sale mod. medium (da 3 a 6 kg) altezza\u00a0circa cm 24 e circonferenza circa cm 50<\/li>\n<li>Lampada di sale mod. large (da 6 a 9 kg) altezza circa cm 29 e circonferenza circa cm 55<\/li>\n<li>Lampada di sale mod. Xlarge (da 9 a 12 kg) altezza circa cm 30 e circonferenza circa cm 59<\/li>\n<li>Lampada di sale mod. XXlarge (da 12 a 18 kg) altezza circa cm 31 e circonferenza circa cm 61<\/li>\n<\/ul>\n<p><strong>N.B.<br \/>\nLe misure in cm sono solo un riferimento e non un valore preciso.<\/strong><\/p>\n<p>Ogni Lampada di Sale e&#8217; fornita di base di legno.<br \/>\nHa un foro tipo &#8220;carotaggio&#8221; alla base in modo da inserire il portalampade (fornito).<br \/>\n<strong>Ogni Lampada di Sale e&#8217; fornita completa di cavo e portalampada.<br \/>\n<\/strong>La lampadina e&#8217; in omaggio con l&#8217;acquisto e, come tale, non prende parte alla garanzia del prodotto. Il cliente e&#8217; libero di utilizzare una lampada con maggiore\/minore luminosita&#8217; o diverso colore. La lampadina e&#8217; facilmente reperibile in qualsiasi negozio dedicato. L&#8217;attacco della lampadina e&#8217; il classico E14 (piccolo).<\/p>\n","protected":false},"excerpt":{"rendered":"<p>Lampada di sale dell&#8217;Himalaya Le lampade in Salgemma dell&#8217;Himalaya hanno pi\u00f9 di 250 milioni di anni e sono prive di inquinamento. La straordinariet\u00e0 delle lampade in Salgemma \u00e8 l&#8217; emanazione di ioni negativi (= vitali!) nell&#8217;aria purificando cos\u00ec gli ambienti e neutralizzando le onde elettromagnetiche&#8230;.<\/p>\n","protected":false},"featured_media":54663,"template":"","meta":{"_acf_changed":false},"product_brand":[9602],"product_cat":[9723],"product_tag":[12452,12481,12480,11555],"giftcard-category":[],"class_list":{"0":"post-54770","1":"product","2":"type-product","3":"status-publish","4":"has-post-thumbnail","6":"product_brand-himalaya","7":"product_cat-varie-4","8":"product_tag-lampada","9":"product_tag-large","10":"product_tag-mod-3","11":"product_tag-sale","13":"first","14":"instock","15":"taxable","16":"shipping-taxable","17":"purchasable","18":"product-type-simple"},"acf":[],"yoast_head":"<!-- This site is optimized with the Yoast SEO plugin v24.9 - https:\/\/yoast.com\/wordpress\/plugins\/seo\/ -->\n<title>Lampada di sale dell&#039;Himalaya mod. Large (da 6 a 9kg) - Erboristeria Demetra<\/title>\n<meta name=\"description\" content=\"Le lampade di sale emanano ioni negativi (= vitali!) nell&#039;aria purificando cos\u00ec gli ambienti e neutralizzando le onde elettromagnetiche.\" \/>\n<meta name=\"robots\" content=\"index, follow, max-snippet:-1, max-image-preview:large, max-video-preview:-1\" \/>\n<link rel=\"canonical\" href=\"https:\/\/www.erboristerie.com\/it\/prodotto\/lampada-di-sale-dellhimalaya-mod-large-da-6-a-9kg\/\" \/>\n<meta property=\"og:locale\" content=\"it_IT\" \/>\n<meta property=\"og:type\" content=\"article\" \/>\n<meta property=\"og:title\" content=\"Lampada di sale dell&#039;Himalaya mod. Large (da 6 a 9kg) - Erboristeria Demetra\" \/>\n<meta property=\"og:description\" content=\"Le lampade di sale emanano ioni negativi (= vitali!) nell&#039;aria purificando cos\u00ec gli ambienti e neutralizzando le onde elettromagnetiche.\" \/>\n<meta property=\"og:url\" content=\"https:\/\/www.erboristerie.com\/it\/prodotto\/lampada-di-sale-dellhimalaya-mod-large-da-6-a-9kg\/\" \/>\n<meta property=\"og:site_name\" content=\"Erboristeria Demetra\" \/>\n<meta property=\"article:publisher\" content=\"https:\/\/www.facebook.com\/erboristeria.demetra.online\" \/>\n<meta property=\"article:modified_time\" content=\"2026-03-24T09:42:13+00:00\" \/>\n<meta property=\"og:image\" content=\"https:\/\/www.erboristerie.com\/wp-content\/uploads\/2019\/01\/products-_LAMPADISALE.jpg\" \/>\n\t<meta property=\"og:image:width\" content=\"934\" \/>\n\t<meta property=\"og:image:height\" content=\"891\" \/>\n\t<meta property=\"og:image:type\" content=\"image\/jpeg\" \/>\n<meta name=\"twitter:card\" content=\"summary_large_image\" \/>\n<meta name=\"twitter:label1\" content=\"Tempo di lettura stimato\" \/>\n\t<meta name=\"twitter:data1\" content=\"2 minuti\" \/>\n<script type=\"application\/ld+json\" class=\"yoast-schema-graph\">{\"@context\":\"https:\/\/schema.org\",\"@graph\":[{\"@type\":\"WebPage\",\"@id\":\"https:\/\/www.erboristerie.com\/it\/prodotto\/lampada-di-sale-dellhimalaya-mod-large-da-6-a-9kg\/\",\"url\":\"https:\/\/www.erboristerie.com\/it\/prodotto\/lampada-di-sale-dellhimalaya-mod-large-da-6-a-9kg\/\",\"name\":\"Lampada di sale dell'Himalaya mod. Large (da 6 a 9kg) - Erboristeria Demetra\",\"isPartOf\":{\"@id\":\"https:\/\/www.erboristerie.com\/it\/#website\"},\"primaryImageOfPage\":{\"@id\":\"https:\/\/www.erboristerie.com\/it\/prodotto\/lampada-di-sale-dellhimalaya-mod-large-da-6-a-9kg\/#primaryimage\"},\"image\":{\"@id\":\"https:\/\/www.erboristerie.com\/it\/prodotto\/lampada-di-sale-dellhimalaya-mod-large-da-6-a-9kg\/#primaryimage\"},\"thumbnailUrl\":\"https:\/\/www.erboristerie.com\/wp-content\/uploads\/2019\/01\/products-_LAMPADISALE.jpg\",\"datePublished\":\"2007-11-20T16:24:48+00:00\",\"dateModified\":\"2026-03-24T09:42:13+00:00\",\"description\":\"Le lampade di sale emanano ioni negativi (= vitali!) nell'aria purificando cos\u00ec gli ambienti e neutralizzando le onde elettromagnetiche.\",\"breadcrumb\":{\"@id\":\"https:\/\/www.erboristerie.com\/it\/prodotto\/lampada-di-sale-dellhimalaya-mod-large-da-6-a-9kg\/#breadcrumb\"},\"inLanguage\":\"it-IT\",\"potentialAction\":[{\"@type\":\"ReadAction\",\"target\":[\"https:\/\/www.erboristerie.com\/it\/prodotto\/lampada-di-sale-dellhimalaya-mod-large-da-6-a-9kg\/\"]}]},{\"@type\":\"ImageObject\",\"inLanguage\":\"it-IT\",\"@id\":\"https:\/\/www.erboristerie.com\/it\/prodotto\/lampada-di-sale-dellhimalaya-mod-large-da-6-a-9kg\/#primaryimage\",\"url\":\"https:\/\/www.erboristerie.com\/wp-content\/uploads\/2019\/01\/products-_LAMPADISALE.jpg\",\"contentUrl\":\"https:\/\/www.erboristerie.com\/wp-content\/uploads\/2019\/01\/products-_LAMPADISALE.jpg\",\"width\":\"934\",\"height\":\"891\",\"caption\":\"LAMPADA DI SALE MEDIUM (DA 3,5 A 5 KG)\"},{\"@type\":\"BreadcrumbList\",\"@id\":\"https:\/\/www.erboristerie.com\/it\/prodotto\/lampada-di-sale-dellhimalaya-mod-large-da-6-a-9kg\/#breadcrumb\",\"itemListElement\":[{\"@type\":\"ListItem\",\"position\":1,\"name\":\"Home\",\"item\":\"https:\/\/www.erboristerie.com\/it\/\"},{\"@type\":\"ListItem\",\"position\":2,\"name\":\"Tutti i prodotti\",\"item\":\"https:\/\/www.erboristerie.com\/it\/tutti-i-prodotti\/\"},{\"@type\":\"ListItem\",\"position\":3,\"name\":\"Lampada di sale dell&#8217;Himalaya mod. Large (da 6 a 9kg)\"}]},{\"@type\":\"WebSite\",\"@id\":\"https:\/\/www.erboristerie.com\/it\/#website\",\"url\":\"https:\/\/www.erboristerie.com\/it\/\",\"name\":\"Erboristeria Demetra\",\"description\":\"La tua salute al naturale\",\"publisher\":{\"@id\":\"https:\/\/www.erboristerie.com\/it\/#organization\"},\"potentialAction\":[{\"@type\":\"SearchAction\",\"target\":{\"@type\":\"EntryPoint\",\"urlTemplate\":\"https:\/\/www.erboristerie.com\/it\/?s={search_term_string}\"},\"query-input\":{\"@type\":\"PropertyValueSpecification\",\"valueRequired\":true,\"valueName\":\"search_term_string\"}}],\"inLanguage\":\"it-IT\"},{\"@type\":\"Organization\",\"@id\":\"https:\/\/www.erboristerie.com\/it\/#organization\",\"name\":\"Erboristeria Demetra\",\"url\":\"https:\/\/www.erboristerie.com\/it\/\",\"logo\":{\"@type\":\"ImageObject\",\"inLanguage\":\"it-IT\",\"@id\":\"https:\/\/www.erboristerie.com\/it\/#\/schema\/logo\/image\/\",\"url\":\"https:\/\/www.erboristerie.com\/wp-content\/uploads\/2019\/11\/LOGO_ERBORISTERIA_DEMETRA_original.png?v=1611516981\",\"contentUrl\":\"https:\/\/www.erboristerie.com\/wp-content\/uploads\/2019\/11\/LOGO_ERBORISTERIA_DEMETRA_original.png?v=1611516981\",\"width\":201,\"height\":54,\"caption\":\"Erboristeria Demetra\"},\"image\":{\"@id\":\"https:\/\/www.erboristerie.com\/it\/#\/schema\/logo\/image\/\"},\"sameAs\":[\"https:\/\/www.facebook.com\/erboristeria.demetra.online\"]}]}<\/script>\n<!-- \/ Yoast SEO plugin. -->","yoast_head_json":{"title":"Lampada di sale dell'Himalaya mod. Large (da 6 a 9kg) - Erboristeria Demetra","description":"Le lampade di sale emanano ioni negativi (= vitali!) nell'aria purificando cos\u00ec gli ambienti e neutralizzando le onde elettromagnetiche.","robots":{"index":"index","follow":"follow","max-snippet":"max-snippet:-1","max-image-preview":"max-image-preview:large","max-video-preview":"max-video-preview:-1"},"canonical":"https:\/\/www.erboristerie.com\/it\/prodotto\/lampada-di-sale-dellhimalaya-mod-large-da-6-a-9kg\/","og_locale":"it_IT","og_type":"article","og_title":"Lampada di sale dell'Himalaya mod. Large (da 6 a 9kg) - Erboristeria Demetra","og_description":"Le lampade di sale emanano ioni negativi (= vitali!) nell'aria purificando cos\u00ec gli ambienti e neutralizzando le onde elettromagnetiche.","og_url":"https:\/\/www.erboristerie.com\/it\/prodotto\/lampada-di-sale-dellhimalaya-mod-large-da-6-a-9kg\/","og_site_name":"Erboristeria Demetra","article_publisher":"https:\/\/www.facebook.com\/erboristeria.demetra.online","article_modified_time":"2026-03-24T09:42:13+00:00","og_image":[{"width":934,"height":891,"url":"https:\/\/www.erboristerie.com\/wp-content\/uploads\/2019\/01\/products-_LAMPADISALE.jpg","type":"image\/jpeg"}],"twitter_card":"summary_large_image","twitter_misc":{"Tempo di lettura stimato":"2 minuti"},"schema":{"@context":"https:\/\/schema.org","@graph":[{"@type":"WebPage","@id":"https:\/\/www.erboristerie.com\/it\/prodotto\/lampada-di-sale-dellhimalaya-mod-large-da-6-a-9kg\/","url":"https:\/\/www.erboristerie.com\/it\/prodotto\/lampada-di-sale-dellhimalaya-mod-large-da-6-a-9kg\/","name":"Lampada di sale dell'Himalaya mod. Large (da 6 a 9kg) - Erboristeria Demetra","isPartOf":{"@id":"https:\/\/www.erboristerie.com\/it\/#website"},"primaryImageOfPage":{"@id":"https:\/\/www.erboristerie.com\/it\/prodotto\/lampada-di-sale-dellhimalaya-mod-large-da-6-a-9kg\/#primaryimage"},"image":{"@id":"https:\/\/www.erboristerie.com\/it\/prodotto\/lampada-di-sale-dellhimalaya-mod-large-da-6-a-9kg\/#primaryimage"},"thumbnailUrl":"https:\/\/www.erboristerie.com\/wp-content\/uploads\/2019\/01\/products-_LAMPADISALE.jpg","datePublished":"2007-11-20T16:24:48+00:00","dateModified":"2026-03-24T09:42:13+00:00","description":"Le lampade di sale emanano ioni negativi (= vitali!) nell'aria purificando cos\u00ec gli ambienti e neutralizzando le onde elettromagnetiche.","breadcrumb":{"@id":"https:\/\/www.erboristerie.com\/it\/prodotto\/lampada-di-sale-dellhimalaya-mod-large-da-6-a-9kg\/#breadcrumb"},"inLanguage":"it-IT","potentialAction":[{"@type":"ReadAction","target":["https:\/\/www.erboristerie.com\/it\/prodotto\/lampada-di-sale-dellhimalaya-mod-large-da-6-a-9kg\/"]}]},{"@type":"ImageObject","inLanguage":"it-IT","@id":"https:\/\/www.erboristerie.com\/it\/prodotto\/lampada-di-sale-dellhimalaya-mod-large-da-6-a-9kg\/#primaryimage","url":"https:\/\/www.erboristerie.com\/wp-content\/uploads\/2019\/01\/products-_LAMPADISALE.jpg","contentUrl":"https:\/\/www.erboristerie.com\/wp-content\/uploads\/2019\/01\/products-_LAMPADISALE.jpg","width":"934","height":"891","caption":"LAMPADA DI SALE MEDIUM (DA 3,5 A 5 KG)"},{"@type":"BreadcrumbList","@id":"https:\/\/www.erboristerie.com\/it\/prodotto\/lampada-di-sale-dellhimalaya-mod-large-da-6-a-9kg\/#breadcrumb","itemListElement":[{"@type":"ListItem","position":1,"name":"Home","item":"https:\/\/www.erboristerie.com\/it\/"},{"@type":"ListItem","position":2,"name":"Tutti i prodotti","item":"https:\/\/www.erboristerie.com\/it\/tutti-i-prodotti\/"},{"@type":"ListItem","position":3,"name":"Lampada di sale dell&#8217;Himalaya mod. Large (da 6 a 9kg)"}]},{"@type":"WebSite","@id":"https:\/\/www.erboristerie.com\/it\/#website","url":"https:\/\/www.erboristerie.com\/it\/","name":"Erboristeria Demetra","description":"La tua salute al naturale","publisher":{"@id":"https:\/\/www.erboristerie.com\/it\/#organization"},"potentialAction":[{"@type":"SearchAction","target":{"@type":"EntryPoint","urlTemplate":"https:\/\/www.erboristerie.com\/it\/?s={search_term_string}"},"query-input":{"@type":"PropertyValueSpecification","valueRequired":true,"valueName":"search_term_string"}}],"inLanguage":"it-IT"},{"@type":"Organization","@id":"https:\/\/www.erboristerie.com\/it\/#organization","name":"Erboristeria Demetra","url":"https:\/\/www.erboristerie.com\/it\/","logo":{"@type":"ImageObject","inLanguage":"it-IT","@id":"https:\/\/www.erboristerie.com\/it\/#\/schema\/logo\/image\/","url":"https:\/\/www.erboristerie.com\/wp-content\/uploads\/2019\/11\/LOGO_ERBORISTERIA_DEMETRA_original.png?v=1611516981","contentUrl":"https:\/\/www.erboristerie.com\/wp-content\/uploads\/2019\/11\/LOGO_ERBORISTERIA_DEMETRA_original.png?v=1611516981","width":201,"height":54,"caption":"Erboristeria Demetra"},"image":{"@id":"https:\/\/www.erboristerie.com\/it\/#\/schema\/logo\/image\/"},"sameAs":["https:\/\/www.facebook.com\/erboristeria.demetra.online"]}]}},"_links":{"self":[{"href":"https:\/\/www.erboristerie.com\/it\/wp-json\/wp\/v2\/product\/54770","targetHints":{"allow":["GET"]}}],"collection":[{"href":"https:\/\/www.erboristerie.com\/it\/wp-json\/wp\/v2\/product"}],"about":[{"href":"https:\/\/www.erboristerie.com\/it\/wp-json\/wp\/v2\/types\/product"}],"wp:featuredmedia":[{"embeddable":true,"href":"https:\/\/www.erboristerie.com\/it\/wp-json\/wp\/v2\/media\/54663"}],"wp:attachment":[{"href":"https:\/\/www.erboristerie.com\/it\/wp-json\/wp\/v2\/media?parent=54770"}],"wp:term":[{"taxonomy":"product_brand","embeddable":true,"href":"https:\/\/www.erboristerie.com\/it\/wp-json\/wp\/v2\/product_brand?post=54770"},{"taxonomy":"product_cat","embeddable":true,"href":"https:\/\/www.erboristerie.com\/it\/wp-json\/wp\/v2\/product_cat?post=54770"},{"taxonomy":"product_tag","embeddable":true,"href":"https:\/\/www.erboristerie.com\/it\/wp-json\/wp\/v2\/product_tag?post=54770"},{"taxonomy":"giftcard-category","embeddable":true,"href":"https:\/\/www.erboristerie.com\/it\/wp-json\/wp\/v2\/giftcard-category?post=54770"}],"curies":[{"name":"wp","href":"https:\/\/api.w.org\/{rel}","templated":true}]}}