{"id":54214,"date":"2008-05-09T10:45:16","date_gmt":"2008-05-09T08:45:16","guid":{"rendered":"http:\/\/www.erboristerie.com\/?post_type=product&#038;p=54214"},"modified":"2025-09-10T18:54:08","modified_gmt":"2025-09-10T16:54:08","slug":"meharees-bagnoschiuma-250ml","status":"publish","type":"product","link":"https:\/\/www.erboristerie.com\/it\/prodotto\/meharees-bagnoschiuma-250ml\/","title":{"rendered":"Meharees Bagnoschiuma 250ml"},"content":{"rendered":"<p>\n\t<strong>Descrizione<\/strong><br \/>\n\tUn Bagnoschiuma arricchito dai tesori del deserto: il Dattero zuccherino, alimento regale per la vostra epidermide, la Mirra sensuale e la Yucca, il cui succo garantisce la dolcezza estrema della detersione, adatta alle epidermidi pi\u00f9 fragili. Il soffio caldo della profumazione M\u00e9har\u00e9es intanto avvolge la vostra persona come l\u2019alito di un vento che attraversa il deserto.<br \/>\n\t<strong>Fragranza<\/strong><br \/>\n\tambrata, vanigliata<br \/>\n\t<strong>Consigli d&#8217;uso<\/strong><br \/>\n\tPochi cucchiai di questo prodotto, versati nella vasca o direttamente sulla spugna se si sceglie una doccia invitante, bastano per creare un momento di preziosissimo benessere, nell\u2019intimit\u00e0 della propria oasi personale.<br \/>\n\t<strong>Sostanze funzionali<\/strong><br \/>\n\tEstratto di Dattero, Estratto di Mirra,Aminoacidi di Grano,Saponine della Yucca<\/p>\n<p>\t<strong>Cosa sapere in pi\u00f9<\/strong><\/p>\n<ul>\n<li>\n\t\t100% Made in Italy. Ogni fase della nostra attivit\u00e0, dalla formulazione al controllo qualit\u00e0, dalla preparazione del semilavorato al confezionamento, viene attuata da sempre nel nostro sito produttivo di Lodi: noi non abbiamo delocalizzato alcuna fase produttiva in paesi terzi, men che meno in quelli nei quali i diritti umani e i diritti fondamentali dei lavoratori sono calpestati. I nostri fitocosmetici sono orgogliosi di potersi dire 100% MADE IN ITALY!<\/li>\n<li>\n\t\t7 Metalli testati. Monitoraggio del contenuto di 7 metalli per minimizzare i rischi di allergia: *(Nichel, Piombo, Arsenico, Cadmio, Mercurio, Antimonio e Cromo) e salvaguardare cos\u00ec anche le pelli pi\u00f9 sensibili. Ogni lotto di produzione \u00e8 rigorosamente controllato per garantire un contenuto di ogni singolo metallo inferiore a 0.00005% (limite di rilevabilit\u00e0 strumentale).<\/li>\n<li>\n\t\tDa sempre amici degli animaliAderiamo allo \u201cStandard Internazionale Stop ai Test su Animali\u201d; garantito da LAV (Lega Anti Vivisezione). Fin dalla sua fondazione nel 1978 L&#8217;Erbolario ha seguito la politica di non ricorrere a test su animali e dal 2006, dopo che le normative europee hanno iniziato a limitare e poi hanno man mano proibito il ricorso ai test su animali per fini cosmetici, ha aderito allo Standard.<\/li>\n<li>\n\t\tDermatologicamente Testato. Questo prodotto ha dimostrato di essere ottimamente tollerato dopo una rigorosa sperimentazione clinica finalizzata alla ricerca di eventuali potenzialit\u00e0 di irritazione e di allergogenesi. La valutazione delle ricerche \u00e8 stata effettuata presso il Dipartimento di Medicina interna e Terapia medica dell\u2019Universit\u00e0 degli Studi di Pavia.<\/li>\n<li>\n\t\tImballo in Carta FSC\u00ae. La confezione esterna cartacea di questo prodotto \u00e8 costituita esclusivamente carta certificata FSC\u00ae, secondo i rigorosi standardambientali e sociali del Forest Stewardship Concil\u00ae a supporto di una corretta e responsabile gestione delle risorse forestali<\/li>\n<li>\n\t\tSenza ingredienti di derivazione animale.<\/li>\n<\/ul>\n","protected":false},"excerpt":{"rendered":"<p>Descrizione Un Bagnoschiuma arricchito dai tesori del deserto: il Dattero zuccherino, alimento regale per la vostra epidermide, la Mirra sensuale e la Yucca, il cui succo garantisce la dolcezza estrema della detersione, adatta alle epidermidi pi\u00f9 fragili. Il soffio caldo della profumazione M\u00e9har\u00e9es intanto avvolge&#8230;<\/p>\n","protected":false},"featured_media":54215,"template":"","meta":{"_acf_changed":false},"product_brand":[9603],"product_cat":[45044],"product_tag":[11561,11559,12049,10801,12263,10829],"giftcard-category":[],"class_list":{"0":"post-54214","1":"product","2":"type-product","3":"status-publish","4":"has-post-thumbnail","6":"product_brand-erbolario","7":"product_cat-detergenza","8":"product_tag-250ml","9":"product_tag-bagnoschiuma","10":"product_tag-doccia","11":"product_tag-linea","12":"product_tag-meharees","13":"product_tag-shampoo","14":"pa_formato-250-ml","15":"pa_linea-profumazione-meharees","16":"pa_marca-lerbolario","17":"pa_tipologia-bagnoschiuma","19":"first","20":"instock","21":"sale","22":"taxable","23":"shipping-taxable","24":"purchasable","25":"product-type-simple"},"acf":[],"yoast_head":"<!-- This site is optimized with the Yoast SEO plugin v24.9 - https:\/\/yoast.com\/wordpress\/plugins\/seo\/ -->\n<title>Meharees Bagnoschiuma 250ml<\/title>\n<meta name=\"description\" content=\"Detergente delicato, dalla morbida schiuma e dalla sontuosa fragranza di M\u00e9har\u00e9es.\" \/>\n<meta name=\"robots\" content=\"index, follow, max-snippet:-1, max-image-preview:large, max-video-preview:-1\" \/>\n<link rel=\"canonical\" href=\"https:\/\/www.erboristerie.com\/it\/prodotto\/meharees-bagnoschiuma-250ml\/\" \/>\n<meta property=\"og:locale\" content=\"it_IT\" \/>\n<meta property=\"og:type\" content=\"article\" \/>\n<meta property=\"og:title\" content=\"Meharees Bagnoschiuma 250ml\" \/>\n<meta property=\"og:description\" content=\"Detergente delicato, dalla morbida schiuma e dalla sontuosa fragranza di M\u00e9har\u00e9es.\" \/>\n<meta property=\"og:url\" content=\"https:\/\/www.erboristerie.com\/it\/prodotto\/meharees-bagnoschiuma-250ml\/\" \/>\n<meta property=\"og:site_name\" content=\"Erboristeria Demetra\" \/>\n<meta property=\"article:publisher\" content=\"https:\/\/www.facebook.com\/erboristeria.demetra.online\" \/>\n<meta property=\"article:modified_time\" content=\"2025-09-10T16:54:08+00:00\" \/>\n<meta property=\"og:image\" content=\"https:\/\/www.erboristerie.com\/wp-content\/uploads\/2019\/01\/products-00008038.jpg\" \/>\n\t<meta property=\"og:image:width\" content=\"380\" \/>\n\t<meta property=\"og:image:height\" content=\"332\" \/>\n\t<meta property=\"og:image:type\" content=\"image\/jpeg\" \/>\n<meta name=\"twitter:card\" content=\"summary_large_image\" \/>\n<meta name=\"twitter:label1\" content=\"Tempo di lettura stimato\" \/>\n\t<meta name=\"twitter:data1\" content=\"2 minuti\" \/>\n<script type=\"application\/ld+json\" class=\"yoast-schema-graph\">{\"@context\":\"https:\/\/schema.org\",\"@graph\":[{\"@type\":\"WebPage\",\"@id\":\"https:\/\/www.erboristerie.com\/it\/prodotto\/meharees-bagnoschiuma-250ml\/\",\"url\":\"https:\/\/www.erboristerie.com\/it\/prodotto\/meharees-bagnoschiuma-250ml\/\",\"name\":\"Meharees Bagnoschiuma 250ml\",\"isPartOf\":{\"@id\":\"https:\/\/www.erboristerie.com\/it\/#website\"},\"primaryImageOfPage\":{\"@id\":\"https:\/\/www.erboristerie.com\/it\/prodotto\/meharees-bagnoschiuma-250ml\/#primaryimage\"},\"image\":{\"@id\":\"https:\/\/www.erboristerie.com\/it\/prodotto\/meharees-bagnoschiuma-250ml\/#primaryimage\"},\"thumbnailUrl\":\"https:\/\/www.erboristerie.com\/wp-content\/uploads\/2019\/01\/products-00008038.jpg\",\"datePublished\":\"2008-05-09T08:45:16+00:00\",\"dateModified\":\"2025-09-10T16:54:08+00:00\",\"description\":\"Detergente delicato, dalla morbida schiuma e dalla sontuosa fragranza di M\u00e9har\u00e9es.\",\"breadcrumb\":{\"@id\":\"https:\/\/www.erboristerie.com\/it\/prodotto\/meharees-bagnoschiuma-250ml\/#breadcrumb\"},\"inLanguage\":\"it-IT\",\"potentialAction\":[{\"@type\":\"ReadAction\",\"target\":[\"https:\/\/www.erboristerie.com\/it\/prodotto\/meharees-bagnoschiuma-250ml\/\"]}]},{\"@type\":\"ImageObject\",\"inLanguage\":\"it-IT\",\"@id\":\"https:\/\/www.erboristerie.com\/it\/prodotto\/meharees-bagnoschiuma-250ml\/#primaryimage\",\"url\":\"https:\/\/www.erboristerie.com\/wp-content\/uploads\/2019\/01\/products-00008038.jpg\",\"contentUrl\":\"https:\/\/www.erboristerie.com\/wp-content\/uploads\/2019\/01\/products-00008038.jpg\",\"width\":380,\"height\":332,\"caption\":\"Meharees Bagnoschiuma 250ml\"},{\"@type\":\"BreadcrumbList\",\"@id\":\"https:\/\/www.erboristerie.com\/it\/prodotto\/meharees-bagnoschiuma-250ml\/#breadcrumb\",\"itemListElement\":[{\"@type\":\"ListItem\",\"position\":1,\"name\":\"Home\",\"item\":\"https:\/\/www.erboristerie.com\/it\/\"},{\"@type\":\"ListItem\",\"position\":2,\"name\":\"Tutti i prodotti\",\"item\":\"https:\/\/www.erboristerie.com\/it\/tutti-i-prodotti\/\"},{\"@type\":\"ListItem\",\"position\":3,\"name\":\"Meharees Bagnoschiuma 250ml\"}]},{\"@type\":\"WebSite\",\"@id\":\"https:\/\/www.erboristerie.com\/it\/#website\",\"url\":\"https:\/\/www.erboristerie.com\/it\/\",\"name\":\"Erboristeria Demetra\",\"description\":\"La tua salute al naturale\",\"publisher\":{\"@id\":\"https:\/\/www.erboristerie.com\/it\/#organization\"},\"potentialAction\":[{\"@type\":\"SearchAction\",\"target\":{\"@type\":\"EntryPoint\",\"urlTemplate\":\"https:\/\/www.erboristerie.com\/it\/?s={search_term_string}\"},\"query-input\":{\"@type\":\"PropertyValueSpecification\",\"valueRequired\":true,\"valueName\":\"search_term_string\"}}],\"inLanguage\":\"it-IT\"},{\"@type\":\"Organization\",\"@id\":\"https:\/\/www.erboristerie.com\/it\/#organization\",\"name\":\"Erboristeria Demetra\",\"url\":\"https:\/\/www.erboristerie.com\/it\/\",\"logo\":{\"@type\":\"ImageObject\",\"inLanguage\":\"it-IT\",\"@id\":\"https:\/\/www.erboristerie.com\/it\/#\/schema\/logo\/image\/\",\"url\":\"https:\/\/www.erboristerie.com\/wp-content\/uploads\/2019\/11\/LOGO_ERBORISTERIA_DEMETRA_original.png?v=1611516981\",\"contentUrl\":\"https:\/\/www.erboristerie.com\/wp-content\/uploads\/2019\/11\/LOGO_ERBORISTERIA_DEMETRA_original.png?v=1611516981\",\"width\":201,\"height\":54,\"caption\":\"Erboristeria Demetra\"},\"image\":{\"@id\":\"https:\/\/www.erboristerie.com\/it\/#\/schema\/logo\/image\/\"},\"sameAs\":[\"https:\/\/www.facebook.com\/erboristeria.demetra.online\"]}]}<\/script>\n<!-- \/ Yoast SEO plugin. -->","yoast_head_json":{"title":"Meharees Bagnoschiuma 250ml","description":"Detergente delicato, dalla morbida schiuma e dalla sontuosa fragranza di M\u00e9har\u00e9es.","robots":{"index":"index","follow":"follow","max-snippet":"max-snippet:-1","max-image-preview":"max-image-preview:large","max-video-preview":"max-video-preview:-1"},"canonical":"https:\/\/www.erboristerie.com\/it\/prodotto\/meharees-bagnoschiuma-250ml\/","og_locale":"it_IT","og_type":"article","og_title":"Meharees Bagnoschiuma 250ml","og_description":"Detergente delicato, dalla morbida schiuma e dalla sontuosa fragranza di M\u00e9har\u00e9es.","og_url":"https:\/\/www.erboristerie.com\/it\/prodotto\/meharees-bagnoschiuma-250ml\/","og_site_name":"Erboristeria Demetra","article_publisher":"https:\/\/www.facebook.com\/erboristeria.demetra.online","article_modified_time":"2025-09-10T16:54:08+00:00","og_image":[{"width":380,"height":332,"url":"https:\/\/www.erboristerie.com\/wp-content\/uploads\/2019\/01\/products-00008038.jpg","type":"image\/jpeg"}],"twitter_card":"summary_large_image","twitter_misc":{"Tempo di lettura stimato":"2 minuti"},"schema":{"@context":"https:\/\/schema.org","@graph":[{"@type":"WebPage","@id":"https:\/\/www.erboristerie.com\/it\/prodotto\/meharees-bagnoschiuma-250ml\/","url":"https:\/\/www.erboristerie.com\/it\/prodotto\/meharees-bagnoschiuma-250ml\/","name":"Meharees Bagnoschiuma 250ml","isPartOf":{"@id":"https:\/\/www.erboristerie.com\/it\/#website"},"primaryImageOfPage":{"@id":"https:\/\/www.erboristerie.com\/it\/prodotto\/meharees-bagnoschiuma-250ml\/#primaryimage"},"image":{"@id":"https:\/\/www.erboristerie.com\/it\/prodotto\/meharees-bagnoschiuma-250ml\/#primaryimage"},"thumbnailUrl":"https:\/\/www.erboristerie.com\/wp-content\/uploads\/2019\/01\/products-00008038.jpg","datePublished":"2008-05-09T08:45:16+00:00","dateModified":"2025-09-10T16:54:08+00:00","description":"Detergente delicato, dalla morbida schiuma e dalla sontuosa fragranza di M\u00e9har\u00e9es.","breadcrumb":{"@id":"https:\/\/www.erboristerie.com\/it\/prodotto\/meharees-bagnoschiuma-250ml\/#breadcrumb"},"inLanguage":"it-IT","potentialAction":[{"@type":"ReadAction","target":["https:\/\/www.erboristerie.com\/it\/prodotto\/meharees-bagnoschiuma-250ml\/"]}]},{"@type":"ImageObject","inLanguage":"it-IT","@id":"https:\/\/www.erboristerie.com\/it\/prodotto\/meharees-bagnoschiuma-250ml\/#primaryimage","url":"https:\/\/www.erboristerie.com\/wp-content\/uploads\/2019\/01\/products-00008038.jpg","contentUrl":"https:\/\/www.erboristerie.com\/wp-content\/uploads\/2019\/01\/products-00008038.jpg","width":380,"height":332,"caption":"Meharees Bagnoschiuma 250ml"},{"@type":"BreadcrumbList","@id":"https:\/\/www.erboristerie.com\/it\/prodotto\/meharees-bagnoschiuma-250ml\/#breadcrumb","itemListElement":[{"@type":"ListItem","position":1,"name":"Home","item":"https:\/\/www.erboristerie.com\/it\/"},{"@type":"ListItem","position":2,"name":"Tutti i prodotti","item":"https:\/\/www.erboristerie.com\/it\/tutti-i-prodotti\/"},{"@type":"ListItem","position":3,"name":"Meharees Bagnoschiuma 250ml"}]},{"@type":"WebSite","@id":"https:\/\/www.erboristerie.com\/it\/#website","url":"https:\/\/www.erboristerie.com\/it\/","name":"Erboristeria Demetra","description":"La tua salute al naturale","publisher":{"@id":"https:\/\/www.erboristerie.com\/it\/#organization"},"potentialAction":[{"@type":"SearchAction","target":{"@type":"EntryPoint","urlTemplate":"https:\/\/www.erboristerie.com\/it\/?s={search_term_string}"},"query-input":{"@type":"PropertyValueSpecification","valueRequired":true,"valueName":"search_term_string"}}],"inLanguage":"it-IT"},{"@type":"Organization","@id":"https:\/\/www.erboristerie.com\/it\/#organization","name":"Erboristeria Demetra","url":"https:\/\/www.erboristerie.com\/it\/","logo":{"@type":"ImageObject","inLanguage":"it-IT","@id":"https:\/\/www.erboristerie.com\/it\/#\/schema\/logo\/image\/","url":"https:\/\/www.erboristerie.com\/wp-content\/uploads\/2019\/11\/LOGO_ERBORISTERIA_DEMETRA_original.png?v=1611516981","contentUrl":"https:\/\/www.erboristerie.com\/wp-content\/uploads\/2019\/11\/LOGO_ERBORISTERIA_DEMETRA_original.png?v=1611516981","width":201,"height":54,"caption":"Erboristeria Demetra"},"image":{"@id":"https:\/\/www.erboristerie.com\/it\/#\/schema\/logo\/image\/"},"sameAs":["https:\/\/www.facebook.com\/erboristeria.demetra.online"]}]}},"_links":{"self":[{"href":"https:\/\/www.erboristerie.com\/it\/wp-json\/wp\/v2\/product\/54214","targetHints":{"allow":["GET"]}}],"collection":[{"href":"https:\/\/www.erboristerie.com\/it\/wp-json\/wp\/v2\/product"}],"about":[{"href":"https:\/\/www.erboristerie.com\/it\/wp-json\/wp\/v2\/types\/product"}],"wp:featuredmedia":[{"embeddable":true,"href":"https:\/\/www.erboristerie.com\/it\/wp-json\/wp\/v2\/media\/54215"}],"wp:attachment":[{"href":"https:\/\/www.erboristerie.com\/it\/wp-json\/wp\/v2\/media?parent=54214"}],"wp:term":[{"taxonomy":"product_brand","embeddable":true,"href":"https:\/\/www.erboristerie.com\/it\/wp-json\/wp\/v2\/product_brand?post=54214"},{"taxonomy":"product_cat","embeddable":true,"href":"https:\/\/www.erboristerie.com\/it\/wp-json\/wp\/v2\/product_cat?post=54214"},{"taxonomy":"product_tag","embeddable":true,"href":"https:\/\/www.erboristerie.com\/it\/wp-json\/wp\/v2\/product_tag?post=54214"},{"taxonomy":"giftcard-category","embeddable":true,"href":"https:\/\/www.erboristerie.com\/it\/wp-json\/wp\/v2\/giftcard-category?post=54214"}],"curies":[{"name":"wp","href":"https:\/\/api.w.org\/{rel}","templated":true}]}}