{"id":53934,"date":"2007-11-20T17:24:35","date_gmt":"2007-11-20T17:24:35","guid":{"rendered":"http:\/\/www.erboristerie.com\/?post_type=product&#038;p=53934"},"modified":"2020-08-20T19:06:05","modified_gmt":"2020-08-20T17:06:05","slug":"cristallo-burattato-legno-fossile","status":"publish","type":"product","link":"https:\/\/www.erboristerie.com\/it\/prodotto\/cristallo-burattato-legno-fossile\/","title":{"rendered":"CRISTALLO BURATTATO LEGNO FOSSILE"},"content":{"rendered":"<p>LEGNO FOSSILE o SILICIZZATO<br \/>Gli Etruschi lo conoscevano e lo usavano per scopi rituali. Pu\u00f2 essere usato per far riaffiorare il ricordo delle vite precedenti. Risveglia il senso di unificazione alla natura e alla Terra. Dona un senso di &#038;#34adeguatezza&#038;#34, di stabilit\u00e0. Facilita la calma e la concentrazione. F\u00e0 vivere la vita con gioia infondendo letizia. Stimola il bisogno di una sana riflessione e tranquillit\u00e0. Sviluppa un buon contatto con la realt\u00e0. Facilita l&#038;#39adattamento ai cambiamenti. Pu\u00f2 essere di aiuto nelle crisi di et\u00e0 delle persone anziane. Ha una ottima funzione di messa a terra, scaricando appunto l&#038;#39energia in eccesso a terra, e quindi calma l&#038;#39agitazione. Aiuta a superare i periodi di lutto. Riequilibra i Chakra inferiori. Equilibra il metabolismo, calma il nervosismo, aiuta nell&#038;#39obesit\u00e0, contrasta l&#038;#39arteriosclerosi, regolarizza il funzionamento della milza.<br \/>Armonizza i Chakra inferiori (1\u00b0,2\u00b0,3\u00b0) ed in particolare il 1\u00b0.<br \/>Pietra del Leone.<\/p>\n","protected":false},"excerpt":{"rendered":"<p>LEGNO FOSSILE o SILICIZZATOGli Etruschi lo conoscevano e lo usavano per scopi rituali. Pu\u00f2 essere usato per far riaffiorare il ricordo delle vite precedenti. Risveglia il senso di unificazione alla natura e alla Terra. Dona un senso di &#038;#34adeguatezza&#038;#34, di stabilit\u00e0. Facilita la calma e&#8230;<\/p>\n","protected":false},"featured_media":53935,"template":"","meta":{"_acf_changed":false},"product_brand":[9611],"product_cat":[9731],"product_tag":[11980,11979,12162,12161],"giftcard-category":[],"class_list":{"0":"post-53934","1":"product","2":"type-product","3":"status-publish","4":"has-post-thumbnail","6":"product_brand-mineral-quartz","7":"product_cat-pietre-e-cristalli","8":"product_tag-burattato","9":"product_tag-cristallo","10":"product_tag-fossile","11":"product_tag-legno","13":"first","14":"instock","15":"taxable","16":"shipping-taxable","17":"purchasable","18":"product-type-simple"},"acf":[],"yoast_head":"<!-- This site is optimized with the Yoast SEO plugin v24.9 - https:\/\/yoast.com\/wordpress\/plugins\/seo\/ -->\n<title>CRISTALLO BURATTATO LEGNO FOSSILE<\/title>\n<meta name=\"robots\" content=\"index, follow, max-snippet:-1, max-image-preview:large, max-video-preview:-1\" \/>\n<link rel=\"canonical\" href=\"https:\/\/www.erboristerie.com\/it\/prodotto\/cristallo-burattato-legno-fossile\/\" \/>\n<meta property=\"og:locale\" content=\"it_IT\" \/>\n<meta property=\"og:type\" content=\"article\" \/>\n<meta property=\"og:title\" content=\"CRISTALLO BURATTATO LEGNO FOSSILE\" \/>\n<meta property=\"og:description\" content=\"LEGNO FOSSILE o SILICIZZATOGli Etruschi lo conoscevano e lo usavano per scopi rituali. Pu\u00f2 essere usato per far riaffiorare il ricordo delle vite precedenti. Risveglia il senso di unificazione alla natura e alla Terra. Dona un senso di &#038;#34adeguatezza&#038;#34, di stabilit\u00e0. Facilita la calma e...\" \/>\n<meta property=\"og:url\" content=\"https:\/\/www.erboristerie.com\/it\/prodotto\/cristallo-burattato-legno-fossile\/\" \/>\n<meta property=\"og:site_name\" content=\"Erboristeria Demetra\" \/>\n<meta property=\"article:publisher\" content=\"https:\/\/www.facebook.com\/erboristeria.demetra.online\" \/>\n<meta property=\"article:modified_time\" content=\"2020-08-20T17:06:05+00:00\" \/>\n<meta property=\"og:image\" content=\"https:\/\/www.erboristerie.com\/wp-content\/uploads\/2019\/01\/products-00002794.jpg\" \/>\n\t<meta property=\"og:image:width\" content=\"233\" \/>\n\t<meta property=\"og:image:height\" content=\"187\" \/>\n\t<meta property=\"og:image:type\" content=\"image\/jpeg\" \/>\n<meta name=\"twitter:card\" content=\"summary_large_image\" \/>\n<meta name=\"twitter:label1\" content=\"Tempo di lettura stimato\" \/>\n\t<meta name=\"twitter:data1\" content=\"1 minuto\" \/>\n<script type=\"application\/ld+json\" class=\"yoast-schema-graph\">{\"@context\":\"https:\/\/schema.org\",\"@graph\":[{\"@type\":\"WebPage\",\"@id\":\"https:\/\/www.erboristerie.com\/it\/prodotto\/cristallo-burattato-legno-fossile\/\",\"url\":\"https:\/\/www.erboristerie.com\/it\/prodotto\/cristallo-burattato-legno-fossile\/\",\"name\":\"CRISTALLO BURATTATO LEGNO FOSSILE\",\"isPartOf\":{\"@id\":\"https:\/\/www.erboristerie.com\/it\/#website\"},\"primaryImageOfPage\":{\"@id\":\"https:\/\/www.erboristerie.com\/it\/prodotto\/cristallo-burattato-legno-fossile\/#primaryimage\"},\"image\":{\"@id\":\"https:\/\/www.erboristerie.com\/it\/prodotto\/cristallo-burattato-legno-fossile\/#primaryimage\"},\"thumbnailUrl\":\"https:\/\/www.erboristerie.com\/wp-content\/uploads\/2019\/01\/products-00002794.jpg\",\"datePublished\":\"2007-11-20T17:24:35+00:00\",\"dateModified\":\"2020-08-20T17:06:05+00:00\",\"breadcrumb\":{\"@id\":\"https:\/\/www.erboristerie.com\/it\/prodotto\/cristallo-burattato-legno-fossile\/#breadcrumb\"},\"inLanguage\":\"it-IT\",\"potentialAction\":[{\"@type\":\"ReadAction\",\"target\":[\"https:\/\/www.erboristerie.com\/it\/prodotto\/cristallo-burattato-legno-fossile\/\"]}]},{\"@type\":\"ImageObject\",\"inLanguage\":\"it-IT\",\"@id\":\"https:\/\/www.erboristerie.com\/it\/prodotto\/cristallo-burattato-legno-fossile\/#primaryimage\",\"url\":\"https:\/\/www.erboristerie.com\/wp-content\/uploads\/2019\/01\/products-00002794.jpg\",\"contentUrl\":\"https:\/\/www.erboristerie.com\/wp-content\/uploads\/2019\/01\/products-00002794.jpg\",\"width\":233,\"height\":187,\"caption\":\"CRISTALLO BURATTATO LEGNO FOSSILE\"},{\"@type\":\"BreadcrumbList\",\"@id\":\"https:\/\/www.erboristerie.com\/it\/prodotto\/cristallo-burattato-legno-fossile\/#breadcrumb\",\"itemListElement\":[{\"@type\":\"ListItem\",\"position\":1,\"name\":\"Home\",\"item\":\"https:\/\/www.erboristerie.com\/it\/\"},{\"@type\":\"ListItem\",\"position\":2,\"name\":\"Tutti i prodotti\",\"item\":\"https:\/\/www.erboristerie.com\/it\/tutti-i-prodotti\/\"},{\"@type\":\"ListItem\",\"position\":3,\"name\":\"CRISTALLO BURATTATO LEGNO FOSSILE\"}]},{\"@type\":\"WebSite\",\"@id\":\"https:\/\/www.erboristerie.com\/it\/#website\",\"url\":\"https:\/\/www.erboristerie.com\/it\/\",\"name\":\"Erboristeria Demetra\",\"description\":\"La tua salute al naturale\",\"publisher\":{\"@id\":\"https:\/\/www.erboristerie.com\/it\/#organization\"},\"potentialAction\":[{\"@type\":\"SearchAction\",\"target\":{\"@type\":\"EntryPoint\",\"urlTemplate\":\"https:\/\/www.erboristerie.com\/it\/?s={search_term_string}\"},\"query-input\":{\"@type\":\"PropertyValueSpecification\",\"valueRequired\":true,\"valueName\":\"search_term_string\"}}],\"inLanguage\":\"it-IT\"},{\"@type\":\"Organization\",\"@id\":\"https:\/\/www.erboristerie.com\/it\/#organization\",\"name\":\"Erboristeria Demetra\",\"url\":\"https:\/\/www.erboristerie.com\/it\/\",\"logo\":{\"@type\":\"ImageObject\",\"inLanguage\":\"it-IT\",\"@id\":\"https:\/\/www.erboristerie.com\/it\/#\/schema\/logo\/image\/\",\"url\":\"https:\/\/www.erboristerie.com\/wp-content\/uploads\/2019\/11\/LOGO_ERBORISTERIA_DEMETRA_original.png?v=1611516981\",\"contentUrl\":\"https:\/\/www.erboristerie.com\/wp-content\/uploads\/2019\/11\/LOGO_ERBORISTERIA_DEMETRA_original.png?v=1611516981\",\"width\":201,\"height\":54,\"caption\":\"Erboristeria Demetra\"},\"image\":{\"@id\":\"https:\/\/www.erboristerie.com\/it\/#\/schema\/logo\/image\/\"},\"sameAs\":[\"https:\/\/www.facebook.com\/erboristeria.demetra.online\"]}]}<\/script>\n<!-- \/ Yoast SEO plugin. -->","yoast_head_json":{"title":"CRISTALLO BURATTATO LEGNO FOSSILE","robots":{"index":"index","follow":"follow","max-snippet":"max-snippet:-1","max-image-preview":"max-image-preview:large","max-video-preview":"max-video-preview:-1"},"canonical":"https:\/\/www.erboristerie.com\/it\/prodotto\/cristallo-burattato-legno-fossile\/","og_locale":"it_IT","og_type":"article","og_title":"CRISTALLO BURATTATO LEGNO FOSSILE","og_description":"LEGNO FOSSILE o SILICIZZATOGli Etruschi lo conoscevano e lo usavano per scopi rituali. Pu\u00f2 essere usato per far riaffiorare il ricordo delle vite precedenti. Risveglia il senso di unificazione alla natura e alla Terra. Dona un senso di &#038;#34adeguatezza&#038;#34, di stabilit\u00e0. Facilita la calma e...","og_url":"https:\/\/www.erboristerie.com\/it\/prodotto\/cristallo-burattato-legno-fossile\/","og_site_name":"Erboristeria Demetra","article_publisher":"https:\/\/www.facebook.com\/erboristeria.demetra.online","article_modified_time":"2020-08-20T17:06:05+00:00","og_image":[{"width":233,"height":187,"url":"https:\/\/www.erboristerie.com\/wp-content\/uploads\/2019\/01\/products-00002794.jpg","type":"image\/jpeg"}],"twitter_card":"summary_large_image","twitter_misc":{"Tempo di lettura stimato":"1 minuto"},"schema":{"@context":"https:\/\/schema.org","@graph":[{"@type":"WebPage","@id":"https:\/\/www.erboristerie.com\/it\/prodotto\/cristallo-burattato-legno-fossile\/","url":"https:\/\/www.erboristerie.com\/it\/prodotto\/cristallo-burattato-legno-fossile\/","name":"CRISTALLO BURATTATO LEGNO FOSSILE","isPartOf":{"@id":"https:\/\/www.erboristerie.com\/it\/#website"},"primaryImageOfPage":{"@id":"https:\/\/www.erboristerie.com\/it\/prodotto\/cristallo-burattato-legno-fossile\/#primaryimage"},"image":{"@id":"https:\/\/www.erboristerie.com\/it\/prodotto\/cristallo-burattato-legno-fossile\/#primaryimage"},"thumbnailUrl":"https:\/\/www.erboristerie.com\/wp-content\/uploads\/2019\/01\/products-00002794.jpg","datePublished":"2007-11-20T17:24:35+00:00","dateModified":"2020-08-20T17:06:05+00:00","breadcrumb":{"@id":"https:\/\/www.erboristerie.com\/it\/prodotto\/cristallo-burattato-legno-fossile\/#breadcrumb"},"inLanguage":"it-IT","potentialAction":[{"@type":"ReadAction","target":["https:\/\/www.erboristerie.com\/it\/prodotto\/cristallo-burattato-legno-fossile\/"]}]},{"@type":"ImageObject","inLanguage":"it-IT","@id":"https:\/\/www.erboristerie.com\/it\/prodotto\/cristallo-burattato-legno-fossile\/#primaryimage","url":"https:\/\/www.erboristerie.com\/wp-content\/uploads\/2019\/01\/products-00002794.jpg","contentUrl":"https:\/\/www.erboristerie.com\/wp-content\/uploads\/2019\/01\/products-00002794.jpg","width":233,"height":187,"caption":"CRISTALLO BURATTATO LEGNO FOSSILE"},{"@type":"BreadcrumbList","@id":"https:\/\/www.erboristerie.com\/it\/prodotto\/cristallo-burattato-legno-fossile\/#breadcrumb","itemListElement":[{"@type":"ListItem","position":1,"name":"Home","item":"https:\/\/www.erboristerie.com\/it\/"},{"@type":"ListItem","position":2,"name":"Tutti i prodotti","item":"https:\/\/www.erboristerie.com\/it\/tutti-i-prodotti\/"},{"@type":"ListItem","position":3,"name":"CRISTALLO BURATTATO LEGNO FOSSILE"}]},{"@type":"WebSite","@id":"https:\/\/www.erboristerie.com\/it\/#website","url":"https:\/\/www.erboristerie.com\/it\/","name":"Erboristeria Demetra","description":"La tua salute al naturale","publisher":{"@id":"https:\/\/www.erboristerie.com\/it\/#organization"},"potentialAction":[{"@type":"SearchAction","target":{"@type":"EntryPoint","urlTemplate":"https:\/\/www.erboristerie.com\/it\/?s={search_term_string}"},"query-input":{"@type":"PropertyValueSpecification","valueRequired":true,"valueName":"search_term_string"}}],"inLanguage":"it-IT"},{"@type":"Organization","@id":"https:\/\/www.erboristerie.com\/it\/#organization","name":"Erboristeria Demetra","url":"https:\/\/www.erboristerie.com\/it\/","logo":{"@type":"ImageObject","inLanguage":"it-IT","@id":"https:\/\/www.erboristerie.com\/it\/#\/schema\/logo\/image\/","url":"https:\/\/www.erboristerie.com\/wp-content\/uploads\/2019\/11\/LOGO_ERBORISTERIA_DEMETRA_original.png?v=1611516981","contentUrl":"https:\/\/www.erboristerie.com\/wp-content\/uploads\/2019\/11\/LOGO_ERBORISTERIA_DEMETRA_original.png?v=1611516981","width":201,"height":54,"caption":"Erboristeria Demetra"},"image":{"@id":"https:\/\/www.erboristerie.com\/it\/#\/schema\/logo\/image\/"},"sameAs":["https:\/\/www.facebook.com\/erboristeria.demetra.online"]}]}},"_links":{"self":[{"href":"https:\/\/www.erboristerie.com\/it\/wp-json\/wp\/v2\/product\/53934","targetHints":{"allow":["GET"]}}],"collection":[{"href":"https:\/\/www.erboristerie.com\/it\/wp-json\/wp\/v2\/product"}],"about":[{"href":"https:\/\/www.erboristerie.com\/it\/wp-json\/wp\/v2\/types\/product"}],"wp:featuredmedia":[{"embeddable":true,"href":"https:\/\/www.erboristerie.com\/it\/wp-json\/wp\/v2\/media\/53935"}],"wp:attachment":[{"href":"https:\/\/www.erboristerie.com\/it\/wp-json\/wp\/v2\/media?parent=53934"}],"wp:term":[{"taxonomy":"product_brand","embeddable":true,"href":"https:\/\/www.erboristerie.com\/it\/wp-json\/wp\/v2\/product_brand?post=53934"},{"taxonomy":"product_cat","embeddable":true,"href":"https:\/\/www.erboristerie.com\/it\/wp-json\/wp\/v2\/product_cat?post=53934"},{"taxonomy":"product_tag","embeddable":true,"href":"https:\/\/www.erboristerie.com\/it\/wp-json\/wp\/v2\/product_tag?post=53934"},{"taxonomy":"giftcard-category","embeddable":true,"href":"https:\/\/www.erboristerie.com\/it\/wp-json\/wp\/v2\/giftcard-category?post=53934"}],"curies":[{"name":"wp","href":"https:\/\/api.w.org\/{rel}","templated":true}]}}