{"id":53926,"date":"2007-10-30T16:29:26","date_gmt":"2007-10-30T16:29:26","guid":{"rendered":"http:\/\/www.erboristerie.com\/?post_type=product&#038;p=53926"},"modified":"2020-08-20T19:06:06","modified_gmt":"2020-08-20T17:06:06","slug":"cristallo-burattato-ambra","status":"publish","type":"product","link":"https:\/\/www.erboristerie.com\/it\/prodotto\/cristallo-burattato-ambra\/","title":{"rendered":"CRISTALLO BURATTATO AMBRA"},"content":{"rendered":"<p>AMBRA <br \/>Classe minerale: sostanze organiche. <br \/>Composizione chimica: \u00c8 formata dal 78% di Carbonio (C), dall\u201911% di Ossigeno (O), dal 10% di Idrogeno (H) e dall\u20191% di Zolfo (S). La formula semplificata \u00e8 la seguente: C1OH16O+S. <br \/>Sistema cristallino: amorfo<br \/>Processo litogenetico: secndario<br \/>Colore: varia dal rosso cupo al bruno scuro, dall\u2019arancione al giallo chiarissimo. L\u2019inclusione di particolari sostanze organiche pu\u00f2 rendere l\u2019Ambra verde o nera <br \/>L\u2019anima della tigre rafforza la fiducia in se stessi <br \/>L\u2019Ambra non \u00e8 una pietra bens\u00ec una resina fossile, proveniente da conifere esistenti nell\u2019Oligocene, che ha subito un processo di invecchiamento ed una graduale mineralizzazione. <br \/>Gli antichi cinesi credevano che le anime delle tigri si trasferissero in essa dopo la morte terrena. Era sacra nei tempi classici agli adoratori della Dea Madre, perch\u00e9 si riteneva contenesse il principio della vita e della fecondit\u00e0. \u00c8 stata la prima pietra preziosa della storia: da oltre 7000 anni viene usata come pietra terapeutica o come amuleto. <br \/>L\u2019Ambra \u00e8 una pietra calda al tatto che, a differenza delle altre, assorbe energia invece di trasmetterla. Per questo ha un importante azione di purificazione e protezione dalle energie negative. Di conseguenza, \u00e8 importante pulirla frequentemente per evitare che trasmetta le energie che ha assorbito. \u00c8 bene indossarla quando si lavora a contatto con il pubblico, o comunque in ambienti affollati. <br \/>In cristalloterapia viene utilizzata in caso di infiammazioni o dolori. La vecchia saggezza popolare dice che l\u2019Ambra tiene lontano la negativit\u00e0 e assorbe la malattia. Molto utile per i dolori della dentizione nei bambini, si possono trovare collanine adatte a questo uso anche in erboristeria.<br \/>L\u2019Ambra lavora sull\u2019armonizzazione del 3\u00b0 chakra, facilita quindi l\u2019ingresso dell\u2019energia al suo interno, promuove la natura solare di chi la indossa aumentando la fiducia in se stessi e la creativit\u00e0. \u00c8 quindi consigliata per persone che tendono a deprimersi e a farsi influenzare dagli altri. Poich\u00e9 questo chakra \u00e8 collegato con gli organi digestivi, l\u2019Ambra aiuta anche il buon funzionamento dello stomaco e della milza. <br \/>\u00c8 importante pulire l\u2019Ambra frequentemente, per evitare che trasmetta le energie assorbite, ed \u00e8 bene non usare il metodo del sale, che potrebbe renderla opaca. Si ricarica alla luce del sole.<\/p>\n","protected":false},"excerpt":{"rendered":"<p>AMBRA Classe minerale: sostanze organiche. Composizione chimica: \u00c8 formata dal 78% di Carbonio (C), dall\u201911% di Ossigeno (O), dal 10% di Idrogeno (H) e dall\u20191% di Zolfo (S). La formula semplificata \u00e8 la seguente: C1OH16O+S. Sistema cristallino: amorfoProcesso litogenetico: secndarioColore: varia dal rosso cupo al&#8230;<\/p>\n","protected":false},"featured_media":53927,"template":"","meta":{"_acf_changed":false},"product_brand":[9611],"product_cat":[9731],"product_tag":[12137,11980,11979],"giftcard-category":[],"class_list":{"0":"post-53926","1":"product","2":"type-product","3":"status-publish","4":"has-post-thumbnail","6":"product_brand-mineral-quartz","7":"product_cat-pietre-e-cristalli","8":"product_tag-ambra","9":"product_tag-burattato","10":"product_tag-cristallo","12":"first","13":"instock","14":"taxable","15":"shipping-taxable","16":"purchasable","17":"product-type-simple"},"acf":[],"yoast_head":"<!-- This site is optimized with the Yoast SEO plugin v24.9 - https:\/\/yoast.com\/wordpress\/plugins\/seo\/ -->\n<title>CRISTALLO BURATTATO AMBRA<\/title>\n<meta name=\"robots\" content=\"index, follow, max-snippet:-1, max-image-preview:large, max-video-preview:-1\" \/>\n<link rel=\"canonical\" href=\"https:\/\/www.erboristerie.com\/it\/prodotto\/cristallo-burattato-ambra\/\" \/>\n<meta property=\"og:locale\" content=\"it_IT\" \/>\n<meta property=\"og:type\" content=\"article\" \/>\n<meta property=\"og:title\" content=\"CRISTALLO BURATTATO AMBRA\" \/>\n<meta property=\"og:description\" content=\"AMBRA Classe minerale: sostanze organiche. Composizione chimica: \u00c8 formata dal 78% di Carbonio (C), dall\u201911% di Ossigeno (O), dal 10% di Idrogeno (H) e dall\u20191% di Zolfo (S). La formula semplificata \u00e8 la seguente: C1OH16O+S. Sistema cristallino: amorfoProcesso litogenetico: secndarioColore: varia dal rosso cupo al...\" \/>\n<meta property=\"og:url\" content=\"https:\/\/www.erboristerie.com\/it\/prodotto\/cristallo-burattato-ambra\/\" \/>\n<meta property=\"og:site_name\" content=\"Erboristeria Demetra\" \/>\n<meta property=\"article:publisher\" content=\"https:\/\/www.facebook.com\/erboristeria.demetra.online\" \/>\n<meta property=\"article:modified_time\" content=\"2020-08-20T17:06:06+00:00\" \/>\n<meta property=\"og:image\" content=\"https:\/\/www.erboristerie.com\/wp-content\/uploads\/2019\/01\/products-00002790.jpg\" \/>\n\t<meta property=\"og:image:width\" content=\"343\" \/>\n\t<meta property=\"og:image:height\" content=\"310\" \/>\n\t<meta property=\"og:image:type\" content=\"image\/jpeg\" \/>\n<meta name=\"twitter:card\" content=\"summary_large_image\" \/>\n<meta name=\"twitter:label1\" content=\"Tempo di lettura stimato\" \/>\n\t<meta name=\"twitter:data1\" content=\"2 minuti\" \/>\n<script type=\"application\/ld+json\" class=\"yoast-schema-graph\">{\"@context\":\"https:\/\/schema.org\",\"@graph\":[{\"@type\":\"WebPage\",\"@id\":\"https:\/\/www.erboristerie.com\/it\/prodotto\/cristallo-burattato-ambra\/\",\"url\":\"https:\/\/www.erboristerie.com\/it\/prodotto\/cristallo-burattato-ambra\/\",\"name\":\"CRISTALLO BURATTATO AMBRA\",\"isPartOf\":{\"@id\":\"https:\/\/www.erboristerie.com\/it\/#website\"},\"primaryImageOfPage\":{\"@id\":\"https:\/\/www.erboristerie.com\/it\/prodotto\/cristallo-burattato-ambra\/#primaryimage\"},\"image\":{\"@id\":\"https:\/\/www.erboristerie.com\/it\/prodotto\/cristallo-burattato-ambra\/#primaryimage\"},\"thumbnailUrl\":\"https:\/\/www.erboristerie.com\/wp-content\/uploads\/2019\/01\/products-00002790.jpg\",\"datePublished\":\"2007-10-30T16:29:26+00:00\",\"dateModified\":\"2020-08-20T17:06:06+00:00\",\"breadcrumb\":{\"@id\":\"https:\/\/www.erboristerie.com\/it\/prodotto\/cristallo-burattato-ambra\/#breadcrumb\"},\"inLanguage\":\"it-IT\",\"potentialAction\":[{\"@type\":\"ReadAction\",\"target\":[\"https:\/\/www.erboristerie.com\/it\/prodotto\/cristallo-burattato-ambra\/\"]}]},{\"@type\":\"ImageObject\",\"inLanguage\":\"it-IT\",\"@id\":\"https:\/\/www.erboristerie.com\/it\/prodotto\/cristallo-burattato-ambra\/#primaryimage\",\"url\":\"https:\/\/www.erboristerie.com\/wp-content\/uploads\/2019\/01\/products-00002790.jpg\",\"contentUrl\":\"https:\/\/www.erboristerie.com\/wp-content\/uploads\/2019\/01\/products-00002790.jpg\",\"width\":343,\"height\":310,\"caption\":\"CRISTALLO BURATTATO AMBRA\"},{\"@type\":\"BreadcrumbList\",\"@id\":\"https:\/\/www.erboristerie.com\/it\/prodotto\/cristallo-burattato-ambra\/#breadcrumb\",\"itemListElement\":[{\"@type\":\"ListItem\",\"position\":1,\"name\":\"Home\",\"item\":\"https:\/\/www.erboristerie.com\/it\/\"},{\"@type\":\"ListItem\",\"position\":2,\"name\":\"Tutti i prodotti\",\"item\":\"https:\/\/www.erboristerie.com\/it\/tutti-i-prodotti\/\"},{\"@type\":\"ListItem\",\"position\":3,\"name\":\"CRISTALLO BURATTATO AMBRA\"}]},{\"@type\":\"WebSite\",\"@id\":\"https:\/\/www.erboristerie.com\/it\/#website\",\"url\":\"https:\/\/www.erboristerie.com\/it\/\",\"name\":\"Erboristeria Demetra\",\"description\":\"La tua salute al naturale\",\"publisher\":{\"@id\":\"https:\/\/www.erboristerie.com\/it\/#organization\"},\"potentialAction\":[{\"@type\":\"SearchAction\",\"target\":{\"@type\":\"EntryPoint\",\"urlTemplate\":\"https:\/\/www.erboristerie.com\/it\/?s={search_term_string}\"},\"query-input\":{\"@type\":\"PropertyValueSpecification\",\"valueRequired\":true,\"valueName\":\"search_term_string\"}}],\"inLanguage\":\"it-IT\"},{\"@type\":\"Organization\",\"@id\":\"https:\/\/www.erboristerie.com\/it\/#organization\",\"name\":\"Erboristeria Demetra\",\"url\":\"https:\/\/www.erboristerie.com\/it\/\",\"logo\":{\"@type\":\"ImageObject\",\"inLanguage\":\"it-IT\",\"@id\":\"https:\/\/www.erboristerie.com\/it\/#\/schema\/logo\/image\/\",\"url\":\"https:\/\/www.erboristerie.com\/wp-content\/uploads\/2019\/11\/LOGO_ERBORISTERIA_DEMETRA_original.png?v=1611516981\",\"contentUrl\":\"https:\/\/www.erboristerie.com\/wp-content\/uploads\/2019\/11\/LOGO_ERBORISTERIA_DEMETRA_original.png?v=1611516981\",\"width\":201,\"height\":54,\"caption\":\"Erboristeria Demetra\"},\"image\":{\"@id\":\"https:\/\/www.erboristerie.com\/it\/#\/schema\/logo\/image\/\"},\"sameAs\":[\"https:\/\/www.facebook.com\/erboristeria.demetra.online\"]}]}<\/script>\n<!-- \/ Yoast SEO plugin. -->","yoast_head_json":{"title":"CRISTALLO BURATTATO AMBRA","robots":{"index":"index","follow":"follow","max-snippet":"max-snippet:-1","max-image-preview":"max-image-preview:large","max-video-preview":"max-video-preview:-1"},"canonical":"https:\/\/www.erboristerie.com\/it\/prodotto\/cristallo-burattato-ambra\/","og_locale":"it_IT","og_type":"article","og_title":"CRISTALLO BURATTATO AMBRA","og_description":"AMBRA Classe minerale: sostanze organiche. Composizione chimica: \u00c8 formata dal 78% di Carbonio (C), dall\u201911% di Ossigeno (O), dal 10% di Idrogeno (H) e dall\u20191% di Zolfo (S). La formula semplificata \u00e8 la seguente: C1OH16O+S. Sistema cristallino: amorfoProcesso litogenetico: secndarioColore: varia dal rosso cupo al...","og_url":"https:\/\/www.erboristerie.com\/it\/prodotto\/cristallo-burattato-ambra\/","og_site_name":"Erboristeria Demetra","article_publisher":"https:\/\/www.facebook.com\/erboristeria.demetra.online","article_modified_time":"2020-08-20T17:06:06+00:00","og_image":[{"width":343,"height":310,"url":"https:\/\/www.erboristerie.com\/wp-content\/uploads\/2019\/01\/products-00002790.jpg","type":"image\/jpeg"}],"twitter_card":"summary_large_image","twitter_misc":{"Tempo di lettura stimato":"2 minuti"},"schema":{"@context":"https:\/\/schema.org","@graph":[{"@type":"WebPage","@id":"https:\/\/www.erboristerie.com\/it\/prodotto\/cristallo-burattato-ambra\/","url":"https:\/\/www.erboristerie.com\/it\/prodotto\/cristallo-burattato-ambra\/","name":"CRISTALLO BURATTATO AMBRA","isPartOf":{"@id":"https:\/\/www.erboristerie.com\/it\/#website"},"primaryImageOfPage":{"@id":"https:\/\/www.erboristerie.com\/it\/prodotto\/cristallo-burattato-ambra\/#primaryimage"},"image":{"@id":"https:\/\/www.erboristerie.com\/it\/prodotto\/cristallo-burattato-ambra\/#primaryimage"},"thumbnailUrl":"https:\/\/www.erboristerie.com\/wp-content\/uploads\/2019\/01\/products-00002790.jpg","datePublished":"2007-10-30T16:29:26+00:00","dateModified":"2020-08-20T17:06:06+00:00","breadcrumb":{"@id":"https:\/\/www.erboristerie.com\/it\/prodotto\/cristallo-burattato-ambra\/#breadcrumb"},"inLanguage":"it-IT","potentialAction":[{"@type":"ReadAction","target":["https:\/\/www.erboristerie.com\/it\/prodotto\/cristallo-burattato-ambra\/"]}]},{"@type":"ImageObject","inLanguage":"it-IT","@id":"https:\/\/www.erboristerie.com\/it\/prodotto\/cristallo-burattato-ambra\/#primaryimage","url":"https:\/\/www.erboristerie.com\/wp-content\/uploads\/2019\/01\/products-00002790.jpg","contentUrl":"https:\/\/www.erboristerie.com\/wp-content\/uploads\/2019\/01\/products-00002790.jpg","width":343,"height":310,"caption":"CRISTALLO BURATTATO AMBRA"},{"@type":"BreadcrumbList","@id":"https:\/\/www.erboristerie.com\/it\/prodotto\/cristallo-burattato-ambra\/#breadcrumb","itemListElement":[{"@type":"ListItem","position":1,"name":"Home","item":"https:\/\/www.erboristerie.com\/it\/"},{"@type":"ListItem","position":2,"name":"Tutti i prodotti","item":"https:\/\/www.erboristerie.com\/it\/tutti-i-prodotti\/"},{"@type":"ListItem","position":3,"name":"CRISTALLO BURATTATO AMBRA"}]},{"@type":"WebSite","@id":"https:\/\/www.erboristerie.com\/it\/#website","url":"https:\/\/www.erboristerie.com\/it\/","name":"Erboristeria Demetra","description":"La tua salute al naturale","publisher":{"@id":"https:\/\/www.erboristerie.com\/it\/#organization"},"potentialAction":[{"@type":"SearchAction","target":{"@type":"EntryPoint","urlTemplate":"https:\/\/www.erboristerie.com\/it\/?s={search_term_string}"},"query-input":{"@type":"PropertyValueSpecification","valueRequired":true,"valueName":"search_term_string"}}],"inLanguage":"it-IT"},{"@type":"Organization","@id":"https:\/\/www.erboristerie.com\/it\/#organization","name":"Erboristeria Demetra","url":"https:\/\/www.erboristerie.com\/it\/","logo":{"@type":"ImageObject","inLanguage":"it-IT","@id":"https:\/\/www.erboristerie.com\/it\/#\/schema\/logo\/image\/","url":"https:\/\/www.erboristerie.com\/wp-content\/uploads\/2019\/11\/LOGO_ERBORISTERIA_DEMETRA_original.png?v=1611516981","contentUrl":"https:\/\/www.erboristerie.com\/wp-content\/uploads\/2019\/11\/LOGO_ERBORISTERIA_DEMETRA_original.png?v=1611516981","width":201,"height":54,"caption":"Erboristeria Demetra"},"image":{"@id":"https:\/\/www.erboristerie.com\/it\/#\/schema\/logo\/image\/"},"sameAs":["https:\/\/www.facebook.com\/erboristeria.demetra.online"]}]}},"_links":{"self":[{"href":"https:\/\/www.erboristerie.com\/it\/wp-json\/wp\/v2\/product\/53926","targetHints":{"allow":["GET"]}}],"collection":[{"href":"https:\/\/www.erboristerie.com\/it\/wp-json\/wp\/v2\/product"}],"about":[{"href":"https:\/\/www.erboristerie.com\/it\/wp-json\/wp\/v2\/types\/product"}],"wp:featuredmedia":[{"embeddable":true,"href":"https:\/\/www.erboristerie.com\/it\/wp-json\/wp\/v2\/media\/53927"}],"wp:attachment":[{"href":"https:\/\/www.erboristerie.com\/it\/wp-json\/wp\/v2\/media?parent=53926"}],"wp:term":[{"taxonomy":"product_brand","embeddable":true,"href":"https:\/\/www.erboristerie.com\/it\/wp-json\/wp\/v2\/product_brand?post=53926"},{"taxonomy":"product_cat","embeddable":true,"href":"https:\/\/www.erboristerie.com\/it\/wp-json\/wp\/v2\/product_cat?post=53926"},{"taxonomy":"product_tag","embeddable":true,"href":"https:\/\/www.erboristerie.com\/it\/wp-json\/wp\/v2\/product_tag?post=53926"},{"taxonomy":"giftcard-category","embeddable":true,"href":"https:\/\/www.erboristerie.com\/it\/wp-json\/wp\/v2\/giftcard-category?post=53926"}],"curies":[{"name":"wp","href":"https:\/\/api.w.org\/{rel}","templated":true}]}}