{"id":53454,"date":"2007-10-30T16:29:19","date_gmt":"2007-10-30T16:29:19","guid":{"rendered":"http:\/\/www.erboristerie.com\/?post_type=product&#038;p=53454"},"modified":"2020-08-20T19:06:07","modified_gmt":"2020-08-20T17:06:07","slug":"cristallo-burattato-magnesite-arancio","status":"publish","type":"product","link":"https:\/\/www.erboristerie.com\/it\/prodotto\/cristallo-burattato-magnesite-arancio\/","title":{"rendered":"CRISTALLO BURATTATO MAGNESITE ARANCIO"},"content":{"rendered":"<p>LA MAGNESITE CI AIUTA A TENERCI IN FORMA <\/p>\n<p>La magnesite \u00e8 un minerale che si presenta in agglomerati di cristalli incolori, che possono ricordare quelli del comune sale marino grezzo, o bianchi, grigio-giallastri o bruni.<br \/>Ad alto contenuto di magnesio, questa pietra sosterr\u00e0 sial il 2\u00b0 che il 3\u00b0 chacra, sollecitando, per vibrazione, tutti gli aspetti del legame magnesio-calcio esistenti nell&#038;#39organismo umano.<br \/>La magnesite dona grande senso di libert\u00e0 ed aiuta lo sviluppo delle idee pi\u00f9 dinamiche. \u00c8 utile per il suo effetto antiacido e lassativo, per riequilibrare il tasso di colesterolo nel sangue e come agente per limitare la crescita dei calcoli renali (per espellere la &#038;#34renella&#038;#34 renale va incollata con un cerotto sulla pancia all&#038;#39altezza dei reni). \u00c8 di ottimo ausilio per chi ha problemi di peso e si accinge ad intraprendere una dieta dimagrante (\u00e8 anche un ottimo diuretico), cura tutti i disturbi gastrici (ernia iatale, crampi allo stomaco, gastriti, ecc.) e dell&#038;#39intestino (diarrea, colon irritabile, flatulenza, stitichezza, ecc.); interviene sui disturbi della bile e contro la formazione dei calcoli biliari. Posta tre dita sopra la ghiandola del timo curer\u00e0 l&#038;#39osteoporosi e fisser\u00e0 il calcio nelle ossa.<br \/>Si consiglia alle donne come alleato per la purificazione della zona addominale (compresa quella genitale: utero e ovaie).<br \/>La carenza di magnesio provoca nervosismo ed irritabilit\u00e0 e, nei casi estremi, come l&#038;#39alcolismo cronico, genera delirium tremens ed allucinazioni: in questi casi \u00e8 utile ricorrere all&#038;#39aiuto di una pietra di magnesite, ponendola sul 3\u00b0 chacra. Si consiglia anche a coloro che soffrono di insonnia, quando questa \u00e8 provocata da uno stato di intossicazione generale, o da difficolt\u00e0 digestive.<\/p>\n","protected":false},"excerpt":{"rendered":"<p>LA MAGNESITE CI AIUTA A TENERCI IN FORMA La magnesite \u00e8 un minerale che si presenta in agglomerati di cristalli incolori, che possono ricordare quelli del comune sale marino grezzo, o bianchi, grigio-giallastri o bruni.Ad alto contenuto di magnesio, questa pietra sosterr\u00e0 sial il 2\u00b0&#8230;<\/p>\n","protected":false},"featured_media":53455,"template":"","meta":{"_acf_changed":false},"product_brand":[9611],"product_cat":[9731],"product_tag":[11184,11980,11979,12001],"giftcard-category":[],"class_list":{"0":"post-53454","1":"product","2":"type-product","3":"status-publish","4":"has-post-thumbnail","6":"product_brand-mineral-quartz","7":"product_cat-pietre-e-cristalli","8":"product_tag-arancio","9":"product_tag-burattato","10":"product_tag-cristallo","11":"product_tag-magnesite","13":"first","14":"instock","15":"taxable","16":"shipping-taxable","17":"purchasable","18":"product-type-simple"},"acf":[],"yoast_head":"<!-- This site is optimized with the Yoast SEO plugin v24.9 - https:\/\/yoast.com\/wordpress\/plugins\/seo\/ -->\n<title>CRISTALLO BURATTATO MAGNESITE ARANCIO<\/title>\n<meta name=\"robots\" content=\"index, follow, max-snippet:-1, max-image-preview:large, max-video-preview:-1\" \/>\n<link rel=\"canonical\" href=\"https:\/\/www.erboristerie.com\/it\/prodotto\/cristallo-burattato-magnesite-arancio\/\" \/>\n<meta property=\"og:locale\" content=\"it_IT\" \/>\n<meta property=\"og:type\" content=\"article\" \/>\n<meta property=\"og:title\" content=\"CRISTALLO BURATTATO MAGNESITE ARANCIO\" \/>\n<meta property=\"og:description\" content=\"LA MAGNESITE CI AIUTA A TENERCI IN FORMA La magnesite \u00e8 un minerale che si presenta in agglomerati di cristalli incolori, che possono ricordare quelli del comune sale marino grezzo, o bianchi, grigio-giallastri o bruni.Ad alto contenuto di magnesio, questa pietra sosterr\u00e0 sial il 2\u00b0...\" \/>\n<meta property=\"og:url\" content=\"https:\/\/www.erboristerie.com\/it\/prodotto\/cristallo-burattato-magnesite-arancio\/\" \/>\n<meta property=\"og:site_name\" content=\"Erboristeria Demetra\" \/>\n<meta property=\"article:publisher\" content=\"https:\/\/www.facebook.com\/erboristeria.demetra.online\" \/>\n<meta property=\"article:modified_time\" content=\"2020-08-20T17:06:07+00:00\" \/>\n<meta property=\"og:image\" content=\"https:\/\/www.erboristerie.com\/wp-content\/uploads\/2019\/01\/products-00002582.jpg\" \/>\n\t<meta property=\"og:image:width\" content=\"345\" \/>\n\t<meta property=\"og:image:height\" content=\"317\" \/>\n\t<meta property=\"og:image:type\" content=\"image\/jpeg\" \/>\n<meta name=\"twitter:card\" content=\"summary_large_image\" \/>\n<meta name=\"twitter:label1\" content=\"Tempo di lettura stimato\" \/>\n\t<meta name=\"twitter:data1\" content=\"1 minuto\" \/>\n<script type=\"application\/ld+json\" class=\"yoast-schema-graph\">{\"@context\":\"https:\/\/schema.org\",\"@graph\":[{\"@type\":\"WebPage\",\"@id\":\"https:\/\/www.erboristerie.com\/it\/prodotto\/cristallo-burattato-magnesite-arancio\/\",\"url\":\"https:\/\/www.erboristerie.com\/it\/prodotto\/cristallo-burattato-magnesite-arancio\/\",\"name\":\"CRISTALLO BURATTATO MAGNESITE ARANCIO\",\"isPartOf\":{\"@id\":\"https:\/\/www.erboristerie.com\/it\/#website\"},\"primaryImageOfPage\":{\"@id\":\"https:\/\/www.erboristerie.com\/it\/prodotto\/cristallo-burattato-magnesite-arancio\/#primaryimage\"},\"image\":{\"@id\":\"https:\/\/www.erboristerie.com\/it\/prodotto\/cristallo-burattato-magnesite-arancio\/#primaryimage\"},\"thumbnailUrl\":\"https:\/\/www.erboristerie.com\/wp-content\/uploads\/2019\/01\/products-00002582.jpg\",\"datePublished\":\"2007-10-30T16:29:19+00:00\",\"dateModified\":\"2020-08-20T17:06:07+00:00\",\"breadcrumb\":{\"@id\":\"https:\/\/www.erboristerie.com\/it\/prodotto\/cristallo-burattato-magnesite-arancio\/#breadcrumb\"},\"inLanguage\":\"it-IT\",\"potentialAction\":[{\"@type\":\"ReadAction\",\"target\":[\"https:\/\/www.erboristerie.com\/it\/prodotto\/cristallo-burattato-magnesite-arancio\/\"]}]},{\"@type\":\"ImageObject\",\"inLanguage\":\"it-IT\",\"@id\":\"https:\/\/www.erboristerie.com\/it\/prodotto\/cristallo-burattato-magnesite-arancio\/#primaryimage\",\"url\":\"https:\/\/www.erboristerie.com\/wp-content\/uploads\/2019\/01\/products-00002582.jpg\",\"contentUrl\":\"https:\/\/www.erboristerie.com\/wp-content\/uploads\/2019\/01\/products-00002582.jpg\",\"width\":345,\"height\":317,\"caption\":\"CRISTALLO BURATTATO MAGNESITE ARANCIO\"},{\"@type\":\"BreadcrumbList\",\"@id\":\"https:\/\/www.erboristerie.com\/it\/prodotto\/cristallo-burattato-magnesite-arancio\/#breadcrumb\",\"itemListElement\":[{\"@type\":\"ListItem\",\"position\":1,\"name\":\"Home\",\"item\":\"https:\/\/www.erboristerie.com\/it\/\"},{\"@type\":\"ListItem\",\"position\":2,\"name\":\"Tutti i prodotti\",\"item\":\"https:\/\/www.erboristerie.com\/it\/tutti-i-prodotti\/\"},{\"@type\":\"ListItem\",\"position\":3,\"name\":\"CRISTALLO BURATTATO MAGNESITE ARANCIO\"}]},{\"@type\":\"WebSite\",\"@id\":\"https:\/\/www.erboristerie.com\/it\/#website\",\"url\":\"https:\/\/www.erboristerie.com\/it\/\",\"name\":\"Erboristeria Demetra\",\"description\":\"La tua salute al naturale\",\"publisher\":{\"@id\":\"https:\/\/www.erboristerie.com\/it\/#organization\"},\"potentialAction\":[{\"@type\":\"SearchAction\",\"target\":{\"@type\":\"EntryPoint\",\"urlTemplate\":\"https:\/\/www.erboristerie.com\/it\/?s={search_term_string}\"},\"query-input\":{\"@type\":\"PropertyValueSpecification\",\"valueRequired\":true,\"valueName\":\"search_term_string\"}}],\"inLanguage\":\"it-IT\"},{\"@type\":\"Organization\",\"@id\":\"https:\/\/www.erboristerie.com\/it\/#organization\",\"name\":\"Erboristeria Demetra\",\"url\":\"https:\/\/www.erboristerie.com\/it\/\",\"logo\":{\"@type\":\"ImageObject\",\"inLanguage\":\"it-IT\",\"@id\":\"https:\/\/www.erboristerie.com\/it\/#\/schema\/logo\/image\/\",\"url\":\"https:\/\/www.erboristerie.com\/wp-content\/uploads\/2019\/11\/LOGO_ERBORISTERIA_DEMETRA_original.png?v=1611516981\",\"contentUrl\":\"https:\/\/www.erboristerie.com\/wp-content\/uploads\/2019\/11\/LOGO_ERBORISTERIA_DEMETRA_original.png?v=1611516981\",\"width\":201,\"height\":54,\"caption\":\"Erboristeria Demetra\"},\"image\":{\"@id\":\"https:\/\/www.erboristerie.com\/it\/#\/schema\/logo\/image\/\"},\"sameAs\":[\"https:\/\/www.facebook.com\/erboristeria.demetra.online\"]}]}<\/script>\n<!-- \/ Yoast SEO plugin. -->","yoast_head_json":{"title":"CRISTALLO BURATTATO MAGNESITE ARANCIO","robots":{"index":"index","follow":"follow","max-snippet":"max-snippet:-1","max-image-preview":"max-image-preview:large","max-video-preview":"max-video-preview:-1"},"canonical":"https:\/\/www.erboristerie.com\/it\/prodotto\/cristallo-burattato-magnesite-arancio\/","og_locale":"it_IT","og_type":"article","og_title":"CRISTALLO BURATTATO MAGNESITE ARANCIO","og_description":"LA MAGNESITE CI AIUTA A TENERCI IN FORMA La magnesite \u00e8 un minerale che si presenta in agglomerati di cristalli incolori, che possono ricordare quelli del comune sale marino grezzo, o bianchi, grigio-giallastri o bruni.Ad alto contenuto di magnesio, questa pietra sosterr\u00e0 sial il 2\u00b0...","og_url":"https:\/\/www.erboristerie.com\/it\/prodotto\/cristallo-burattato-magnesite-arancio\/","og_site_name":"Erboristeria Demetra","article_publisher":"https:\/\/www.facebook.com\/erboristeria.demetra.online","article_modified_time":"2020-08-20T17:06:07+00:00","og_image":[{"width":345,"height":317,"url":"https:\/\/www.erboristerie.com\/wp-content\/uploads\/2019\/01\/products-00002582.jpg","type":"image\/jpeg"}],"twitter_card":"summary_large_image","twitter_misc":{"Tempo di lettura stimato":"1 minuto"},"schema":{"@context":"https:\/\/schema.org","@graph":[{"@type":"WebPage","@id":"https:\/\/www.erboristerie.com\/it\/prodotto\/cristallo-burattato-magnesite-arancio\/","url":"https:\/\/www.erboristerie.com\/it\/prodotto\/cristallo-burattato-magnesite-arancio\/","name":"CRISTALLO BURATTATO MAGNESITE ARANCIO","isPartOf":{"@id":"https:\/\/www.erboristerie.com\/it\/#website"},"primaryImageOfPage":{"@id":"https:\/\/www.erboristerie.com\/it\/prodotto\/cristallo-burattato-magnesite-arancio\/#primaryimage"},"image":{"@id":"https:\/\/www.erboristerie.com\/it\/prodotto\/cristallo-burattato-magnesite-arancio\/#primaryimage"},"thumbnailUrl":"https:\/\/www.erboristerie.com\/wp-content\/uploads\/2019\/01\/products-00002582.jpg","datePublished":"2007-10-30T16:29:19+00:00","dateModified":"2020-08-20T17:06:07+00:00","breadcrumb":{"@id":"https:\/\/www.erboristerie.com\/it\/prodotto\/cristallo-burattato-magnesite-arancio\/#breadcrumb"},"inLanguage":"it-IT","potentialAction":[{"@type":"ReadAction","target":["https:\/\/www.erboristerie.com\/it\/prodotto\/cristallo-burattato-magnesite-arancio\/"]}]},{"@type":"ImageObject","inLanguage":"it-IT","@id":"https:\/\/www.erboristerie.com\/it\/prodotto\/cristallo-burattato-magnesite-arancio\/#primaryimage","url":"https:\/\/www.erboristerie.com\/wp-content\/uploads\/2019\/01\/products-00002582.jpg","contentUrl":"https:\/\/www.erboristerie.com\/wp-content\/uploads\/2019\/01\/products-00002582.jpg","width":345,"height":317,"caption":"CRISTALLO BURATTATO MAGNESITE ARANCIO"},{"@type":"BreadcrumbList","@id":"https:\/\/www.erboristerie.com\/it\/prodotto\/cristallo-burattato-magnesite-arancio\/#breadcrumb","itemListElement":[{"@type":"ListItem","position":1,"name":"Home","item":"https:\/\/www.erboristerie.com\/it\/"},{"@type":"ListItem","position":2,"name":"Tutti i prodotti","item":"https:\/\/www.erboristerie.com\/it\/tutti-i-prodotti\/"},{"@type":"ListItem","position":3,"name":"CRISTALLO BURATTATO MAGNESITE ARANCIO"}]},{"@type":"WebSite","@id":"https:\/\/www.erboristerie.com\/it\/#website","url":"https:\/\/www.erboristerie.com\/it\/","name":"Erboristeria Demetra","description":"La tua salute al naturale","publisher":{"@id":"https:\/\/www.erboristerie.com\/it\/#organization"},"potentialAction":[{"@type":"SearchAction","target":{"@type":"EntryPoint","urlTemplate":"https:\/\/www.erboristerie.com\/it\/?s={search_term_string}"},"query-input":{"@type":"PropertyValueSpecification","valueRequired":true,"valueName":"search_term_string"}}],"inLanguage":"it-IT"},{"@type":"Organization","@id":"https:\/\/www.erboristerie.com\/it\/#organization","name":"Erboristeria Demetra","url":"https:\/\/www.erboristerie.com\/it\/","logo":{"@type":"ImageObject","inLanguage":"it-IT","@id":"https:\/\/www.erboristerie.com\/it\/#\/schema\/logo\/image\/","url":"https:\/\/www.erboristerie.com\/wp-content\/uploads\/2019\/11\/LOGO_ERBORISTERIA_DEMETRA_original.png?v=1611516981","contentUrl":"https:\/\/www.erboristerie.com\/wp-content\/uploads\/2019\/11\/LOGO_ERBORISTERIA_DEMETRA_original.png?v=1611516981","width":201,"height":54,"caption":"Erboristeria Demetra"},"image":{"@id":"https:\/\/www.erboristerie.com\/it\/#\/schema\/logo\/image\/"},"sameAs":["https:\/\/www.facebook.com\/erboristeria.demetra.online"]}]}},"_links":{"self":[{"href":"https:\/\/www.erboristerie.com\/it\/wp-json\/wp\/v2\/product\/53454","targetHints":{"allow":["GET"]}}],"collection":[{"href":"https:\/\/www.erboristerie.com\/it\/wp-json\/wp\/v2\/product"}],"about":[{"href":"https:\/\/www.erboristerie.com\/it\/wp-json\/wp\/v2\/types\/product"}],"wp:featuredmedia":[{"embeddable":true,"href":"https:\/\/www.erboristerie.com\/it\/wp-json\/wp\/v2\/media\/53455"}],"wp:attachment":[{"href":"https:\/\/www.erboristerie.com\/it\/wp-json\/wp\/v2\/media?parent=53454"}],"wp:term":[{"taxonomy":"product_brand","embeddable":true,"href":"https:\/\/www.erboristerie.com\/it\/wp-json\/wp\/v2\/product_brand?post=53454"},{"taxonomy":"product_cat","embeddable":true,"href":"https:\/\/www.erboristerie.com\/it\/wp-json\/wp\/v2\/product_cat?post=53454"},{"taxonomy":"product_tag","embeddable":true,"href":"https:\/\/www.erboristerie.com\/it\/wp-json\/wp\/v2\/product_tag?post=53454"},{"taxonomy":"giftcard-category","embeddable":true,"href":"https:\/\/www.erboristerie.com\/it\/wp-json\/wp\/v2\/giftcard-category?post=53454"}],"curies":[{"name":"wp","href":"https:\/\/api.w.org\/{rel}","templated":true}]}}