{"id":53430,"date":"2007-08-03T14:42:12","date_gmt":"2007-08-03T14:42:12","guid":{"rendered":"http:\/\/www.erboristerie.com\/?post_type=product&#038;p=53430"},"modified":"2020-08-20T19:06:12","modified_gmt":"2020-08-20T17:06:12","slug":"cristallo-burattato-agata-blu-lace","status":"publish","type":"product","link":"https:\/\/www.erboristerie.com\/it\/prodotto\/cristallo-burattato-agata-blu-lace\/","title":{"rendered":"CRISTALLO BURATTATO AGATA BLU LACE"},"content":{"rendered":"<p>AGATA<\/p>\n<p>Classe minerale: ossidi, gruppo dei quarzi <br \/>Formula chimica: SiO2 (biossido di Silicio) + Al, Ca, Fe, Mn <br \/>Sistema Cristallino: trigonale<br \/>Processo litogenetico: primario<br \/>Colore: in natura grigia, azzurra, rossa, blu, verde. In commercio se ne trovano dei pi\u00f9 svariati colori, perch\u00e9 vengono tinte artificialmente <\/p>\n<p>L\u2019amica delle mamme che dona energia<\/p>\n<p>L&#038;#39Agata \u00e8 una pietra nota fin dall\u2019antichit\u00e0 per le sue propriet\u00e0 di protezione e armonizzazione degli ambienti e della persona, nei paesi orientali \u00e8 sempre stata considerata una pietra portafortuna. Se posta sulla scrivania in ufficio, o comunque in luoghi frequentati dal pubblico, purifica e protegge l\u2019ambiente. <\/p>\n<p>D\u00e0 luogo a formazioni sferiche caratteristiche, chiamate geodi, che portano al loro interno cristalli di ametista o di quarzo di rocca. Le fette di Agata, di vario colore, si trovano in commercio sia sfuse che legate insieme a formare i cosiddetti &#038;#34caccia spiriti&#038;#34 da collocare, per protezione, vicino alle finestre di casa o dell\u2019ufficio. <\/p>\n<p>Nell\u2019ambiente di lavoro, l\u2019Agata \u00e8 anche utile perch\u00e9 aiuta il pensiero razionale, la stabilit\u00e0 emotiva e combatte la dispersivit\u00e0. Inoltre promuove armonia e collaborazione tra i colleghi. Questa pietra lavora sull\u2019armonizzazione del 1\u00b0 chakra, apportando energia nel corpo fisico, ed \u00e8 per questo motivo un potente energetico. Inoltre, poich\u00e9 ci fa sentire pi\u00f9 &#038;#34centrati&#038;#34, \u00e8 di grande utilit\u00e0 portarla durante i periodi di stress. <\/p>\n<p>Tutte le agate sono in sintonia con le vibrazioni della terra e le energie femminili. Le fette di questa pietra presentano caratteristici cerchi concentrici che ricordano la donna con il bambino nel ventre. L\u2019Agata \u00e8 quindi una pietra indicata per la protezione della mamma e del bambino durante la gravidanza, e dovrebbe essere indossata da tutte le donne in gravidanza e dopo il parto. \u00c8 utile anche collocare, per protezione, un\u2019Agata vicino alla culla del bambino appena nato. Le agate, azzurre e rosa, sono raccomandate alla madre durante l\u2019allattamento, per facilitare la produzione del latte. <\/p>\n<p>Le agate di diverso colore, come ad esempio l\u2019Agata verde e l\u2019Agata blu, pur conservando tutte le caratteristiche dell\u2019Agata lavoreranno pi\u00f9 specificatamente sui chakra (4\u00b0 e 5\u00b0) che sono in sintonia con questi colori.<\/p>\n<p>Questa pietra va purificata periodicamente, e ricaricata al sole, le variet\u00e0 blu e verde sono invece sensibili ai raggi della luna.<\/p>\n","protected":false},"excerpt":{"rendered":"<p>AGATA Classe minerale: ossidi, gruppo dei quarzi Formula chimica: SiO2 (biossido di Silicio) + Al, Ca, Fe, Mn Sistema Cristallino: trigonaleProcesso litogenetico: primarioColore: in natura grigia, azzurra, rossa, blu, verde. In commercio se ne trovano dei pi\u00f9 svariati colori, perch\u00e9 vengono tinte artificialmente L\u2019amica delle&#8230;<\/p>\n","protected":false},"featured_media":53431,"template":"","meta":{"_acf_changed":false},"product_brand":[9611],"product_cat":[9731],"product_tag":[11994,11100,11980,11979,11993],"giftcard-category":[],"class_list":{"0":"post-53430","1":"product","2":"type-product","3":"status-publish","4":"has-post-thumbnail","6":"product_brand-mineral-quartz","7":"product_cat-pietre-e-cristalli","8":"product_tag-agata","9":"product_tag-blu","10":"product_tag-burattato","11":"product_tag-cristallo","12":"product_tag-lace","14":"first","15":"instock","16":"taxable","17":"shipping-taxable","18":"purchasable","19":"product-type-simple"},"acf":[],"yoast_head":"<!-- This site is optimized with the Yoast SEO plugin v24.9 - https:\/\/yoast.com\/wordpress\/plugins\/seo\/ -->\n<title>CRISTALLO BURATTATO AGATA BLU LACE<\/title>\n<meta name=\"robots\" content=\"index, follow, max-snippet:-1, max-image-preview:large, max-video-preview:-1\" \/>\n<link rel=\"canonical\" href=\"https:\/\/www.erboristerie.com\/it\/prodotto\/cristallo-burattato-agata-blu-lace\/\" \/>\n<meta property=\"og:locale\" content=\"it_IT\" \/>\n<meta property=\"og:type\" content=\"article\" \/>\n<meta property=\"og:title\" content=\"CRISTALLO BURATTATO AGATA BLU LACE\" \/>\n<meta property=\"og:description\" content=\"AGATA Classe minerale: ossidi, gruppo dei quarzi Formula chimica: SiO2 (biossido di Silicio) + Al, Ca, Fe, Mn Sistema Cristallino: trigonaleProcesso litogenetico: primarioColore: in natura grigia, azzurra, rossa, blu, verde. In commercio se ne trovano dei pi\u00f9 svariati colori, perch\u00e9 vengono tinte artificialmente L\u2019amica delle...\" \/>\n<meta property=\"og:url\" content=\"https:\/\/www.erboristerie.com\/it\/prodotto\/cristallo-burattato-agata-blu-lace\/\" \/>\n<meta property=\"og:site_name\" content=\"Erboristeria Demetra\" \/>\n<meta property=\"article:publisher\" content=\"https:\/\/www.facebook.com\/erboristeria.demetra.online\" \/>\n<meta property=\"article:modified_time\" content=\"2020-08-20T17:06:12+00:00\" \/>\n<meta property=\"og:image\" content=\"https:\/\/www.erboristerie.com\/wp-content\/uploads\/2019\/01\/products-00002578.jpg\" \/>\n\t<meta property=\"og:image:width\" content=\"478\" \/>\n\t<meta property=\"og:image:height\" content=\"476\" \/>\n\t<meta property=\"og:image:type\" content=\"image\/jpeg\" \/>\n<meta name=\"twitter:card\" content=\"summary_large_image\" \/>\n<meta name=\"twitter:label1\" content=\"Tempo di lettura stimato\" \/>\n\t<meta name=\"twitter:data1\" content=\"2 minuti\" \/>\n<script type=\"application\/ld+json\" class=\"yoast-schema-graph\">{\"@context\":\"https:\/\/schema.org\",\"@graph\":[{\"@type\":\"WebPage\",\"@id\":\"https:\/\/www.erboristerie.com\/it\/prodotto\/cristallo-burattato-agata-blu-lace\/\",\"url\":\"https:\/\/www.erboristerie.com\/it\/prodotto\/cristallo-burattato-agata-blu-lace\/\",\"name\":\"CRISTALLO BURATTATO AGATA BLU LACE\",\"isPartOf\":{\"@id\":\"https:\/\/www.erboristerie.com\/it\/#website\"},\"primaryImageOfPage\":{\"@id\":\"https:\/\/www.erboristerie.com\/it\/prodotto\/cristallo-burattato-agata-blu-lace\/#primaryimage\"},\"image\":{\"@id\":\"https:\/\/www.erboristerie.com\/it\/prodotto\/cristallo-burattato-agata-blu-lace\/#primaryimage\"},\"thumbnailUrl\":\"https:\/\/www.erboristerie.com\/wp-content\/uploads\/2019\/01\/products-00002578.jpg\",\"datePublished\":\"2007-08-03T14:42:12+00:00\",\"dateModified\":\"2020-08-20T17:06:12+00:00\",\"breadcrumb\":{\"@id\":\"https:\/\/www.erboristerie.com\/it\/prodotto\/cristallo-burattato-agata-blu-lace\/#breadcrumb\"},\"inLanguage\":\"it-IT\",\"potentialAction\":[{\"@type\":\"ReadAction\",\"target\":[\"https:\/\/www.erboristerie.com\/it\/prodotto\/cristallo-burattato-agata-blu-lace\/\"]}]},{\"@type\":\"ImageObject\",\"inLanguage\":\"it-IT\",\"@id\":\"https:\/\/www.erboristerie.com\/it\/prodotto\/cristallo-burattato-agata-blu-lace\/#primaryimage\",\"url\":\"https:\/\/www.erboristerie.com\/wp-content\/uploads\/2019\/01\/products-00002578.jpg\",\"contentUrl\":\"https:\/\/www.erboristerie.com\/wp-content\/uploads\/2019\/01\/products-00002578.jpg\",\"width\":478,\"height\":476,\"caption\":\"CRISTALLO BURATTATO AGATA BLU LACE\"},{\"@type\":\"BreadcrumbList\",\"@id\":\"https:\/\/www.erboristerie.com\/it\/prodotto\/cristallo-burattato-agata-blu-lace\/#breadcrumb\",\"itemListElement\":[{\"@type\":\"ListItem\",\"position\":1,\"name\":\"Home\",\"item\":\"https:\/\/www.erboristerie.com\/it\/\"},{\"@type\":\"ListItem\",\"position\":2,\"name\":\"Tutti i prodotti\",\"item\":\"https:\/\/www.erboristerie.com\/it\/tutti-i-prodotti\/\"},{\"@type\":\"ListItem\",\"position\":3,\"name\":\"CRISTALLO BURATTATO AGATA BLU LACE\"}]},{\"@type\":\"WebSite\",\"@id\":\"https:\/\/www.erboristerie.com\/it\/#website\",\"url\":\"https:\/\/www.erboristerie.com\/it\/\",\"name\":\"Erboristeria Demetra\",\"description\":\"La tua salute al naturale\",\"publisher\":{\"@id\":\"https:\/\/www.erboristerie.com\/it\/#organization\"},\"potentialAction\":[{\"@type\":\"SearchAction\",\"target\":{\"@type\":\"EntryPoint\",\"urlTemplate\":\"https:\/\/www.erboristerie.com\/it\/?s={search_term_string}\"},\"query-input\":{\"@type\":\"PropertyValueSpecification\",\"valueRequired\":true,\"valueName\":\"search_term_string\"}}],\"inLanguage\":\"it-IT\"},{\"@type\":\"Organization\",\"@id\":\"https:\/\/www.erboristerie.com\/it\/#organization\",\"name\":\"Erboristeria Demetra\",\"url\":\"https:\/\/www.erboristerie.com\/it\/\",\"logo\":{\"@type\":\"ImageObject\",\"inLanguage\":\"it-IT\",\"@id\":\"https:\/\/www.erboristerie.com\/it\/#\/schema\/logo\/image\/\",\"url\":\"https:\/\/www.erboristerie.com\/wp-content\/uploads\/2019\/11\/LOGO_ERBORISTERIA_DEMETRA_original.png?v=1611516981\",\"contentUrl\":\"https:\/\/www.erboristerie.com\/wp-content\/uploads\/2019\/11\/LOGO_ERBORISTERIA_DEMETRA_original.png?v=1611516981\",\"width\":201,\"height\":54,\"caption\":\"Erboristeria Demetra\"},\"image\":{\"@id\":\"https:\/\/www.erboristerie.com\/it\/#\/schema\/logo\/image\/\"},\"sameAs\":[\"https:\/\/www.facebook.com\/erboristeria.demetra.online\"]}]}<\/script>\n<!-- \/ Yoast SEO plugin. -->","yoast_head_json":{"title":"CRISTALLO BURATTATO AGATA BLU LACE","robots":{"index":"index","follow":"follow","max-snippet":"max-snippet:-1","max-image-preview":"max-image-preview:large","max-video-preview":"max-video-preview:-1"},"canonical":"https:\/\/www.erboristerie.com\/it\/prodotto\/cristallo-burattato-agata-blu-lace\/","og_locale":"it_IT","og_type":"article","og_title":"CRISTALLO BURATTATO AGATA BLU LACE","og_description":"AGATA Classe minerale: ossidi, gruppo dei quarzi Formula chimica: SiO2 (biossido di Silicio) + Al, Ca, Fe, Mn Sistema Cristallino: trigonaleProcesso litogenetico: primarioColore: in natura grigia, azzurra, rossa, blu, verde. In commercio se ne trovano dei pi\u00f9 svariati colori, perch\u00e9 vengono tinte artificialmente L\u2019amica delle...","og_url":"https:\/\/www.erboristerie.com\/it\/prodotto\/cristallo-burattato-agata-blu-lace\/","og_site_name":"Erboristeria Demetra","article_publisher":"https:\/\/www.facebook.com\/erboristeria.demetra.online","article_modified_time":"2020-08-20T17:06:12+00:00","og_image":[{"width":478,"height":476,"url":"https:\/\/www.erboristerie.com\/wp-content\/uploads\/2019\/01\/products-00002578.jpg","type":"image\/jpeg"}],"twitter_card":"summary_large_image","twitter_misc":{"Tempo di lettura stimato":"2 minuti"},"schema":{"@context":"https:\/\/schema.org","@graph":[{"@type":"WebPage","@id":"https:\/\/www.erboristerie.com\/it\/prodotto\/cristallo-burattato-agata-blu-lace\/","url":"https:\/\/www.erboristerie.com\/it\/prodotto\/cristallo-burattato-agata-blu-lace\/","name":"CRISTALLO BURATTATO AGATA BLU LACE","isPartOf":{"@id":"https:\/\/www.erboristerie.com\/it\/#website"},"primaryImageOfPage":{"@id":"https:\/\/www.erboristerie.com\/it\/prodotto\/cristallo-burattato-agata-blu-lace\/#primaryimage"},"image":{"@id":"https:\/\/www.erboristerie.com\/it\/prodotto\/cristallo-burattato-agata-blu-lace\/#primaryimage"},"thumbnailUrl":"https:\/\/www.erboristerie.com\/wp-content\/uploads\/2019\/01\/products-00002578.jpg","datePublished":"2007-08-03T14:42:12+00:00","dateModified":"2020-08-20T17:06:12+00:00","breadcrumb":{"@id":"https:\/\/www.erboristerie.com\/it\/prodotto\/cristallo-burattato-agata-blu-lace\/#breadcrumb"},"inLanguage":"it-IT","potentialAction":[{"@type":"ReadAction","target":["https:\/\/www.erboristerie.com\/it\/prodotto\/cristallo-burattato-agata-blu-lace\/"]}]},{"@type":"ImageObject","inLanguage":"it-IT","@id":"https:\/\/www.erboristerie.com\/it\/prodotto\/cristallo-burattato-agata-blu-lace\/#primaryimage","url":"https:\/\/www.erboristerie.com\/wp-content\/uploads\/2019\/01\/products-00002578.jpg","contentUrl":"https:\/\/www.erboristerie.com\/wp-content\/uploads\/2019\/01\/products-00002578.jpg","width":478,"height":476,"caption":"CRISTALLO BURATTATO AGATA BLU LACE"},{"@type":"BreadcrumbList","@id":"https:\/\/www.erboristerie.com\/it\/prodotto\/cristallo-burattato-agata-blu-lace\/#breadcrumb","itemListElement":[{"@type":"ListItem","position":1,"name":"Home","item":"https:\/\/www.erboristerie.com\/it\/"},{"@type":"ListItem","position":2,"name":"Tutti i prodotti","item":"https:\/\/www.erboristerie.com\/it\/tutti-i-prodotti\/"},{"@type":"ListItem","position":3,"name":"CRISTALLO BURATTATO AGATA BLU LACE"}]},{"@type":"WebSite","@id":"https:\/\/www.erboristerie.com\/it\/#website","url":"https:\/\/www.erboristerie.com\/it\/","name":"Erboristeria Demetra","description":"La tua salute al naturale","publisher":{"@id":"https:\/\/www.erboristerie.com\/it\/#organization"},"potentialAction":[{"@type":"SearchAction","target":{"@type":"EntryPoint","urlTemplate":"https:\/\/www.erboristerie.com\/it\/?s={search_term_string}"},"query-input":{"@type":"PropertyValueSpecification","valueRequired":true,"valueName":"search_term_string"}}],"inLanguage":"it-IT"},{"@type":"Organization","@id":"https:\/\/www.erboristerie.com\/it\/#organization","name":"Erboristeria Demetra","url":"https:\/\/www.erboristerie.com\/it\/","logo":{"@type":"ImageObject","inLanguage":"it-IT","@id":"https:\/\/www.erboristerie.com\/it\/#\/schema\/logo\/image\/","url":"https:\/\/www.erboristerie.com\/wp-content\/uploads\/2019\/11\/LOGO_ERBORISTERIA_DEMETRA_original.png?v=1611516981","contentUrl":"https:\/\/www.erboristerie.com\/wp-content\/uploads\/2019\/11\/LOGO_ERBORISTERIA_DEMETRA_original.png?v=1611516981","width":201,"height":54,"caption":"Erboristeria Demetra"},"image":{"@id":"https:\/\/www.erboristerie.com\/it\/#\/schema\/logo\/image\/"},"sameAs":["https:\/\/www.facebook.com\/erboristeria.demetra.online"]}]}},"_links":{"self":[{"href":"https:\/\/www.erboristerie.com\/it\/wp-json\/wp\/v2\/product\/53430","targetHints":{"allow":["GET"]}}],"collection":[{"href":"https:\/\/www.erboristerie.com\/it\/wp-json\/wp\/v2\/product"}],"about":[{"href":"https:\/\/www.erboristerie.com\/it\/wp-json\/wp\/v2\/types\/product"}],"wp:featuredmedia":[{"embeddable":true,"href":"https:\/\/www.erboristerie.com\/it\/wp-json\/wp\/v2\/media\/53431"}],"wp:attachment":[{"href":"https:\/\/www.erboristerie.com\/it\/wp-json\/wp\/v2\/media?parent=53430"}],"wp:term":[{"taxonomy":"product_brand","embeddable":true,"href":"https:\/\/www.erboristerie.com\/it\/wp-json\/wp\/v2\/product_brand?post=53430"},{"taxonomy":"product_cat","embeddable":true,"href":"https:\/\/www.erboristerie.com\/it\/wp-json\/wp\/v2\/product_cat?post=53430"},{"taxonomy":"product_tag","embeddable":true,"href":"https:\/\/www.erboristerie.com\/it\/wp-json\/wp\/v2\/product_tag?post=53430"},{"taxonomy":"giftcard-category","embeddable":true,"href":"https:\/\/www.erboristerie.com\/it\/wp-json\/wp\/v2\/giftcard-category?post=53430"}],"curies":[{"name":"wp","href":"https:\/\/api.w.org\/{rel}","templated":true}]}}