{"id":53414,"date":"2007-08-03T14:42:12","date_gmt":"2007-08-03T14:42:12","guid":{"rendered":"http:\/\/www.erboristerie.com\/?post_type=product&#038;p=53414"},"modified":"2020-08-20T19:06:11","modified_gmt":"2020-08-20T17:06:11","slug":"cristallo-burattato-ossidiana-fiocco-di","status":"publish","type":"product","link":"https:\/\/www.erboristerie.com\/it\/prodotto\/cristallo-burattato-ossidiana-fiocco-di\/","title":{"rendered":"CRISTALLO BURATTATO OSSIDIANA FIOCCO DI"},"content":{"rendered":"<p>OSSIDIANA <br \/>Classe minerale: ossidi<br \/>Formula chimica: SiO2 + Fe2O3 + H2O + Al, C, Ca, K, Na, Fe<br \/>Sistema cristallino: amorfo<br \/>Processo litogenetico: primario<br \/>Colore: nero, grigio, bruno, argento, o colori brillanti <br \/>Per il benessere spirituale e fisico<br \/>Sin dall&#038;#39et\u00e0 della pietra \u00e8 stata impiegata per il culto e per la fabbricazione di armi e utensili. Pezzi di ossidiana venivano usati come sonagli durante i rituali religiosi e lavorati per farne punte di frecce e attrezzi. Quando \u00e8 rotta, infatti, questa pietra forma delle schegge molto taglienti.<br \/>I sacerdoti Maya la usavano a guisa di specchio per scopi divinatori, e secondo antichissime prescrizioni serviva a guarire le ferite e ad attenuare il dolore.<br \/>Questo cristallo deve il suo nome attuale ad Obsius, il cittadino romano che, da come ci racconta Plinio, la scopr\u00ec in territorio africano, nell\u2019odierna Etiopia.<br \/>L\u2019Ossidiana \u00e8 una pietra di origine vulcanica, che attira nel corpo energia fisica e sessuale, ci connette con le vibrazioni della terra e risveglia in noi la forza necessaria per vivere e realizzarci.<br \/>Questa pietra lavora sul 1\u00b0 chakra e radica le energie spirituali dei chakra superiori in quelli inferiori, cosicch\u00e9 queste possano essere concretamente utilizzate per la purificazione e l\u2019evoluzione dell\u2019io. <br \/>\u00c8 utile alle persone estremamente emotive ed instabili, che hanno scarso contatto con la realt\u00e0, perch\u00e9 li aiuta a radicare le energie, consentendo di costruire la base per il loro futuro. Dona chiarezza interiore, equilibrio ed armonia. <br \/>Collega spirito e materia. E per questo \u00e8 utile sia alle persone che desiderano vivere in modo pi\u00f9 spirituale sia a chi ha scarso contatto con la realt\u00e0 materiale. Porta alla coscienza di ognuno le proprie emozioni ed i pensieri pi\u00f9 nascosti, e permette alla mente di penetrare i lati oscuri della personalit\u00e0, indirizzando l\u2019individuo verso la via della trasformazione. Fa anche da specchio e riflette i nostri difetti: \u00e8 la luce che dissolve il buio. Per questo \u00e8 di grande utilit\u00e0 nei momenti di riflessione e nei processi di introspezione utili ad espandere la coscienza. L\u2019Ossidiana aiuta, inoltre, a liberare le emozioni represse, inducendo le persone che hanno eccessivo autocontrollo a sbloccare la censure e ad agire in sintonia con i propri sentimenti. <br \/>Essendo una pietra nera muove le energie stagnanti e le disperde, aiutando a superare gli shock, le paure e i traumi. <br \/>Dal punto di vista fisico, attenua il dolore. \u00c8 utile applicarla sulla pancia durante le mestruazioni dolorose. Inoltre stimola la circolazione periferica, aiutando le persone con mani e piedi cronicamente freddi. <br \/>Vi sono diversi tipi di Ossidiana: nera, fiocco di neve, lacrima di Apache, arcobaleno, mogano. Le variet\u00e0 &#038;#34fiocco di neve&#038;#34 e &#038;#34mogano&#038;#34 sono ottime per chi ha problemi di circolazione. Per gli stati di dolore vanno bene la &#038;#34lacrima di Apache&#038;#34 e la &#038;#34fiocco di neve&#038;#34. Per i problemi di carattere emozionale ed introspettivo \u00e8 consigliabile l\u2019ossidiana nera. <br \/>Per sentirne i benefici, la si pu\u00f2 portare a diretto contatto delle zone dolenti oppure in tasca. \u00c8 sconsigliato portarla come ciondolo al collo, la sua energia \u00e8 pi\u00f9 adatta all\u2019area del 1\u00b0 chakra. <br \/>Se usata durante la meditazione \u00e8 bene abbinare un Cristallo di Rocca per mitigare i suoi potenti effetti. Per tale pratica \u00e8 consigliabile la variet\u00e0 &#038;#34arcobaleno&#038;#34. <br \/>Si purifica con tutti i metodi gi\u00e0 descritti, si ricarica alla luce del sole.<\/p>\n","protected":false},"excerpt":{"rendered":"<p>OSSIDIANA Classe minerale: ossidiFormula chimica: SiO2 + Fe2O3 + H2O + Al, C, Ca, K, Na, FeSistema cristallino: amorfoProcesso litogenetico: primarioColore: nero, grigio, bruno, argento, o colori brillanti Per il benessere spirituale e fisicoSin dall&#038;#39et\u00e0 della pietra \u00e8 stata impiegata per il culto e per&#8230;<\/p>\n","protected":false},"featured_media":53415,"template":"","meta":{"_acf_changed":false},"product_brand":[9611],"product_cat":[9731],"product_tag":[11980,11979,11989,11988],"giftcard-category":[],"class_list":{"0":"post-53414","1":"product","2":"type-product","3":"status-publish","4":"has-post-thumbnail","6":"product_brand-mineral-quartz","7":"product_cat-pietre-e-cristalli","8":"product_tag-burattato","9":"product_tag-cristallo","10":"product_tag-fiocco","11":"product_tag-ossidiana","13":"first","14":"instock","15":"taxable","16":"shipping-taxable","17":"purchasable","18":"product-type-simple"},"acf":[],"yoast_head":"<!-- This site is optimized with the Yoast SEO plugin v24.9 - https:\/\/yoast.com\/wordpress\/plugins\/seo\/ -->\n<title>CRISTALLO BURATTATO OSSIDIANA FIOCCO DI<\/title>\n<meta name=\"robots\" content=\"index, follow, max-snippet:-1, max-image-preview:large, max-video-preview:-1\" \/>\n<link rel=\"canonical\" href=\"https:\/\/www.erboristerie.com\/it\/prodotto\/cristallo-burattato-ossidiana-fiocco-di\/\" \/>\n<meta property=\"og:locale\" content=\"it_IT\" \/>\n<meta property=\"og:type\" content=\"article\" \/>\n<meta property=\"og:title\" content=\"CRISTALLO BURATTATO OSSIDIANA FIOCCO DI\" \/>\n<meta property=\"og:description\" content=\"OSSIDIANA Classe minerale: ossidiFormula chimica: SiO2 + Fe2O3 + H2O + Al, C, Ca, K, Na, FeSistema cristallino: amorfoProcesso litogenetico: primarioColore: nero, grigio, bruno, argento, o colori brillanti Per il benessere spirituale e fisicoSin dall&#038;#39et\u00e0 della pietra \u00e8 stata impiegata per il culto e per...\" \/>\n<meta property=\"og:url\" content=\"https:\/\/www.erboristerie.com\/it\/prodotto\/cristallo-burattato-ossidiana-fiocco-di\/\" \/>\n<meta property=\"og:site_name\" content=\"Erboristeria Demetra\" \/>\n<meta property=\"article:publisher\" content=\"https:\/\/www.facebook.com\/erboristeria.demetra.online\" \/>\n<meta property=\"article:modified_time\" content=\"2020-08-20T17:06:11+00:00\" \/>\n<meta property=\"og:image\" content=\"https:\/\/www.erboristerie.com\/wp-content\/uploads\/2019\/01\/products-00002574.jpg\" \/>\n\t<meta property=\"og:image:width\" content=\"361\" \/>\n\t<meta property=\"og:image:height\" content=\"237\" \/>\n\t<meta property=\"og:image:type\" content=\"image\/jpeg\" \/>\n<meta name=\"twitter:card\" content=\"summary_large_image\" \/>\n<meta name=\"twitter:label1\" content=\"Tempo di lettura stimato\" \/>\n\t<meta name=\"twitter:data1\" content=\"3 minuti\" \/>\n<script type=\"application\/ld+json\" class=\"yoast-schema-graph\">{\"@context\":\"https:\/\/schema.org\",\"@graph\":[{\"@type\":\"WebPage\",\"@id\":\"https:\/\/www.erboristerie.com\/it\/prodotto\/cristallo-burattato-ossidiana-fiocco-di\/\",\"url\":\"https:\/\/www.erboristerie.com\/it\/prodotto\/cristallo-burattato-ossidiana-fiocco-di\/\",\"name\":\"CRISTALLO BURATTATO OSSIDIANA FIOCCO DI\",\"isPartOf\":{\"@id\":\"https:\/\/www.erboristerie.com\/it\/#website\"},\"primaryImageOfPage\":{\"@id\":\"https:\/\/www.erboristerie.com\/it\/prodotto\/cristallo-burattato-ossidiana-fiocco-di\/#primaryimage\"},\"image\":{\"@id\":\"https:\/\/www.erboristerie.com\/it\/prodotto\/cristallo-burattato-ossidiana-fiocco-di\/#primaryimage\"},\"thumbnailUrl\":\"https:\/\/www.erboristerie.com\/wp-content\/uploads\/2019\/01\/products-00002574.jpg\",\"datePublished\":\"2007-08-03T14:42:12+00:00\",\"dateModified\":\"2020-08-20T17:06:11+00:00\",\"breadcrumb\":{\"@id\":\"https:\/\/www.erboristerie.com\/it\/prodotto\/cristallo-burattato-ossidiana-fiocco-di\/#breadcrumb\"},\"inLanguage\":\"it-IT\",\"potentialAction\":[{\"@type\":\"ReadAction\",\"target\":[\"https:\/\/www.erboristerie.com\/it\/prodotto\/cristallo-burattato-ossidiana-fiocco-di\/\"]}]},{\"@type\":\"ImageObject\",\"inLanguage\":\"it-IT\",\"@id\":\"https:\/\/www.erboristerie.com\/it\/prodotto\/cristallo-burattato-ossidiana-fiocco-di\/#primaryimage\",\"url\":\"https:\/\/www.erboristerie.com\/wp-content\/uploads\/2019\/01\/products-00002574.jpg\",\"contentUrl\":\"https:\/\/www.erboristerie.com\/wp-content\/uploads\/2019\/01\/products-00002574.jpg\",\"width\":361,\"height\":237,\"caption\":\"CRISTALLO BURATTATO OSSIDIANA FIOCCO DI\"},{\"@type\":\"BreadcrumbList\",\"@id\":\"https:\/\/www.erboristerie.com\/it\/prodotto\/cristallo-burattato-ossidiana-fiocco-di\/#breadcrumb\",\"itemListElement\":[{\"@type\":\"ListItem\",\"position\":1,\"name\":\"Home\",\"item\":\"https:\/\/www.erboristerie.com\/it\/\"},{\"@type\":\"ListItem\",\"position\":2,\"name\":\"Tutti i prodotti\",\"item\":\"https:\/\/www.erboristerie.com\/it\/tutti-i-prodotti\/\"},{\"@type\":\"ListItem\",\"position\":3,\"name\":\"CRISTALLO BURATTATO OSSIDIANA FIOCCO DI\"}]},{\"@type\":\"WebSite\",\"@id\":\"https:\/\/www.erboristerie.com\/it\/#website\",\"url\":\"https:\/\/www.erboristerie.com\/it\/\",\"name\":\"Erboristeria Demetra\",\"description\":\"La tua salute al naturale\",\"publisher\":{\"@id\":\"https:\/\/www.erboristerie.com\/it\/#organization\"},\"potentialAction\":[{\"@type\":\"SearchAction\",\"target\":{\"@type\":\"EntryPoint\",\"urlTemplate\":\"https:\/\/www.erboristerie.com\/it\/?s={search_term_string}\"},\"query-input\":{\"@type\":\"PropertyValueSpecification\",\"valueRequired\":true,\"valueName\":\"search_term_string\"}}],\"inLanguage\":\"it-IT\"},{\"@type\":\"Organization\",\"@id\":\"https:\/\/www.erboristerie.com\/it\/#organization\",\"name\":\"Erboristeria Demetra\",\"url\":\"https:\/\/www.erboristerie.com\/it\/\",\"logo\":{\"@type\":\"ImageObject\",\"inLanguage\":\"it-IT\",\"@id\":\"https:\/\/www.erboristerie.com\/it\/#\/schema\/logo\/image\/\",\"url\":\"https:\/\/www.erboristerie.com\/wp-content\/uploads\/2019\/11\/LOGO_ERBORISTERIA_DEMETRA_original.png?v=1611516981\",\"contentUrl\":\"https:\/\/www.erboristerie.com\/wp-content\/uploads\/2019\/11\/LOGO_ERBORISTERIA_DEMETRA_original.png?v=1611516981\",\"width\":201,\"height\":54,\"caption\":\"Erboristeria Demetra\"},\"image\":{\"@id\":\"https:\/\/www.erboristerie.com\/it\/#\/schema\/logo\/image\/\"},\"sameAs\":[\"https:\/\/www.facebook.com\/erboristeria.demetra.online\"]}]}<\/script>\n<!-- \/ Yoast SEO plugin. -->","yoast_head_json":{"title":"CRISTALLO BURATTATO OSSIDIANA FIOCCO DI","robots":{"index":"index","follow":"follow","max-snippet":"max-snippet:-1","max-image-preview":"max-image-preview:large","max-video-preview":"max-video-preview:-1"},"canonical":"https:\/\/www.erboristerie.com\/it\/prodotto\/cristallo-burattato-ossidiana-fiocco-di\/","og_locale":"it_IT","og_type":"article","og_title":"CRISTALLO BURATTATO OSSIDIANA FIOCCO DI","og_description":"OSSIDIANA Classe minerale: ossidiFormula chimica: SiO2 + Fe2O3 + H2O + Al, C, Ca, K, Na, FeSistema cristallino: amorfoProcesso litogenetico: primarioColore: nero, grigio, bruno, argento, o colori brillanti Per il benessere spirituale e fisicoSin dall&#038;#39et\u00e0 della pietra \u00e8 stata impiegata per il culto e per...","og_url":"https:\/\/www.erboristerie.com\/it\/prodotto\/cristallo-burattato-ossidiana-fiocco-di\/","og_site_name":"Erboristeria Demetra","article_publisher":"https:\/\/www.facebook.com\/erboristeria.demetra.online","article_modified_time":"2020-08-20T17:06:11+00:00","og_image":[{"width":361,"height":237,"url":"https:\/\/www.erboristerie.com\/wp-content\/uploads\/2019\/01\/products-00002574.jpg","type":"image\/jpeg"}],"twitter_card":"summary_large_image","twitter_misc":{"Tempo di lettura stimato":"3 minuti"},"schema":{"@context":"https:\/\/schema.org","@graph":[{"@type":"WebPage","@id":"https:\/\/www.erboristerie.com\/it\/prodotto\/cristallo-burattato-ossidiana-fiocco-di\/","url":"https:\/\/www.erboristerie.com\/it\/prodotto\/cristallo-burattato-ossidiana-fiocco-di\/","name":"CRISTALLO BURATTATO OSSIDIANA FIOCCO DI","isPartOf":{"@id":"https:\/\/www.erboristerie.com\/it\/#website"},"primaryImageOfPage":{"@id":"https:\/\/www.erboristerie.com\/it\/prodotto\/cristallo-burattato-ossidiana-fiocco-di\/#primaryimage"},"image":{"@id":"https:\/\/www.erboristerie.com\/it\/prodotto\/cristallo-burattato-ossidiana-fiocco-di\/#primaryimage"},"thumbnailUrl":"https:\/\/www.erboristerie.com\/wp-content\/uploads\/2019\/01\/products-00002574.jpg","datePublished":"2007-08-03T14:42:12+00:00","dateModified":"2020-08-20T17:06:11+00:00","breadcrumb":{"@id":"https:\/\/www.erboristerie.com\/it\/prodotto\/cristallo-burattato-ossidiana-fiocco-di\/#breadcrumb"},"inLanguage":"it-IT","potentialAction":[{"@type":"ReadAction","target":["https:\/\/www.erboristerie.com\/it\/prodotto\/cristallo-burattato-ossidiana-fiocco-di\/"]}]},{"@type":"ImageObject","inLanguage":"it-IT","@id":"https:\/\/www.erboristerie.com\/it\/prodotto\/cristallo-burattato-ossidiana-fiocco-di\/#primaryimage","url":"https:\/\/www.erboristerie.com\/wp-content\/uploads\/2019\/01\/products-00002574.jpg","contentUrl":"https:\/\/www.erboristerie.com\/wp-content\/uploads\/2019\/01\/products-00002574.jpg","width":361,"height":237,"caption":"CRISTALLO BURATTATO OSSIDIANA FIOCCO DI"},{"@type":"BreadcrumbList","@id":"https:\/\/www.erboristerie.com\/it\/prodotto\/cristallo-burattato-ossidiana-fiocco-di\/#breadcrumb","itemListElement":[{"@type":"ListItem","position":1,"name":"Home","item":"https:\/\/www.erboristerie.com\/it\/"},{"@type":"ListItem","position":2,"name":"Tutti i prodotti","item":"https:\/\/www.erboristerie.com\/it\/tutti-i-prodotti\/"},{"@type":"ListItem","position":3,"name":"CRISTALLO BURATTATO OSSIDIANA FIOCCO DI"}]},{"@type":"WebSite","@id":"https:\/\/www.erboristerie.com\/it\/#website","url":"https:\/\/www.erboristerie.com\/it\/","name":"Erboristeria Demetra","description":"La tua salute al naturale","publisher":{"@id":"https:\/\/www.erboristerie.com\/it\/#organization"},"potentialAction":[{"@type":"SearchAction","target":{"@type":"EntryPoint","urlTemplate":"https:\/\/www.erboristerie.com\/it\/?s={search_term_string}"},"query-input":{"@type":"PropertyValueSpecification","valueRequired":true,"valueName":"search_term_string"}}],"inLanguage":"it-IT"},{"@type":"Organization","@id":"https:\/\/www.erboristerie.com\/it\/#organization","name":"Erboristeria Demetra","url":"https:\/\/www.erboristerie.com\/it\/","logo":{"@type":"ImageObject","inLanguage":"it-IT","@id":"https:\/\/www.erboristerie.com\/it\/#\/schema\/logo\/image\/","url":"https:\/\/www.erboristerie.com\/wp-content\/uploads\/2019\/11\/LOGO_ERBORISTERIA_DEMETRA_original.png?v=1611516981","contentUrl":"https:\/\/www.erboristerie.com\/wp-content\/uploads\/2019\/11\/LOGO_ERBORISTERIA_DEMETRA_original.png?v=1611516981","width":201,"height":54,"caption":"Erboristeria Demetra"},"image":{"@id":"https:\/\/www.erboristerie.com\/it\/#\/schema\/logo\/image\/"},"sameAs":["https:\/\/www.facebook.com\/erboristeria.demetra.online"]}]}},"_links":{"self":[{"href":"https:\/\/www.erboristerie.com\/it\/wp-json\/wp\/v2\/product\/53414","targetHints":{"allow":["GET"]}}],"collection":[{"href":"https:\/\/www.erboristerie.com\/it\/wp-json\/wp\/v2\/product"}],"about":[{"href":"https:\/\/www.erboristerie.com\/it\/wp-json\/wp\/v2\/types\/product"}],"wp:featuredmedia":[{"embeddable":true,"href":"https:\/\/www.erboristerie.com\/it\/wp-json\/wp\/v2\/media\/53415"}],"wp:attachment":[{"href":"https:\/\/www.erboristerie.com\/it\/wp-json\/wp\/v2\/media?parent=53414"}],"wp:term":[{"taxonomy":"product_brand","embeddable":true,"href":"https:\/\/www.erboristerie.com\/it\/wp-json\/wp\/v2\/product_brand?post=53414"},{"taxonomy":"product_cat","embeddable":true,"href":"https:\/\/www.erboristerie.com\/it\/wp-json\/wp\/v2\/product_cat?post=53414"},{"taxonomy":"product_tag","embeddable":true,"href":"https:\/\/www.erboristerie.com\/it\/wp-json\/wp\/v2\/product_tag?post=53414"},{"taxonomy":"giftcard-category","embeddable":true,"href":"https:\/\/www.erboristerie.com\/it\/wp-json\/wp\/v2\/giftcard-category?post=53414"}],"curies":[{"name":"wp","href":"https:\/\/api.w.org\/{rel}","templated":true}]}}