{"id":53406,"date":"2007-08-03T14:42:12","date_gmt":"2007-08-03T14:42:12","guid":{"rendered":"http:\/\/www.erboristerie.com\/?post_type=product&#038;p=53406"},"modified":"2020-08-20T19:06:12","modified_gmt":"2020-08-20T17:06:12","slug":"cristallo-burattato-diaspro-brecciato","status":"publish","type":"product","link":"https:\/\/www.erboristerie.com\/it\/prodotto\/cristallo-burattato-diaspro-brecciato\/","title":{"rendered":"CRISTALLO BURATTATO DIASPRO BRECCIATO"},"content":{"rendered":"<p>DIASPRO <br \/>Classe minerale: ossidi, gruppo dei quarzi<br \/>Formula chimica: SiO2 + Fe, O, OH, Si<br \/>Sistema cristallino: trigonale<br \/>Processo litogenetico: secondario <br \/>Colore: rosso, bruno, verde, giallo e multicolore<br \/>In connessione con la Natura <br \/>Il Diaspro \u00e8 una variet\u00e0 di Calcedonio, compatto e opaco, e si pu\u00f2 trovare di un unico colore, anche se pi\u00f9 spesso \u00e8 multicolore, variegato, con macchie e disegni. Questo minerale ha un\u2019energia che riguarda prevalentemente il campo fisico. <br \/>Connette con la natura in ogni sua forma, e regala quelle energie che si ottengono solo vivendoci a profondo contatto. Ci insegna che la Terra \u00e8 nostra madre e pu\u00f2 sostenerci e fornirci tutto ci\u00f2 di cui abbiamo bisogno. <br \/>Nei suoi scritti, Santa Ildegarda lo consiglia per migliorare l\u2019udito, per curare un eccesso di muco nasale e come protezione per le donne che hanno appena partorito. <br \/>Vi sono moltissime variet\u00e0 di questo minerale, ognuna con caratteristiche specifiche che agiscono in sintonia con i diversi chakra, secondo il loro colore. <br \/>Il diaspro rosso <br \/>Lavora sul 1\u00b0 e sul 2\u00b0 chackra, porta radicamento e solidit\u00e0 nella nostra vita. \u00c8 una pietra che ci fa sentire con i piedi ben poggiati al suolo. Connettendoci alla terra, dona creativit\u00e0 ed \u00e8 utile agli artisti che lavorano con materiali solidi, come artigiani e scultori. Questo cristallo infonde forza e coraggio, vitalit\u00e0 e spirito di iniziativa. \u00c8 una pietra sacra per gli Indiani d\u2019America, che la usano come protezione dalle energie dissonanti. Infatti le allontana e protegge dalle persone che sottraggono energia vitale. Utile indossarla in presenza di chi tende a sopraffarci. <br \/>Per quanto riguarda la parte fisica, migliora la qualit\u00e0 del sangue, soprattutto il suo contenuto di sali minerali, e stimola la circolazione di energia nell\u2019organismo. <br \/>Per la pulizia si consiglia il metodo del vaso di fiori o il sale. Si ricarica alla luce del sole. <\/p>\n<p>Il diaspro giallo<br \/>Dona gioia di vivere e solarit\u00e0. Agisce sul 3\u00b0chakra, perci\u00f2 aiuta gli organi della digestione. Rispetto ad altre pietre in sintonia con questo centro energetico, come Citrino, Topazio o Peridoto, presenta una vibrazione pi\u00f9 fisica. Favorisce l\u2019intuizione e aiuta la mente, stimolando la capacit\u00e0 di prendere decisioni. Rende tenaci. <br \/>Per purificarlo si consiglia l\u2019acqua corrente o il metodo del sale. Si ricarica alla luce del sole.<\/p>\n<p>Il diaspro verde<br \/>Dona calma e serenit\u00e0 . Per il suo colore \u00e8 in sintonia con il 4\u00b0chakra, o chakra del cuore. Rilassa la mente, dona atteggiamenti e pensieri positivi.<br \/>Dal punto di vista fisico \u00e8 molto benefico per le funzionalit\u00e0 del fegato, come lo sono altre pietre verdi quali lo Smeraldo, la Malachite, il Peridoto. \u00c8 disintossicante e antinfiammatorio. <br \/>Per la purificazione si consiglia il vaso di fiori o il metodo del sale, si ricarica alla luce indiretta del sole o a quella della luna. <\/p>\n<p>Il diaspro, in generale, si pu\u00f2 indossare come ciondolo o bracciale, o applicare direttamente sulla zona da trattare. Per protezione, si pu\u00f2 collocare negli ambienti o portare in tasca o nella borsa. Se si usa durante la meditazione, a seconda del colore va posto sul chakra corrispondente.<\/p>\n","protected":false},"excerpt":{"rendered":"<p>DIASPRO Classe minerale: ossidi, gruppo dei quarziFormula chimica: SiO2 + Fe, O, OH, SiSistema cristallino: trigonaleProcesso litogenetico: secondario Colore: rosso, bruno, verde, giallo e multicoloreIn connessione con la Natura Il Diaspro \u00e8 una variet\u00e0 di Calcedonio, compatto e opaco, e si pu\u00f2 trovare di un&#8230;<\/p>\n","protected":false},"featured_media":53407,"template":"","meta":{"_acf_changed":false},"product_brand":[9611],"product_cat":[9731],"product_tag":[11986,11980,11979,11985],"giftcard-category":[],"class_list":{"0":"post-53406","1":"product","2":"type-product","3":"status-publish","4":"has-post-thumbnail","6":"product_brand-mineral-quartz","7":"product_cat-pietre-e-cristalli","8":"product_tag-brecciato","9":"product_tag-burattato","10":"product_tag-cristallo","11":"product_tag-diaspro","13":"first","14":"instock","15":"taxable","16":"shipping-taxable","17":"purchasable","18":"product-type-simple"},"acf":[],"yoast_head":"<!-- This site is optimized with the Yoast SEO plugin v24.9 - https:\/\/yoast.com\/wordpress\/plugins\/seo\/ -->\n<title>CRISTALLO BURATTATO DIASPRO BRECCIATO<\/title>\n<meta name=\"robots\" content=\"index, follow, max-snippet:-1, max-image-preview:large, max-video-preview:-1\" \/>\n<link rel=\"canonical\" href=\"https:\/\/www.erboristerie.com\/it\/prodotto\/cristallo-burattato-diaspro-brecciato\/\" \/>\n<meta property=\"og:locale\" content=\"it_IT\" \/>\n<meta property=\"og:type\" content=\"article\" \/>\n<meta property=\"og:title\" content=\"CRISTALLO BURATTATO DIASPRO BRECCIATO\" \/>\n<meta property=\"og:description\" content=\"DIASPRO Classe minerale: ossidi, gruppo dei quarziFormula chimica: SiO2 + Fe, O, OH, SiSistema cristallino: trigonaleProcesso litogenetico: secondario Colore: rosso, bruno, verde, giallo e multicoloreIn connessione con la Natura Il Diaspro \u00e8 una variet\u00e0 di Calcedonio, compatto e opaco, e si pu\u00f2 trovare di un...\" \/>\n<meta property=\"og:url\" content=\"https:\/\/www.erboristerie.com\/it\/prodotto\/cristallo-burattato-diaspro-brecciato\/\" \/>\n<meta property=\"og:site_name\" content=\"Erboristeria Demetra\" \/>\n<meta property=\"article:publisher\" content=\"https:\/\/www.facebook.com\/erboristeria.demetra.online\" \/>\n<meta property=\"article:modified_time\" content=\"2020-08-20T17:06:12+00:00\" \/>\n<meta property=\"og:image\" content=\"https:\/\/www.erboristerie.com\/wp-content\/uploads\/2019\/01\/products-00002593.jpg\" \/>\n\t<meta property=\"og:image:width\" content=\"386\" \/>\n\t<meta property=\"og:image:height\" content=\"361\" \/>\n\t<meta property=\"og:image:type\" content=\"image\/jpeg\" \/>\n<meta name=\"twitter:card\" content=\"summary_large_image\" \/>\n<meta name=\"twitter:label1\" content=\"Tempo di lettura stimato\" \/>\n\t<meta name=\"twitter:data1\" content=\"2 minuti\" \/>\n<script type=\"application\/ld+json\" class=\"yoast-schema-graph\">{\"@context\":\"https:\/\/schema.org\",\"@graph\":[{\"@type\":\"WebPage\",\"@id\":\"https:\/\/www.erboristerie.com\/it\/prodotto\/cristallo-burattato-diaspro-brecciato\/\",\"url\":\"https:\/\/www.erboristerie.com\/it\/prodotto\/cristallo-burattato-diaspro-brecciato\/\",\"name\":\"CRISTALLO BURATTATO DIASPRO BRECCIATO\",\"isPartOf\":{\"@id\":\"https:\/\/www.erboristerie.com\/it\/#website\"},\"primaryImageOfPage\":{\"@id\":\"https:\/\/www.erboristerie.com\/it\/prodotto\/cristallo-burattato-diaspro-brecciato\/#primaryimage\"},\"image\":{\"@id\":\"https:\/\/www.erboristerie.com\/it\/prodotto\/cristallo-burattato-diaspro-brecciato\/#primaryimage\"},\"thumbnailUrl\":\"https:\/\/www.erboristerie.com\/wp-content\/uploads\/2019\/01\/products-00002593.jpg\",\"datePublished\":\"2007-08-03T14:42:12+00:00\",\"dateModified\":\"2020-08-20T17:06:12+00:00\",\"breadcrumb\":{\"@id\":\"https:\/\/www.erboristerie.com\/it\/prodotto\/cristallo-burattato-diaspro-brecciato\/#breadcrumb\"},\"inLanguage\":\"it-IT\",\"potentialAction\":[{\"@type\":\"ReadAction\",\"target\":[\"https:\/\/www.erboristerie.com\/it\/prodotto\/cristallo-burattato-diaspro-brecciato\/\"]}]},{\"@type\":\"ImageObject\",\"inLanguage\":\"it-IT\",\"@id\":\"https:\/\/www.erboristerie.com\/it\/prodotto\/cristallo-burattato-diaspro-brecciato\/#primaryimage\",\"url\":\"https:\/\/www.erboristerie.com\/wp-content\/uploads\/2019\/01\/products-00002593.jpg\",\"contentUrl\":\"https:\/\/www.erboristerie.com\/wp-content\/uploads\/2019\/01\/products-00002593.jpg\",\"width\":386,\"height\":361,\"caption\":\"CRISTALLO BURATTATO DIASPRO BRECCIATO\"},{\"@type\":\"BreadcrumbList\",\"@id\":\"https:\/\/www.erboristerie.com\/it\/prodotto\/cristallo-burattato-diaspro-brecciato\/#breadcrumb\",\"itemListElement\":[{\"@type\":\"ListItem\",\"position\":1,\"name\":\"Home\",\"item\":\"https:\/\/www.erboristerie.com\/it\/\"},{\"@type\":\"ListItem\",\"position\":2,\"name\":\"Tutti i prodotti\",\"item\":\"https:\/\/www.erboristerie.com\/it\/tutti-i-prodotti\/\"},{\"@type\":\"ListItem\",\"position\":3,\"name\":\"CRISTALLO BURATTATO DIASPRO BRECCIATO\"}]},{\"@type\":\"WebSite\",\"@id\":\"https:\/\/www.erboristerie.com\/it\/#website\",\"url\":\"https:\/\/www.erboristerie.com\/it\/\",\"name\":\"Erboristeria Demetra\",\"description\":\"La tua salute al naturale\",\"publisher\":{\"@id\":\"https:\/\/www.erboristerie.com\/it\/#organization\"},\"potentialAction\":[{\"@type\":\"SearchAction\",\"target\":{\"@type\":\"EntryPoint\",\"urlTemplate\":\"https:\/\/www.erboristerie.com\/it\/?s={search_term_string}\"},\"query-input\":{\"@type\":\"PropertyValueSpecification\",\"valueRequired\":true,\"valueName\":\"search_term_string\"}}],\"inLanguage\":\"it-IT\"},{\"@type\":\"Organization\",\"@id\":\"https:\/\/www.erboristerie.com\/it\/#organization\",\"name\":\"Erboristeria Demetra\",\"url\":\"https:\/\/www.erboristerie.com\/it\/\",\"logo\":{\"@type\":\"ImageObject\",\"inLanguage\":\"it-IT\",\"@id\":\"https:\/\/www.erboristerie.com\/it\/#\/schema\/logo\/image\/\",\"url\":\"https:\/\/www.erboristerie.com\/wp-content\/uploads\/2019\/11\/LOGO_ERBORISTERIA_DEMETRA_original.png?v=1611516981\",\"contentUrl\":\"https:\/\/www.erboristerie.com\/wp-content\/uploads\/2019\/11\/LOGO_ERBORISTERIA_DEMETRA_original.png?v=1611516981\",\"width\":201,\"height\":54,\"caption\":\"Erboristeria Demetra\"},\"image\":{\"@id\":\"https:\/\/www.erboristerie.com\/it\/#\/schema\/logo\/image\/\"},\"sameAs\":[\"https:\/\/www.facebook.com\/erboristeria.demetra.online\"]}]}<\/script>\n<!-- \/ Yoast SEO plugin. -->","yoast_head_json":{"title":"CRISTALLO BURATTATO DIASPRO BRECCIATO","robots":{"index":"index","follow":"follow","max-snippet":"max-snippet:-1","max-image-preview":"max-image-preview:large","max-video-preview":"max-video-preview:-1"},"canonical":"https:\/\/www.erboristerie.com\/it\/prodotto\/cristallo-burattato-diaspro-brecciato\/","og_locale":"it_IT","og_type":"article","og_title":"CRISTALLO BURATTATO DIASPRO BRECCIATO","og_description":"DIASPRO Classe minerale: ossidi, gruppo dei quarziFormula chimica: SiO2 + Fe, O, OH, SiSistema cristallino: trigonaleProcesso litogenetico: secondario Colore: rosso, bruno, verde, giallo e multicoloreIn connessione con la Natura Il Diaspro \u00e8 una variet\u00e0 di Calcedonio, compatto e opaco, e si pu\u00f2 trovare di un...","og_url":"https:\/\/www.erboristerie.com\/it\/prodotto\/cristallo-burattato-diaspro-brecciato\/","og_site_name":"Erboristeria Demetra","article_publisher":"https:\/\/www.facebook.com\/erboristeria.demetra.online","article_modified_time":"2020-08-20T17:06:12+00:00","og_image":[{"width":386,"height":361,"url":"https:\/\/www.erboristerie.com\/wp-content\/uploads\/2019\/01\/products-00002593.jpg","type":"image\/jpeg"}],"twitter_card":"summary_large_image","twitter_misc":{"Tempo di lettura stimato":"2 minuti"},"schema":{"@context":"https:\/\/schema.org","@graph":[{"@type":"WebPage","@id":"https:\/\/www.erboristerie.com\/it\/prodotto\/cristallo-burattato-diaspro-brecciato\/","url":"https:\/\/www.erboristerie.com\/it\/prodotto\/cristallo-burattato-diaspro-brecciato\/","name":"CRISTALLO BURATTATO DIASPRO BRECCIATO","isPartOf":{"@id":"https:\/\/www.erboristerie.com\/it\/#website"},"primaryImageOfPage":{"@id":"https:\/\/www.erboristerie.com\/it\/prodotto\/cristallo-burattato-diaspro-brecciato\/#primaryimage"},"image":{"@id":"https:\/\/www.erboristerie.com\/it\/prodotto\/cristallo-burattato-diaspro-brecciato\/#primaryimage"},"thumbnailUrl":"https:\/\/www.erboristerie.com\/wp-content\/uploads\/2019\/01\/products-00002593.jpg","datePublished":"2007-08-03T14:42:12+00:00","dateModified":"2020-08-20T17:06:12+00:00","breadcrumb":{"@id":"https:\/\/www.erboristerie.com\/it\/prodotto\/cristallo-burattato-diaspro-brecciato\/#breadcrumb"},"inLanguage":"it-IT","potentialAction":[{"@type":"ReadAction","target":["https:\/\/www.erboristerie.com\/it\/prodotto\/cristallo-burattato-diaspro-brecciato\/"]}]},{"@type":"ImageObject","inLanguage":"it-IT","@id":"https:\/\/www.erboristerie.com\/it\/prodotto\/cristallo-burattato-diaspro-brecciato\/#primaryimage","url":"https:\/\/www.erboristerie.com\/wp-content\/uploads\/2019\/01\/products-00002593.jpg","contentUrl":"https:\/\/www.erboristerie.com\/wp-content\/uploads\/2019\/01\/products-00002593.jpg","width":386,"height":361,"caption":"CRISTALLO BURATTATO DIASPRO BRECCIATO"},{"@type":"BreadcrumbList","@id":"https:\/\/www.erboristerie.com\/it\/prodotto\/cristallo-burattato-diaspro-brecciato\/#breadcrumb","itemListElement":[{"@type":"ListItem","position":1,"name":"Home","item":"https:\/\/www.erboristerie.com\/it\/"},{"@type":"ListItem","position":2,"name":"Tutti i prodotti","item":"https:\/\/www.erboristerie.com\/it\/tutti-i-prodotti\/"},{"@type":"ListItem","position":3,"name":"CRISTALLO BURATTATO DIASPRO BRECCIATO"}]},{"@type":"WebSite","@id":"https:\/\/www.erboristerie.com\/it\/#website","url":"https:\/\/www.erboristerie.com\/it\/","name":"Erboristeria Demetra","description":"La tua salute al naturale","publisher":{"@id":"https:\/\/www.erboristerie.com\/it\/#organization"},"potentialAction":[{"@type":"SearchAction","target":{"@type":"EntryPoint","urlTemplate":"https:\/\/www.erboristerie.com\/it\/?s={search_term_string}"},"query-input":{"@type":"PropertyValueSpecification","valueRequired":true,"valueName":"search_term_string"}}],"inLanguage":"it-IT"},{"@type":"Organization","@id":"https:\/\/www.erboristerie.com\/it\/#organization","name":"Erboristeria Demetra","url":"https:\/\/www.erboristerie.com\/it\/","logo":{"@type":"ImageObject","inLanguage":"it-IT","@id":"https:\/\/www.erboristerie.com\/it\/#\/schema\/logo\/image\/","url":"https:\/\/www.erboristerie.com\/wp-content\/uploads\/2019\/11\/LOGO_ERBORISTERIA_DEMETRA_original.png?v=1611516981","contentUrl":"https:\/\/www.erboristerie.com\/wp-content\/uploads\/2019\/11\/LOGO_ERBORISTERIA_DEMETRA_original.png?v=1611516981","width":201,"height":54,"caption":"Erboristeria Demetra"},"image":{"@id":"https:\/\/www.erboristerie.com\/it\/#\/schema\/logo\/image\/"},"sameAs":["https:\/\/www.facebook.com\/erboristeria.demetra.online"]}]}},"_links":{"self":[{"href":"https:\/\/www.erboristerie.com\/it\/wp-json\/wp\/v2\/product\/53406","targetHints":{"allow":["GET"]}}],"collection":[{"href":"https:\/\/www.erboristerie.com\/it\/wp-json\/wp\/v2\/product"}],"about":[{"href":"https:\/\/www.erboristerie.com\/it\/wp-json\/wp\/v2\/types\/product"}],"wp:featuredmedia":[{"embeddable":true,"href":"https:\/\/www.erboristerie.com\/it\/wp-json\/wp\/v2\/media\/53407"}],"wp:attachment":[{"href":"https:\/\/www.erboristerie.com\/it\/wp-json\/wp\/v2\/media?parent=53406"}],"wp:term":[{"taxonomy":"product_brand","embeddable":true,"href":"https:\/\/www.erboristerie.com\/it\/wp-json\/wp\/v2\/product_brand?post=53406"},{"taxonomy":"product_cat","embeddable":true,"href":"https:\/\/www.erboristerie.com\/it\/wp-json\/wp\/v2\/product_cat?post=53406"},{"taxonomy":"product_tag","embeddable":true,"href":"https:\/\/www.erboristerie.com\/it\/wp-json\/wp\/v2\/product_tag?post=53406"},{"taxonomy":"giftcard-category","embeddable":true,"href":"https:\/\/www.erboristerie.com\/it\/wp-json\/wp\/v2\/giftcard-category?post=53406"}],"curies":[{"name":"wp","href":"https:\/\/api.w.org\/{rel}","templated":true}]}}