{"id":52742,"date":"2008-05-09T12:45:11","date_gmt":"2008-05-09T10:45:11","guid":{"rendered":"http:\/\/www.erboristerie.com\/?post_type=product&#038;p=52742"},"modified":"2025-11-21T19:27:08","modified_gmt":"2025-11-21T18:27:08","slug":"issopo-biologico-parte-aerea-in-taglio-tisana-hyssopus-officinalis","status":"publish","type":"product","link":"https:\/\/www.erboristerie.com\/it\/prodotto\/issopo-biologico-parte-aerea-in-taglio-tisana-hyssopus-officinalis\/","title":{"rendered":"Issopo Biologico Parte Aerea in Taglio Tisana (Hyssopus officinalis)"},"content":{"rendered":"<p><strong>Parte Aerea di Issopo Biologico in Taglio Tisana (Hyssopus officinalis)<\/strong><\/p>\n<p>L&#8217;Issopo (Hyssopus officinalis) \u00e8 una pianta aromatica appartenente alla famiglia delle Lamiaceae, conosciuta sin dall&#8217;antichit\u00e0 per le sue propriet\u00e0 benefiche.<\/p>\n<p>Utilizzato tradizionalmente nelle tisane, l\u2019Issopo favorisce il benessere delle vie respiratorie e contribuisce alla digestione.<\/p>\n<p>Questa versione biologica garantisce un prodotto di alta qualit\u00e0, senza l\u2019uso di pesticidi o sostanze chimiche, mantenendo inalterate le sue preziose caratteristiche naturali.<\/p>\n<p><strong>Modalit\u00e0 di preparazione<\/strong><\/p>\n<p>Utilizzare 1 cucchiaio di erba per tazza d\u2019acqua bollente, lasciare in infusione per 10 minuti con coperchio, quindi filtrare.<\/p>\n<p>Si consiglia di bere fino a 2-3 tazze al giorno, preferibilmente lontano dai pasti.<\/p>\n<p>Un infuso dall\u2019aroma intenso, ideale per chi cerca un supporto naturale per il benessere respiratorio e digestivo.<\/p>\n","protected":false},"excerpt":{"rendered":"<p>Parte Aerea di Issopo Biologico in Taglio Tisana (Hyssopus officinalis) L&#8217;Issopo (Hyssopus officinalis) \u00e8 una pianta aromatica appartenente alla famiglia delle Lamiaceae, conosciuta sin dall&#8217;antichit\u00e0 per le sue propriet\u00e0 benefiche. Utilizzato tradizionalmente nelle tisane, l\u2019Issopo favorisce il benessere delle vie respiratorie e contribuisce alla digestione&#8230;.<\/p>\n","protected":false},"featured_media":50903,"template":"","meta":{"_acf_changed":false},"product_brand":[9617],"product_cat":[10063],"product_tag":[19605,21103,11688,11687,11156,11138,12561],"giftcard-category":[],"class_list":{"0":"post-52742","1":"product","2":"type-product","3":"status-publish","4":"has-post-thumbnail","6":"product_brand-erbamea","7":"product_cat-erbe-g-i-k-l","8":"product_tag-bio-2","9":"product_tag-gr-2","10":"product_tag-hyssopus","11":"product_tag-issopo","12":"product_tag-officinalis","13":"product_tag-sommita","14":"product_tag-sommita-38","15":"pa_tipologia-erbe-sfuse","17":"first","18":"instock","19":"sale","20":"taxable","21":"shipping-taxable","22":"purchasable","23":"product-type-variable"},"acf":[],"yoast_head":"<!-- This site is optimized with the Yoast SEO plugin v24.9 - https:\/\/yoast.com\/wordpress\/plugins\/seo\/ -->\n<title>Issopo Biologico Parte Aerea in Taglio Tisana (Hyssopus officinalis) - Erboristeria Demetra<\/title>\n<meta name=\"description\" content=\"L&#039;Issopo (Hyssopus officinalis) \u00e8 una pianta aromatica appartenente, famiglia Lamiaceae, conosciuta sin dall&#039;antichit\u00e0 per le sue propriet\u00e0 benefiche.\" \/>\n<meta name=\"robots\" content=\"index, follow, max-snippet:-1, max-image-preview:large, max-video-preview:-1\" \/>\n<link rel=\"canonical\" href=\"https:\/\/www.erboristerie.com\/it\/prodotto\/issopo-biologico-parte-aerea-in-taglio-tisana-hyssopus-officinalis\/\" \/>\n<meta property=\"og:locale\" content=\"it_IT\" \/>\n<meta property=\"og:type\" content=\"article\" \/>\n<meta property=\"og:title\" content=\"Issopo Biologico Parte Aerea in Taglio Tisana (Hyssopus officinalis) - Erboristeria Demetra\" \/>\n<meta property=\"og:description\" content=\"L&#039;Issopo (Hyssopus officinalis) \u00e8 una pianta aromatica appartenente, famiglia Lamiaceae, conosciuta sin dall&#039;antichit\u00e0 per le sue propriet\u00e0 benefiche.\" \/>\n<meta property=\"og:url\" content=\"https:\/\/www.erboristerie.com\/it\/prodotto\/issopo-biologico-parte-aerea-in-taglio-tisana-hyssopus-officinalis\/\" \/>\n<meta property=\"og:site_name\" content=\"Erboristeria Demetra\" \/>\n<meta property=\"article:publisher\" content=\"https:\/\/www.facebook.com\/erboristeria.demetra.online\" \/>\n<meta property=\"article:modified_time\" content=\"2025-11-21T18:27:08+00:00\" \/>\n<meta property=\"og:image\" content=\"https:\/\/www.erboristerie.com\/wp-content\/uploads\/2019\/01\/products-00001716.jpg\" \/>\n\t<meta property=\"og:image:width\" content=\"350\" \/>\n\t<meta property=\"og:image:height\" content=\"458\" \/>\n\t<meta property=\"og:image:type\" content=\"image\/jpeg\" \/>\n<meta name=\"twitter:card\" content=\"summary_large_image\" \/>\n<meta name=\"twitter:label1\" content=\"Tempo di lettura stimato\" \/>\n\t<meta name=\"twitter:data1\" content=\"1 minuto\" \/>\n<script type=\"application\/ld+json\" class=\"yoast-schema-graph\">{\"@context\":\"https:\/\/schema.org\",\"@graph\":[{\"@type\":\"WebPage\",\"@id\":\"https:\/\/www.erboristerie.com\/it\/prodotto\/issopo-biologico-parte-aerea-in-taglio-tisana-hyssopus-officinalis\/\",\"url\":\"https:\/\/www.erboristerie.com\/it\/prodotto\/issopo-biologico-parte-aerea-in-taglio-tisana-hyssopus-officinalis\/\",\"name\":\"Issopo Biologico Parte Aerea in Taglio Tisana (Hyssopus officinalis) - Erboristeria Demetra\",\"isPartOf\":{\"@id\":\"https:\/\/www.erboristerie.com\/it\/#website\"},\"primaryImageOfPage\":{\"@id\":\"https:\/\/www.erboristerie.com\/it\/prodotto\/issopo-biologico-parte-aerea-in-taglio-tisana-hyssopus-officinalis\/#primaryimage\"},\"image\":{\"@id\":\"https:\/\/www.erboristerie.com\/it\/prodotto\/issopo-biologico-parte-aerea-in-taglio-tisana-hyssopus-officinalis\/#primaryimage\"},\"thumbnailUrl\":\"https:\/\/www.erboristerie.com\/wp-content\/uploads\/2019\/01\/products-00001716.jpg\",\"datePublished\":\"2008-05-09T10:45:11+00:00\",\"dateModified\":\"2025-11-21T18:27:08+00:00\",\"description\":\"L'Issopo (Hyssopus officinalis) \u00e8 una pianta aromatica appartenente, famiglia Lamiaceae, conosciuta sin dall'antichit\u00e0 per le sue propriet\u00e0 benefiche.\",\"breadcrumb\":{\"@id\":\"https:\/\/www.erboristerie.com\/it\/prodotto\/issopo-biologico-parte-aerea-in-taglio-tisana-hyssopus-officinalis\/#breadcrumb\"},\"inLanguage\":\"it-IT\",\"potentialAction\":[{\"@type\":\"ReadAction\",\"target\":[\"https:\/\/www.erboristerie.com\/it\/prodotto\/issopo-biologico-parte-aerea-in-taglio-tisana-hyssopus-officinalis\/\"]}]},{\"@type\":\"ImageObject\",\"inLanguage\":\"it-IT\",\"@id\":\"https:\/\/www.erboristerie.com\/it\/prodotto\/issopo-biologico-parte-aerea-in-taglio-tisana-hyssopus-officinalis\/#primaryimage\",\"url\":\"https:\/\/www.erboristerie.com\/wp-content\/uploads\/2019\/01\/products-00001716.jpg\",\"contentUrl\":\"https:\/\/www.erboristerie.com\/wp-content\/uploads\/2019\/01\/products-00001716.jpg\",\"width\":350,\"height\":458,\"caption\":\"Erbe officinali\"},{\"@type\":\"BreadcrumbList\",\"@id\":\"https:\/\/www.erboristerie.com\/it\/prodotto\/issopo-biologico-parte-aerea-in-taglio-tisana-hyssopus-officinalis\/#breadcrumb\",\"itemListElement\":[{\"@type\":\"ListItem\",\"position\":1,\"name\":\"Home\",\"item\":\"https:\/\/www.erboristerie.com\/it\/\"},{\"@type\":\"ListItem\",\"position\":2,\"name\":\"Tutti i prodotti\",\"item\":\"https:\/\/www.erboristerie.com\/it\/tutti-i-prodotti\/\"},{\"@type\":\"ListItem\",\"position\":3,\"name\":\"Issopo Biologico Parte Aerea in Taglio Tisana (Hyssopus officinalis)\"}]},{\"@type\":\"WebSite\",\"@id\":\"https:\/\/www.erboristerie.com\/it\/#website\",\"url\":\"https:\/\/www.erboristerie.com\/it\/\",\"name\":\"Erboristeria Demetra\",\"description\":\"La tua salute al naturale\",\"publisher\":{\"@id\":\"https:\/\/www.erboristerie.com\/it\/#organization\"},\"potentialAction\":[{\"@type\":\"SearchAction\",\"target\":{\"@type\":\"EntryPoint\",\"urlTemplate\":\"https:\/\/www.erboristerie.com\/it\/?s={search_term_string}\"},\"query-input\":{\"@type\":\"PropertyValueSpecification\",\"valueRequired\":true,\"valueName\":\"search_term_string\"}}],\"inLanguage\":\"it-IT\"},{\"@type\":\"Organization\",\"@id\":\"https:\/\/www.erboristerie.com\/it\/#organization\",\"name\":\"Erboristeria Demetra\",\"url\":\"https:\/\/www.erboristerie.com\/it\/\",\"logo\":{\"@type\":\"ImageObject\",\"inLanguage\":\"it-IT\",\"@id\":\"https:\/\/www.erboristerie.com\/it\/#\/schema\/logo\/image\/\",\"url\":\"https:\/\/www.erboristerie.com\/wp-content\/uploads\/2019\/11\/LOGO_ERBORISTERIA_DEMETRA_original.png?v=1611516981\",\"contentUrl\":\"https:\/\/www.erboristerie.com\/wp-content\/uploads\/2019\/11\/LOGO_ERBORISTERIA_DEMETRA_original.png?v=1611516981\",\"width\":201,\"height\":54,\"caption\":\"Erboristeria Demetra\"},\"image\":{\"@id\":\"https:\/\/www.erboristerie.com\/it\/#\/schema\/logo\/image\/\"},\"sameAs\":[\"https:\/\/www.facebook.com\/erboristeria.demetra.online\"]}]}<\/script>\n<!-- \/ Yoast SEO plugin. -->","yoast_head_json":{"title":"Issopo Biologico Parte Aerea in Taglio Tisana (Hyssopus officinalis) - Erboristeria Demetra","description":"L'Issopo (Hyssopus officinalis) \u00e8 una pianta aromatica appartenente, famiglia Lamiaceae, conosciuta sin dall'antichit\u00e0 per le sue propriet\u00e0 benefiche.","robots":{"index":"index","follow":"follow","max-snippet":"max-snippet:-1","max-image-preview":"max-image-preview:large","max-video-preview":"max-video-preview:-1"},"canonical":"https:\/\/www.erboristerie.com\/it\/prodotto\/issopo-biologico-parte-aerea-in-taglio-tisana-hyssopus-officinalis\/","og_locale":"it_IT","og_type":"article","og_title":"Issopo Biologico Parte Aerea in Taglio Tisana (Hyssopus officinalis) - Erboristeria Demetra","og_description":"L'Issopo (Hyssopus officinalis) \u00e8 una pianta aromatica appartenente, famiglia Lamiaceae, conosciuta sin dall'antichit\u00e0 per le sue propriet\u00e0 benefiche.","og_url":"https:\/\/www.erboristerie.com\/it\/prodotto\/issopo-biologico-parte-aerea-in-taglio-tisana-hyssopus-officinalis\/","og_site_name":"Erboristeria Demetra","article_publisher":"https:\/\/www.facebook.com\/erboristeria.demetra.online","article_modified_time":"2025-11-21T18:27:08+00:00","og_image":[{"width":350,"height":458,"url":"https:\/\/www.erboristerie.com\/wp-content\/uploads\/2019\/01\/products-00001716.jpg","type":"image\/jpeg"}],"twitter_card":"summary_large_image","twitter_misc":{"Tempo di lettura stimato":"1 minuto"},"schema":{"@context":"https:\/\/schema.org","@graph":[{"@type":"WebPage","@id":"https:\/\/www.erboristerie.com\/it\/prodotto\/issopo-biologico-parte-aerea-in-taglio-tisana-hyssopus-officinalis\/","url":"https:\/\/www.erboristerie.com\/it\/prodotto\/issopo-biologico-parte-aerea-in-taglio-tisana-hyssopus-officinalis\/","name":"Issopo Biologico Parte Aerea in Taglio Tisana (Hyssopus officinalis) - Erboristeria Demetra","isPartOf":{"@id":"https:\/\/www.erboristerie.com\/it\/#website"},"primaryImageOfPage":{"@id":"https:\/\/www.erboristerie.com\/it\/prodotto\/issopo-biologico-parte-aerea-in-taglio-tisana-hyssopus-officinalis\/#primaryimage"},"image":{"@id":"https:\/\/www.erboristerie.com\/it\/prodotto\/issopo-biologico-parte-aerea-in-taglio-tisana-hyssopus-officinalis\/#primaryimage"},"thumbnailUrl":"https:\/\/www.erboristerie.com\/wp-content\/uploads\/2019\/01\/products-00001716.jpg","datePublished":"2008-05-09T10:45:11+00:00","dateModified":"2025-11-21T18:27:08+00:00","description":"L'Issopo (Hyssopus officinalis) \u00e8 una pianta aromatica appartenente, famiglia Lamiaceae, conosciuta sin dall'antichit\u00e0 per le sue propriet\u00e0 benefiche.","breadcrumb":{"@id":"https:\/\/www.erboristerie.com\/it\/prodotto\/issopo-biologico-parte-aerea-in-taglio-tisana-hyssopus-officinalis\/#breadcrumb"},"inLanguage":"it-IT","potentialAction":[{"@type":"ReadAction","target":["https:\/\/www.erboristerie.com\/it\/prodotto\/issopo-biologico-parte-aerea-in-taglio-tisana-hyssopus-officinalis\/"]}]},{"@type":"ImageObject","inLanguage":"it-IT","@id":"https:\/\/www.erboristerie.com\/it\/prodotto\/issopo-biologico-parte-aerea-in-taglio-tisana-hyssopus-officinalis\/#primaryimage","url":"https:\/\/www.erboristerie.com\/wp-content\/uploads\/2019\/01\/products-00001716.jpg","contentUrl":"https:\/\/www.erboristerie.com\/wp-content\/uploads\/2019\/01\/products-00001716.jpg","width":350,"height":458,"caption":"Erbe officinali"},{"@type":"BreadcrumbList","@id":"https:\/\/www.erboristerie.com\/it\/prodotto\/issopo-biologico-parte-aerea-in-taglio-tisana-hyssopus-officinalis\/#breadcrumb","itemListElement":[{"@type":"ListItem","position":1,"name":"Home","item":"https:\/\/www.erboristerie.com\/it\/"},{"@type":"ListItem","position":2,"name":"Tutti i prodotti","item":"https:\/\/www.erboristerie.com\/it\/tutti-i-prodotti\/"},{"@type":"ListItem","position":3,"name":"Issopo Biologico Parte Aerea in Taglio Tisana (Hyssopus officinalis)"}]},{"@type":"WebSite","@id":"https:\/\/www.erboristerie.com\/it\/#website","url":"https:\/\/www.erboristerie.com\/it\/","name":"Erboristeria Demetra","description":"La tua salute al naturale","publisher":{"@id":"https:\/\/www.erboristerie.com\/it\/#organization"},"potentialAction":[{"@type":"SearchAction","target":{"@type":"EntryPoint","urlTemplate":"https:\/\/www.erboristerie.com\/it\/?s={search_term_string}"},"query-input":{"@type":"PropertyValueSpecification","valueRequired":true,"valueName":"search_term_string"}}],"inLanguage":"it-IT"},{"@type":"Organization","@id":"https:\/\/www.erboristerie.com\/it\/#organization","name":"Erboristeria Demetra","url":"https:\/\/www.erboristerie.com\/it\/","logo":{"@type":"ImageObject","inLanguage":"it-IT","@id":"https:\/\/www.erboristerie.com\/it\/#\/schema\/logo\/image\/","url":"https:\/\/www.erboristerie.com\/wp-content\/uploads\/2019\/11\/LOGO_ERBORISTERIA_DEMETRA_original.png?v=1611516981","contentUrl":"https:\/\/www.erboristerie.com\/wp-content\/uploads\/2019\/11\/LOGO_ERBORISTERIA_DEMETRA_original.png?v=1611516981","width":201,"height":54,"caption":"Erboristeria Demetra"},"image":{"@id":"https:\/\/www.erboristerie.com\/it\/#\/schema\/logo\/image\/"},"sameAs":["https:\/\/www.facebook.com\/erboristeria.demetra.online"]}]}},"_links":{"self":[{"href":"https:\/\/www.erboristerie.com\/it\/wp-json\/wp\/v2\/product\/52742","targetHints":{"allow":["GET"]}}],"collection":[{"href":"https:\/\/www.erboristerie.com\/it\/wp-json\/wp\/v2\/product"}],"about":[{"href":"https:\/\/www.erboristerie.com\/it\/wp-json\/wp\/v2\/types\/product"}],"wp:featuredmedia":[{"embeddable":true,"href":"https:\/\/www.erboristerie.com\/it\/wp-json\/wp\/v2\/media\/50903"}],"wp:attachment":[{"href":"https:\/\/www.erboristerie.com\/it\/wp-json\/wp\/v2\/media?parent=52742"}],"wp:term":[{"taxonomy":"product_brand","embeddable":true,"href":"https:\/\/www.erboristerie.com\/it\/wp-json\/wp\/v2\/product_brand?post=52742"},{"taxonomy":"product_cat","embeddable":true,"href":"https:\/\/www.erboristerie.com\/it\/wp-json\/wp\/v2\/product_cat?post=52742"},{"taxonomy":"product_tag","embeddable":true,"href":"https:\/\/www.erboristerie.com\/it\/wp-json\/wp\/v2\/product_tag?post=52742"},{"taxonomy":"giftcard-category","embeddable":true,"href":"https:\/\/www.erboristerie.com\/it\/wp-json\/wp\/v2\/giftcard-category?post=52742"}],"curies":[{"name":"wp","href":"https:\/\/api.w.org\/{rel}","templated":true}]}}