{"id":52682,"date":"2008-05-09T12:45:10","date_gmt":"2008-05-09T10:45:10","guid":{"rendered":"http:\/\/www.erboristerie.com\/?post_type=product&#038;p=52682"},"modified":"2025-02-22T19:35:38","modified_gmt":"2025-02-22T18:35:38","slug":"ortosiphon-o-te-di-giava-foglie-taglio-tisana-orthosiphon-stamineus","status":"publish","type":"product","link":"https:\/\/www.erboristerie.com\/it\/prodotto\/ortosiphon-o-te-di-giava-foglie-taglio-tisana-orthosiphon-stamineus\/","title":{"rendered":"Ortosiphon o T\u00e8 di Giava foglie taglio tisana (Orthosiphon stamineus)"},"content":{"rendered":"<p><strong>Foglie in taglio tisana di Ortosifonide (Ortosiphon stamineus) chiamato anche T\u00e8 di Giava o Baffo di Gatto<\/strong><\/p>\n<p data-start=\"110\" data-end=\"324\">L&#8217;Ortosifonide \u00e8 noto per le sue propriet\u00e0 diuretiche e per il supporto che offre alla salute delle vie urinarie.<\/p>\n<p data-start=\"110\" data-end=\"324\">\u00c8 utilizzato per favorire l&#8217;eliminazione dei liquidi in eccesso e per supportare la funzione renale.<\/p>\n<p data-start=\"326\" data-end=\"564\" data-is-last-node=\"\" data-is-only-node=\"\"><strong>Modalit\u00e0 di utilizzo<\/strong><\/p>\n<p data-start=\"326\" data-end=\"564\" data-is-last-node=\"\" data-is-only-node=\"\">Per preparare la tisana, aggiungere 1-2 cucchiaini di foglie in una tazza di acqua bollente, lasciare in infusione per circa 10-15 minuti, filtrare e bere.<\/p>\n<p data-start=\"326\" data-end=\"564\" data-is-last-node=\"\" data-is-only-node=\"\">Si consiglia di consumarla 1-2 volte al giorno, preferibilmente lontano dai pasti.<\/p>\n","protected":false},"excerpt":{"rendered":"<p>Foglie in taglio tisana di Ortosifonide (Ortosiphon stamineus) chiamato anche T\u00e8 di Giava o Baffo di Gatto L&#8217;Ortosifonide \u00e8 noto per le sue propriet\u00e0 diuretiche e per il supporto che offre alla salute delle vie urinarie. \u00c8 utilizzato per favorire l&#8217;eliminazione dei liquidi in eccesso&#8230;<\/p>\n","protected":false},"featured_media":50903,"template":"","meta":{"_acf_changed":false},"product_brand":[9601],"product_cat":[10071],"product_tag":[21043,21103,11629,12837],"giftcard-category":[],"class_list":{"0":"post-52682","1":"product","2":"type-product","3":"status-publish","4":"has-post-thumbnail","6":"product_brand-brisighello-pietro-fu-e","7":"product_cat-erbe-o-p-q","8":"product_tag-giava-2","9":"product_tag-gr-2","10":"product_tag-ortosiphon","11":"product_tag-te-26","13":"first","14":"instock","15":"sale","16":"taxable","17":"shipping-taxable","18":"purchasable","19":"product-type-variable"},"acf":[],"yoast_head":"<!-- This site is optimized with the Yoast SEO plugin v24.9 - https:\/\/yoast.com\/wordpress\/plugins\/seo\/ -->\n<title>Ortosiphon o T\u00e8 di Giava foglie taglio tisana (Orthosiphon stamineus) - Erboristeria Demetra<\/title>\n<meta name=\"description\" content=\"L&#039;Ortosifonide \u00e8 noto per le sue propriet\u00e0 diuretiche e per il supporto che offre alla salute delle vie urinarie.\" \/>\n<meta name=\"robots\" content=\"index, follow, max-snippet:-1, max-image-preview:large, max-video-preview:-1\" \/>\n<link rel=\"canonical\" href=\"https:\/\/www.erboristerie.com\/it\/prodotto\/ortosiphon-o-te-di-giava-foglie-taglio-tisana-orthosiphon-stamineus\/\" \/>\n<meta property=\"og:locale\" content=\"it_IT\" \/>\n<meta property=\"og:type\" content=\"article\" \/>\n<meta property=\"og:title\" content=\"Ortosiphon o T\u00e8 di Giava foglie taglio tisana (Orthosiphon stamineus) - Erboristeria Demetra\" \/>\n<meta property=\"og:description\" content=\"L&#039;Ortosifonide \u00e8 noto per le sue propriet\u00e0 diuretiche e per il supporto che offre alla salute delle vie urinarie.\" \/>\n<meta property=\"og:url\" content=\"https:\/\/www.erboristerie.com\/it\/prodotto\/ortosiphon-o-te-di-giava-foglie-taglio-tisana-orthosiphon-stamineus\/\" \/>\n<meta property=\"og:site_name\" content=\"Erboristeria Demetra\" \/>\n<meta property=\"article:publisher\" content=\"https:\/\/www.facebook.com\/erboristeria.demetra.online\" \/>\n<meta property=\"article:modified_time\" content=\"2025-02-22T18:35:38+00:00\" \/>\n<meta property=\"og:image\" content=\"https:\/\/www.erboristerie.com\/wp-content\/uploads\/2019\/01\/products-00001716.jpg\" \/>\n\t<meta property=\"og:image:width\" content=\"350\" \/>\n\t<meta property=\"og:image:height\" content=\"458\" \/>\n\t<meta property=\"og:image:type\" content=\"image\/jpeg\" \/>\n<meta name=\"twitter:card\" content=\"summary_large_image\" \/>\n<meta name=\"twitter:label1\" content=\"Tempo di lettura stimato\" \/>\n\t<meta name=\"twitter:data1\" content=\"1 minuto\" \/>\n<script type=\"application\/ld+json\" class=\"yoast-schema-graph\">{\"@context\":\"https:\/\/schema.org\",\"@graph\":[{\"@type\":\"WebPage\",\"@id\":\"https:\/\/www.erboristerie.com\/it\/prodotto\/ortosiphon-o-te-di-giava-foglie-taglio-tisana-orthosiphon-stamineus\/\",\"url\":\"https:\/\/www.erboristerie.com\/it\/prodotto\/ortosiphon-o-te-di-giava-foglie-taglio-tisana-orthosiphon-stamineus\/\",\"name\":\"Ortosiphon o T\u00e8 di Giava foglie taglio tisana (Orthosiphon stamineus) - Erboristeria Demetra\",\"isPartOf\":{\"@id\":\"https:\/\/www.erboristerie.com\/it\/#website\"},\"primaryImageOfPage\":{\"@id\":\"https:\/\/www.erboristerie.com\/it\/prodotto\/ortosiphon-o-te-di-giava-foglie-taglio-tisana-orthosiphon-stamineus\/#primaryimage\"},\"image\":{\"@id\":\"https:\/\/www.erboristerie.com\/it\/prodotto\/ortosiphon-o-te-di-giava-foglie-taglio-tisana-orthosiphon-stamineus\/#primaryimage\"},\"thumbnailUrl\":\"https:\/\/www.erboristerie.com\/wp-content\/uploads\/2019\/01\/products-00001716.jpg\",\"datePublished\":\"2008-05-09T10:45:10+00:00\",\"dateModified\":\"2025-02-22T18:35:38+00:00\",\"description\":\"L'Ortosifonide \u00e8 noto per le sue propriet\u00e0 diuretiche e per il supporto che offre alla salute delle vie urinarie.\",\"breadcrumb\":{\"@id\":\"https:\/\/www.erboristerie.com\/it\/prodotto\/ortosiphon-o-te-di-giava-foglie-taglio-tisana-orthosiphon-stamineus\/#breadcrumb\"},\"inLanguage\":\"it-IT\",\"potentialAction\":[{\"@type\":\"ReadAction\",\"target\":[\"https:\/\/www.erboristerie.com\/it\/prodotto\/ortosiphon-o-te-di-giava-foglie-taglio-tisana-orthosiphon-stamineus\/\"]}]},{\"@type\":\"ImageObject\",\"inLanguage\":\"it-IT\",\"@id\":\"https:\/\/www.erboristerie.com\/it\/prodotto\/ortosiphon-o-te-di-giava-foglie-taglio-tisana-orthosiphon-stamineus\/#primaryimage\",\"url\":\"https:\/\/www.erboristerie.com\/wp-content\/uploads\/2019\/01\/products-00001716.jpg\",\"contentUrl\":\"https:\/\/www.erboristerie.com\/wp-content\/uploads\/2019\/01\/products-00001716.jpg\",\"width\":350,\"height\":458,\"caption\":\"Erbe officinali\"},{\"@type\":\"BreadcrumbList\",\"@id\":\"https:\/\/www.erboristerie.com\/it\/prodotto\/ortosiphon-o-te-di-giava-foglie-taglio-tisana-orthosiphon-stamineus\/#breadcrumb\",\"itemListElement\":[{\"@type\":\"ListItem\",\"position\":1,\"name\":\"Home\",\"item\":\"https:\/\/www.erboristerie.com\/it\/\"},{\"@type\":\"ListItem\",\"position\":2,\"name\":\"Tutti i prodotti\",\"item\":\"https:\/\/www.erboristerie.com\/it\/tutti-i-prodotti\/\"},{\"@type\":\"ListItem\",\"position\":3,\"name\":\"Ortosiphon o T\u00e8 di Giava foglie taglio tisana (Orthosiphon stamineus)\"}]},{\"@type\":\"WebSite\",\"@id\":\"https:\/\/www.erboristerie.com\/it\/#website\",\"url\":\"https:\/\/www.erboristerie.com\/it\/\",\"name\":\"Erboristeria Demetra\",\"description\":\"La tua salute al naturale\",\"publisher\":{\"@id\":\"https:\/\/www.erboristerie.com\/it\/#organization\"},\"potentialAction\":[{\"@type\":\"SearchAction\",\"target\":{\"@type\":\"EntryPoint\",\"urlTemplate\":\"https:\/\/www.erboristerie.com\/it\/?s={search_term_string}\"},\"query-input\":{\"@type\":\"PropertyValueSpecification\",\"valueRequired\":true,\"valueName\":\"search_term_string\"}}],\"inLanguage\":\"it-IT\"},{\"@type\":\"Organization\",\"@id\":\"https:\/\/www.erboristerie.com\/it\/#organization\",\"name\":\"Erboristeria Demetra\",\"url\":\"https:\/\/www.erboristerie.com\/it\/\",\"logo\":{\"@type\":\"ImageObject\",\"inLanguage\":\"it-IT\",\"@id\":\"https:\/\/www.erboristerie.com\/it\/#\/schema\/logo\/image\/\",\"url\":\"https:\/\/www.erboristerie.com\/wp-content\/uploads\/2019\/11\/LOGO_ERBORISTERIA_DEMETRA_original.png?v=1611516981\",\"contentUrl\":\"https:\/\/www.erboristerie.com\/wp-content\/uploads\/2019\/11\/LOGO_ERBORISTERIA_DEMETRA_original.png?v=1611516981\",\"width\":201,\"height\":54,\"caption\":\"Erboristeria Demetra\"},\"image\":{\"@id\":\"https:\/\/www.erboristerie.com\/it\/#\/schema\/logo\/image\/\"},\"sameAs\":[\"https:\/\/www.facebook.com\/erboristeria.demetra.online\"]}]}<\/script>\n<!-- \/ Yoast SEO plugin. -->","yoast_head_json":{"title":"Ortosiphon o T\u00e8 di Giava foglie taglio tisana (Orthosiphon stamineus) - Erboristeria Demetra","description":"L'Ortosifonide \u00e8 noto per le sue propriet\u00e0 diuretiche e per il supporto che offre alla salute delle vie urinarie.","robots":{"index":"index","follow":"follow","max-snippet":"max-snippet:-1","max-image-preview":"max-image-preview:large","max-video-preview":"max-video-preview:-1"},"canonical":"https:\/\/www.erboristerie.com\/it\/prodotto\/ortosiphon-o-te-di-giava-foglie-taglio-tisana-orthosiphon-stamineus\/","og_locale":"it_IT","og_type":"article","og_title":"Ortosiphon o T\u00e8 di Giava foglie taglio tisana (Orthosiphon stamineus) - Erboristeria Demetra","og_description":"L'Ortosifonide \u00e8 noto per le sue propriet\u00e0 diuretiche e per il supporto che offre alla salute delle vie urinarie.","og_url":"https:\/\/www.erboristerie.com\/it\/prodotto\/ortosiphon-o-te-di-giava-foglie-taglio-tisana-orthosiphon-stamineus\/","og_site_name":"Erboristeria Demetra","article_publisher":"https:\/\/www.facebook.com\/erboristeria.demetra.online","article_modified_time":"2025-02-22T18:35:38+00:00","og_image":[{"width":350,"height":458,"url":"https:\/\/www.erboristerie.com\/wp-content\/uploads\/2019\/01\/products-00001716.jpg","type":"image\/jpeg"}],"twitter_card":"summary_large_image","twitter_misc":{"Tempo di lettura stimato":"1 minuto"},"schema":{"@context":"https:\/\/schema.org","@graph":[{"@type":"WebPage","@id":"https:\/\/www.erboristerie.com\/it\/prodotto\/ortosiphon-o-te-di-giava-foglie-taglio-tisana-orthosiphon-stamineus\/","url":"https:\/\/www.erboristerie.com\/it\/prodotto\/ortosiphon-o-te-di-giava-foglie-taglio-tisana-orthosiphon-stamineus\/","name":"Ortosiphon o T\u00e8 di Giava foglie taglio tisana (Orthosiphon stamineus) - Erboristeria Demetra","isPartOf":{"@id":"https:\/\/www.erboristerie.com\/it\/#website"},"primaryImageOfPage":{"@id":"https:\/\/www.erboristerie.com\/it\/prodotto\/ortosiphon-o-te-di-giava-foglie-taglio-tisana-orthosiphon-stamineus\/#primaryimage"},"image":{"@id":"https:\/\/www.erboristerie.com\/it\/prodotto\/ortosiphon-o-te-di-giava-foglie-taglio-tisana-orthosiphon-stamineus\/#primaryimage"},"thumbnailUrl":"https:\/\/www.erboristerie.com\/wp-content\/uploads\/2019\/01\/products-00001716.jpg","datePublished":"2008-05-09T10:45:10+00:00","dateModified":"2025-02-22T18:35:38+00:00","description":"L'Ortosifonide \u00e8 noto per le sue propriet\u00e0 diuretiche e per il supporto che offre alla salute delle vie urinarie.","breadcrumb":{"@id":"https:\/\/www.erboristerie.com\/it\/prodotto\/ortosiphon-o-te-di-giava-foglie-taglio-tisana-orthosiphon-stamineus\/#breadcrumb"},"inLanguage":"it-IT","potentialAction":[{"@type":"ReadAction","target":["https:\/\/www.erboristerie.com\/it\/prodotto\/ortosiphon-o-te-di-giava-foglie-taglio-tisana-orthosiphon-stamineus\/"]}]},{"@type":"ImageObject","inLanguage":"it-IT","@id":"https:\/\/www.erboristerie.com\/it\/prodotto\/ortosiphon-o-te-di-giava-foglie-taglio-tisana-orthosiphon-stamineus\/#primaryimage","url":"https:\/\/www.erboristerie.com\/wp-content\/uploads\/2019\/01\/products-00001716.jpg","contentUrl":"https:\/\/www.erboristerie.com\/wp-content\/uploads\/2019\/01\/products-00001716.jpg","width":350,"height":458,"caption":"Erbe officinali"},{"@type":"BreadcrumbList","@id":"https:\/\/www.erboristerie.com\/it\/prodotto\/ortosiphon-o-te-di-giava-foglie-taglio-tisana-orthosiphon-stamineus\/#breadcrumb","itemListElement":[{"@type":"ListItem","position":1,"name":"Home","item":"https:\/\/www.erboristerie.com\/it\/"},{"@type":"ListItem","position":2,"name":"Tutti i prodotti","item":"https:\/\/www.erboristerie.com\/it\/tutti-i-prodotti\/"},{"@type":"ListItem","position":3,"name":"Ortosiphon o T\u00e8 di Giava foglie taglio tisana (Orthosiphon stamineus)"}]},{"@type":"WebSite","@id":"https:\/\/www.erboristerie.com\/it\/#website","url":"https:\/\/www.erboristerie.com\/it\/","name":"Erboristeria Demetra","description":"La tua salute al naturale","publisher":{"@id":"https:\/\/www.erboristerie.com\/it\/#organization"},"potentialAction":[{"@type":"SearchAction","target":{"@type":"EntryPoint","urlTemplate":"https:\/\/www.erboristerie.com\/it\/?s={search_term_string}"},"query-input":{"@type":"PropertyValueSpecification","valueRequired":true,"valueName":"search_term_string"}}],"inLanguage":"it-IT"},{"@type":"Organization","@id":"https:\/\/www.erboristerie.com\/it\/#organization","name":"Erboristeria Demetra","url":"https:\/\/www.erboristerie.com\/it\/","logo":{"@type":"ImageObject","inLanguage":"it-IT","@id":"https:\/\/www.erboristerie.com\/it\/#\/schema\/logo\/image\/","url":"https:\/\/www.erboristerie.com\/wp-content\/uploads\/2019\/11\/LOGO_ERBORISTERIA_DEMETRA_original.png?v=1611516981","contentUrl":"https:\/\/www.erboristerie.com\/wp-content\/uploads\/2019\/11\/LOGO_ERBORISTERIA_DEMETRA_original.png?v=1611516981","width":201,"height":54,"caption":"Erboristeria Demetra"},"image":{"@id":"https:\/\/www.erboristerie.com\/it\/#\/schema\/logo\/image\/"},"sameAs":["https:\/\/www.facebook.com\/erboristeria.demetra.online"]}]}},"_links":{"self":[{"href":"https:\/\/www.erboristerie.com\/it\/wp-json\/wp\/v2\/product\/52682","targetHints":{"allow":["GET"]}}],"collection":[{"href":"https:\/\/www.erboristerie.com\/it\/wp-json\/wp\/v2\/product"}],"about":[{"href":"https:\/\/www.erboristerie.com\/it\/wp-json\/wp\/v2\/types\/product"}],"wp:featuredmedia":[{"embeddable":true,"href":"https:\/\/www.erboristerie.com\/it\/wp-json\/wp\/v2\/media\/50903"}],"wp:attachment":[{"href":"https:\/\/www.erboristerie.com\/it\/wp-json\/wp\/v2\/media?parent=52682"}],"wp:term":[{"taxonomy":"product_brand","embeddable":true,"href":"https:\/\/www.erboristerie.com\/it\/wp-json\/wp\/v2\/product_brand?post=52682"},{"taxonomy":"product_cat","embeddable":true,"href":"https:\/\/www.erboristerie.com\/it\/wp-json\/wp\/v2\/product_cat?post=52682"},{"taxonomy":"product_tag","embeddable":true,"href":"https:\/\/www.erboristerie.com\/it\/wp-json\/wp\/v2\/product_tag?post=52682"},{"taxonomy":"giftcard-category","embeddable":true,"href":"https:\/\/www.erboristerie.com\/it\/wp-json\/wp\/v2\/giftcard-category?post=52682"}],"curies":[{"name":"wp","href":"https:\/\/api.w.org\/{rel}","templated":true}]}}