{"id":52354,"date":"2008-03-14T09:24:19","date_gmt":"2008-03-14T09:24:19","guid":{"rendered":"http:\/\/www.erboristerie.com\/?post_type=product&#038;p=52354"},"modified":"2025-09-10T18:54:13","modified_gmt":"2025-09-10T16:54:13","slug":"crema-colorata-per-il-viso-tonalita-dattero-50ml-con-macadamia-e-avocado","status":"publish","type":"product","link":"https:\/\/www.erboristerie.com\/it\/prodotto\/crema-colorata-per-il-viso-tonalita-dattero-50ml-con-macadamia-e-avocado\/","title":{"rendered":"Crema Colorata per il Viso tonalit\u00e0 Dattero 50ml con Macadamia e Avocado"},"content":{"rendered":"<p><strong>Crema Colorata per il Viso tonalit\u00e0 Dattero (tonalit\u00e0 scura) con Macadamia e Avocado 50ml &#8211; L&#8217;Erbolario<\/strong><\/p>\n<p>Una crema idratante e protettiva colorata perfettamente in grado di sostituire i tradizionali fondotinta, tralasciando, di quest\u2019ultimi, la fastidiosa tendenza ad appesantire e seccare la pelle del viso, che si scoprir\u00e0, invece, fresca, leggera, ben nutrita e protetta!<\/p>\n<p><strong>Senza siliconi, parabeni e petrolati<\/strong><br \/>\n98% ingredienti di origine naturale<br \/>\nLa restante percentuale di ingredienti garantisce stabilit\u00e0 e gradevolezza del prodotto.<\/p>\n<p><strong>Consigli d&#8217;uso<\/strong><\/p>\n<p>Applicare come un fondotinta, stendere uniformemente su viso e collo.<\/p>\n<p><strong>Sostanze funzionali<\/strong><\/p>\n<p>Complesso vegetale di Idrolizzati proteici da Frumento, Soja, Avena e Mais, Idrossiprolina da Carota e Trealosio da Trehala Manna, Olio di Macadamia, Insaponificabile di Avocado, Acqua distillata di Rosa<\/p>\n<p><strong>Ingredienti INCI<\/strong><\/p>\n<p>aqua (water), rosa gallica flower water, caprylic\/capric triglyceride, coco-caprylate\/caprate, cetearyl alcohol, dimer dilinoleyl dimer dilinoleate, ci 77891 (titanium dioxide), sorbitol, dicaprylyl ether, decyl cocoate, polyglyceryl-2 dipolyhydroxystearate, hydrolyzed vegetable protein, leuconostoc\/radish root ferment filtrate, macadamia integrifolia seed oil, sodium stearoyl glutamate, bentonite, cetearyl glucoside, trehalose, ci 77491 (red iron oxide), ci 77492 (yellow iron oxides), parfum (fragrance), ci 77499 (black iron oxide), xanthan gum, benzyl alcohol, glycerin, persea gratissima (avocado) oil, sodium benzoate, caprylyl caprylate\/caprate, citric acid, coco-caprylate, oryza sativa (rice) powder, persea gratissima (avocado) oil unsaponifiables, ci 77002 (aluminium hydroxide), potassium sorbate, brassica campestris (rapeseed) seed oil, sodium lauroyl glutamate, sodium chloride, lysine, rosmarinus officinalis (rosemary) leaf extract, magnesium chloride, tocopherol, ascorbyl palmitate<\/p>\n<p><strong>Cosa sapere in pi\u00f9<\/strong><\/p>\n<p>100% Made in Italy<br \/>\n7 Metalli testati<br \/>\nDermatologicamente Testato<br \/>\nLAV \u2013 Dalla parte degli animali<br \/>\n12 MPaO (Period after Opening \u2013 periodo dopo l\u2019apertura)<\/p>\n","protected":false},"excerpt":{"rendered":"<p>Crema Colorata per il Viso tonalit\u00e0 Dattero (tonalit\u00e0 scura) con Macadamia e Avocado 50ml &#8211; L&#8217;Erbolario Una crema idratante e protettiva colorata perfettamente in grado di sostituire i tradizionali fondotinta, tralasciando, di quest\u2019ultimi, la fastidiosa tendenza ad appesantire e seccare la pelle del viso, che&#8230;<\/p>\n","protected":false},"featured_media":109311,"template":"","meta":{"_acf_changed":false},"product_brand":[9603],"product_cat":[45040],"product_tag":[18192,11481,18241,11485],"giftcard-category":[],"class_list":{"0":"post-52354","1":"product","2":"type-product","3":"status-publish","4":"has-post-thumbnail","6":"product_brand-erbolario","7":"product_cat-viso","8":"product_tag-50ml-2","9":"product_tag-colorata","10":"product_tag-crema-2","11":"product_tag-dattero","12":"pa_formato-50-ml","13":"pa_linea-profumazione-viso","14":"pa_marca-lerbolario","15":"pa_tipologia-crema","17":"first","18":"instock","19":"sale","20":"taxable","21":"shipping-taxable","22":"purchasable","23":"product-type-simple"},"acf":[],"yoast_head":"<!-- This site is optimized with the Yoast SEO plugin v24.9 - https:\/\/yoast.com\/wordpress\/plugins\/seo\/ -->\n<title>Crema Colorata per il Viso tonalit\u00e0 Dattero 50ml con Macadamia e Avocado - Erboristeria Demetra<\/title>\n<meta name=\"description\" content=\"Una crema idratante e protettiva colorata perfettamente in grado di sostituire i tradizionali fondotinta per pelle fresca, leggera, ben nutrita e protetta!\" \/>\n<meta name=\"robots\" content=\"index, follow, max-snippet:-1, max-image-preview:large, max-video-preview:-1\" \/>\n<link rel=\"canonical\" href=\"https:\/\/www.erboristerie.com\/it\/prodotto\/crema-colorata-per-il-viso-tonalita-dattero-50ml-con-macadamia-e-avocado\/\" \/>\n<meta property=\"og:locale\" content=\"it_IT\" \/>\n<meta property=\"og:type\" content=\"article\" \/>\n<meta property=\"og:title\" content=\"Crema Colorata per il Viso tonalit\u00e0 Dattero 50ml con Macadamia e Avocado - Erboristeria Demetra\" \/>\n<meta property=\"og:description\" content=\"Una crema idratante e protettiva colorata perfettamente in grado di sostituire i tradizionali fondotinta per pelle fresca, leggera, ben nutrita e protetta!\" \/>\n<meta property=\"og:url\" content=\"https:\/\/www.erboristerie.com\/it\/prodotto\/crema-colorata-per-il-viso-tonalita-dattero-50ml-con-macadamia-e-avocado\/\" \/>\n<meta property=\"og:site_name\" content=\"Erboristeria Demetra\" \/>\n<meta property=\"article:publisher\" content=\"https:\/\/www.facebook.com\/erboristeria.demetra.online\" \/>\n<meta property=\"article:modified_time\" content=\"2025-09-10T16:54:13+00:00\" \/>\n<meta property=\"og:image\" content=\"https:\/\/www.erboristerie.com\/wp-content\/uploads\/2008\/03\/dattero-1.jpg\" \/>\n\t<meta property=\"og:image:width\" content=\"719\" \/>\n\t<meta property=\"og:image:height\" content=\"559\" \/>\n\t<meta property=\"og:image:type\" content=\"image\/jpeg\" \/>\n<meta name=\"twitter:card\" content=\"summary_large_image\" \/>\n<meta name=\"twitter:label1\" content=\"Tempo di lettura stimato\" \/>\n\t<meta name=\"twitter:data1\" content=\"2 minuti\" \/>\n<script type=\"application\/ld+json\" class=\"yoast-schema-graph\">{\"@context\":\"https:\/\/schema.org\",\"@graph\":[{\"@type\":\"WebPage\",\"@id\":\"https:\/\/www.erboristerie.com\/it\/prodotto\/crema-colorata-per-il-viso-tonalita-dattero-50ml-con-macadamia-e-avocado\/\",\"url\":\"https:\/\/www.erboristerie.com\/it\/prodotto\/crema-colorata-per-il-viso-tonalita-dattero-50ml-con-macadamia-e-avocado\/\",\"name\":\"Crema Colorata per il Viso tonalit\u00e0 Dattero 50ml con Macadamia e Avocado - Erboristeria Demetra\",\"isPartOf\":{\"@id\":\"https:\/\/www.erboristerie.com\/it\/#website\"},\"primaryImageOfPage\":{\"@id\":\"https:\/\/www.erboristerie.com\/it\/prodotto\/crema-colorata-per-il-viso-tonalita-dattero-50ml-con-macadamia-e-avocado\/#primaryimage\"},\"image\":{\"@id\":\"https:\/\/www.erboristerie.com\/it\/prodotto\/crema-colorata-per-il-viso-tonalita-dattero-50ml-con-macadamia-e-avocado\/#primaryimage\"},\"thumbnailUrl\":\"https:\/\/www.erboristerie.com\/wp-content\/uploads\/2008\/03\/dattero-1.jpg\",\"datePublished\":\"2008-03-14T09:24:19+00:00\",\"dateModified\":\"2025-09-10T16:54:13+00:00\",\"description\":\"Una crema idratante e protettiva colorata perfettamente in grado di sostituire i tradizionali fondotinta per pelle fresca, leggera, ben nutrita e protetta!\",\"breadcrumb\":{\"@id\":\"https:\/\/www.erboristerie.com\/it\/prodotto\/crema-colorata-per-il-viso-tonalita-dattero-50ml-con-macadamia-e-avocado\/#breadcrumb\"},\"inLanguage\":\"it-IT\",\"potentialAction\":[{\"@type\":\"ReadAction\",\"target\":[\"https:\/\/www.erboristerie.com\/it\/prodotto\/crema-colorata-per-il-viso-tonalita-dattero-50ml-con-macadamia-e-avocado\/\"]}]},{\"@type\":\"ImageObject\",\"inLanguage\":\"it-IT\",\"@id\":\"https:\/\/www.erboristerie.com\/it\/prodotto\/crema-colorata-per-il-viso-tonalita-dattero-50ml-con-macadamia-e-avocado\/#primaryimage\",\"url\":\"https:\/\/www.erboristerie.com\/wp-content\/uploads\/2008\/03\/dattero-1.jpg\",\"contentUrl\":\"https:\/\/www.erboristerie.com\/wp-content\/uploads\/2008\/03\/dattero-1.jpg\",\"width\":719,\"height\":559},{\"@type\":\"BreadcrumbList\",\"@id\":\"https:\/\/www.erboristerie.com\/it\/prodotto\/crema-colorata-per-il-viso-tonalita-dattero-50ml-con-macadamia-e-avocado\/#breadcrumb\",\"itemListElement\":[{\"@type\":\"ListItem\",\"position\":1,\"name\":\"Home\",\"item\":\"https:\/\/www.erboristerie.com\/it\/\"},{\"@type\":\"ListItem\",\"position\":2,\"name\":\"Tutti i prodotti\",\"item\":\"https:\/\/www.erboristerie.com\/it\/tutti-i-prodotti\/\"},{\"@type\":\"ListItem\",\"position\":3,\"name\":\"Crema Colorata per il Viso tonalit\u00e0 Dattero 50ml con Macadamia e Avocado\"}]},{\"@type\":\"WebSite\",\"@id\":\"https:\/\/www.erboristerie.com\/it\/#website\",\"url\":\"https:\/\/www.erboristerie.com\/it\/\",\"name\":\"Erboristeria Demetra\",\"description\":\"La tua salute al naturale\",\"publisher\":{\"@id\":\"https:\/\/www.erboristerie.com\/it\/#organization\"},\"potentialAction\":[{\"@type\":\"SearchAction\",\"target\":{\"@type\":\"EntryPoint\",\"urlTemplate\":\"https:\/\/www.erboristerie.com\/it\/?s={search_term_string}\"},\"query-input\":{\"@type\":\"PropertyValueSpecification\",\"valueRequired\":true,\"valueName\":\"search_term_string\"}}],\"inLanguage\":\"it-IT\"},{\"@type\":\"Organization\",\"@id\":\"https:\/\/www.erboristerie.com\/it\/#organization\",\"name\":\"Erboristeria Demetra\",\"url\":\"https:\/\/www.erboristerie.com\/it\/\",\"logo\":{\"@type\":\"ImageObject\",\"inLanguage\":\"it-IT\",\"@id\":\"https:\/\/www.erboristerie.com\/it\/#\/schema\/logo\/image\/\",\"url\":\"https:\/\/www.erboristerie.com\/wp-content\/uploads\/2019\/11\/LOGO_ERBORISTERIA_DEMETRA_original.png?v=1611516981\",\"contentUrl\":\"https:\/\/www.erboristerie.com\/wp-content\/uploads\/2019\/11\/LOGO_ERBORISTERIA_DEMETRA_original.png?v=1611516981\",\"width\":201,\"height\":54,\"caption\":\"Erboristeria Demetra\"},\"image\":{\"@id\":\"https:\/\/www.erboristerie.com\/it\/#\/schema\/logo\/image\/\"},\"sameAs\":[\"https:\/\/www.facebook.com\/erboristeria.demetra.online\"]}]}<\/script>\n<!-- \/ Yoast SEO plugin. -->","yoast_head_json":{"title":"Crema Colorata per il Viso tonalit\u00e0 Dattero 50ml con Macadamia e Avocado - Erboristeria Demetra","description":"Una crema idratante e protettiva colorata perfettamente in grado di sostituire i tradizionali fondotinta per pelle fresca, leggera, ben nutrita e protetta!","robots":{"index":"index","follow":"follow","max-snippet":"max-snippet:-1","max-image-preview":"max-image-preview:large","max-video-preview":"max-video-preview:-1"},"canonical":"https:\/\/www.erboristerie.com\/it\/prodotto\/crema-colorata-per-il-viso-tonalita-dattero-50ml-con-macadamia-e-avocado\/","og_locale":"it_IT","og_type":"article","og_title":"Crema Colorata per il Viso tonalit\u00e0 Dattero 50ml con Macadamia e Avocado - Erboristeria Demetra","og_description":"Una crema idratante e protettiva colorata perfettamente in grado di sostituire i tradizionali fondotinta per pelle fresca, leggera, ben nutrita e protetta!","og_url":"https:\/\/www.erboristerie.com\/it\/prodotto\/crema-colorata-per-il-viso-tonalita-dattero-50ml-con-macadamia-e-avocado\/","og_site_name":"Erboristeria Demetra","article_publisher":"https:\/\/www.facebook.com\/erboristeria.demetra.online","article_modified_time":"2025-09-10T16:54:13+00:00","og_image":[{"width":719,"height":559,"url":"https:\/\/www.erboristerie.com\/wp-content\/uploads\/2008\/03\/dattero-1.jpg","type":"image\/jpeg"}],"twitter_card":"summary_large_image","twitter_misc":{"Tempo di lettura stimato":"2 minuti"},"schema":{"@context":"https:\/\/schema.org","@graph":[{"@type":"WebPage","@id":"https:\/\/www.erboristerie.com\/it\/prodotto\/crema-colorata-per-il-viso-tonalita-dattero-50ml-con-macadamia-e-avocado\/","url":"https:\/\/www.erboristerie.com\/it\/prodotto\/crema-colorata-per-il-viso-tonalita-dattero-50ml-con-macadamia-e-avocado\/","name":"Crema Colorata per il Viso tonalit\u00e0 Dattero 50ml con Macadamia e Avocado - Erboristeria Demetra","isPartOf":{"@id":"https:\/\/www.erboristerie.com\/it\/#website"},"primaryImageOfPage":{"@id":"https:\/\/www.erboristerie.com\/it\/prodotto\/crema-colorata-per-il-viso-tonalita-dattero-50ml-con-macadamia-e-avocado\/#primaryimage"},"image":{"@id":"https:\/\/www.erboristerie.com\/it\/prodotto\/crema-colorata-per-il-viso-tonalita-dattero-50ml-con-macadamia-e-avocado\/#primaryimage"},"thumbnailUrl":"https:\/\/www.erboristerie.com\/wp-content\/uploads\/2008\/03\/dattero-1.jpg","datePublished":"2008-03-14T09:24:19+00:00","dateModified":"2025-09-10T16:54:13+00:00","description":"Una crema idratante e protettiva colorata perfettamente in grado di sostituire i tradizionali fondotinta per pelle fresca, leggera, ben nutrita e protetta!","breadcrumb":{"@id":"https:\/\/www.erboristerie.com\/it\/prodotto\/crema-colorata-per-il-viso-tonalita-dattero-50ml-con-macadamia-e-avocado\/#breadcrumb"},"inLanguage":"it-IT","potentialAction":[{"@type":"ReadAction","target":["https:\/\/www.erboristerie.com\/it\/prodotto\/crema-colorata-per-il-viso-tonalita-dattero-50ml-con-macadamia-e-avocado\/"]}]},{"@type":"ImageObject","inLanguage":"it-IT","@id":"https:\/\/www.erboristerie.com\/it\/prodotto\/crema-colorata-per-il-viso-tonalita-dattero-50ml-con-macadamia-e-avocado\/#primaryimage","url":"https:\/\/www.erboristerie.com\/wp-content\/uploads\/2008\/03\/dattero-1.jpg","contentUrl":"https:\/\/www.erboristerie.com\/wp-content\/uploads\/2008\/03\/dattero-1.jpg","width":719,"height":559},{"@type":"BreadcrumbList","@id":"https:\/\/www.erboristerie.com\/it\/prodotto\/crema-colorata-per-il-viso-tonalita-dattero-50ml-con-macadamia-e-avocado\/#breadcrumb","itemListElement":[{"@type":"ListItem","position":1,"name":"Home","item":"https:\/\/www.erboristerie.com\/it\/"},{"@type":"ListItem","position":2,"name":"Tutti i prodotti","item":"https:\/\/www.erboristerie.com\/it\/tutti-i-prodotti\/"},{"@type":"ListItem","position":3,"name":"Crema Colorata per il Viso tonalit\u00e0 Dattero 50ml con Macadamia e Avocado"}]},{"@type":"WebSite","@id":"https:\/\/www.erboristerie.com\/it\/#website","url":"https:\/\/www.erboristerie.com\/it\/","name":"Erboristeria Demetra","description":"La tua salute al naturale","publisher":{"@id":"https:\/\/www.erboristerie.com\/it\/#organization"},"potentialAction":[{"@type":"SearchAction","target":{"@type":"EntryPoint","urlTemplate":"https:\/\/www.erboristerie.com\/it\/?s={search_term_string}"},"query-input":{"@type":"PropertyValueSpecification","valueRequired":true,"valueName":"search_term_string"}}],"inLanguage":"it-IT"},{"@type":"Organization","@id":"https:\/\/www.erboristerie.com\/it\/#organization","name":"Erboristeria Demetra","url":"https:\/\/www.erboristerie.com\/it\/","logo":{"@type":"ImageObject","inLanguage":"it-IT","@id":"https:\/\/www.erboristerie.com\/it\/#\/schema\/logo\/image\/","url":"https:\/\/www.erboristerie.com\/wp-content\/uploads\/2019\/11\/LOGO_ERBORISTERIA_DEMETRA_original.png?v=1611516981","contentUrl":"https:\/\/www.erboristerie.com\/wp-content\/uploads\/2019\/11\/LOGO_ERBORISTERIA_DEMETRA_original.png?v=1611516981","width":201,"height":54,"caption":"Erboristeria Demetra"},"image":{"@id":"https:\/\/www.erboristerie.com\/it\/#\/schema\/logo\/image\/"},"sameAs":["https:\/\/www.facebook.com\/erboristeria.demetra.online"]}]}},"_links":{"self":[{"href":"https:\/\/www.erboristerie.com\/it\/wp-json\/wp\/v2\/product\/52354","targetHints":{"allow":["GET"]}}],"collection":[{"href":"https:\/\/www.erboristerie.com\/it\/wp-json\/wp\/v2\/product"}],"about":[{"href":"https:\/\/www.erboristerie.com\/it\/wp-json\/wp\/v2\/types\/product"}],"wp:featuredmedia":[{"embeddable":true,"href":"https:\/\/www.erboristerie.com\/it\/wp-json\/wp\/v2\/media\/109311"}],"wp:attachment":[{"href":"https:\/\/www.erboristerie.com\/it\/wp-json\/wp\/v2\/media?parent=52354"}],"wp:term":[{"taxonomy":"product_brand","embeddable":true,"href":"https:\/\/www.erboristerie.com\/it\/wp-json\/wp\/v2\/product_brand?post=52354"},{"taxonomy":"product_cat","embeddable":true,"href":"https:\/\/www.erboristerie.com\/it\/wp-json\/wp\/v2\/product_cat?post=52354"},{"taxonomy":"product_tag","embeddable":true,"href":"https:\/\/www.erboristerie.com\/it\/wp-json\/wp\/v2\/product_tag?post=52354"},{"taxonomy":"giftcard-category","embeddable":true,"href":"https:\/\/www.erboristerie.com\/it\/wp-json\/wp\/v2\/giftcard-category?post=52354"}],"curies":[{"name":"wp","href":"https:\/\/api.w.org\/{rel}","templated":true}]}}