{"id":52178,"date":"2008-05-09T10:45:07","date_gmt":"2008-05-09T08:45:07","guid":{"rendered":"http:\/\/www.erboristerie.com\/?post_type=product&#038;p=52178"},"modified":"2025-09-10T18:54:36","modified_gmt":"2025-09-10T16:54:36","slug":"maschera-viso-per-pelli-miste-e-impure-propoli-e-bardana","status":"publish","type":"product","link":"https:\/\/www.erboristerie.com\/it\/prodotto\/maschera-viso-per-pelli-miste-e-impure-propoli-e-bardana\/","title":{"rendered":"Maschera Viso per Pelli Miste e Impure Propoli e Bardana"},"content":{"rendered":"<p><strong>Maschera Viso per Pelli Miste e Impure Propoli e Bardana 50ml &#8211; L&#8217;Erbolario<\/strong><\/p>\n<p>Questa Maschera associa le propriet\u00e0 purificanti della Propoli alla decisa azione astringente e seboequilibrante di Argilla e Bardana.<\/p>\n<p>Applicata con regolarit\u00e0 doner\u00e0 alla pelle del viso freschezza e luminosit\u00e0, rimuovendo le impurit\u00e0 e riducendo gli inestetismi.<\/p>\n<p><strong>Modo d&#8217;uso<\/strong><\/p>\n<p>Una o due volte alla settimana applicare sul viso e dopo 15 minuti risciacquare con abbondante acqua.<\/p>\n<p>Evitare di applicare il prodotto sul contorno occhi.<\/p>\n<p><strong>Sostanze funzionali<\/strong><\/p>\n<p>Argilla bianca e verde, estratti di Propoli, Bardana, foglie di Ribes e di Lampone, Complesso di Aminoacidi solforati.<\/p>\n<p><strong>Ingredienti (INCI)<\/strong><\/p>\n<p>Aqua (Water), Kaolin, Glycerin, Xanthan gum, Illite, Lysine carboxymethyl cysteinate, Ci 77891 (Titanium dioxide), Arctium lappa root extract, Propolis wax, Ribes nigrum (Blackcurrant) leaf extract, Rubus idaeus (Raspberry) leaf extract, Sodium cocoyl barley amino acids, Brassica campestris (Rapeseed) seed oil, Rosmarinus officinalis (Rosemary) leaf extract, Glyceryl caprylate, Triethyl citrate, Sodium levulinate, Coco-glucoside, Glyceryl oleate, Sorbic acid, Sodium anisate, Glyceryl undecylenate, Ci 77163 (Bismuth oxychloride), Sodium phytate, Citric acid, Benzyl alcohol, Potassium sorbate, Sodium benzoate<\/p>\n<p><strong>Cosa sapere in pi\u00f9<\/strong><\/p>\n<p>100% Made in Italy<br \/>\n8 Metalli testati<br \/>\nDermatologicamente Testato<br \/>\nLAV &#8211; Dalla parte degli animali<br \/>\nSenza ingredienti di derivazione animaleS<br \/>\n12 MPaO (Period after Opening &#8211; periodo dopo l\u2019apertura)<\/p>\n<p>Senza siliconi, parabeni e petrolati<br \/>\n99% ingredienti di origine naturale<br \/>\nLa restante percentuale di ingredienti garantisce stabilit\u00e0 e gradevolezza del prodotto.<\/p>\n","protected":false},"excerpt":{"rendered":"<p>Maschera Viso per Pelli Miste e Impure Propoli e Bardana 50ml &#8211; L&#8217;Erbolario Questa Maschera associa le propriet\u00e0 purificanti della Propoli alla decisa azione astringente e seboequilibrante di Argilla e Bardana. Applicata con regolarit\u00e0 doner\u00e0 alla pelle del viso freschezza e luminosit\u00e0, rimuovendo le impurit\u00e0&#8230;<\/p>\n","protected":false},"featured_media":125794,"template":"","meta":{"_acf_changed":false},"product_brand":[9603],"product_cat":[45040],"product_tag":[11059,11358,11353,11060,11029,11031,19758,10985],"giftcard-category":[],"class_list":{"0":"post-52178","1":"product","2":"type-product","3":"status-publish","4":"has-post-thumbnail","6":"product_brand-erbolario","7":"product_cat-viso","8":"product_tag-argilla","9":"product_tag-grasse","10":"product_tag-lerbolario","11":"product_tag-maschera","12":"product_tag-miste","13":"product_tag-pelli","14":"product_tag-propoli","15":"product_tag-viso","16":"pa_formato-50-ml","17":"pa_linea-profumazione-viso","18":"pa_marca-lerbolario","19":"pa_tipologia-maschera","21":"first","22":"instock","23":"sale","24":"taxable","25":"shipping-taxable","26":"purchasable","27":"product-type-simple"},"acf":[],"yoast_head":"<!-- This site is optimized with the Yoast SEO plugin v24.9 - https:\/\/yoast.com\/wordpress\/plugins\/seo\/ -->\n<title>Maschera Viso per Pelli Miste e Impure Propoli e Bardana - Erboristeria Demetra<\/title>\n<meta name=\"description\" content=\"Applicata con regolarit\u00e0 doner\u00e0 alla pelle del viso freschezza e luminosit\u00e0, rimuovendo le impurit\u00e0 e riducendo gli inestetismi.\" \/>\n<meta name=\"robots\" content=\"index, follow, max-snippet:-1, max-image-preview:large, max-video-preview:-1\" \/>\n<link rel=\"canonical\" href=\"https:\/\/www.erboristerie.com\/it\/prodotto\/maschera-viso-per-pelli-miste-e-impure-propoli-e-bardana\/\" \/>\n<meta property=\"og:locale\" content=\"it_IT\" \/>\n<meta property=\"og:type\" content=\"article\" \/>\n<meta property=\"og:title\" content=\"Maschera Viso per Pelli Miste e Impure Propoli e Bardana - Erboristeria Demetra\" \/>\n<meta property=\"og:description\" content=\"Applicata con regolarit\u00e0 doner\u00e0 alla pelle del viso freschezza e luminosit\u00e0, rimuovendo le impurit\u00e0 e riducendo gli inestetismi.\" \/>\n<meta property=\"og:url\" content=\"https:\/\/www.erboristerie.com\/it\/prodotto\/maschera-viso-per-pelli-miste-e-impure-propoli-e-bardana\/\" \/>\n<meta property=\"og:site_name\" content=\"Erboristeria Demetra\" \/>\n<meta property=\"article:publisher\" content=\"https:\/\/www.facebook.com\/erboristeria.demetra.online\" \/>\n<meta property=\"article:modified_time\" content=\"2025-09-10T16:54:36+00:00\" \/>\n<meta property=\"og:image\" content=\"https:\/\/www.erboristerie.com\/wp-content\/uploads\/2023\/09\/00001853-maschera-argilla-bardana-erboristerie-com.jpg\" \/>\n\t<meta property=\"og:image:width\" content=\"897\" \/>\n\t<meta property=\"og:image:height\" content=\"897\" \/>\n\t<meta property=\"og:image:type\" content=\"image\/jpeg\" \/>\n<meta name=\"twitter:card\" content=\"summary_large_image\" \/>\n<meta name=\"twitter:label1\" content=\"Tempo di lettura stimato\" \/>\n\t<meta name=\"twitter:data1\" content=\"2 minuti\" \/>\n<script type=\"application\/ld+json\" class=\"yoast-schema-graph\">{\"@context\":\"https:\/\/schema.org\",\"@graph\":[{\"@type\":\"WebPage\",\"@id\":\"https:\/\/www.erboristerie.com\/it\/prodotto\/maschera-viso-per-pelli-miste-e-impure-propoli-e-bardana\/\",\"url\":\"https:\/\/www.erboristerie.com\/it\/prodotto\/maschera-viso-per-pelli-miste-e-impure-propoli-e-bardana\/\",\"name\":\"Maschera Viso per Pelli Miste e Impure Propoli e Bardana - Erboristeria Demetra\",\"isPartOf\":{\"@id\":\"https:\/\/www.erboristerie.com\/it\/#website\"},\"primaryImageOfPage\":{\"@id\":\"https:\/\/www.erboristerie.com\/it\/prodotto\/maschera-viso-per-pelli-miste-e-impure-propoli-e-bardana\/#primaryimage\"},\"image\":{\"@id\":\"https:\/\/www.erboristerie.com\/it\/prodotto\/maschera-viso-per-pelli-miste-e-impure-propoli-e-bardana\/#primaryimage\"},\"thumbnailUrl\":\"https:\/\/www.erboristerie.com\/wp-content\/uploads\/2023\/09\/00001853-maschera-argilla-bardana-erboristerie-com.jpg\",\"datePublished\":\"2008-05-09T08:45:07+00:00\",\"dateModified\":\"2025-09-10T16:54:36+00:00\",\"description\":\"Applicata con regolarit\u00e0 doner\u00e0 alla pelle del viso freschezza e luminosit\u00e0, rimuovendo le impurit\u00e0 e riducendo gli inestetismi.\",\"breadcrumb\":{\"@id\":\"https:\/\/www.erboristerie.com\/it\/prodotto\/maschera-viso-per-pelli-miste-e-impure-propoli-e-bardana\/#breadcrumb\"},\"inLanguage\":\"it-IT\",\"potentialAction\":[{\"@type\":\"ReadAction\",\"target\":[\"https:\/\/www.erboristerie.com\/it\/prodotto\/maschera-viso-per-pelli-miste-e-impure-propoli-e-bardana\/\"]}]},{\"@type\":\"ImageObject\",\"inLanguage\":\"it-IT\",\"@id\":\"https:\/\/www.erboristerie.com\/it\/prodotto\/maschera-viso-per-pelli-miste-e-impure-propoli-e-bardana\/#primaryimage\",\"url\":\"https:\/\/www.erboristerie.com\/wp-content\/uploads\/2023\/09\/00001853-maschera-argilla-bardana-erboristerie-com.jpg\",\"contentUrl\":\"https:\/\/www.erboristerie.com\/wp-content\/uploads\/2023\/09\/00001853-maschera-argilla-bardana-erboristerie-com.jpg\",\"width\":897,\"height\":897},{\"@type\":\"BreadcrumbList\",\"@id\":\"https:\/\/www.erboristerie.com\/it\/prodotto\/maschera-viso-per-pelli-miste-e-impure-propoli-e-bardana\/#breadcrumb\",\"itemListElement\":[{\"@type\":\"ListItem\",\"position\":1,\"name\":\"Home\",\"item\":\"https:\/\/www.erboristerie.com\/it\/\"},{\"@type\":\"ListItem\",\"position\":2,\"name\":\"Tutti i prodotti\",\"item\":\"https:\/\/www.erboristerie.com\/it\/tutti-i-prodotti\/\"},{\"@type\":\"ListItem\",\"position\":3,\"name\":\"Maschera Viso per Pelli Miste e Impure Propoli e Bardana\"}]},{\"@type\":\"WebSite\",\"@id\":\"https:\/\/www.erboristerie.com\/it\/#website\",\"url\":\"https:\/\/www.erboristerie.com\/it\/\",\"name\":\"Erboristeria Demetra\",\"description\":\"La tua salute al naturale\",\"publisher\":{\"@id\":\"https:\/\/www.erboristerie.com\/it\/#organization\"},\"potentialAction\":[{\"@type\":\"SearchAction\",\"target\":{\"@type\":\"EntryPoint\",\"urlTemplate\":\"https:\/\/www.erboristerie.com\/it\/?s={search_term_string}\"},\"query-input\":{\"@type\":\"PropertyValueSpecification\",\"valueRequired\":true,\"valueName\":\"search_term_string\"}}],\"inLanguage\":\"it-IT\"},{\"@type\":\"Organization\",\"@id\":\"https:\/\/www.erboristerie.com\/it\/#organization\",\"name\":\"Erboristeria Demetra\",\"url\":\"https:\/\/www.erboristerie.com\/it\/\",\"logo\":{\"@type\":\"ImageObject\",\"inLanguage\":\"it-IT\",\"@id\":\"https:\/\/www.erboristerie.com\/it\/#\/schema\/logo\/image\/\",\"url\":\"https:\/\/www.erboristerie.com\/wp-content\/uploads\/2019\/11\/LOGO_ERBORISTERIA_DEMETRA_original.png?v=1611516981\",\"contentUrl\":\"https:\/\/www.erboristerie.com\/wp-content\/uploads\/2019\/11\/LOGO_ERBORISTERIA_DEMETRA_original.png?v=1611516981\",\"width\":201,\"height\":54,\"caption\":\"Erboristeria Demetra\"},\"image\":{\"@id\":\"https:\/\/www.erboristerie.com\/it\/#\/schema\/logo\/image\/\"},\"sameAs\":[\"https:\/\/www.facebook.com\/erboristeria.demetra.online\"]}]}<\/script>\n<!-- \/ Yoast SEO plugin. -->","yoast_head_json":{"title":"Maschera Viso per Pelli Miste e Impure Propoli e Bardana - Erboristeria Demetra","description":"Applicata con regolarit\u00e0 doner\u00e0 alla pelle del viso freschezza e luminosit\u00e0, rimuovendo le impurit\u00e0 e riducendo gli inestetismi.","robots":{"index":"index","follow":"follow","max-snippet":"max-snippet:-1","max-image-preview":"max-image-preview:large","max-video-preview":"max-video-preview:-1"},"canonical":"https:\/\/www.erboristerie.com\/it\/prodotto\/maschera-viso-per-pelli-miste-e-impure-propoli-e-bardana\/","og_locale":"it_IT","og_type":"article","og_title":"Maschera Viso per Pelli Miste e Impure Propoli e Bardana - Erboristeria Demetra","og_description":"Applicata con regolarit\u00e0 doner\u00e0 alla pelle del viso freschezza e luminosit\u00e0, rimuovendo le impurit\u00e0 e riducendo gli inestetismi.","og_url":"https:\/\/www.erboristerie.com\/it\/prodotto\/maschera-viso-per-pelli-miste-e-impure-propoli-e-bardana\/","og_site_name":"Erboristeria Demetra","article_publisher":"https:\/\/www.facebook.com\/erboristeria.demetra.online","article_modified_time":"2025-09-10T16:54:36+00:00","og_image":[{"width":897,"height":897,"url":"https:\/\/www.erboristerie.com\/wp-content\/uploads\/2023\/09\/00001853-maschera-argilla-bardana-erboristerie-com.jpg","type":"image\/jpeg"}],"twitter_card":"summary_large_image","twitter_misc":{"Tempo di lettura stimato":"2 minuti"},"schema":{"@context":"https:\/\/schema.org","@graph":[{"@type":"WebPage","@id":"https:\/\/www.erboristerie.com\/it\/prodotto\/maschera-viso-per-pelli-miste-e-impure-propoli-e-bardana\/","url":"https:\/\/www.erboristerie.com\/it\/prodotto\/maschera-viso-per-pelli-miste-e-impure-propoli-e-bardana\/","name":"Maschera Viso per Pelli Miste e Impure Propoli e Bardana - Erboristeria Demetra","isPartOf":{"@id":"https:\/\/www.erboristerie.com\/it\/#website"},"primaryImageOfPage":{"@id":"https:\/\/www.erboristerie.com\/it\/prodotto\/maschera-viso-per-pelli-miste-e-impure-propoli-e-bardana\/#primaryimage"},"image":{"@id":"https:\/\/www.erboristerie.com\/it\/prodotto\/maschera-viso-per-pelli-miste-e-impure-propoli-e-bardana\/#primaryimage"},"thumbnailUrl":"https:\/\/www.erboristerie.com\/wp-content\/uploads\/2023\/09\/00001853-maschera-argilla-bardana-erboristerie-com.jpg","datePublished":"2008-05-09T08:45:07+00:00","dateModified":"2025-09-10T16:54:36+00:00","description":"Applicata con regolarit\u00e0 doner\u00e0 alla pelle del viso freschezza e luminosit\u00e0, rimuovendo le impurit\u00e0 e riducendo gli inestetismi.","breadcrumb":{"@id":"https:\/\/www.erboristerie.com\/it\/prodotto\/maschera-viso-per-pelli-miste-e-impure-propoli-e-bardana\/#breadcrumb"},"inLanguage":"it-IT","potentialAction":[{"@type":"ReadAction","target":["https:\/\/www.erboristerie.com\/it\/prodotto\/maschera-viso-per-pelli-miste-e-impure-propoli-e-bardana\/"]}]},{"@type":"ImageObject","inLanguage":"it-IT","@id":"https:\/\/www.erboristerie.com\/it\/prodotto\/maschera-viso-per-pelli-miste-e-impure-propoli-e-bardana\/#primaryimage","url":"https:\/\/www.erboristerie.com\/wp-content\/uploads\/2023\/09\/00001853-maschera-argilla-bardana-erboristerie-com.jpg","contentUrl":"https:\/\/www.erboristerie.com\/wp-content\/uploads\/2023\/09\/00001853-maschera-argilla-bardana-erboristerie-com.jpg","width":897,"height":897},{"@type":"BreadcrumbList","@id":"https:\/\/www.erboristerie.com\/it\/prodotto\/maschera-viso-per-pelli-miste-e-impure-propoli-e-bardana\/#breadcrumb","itemListElement":[{"@type":"ListItem","position":1,"name":"Home","item":"https:\/\/www.erboristerie.com\/it\/"},{"@type":"ListItem","position":2,"name":"Tutti i prodotti","item":"https:\/\/www.erboristerie.com\/it\/tutti-i-prodotti\/"},{"@type":"ListItem","position":3,"name":"Maschera Viso per Pelli Miste e Impure Propoli e Bardana"}]},{"@type":"WebSite","@id":"https:\/\/www.erboristerie.com\/it\/#website","url":"https:\/\/www.erboristerie.com\/it\/","name":"Erboristeria Demetra","description":"La tua salute al naturale","publisher":{"@id":"https:\/\/www.erboristerie.com\/it\/#organization"},"potentialAction":[{"@type":"SearchAction","target":{"@type":"EntryPoint","urlTemplate":"https:\/\/www.erboristerie.com\/it\/?s={search_term_string}"},"query-input":{"@type":"PropertyValueSpecification","valueRequired":true,"valueName":"search_term_string"}}],"inLanguage":"it-IT"},{"@type":"Organization","@id":"https:\/\/www.erboristerie.com\/it\/#organization","name":"Erboristeria Demetra","url":"https:\/\/www.erboristerie.com\/it\/","logo":{"@type":"ImageObject","inLanguage":"it-IT","@id":"https:\/\/www.erboristerie.com\/it\/#\/schema\/logo\/image\/","url":"https:\/\/www.erboristerie.com\/wp-content\/uploads\/2019\/11\/LOGO_ERBORISTERIA_DEMETRA_original.png?v=1611516981","contentUrl":"https:\/\/www.erboristerie.com\/wp-content\/uploads\/2019\/11\/LOGO_ERBORISTERIA_DEMETRA_original.png?v=1611516981","width":201,"height":54,"caption":"Erboristeria Demetra"},"image":{"@id":"https:\/\/www.erboristerie.com\/it\/#\/schema\/logo\/image\/"},"sameAs":["https:\/\/www.facebook.com\/erboristeria.demetra.online"]}]}},"_links":{"self":[{"href":"https:\/\/www.erboristerie.com\/it\/wp-json\/wp\/v2\/product\/52178","targetHints":{"allow":["GET"]}}],"collection":[{"href":"https:\/\/www.erboristerie.com\/it\/wp-json\/wp\/v2\/product"}],"about":[{"href":"https:\/\/www.erboristerie.com\/it\/wp-json\/wp\/v2\/types\/product"}],"wp:featuredmedia":[{"embeddable":true,"href":"https:\/\/www.erboristerie.com\/it\/wp-json\/wp\/v2\/media\/125794"}],"wp:attachment":[{"href":"https:\/\/www.erboristerie.com\/it\/wp-json\/wp\/v2\/media?parent=52178"}],"wp:term":[{"taxonomy":"product_brand","embeddable":true,"href":"https:\/\/www.erboristerie.com\/it\/wp-json\/wp\/v2\/product_brand?post=52178"},{"taxonomy":"product_cat","embeddable":true,"href":"https:\/\/www.erboristerie.com\/it\/wp-json\/wp\/v2\/product_cat?post=52178"},{"taxonomy":"product_tag","embeddable":true,"href":"https:\/\/www.erboristerie.com\/it\/wp-json\/wp\/v2\/product_tag?post=52178"},{"taxonomy":"giftcard-category","embeddable":true,"href":"https:\/\/www.erboristerie.com\/it\/wp-json\/wp\/v2\/giftcard-category?post=52178"}],"curies":[{"name":"wp","href":"https:\/\/api.w.org\/{rel}","templated":true}]}}