{"id":51954,"date":"2008-05-09T10:45:06","date_gmt":"2008-05-09T08:45:06","guid":{"rendered":"http:\/\/www.erboristerie.com\/?post_type=product&#038;p=51954"},"modified":"2025-10-08T21:26:45","modified_gmt":"2025-10-08T19:26:45","slug":"polvere-henne-cuivre-rosso-rame-naturale-100gr-sitarama","status":"publish","type":"product","link":"https:\/\/www.erboristerie.com\/it\/prodotto\/polvere-henne-cuivre-rosso-rame-naturale-100gr-sitarama\/","title":{"rendered":"Polvere Henn\u00e9 Cuivre Rosso Rame Naturale 100gr &#8211; Sitarama"},"content":{"rendered":"<p><strong>Polvere Henn\u00e9 Cuivre Rosso Rame Naturale 100gr &#8211; Sitarama<\/strong><\/p>\n<p>L\u2019Henn\u00e9 Cuivre Rame Naturale di Sitarama \u00e8 la migliore qualit\u00e0 di henn\u00e9 che potete trovare sul mercato, micronizzato finemente per garantire una polvere leggera come il talco al fine della preparazione di una una pappetta molto soffice e cremosa da applicare sui capelli.<\/p>\n<p><strong>Questa colorazione dolce Henn\u00e9 Cuivre Rame Naturale vi permette:<\/strong><br \/>\n-di vivacizzare il vostro rosso naturale ed arricchirlo di bellissimi riflessi cangianti rosso ramato;<br \/>\n-di ottenere una nuance rosso ramato effetto naturale;<br \/>\n-di migliorare lo stato di salute dei vostri capelli;<br \/>\n-di coprire i vostri capelli bianchi;<br \/>\n-di pulire il cuoio capelluto dalla forfora e avere una funzione anti seborrea;<\/p>\n<p>Il meglio dei benefici di questa pianta \u00e8 visibile con l\u2019 uso prolungato nel tempo.<\/p>\n<p>L&#8217;Henn\u00e9 rispetta la struttura dei vostri capelli e ne rinnova il colore naturale, donando bellissimi ed intensi riflessi ramati; copre i capelli bianchi, colora tono su tono, dona volume e cura i capelli.<\/p>\n<p>Si attenua dopo 4\/5 lavaggi.<\/p>\n<p><strong>Modo d&#8217;uso<\/strong><br \/>\nL&#8217;Henn\u00e8 \u00e8 facile da usare: basta aggiungere dell\u2019acqua bollente alla polvere colorante vegetale, mescolare per ottenere una pappetta e applicare sui capelli con i tempi indicati nelle istruzioni contenute nella confezione.<\/p>\n<p><strong>Note<\/strong><br \/>\nIl risultato finale dipende dal colore iniziale dei capelli.<br \/>\nL&#8217;Henn\u00e8 non schiarisce i capelli.<br \/>\nLe polveri si possono miscelare tra loro per ottenere differenti colorazioni.<\/p>\n","protected":false},"excerpt":{"rendered":"<p>Polvere Henn\u00e9 Cuivre Rosso Rame Naturale 100gr &#8211; Sitarama L\u2019Henn\u00e9 Cuivre Rame Naturale di Sitarama \u00e8 la migliore qualit\u00e0 di henn\u00e9 che potete trovare sul mercato, micronizzato finemente per garantire una polvere leggera come il talco al fine della preparazione di una una pappetta molto&#8230;<\/p>\n","protected":false},"featured_media":110704,"template":"","meta":{"_acf_changed":false},"product_brand":[45718],"product_cat":[10307],"product_tag":[11236,10952,11234,11158,10876],"giftcard-category":[],"class_list":{"0":"post-51954","1":"product","2":"type-product","3":"status-publish","4":"has-post-thumbnail","6":"product_brand-sitarama","7":"product_cat-capelli","8":"product_tag-cuivre","9":"product_tag-gr","10":"product_tag-henne","11":"product_tag-naturale","12":"product_tag-rame","14":"first","15":"instock","16":"sale","17":"taxable","18":"shipping-taxable","19":"purchasable","20":"product-type-simple"},"acf":[],"yoast_head":"<!-- This site is optimized with the Yoast SEO plugin v24.9 - https:\/\/yoast.com\/wordpress\/plugins\/seo\/ -->\n<title>Polvere Henn\u00e9 Cuivre Rosso Rame Naturale 100gr - Sitarama - Erboristeria Demetra<\/title>\n<meta name=\"description\" content=\"L\u2019Henn\u00e9 di Sitarama \u00e8 la migliore qualit\u00e0 che potete trovare sul mercato, micronizzato finemente per garantire una pappetta soffice e cremosa\" \/>\n<meta name=\"robots\" content=\"index, follow, max-snippet:-1, max-image-preview:large, max-video-preview:-1\" \/>\n<link rel=\"canonical\" href=\"https:\/\/www.erboristerie.com\/it\/prodotto\/polvere-henne-cuivre-rosso-rame-naturale-100gr-sitarama\/\" \/>\n<meta property=\"og:locale\" content=\"it_IT\" \/>\n<meta property=\"og:type\" content=\"article\" \/>\n<meta property=\"og:title\" content=\"Polvere Henn\u00e9 Cuivre Rosso Rame Naturale 100gr - Sitarama - Erboristeria Demetra\" \/>\n<meta property=\"og:description\" content=\"L\u2019Henn\u00e9 di Sitarama \u00e8 la migliore qualit\u00e0 che potete trovare sul mercato, micronizzato finemente per garantire una pappetta soffice e cremosa\" \/>\n<meta property=\"og:url\" content=\"https:\/\/www.erboristerie.com\/it\/prodotto\/polvere-henne-cuivre-rosso-rame-naturale-100gr-sitarama\/\" \/>\n<meta property=\"og:site_name\" content=\"Erboristeria Demetra\" \/>\n<meta property=\"article:publisher\" content=\"https:\/\/www.facebook.com\/erboristeria.demetra.online\" \/>\n<meta property=\"article:modified_time\" content=\"2025-10-08T19:26:45+00:00\" \/>\n<meta property=\"og:image\" content=\"https:\/\/www.erboristerie.com\/wp-content\/uploads\/2008\/05\/00001794.jpeg\" \/>\n\t<meta property=\"og:image:width\" content=\"1000\" \/>\n\t<meta property=\"og:image:height\" content=\"1000\" \/>\n\t<meta property=\"og:image:type\" content=\"image\/jpeg\" \/>\n<meta name=\"twitter:card\" content=\"summary_large_image\" \/>\n<meta name=\"twitter:label1\" content=\"Tempo di lettura stimato\" \/>\n\t<meta name=\"twitter:data1\" content=\"2 minuti\" \/>\n<script type=\"application\/ld+json\" class=\"yoast-schema-graph\">{\"@context\":\"https:\/\/schema.org\",\"@graph\":[{\"@type\":\"WebPage\",\"@id\":\"https:\/\/www.erboristerie.com\/it\/prodotto\/polvere-henne-cuivre-rosso-rame-naturale-100gr-sitarama\/\",\"url\":\"https:\/\/www.erboristerie.com\/it\/prodotto\/polvere-henne-cuivre-rosso-rame-naturale-100gr-sitarama\/\",\"name\":\"Polvere Henn\u00e9 Cuivre Rosso Rame Naturale 100gr - Sitarama - Erboristeria Demetra\",\"isPartOf\":{\"@id\":\"https:\/\/www.erboristerie.com\/it\/#website\"},\"primaryImageOfPage\":{\"@id\":\"https:\/\/www.erboristerie.com\/it\/prodotto\/polvere-henne-cuivre-rosso-rame-naturale-100gr-sitarama\/#primaryimage\"},\"image\":{\"@id\":\"https:\/\/www.erboristerie.com\/it\/prodotto\/polvere-henne-cuivre-rosso-rame-naturale-100gr-sitarama\/#primaryimage\"},\"thumbnailUrl\":\"https:\/\/www.erboristerie.com\/wp-content\/uploads\/2008\/05\/00001794.jpeg\",\"datePublished\":\"2008-05-09T08:45:06+00:00\",\"dateModified\":\"2025-10-08T19:26:45+00:00\",\"description\":\"L\u2019Henn\u00e9 di Sitarama \u00e8 la migliore qualit\u00e0 che potete trovare sul mercato, micronizzato finemente per garantire una pappetta soffice e cremosa\",\"breadcrumb\":{\"@id\":\"https:\/\/www.erboristerie.com\/it\/prodotto\/polvere-henne-cuivre-rosso-rame-naturale-100gr-sitarama\/#breadcrumb\"},\"inLanguage\":\"it-IT\",\"potentialAction\":[{\"@type\":\"ReadAction\",\"target\":[\"https:\/\/www.erboristerie.com\/it\/prodotto\/polvere-henne-cuivre-rosso-rame-naturale-100gr-sitarama\/\"]}]},{\"@type\":\"ImageObject\",\"inLanguage\":\"it-IT\",\"@id\":\"https:\/\/www.erboristerie.com\/it\/prodotto\/polvere-henne-cuivre-rosso-rame-naturale-100gr-sitarama\/#primaryimage\",\"url\":\"https:\/\/www.erboristerie.com\/wp-content\/uploads\/2008\/05\/00001794.jpeg\",\"contentUrl\":\"https:\/\/www.erboristerie.com\/wp-content\/uploads\/2008\/05\/00001794.jpeg\",\"width\":1000,\"height\":1000},{\"@type\":\"BreadcrumbList\",\"@id\":\"https:\/\/www.erboristerie.com\/it\/prodotto\/polvere-henne-cuivre-rosso-rame-naturale-100gr-sitarama\/#breadcrumb\",\"itemListElement\":[{\"@type\":\"ListItem\",\"position\":1,\"name\":\"Home\",\"item\":\"https:\/\/www.erboristerie.com\/it\/\"},{\"@type\":\"ListItem\",\"position\":2,\"name\":\"Tutti i prodotti\",\"item\":\"https:\/\/www.erboristerie.com\/it\/tutti-i-prodotti\/\"},{\"@type\":\"ListItem\",\"position\":3,\"name\":\"Polvere Henn\u00e9 Cuivre Rosso Rame Naturale 100gr &#8211; Sitarama\"}]},{\"@type\":\"WebSite\",\"@id\":\"https:\/\/www.erboristerie.com\/it\/#website\",\"url\":\"https:\/\/www.erboristerie.com\/it\/\",\"name\":\"Erboristeria Demetra\",\"description\":\"La tua salute al naturale\",\"publisher\":{\"@id\":\"https:\/\/www.erboristerie.com\/it\/#organization\"},\"potentialAction\":[{\"@type\":\"SearchAction\",\"target\":{\"@type\":\"EntryPoint\",\"urlTemplate\":\"https:\/\/www.erboristerie.com\/it\/?s={search_term_string}\"},\"query-input\":{\"@type\":\"PropertyValueSpecification\",\"valueRequired\":true,\"valueName\":\"search_term_string\"}}],\"inLanguage\":\"it-IT\"},{\"@type\":\"Organization\",\"@id\":\"https:\/\/www.erboristerie.com\/it\/#organization\",\"name\":\"Erboristeria Demetra\",\"url\":\"https:\/\/www.erboristerie.com\/it\/\",\"logo\":{\"@type\":\"ImageObject\",\"inLanguage\":\"it-IT\",\"@id\":\"https:\/\/www.erboristerie.com\/it\/#\/schema\/logo\/image\/\",\"url\":\"https:\/\/www.erboristerie.com\/wp-content\/uploads\/2019\/11\/LOGO_ERBORISTERIA_DEMETRA_original.png?v=1611516981\",\"contentUrl\":\"https:\/\/www.erboristerie.com\/wp-content\/uploads\/2019\/11\/LOGO_ERBORISTERIA_DEMETRA_original.png?v=1611516981\",\"width\":201,\"height\":54,\"caption\":\"Erboristeria Demetra\"},\"image\":{\"@id\":\"https:\/\/www.erboristerie.com\/it\/#\/schema\/logo\/image\/\"},\"sameAs\":[\"https:\/\/www.facebook.com\/erboristeria.demetra.online\"]}]}<\/script>\n<!-- \/ Yoast SEO plugin. -->","yoast_head_json":{"title":"Polvere Henn\u00e9 Cuivre Rosso Rame Naturale 100gr - Sitarama - Erboristeria Demetra","description":"L\u2019Henn\u00e9 di Sitarama \u00e8 la migliore qualit\u00e0 che potete trovare sul mercato, micronizzato finemente per garantire una pappetta soffice e cremosa","robots":{"index":"index","follow":"follow","max-snippet":"max-snippet:-1","max-image-preview":"max-image-preview:large","max-video-preview":"max-video-preview:-1"},"canonical":"https:\/\/www.erboristerie.com\/it\/prodotto\/polvere-henne-cuivre-rosso-rame-naturale-100gr-sitarama\/","og_locale":"it_IT","og_type":"article","og_title":"Polvere Henn\u00e9 Cuivre Rosso Rame Naturale 100gr - Sitarama - Erboristeria Demetra","og_description":"L\u2019Henn\u00e9 di Sitarama \u00e8 la migliore qualit\u00e0 che potete trovare sul mercato, micronizzato finemente per garantire una pappetta soffice e cremosa","og_url":"https:\/\/www.erboristerie.com\/it\/prodotto\/polvere-henne-cuivre-rosso-rame-naturale-100gr-sitarama\/","og_site_name":"Erboristeria Demetra","article_publisher":"https:\/\/www.facebook.com\/erboristeria.demetra.online","article_modified_time":"2025-10-08T19:26:45+00:00","og_image":[{"width":1000,"height":1000,"url":"https:\/\/www.erboristerie.com\/wp-content\/uploads\/2008\/05\/00001794.jpeg","type":"image\/jpeg"}],"twitter_card":"summary_large_image","twitter_misc":{"Tempo di lettura stimato":"2 minuti"},"schema":{"@context":"https:\/\/schema.org","@graph":[{"@type":"WebPage","@id":"https:\/\/www.erboristerie.com\/it\/prodotto\/polvere-henne-cuivre-rosso-rame-naturale-100gr-sitarama\/","url":"https:\/\/www.erboristerie.com\/it\/prodotto\/polvere-henne-cuivre-rosso-rame-naturale-100gr-sitarama\/","name":"Polvere Henn\u00e9 Cuivre Rosso Rame Naturale 100gr - Sitarama - Erboristeria Demetra","isPartOf":{"@id":"https:\/\/www.erboristerie.com\/it\/#website"},"primaryImageOfPage":{"@id":"https:\/\/www.erboristerie.com\/it\/prodotto\/polvere-henne-cuivre-rosso-rame-naturale-100gr-sitarama\/#primaryimage"},"image":{"@id":"https:\/\/www.erboristerie.com\/it\/prodotto\/polvere-henne-cuivre-rosso-rame-naturale-100gr-sitarama\/#primaryimage"},"thumbnailUrl":"https:\/\/www.erboristerie.com\/wp-content\/uploads\/2008\/05\/00001794.jpeg","datePublished":"2008-05-09T08:45:06+00:00","dateModified":"2025-10-08T19:26:45+00:00","description":"L\u2019Henn\u00e9 di Sitarama \u00e8 la migliore qualit\u00e0 che potete trovare sul mercato, micronizzato finemente per garantire una pappetta soffice e cremosa","breadcrumb":{"@id":"https:\/\/www.erboristerie.com\/it\/prodotto\/polvere-henne-cuivre-rosso-rame-naturale-100gr-sitarama\/#breadcrumb"},"inLanguage":"it-IT","potentialAction":[{"@type":"ReadAction","target":["https:\/\/www.erboristerie.com\/it\/prodotto\/polvere-henne-cuivre-rosso-rame-naturale-100gr-sitarama\/"]}]},{"@type":"ImageObject","inLanguage":"it-IT","@id":"https:\/\/www.erboristerie.com\/it\/prodotto\/polvere-henne-cuivre-rosso-rame-naturale-100gr-sitarama\/#primaryimage","url":"https:\/\/www.erboristerie.com\/wp-content\/uploads\/2008\/05\/00001794.jpeg","contentUrl":"https:\/\/www.erboristerie.com\/wp-content\/uploads\/2008\/05\/00001794.jpeg","width":1000,"height":1000},{"@type":"BreadcrumbList","@id":"https:\/\/www.erboristerie.com\/it\/prodotto\/polvere-henne-cuivre-rosso-rame-naturale-100gr-sitarama\/#breadcrumb","itemListElement":[{"@type":"ListItem","position":1,"name":"Home","item":"https:\/\/www.erboristerie.com\/it\/"},{"@type":"ListItem","position":2,"name":"Tutti i prodotti","item":"https:\/\/www.erboristerie.com\/it\/tutti-i-prodotti\/"},{"@type":"ListItem","position":3,"name":"Polvere Henn\u00e9 Cuivre Rosso Rame Naturale 100gr &#8211; Sitarama"}]},{"@type":"WebSite","@id":"https:\/\/www.erboristerie.com\/it\/#website","url":"https:\/\/www.erboristerie.com\/it\/","name":"Erboristeria Demetra","description":"La tua salute al naturale","publisher":{"@id":"https:\/\/www.erboristerie.com\/it\/#organization"},"potentialAction":[{"@type":"SearchAction","target":{"@type":"EntryPoint","urlTemplate":"https:\/\/www.erboristerie.com\/it\/?s={search_term_string}"},"query-input":{"@type":"PropertyValueSpecification","valueRequired":true,"valueName":"search_term_string"}}],"inLanguage":"it-IT"},{"@type":"Organization","@id":"https:\/\/www.erboristerie.com\/it\/#organization","name":"Erboristeria Demetra","url":"https:\/\/www.erboristerie.com\/it\/","logo":{"@type":"ImageObject","inLanguage":"it-IT","@id":"https:\/\/www.erboristerie.com\/it\/#\/schema\/logo\/image\/","url":"https:\/\/www.erboristerie.com\/wp-content\/uploads\/2019\/11\/LOGO_ERBORISTERIA_DEMETRA_original.png?v=1611516981","contentUrl":"https:\/\/www.erboristerie.com\/wp-content\/uploads\/2019\/11\/LOGO_ERBORISTERIA_DEMETRA_original.png?v=1611516981","width":201,"height":54,"caption":"Erboristeria Demetra"},"image":{"@id":"https:\/\/www.erboristerie.com\/it\/#\/schema\/logo\/image\/"},"sameAs":["https:\/\/www.facebook.com\/erboristeria.demetra.online"]}]}},"_links":{"self":[{"href":"https:\/\/www.erboristerie.com\/it\/wp-json\/wp\/v2\/product\/51954","targetHints":{"allow":["GET"]}}],"collection":[{"href":"https:\/\/www.erboristerie.com\/it\/wp-json\/wp\/v2\/product"}],"about":[{"href":"https:\/\/www.erboristerie.com\/it\/wp-json\/wp\/v2\/types\/product"}],"wp:featuredmedia":[{"embeddable":true,"href":"https:\/\/www.erboristerie.com\/it\/wp-json\/wp\/v2\/media\/110704"}],"wp:attachment":[{"href":"https:\/\/www.erboristerie.com\/it\/wp-json\/wp\/v2\/media?parent=51954"}],"wp:term":[{"taxonomy":"product_brand","embeddable":true,"href":"https:\/\/www.erboristerie.com\/it\/wp-json\/wp\/v2\/product_brand?post=51954"},{"taxonomy":"product_cat","embeddable":true,"href":"https:\/\/www.erboristerie.com\/it\/wp-json\/wp\/v2\/product_cat?post=51954"},{"taxonomy":"product_tag","embeddable":true,"href":"https:\/\/www.erboristerie.com\/it\/wp-json\/wp\/v2\/product_tag?post=51954"},{"taxonomy":"giftcard-category","embeddable":true,"href":"https:\/\/www.erboristerie.com\/it\/wp-json\/wp\/v2\/giftcard-category?post=51954"}],"curies":[{"name":"wp","href":"https:\/\/api.w.org\/{rel}","templated":true}]}}