{"id":51810,"date":"2007-11-20T17:24:07","date_gmt":"2007-11-20T16:24:07","guid":{"rendered":"http:\/\/www.erboristerie.com\/?post_type=product&#038;p=51810"},"modified":"2026-04-02T17:44:16","modified_gmt":"2026-04-02T15:44:16","slug":"yerba-mate-cbse-confezione-da-500-grammi-con-hierbas-serranas-industria-argentina","status":"publish","type":"product","link":"https:\/\/www.erboristerie.com\/it\/prodotto\/yerba-mate-cbse-confezione-da-500-grammi-con-hierbas-serranas-industria-argentina\/","title":{"rendered":"Yerba Mate CBS\u00e9 confezione da 500 grammi con hierbas serranas Industria Argentina"},"content":{"rendered":"<p><strong>Yerba Mate CBS\u00e9 confezione da 500 grammi elaborada con palo Industria Argentina<br \/>\nCompuesta con hierbas serranas &#8211; Industria Argentina<\/strong><\/p>\n<p>Yerba Mate CBS\u00e9 &#8211; Miscela con Erbe di Montagna<\/p>\n<p>Immergiti nei sapori della tradizione argentina con la Yerba Mate CBS\u00e9, arricchita con una miscela esclusiva di hierbas serranas (erbe di montagna).<\/p>\n<p>Questa combinazione unica di yerba mate e piante aromatiche ti regaler\u00e0 un gusto intenso e fresco, perfetto per ogni momento della giornata.<\/p>\n<p><strong>Caratteristiche principali:<\/strong><\/p>\n<ul>\n<li>Miscela con erbe serranas: una selezione di erbe naturali che conferiscono freschezza e un aroma inconfondibile.<\/li>\n<li>Formato da 500 g: ideale per chi desidera un prodotto di qualit\u00e0 che duri a lungo.<\/li>\n<li>Effetto energizzante e digestivo: un infuso che unisce energia naturale e supporto al benessere digestivo.<\/li>\n<li>Made in Argentina: un prodotto autentico che rispetta le tradizioni del mate.<\/li>\n<li>Libre de Gluten &#8211; gluten free &#8211; senza glutine<\/li>\n<\/ul>\n<p><strong>Perch\u00e9 scegliere CBS\u00e9?<\/strong><\/p>\n<p>CBS\u00e9 \u00e8 un marchio di fiducia che da anni offre yerba mate di alta qualit\u00e0, combinando tradizione e innovazione.<\/p>\n<p>Questa variante con hierbas serranas \u00e8 perfetta per chi cerca un infuso dal sapore fresco e aromatico, arricchito da ingredienti naturali che amplificano le propriet\u00e0 benefiche della yerba mate.<\/p>\n<p><strong>Come gustarla:<\/strong><\/p>\n<p>Puoi prepararla nel modo tradizionale con calabash e bombilla, oppure come infuso in tazza. \u00c8 ottima anche fredda, da gustare come terer\u00e9, per una pausa rigenerante nelle giornate pi\u00f9 calde.<\/p>\n","protected":false},"excerpt":{"rendered":"<p>Yerba Mate CBS\u00e9 confezione da 500 grammi elaborada con palo Industria Argentina Compuesta con hierbas serranas &#8211; Industria Argentina Yerba Mate CBS\u00e9 &#8211; Miscela con Erbe di Montagna Immergiti nei sapori della tradizione argentina con la Yerba Mate CBS\u00e9, arricchita con una miscela esclusiva di&#8230;<\/p>\n","protected":false},"featured_media":128534,"template":"","meta":{"_acf_changed":false},"product_brand":[9600],"product_cat":[9767],"product_tag":[11093,11094,21103,20028,11089],"giftcard-category":[],"class_list":{"0":"post-51810","1":"product","2":"type-product","3":"status-publish","4":"has-post-thumbnail","6":"product_brand-drogherie-carpano","7":"product_cat-yerba-mate-e-prodotti-argentini","8":"product_tag-cbse","9":"product_tag-cebese","10":"product_tag-gr-2","11":"product_tag-mate-2","12":"product_tag-yerba","13":"pa_formato-500grammi","14":"pa_tipologia-yerba","16":"first","17":"instock","18":"taxable","19":"shipping-taxable","20":"purchasable","21":"product-type-simple"},"acf":[],"yoast_head":"<!-- This site is optimized with the Yoast SEO plugin v24.9 - https:\/\/yoast.com\/wordpress\/plugins\/seo\/ -->\n<title>Yerba Mate CBS\u00e9 confezione da 500 grammi con hierbas serranas Industria Argentina - Erboristeria Demetra<\/title>\n<meta name=\"description\" content=\"Yerba mate CBSe elaborada con palo compuesta con hierbas serranas. Prodotto e confezionato in Argentina. Industria Argentina.\" \/>\n<meta name=\"robots\" content=\"index, follow, max-snippet:-1, max-image-preview:large, max-video-preview:-1\" \/>\n<link rel=\"canonical\" href=\"https:\/\/www.erboristerie.com\/it\/prodotto\/yerba-mate-cbse-confezione-da-500-grammi-con-hierbas-serranas-industria-argentina\/\" \/>\n<meta property=\"og:locale\" content=\"it_IT\" \/>\n<meta property=\"og:type\" content=\"article\" \/>\n<meta property=\"og:title\" content=\"Yerba Mate CBS\u00e9 confezione da 500 grammi con hierbas serranas Industria Argentina - Erboristeria Demetra\" \/>\n<meta property=\"og:description\" content=\"Yerba mate CBSe elaborada con palo compuesta con hierbas serranas. Prodotto e confezionato in Argentina. Industria Argentina.\" \/>\n<meta property=\"og:url\" content=\"https:\/\/www.erboristerie.com\/it\/prodotto\/yerba-mate-cbse-confezione-da-500-grammi-con-hierbas-serranas-industria-argentina\/\" \/>\n<meta property=\"og:site_name\" content=\"Erboristeria Demetra\" \/>\n<meta property=\"article:publisher\" content=\"https:\/\/www.facebook.com\/erboristeria.demetra.online\" \/>\n<meta property=\"article:modified_time\" content=\"2026-04-02T15:44:16+00:00\" \/>\n<meta property=\"og:image\" content=\"https:\/\/www.erboristerie.com\/wp-content\/uploads\/2007\/11\/00001648-yerba-mate-cbse-500g-erboristerie-com.jpg\" \/>\n\t<meta property=\"og:image:width\" content=\"800\" \/>\n\t<meta property=\"og:image:height\" content=\"711\" \/>\n\t<meta property=\"og:image:type\" content=\"image\/jpeg\" \/>\n<meta name=\"twitter:card\" content=\"summary_large_image\" \/>\n<meta name=\"twitter:label1\" content=\"Tempo di lettura stimato\" \/>\n\t<meta name=\"twitter:data1\" content=\"2 minuti\" \/>\n<script type=\"application\/ld+json\" class=\"yoast-schema-graph\">{\"@context\":\"https:\/\/schema.org\",\"@graph\":[{\"@type\":\"WebPage\",\"@id\":\"https:\/\/www.erboristerie.com\/it\/prodotto\/yerba-mate-cbse-confezione-da-500-grammi-con-hierbas-serranas-industria-argentina\/\",\"url\":\"https:\/\/www.erboristerie.com\/it\/prodotto\/yerba-mate-cbse-confezione-da-500-grammi-con-hierbas-serranas-industria-argentina\/\",\"name\":\"Yerba Mate CBS\u00e9 confezione da 500 grammi con hierbas serranas Industria Argentina - Erboristeria Demetra\",\"isPartOf\":{\"@id\":\"https:\/\/www.erboristerie.com\/it\/#website\"},\"primaryImageOfPage\":{\"@id\":\"https:\/\/www.erboristerie.com\/it\/prodotto\/yerba-mate-cbse-confezione-da-500-grammi-con-hierbas-serranas-industria-argentina\/#primaryimage\"},\"image\":{\"@id\":\"https:\/\/www.erboristerie.com\/it\/prodotto\/yerba-mate-cbse-confezione-da-500-grammi-con-hierbas-serranas-industria-argentina\/#primaryimage\"},\"thumbnailUrl\":\"https:\/\/www.erboristerie.com\/wp-content\/uploads\/2007\/11\/00001648-yerba-mate-cbse-500g-erboristerie-com.jpg\",\"datePublished\":\"2007-11-20T16:24:07+00:00\",\"dateModified\":\"2026-04-02T15:44:16+00:00\",\"description\":\"Yerba mate CBSe elaborada con palo compuesta con hierbas serranas. Prodotto e confezionato in Argentina. Industria Argentina.\",\"breadcrumb\":{\"@id\":\"https:\/\/www.erboristerie.com\/it\/prodotto\/yerba-mate-cbse-confezione-da-500-grammi-con-hierbas-serranas-industria-argentina\/#breadcrumb\"},\"inLanguage\":\"it-IT\",\"potentialAction\":[{\"@type\":\"ReadAction\",\"target\":[\"https:\/\/www.erboristerie.com\/it\/prodotto\/yerba-mate-cbse-confezione-da-500-grammi-con-hierbas-serranas-industria-argentina\/\"]}]},{\"@type\":\"ImageObject\",\"inLanguage\":\"it-IT\",\"@id\":\"https:\/\/www.erboristerie.com\/it\/prodotto\/yerba-mate-cbse-confezione-da-500-grammi-con-hierbas-serranas-industria-argentina\/#primaryimage\",\"url\":\"https:\/\/www.erboristerie.com\/wp-content\/uploads\/2007\/11\/00001648-yerba-mate-cbse-500g-erboristerie-com.jpg\",\"contentUrl\":\"https:\/\/www.erboristerie.com\/wp-content\/uploads\/2007\/11\/00001648-yerba-mate-cbse-500g-erboristerie-com.jpg\",\"width\":800,\"height\":711},{\"@type\":\"BreadcrumbList\",\"@id\":\"https:\/\/www.erboristerie.com\/it\/prodotto\/yerba-mate-cbse-confezione-da-500-grammi-con-hierbas-serranas-industria-argentina\/#breadcrumb\",\"itemListElement\":[{\"@type\":\"ListItem\",\"position\":1,\"name\":\"Home\",\"item\":\"https:\/\/www.erboristerie.com\/it\/\"},{\"@type\":\"ListItem\",\"position\":2,\"name\":\"Tutti i prodotti\",\"item\":\"https:\/\/www.erboristerie.com\/it\/tutti-i-prodotti\/\"},{\"@type\":\"ListItem\",\"position\":3,\"name\":\"Yerba Mate CBS\u00e9 confezione da 500 grammi con hierbas serranas Industria Argentina\"}]},{\"@type\":\"WebSite\",\"@id\":\"https:\/\/www.erboristerie.com\/it\/#website\",\"url\":\"https:\/\/www.erboristerie.com\/it\/\",\"name\":\"Erboristeria Demetra\",\"description\":\"La tua salute al naturale\",\"publisher\":{\"@id\":\"https:\/\/www.erboristerie.com\/it\/#organization\"},\"potentialAction\":[{\"@type\":\"SearchAction\",\"target\":{\"@type\":\"EntryPoint\",\"urlTemplate\":\"https:\/\/www.erboristerie.com\/it\/?s={search_term_string}\"},\"query-input\":{\"@type\":\"PropertyValueSpecification\",\"valueRequired\":true,\"valueName\":\"search_term_string\"}}],\"inLanguage\":\"it-IT\"},{\"@type\":\"Organization\",\"@id\":\"https:\/\/www.erboristerie.com\/it\/#organization\",\"name\":\"Erboristeria Demetra\",\"url\":\"https:\/\/www.erboristerie.com\/it\/\",\"logo\":{\"@type\":\"ImageObject\",\"inLanguage\":\"it-IT\",\"@id\":\"https:\/\/www.erboristerie.com\/it\/#\/schema\/logo\/image\/\",\"url\":\"https:\/\/www.erboristerie.com\/wp-content\/uploads\/2019\/11\/LOGO_ERBORISTERIA_DEMETRA_original.png?v=1611516981\",\"contentUrl\":\"https:\/\/www.erboristerie.com\/wp-content\/uploads\/2019\/11\/LOGO_ERBORISTERIA_DEMETRA_original.png?v=1611516981\",\"width\":201,\"height\":54,\"caption\":\"Erboristeria Demetra\"},\"image\":{\"@id\":\"https:\/\/www.erboristerie.com\/it\/#\/schema\/logo\/image\/\"},\"sameAs\":[\"https:\/\/www.facebook.com\/erboristeria.demetra.online\"]}]}<\/script>\n<!-- \/ Yoast SEO plugin. -->","yoast_head_json":{"title":"Yerba Mate CBS\u00e9 confezione da 500 grammi con hierbas serranas Industria Argentina - Erboristeria Demetra","description":"Yerba mate CBSe elaborada con palo compuesta con hierbas serranas. Prodotto e confezionato in Argentina. Industria Argentina.","robots":{"index":"index","follow":"follow","max-snippet":"max-snippet:-1","max-image-preview":"max-image-preview:large","max-video-preview":"max-video-preview:-1"},"canonical":"https:\/\/www.erboristerie.com\/it\/prodotto\/yerba-mate-cbse-confezione-da-500-grammi-con-hierbas-serranas-industria-argentina\/","og_locale":"it_IT","og_type":"article","og_title":"Yerba Mate CBS\u00e9 confezione da 500 grammi con hierbas serranas Industria Argentina - Erboristeria Demetra","og_description":"Yerba mate CBSe elaborada con palo compuesta con hierbas serranas. Prodotto e confezionato in Argentina. Industria Argentina.","og_url":"https:\/\/www.erboristerie.com\/it\/prodotto\/yerba-mate-cbse-confezione-da-500-grammi-con-hierbas-serranas-industria-argentina\/","og_site_name":"Erboristeria Demetra","article_publisher":"https:\/\/www.facebook.com\/erboristeria.demetra.online","article_modified_time":"2026-04-02T15:44:16+00:00","og_image":[{"width":800,"height":711,"url":"https:\/\/www.erboristerie.com\/wp-content\/uploads\/2007\/11\/00001648-yerba-mate-cbse-500g-erboristerie-com.jpg","type":"image\/jpeg"}],"twitter_card":"summary_large_image","twitter_misc":{"Tempo di lettura stimato":"2 minuti"},"schema":{"@context":"https:\/\/schema.org","@graph":[{"@type":"WebPage","@id":"https:\/\/www.erboristerie.com\/it\/prodotto\/yerba-mate-cbse-confezione-da-500-grammi-con-hierbas-serranas-industria-argentina\/","url":"https:\/\/www.erboristerie.com\/it\/prodotto\/yerba-mate-cbse-confezione-da-500-grammi-con-hierbas-serranas-industria-argentina\/","name":"Yerba Mate CBS\u00e9 confezione da 500 grammi con hierbas serranas Industria Argentina - Erboristeria Demetra","isPartOf":{"@id":"https:\/\/www.erboristerie.com\/it\/#website"},"primaryImageOfPage":{"@id":"https:\/\/www.erboristerie.com\/it\/prodotto\/yerba-mate-cbse-confezione-da-500-grammi-con-hierbas-serranas-industria-argentina\/#primaryimage"},"image":{"@id":"https:\/\/www.erboristerie.com\/it\/prodotto\/yerba-mate-cbse-confezione-da-500-grammi-con-hierbas-serranas-industria-argentina\/#primaryimage"},"thumbnailUrl":"https:\/\/www.erboristerie.com\/wp-content\/uploads\/2007\/11\/00001648-yerba-mate-cbse-500g-erboristerie-com.jpg","datePublished":"2007-11-20T16:24:07+00:00","dateModified":"2026-04-02T15:44:16+00:00","description":"Yerba mate CBSe elaborada con palo compuesta con hierbas serranas. Prodotto e confezionato in Argentina. Industria Argentina.","breadcrumb":{"@id":"https:\/\/www.erboristerie.com\/it\/prodotto\/yerba-mate-cbse-confezione-da-500-grammi-con-hierbas-serranas-industria-argentina\/#breadcrumb"},"inLanguage":"it-IT","potentialAction":[{"@type":"ReadAction","target":["https:\/\/www.erboristerie.com\/it\/prodotto\/yerba-mate-cbse-confezione-da-500-grammi-con-hierbas-serranas-industria-argentina\/"]}]},{"@type":"ImageObject","inLanguage":"it-IT","@id":"https:\/\/www.erboristerie.com\/it\/prodotto\/yerba-mate-cbse-confezione-da-500-grammi-con-hierbas-serranas-industria-argentina\/#primaryimage","url":"https:\/\/www.erboristerie.com\/wp-content\/uploads\/2007\/11\/00001648-yerba-mate-cbse-500g-erboristerie-com.jpg","contentUrl":"https:\/\/www.erboristerie.com\/wp-content\/uploads\/2007\/11\/00001648-yerba-mate-cbse-500g-erboristerie-com.jpg","width":800,"height":711},{"@type":"BreadcrumbList","@id":"https:\/\/www.erboristerie.com\/it\/prodotto\/yerba-mate-cbse-confezione-da-500-grammi-con-hierbas-serranas-industria-argentina\/#breadcrumb","itemListElement":[{"@type":"ListItem","position":1,"name":"Home","item":"https:\/\/www.erboristerie.com\/it\/"},{"@type":"ListItem","position":2,"name":"Tutti i prodotti","item":"https:\/\/www.erboristerie.com\/it\/tutti-i-prodotti\/"},{"@type":"ListItem","position":3,"name":"Yerba Mate CBS\u00e9 confezione da 500 grammi con hierbas serranas Industria Argentina"}]},{"@type":"WebSite","@id":"https:\/\/www.erboristerie.com\/it\/#website","url":"https:\/\/www.erboristerie.com\/it\/","name":"Erboristeria Demetra","description":"La tua salute al naturale","publisher":{"@id":"https:\/\/www.erboristerie.com\/it\/#organization"},"potentialAction":[{"@type":"SearchAction","target":{"@type":"EntryPoint","urlTemplate":"https:\/\/www.erboristerie.com\/it\/?s={search_term_string}"},"query-input":{"@type":"PropertyValueSpecification","valueRequired":true,"valueName":"search_term_string"}}],"inLanguage":"it-IT"},{"@type":"Organization","@id":"https:\/\/www.erboristerie.com\/it\/#organization","name":"Erboristeria Demetra","url":"https:\/\/www.erboristerie.com\/it\/","logo":{"@type":"ImageObject","inLanguage":"it-IT","@id":"https:\/\/www.erboristerie.com\/it\/#\/schema\/logo\/image\/","url":"https:\/\/www.erboristerie.com\/wp-content\/uploads\/2019\/11\/LOGO_ERBORISTERIA_DEMETRA_original.png?v=1611516981","contentUrl":"https:\/\/www.erboristerie.com\/wp-content\/uploads\/2019\/11\/LOGO_ERBORISTERIA_DEMETRA_original.png?v=1611516981","width":201,"height":54,"caption":"Erboristeria Demetra"},"image":{"@id":"https:\/\/www.erboristerie.com\/it\/#\/schema\/logo\/image\/"},"sameAs":["https:\/\/www.facebook.com\/erboristeria.demetra.online"]}]}},"_links":{"self":[{"href":"https:\/\/www.erboristerie.com\/it\/wp-json\/wp\/v2\/product\/51810","targetHints":{"allow":["GET"]}}],"collection":[{"href":"https:\/\/www.erboristerie.com\/it\/wp-json\/wp\/v2\/product"}],"about":[{"href":"https:\/\/www.erboristerie.com\/it\/wp-json\/wp\/v2\/types\/product"}],"wp:featuredmedia":[{"embeddable":true,"href":"https:\/\/www.erboristerie.com\/it\/wp-json\/wp\/v2\/media\/128534"}],"wp:attachment":[{"href":"https:\/\/www.erboristerie.com\/it\/wp-json\/wp\/v2\/media?parent=51810"}],"wp:term":[{"taxonomy":"product_brand","embeddable":true,"href":"https:\/\/www.erboristerie.com\/it\/wp-json\/wp\/v2\/product_brand?post=51810"},{"taxonomy":"product_cat","embeddable":true,"href":"https:\/\/www.erboristerie.com\/it\/wp-json\/wp\/v2\/product_cat?post=51810"},{"taxonomy":"product_tag","embeddable":true,"href":"https:\/\/www.erboristerie.com\/it\/wp-json\/wp\/v2\/product_tag?post=51810"},{"taxonomy":"giftcard-category","embeddable":true,"href":"https:\/\/www.erboristerie.com\/it\/wp-json\/wp\/v2\/giftcard-category?post=51810"}],"curies":[{"name":"wp","href":"https:\/\/api.w.org\/{rel}","templated":true}]}}