{"id":51722,"date":"2008-05-09T10:45:04","date_gmt":"2008-05-09T10:45:04","guid":{"rendered":"http:\/\/www.erboristerie.com\/?post_type=product&#038;p=51722"},"modified":"2025-05-06T15:35:25","modified_gmt":"2025-05-06T13:35:25","slug":"neocistin-leucand-detergente-intimo-protettivo-biosline","status":"publish","type":"product","link":"https:\/\/www.erboristerie.com\/it\/prodotto\/neocistin-leucand-detergente-intimo-protettivo-biosline\/","title":{"rendered":"NeoCistin\u00ae Leucand Detergente Intimo Protettivo Biosline"},"content":{"rendered":"<p><strong>NeoCistin\u00ae Leucand Detergente Intimo Protettivo &#8211; Biosline<\/strong><\/p>\n<p>Con il 96% di ingredienti naturali, NeoCistin Leucand favorisce la fisiologica acidit\u00e0 delle parti intime e rispetta i naturali meccanismi di difesa della cute.<\/p>\n<p>\u00c8 indicato per l\u2019igiene intima anche durante il ciclo mestruale, in caso di arrossamenti, fastidi o sensazioni di prurito.<\/p>\n<p>Contiene estratto di Cranberry bio che aiuta a proteggere la zona intima e favorisce il riequilibrio del microbiota cutaneo; Aloe vera bio, Calendula e Malva bio con propriet\u00e0 emollienti e lenitive; olio essenziale di Melaleuca alternifolia che, grazie alle propriet\u00e0 dermopurificanti, \u00e8 indicata anche per l\u2019igiene intima di coloro che frequentano piscine e palestre.<\/p>\n<p><strong>Modo d&#8217;uso<\/strong><\/p>\n<p>Emulsionare il prodotto con un po\u2019 d\u2019acqua, detergere e risciacquare abbondantemente.<\/p>\n<p><strong>Attivi Principali<\/strong><\/p>\n<p>Tensioattivi vegetali, Aloe vera Bio, Cranberry Bio, Malva Bio, Achillea, Calendula.<\/p>\n<p>Dermatologicamente testato su pelli sensibili 96% di ingredienti di origine naturale Con estratti vegetali e bio Formula Vegan<\/p>\n<p><strong>INCI<\/strong><\/p>\n<p>aqua\/water, ammonium lauryl sulfate, cocamidopropyl betaine, lactic acid, coco-glucoside, glycerin, caprylyl\/capryl glucoside, aloe barbadensis leaf juice*, potassium sorbate, sodium benzoate, alcohol denat., propylene glycol, menthol, propanediol, sodium lauroyl sarcosinate, mentha piperita oil\/mentha piperita (peppermint) oil, calendula officinalis flower extract, achillea millefolium extract\/achillea millefolium<br \/>\nextract, melaleuca alternifolia leaf oil\/melaleuca alternifolia (tea tree) leaf oil, malva sylvestris leaf extract*\/malva sylvestris (mallow) leaf extract*, sodium phytate, vaccinium macrocarpon fruit \u00a0extract*\/vaccinium macrocarpon (cranberry) fruit extract*, caprylhydroxamic acid.<br \/>\n*da agricoltura biologica.<\/p>\n<p>La lista degli ingredienti pu\u00f2 subire delle leggere modifiche, fai riferimento a quella riportata sulla confezione del prodotto.<\/p>\n","protected":false},"excerpt":{"rendered":"<p>NeoCistin\u00ae Leucand Detergente Intimo Protettivo &#8211; Biosline Con il 96% di ingredienti naturali, NeoCistin Leucand favorisce la fisiologica acidit\u00e0 delle parti intime e rispetta i naturali meccanismi di difesa della cute. \u00c8 indicato per l\u2019igiene intima anche durante il ciclo mestruale, in caso di arrossamenti,&#8230;<\/p>\n","protected":false},"featured_media":128309,"template":"","meta":{"_acf_changed":false},"product_brand":[9595],"product_cat":[45115,45044,9763],"product_tag":[19250,11085,11086,11084],"giftcard-category":[],"class_list":{"0":"post-51722","1":"product","2":"type-product","3":"status-publish","4":"has-post-thumbnail","6":"product_brand-biosline","7":"product_cat-tea-tree","8":"product_cat-detergenza","9":"product_cat-intimo","10":"product_tag-detergente-2","11":"product_tag-intimo","12":"product_tag-leucand","13":"product_tag-vitaderm","14":"pa_linea-neocistin","15":"pa_marca-biosline","16":"pa_tipologia-detergente","18":"first","19":"instock","20":"sale","21":"taxable","22":"shipping-taxable","23":"purchasable","24":"product-type-simple"},"acf":[],"yoast_head":"<!-- This site is optimized with the Yoast SEO plugin v24.9 - https:\/\/yoast.com\/wordpress\/plugins\/seo\/ -->\n<title>NeoCistin\u00ae Leucand Detergente Intimo Protettivo Biosline - Erboristeria Demetra<\/title>\n<meta name=\"description\" content=\"\u00c8 indicato per l\u2019igiene intima, anche durante il ciclo mestruale, in caso di arrossamenti, fastidi o sensazioni di prurito.\" \/>\n<meta name=\"robots\" content=\"index, follow, max-snippet:-1, max-image-preview:large, max-video-preview:-1\" \/>\n<link rel=\"canonical\" href=\"https:\/\/www.erboristerie.com\/it\/prodotto\/neocistin-leucand-detergente-intimo-protettivo-biosline\/\" \/>\n<meta property=\"og:locale\" content=\"it_IT\" \/>\n<meta property=\"og:type\" content=\"article\" \/>\n<meta property=\"og:title\" content=\"NeoCistin\u00ae Leucand Detergente Intimo Protettivo Biosline - Erboristeria Demetra\" \/>\n<meta property=\"og:description\" content=\"\u00c8 indicato per l\u2019igiene intima, anche durante il ciclo mestruale, in caso di arrossamenti, fastidi o sensazioni di prurito.\" \/>\n<meta property=\"og:url\" content=\"https:\/\/www.erboristerie.com\/it\/prodotto\/neocistin-leucand-detergente-intimo-protettivo-biosline\/\" \/>\n<meta property=\"og:site_name\" content=\"Erboristeria Demetra\" \/>\n<meta property=\"article:publisher\" content=\"https:\/\/www.facebook.com\/erboristeria.demetra.online\" \/>\n<meta property=\"article:modified_time\" content=\"2025-05-06T13:35:25+00:00\" \/>\n<meta property=\"og:image\" content=\"https:\/\/www.erboristerie.com\/wp-content\/uploads\/2008\/05\/00001587_neocistin_leucan_detergente_intimo_biosline_erboristerie_com.jpg\" \/>\n\t<meta property=\"og:image:width\" content=\"1200\" \/>\n\t<meta property=\"og:image:height\" content=\"1200\" \/>\n\t<meta property=\"og:image:type\" content=\"image\/jpeg\" \/>\n<meta name=\"twitter:card\" content=\"summary_large_image\" \/>\n<meta name=\"twitter:label1\" content=\"Tempo di lettura stimato\" \/>\n\t<meta name=\"twitter:data1\" content=\"2 minuti\" \/>\n<script type=\"application\/ld+json\" class=\"yoast-schema-graph\">{\"@context\":\"https:\/\/schema.org\",\"@graph\":[{\"@type\":\"WebPage\",\"@id\":\"https:\/\/www.erboristerie.com\/it\/prodotto\/neocistin-leucand-detergente-intimo-protettivo-biosline\/\",\"url\":\"https:\/\/www.erboristerie.com\/it\/prodotto\/neocistin-leucand-detergente-intimo-protettivo-biosline\/\",\"name\":\"NeoCistin\u00ae Leucand Detergente Intimo Protettivo Biosline - Erboristeria Demetra\",\"isPartOf\":{\"@id\":\"https:\/\/www.erboristerie.com\/it\/#website\"},\"primaryImageOfPage\":{\"@id\":\"https:\/\/www.erboristerie.com\/it\/prodotto\/neocistin-leucand-detergente-intimo-protettivo-biosline\/#primaryimage\"},\"image\":{\"@id\":\"https:\/\/www.erboristerie.com\/it\/prodotto\/neocistin-leucand-detergente-intimo-protettivo-biosline\/#primaryimage\"},\"thumbnailUrl\":\"https:\/\/www.erboristerie.com\/wp-content\/uploads\/2008\/05\/00001587_neocistin_leucan_detergente_intimo_biosline_erboristerie_com.jpg\",\"datePublished\":\"2008-05-09T10:45:04+00:00\",\"dateModified\":\"2025-05-06T13:35:25+00:00\",\"description\":\"\u00c8 indicato per l\u2019igiene intima, anche durante il ciclo mestruale, in caso di arrossamenti, fastidi o sensazioni di prurito.\",\"breadcrumb\":{\"@id\":\"https:\/\/www.erboristerie.com\/it\/prodotto\/neocistin-leucand-detergente-intimo-protettivo-biosline\/#breadcrumb\"},\"inLanguage\":\"it-IT\",\"potentialAction\":[{\"@type\":\"ReadAction\",\"target\":[\"https:\/\/www.erboristerie.com\/it\/prodotto\/neocistin-leucand-detergente-intimo-protettivo-biosline\/\"]}]},{\"@type\":\"ImageObject\",\"inLanguage\":\"it-IT\",\"@id\":\"https:\/\/www.erboristerie.com\/it\/prodotto\/neocistin-leucand-detergente-intimo-protettivo-biosline\/#primaryimage\",\"url\":\"https:\/\/www.erboristerie.com\/wp-content\/uploads\/2008\/05\/00001587_neocistin_leucan_detergente_intimo_biosline_erboristerie_com.jpg\",\"contentUrl\":\"https:\/\/www.erboristerie.com\/wp-content\/uploads\/2008\/05\/00001587_neocistin_leucan_detergente_intimo_biosline_erboristerie_com.jpg\",\"width\":1200,\"height\":1200,\"caption\":\"APIXefferv 003\"},{\"@type\":\"BreadcrumbList\",\"@id\":\"https:\/\/www.erboristerie.com\/it\/prodotto\/neocistin-leucand-detergente-intimo-protettivo-biosline\/#breadcrumb\",\"itemListElement\":[{\"@type\":\"ListItem\",\"position\":1,\"name\":\"Home\",\"item\":\"https:\/\/www.erboristerie.com\/it\/\"},{\"@type\":\"ListItem\",\"position\":2,\"name\":\"Tutti i prodotti\",\"item\":\"https:\/\/www.erboristerie.com\/it\/tutti-i-prodotti\/\"},{\"@type\":\"ListItem\",\"position\":3,\"name\":\"NeoCistin\u00ae Leucand Detergente Intimo Protettivo Biosline\"}]},{\"@type\":\"WebSite\",\"@id\":\"https:\/\/www.erboristerie.com\/it\/#website\",\"url\":\"https:\/\/www.erboristerie.com\/it\/\",\"name\":\"Erboristeria Demetra\",\"description\":\"La tua salute al naturale\",\"publisher\":{\"@id\":\"https:\/\/www.erboristerie.com\/it\/#organization\"},\"potentialAction\":[{\"@type\":\"SearchAction\",\"target\":{\"@type\":\"EntryPoint\",\"urlTemplate\":\"https:\/\/www.erboristerie.com\/it\/?s={search_term_string}\"},\"query-input\":{\"@type\":\"PropertyValueSpecification\",\"valueRequired\":true,\"valueName\":\"search_term_string\"}}],\"inLanguage\":\"it-IT\"},{\"@type\":\"Organization\",\"@id\":\"https:\/\/www.erboristerie.com\/it\/#organization\",\"name\":\"Erboristeria Demetra\",\"url\":\"https:\/\/www.erboristerie.com\/it\/\",\"logo\":{\"@type\":\"ImageObject\",\"inLanguage\":\"it-IT\",\"@id\":\"https:\/\/www.erboristerie.com\/it\/#\/schema\/logo\/image\/\",\"url\":\"https:\/\/www.erboristerie.com\/wp-content\/uploads\/2019\/11\/LOGO_ERBORISTERIA_DEMETRA_original.png?v=1611516981\",\"contentUrl\":\"https:\/\/www.erboristerie.com\/wp-content\/uploads\/2019\/11\/LOGO_ERBORISTERIA_DEMETRA_original.png?v=1611516981\",\"width\":201,\"height\":54,\"caption\":\"Erboristeria Demetra\"},\"image\":{\"@id\":\"https:\/\/www.erboristerie.com\/it\/#\/schema\/logo\/image\/\"},\"sameAs\":[\"https:\/\/www.facebook.com\/erboristeria.demetra.online\"]}]}<\/script>\n<!-- \/ Yoast SEO plugin. -->","yoast_head_json":{"title":"NeoCistin\u00ae Leucand Detergente Intimo Protettivo Biosline - Erboristeria Demetra","description":"\u00c8 indicato per l\u2019igiene intima, anche durante il ciclo mestruale, in caso di arrossamenti, fastidi o sensazioni di prurito.","robots":{"index":"index","follow":"follow","max-snippet":"max-snippet:-1","max-image-preview":"max-image-preview:large","max-video-preview":"max-video-preview:-1"},"canonical":"https:\/\/www.erboristerie.com\/it\/prodotto\/neocistin-leucand-detergente-intimo-protettivo-biosline\/","og_locale":"it_IT","og_type":"article","og_title":"NeoCistin\u00ae Leucand Detergente Intimo Protettivo Biosline - Erboristeria Demetra","og_description":"\u00c8 indicato per l\u2019igiene intima, anche durante il ciclo mestruale, in caso di arrossamenti, fastidi o sensazioni di prurito.","og_url":"https:\/\/www.erboristerie.com\/it\/prodotto\/neocistin-leucand-detergente-intimo-protettivo-biosline\/","og_site_name":"Erboristeria Demetra","article_publisher":"https:\/\/www.facebook.com\/erboristeria.demetra.online","article_modified_time":"2025-05-06T13:35:25+00:00","og_image":[{"width":1200,"height":1200,"url":"https:\/\/www.erboristerie.com\/wp-content\/uploads\/2008\/05\/00001587_neocistin_leucan_detergente_intimo_biosline_erboristerie_com.jpg","type":"image\/jpeg"}],"twitter_card":"summary_large_image","twitter_misc":{"Tempo di lettura stimato":"2 minuti"},"schema":{"@context":"https:\/\/schema.org","@graph":[{"@type":"WebPage","@id":"https:\/\/www.erboristerie.com\/it\/prodotto\/neocistin-leucand-detergente-intimo-protettivo-biosline\/","url":"https:\/\/www.erboristerie.com\/it\/prodotto\/neocistin-leucand-detergente-intimo-protettivo-biosline\/","name":"NeoCistin\u00ae Leucand Detergente Intimo Protettivo Biosline - Erboristeria Demetra","isPartOf":{"@id":"https:\/\/www.erboristerie.com\/it\/#website"},"primaryImageOfPage":{"@id":"https:\/\/www.erboristerie.com\/it\/prodotto\/neocistin-leucand-detergente-intimo-protettivo-biosline\/#primaryimage"},"image":{"@id":"https:\/\/www.erboristerie.com\/it\/prodotto\/neocistin-leucand-detergente-intimo-protettivo-biosline\/#primaryimage"},"thumbnailUrl":"https:\/\/www.erboristerie.com\/wp-content\/uploads\/2008\/05\/00001587_neocistin_leucan_detergente_intimo_biosline_erboristerie_com.jpg","datePublished":"2008-05-09T10:45:04+00:00","dateModified":"2025-05-06T13:35:25+00:00","description":"\u00c8 indicato per l\u2019igiene intima, anche durante il ciclo mestruale, in caso di arrossamenti, fastidi o sensazioni di prurito.","breadcrumb":{"@id":"https:\/\/www.erboristerie.com\/it\/prodotto\/neocistin-leucand-detergente-intimo-protettivo-biosline\/#breadcrumb"},"inLanguage":"it-IT","potentialAction":[{"@type":"ReadAction","target":["https:\/\/www.erboristerie.com\/it\/prodotto\/neocistin-leucand-detergente-intimo-protettivo-biosline\/"]}]},{"@type":"ImageObject","inLanguage":"it-IT","@id":"https:\/\/www.erboristerie.com\/it\/prodotto\/neocistin-leucand-detergente-intimo-protettivo-biosline\/#primaryimage","url":"https:\/\/www.erboristerie.com\/wp-content\/uploads\/2008\/05\/00001587_neocistin_leucan_detergente_intimo_biosline_erboristerie_com.jpg","contentUrl":"https:\/\/www.erboristerie.com\/wp-content\/uploads\/2008\/05\/00001587_neocistin_leucan_detergente_intimo_biosline_erboristerie_com.jpg","width":1200,"height":1200,"caption":"APIXefferv 003"},{"@type":"BreadcrumbList","@id":"https:\/\/www.erboristerie.com\/it\/prodotto\/neocistin-leucand-detergente-intimo-protettivo-biosline\/#breadcrumb","itemListElement":[{"@type":"ListItem","position":1,"name":"Home","item":"https:\/\/www.erboristerie.com\/it\/"},{"@type":"ListItem","position":2,"name":"Tutti i prodotti","item":"https:\/\/www.erboristerie.com\/it\/tutti-i-prodotti\/"},{"@type":"ListItem","position":3,"name":"NeoCistin\u00ae Leucand Detergente Intimo Protettivo Biosline"}]},{"@type":"WebSite","@id":"https:\/\/www.erboristerie.com\/it\/#website","url":"https:\/\/www.erboristerie.com\/it\/","name":"Erboristeria Demetra","description":"La tua salute al naturale","publisher":{"@id":"https:\/\/www.erboristerie.com\/it\/#organization"},"potentialAction":[{"@type":"SearchAction","target":{"@type":"EntryPoint","urlTemplate":"https:\/\/www.erboristerie.com\/it\/?s={search_term_string}"},"query-input":{"@type":"PropertyValueSpecification","valueRequired":true,"valueName":"search_term_string"}}],"inLanguage":"it-IT"},{"@type":"Organization","@id":"https:\/\/www.erboristerie.com\/it\/#organization","name":"Erboristeria Demetra","url":"https:\/\/www.erboristerie.com\/it\/","logo":{"@type":"ImageObject","inLanguage":"it-IT","@id":"https:\/\/www.erboristerie.com\/it\/#\/schema\/logo\/image\/","url":"https:\/\/www.erboristerie.com\/wp-content\/uploads\/2019\/11\/LOGO_ERBORISTERIA_DEMETRA_original.png?v=1611516981","contentUrl":"https:\/\/www.erboristerie.com\/wp-content\/uploads\/2019\/11\/LOGO_ERBORISTERIA_DEMETRA_original.png?v=1611516981","width":201,"height":54,"caption":"Erboristeria Demetra"},"image":{"@id":"https:\/\/www.erboristerie.com\/it\/#\/schema\/logo\/image\/"},"sameAs":["https:\/\/www.facebook.com\/erboristeria.demetra.online"]}]}},"_links":{"self":[{"href":"https:\/\/www.erboristerie.com\/it\/wp-json\/wp\/v2\/product\/51722","targetHints":{"allow":["GET"]}}],"collection":[{"href":"https:\/\/www.erboristerie.com\/it\/wp-json\/wp\/v2\/product"}],"about":[{"href":"https:\/\/www.erboristerie.com\/it\/wp-json\/wp\/v2\/types\/product"}],"wp:featuredmedia":[{"embeddable":true,"href":"https:\/\/www.erboristerie.com\/it\/wp-json\/wp\/v2\/media\/128309"}],"wp:attachment":[{"href":"https:\/\/www.erboristerie.com\/it\/wp-json\/wp\/v2\/media?parent=51722"}],"wp:term":[{"taxonomy":"product_brand","embeddable":true,"href":"https:\/\/www.erboristerie.com\/it\/wp-json\/wp\/v2\/product_brand?post=51722"},{"taxonomy":"product_cat","embeddable":true,"href":"https:\/\/www.erboristerie.com\/it\/wp-json\/wp\/v2\/product_cat?post=51722"},{"taxonomy":"product_tag","embeddable":true,"href":"https:\/\/www.erboristerie.com\/it\/wp-json\/wp\/v2\/product_tag?post=51722"},{"taxonomy":"giftcard-category","embeddable":true,"href":"https:\/\/www.erboristerie.com\/it\/wp-json\/wp\/v2\/giftcard-category?post=51722"}],"curies":[{"name":"wp","href":"https:\/\/api.w.org\/{rel}","templated":true}]}}