{"id":51286,"date":"2008-05-09T10:45:01","date_gmt":"2008-05-09T10:45:01","guid":{"rendered":"http:\/\/www.erboristerie.com\/?post_type=product&#038;p=51286"},"modified":"2026-01-28T09:36:40","modified_gmt":"2026-01-28T08:36:40","slug":"ginseng-coreano-hwa-sigillo-oro-estratto-puro-50gr","status":"publish","type":"product","link":"https:\/\/www.erboristerie.com\/it\/prodotto\/ginseng-coreano-hwa-sigillo-oro-estratto-puro-50gr\/","title":{"rendered":"Ginseng Coreano HWA Sigillo Oro estratto puro 50gr"},"content":{"rendered":"<p><strong>Ginseng Il Hwa Sigillo Oro &#8211; Estratto molle vasetto da 50 grammi &#8211; Naturando<\/strong><\/p>\n<p>Contiene Ginseng Coreano Il Hwa puro in estratto molle 100%.<\/p>\n<p>-Adattogeno, ripristina l&#8217;omeostasi del corpo.<br \/>\n-Azione anti-stress ed anti-affaticamento.<br \/>\n-Promuove la sintesi di DNA, RNA e proteine.<\/p>\n<p>Il Ginseng Coreano Il Hwa, in assoluto il migliore per l&#8217;elevata, bilanciata ed armonica presenza dei ginsenosidi, ci aiuta ad affrontare lo stress e a risolvere i suoi effetti negativi.<\/p>\n<p>L&#8217;unicit\u00e0 del Ginseng \u00e8 dovuta al suo prezioso effetto ADATTOGENO.<\/p>\n<p>Rduce la fatica, rafforza le condizioni fisiche, migliora il grado di attenzione e concentrazione, favorisce le funzioni depurative volte all&#8217;eliminazione delle tossine ed \u00e8 un valido aiuto per la risoluzione di diversi disturbi.<\/p>\n<p>H effetti TONIFICANTI, ENERGIZZANTI sull&#8217;organismo che ritrova equilibrio, armonia e forza.<\/p>\n<p><strong>Il Ginseng di Naturando \u00e8 Il Hwa Sigillo Oro.<\/strong><\/p>\n<p>La qualit\u00e0 del Ginseng Il Hwa Sigillo Oro \u00e8 notoriamente indiscussa poich\u00e9 \u00e8 data dalla cura particolare nella coltivazione fino al processo di estrazione, certificata da test scientifici di efficacia e testimoniata da numerosi riconoscimenti internazionali di prestigiose istituzioni.<\/p>\n<p>Il Ginseng Il Hwa Sigillo Oro <strong>non ha controindicazioni perch\u00e9 naturalmente bilanciato<\/strong>, cio\u00e8 completo di tutti i ginsenosidi, ricavati da tutta la radice.<\/p>\n<p>Proprio per questo assicura un effetto adattogeno e riequilibrante.<\/p>\n<p>Raccomandato a chi ha bisogno di quei <strong>principi energetici che aiutano ad aumentare la resistenza fisica,<\/strong> a ritrovare le energie perse per intensa attivit\u00e0 o nei cambi di stagione.<\/p>\n<p><strong>Dose consigliata e modo d\u2019uso<\/strong><\/p>\n<p>Sciogliere 1 o 2 misurini di estratto assunto puro o in un po\u2019 d\u2019acqua calda o fredda, dolcificando a piacere.<\/p>\n<p>1 misurino raso \u00e8 pari a 500 mg (0,4 ml) di Ginseng, 2 misurini apportano 1 grammo di Ginseng.<\/p>\n<p><strong>Le ragioni per scegliere IL HWA Sigillo Oro<\/strong><\/p>\n<p>\u2022 Cure particolari nella coltivazione con fertilizzanti naturali.<br \/>\n\u2022 Utilizzo di sole radici coreane intere, di prima scelta, fresche e mature.<br \/>\n\u2022 Processo di estrazione a bassa temperatura per non alterare i principi vitali della radice.<br \/>\n\u2022 Concentrazione sotto vuoto per preservare tutti gli attivi naturali.<br \/>\n\u2022 Prodotto biologicamente puro da pesticidi e anticrittogamici.<br \/>\n\u2022 Non contiene n\u00e9 coloranti n\u00e9 conservanti<br \/>\n\u2022 Gamma totale di ginsenosidi poich\u00e9 ricavati dall\u2019intera radice.<\/p>\n<p>Scopri l&#8217;intera gamma di Ginseng Il Hwa <a href=\"https:\/\/www.erboristerie.com\/it\/?s=hwa&amp;post_type=product&amp;type_aws=true&amp;lang=it\">cliccando qui<\/a><\/p>\n","protected":false},"excerpt":{"rendered":"<p>Ginseng Il Hwa Sigillo Oro &#8211; Estratto molle vasetto da 50 grammi &#8211; Naturando Contiene Ginseng Coreano Il Hwa puro in estratto molle 100%. -Adattogeno, ripristina l&#8217;omeostasi del corpo. -Azione anti-stress ed anti-affaticamento. -Promuove la sintesi di DNA, RNA e proteine. Il Ginseng Coreano Il&#8230;<\/p>\n","protected":false},"featured_media":125559,"template":"","meta":{"_acf_changed":false},"product_brand":[9594],"product_cat":[9863],"product_tag":[10857,10861,10859,10856,10855,10852,10850,10858,18182,10854],"giftcard-category":[],"class_list":{"0":"post-51286","1":"product","2":"type-product","3":"status-publish","4":"has-post-thumbnail","6":"product_brand-naturando-hwa-ginseng","7":"product_cat-energia-e-vitalita","8":"product_tag-10857","9":"product_tag-50gr","10":"product_tag-coreano","11":"product_tag-estratto","12":"product_tag-ginseng","13":"product_tag-grammi","14":"product_tag-hwa","15":"product_tag-oro","16":"product_tag-puro-2","17":"product_tag-sigillo","18":"pa_formato-50-grammi","19":"pa_linea-hwa","20":"pa_marca-naturando","21":"pa_tipologia-estratto-molle","23":"first","24":"instock","25":"sale","26":"taxable","27":"shipping-taxable","28":"purchasable","29":"product-type-simple"},"acf":[],"yoast_head":"<!-- This site is optimized with the Yoast SEO plugin v24.9 - https:\/\/yoast.com\/wordpress\/plugins\/seo\/ -->\n<title>Ginseng Coreano HWA Sigillo Oro estratto puro 50gr - Erboristeria Demetra<\/title>\n<meta name=\"description\" content=\"Il Ginseng Coreano Il Hwa, il migliore per l&#039;elevata e bilanciata presenza dei ginsenosidi, aiuta ad affrontare lo stress e la debolezza\" \/>\n<meta name=\"robots\" content=\"index, follow, max-snippet:-1, max-image-preview:large, max-video-preview:-1\" \/>\n<link rel=\"canonical\" href=\"https:\/\/www.erboristerie.com\/it\/prodotto\/ginseng-coreano-hwa-sigillo-oro-estratto-puro-50gr\/\" \/>\n<meta property=\"og:locale\" content=\"it_IT\" \/>\n<meta property=\"og:type\" content=\"article\" \/>\n<meta property=\"og:title\" content=\"Ginseng Coreano HWA Sigillo Oro estratto puro 50gr - Erboristeria Demetra\" \/>\n<meta property=\"og:description\" content=\"Il Ginseng Coreano Il Hwa, il migliore per l&#039;elevata e bilanciata presenza dei ginsenosidi, aiuta ad affrontare lo stress e la debolezza\" \/>\n<meta property=\"og:url\" content=\"https:\/\/www.erboristerie.com\/it\/prodotto\/ginseng-coreano-hwa-sigillo-oro-estratto-puro-50gr\/\" \/>\n<meta property=\"og:site_name\" content=\"Erboristeria Demetra\" \/>\n<meta property=\"article:publisher\" content=\"https:\/\/www.facebook.com\/erboristeria.demetra.online\" \/>\n<meta property=\"article:modified_time\" content=\"2026-01-28T08:36:40+00:00\" \/>\n<meta property=\"og:image\" content=\"https:\/\/www.erboristerie.com\/wp-content\/uploads\/2008\/05\/00001250-il-hwa-ginseng-estratto-50gr.jpg\" \/>\n\t<meta property=\"og:image:width\" content=\"1100\" \/>\n\t<meta property=\"og:image:height\" content=\"1000\" \/>\n\t<meta property=\"og:image:type\" content=\"image\/jpeg\" \/>\n<meta name=\"twitter:card\" content=\"summary_large_image\" \/>\n<meta name=\"twitter:label1\" content=\"Tempo di lettura stimato\" \/>\n\t<meta name=\"twitter:data1\" content=\"2 minuti\" \/>\n<script type=\"application\/ld+json\" class=\"yoast-schema-graph\">{\"@context\":\"https:\/\/schema.org\",\"@graph\":[{\"@type\":\"WebPage\",\"@id\":\"https:\/\/www.erboristerie.com\/it\/prodotto\/ginseng-coreano-hwa-sigillo-oro-estratto-puro-50gr\/\",\"url\":\"https:\/\/www.erboristerie.com\/it\/prodotto\/ginseng-coreano-hwa-sigillo-oro-estratto-puro-50gr\/\",\"name\":\"Ginseng Coreano HWA Sigillo Oro estratto puro 50gr - Erboristeria Demetra\",\"isPartOf\":{\"@id\":\"https:\/\/www.erboristerie.com\/it\/#website\"},\"primaryImageOfPage\":{\"@id\":\"https:\/\/www.erboristerie.com\/it\/prodotto\/ginseng-coreano-hwa-sigillo-oro-estratto-puro-50gr\/#primaryimage\"},\"image\":{\"@id\":\"https:\/\/www.erboristerie.com\/it\/prodotto\/ginseng-coreano-hwa-sigillo-oro-estratto-puro-50gr\/#primaryimage\"},\"thumbnailUrl\":\"https:\/\/www.erboristerie.com\/wp-content\/uploads\/2008\/05\/00001250-il-hwa-ginseng-estratto-50gr.jpg\",\"datePublished\":\"2008-05-09T10:45:01+00:00\",\"dateModified\":\"2026-01-28T08:36:40+00:00\",\"description\":\"Il Ginseng Coreano Il Hwa, il migliore per l'elevata e bilanciata presenza dei ginsenosidi, aiuta ad affrontare lo stress e la debolezza\",\"breadcrumb\":{\"@id\":\"https:\/\/www.erboristerie.com\/it\/prodotto\/ginseng-coreano-hwa-sigillo-oro-estratto-puro-50gr\/#breadcrumb\"},\"inLanguage\":\"it-IT\",\"potentialAction\":[{\"@type\":\"ReadAction\",\"target\":[\"https:\/\/www.erboristerie.com\/it\/prodotto\/ginseng-coreano-hwa-sigillo-oro-estratto-puro-50gr\/\"]}]},{\"@type\":\"ImageObject\",\"inLanguage\":\"it-IT\",\"@id\":\"https:\/\/www.erboristerie.com\/it\/prodotto\/ginseng-coreano-hwa-sigillo-oro-estratto-puro-50gr\/#primaryimage\",\"url\":\"https:\/\/www.erboristerie.com\/wp-content\/uploads\/2008\/05\/00001250-il-hwa-ginseng-estratto-50gr.jpg\",\"contentUrl\":\"https:\/\/www.erboristerie.com\/wp-content\/uploads\/2008\/05\/00001250-il-hwa-ginseng-estratto-50gr.jpg\",\"width\":1100,\"height\":1000},{\"@type\":\"BreadcrumbList\",\"@id\":\"https:\/\/www.erboristerie.com\/it\/prodotto\/ginseng-coreano-hwa-sigillo-oro-estratto-puro-50gr\/#breadcrumb\",\"itemListElement\":[{\"@type\":\"ListItem\",\"position\":1,\"name\":\"Home\",\"item\":\"https:\/\/www.erboristerie.com\/it\/\"},{\"@type\":\"ListItem\",\"position\":2,\"name\":\"Tutti i prodotti\",\"item\":\"https:\/\/www.erboristerie.com\/it\/tutti-i-prodotti\/\"},{\"@type\":\"ListItem\",\"position\":3,\"name\":\"Ginseng Coreano HWA Sigillo Oro estratto puro 50gr\"}]},{\"@type\":\"WebSite\",\"@id\":\"https:\/\/www.erboristerie.com\/it\/#website\",\"url\":\"https:\/\/www.erboristerie.com\/it\/\",\"name\":\"Erboristeria Demetra\",\"description\":\"La tua salute al naturale\",\"publisher\":{\"@id\":\"https:\/\/www.erboristerie.com\/it\/#organization\"},\"potentialAction\":[{\"@type\":\"SearchAction\",\"target\":{\"@type\":\"EntryPoint\",\"urlTemplate\":\"https:\/\/www.erboristerie.com\/it\/?s={search_term_string}\"},\"query-input\":{\"@type\":\"PropertyValueSpecification\",\"valueRequired\":true,\"valueName\":\"search_term_string\"}}],\"inLanguage\":\"it-IT\"},{\"@type\":\"Organization\",\"@id\":\"https:\/\/www.erboristerie.com\/it\/#organization\",\"name\":\"Erboristeria Demetra\",\"url\":\"https:\/\/www.erboristerie.com\/it\/\",\"logo\":{\"@type\":\"ImageObject\",\"inLanguage\":\"it-IT\",\"@id\":\"https:\/\/www.erboristerie.com\/it\/#\/schema\/logo\/image\/\",\"url\":\"https:\/\/www.erboristerie.com\/wp-content\/uploads\/2019\/11\/LOGO_ERBORISTERIA_DEMETRA_original.png?v=1611516981\",\"contentUrl\":\"https:\/\/www.erboristerie.com\/wp-content\/uploads\/2019\/11\/LOGO_ERBORISTERIA_DEMETRA_original.png?v=1611516981\",\"width\":201,\"height\":54,\"caption\":\"Erboristeria Demetra\"},\"image\":{\"@id\":\"https:\/\/www.erboristerie.com\/it\/#\/schema\/logo\/image\/\"},\"sameAs\":[\"https:\/\/www.facebook.com\/erboristeria.demetra.online\"]}]}<\/script>\n<!-- \/ Yoast SEO plugin. -->","yoast_head_json":{"title":"Ginseng Coreano HWA Sigillo Oro estratto puro 50gr - Erboristeria Demetra","description":"Il Ginseng Coreano Il Hwa, il migliore per l'elevata e bilanciata presenza dei ginsenosidi, aiuta ad affrontare lo stress e la debolezza","robots":{"index":"index","follow":"follow","max-snippet":"max-snippet:-1","max-image-preview":"max-image-preview:large","max-video-preview":"max-video-preview:-1"},"canonical":"https:\/\/www.erboristerie.com\/it\/prodotto\/ginseng-coreano-hwa-sigillo-oro-estratto-puro-50gr\/","og_locale":"it_IT","og_type":"article","og_title":"Ginseng Coreano HWA Sigillo Oro estratto puro 50gr - Erboristeria Demetra","og_description":"Il Ginseng Coreano Il Hwa, il migliore per l'elevata e bilanciata presenza dei ginsenosidi, aiuta ad affrontare lo stress e la debolezza","og_url":"https:\/\/www.erboristerie.com\/it\/prodotto\/ginseng-coreano-hwa-sigillo-oro-estratto-puro-50gr\/","og_site_name":"Erboristeria Demetra","article_publisher":"https:\/\/www.facebook.com\/erboristeria.demetra.online","article_modified_time":"2026-01-28T08:36:40+00:00","og_image":[{"width":1100,"height":1000,"url":"https:\/\/www.erboristerie.com\/wp-content\/uploads\/2008\/05\/00001250-il-hwa-ginseng-estratto-50gr.jpg","type":"image\/jpeg"}],"twitter_card":"summary_large_image","twitter_misc":{"Tempo di lettura stimato":"2 minuti"},"schema":{"@context":"https:\/\/schema.org","@graph":[{"@type":"WebPage","@id":"https:\/\/www.erboristerie.com\/it\/prodotto\/ginseng-coreano-hwa-sigillo-oro-estratto-puro-50gr\/","url":"https:\/\/www.erboristerie.com\/it\/prodotto\/ginseng-coreano-hwa-sigillo-oro-estratto-puro-50gr\/","name":"Ginseng Coreano HWA Sigillo Oro estratto puro 50gr - Erboristeria Demetra","isPartOf":{"@id":"https:\/\/www.erboristerie.com\/it\/#website"},"primaryImageOfPage":{"@id":"https:\/\/www.erboristerie.com\/it\/prodotto\/ginseng-coreano-hwa-sigillo-oro-estratto-puro-50gr\/#primaryimage"},"image":{"@id":"https:\/\/www.erboristerie.com\/it\/prodotto\/ginseng-coreano-hwa-sigillo-oro-estratto-puro-50gr\/#primaryimage"},"thumbnailUrl":"https:\/\/www.erboristerie.com\/wp-content\/uploads\/2008\/05\/00001250-il-hwa-ginseng-estratto-50gr.jpg","datePublished":"2008-05-09T10:45:01+00:00","dateModified":"2026-01-28T08:36:40+00:00","description":"Il Ginseng Coreano Il Hwa, il migliore per l'elevata e bilanciata presenza dei ginsenosidi, aiuta ad affrontare lo stress e la debolezza","breadcrumb":{"@id":"https:\/\/www.erboristerie.com\/it\/prodotto\/ginseng-coreano-hwa-sigillo-oro-estratto-puro-50gr\/#breadcrumb"},"inLanguage":"it-IT","potentialAction":[{"@type":"ReadAction","target":["https:\/\/www.erboristerie.com\/it\/prodotto\/ginseng-coreano-hwa-sigillo-oro-estratto-puro-50gr\/"]}]},{"@type":"ImageObject","inLanguage":"it-IT","@id":"https:\/\/www.erboristerie.com\/it\/prodotto\/ginseng-coreano-hwa-sigillo-oro-estratto-puro-50gr\/#primaryimage","url":"https:\/\/www.erboristerie.com\/wp-content\/uploads\/2008\/05\/00001250-il-hwa-ginseng-estratto-50gr.jpg","contentUrl":"https:\/\/www.erboristerie.com\/wp-content\/uploads\/2008\/05\/00001250-il-hwa-ginseng-estratto-50gr.jpg","width":1100,"height":1000},{"@type":"BreadcrumbList","@id":"https:\/\/www.erboristerie.com\/it\/prodotto\/ginseng-coreano-hwa-sigillo-oro-estratto-puro-50gr\/#breadcrumb","itemListElement":[{"@type":"ListItem","position":1,"name":"Home","item":"https:\/\/www.erboristerie.com\/it\/"},{"@type":"ListItem","position":2,"name":"Tutti i prodotti","item":"https:\/\/www.erboristerie.com\/it\/tutti-i-prodotti\/"},{"@type":"ListItem","position":3,"name":"Ginseng Coreano HWA Sigillo Oro estratto puro 50gr"}]},{"@type":"WebSite","@id":"https:\/\/www.erboristerie.com\/it\/#website","url":"https:\/\/www.erboristerie.com\/it\/","name":"Erboristeria Demetra","description":"La tua salute al naturale","publisher":{"@id":"https:\/\/www.erboristerie.com\/it\/#organization"},"potentialAction":[{"@type":"SearchAction","target":{"@type":"EntryPoint","urlTemplate":"https:\/\/www.erboristerie.com\/it\/?s={search_term_string}"},"query-input":{"@type":"PropertyValueSpecification","valueRequired":true,"valueName":"search_term_string"}}],"inLanguage":"it-IT"},{"@type":"Organization","@id":"https:\/\/www.erboristerie.com\/it\/#organization","name":"Erboristeria Demetra","url":"https:\/\/www.erboristerie.com\/it\/","logo":{"@type":"ImageObject","inLanguage":"it-IT","@id":"https:\/\/www.erboristerie.com\/it\/#\/schema\/logo\/image\/","url":"https:\/\/www.erboristerie.com\/wp-content\/uploads\/2019\/11\/LOGO_ERBORISTERIA_DEMETRA_original.png?v=1611516981","contentUrl":"https:\/\/www.erboristerie.com\/wp-content\/uploads\/2019\/11\/LOGO_ERBORISTERIA_DEMETRA_original.png?v=1611516981","width":201,"height":54,"caption":"Erboristeria Demetra"},"image":{"@id":"https:\/\/www.erboristerie.com\/it\/#\/schema\/logo\/image\/"},"sameAs":["https:\/\/www.facebook.com\/erboristeria.demetra.online"]}]}},"_links":{"self":[{"href":"https:\/\/www.erboristerie.com\/it\/wp-json\/wp\/v2\/product\/51286","targetHints":{"allow":["GET"]}}],"collection":[{"href":"https:\/\/www.erboristerie.com\/it\/wp-json\/wp\/v2\/product"}],"about":[{"href":"https:\/\/www.erboristerie.com\/it\/wp-json\/wp\/v2\/types\/product"}],"wp:featuredmedia":[{"embeddable":true,"href":"https:\/\/www.erboristerie.com\/it\/wp-json\/wp\/v2\/media\/125559"}],"wp:attachment":[{"href":"https:\/\/www.erboristerie.com\/it\/wp-json\/wp\/v2\/media?parent=51286"}],"wp:term":[{"taxonomy":"product_brand","embeddable":true,"href":"https:\/\/www.erboristerie.com\/it\/wp-json\/wp\/v2\/product_brand?post=51286"},{"taxonomy":"product_cat","embeddable":true,"href":"https:\/\/www.erboristerie.com\/it\/wp-json\/wp\/v2\/product_cat?post=51286"},{"taxonomy":"product_tag","embeddable":true,"href":"https:\/\/www.erboristerie.com\/it\/wp-json\/wp\/v2\/product_tag?post=51286"},{"taxonomy":"giftcard-category","embeddable":true,"href":"https:\/\/www.erboristerie.com\/it\/wp-json\/wp\/v2\/giftcard-category?post=51286"}],"curies":[{"name":"wp","href":"https:\/\/api.w.org\/{rel}","templated":true}]}}