{"id":51270,"date":"2008-05-09T10:45:01","date_gmt":"2008-05-09T08:45:01","guid":{"rendered":"http:\/\/www.erboristerie.com\/?post_type=product&#038;p=51270"},"modified":"2025-09-13T17:23:58","modified_gmt":"2025-09-13T15:23:58","slug":"super-balsamo-crema-capillare-seres-125ml-derbe-nutriente-lucidante-districante-protettivo-deelettrizzante","status":"publish","type":"product","link":"https:\/\/www.erboristerie.com\/it\/prodotto\/super-balsamo-crema-capillare-seres-125ml-derbe-nutriente-lucidante-districante-protettivo-deelettrizzante\/","title":{"rendered":"Super Balsamo Crema Capillare Seres 125ml Derbe nutriente, lucidante, districante, protettivo, deelettrizzante"},"content":{"rendered":"<p><strong>Super Balsamo Crema Capillare Seres 125ml &#8211; Derbe<\/strong><\/p>\n<p>In ogni circostanza, in ogni luogo: questo \u00e8 il preparato unico \u201cindispensabile\u201d per i tuoi capelli!<\/p>\n<p>Balsamo nutriente, lucidante, districante, protettivo, deelettrizzante, dona ai capelli fini e cadenti pi\u00f9 corpo e forza e pi\u00f9 volume alla chioma.<\/p>\n<p>Combatte l\u2019impoverimento strutturale dei capelli e lo squilibrio idrolipidico e acido della cute causati da tutte le aggressioni: climatiche, ambientali, chimiche di acconciatura o derivate da detergenze troppo frequenti o aggressive.<\/p>\n<p>Pu\u00f2 essere utilizzato come maschera impacco per nutrire la cute e donare morbidezza, corpo e vigore ai capelli, come balsamo e districante per rafforzare i capelli, minimizzare le doppie punte, eliminare l\u2019elettricit\u00e0 tipica dei capelli aridi, e come tocco lucidante, in piccola quantit\u00e0 e senza risciacquo per rendere i capelli pi\u00f9 docili e pettinabili.<\/p>\n<p><strong>3 modalit\u00e0 di utilizzo<\/strong><\/p>\n<ul>\n<li><strong>come maschera impacco<\/strong> per nutrire la cute e donare morbidezza, corpo e vigore ai capelli<\/li>\n<li><strong>come balsamo e districante<\/strong> per rafforzare i capelli, minimizzare le doppie punte, eliminare l\u2019elettricit\u00e0 tipica dei capelli aridi<\/li>\n<li><strong>come tocco lucidante,<\/strong> in piccola quantit\u00e0 e senza risciacquo per rendere i capelli pi\u00f9 docili e pettinabili.<\/li>\n<\/ul>\n<p><strong>INCI<\/strong><\/p>\n<p>aqua [water], cetearyl alcohol, cetrimonium chloride, hydrogenated lanolin, dimethicone, parfum [fragrance], citric acid, benzyl alcohol, phenoxyethanol, limonene, potassium sorbate, sodium dehydroacetate, ci 19140 [acid yellow 23], thymol, ci 16035 [red 40], citral, benzyl benzoate, tocopherol.<\/p>\n","protected":false},"excerpt":{"rendered":"<p>Super Balsamo Crema Capillare Seres 125ml &#8211; Derbe In ogni circostanza, in ogni luogo: questo \u00e8 il preparato unico \u201cindispensabile\u201d per i tuoi capelli! Balsamo nutriente, lucidante, districante, protettivo, deelettrizzante, dona ai capelli fini e cadenti pi\u00f9 corpo e forza e pi\u00f9 volume alla chioma&#8230;.<\/p>\n","protected":false},"featured_media":108843,"template":"","meta":{"_acf_changed":false},"product_brand":[9593],"product_cat":[10307,45044],"product_tag":[19459,10846,18241,10847,10848],"giftcard-category":[],"class_list":{"0":"post-51270","1":"product","2":"type-product","3":"status-publish","4":"has-post-thumbnail","6":"product_brand-derbe","7":"product_cat-capelli","8":"product_cat-detergenza","9":"product_tag-balsamo-3","10":"product_tag-capillare","11":"product_tag-crema-2","12":"product_tag-seres","13":"product_tag-super","14":"pa_formato-125-ml","15":"pa_linea-profumazione-seres","16":"pa_marca-derbe","17":"pa_tipologia-maschera","18":"pa_tipologia-balsamo","20":"first","21":"instock","22":"sale","23":"taxable","24":"shipping-taxable","25":"purchasable","26":"product-type-simple"},"acf":[],"yoast_head":"<!-- This site is optimized with the Yoast SEO plugin v24.9 - https:\/\/yoast.com\/wordpress\/plugins\/seo\/ -->\n<title>Super Balsamo Crema Capillare Seres 125ml Derbe nutriente, lucidante, districante, protettivo, deelettrizzante - Erboristeria Demetra<\/title>\n<meta name=\"description\" content=\"In ogni circostanza, in ogni luogo: questo \u00e8 il preparato unico \u201cindispensabile\u201d per i tuoi capelli! Nutriente, lucidante, districante, protettivo\" \/>\n<meta name=\"robots\" content=\"index, follow, max-snippet:-1, max-image-preview:large, max-video-preview:-1\" \/>\n<link rel=\"canonical\" href=\"https:\/\/www.erboristerie.com\/it\/prodotto\/super-balsamo-crema-capillare-seres-125ml-derbe-nutriente-lucidante-districante-protettivo-deelettrizzante\/\" \/>\n<meta property=\"og:locale\" content=\"it_IT\" \/>\n<meta property=\"og:type\" content=\"article\" \/>\n<meta property=\"og:title\" content=\"Super Balsamo Crema Capillare Seres 125ml Derbe nutriente, lucidante, districante, protettivo, deelettrizzante - Erboristeria Demetra\" \/>\n<meta property=\"og:description\" content=\"In ogni circostanza, in ogni luogo: questo \u00e8 il preparato unico \u201cindispensabile\u201d per i tuoi capelli! Nutriente, lucidante, districante, protettivo\" \/>\n<meta property=\"og:url\" content=\"https:\/\/www.erboristerie.com\/it\/prodotto\/super-balsamo-crema-capillare-seres-125ml-derbe-nutriente-lucidante-districante-protettivo-deelettrizzante\/\" \/>\n<meta property=\"og:site_name\" content=\"Erboristeria Demetra\" \/>\n<meta property=\"article:publisher\" content=\"https:\/\/www.facebook.com\/erboristeria.demetra.online\" \/>\n<meta property=\"article:modified_time\" content=\"2025-09-13T15:23:58+00:00\" \/>\n<meta property=\"og:image\" content=\"https:\/\/www.erboristerie.com\/wp-content\/uploads\/2008\/05\/00001238.jpg?v=1611515833\" \/>\n\t<meta property=\"og:image:width\" content=\"1400\" \/>\n\t<meta property=\"og:image:height\" content=\"2157\" \/>\n\t<meta property=\"og:image:type\" content=\"image\/jpeg\" \/>\n<meta name=\"twitter:card\" content=\"summary_large_image\" \/>\n<meta name=\"twitter:label1\" content=\"Tempo di lettura stimato\" \/>\n\t<meta name=\"twitter:data1\" content=\"2 minuti\" \/>\n<script type=\"application\/ld+json\" class=\"yoast-schema-graph\">{\"@context\":\"https:\/\/schema.org\",\"@graph\":[{\"@type\":\"WebPage\",\"@id\":\"https:\/\/www.erboristerie.com\/it\/prodotto\/super-balsamo-crema-capillare-seres-125ml-derbe-nutriente-lucidante-districante-protettivo-deelettrizzante\/\",\"url\":\"https:\/\/www.erboristerie.com\/it\/prodotto\/super-balsamo-crema-capillare-seres-125ml-derbe-nutriente-lucidante-districante-protettivo-deelettrizzante\/\",\"name\":\"Super Balsamo Crema Capillare Seres 125ml Derbe nutriente, lucidante, districante, protettivo, deelettrizzante - Erboristeria Demetra\",\"isPartOf\":{\"@id\":\"https:\/\/www.erboristerie.com\/it\/#website\"},\"primaryImageOfPage\":{\"@id\":\"https:\/\/www.erboristerie.com\/it\/prodotto\/super-balsamo-crema-capillare-seres-125ml-derbe-nutriente-lucidante-districante-protettivo-deelettrizzante\/#primaryimage\"},\"image\":{\"@id\":\"https:\/\/www.erboristerie.com\/it\/prodotto\/super-balsamo-crema-capillare-seres-125ml-derbe-nutriente-lucidante-districante-protettivo-deelettrizzante\/#primaryimage\"},\"thumbnailUrl\":\"https:\/\/www.erboristerie.com\/wp-content\/uploads\/2008\/05\/00001238.jpg?v=1611515833\",\"datePublished\":\"2008-05-09T08:45:01+00:00\",\"dateModified\":\"2025-09-13T15:23:58+00:00\",\"description\":\"In ogni circostanza, in ogni luogo: questo \u00e8 il preparato unico \u201cindispensabile\u201d per i tuoi capelli! Nutriente, lucidante, districante, protettivo\",\"breadcrumb\":{\"@id\":\"https:\/\/www.erboristerie.com\/it\/prodotto\/super-balsamo-crema-capillare-seres-125ml-derbe-nutriente-lucidante-districante-protettivo-deelettrizzante\/#breadcrumb\"},\"inLanguage\":\"it-IT\",\"potentialAction\":[{\"@type\":\"ReadAction\",\"target\":[\"https:\/\/www.erboristerie.com\/it\/prodotto\/super-balsamo-crema-capillare-seres-125ml-derbe-nutriente-lucidante-districante-protettivo-deelettrizzante\/\"]}]},{\"@type\":\"ImageObject\",\"inLanguage\":\"it-IT\",\"@id\":\"https:\/\/www.erboristerie.com\/it\/prodotto\/super-balsamo-crema-capillare-seres-125ml-derbe-nutriente-lucidante-districante-protettivo-deelettrizzante\/#primaryimage\",\"url\":\"https:\/\/www.erboristerie.com\/wp-content\/uploads\/2008\/05\/00001238.jpg?v=1611515833\",\"contentUrl\":\"https:\/\/www.erboristerie.com\/wp-content\/uploads\/2008\/05\/00001238.jpg?v=1611515833\",\"width\":1400,\"height\":2157},{\"@type\":\"BreadcrumbList\",\"@id\":\"https:\/\/www.erboristerie.com\/it\/prodotto\/super-balsamo-crema-capillare-seres-125ml-derbe-nutriente-lucidante-districante-protettivo-deelettrizzante\/#breadcrumb\",\"itemListElement\":[{\"@type\":\"ListItem\",\"position\":1,\"name\":\"Home\",\"item\":\"https:\/\/www.erboristerie.com\/it\/\"},{\"@type\":\"ListItem\",\"position\":2,\"name\":\"Tutti i prodotti\",\"item\":\"https:\/\/www.erboristerie.com\/it\/tutti-i-prodotti\/\"},{\"@type\":\"ListItem\",\"position\":3,\"name\":\"Super Balsamo Crema Capillare Seres 125ml Derbe nutriente, lucidante, districante, protettivo, deelettrizzante\"}]},{\"@type\":\"WebSite\",\"@id\":\"https:\/\/www.erboristerie.com\/it\/#website\",\"url\":\"https:\/\/www.erboristerie.com\/it\/\",\"name\":\"Erboristeria Demetra\",\"description\":\"La tua salute al naturale\",\"publisher\":{\"@id\":\"https:\/\/www.erboristerie.com\/it\/#organization\"},\"potentialAction\":[{\"@type\":\"SearchAction\",\"target\":{\"@type\":\"EntryPoint\",\"urlTemplate\":\"https:\/\/www.erboristerie.com\/it\/?s={search_term_string}\"},\"query-input\":{\"@type\":\"PropertyValueSpecification\",\"valueRequired\":true,\"valueName\":\"search_term_string\"}}],\"inLanguage\":\"it-IT\"},{\"@type\":\"Organization\",\"@id\":\"https:\/\/www.erboristerie.com\/it\/#organization\",\"name\":\"Erboristeria Demetra\",\"url\":\"https:\/\/www.erboristerie.com\/it\/\",\"logo\":{\"@type\":\"ImageObject\",\"inLanguage\":\"it-IT\",\"@id\":\"https:\/\/www.erboristerie.com\/it\/#\/schema\/logo\/image\/\",\"url\":\"https:\/\/www.erboristerie.com\/wp-content\/uploads\/2019\/11\/LOGO_ERBORISTERIA_DEMETRA_original.png?v=1611516981\",\"contentUrl\":\"https:\/\/www.erboristerie.com\/wp-content\/uploads\/2019\/11\/LOGO_ERBORISTERIA_DEMETRA_original.png?v=1611516981\",\"width\":201,\"height\":54,\"caption\":\"Erboristeria Demetra\"},\"image\":{\"@id\":\"https:\/\/www.erboristerie.com\/it\/#\/schema\/logo\/image\/\"},\"sameAs\":[\"https:\/\/www.facebook.com\/erboristeria.demetra.online\"]}]}<\/script>\n<!-- \/ Yoast SEO plugin. -->","yoast_head_json":{"title":"Super Balsamo Crema Capillare Seres 125ml Derbe nutriente, lucidante, districante, protettivo, deelettrizzante - Erboristeria Demetra","description":"In ogni circostanza, in ogni luogo: questo \u00e8 il preparato unico \u201cindispensabile\u201d per i tuoi capelli! Nutriente, lucidante, districante, protettivo","robots":{"index":"index","follow":"follow","max-snippet":"max-snippet:-1","max-image-preview":"max-image-preview:large","max-video-preview":"max-video-preview:-1"},"canonical":"https:\/\/www.erboristerie.com\/it\/prodotto\/super-balsamo-crema-capillare-seres-125ml-derbe-nutriente-lucidante-districante-protettivo-deelettrizzante\/","og_locale":"it_IT","og_type":"article","og_title":"Super Balsamo Crema Capillare Seres 125ml Derbe nutriente, lucidante, districante, protettivo, deelettrizzante - Erboristeria Demetra","og_description":"In ogni circostanza, in ogni luogo: questo \u00e8 il preparato unico \u201cindispensabile\u201d per i tuoi capelli! Nutriente, lucidante, districante, protettivo","og_url":"https:\/\/www.erboristerie.com\/it\/prodotto\/super-balsamo-crema-capillare-seres-125ml-derbe-nutriente-lucidante-districante-protettivo-deelettrizzante\/","og_site_name":"Erboristeria Demetra","article_publisher":"https:\/\/www.facebook.com\/erboristeria.demetra.online","article_modified_time":"2025-09-13T15:23:58+00:00","og_image":[{"width":1400,"height":2157,"url":"https:\/\/www.erboristerie.com\/wp-content\/uploads\/2008\/05\/00001238.jpg?v=1611515833","type":"image\/jpeg"}],"twitter_card":"summary_large_image","twitter_misc":{"Tempo di lettura stimato":"2 minuti"},"schema":{"@context":"https:\/\/schema.org","@graph":[{"@type":"WebPage","@id":"https:\/\/www.erboristerie.com\/it\/prodotto\/super-balsamo-crema-capillare-seres-125ml-derbe-nutriente-lucidante-districante-protettivo-deelettrizzante\/","url":"https:\/\/www.erboristerie.com\/it\/prodotto\/super-balsamo-crema-capillare-seres-125ml-derbe-nutriente-lucidante-districante-protettivo-deelettrizzante\/","name":"Super Balsamo Crema Capillare Seres 125ml Derbe nutriente, lucidante, districante, protettivo, deelettrizzante - Erboristeria Demetra","isPartOf":{"@id":"https:\/\/www.erboristerie.com\/it\/#website"},"primaryImageOfPage":{"@id":"https:\/\/www.erboristerie.com\/it\/prodotto\/super-balsamo-crema-capillare-seres-125ml-derbe-nutriente-lucidante-districante-protettivo-deelettrizzante\/#primaryimage"},"image":{"@id":"https:\/\/www.erboristerie.com\/it\/prodotto\/super-balsamo-crema-capillare-seres-125ml-derbe-nutriente-lucidante-districante-protettivo-deelettrizzante\/#primaryimage"},"thumbnailUrl":"https:\/\/www.erboristerie.com\/wp-content\/uploads\/2008\/05\/00001238.jpg?v=1611515833","datePublished":"2008-05-09T08:45:01+00:00","dateModified":"2025-09-13T15:23:58+00:00","description":"In ogni circostanza, in ogni luogo: questo \u00e8 il preparato unico \u201cindispensabile\u201d per i tuoi capelli! Nutriente, lucidante, districante, protettivo","breadcrumb":{"@id":"https:\/\/www.erboristerie.com\/it\/prodotto\/super-balsamo-crema-capillare-seres-125ml-derbe-nutriente-lucidante-districante-protettivo-deelettrizzante\/#breadcrumb"},"inLanguage":"it-IT","potentialAction":[{"@type":"ReadAction","target":["https:\/\/www.erboristerie.com\/it\/prodotto\/super-balsamo-crema-capillare-seres-125ml-derbe-nutriente-lucidante-districante-protettivo-deelettrizzante\/"]}]},{"@type":"ImageObject","inLanguage":"it-IT","@id":"https:\/\/www.erboristerie.com\/it\/prodotto\/super-balsamo-crema-capillare-seres-125ml-derbe-nutriente-lucidante-districante-protettivo-deelettrizzante\/#primaryimage","url":"https:\/\/www.erboristerie.com\/wp-content\/uploads\/2008\/05\/00001238.jpg?v=1611515833","contentUrl":"https:\/\/www.erboristerie.com\/wp-content\/uploads\/2008\/05\/00001238.jpg?v=1611515833","width":1400,"height":2157},{"@type":"BreadcrumbList","@id":"https:\/\/www.erboristerie.com\/it\/prodotto\/super-balsamo-crema-capillare-seres-125ml-derbe-nutriente-lucidante-districante-protettivo-deelettrizzante\/#breadcrumb","itemListElement":[{"@type":"ListItem","position":1,"name":"Home","item":"https:\/\/www.erboristerie.com\/it\/"},{"@type":"ListItem","position":2,"name":"Tutti i prodotti","item":"https:\/\/www.erboristerie.com\/it\/tutti-i-prodotti\/"},{"@type":"ListItem","position":3,"name":"Super Balsamo Crema Capillare Seres 125ml Derbe nutriente, lucidante, districante, protettivo, deelettrizzante"}]},{"@type":"WebSite","@id":"https:\/\/www.erboristerie.com\/it\/#website","url":"https:\/\/www.erboristerie.com\/it\/","name":"Erboristeria Demetra","description":"La tua salute al naturale","publisher":{"@id":"https:\/\/www.erboristerie.com\/it\/#organization"},"potentialAction":[{"@type":"SearchAction","target":{"@type":"EntryPoint","urlTemplate":"https:\/\/www.erboristerie.com\/it\/?s={search_term_string}"},"query-input":{"@type":"PropertyValueSpecification","valueRequired":true,"valueName":"search_term_string"}}],"inLanguage":"it-IT"},{"@type":"Organization","@id":"https:\/\/www.erboristerie.com\/it\/#organization","name":"Erboristeria Demetra","url":"https:\/\/www.erboristerie.com\/it\/","logo":{"@type":"ImageObject","inLanguage":"it-IT","@id":"https:\/\/www.erboristerie.com\/it\/#\/schema\/logo\/image\/","url":"https:\/\/www.erboristerie.com\/wp-content\/uploads\/2019\/11\/LOGO_ERBORISTERIA_DEMETRA_original.png?v=1611516981","contentUrl":"https:\/\/www.erboristerie.com\/wp-content\/uploads\/2019\/11\/LOGO_ERBORISTERIA_DEMETRA_original.png?v=1611516981","width":201,"height":54,"caption":"Erboristeria Demetra"},"image":{"@id":"https:\/\/www.erboristerie.com\/it\/#\/schema\/logo\/image\/"},"sameAs":["https:\/\/www.facebook.com\/erboristeria.demetra.online"]}]}},"_links":{"self":[{"href":"https:\/\/www.erboristerie.com\/it\/wp-json\/wp\/v2\/product\/51270","targetHints":{"allow":["GET"]}}],"collection":[{"href":"https:\/\/www.erboristerie.com\/it\/wp-json\/wp\/v2\/product"}],"about":[{"href":"https:\/\/www.erboristerie.com\/it\/wp-json\/wp\/v2\/types\/product"}],"wp:featuredmedia":[{"embeddable":true,"href":"https:\/\/www.erboristerie.com\/it\/wp-json\/wp\/v2\/media\/108843"}],"wp:attachment":[{"href":"https:\/\/www.erboristerie.com\/it\/wp-json\/wp\/v2\/media?parent=51270"}],"wp:term":[{"taxonomy":"product_brand","embeddable":true,"href":"https:\/\/www.erboristerie.com\/it\/wp-json\/wp\/v2\/product_brand?post=51270"},{"taxonomy":"product_cat","embeddable":true,"href":"https:\/\/www.erboristerie.com\/it\/wp-json\/wp\/v2\/product_cat?post=51270"},{"taxonomy":"product_tag","embeddable":true,"href":"https:\/\/www.erboristerie.com\/it\/wp-json\/wp\/v2\/product_tag?post=51270"},{"taxonomy":"giftcard-category","embeddable":true,"href":"https:\/\/www.erboristerie.com\/it\/wp-json\/wp\/v2\/giftcard-category?post=51270"}],"curies":[{"name":"wp","href":"https:\/\/api.w.org\/{rel}","templated":true}]}}