{"id":51102,"date":"2008-05-06T16:06:35","date_gmt":"2008-05-06T14:06:35","guid":{"rendered":"http:\/\/www.erboristerie.com\/?post_type=product&#038;p=51102"},"modified":"2025-09-14T16:44:00","modified_gmt":"2025-09-14T14:44:00","slug":"gallexier-250ml-digestione-difficile-e-depurazione-del-fegato-salus","status":"publish","type":"product","link":"https:\/\/www.erboristerie.com\/it\/prodotto\/gallexier-250ml-digestione-difficile-e-depurazione-del-fegato-salus\/","title":{"rendered":"Gallexier per la digestione difficile e la depurazione del fegato 250ml Salus"},"content":{"rendered":"<p><strong>Gallexier 250ml per la digestione difficile e la depurazione del fegato &#8211; Salus<\/strong><\/p>\n<p>Gallexier \u00e8 un integratore di erbe amare, in particolare carciofo, tarassaco e genziana, note per le loro propriet\u00e0 benefiche sull&#8217;apparato digerente.<\/p>\n<p>Grazie alla presenza di ben 12 piante, Gallexier \u00e8 un integratore ideale per favorire la digestione e per supportare l&#8217;attivit\u00e0 e il benessere del fegato .<\/p>\n<p>Completo per le piante che agiscono sull&#8217;apparato digerente: carciofo, tarassaco, genziana, finocchio, zenzero, camomilla, arancia amara, trifoglio fibrino, cardamomo e millefoglio.<\/p>\n<p>Senza Alcol: <strong>alternativo all&#8217;amaro post pranzo<\/strong><\/p>\n<p><strong>Modo d&#8217;uso<\/strong><\/p>\n<p>20ml 1-2 volte al giorno durante o dopo i pasti (misurino graduato incluso)<\/p>\n<p><strong>Ingredienti<\/strong><\/p>\n<p>Estratto acquoso di piante (75 %) di carciofo (Cynara cardunculus L.) foglia, tarassaco (Taraxacum officinale Weber) foglia, genziana (Gentiana lutea L.) radice, curcuma rizoma, millefoglio\u00a0(Achillea\u00a0 millefolium L.) parte aerea, zenzero (Zingiber officinale Rosc.) rizoma, camomilla (Matricaria\u00a0recutita L.) fiore, finocchio (Foeniculum vulgare Mill.) frutto, arancia amara (Citrus aurantium L.) buccia,\u00a0cardo benedetto (Cnicus benedictus L.) parte aerea, trifoglio fibrino (Menyanthes trifoliata L.) foglia,\u00a0cardamomo (Elettaria cardamomum [L.] Maton) frutto. Sciroppo di fruttosio.<\/p>\n<p><strong>Adatto ai vegetariani<\/strong><br \/>\n<strong>Senza alcol<\/strong><br \/>\n<strong>Senza Glutine<\/strong><br \/>\n<strong>Senza lattosio<\/strong><\/p>\n<p>In caso di alterazione della funzione epatica, biliare o di calcolosi delle vie biliari, l\u2019uso del prodotto \u00e8 sconsigliato. Non utilizzare per periodi prolungati senza consultare il medico. Se si stanno assumendo farmaci, \u00e8 opportuno sentire il parere del medico. Non utilizzare in gravidanza e durante l\u2019allattamento e si sconsiglia l\u2019uso al di sotto dei 12 anni. Consultare il medico prima dell\u2019uso se le condizioni cardiovascolari non sono nella norma.<\/p>\n","protected":false},"excerpt":{"rendered":"<p>Gallexier 250ml per la digestione difficile e la depurazione del fegato &#8211; Salus Gallexier \u00e8 un integratore di erbe amare, in particolare carciofo, tarassaco e genziana, note per le loro propriet\u00e0 benefiche sull&#8217;apparato digerente. Grazie alla presenza di ben 12 piante, Gallexier \u00e8 un integratore&#8230;<\/p>\n","protected":false},"featured_media":129707,"template":"","meta":{"_acf_changed":false},"product_brand":[9592],"product_cat":[9787],"product_tag":[10776,10730,10777],"giftcard-category":[],"class_list":{"0":"post-51102","1":"product","2":"type-product","3":"status-publish","4":"has-post-thumbnail","6":"product_brand-salus","7":"product_cat-benessere-gastro-intestinale","8":"product_tag-digestione","9":"product_tag-fegato","10":"product_tag-gallexier","11":"pa_formato-250-ml","12":"pa_marca-salus","13":"pa_tipologia-sciroppo","15":"first","16":"instock","17":"sale","18":"taxable","19":"shipping-taxable","20":"purchasable","21":"product-type-simple"},"acf":[],"yoast_head":"<!-- This site is optimized with the Yoast SEO plugin v24.9 - https:\/\/yoast.com\/wordpress\/plugins\/seo\/ -->\n<title>Gallexier per la digestione difficile e la depurazione del fegato 250ml Salus - Erboristeria Demetra<\/title>\n<meta name=\"description\" content=\"Alternativo all&#039;amaro dopo i pasti con Carciofo, tarassaco, genziana, finocchio, zenzero, camomilla, arancia amara, trifoglio fibrino, cardamomo e\u00a0millefoglio.\" \/>\n<meta name=\"robots\" content=\"index, follow, max-snippet:-1, max-image-preview:large, max-video-preview:-1\" \/>\n<link rel=\"canonical\" href=\"https:\/\/www.erboristerie.com\/it\/prodotto\/gallexier-250ml-digestione-difficile-e-depurazione-del-fegato-salus\/\" \/>\n<meta property=\"og:locale\" content=\"it_IT\" \/>\n<meta property=\"og:type\" content=\"article\" \/>\n<meta property=\"og:title\" content=\"Gallexier per la digestione difficile e la depurazione del fegato 250ml Salus - Erboristeria Demetra\" \/>\n<meta property=\"og:description\" content=\"Alternativo all&#039;amaro dopo i pasti con Carciofo, tarassaco, genziana, finocchio, zenzero, camomilla, arancia amara, trifoglio fibrino, cardamomo e\u00a0millefoglio.\" \/>\n<meta property=\"og:url\" content=\"https:\/\/www.erboristerie.com\/it\/prodotto\/gallexier-250ml-digestione-difficile-e-depurazione-del-fegato-salus\/\" \/>\n<meta property=\"og:site_name\" content=\"Erboristeria Demetra\" \/>\n<meta property=\"article:publisher\" content=\"https:\/\/www.facebook.com\/erboristeria.demetra.online\" \/>\n<meta property=\"article:modified_time\" content=\"2025-09-14T14:44:00+00:00\" \/>\n<meta property=\"og:image\" content=\"https:\/\/www.erboristerie.com\/wp-content\/uploads\/2022\/04\/00001186-gallexier-salus-250-ml-erboristerie-com.jpg\" \/>\n\t<meta property=\"og:image:width\" content=\"800\" \/>\n\t<meta property=\"og:image:height\" content=\"800\" \/>\n\t<meta property=\"og:image:type\" content=\"image\/jpeg\" \/>\n<meta name=\"twitter:card\" content=\"summary_large_image\" \/>\n<meta name=\"twitter:label1\" content=\"Tempo di lettura stimato\" \/>\n\t<meta name=\"twitter:data1\" content=\"2 minuti\" \/>\n<script type=\"application\/ld+json\" class=\"yoast-schema-graph\">{\"@context\":\"https:\/\/schema.org\",\"@graph\":[{\"@type\":\"WebPage\",\"@id\":\"https:\/\/www.erboristerie.com\/it\/prodotto\/gallexier-250ml-digestione-difficile-e-depurazione-del-fegato-salus\/\",\"url\":\"https:\/\/www.erboristerie.com\/it\/prodotto\/gallexier-250ml-digestione-difficile-e-depurazione-del-fegato-salus\/\",\"name\":\"Gallexier per la digestione difficile e la depurazione del fegato 250ml Salus - Erboristeria Demetra\",\"isPartOf\":{\"@id\":\"https:\/\/www.erboristerie.com\/it\/#website\"},\"primaryImageOfPage\":{\"@id\":\"https:\/\/www.erboristerie.com\/it\/prodotto\/gallexier-250ml-digestione-difficile-e-depurazione-del-fegato-salus\/#primaryimage\"},\"image\":{\"@id\":\"https:\/\/www.erboristerie.com\/it\/prodotto\/gallexier-250ml-digestione-difficile-e-depurazione-del-fegato-salus\/#primaryimage\"},\"thumbnailUrl\":\"https:\/\/www.erboristerie.com\/wp-content\/uploads\/2022\/04\/00001186-gallexier-salus-250-ml-erboristerie-com.jpg\",\"datePublished\":\"2008-05-06T14:06:35+00:00\",\"dateModified\":\"2025-09-14T14:44:00+00:00\",\"description\":\"Alternativo all'amaro dopo i pasti con Carciofo, tarassaco, genziana, finocchio, zenzero, camomilla, arancia amara, trifoglio fibrino, cardamomo e\u00a0millefoglio.\",\"breadcrumb\":{\"@id\":\"https:\/\/www.erboristerie.com\/it\/prodotto\/gallexier-250ml-digestione-difficile-e-depurazione-del-fegato-salus\/#breadcrumb\"},\"inLanguage\":\"it-IT\",\"potentialAction\":[{\"@type\":\"ReadAction\",\"target\":[\"https:\/\/www.erboristerie.com\/it\/prodotto\/gallexier-250ml-digestione-difficile-e-depurazione-del-fegato-salus\/\"]}]},{\"@type\":\"ImageObject\",\"inLanguage\":\"it-IT\",\"@id\":\"https:\/\/www.erboristerie.com\/it\/prodotto\/gallexier-250ml-digestione-difficile-e-depurazione-del-fegato-salus\/#primaryimage\",\"url\":\"https:\/\/www.erboristerie.com\/wp-content\/uploads\/2022\/04\/00001186-gallexier-salus-250-ml-erboristerie-com.jpg\",\"contentUrl\":\"https:\/\/www.erboristerie.com\/wp-content\/uploads\/2022\/04\/00001186-gallexier-salus-250-ml-erboristerie-com.jpg\",\"width\":800,\"height\":800},{\"@type\":\"BreadcrumbList\",\"@id\":\"https:\/\/www.erboristerie.com\/it\/prodotto\/gallexier-250ml-digestione-difficile-e-depurazione-del-fegato-salus\/#breadcrumb\",\"itemListElement\":[{\"@type\":\"ListItem\",\"position\":1,\"name\":\"Home\",\"item\":\"https:\/\/www.erboristerie.com\/it\/\"},{\"@type\":\"ListItem\",\"position\":2,\"name\":\"Tutti i prodotti\",\"item\":\"https:\/\/www.erboristerie.com\/it\/tutti-i-prodotti\/\"},{\"@type\":\"ListItem\",\"position\":3,\"name\":\"Gallexier per la digestione difficile e la depurazione del fegato 250ml Salus\"}]},{\"@type\":\"WebSite\",\"@id\":\"https:\/\/www.erboristerie.com\/it\/#website\",\"url\":\"https:\/\/www.erboristerie.com\/it\/\",\"name\":\"Erboristeria Demetra\",\"description\":\"La tua salute al naturale\",\"publisher\":{\"@id\":\"https:\/\/www.erboristerie.com\/it\/#organization\"},\"potentialAction\":[{\"@type\":\"SearchAction\",\"target\":{\"@type\":\"EntryPoint\",\"urlTemplate\":\"https:\/\/www.erboristerie.com\/it\/?s={search_term_string}\"},\"query-input\":{\"@type\":\"PropertyValueSpecification\",\"valueRequired\":true,\"valueName\":\"search_term_string\"}}],\"inLanguage\":\"it-IT\"},{\"@type\":\"Organization\",\"@id\":\"https:\/\/www.erboristerie.com\/it\/#organization\",\"name\":\"Erboristeria Demetra\",\"url\":\"https:\/\/www.erboristerie.com\/it\/\",\"logo\":{\"@type\":\"ImageObject\",\"inLanguage\":\"it-IT\",\"@id\":\"https:\/\/www.erboristerie.com\/it\/#\/schema\/logo\/image\/\",\"url\":\"https:\/\/www.erboristerie.com\/wp-content\/uploads\/2019\/11\/LOGO_ERBORISTERIA_DEMETRA_original.png?v=1611516981\",\"contentUrl\":\"https:\/\/www.erboristerie.com\/wp-content\/uploads\/2019\/11\/LOGO_ERBORISTERIA_DEMETRA_original.png?v=1611516981\",\"width\":201,\"height\":54,\"caption\":\"Erboristeria Demetra\"},\"image\":{\"@id\":\"https:\/\/www.erboristerie.com\/it\/#\/schema\/logo\/image\/\"},\"sameAs\":[\"https:\/\/www.facebook.com\/erboristeria.demetra.online\"]}]}<\/script>\n<!-- \/ Yoast SEO plugin. -->","yoast_head_json":{"title":"Gallexier per la digestione difficile e la depurazione del fegato 250ml Salus - Erboristeria Demetra","description":"Alternativo all'amaro dopo i pasti con Carciofo, tarassaco, genziana, finocchio, zenzero, camomilla, arancia amara, trifoglio fibrino, cardamomo e\u00a0millefoglio.","robots":{"index":"index","follow":"follow","max-snippet":"max-snippet:-1","max-image-preview":"max-image-preview:large","max-video-preview":"max-video-preview:-1"},"canonical":"https:\/\/www.erboristerie.com\/it\/prodotto\/gallexier-250ml-digestione-difficile-e-depurazione-del-fegato-salus\/","og_locale":"it_IT","og_type":"article","og_title":"Gallexier per la digestione difficile e la depurazione del fegato 250ml Salus - Erboristeria Demetra","og_description":"Alternativo all'amaro dopo i pasti con Carciofo, tarassaco, genziana, finocchio, zenzero, camomilla, arancia amara, trifoglio fibrino, cardamomo e\u00a0millefoglio.","og_url":"https:\/\/www.erboristerie.com\/it\/prodotto\/gallexier-250ml-digestione-difficile-e-depurazione-del-fegato-salus\/","og_site_name":"Erboristeria Demetra","article_publisher":"https:\/\/www.facebook.com\/erboristeria.demetra.online","article_modified_time":"2025-09-14T14:44:00+00:00","og_image":[{"width":800,"height":800,"url":"https:\/\/www.erboristerie.com\/wp-content\/uploads\/2022\/04\/00001186-gallexier-salus-250-ml-erboristerie-com.jpg","type":"image\/jpeg"}],"twitter_card":"summary_large_image","twitter_misc":{"Tempo di lettura stimato":"2 minuti"},"schema":{"@context":"https:\/\/schema.org","@graph":[{"@type":"WebPage","@id":"https:\/\/www.erboristerie.com\/it\/prodotto\/gallexier-250ml-digestione-difficile-e-depurazione-del-fegato-salus\/","url":"https:\/\/www.erboristerie.com\/it\/prodotto\/gallexier-250ml-digestione-difficile-e-depurazione-del-fegato-salus\/","name":"Gallexier per la digestione difficile e la depurazione del fegato 250ml Salus - Erboristeria Demetra","isPartOf":{"@id":"https:\/\/www.erboristerie.com\/it\/#website"},"primaryImageOfPage":{"@id":"https:\/\/www.erboristerie.com\/it\/prodotto\/gallexier-250ml-digestione-difficile-e-depurazione-del-fegato-salus\/#primaryimage"},"image":{"@id":"https:\/\/www.erboristerie.com\/it\/prodotto\/gallexier-250ml-digestione-difficile-e-depurazione-del-fegato-salus\/#primaryimage"},"thumbnailUrl":"https:\/\/www.erboristerie.com\/wp-content\/uploads\/2022\/04\/00001186-gallexier-salus-250-ml-erboristerie-com.jpg","datePublished":"2008-05-06T14:06:35+00:00","dateModified":"2025-09-14T14:44:00+00:00","description":"Alternativo all'amaro dopo i pasti con Carciofo, tarassaco, genziana, finocchio, zenzero, camomilla, arancia amara, trifoglio fibrino, cardamomo e\u00a0millefoglio.","breadcrumb":{"@id":"https:\/\/www.erboristerie.com\/it\/prodotto\/gallexier-250ml-digestione-difficile-e-depurazione-del-fegato-salus\/#breadcrumb"},"inLanguage":"it-IT","potentialAction":[{"@type":"ReadAction","target":["https:\/\/www.erboristerie.com\/it\/prodotto\/gallexier-250ml-digestione-difficile-e-depurazione-del-fegato-salus\/"]}]},{"@type":"ImageObject","inLanguage":"it-IT","@id":"https:\/\/www.erboristerie.com\/it\/prodotto\/gallexier-250ml-digestione-difficile-e-depurazione-del-fegato-salus\/#primaryimage","url":"https:\/\/www.erboristerie.com\/wp-content\/uploads\/2022\/04\/00001186-gallexier-salus-250-ml-erboristerie-com.jpg","contentUrl":"https:\/\/www.erboristerie.com\/wp-content\/uploads\/2022\/04\/00001186-gallexier-salus-250-ml-erboristerie-com.jpg","width":800,"height":800},{"@type":"BreadcrumbList","@id":"https:\/\/www.erboristerie.com\/it\/prodotto\/gallexier-250ml-digestione-difficile-e-depurazione-del-fegato-salus\/#breadcrumb","itemListElement":[{"@type":"ListItem","position":1,"name":"Home","item":"https:\/\/www.erboristerie.com\/it\/"},{"@type":"ListItem","position":2,"name":"Tutti i prodotti","item":"https:\/\/www.erboristerie.com\/it\/tutti-i-prodotti\/"},{"@type":"ListItem","position":3,"name":"Gallexier per la digestione difficile e la depurazione del fegato 250ml Salus"}]},{"@type":"WebSite","@id":"https:\/\/www.erboristerie.com\/it\/#website","url":"https:\/\/www.erboristerie.com\/it\/","name":"Erboristeria Demetra","description":"La tua salute al naturale","publisher":{"@id":"https:\/\/www.erboristerie.com\/it\/#organization"},"potentialAction":[{"@type":"SearchAction","target":{"@type":"EntryPoint","urlTemplate":"https:\/\/www.erboristerie.com\/it\/?s={search_term_string}"},"query-input":{"@type":"PropertyValueSpecification","valueRequired":true,"valueName":"search_term_string"}}],"inLanguage":"it-IT"},{"@type":"Organization","@id":"https:\/\/www.erboristerie.com\/it\/#organization","name":"Erboristeria Demetra","url":"https:\/\/www.erboristerie.com\/it\/","logo":{"@type":"ImageObject","inLanguage":"it-IT","@id":"https:\/\/www.erboristerie.com\/it\/#\/schema\/logo\/image\/","url":"https:\/\/www.erboristerie.com\/wp-content\/uploads\/2019\/11\/LOGO_ERBORISTERIA_DEMETRA_original.png?v=1611516981","contentUrl":"https:\/\/www.erboristerie.com\/wp-content\/uploads\/2019\/11\/LOGO_ERBORISTERIA_DEMETRA_original.png?v=1611516981","width":201,"height":54,"caption":"Erboristeria Demetra"},"image":{"@id":"https:\/\/www.erboristerie.com\/it\/#\/schema\/logo\/image\/"},"sameAs":["https:\/\/www.facebook.com\/erboristeria.demetra.online"]}]}},"_links":{"self":[{"href":"https:\/\/www.erboristerie.com\/it\/wp-json\/wp\/v2\/product\/51102","targetHints":{"allow":["GET"]}}],"collection":[{"href":"https:\/\/www.erboristerie.com\/it\/wp-json\/wp\/v2\/product"}],"about":[{"href":"https:\/\/www.erboristerie.com\/it\/wp-json\/wp\/v2\/types\/product"}],"wp:featuredmedia":[{"embeddable":true,"href":"https:\/\/www.erboristerie.com\/it\/wp-json\/wp\/v2\/media\/129707"}],"wp:attachment":[{"href":"https:\/\/www.erboristerie.com\/it\/wp-json\/wp\/v2\/media?parent=51102"}],"wp:term":[{"taxonomy":"product_brand","embeddable":true,"href":"https:\/\/www.erboristerie.com\/it\/wp-json\/wp\/v2\/product_brand?post=51102"},{"taxonomy":"product_cat","embeddable":true,"href":"https:\/\/www.erboristerie.com\/it\/wp-json\/wp\/v2\/product_cat?post=51102"},{"taxonomy":"product_tag","embeddable":true,"href":"https:\/\/www.erboristerie.com\/it\/wp-json\/wp\/v2\/product_tag?post=51102"},{"taxonomy":"giftcard-category","embeddable":true,"href":"https:\/\/www.erboristerie.com\/it\/wp-json\/wp\/v2\/giftcard-category?post=51102"}],"curies":[{"name":"wp","href":"https:\/\/api.w.org\/{rel}","templated":true}]}}