{"id":133730,"date":"2026-04-07T18:37:05","date_gmt":"2026-04-07T16:37:05","guid":{"rendered":"https:\/\/www.erboristerie.com\/?post_type=product&#038;p=133730"},"modified":"2026-04-07T18:43:57","modified_gmt":"2026-04-07T16:43:57","slug":"golden-milk-zenzero-polvere-150g-dr-giorgini","status":"publish","type":"product","link":"https:\/\/www.erboristerie.com\/it\/prodotto\/golden-milk-zenzero-polvere-150g-dr-giorgini\/","title":{"rendered":"Golden Milk Zenzero polvere 150g Dr. Giorgini"},"content":{"rendered":"<p><strong>Golden Milk Zenzero 150 grammi &#8211; dr. Giorgini<\/strong><\/p>\n<p>Zenzero essiccato in polvere, da utilizzare come spezia aromatica e piccante in cucina, per insaporire a piacere gli alimenti (zuppe, carne) o per realizzare infusioni e bevande aromatizzate.<\/p>\n<p>Lo zenzero \u00e8 ricco di oli volatili (gingeroli e shogaoli) ma quello essiccato \u00e8 pi\u00f9 piccante di quello fresco, in quanto gli shogaoli, dal gusto molto pi\u00f9 pungente, si formano solo dopo l\u2019essiccazione.<\/p>\n<p>La polvere che ne risulta \u00e8 molto fine e si scioglie bene anche a freddo, consentendo cos\u00ec di realizzare ottime infusioni in acqua, rapide e senza bustina filtro! Come la curcuma (di cui \u00e8 un parente stretto) \u00e8 ottimo per aromatizzare pure il latte.<\/p>\n<p><strong>Consigli d&#8217;uso<\/strong><\/p>\n<p>Per preparare infusioni e bevande, si pu\u00f2 diluire 1 misurino (incluso) in un bicchiere o in una tazza di acqua o di latte (200 ml), caldi o a temperatura ambiente, mescolando bene; per aromatizzare i cibi, si pu\u00f2 aggiungere nella quantit\u00e0 gradita<\/p>\n<p><strong>Ingredienti<\/strong><\/p>\n<p>Zenzero (Zingiber officinalis) rizomi polvere.<\/p>\n<p><strong>Tabella nutrizionale presente nelle immagini del prodotto riferita a preparazioni con 1 misurino di prodotto in 200 ml di acqua\/latte intero pastorizzato, come da modalit\u00e0.\u00a0<\/strong><\/p>\n<p>L\u2019immagine dell\u2019astuccio pu\u00f2 non corrispondere a quella attualmente in commercio.<\/p>\n","protected":false},"excerpt":{"rendered":"<p>Golden Milk Zenzero 150 grammi &#8211; dr. Giorgini Zenzero essiccato in polvere, da utilizzare come spezia aromatica e piccante in cucina, per insaporire a piacere gli alimenti (zuppe, carne) o per realizzare infusioni e bevande aromatizzate. Lo zenzero \u00e8 ricco di oli volatili (gingeroli e&#8230;<\/p>\n","protected":false},"featured_media":133734,"template":"","meta":{"_acf_changed":false},"product_brand":[9598],"product_cat":[46262,49602],"product_tag":[],"giftcard-category":[],"class_list":{"0":"post-133730","1":"product","2":"type-product","3":"status-publish","4":"has-post-thumbnail","6":"product_brand-dr-giorgini-martino-ser-vis","7":"product_cat-dr-apparato-digerente","8":"product_cat-dr-golden-milk","9":"pa_formato-150-grammi","10":"pa_linea-golden-milk","11":"pa_marca-dr-giorgini","12":"pa_tipologia-polvere","14":"first","15":"instock","16":"sale","17":"taxable","18":"shipping-taxable","19":"purchasable","20":"product-type-simple"},"acf":[],"yoast_head":"<!-- This site is optimized with the Yoast SEO plugin v24.9 - https:\/\/yoast.com\/wordpress\/plugins\/seo\/ -->\n<title>Golden Milk Zenzero polvere 150g Dr. Giorgini - Erboristeria Demetra<\/title>\n<meta name=\"description\" content=\"Lo zenzero \u00e8 ricco di oli volatili ma quello essiccato \u00e8 pi\u00f9 piccante di quello fresco, in quanto gli shogaoli, si formano solo dopo l\u2019essiccazione.\" \/>\n<meta name=\"robots\" content=\"index, follow, max-snippet:-1, max-image-preview:large, max-video-preview:-1\" \/>\n<link rel=\"canonical\" href=\"https:\/\/www.erboristerie.com\/it\/prodotto\/golden-milk-zenzero-polvere-150g-dr-giorgini\/\" \/>\n<meta property=\"og:locale\" content=\"it_IT\" \/>\n<meta property=\"og:type\" content=\"article\" \/>\n<meta property=\"og:title\" content=\"Golden Milk Zenzero polvere 150g Dr. Giorgini - Erboristeria Demetra\" \/>\n<meta property=\"og:description\" content=\"Lo zenzero \u00e8 ricco di oli volatili ma quello essiccato \u00e8 pi\u00f9 piccante di quello fresco, in quanto gli shogaoli, si formano solo dopo l\u2019essiccazione.\" \/>\n<meta property=\"og:url\" content=\"https:\/\/www.erboristerie.com\/it\/prodotto\/golden-milk-zenzero-polvere-150g-dr-giorgini\/\" \/>\n<meta property=\"og:site_name\" content=\"Erboristeria Demetra\" \/>\n<meta property=\"article:publisher\" content=\"https:\/\/www.facebook.com\/erboristeria.demetra.online\" \/>\n<meta property=\"article:modified_time\" content=\"2026-04-07T16:43:57+00:00\" \/>\n<meta property=\"og:image\" content=\"https:\/\/www.erboristerie.com\/wp-content\/uploads\/2026\/04\/00006390-golden-milk-zenzero-polvere-150g-dr-giorgini-dottorgiorgini-it-erboristerie-com.jpg\" \/>\n\t<meta property=\"og:image:width\" content=\"1200\" \/>\n\t<meta property=\"og:image:height\" content=\"1200\" \/>\n\t<meta property=\"og:image:type\" content=\"image\/jpeg\" \/>\n<meta name=\"twitter:card\" content=\"summary_large_image\" \/>\n<meta name=\"twitter:label1\" content=\"Tempo di lettura stimato\" \/>\n\t<meta name=\"twitter:data1\" content=\"2 minuti\" \/>\n<script type=\"application\/ld+json\" class=\"yoast-schema-graph\">{\"@context\":\"https:\/\/schema.org\",\"@graph\":[{\"@type\":\"WebPage\",\"@id\":\"https:\/\/www.erboristerie.com\/it\/prodotto\/golden-milk-zenzero-polvere-150g-dr-giorgini\/\",\"url\":\"https:\/\/www.erboristerie.com\/it\/prodotto\/golden-milk-zenzero-polvere-150g-dr-giorgini\/\",\"name\":\"Golden Milk Zenzero polvere 150g Dr. Giorgini - Erboristeria Demetra\",\"isPartOf\":{\"@id\":\"https:\/\/www.erboristerie.com\/it\/#website\"},\"primaryImageOfPage\":{\"@id\":\"https:\/\/www.erboristerie.com\/it\/prodotto\/golden-milk-zenzero-polvere-150g-dr-giorgini\/#primaryimage\"},\"image\":{\"@id\":\"https:\/\/www.erboristerie.com\/it\/prodotto\/golden-milk-zenzero-polvere-150g-dr-giorgini\/#primaryimage\"},\"thumbnailUrl\":\"https:\/\/www.erboristerie.com\/wp-content\/uploads\/2026\/04\/00006390-golden-milk-zenzero-polvere-150g-dr-giorgini-dottorgiorgini-it-erboristerie-com.jpg\",\"datePublished\":\"2026-04-07T16:37:05+00:00\",\"dateModified\":\"2026-04-07T16:43:57+00:00\",\"description\":\"Lo zenzero \u00e8 ricco di oli volatili ma quello essiccato \u00e8 pi\u00f9 piccante di quello fresco, in quanto gli shogaoli, si formano solo dopo l\u2019essiccazione.\",\"breadcrumb\":{\"@id\":\"https:\/\/www.erboristerie.com\/it\/prodotto\/golden-milk-zenzero-polvere-150g-dr-giorgini\/#breadcrumb\"},\"inLanguage\":\"it-IT\",\"potentialAction\":[{\"@type\":\"ReadAction\",\"target\":[\"https:\/\/www.erboristerie.com\/it\/prodotto\/golden-milk-zenzero-polvere-150g-dr-giorgini\/\"]}]},{\"@type\":\"ImageObject\",\"inLanguage\":\"it-IT\",\"@id\":\"https:\/\/www.erboristerie.com\/it\/prodotto\/golden-milk-zenzero-polvere-150g-dr-giorgini\/#primaryimage\",\"url\":\"https:\/\/www.erboristerie.com\/wp-content\/uploads\/2026\/04\/00006390-golden-milk-zenzero-polvere-150g-dr-giorgini-dottorgiorgini-it-erboristerie-com.jpg\",\"contentUrl\":\"https:\/\/www.erboristerie.com\/wp-content\/uploads\/2026\/04\/00006390-golden-milk-zenzero-polvere-150g-dr-giorgini-dottorgiorgini-it-erboristerie-com.jpg\",\"width\":1200,\"height\":1200},{\"@type\":\"BreadcrumbList\",\"@id\":\"https:\/\/www.erboristerie.com\/it\/prodotto\/golden-milk-zenzero-polvere-150g-dr-giorgini\/#breadcrumb\",\"itemListElement\":[{\"@type\":\"ListItem\",\"position\":1,\"name\":\"Home\",\"item\":\"https:\/\/www.erboristerie.com\/it\/\"},{\"@type\":\"ListItem\",\"position\":2,\"name\":\"Tutti i prodotti\",\"item\":\"https:\/\/www.erboristerie.com\/it\/tutti-i-prodotti\/\"},{\"@type\":\"ListItem\",\"position\":3,\"name\":\"Golden Milk Zenzero polvere 150g Dr. Giorgini\"}]},{\"@type\":\"WebSite\",\"@id\":\"https:\/\/www.erboristerie.com\/it\/#website\",\"url\":\"https:\/\/www.erboristerie.com\/it\/\",\"name\":\"Erboristeria Demetra\",\"description\":\"La tua salute al naturale\",\"publisher\":{\"@id\":\"https:\/\/www.erboristerie.com\/it\/#organization\"},\"potentialAction\":[{\"@type\":\"SearchAction\",\"target\":{\"@type\":\"EntryPoint\",\"urlTemplate\":\"https:\/\/www.erboristerie.com\/it\/?s={search_term_string}\"},\"query-input\":{\"@type\":\"PropertyValueSpecification\",\"valueRequired\":true,\"valueName\":\"search_term_string\"}}],\"inLanguage\":\"it-IT\"},{\"@type\":\"Organization\",\"@id\":\"https:\/\/www.erboristerie.com\/it\/#organization\",\"name\":\"Erboristeria Demetra\",\"url\":\"https:\/\/www.erboristerie.com\/it\/\",\"logo\":{\"@type\":\"ImageObject\",\"inLanguage\":\"it-IT\",\"@id\":\"https:\/\/www.erboristerie.com\/it\/#\/schema\/logo\/image\/\",\"url\":\"https:\/\/www.erboristerie.com\/wp-content\/uploads\/2019\/11\/LOGO_ERBORISTERIA_DEMETRA_original.png?v=1611516981\",\"contentUrl\":\"https:\/\/www.erboristerie.com\/wp-content\/uploads\/2019\/11\/LOGO_ERBORISTERIA_DEMETRA_original.png?v=1611516981\",\"width\":201,\"height\":54,\"caption\":\"Erboristeria Demetra\"},\"image\":{\"@id\":\"https:\/\/www.erboristerie.com\/it\/#\/schema\/logo\/image\/\"},\"sameAs\":[\"https:\/\/www.facebook.com\/erboristeria.demetra.online\"]}]}<\/script>\n<!-- \/ Yoast SEO plugin. -->","yoast_head_json":{"title":"Golden Milk Zenzero polvere 150g Dr. Giorgini - Erboristeria Demetra","description":"Lo zenzero \u00e8 ricco di oli volatili ma quello essiccato \u00e8 pi\u00f9 piccante di quello fresco, in quanto gli shogaoli, si formano solo dopo l\u2019essiccazione.","robots":{"index":"index","follow":"follow","max-snippet":"max-snippet:-1","max-image-preview":"max-image-preview:large","max-video-preview":"max-video-preview:-1"},"canonical":"https:\/\/www.erboristerie.com\/it\/prodotto\/golden-milk-zenzero-polvere-150g-dr-giorgini\/","og_locale":"it_IT","og_type":"article","og_title":"Golden Milk Zenzero polvere 150g Dr. Giorgini - Erboristeria Demetra","og_description":"Lo zenzero \u00e8 ricco di oli volatili ma quello essiccato \u00e8 pi\u00f9 piccante di quello fresco, in quanto gli shogaoli, si formano solo dopo l\u2019essiccazione.","og_url":"https:\/\/www.erboristerie.com\/it\/prodotto\/golden-milk-zenzero-polvere-150g-dr-giorgini\/","og_site_name":"Erboristeria Demetra","article_publisher":"https:\/\/www.facebook.com\/erboristeria.demetra.online","article_modified_time":"2026-04-07T16:43:57+00:00","og_image":[{"width":1200,"height":1200,"url":"https:\/\/www.erboristerie.com\/wp-content\/uploads\/2026\/04\/00006390-golden-milk-zenzero-polvere-150g-dr-giorgini-dottorgiorgini-it-erboristerie-com.jpg","type":"image\/jpeg"}],"twitter_card":"summary_large_image","twitter_misc":{"Tempo di lettura stimato":"2 minuti"},"schema":{"@context":"https:\/\/schema.org","@graph":[{"@type":"WebPage","@id":"https:\/\/www.erboristerie.com\/it\/prodotto\/golden-milk-zenzero-polvere-150g-dr-giorgini\/","url":"https:\/\/www.erboristerie.com\/it\/prodotto\/golden-milk-zenzero-polvere-150g-dr-giorgini\/","name":"Golden Milk Zenzero polvere 150g Dr. Giorgini - Erboristeria Demetra","isPartOf":{"@id":"https:\/\/www.erboristerie.com\/it\/#website"},"primaryImageOfPage":{"@id":"https:\/\/www.erboristerie.com\/it\/prodotto\/golden-milk-zenzero-polvere-150g-dr-giorgini\/#primaryimage"},"image":{"@id":"https:\/\/www.erboristerie.com\/it\/prodotto\/golden-milk-zenzero-polvere-150g-dr-giorgini\/#primaryimage"},"thumbnailUrl":"https:\/\/www.erboristerie.com\/wp-content\/uploads\/2026\/04\/00006390-golden-milk-zenzero-polvere-150g-dr-giorgini-dottorgiorgini-it-erboristerie-com.jpg","datePublished":"2026-04-07T16:37:05+00:00","dateModified":"2026-04-07T16:43:57+00:00","description":"Lo zenzero \u00e8 ricco di oli volatili ma quello essiccato \u00e8 pi\u00f9 piccante di quello fresco, in quanto gli shogaoli, si formano solo dopo l\u2019essiccazione.","breadcrumb":{"@id":"https:\/\/www.erboristerie.com\/it\/prodotto\/golden-milk-zenzero-polvere-150g-dr-giorgini\/#breadcrumb"},"inLanguage":"it-IT","potentialAction":[{"@type":"ReadAction","target":["https:\/\/www.erboristerie.com\/it\/prodotto\/golden-milk-zenzero-polvere-150g-dr-giorgini\/"]}]},{"@type":"ImageObject","inLanguage":"it-IT","@id":"https:\/\/www.erboristerie.com\/it\/prodotto\/golden-milk-zenzero-polvere-150g-dr-giorgini\/#primaryimage","url":"https:\/\/www.erboristerie.com\/wp-content\/uploads\/2026\/04\/00006390-golden-milk-zenzero-polvere-150g-dr-giorgini-dottorgiorgini-it-erboristerie-com.jpg","contentUrl":"https:\/\/www.erboristerie.com\/wp-content\/uploads\/2026\/04\/00006390-golden-milk-zenzero-polvere-150g-dr-giorgini-dottorgiorgini-it-erboristerie-com.jpg","width":1200,"height":1200},{"@type":"BreadcrumbList","@id":"https:\/\/www.erboristerie.com\/it\/prodotto\/golden-milk-zenzero-polvere-150g-dr-giorgini\/#breadcrumb","itemListElement":[{"@type":"ListItem","position":1,"name":"Home","item":"https:\/\/www.erboristerie.com\/it\/"},{"@type":"ListItem","position":2,"name":"Tutti i prodotti","item":"https:\/\/www.erboristerie.com\/it\/tutti-i-prodotti\/"},{"@type":"ListItem","position":3,"name":"Golden Milk Zenzero polvere 150g Dr. Giorgini"}]},{"@type":"WebSite","@id":"https:\/\/www.erboristerie.com\/it\/#website","url":"https:\/\/www.erboristerie.com\/it\/","name":"Erboristeria Demetra","description":"La tua salute al naturale","publisher":{"@id":"https:\/\/www.erboristerie.com\/it\/#organization"},"potentialAction":[{"@type":"SearchAction","target":{"@type":"EntryPoint","urlTemplate":"https:\/\/www.erboristerie.com\/it\/?s={search_term_string}"},"query-input":{"@type":"PropertyValueSpecification","valueRequired":true,"valueName":"search_term_string"}}],"inLanguage":"it-IT"},{"@type":"Organization","@id":"https:\/\/www.erboristerie.com\/it\/#organization","name":"Erboristeria Demetra","url":"https:\/\/www.erboristerie.com\/it\/","logo":{"@type":"ImageObject","inLanguage":"it-IT","@id":"https:\/\/www.erboristerie.com\/it\/#\/schema\/logo\/image\/","url":"https:\/\/www.erboristerie.com\/wp-content\/uploads\/2019\/11\/LOGO_ERBORISTERIA_DEMETRA_original.png?v=1611516981","contentUrl":"https:\/\/www.erboristerie.com\/wp-content\/uploads\/2019\/11\/LOGO_ERBORISTERIA_DEMETRA_original.png?v=1611516981","width":201,"height":54,"caption":"Erboristeria Demetra"},"image":{"@id":"https:\/\/www.erboristerie.com\/it\/#\/schema\/logo\/image\/"},"sameAs":["https:\/\/www.facebook.com\/erboristeria.demetra.online"]}]}},"_links":{"self":[{"href":"https:\/\/www.erboristerie.com\/it\/wp-json\/wp\/v2\/product\/133730","targetHints":{"allow":["GET"]}}],"collection":[{"href":"https:\/\/www.erboristerie.com\/it\/wp-json\/wp\/v2\/product"}],"about":[{"href":"https:\/\/www.erboristerie.com\/it\/wp-json\/wp\/v2\/types\/product"}],"wp:featuredmedia":[{"embeddable":true,"href":"https:\/\/www.erboristerie.com\/it\/wp-json\/wp\/v2\/media\/133734"}],"wp:attachment":[{"href":"https:\/\/www.erboristerie.com\/it\/wp-json\/wp\/v2\/media?parent=133730"}],"wp:term":[{"taxonomy":"product_brand","embeddable":true,"href":"https:\/\/www.erboristerie.com\/it\/wp-json\/wp\/v2\/product_brand?post=133730"},{"taxonomy":"product_cat","embeddable":true,"href":"https:\/\/www.erboristerie.com\/it\/wp-json\/wp\/v2\/product_cat?post=133730"},{"taxonomy":"product_tag","embeddable":true,"href":"https:\/\/www.erboristerie.com\/it\/wp-json\/wp\/v2\/product_tag?post=133730"},{"taxonomy":"giftcard-category","embeddable":true,"href":"https:\/\/www.erboristerie.com\/it\/wp-json\/wp\/v2\/giftcard-category?post=133730"}],"curies":[{"name":"wp","href":"https:\/\/api.w.org\/{rel}","templated":true}]}}