{"id":133725,"date":"2026-04-07T18:15:44","date_gmt":"2026-04-07T16:15:44","guid":{"rendered":"https:\/\/www.erboristerie.com\/?post_type=product&#038;p=133725"},"modified":"2026-04-07T18:44:49","modified_gmt":"2026-04-07T16:44:49","slug":"golden-milk-spezial-one-polvere-250g-dr-giorgini","status":"publish","type":"product","link":"https:\/\/www.erboristerie.com\/it\/prodotto\/golden-milk-spezial-one-polvere-250g-dr-giorgini\/","title":{"rendered":"Golden Milk Spezial One polvere 250g Dr. Giorgini"},"content":{"rendered":"<p><strong>Golden Milk Spezial One polvere 250 grammi &#8211; dr. Giorgini<\/strong><\/p>\n<p>Miscela di spezie in polvere dal gusto piacevolmente aromatico e moderatamente piccante, versatile in cucina non solo per gli amanti del cibo indiano; si pu\u00f2 aggiungere a zuppe, legumi, insalate, frullati, spezzatino, riso e naturalmente pollo.<\/p>\n<p>Oppure si pu\u00f2 diluire in una tazza di acqua calda, o nel latte, per preparare una tisana, o una bevanda aromatica.<\/p>\n<p><strong>Consigli d&#8217;uso<\/strong><\/p>\n<p>Per aromatizzare i cibi, si pu\u00f2 aggiungere nella quantit\u00e0 gradita; per preparare una tisana o una bevanda, da assumere in ogni momento anche pi\u00f9 volte al giorno, si pu\u00f2 diluire 1 misurino in una tazza (200 ml) di acqua o di latte, caldi o a temperatura ambiente, mescolando bene.<br \/>\nMisurino da 10 ml (6 g circa) incluso.<\/p>\n<p><strong>Ingredienti<\/strong><\/p>\n<p>Miscela di spezie in polvere: curcuma (Curcuma longa) rizomi, cannella (Cinnamomum zeylanicum) cortecce, zenzero (Zingiber officinale) rizomi, chiodi di garofano (Eugenia caryophyllata) gemme floreali, galanga minore (Alpinia officinarum) rizomi, pepe nero (Piper nigrum) frutti), pepe lungo (Piper longum) frutti.<\/p>\n<p>100% spezie in polvere senza aggiunte<\/p>\n<p><strong>Tabella nutrizionale presente nelle immagini del prodotto riferita a preparazioni con 1 misurino di prodotto in 200 ml di acqua\/latte intero pastorizzato, come da modalit\u00e0.\u00a0<\/strong><\/p>\n<p>L\u2019immagine dell\u2019astuccio pu\u00f2 non corrispondere a quella attualmente in commercio.<\/p>\n","protected":false},"excerpt":{"rendered":"<p>Golden Milk Spezial One polvere 250 grammi &#8211; dr. Giorgini Miscela di spezie in polvere dal gusto piacevolmente aromatico e moderatamente piccante, versatile in cucina non solo per gli amanti del cibo indiano; si pu\u00f2 aggiungere a zuppe, legumi, insalate, frullati, spezzatino, riso e naturalmente&#8230;<\/p>\n","protected":false},"featured_media":133728,"template":"","meta":{"_acf_changed":false},"product_brand":[9598],"product_cat":[46262,49602],"product_tag":[],"giftcard-category":[],"class_list":{"0":"post-133725","1":"product","2":"type-product","3":"status-publish","4":"has-post-thumbnail","6":"product_brand-dr-giorgini-martino-ser-vis","7":"product_cat-dr-apparato-digerente","8":"product_cat-dr-golden-milk","9":"pa_formato-250-grammi","10":"pa_linea-golden-milk","11":"pa_marca-dr-giorgini","12":"pa_tipologia-polvere","14":"first","15":"instock","16":"sale","17":"taxable","18":"shipping-taxable","19":"purchasable","20":"product-type-simple"},"acf":[],"yoast_head":"<!-- This site is optimized with the Yoast SEO plugin v24.9 - https:\/\/yoast.com\/wordpress\/plugins\/seo\/ -->\n<title>Golden Milk Spezial One polvere 250g Dr. Giorgini - Erboristeria Demetra<\/title>\n<meta name=\"description\" content=\"Miscela di spezie in polvere dal gusto piacevolmente aromatico e moderatamente piccante, versatile in cucina non solo per gli amanti del cibo indiano\" \/>\n<meta name=\"robots\" content=\"index, follow, max-snippet:-1, max-image-preview:large, max-video-preview:-1\" \/>\n<link rel=\"canonical\" href=\"https:\/\/www.erboristerie.com\/it\/prodotto\/golden-milk-spezial-one-polvere-250g-dr-giorgini\/\" \/>\n<meta property=\"og:locale\" content=\"it_IT\" \/>\n<meta property=\"og:type\" content=\"article\" \/>\n<meta property=\"og:title\" content=\"Golden Milk Spezial One polvere 250g Dr. Giorgini - Erboristeria Demetra\" \/>\n<meta property=\"og:description\" content=\"Miscela di spezie in polvere dal gusto piacevolmente aromatico e moderatamente piccante, versatile in cucina non solo per gli amanti del cibo indiano\" \/>\n<meta property=\"og:url\" content=\"https:\/\/www.erboristerie.com\/it\/prodotto\/golden-milk-spezial-one-polvere-250g-dr-giorgini\/\" \/>\n<meta property=\"og:site_name\" content=\"Erboristeria Demetra\" \/>\n<meta property=\"article:publisher\" content=\"https:\/\/www.facebook.com\/erboristeria.demetra.online\" \/>\n<meta property=\"article:modified_time\" content=\"2026-04-07T16:44:49+00:00\" \/>\n<meta property=\"og:image\" content=\"https:\/\/www.erboristerie.com\/wp-content\/uploads\/2026\/04\/00002161-golden-milk-spezial-one-polvere-250g-dr-giorgini-dottorgiorgini-it-erboristerie-com.jpg\" \/>\n\t<meta property=\"og:image:width\" content=\"1200\" \/>\n\t<meta property=\"og:image:height\" content=\"1200\" \/>\n\t<meta property=\"og:image:type\" content=\"image\/jpeg\" \/>\n<meta name=\"twitter:card\" content=\"summary_large_image\" \/>\n<meta name=\"twitter:label1\" content=\"Tempo di lettura stimato\" \/>\n\t<meta name=\"twitter:data1\" content=\"2 minuti\" \/>\n<script type=\"application\/ld+json\" class=\"yoast-schema-graph\">{\"@context\":\"https:\/\/schema.org\",\"@graph\":[{\"@type\":\"WebPage\",\"@id\":\"https:\/\/www.erboristerie.com\/it\/prodotto\/golden-milk-spezial-one-polvere-250g-dr-giorgini\/\",\"url\":\"https:\/\/www.erboristerie.com\/it\/prodotto\/golden-milk-spezial-one-polvere-250g-dr-giorgini\/\",\"name\":\"Golden Milk Spezial One polvere 250g Dr. Giorgini - Erboristeria Demetra\",\"isPartOf\":{\"@id\":\"https:\/\/www.erboristerie.com\/it\/#website\"},\"primaryImageOfPage\":{\"@id\":\"https:\/\/www.erboristerie.com\/it\/prodotto\/golden-milk-spezial-one-polvere-250g-dr-giorgini\/#primaryimage\"},\"image\":{\"@id\":\"https:\/\/www.erboristerie.com\/it\/prodotto\/golden-milk-spezial-one-polvere-250g-dr-giorgini\/#primaryimage\"},\"thumbnailUrl\":\"https:\/\/www.erboristerie.com\/wp-content\/uploads\/2026\/04\/00002161-golden-milk-spezial-one-polvere-250g-dr-giorgini-dottorgiorgini-it-erboristerie-com.jpg\",\"datePublished\":\"2026-04-07T16:15:44+00:00\",\"dateModified\":\"2026-04-07T16:44:49+00:00\",\"description\":\"Miscela di spezie in polvere dal gusto piacevolmente aromatico e moderatamente piccante, versatile in cucina non solo per gli amanti del cibo indiano\",\"breadcrumb\":{\"@id\":\"https:\/\/www.erboristerie.com\/it\/prodotto\/golden-milk-spezial-one-polvere-250g-dr-giorgini\/#breadcrumb\"},\"inLanguage\":\"it-IT\",\"potentialAction\":[{\"@type\":\"ReadAction\",\"target\":[\"https:\/\/www.erboristerie.com\/it\/prodotto\/golden-milk-spezial-one-polvere-250g-dr-giorgini\/\"]}]},{\"@type\":\"ImageObject\",\"inLanguage\":\"it-IT\",\"@id\":\"https:\/\/www.erboristerie.com\/it\/prodotto\/golden-milk-spezial-one-polvere-250g-dr-giorgini\/#primaryimage\",\"url\":\"https:\/\/www.erboristerie.com\/wp-content\/uploads\/2026\/04\/00002161-golden-milk-spezial-one-polvere-250g-dr-giorgini-dottorgiorgini-it-erboristerie-com.jpg\",\"contentUrl\":\"https:\/\/www.erboristerie.com\/wp-content\/uploads\/2026\/04\/00002161-golden-milk-spezial-one-polvere-250g-dr-giorgini-dottorgiorgini-it-erboristerie-com.jpg\",\"width\":1200,\"height\":1200},{\"@type\":\"BreadcrumbList\",\"@id\":\"https:\/\/www.erboristerie.com\/it\/prodotto\/golden-milk-spezial-one-polvere-250g-dr-giorgini\/#breadcrumb\",\"itemListElement\":[{\"@type\":\"ListItem\",\"position\":1,\"name\":\"Home\",\"item\":\"https:\/\/www.erboristerie.com\/it\/\"},{\"@type\":\"ListItem\",\"position\":2,\"name\":\"Tutti i prodotti\",\"item\":\"https:\/\/www.erboristerie.com\/it\/tutti-i-prodotti\/\"},{\"@type\":\"ListItem\",\"position\":3,\"name\":\"Golden Milk Spezial One polvere 250g Dr. Giorgini\"}]},{\"@type\":\"WebSite\",\"@id\":\"https:\/\/www.erboristerie.com\/it\/#website\",\"url\":\"https:\/\/www.erboristerie.com\/it\/\",\"name\":\"Erboristeria Demetra\",\"description\":\"La tua salute al naturale\",\"publisher\":{\"@id\":\"https:\/\/www.erboristerie.com\/it\/#organization\"},\"potentialAction\":[{\"@type\":\"SearchAction\",\"target\":{\"@type\":\"EntryPoint\",\"urlTemplate\":\"https:\/\/www.erboristerie.com\/it\/?s={search_term_string}\"},\"query-input\":{\"@type\":\"PropertyValueSpecification\",\"valueRequired\":true,\"valueName\":\"search_term_string\"}}],\"inLanguage\":\"it-IT\"},{\"@type\":\"Organization\",\"@id\":\"https:\/\/www.erboristerie.com\/it\/#organization\",\"name\":\"Erboristeria Demetra\",\"url\":\"https:\/\/www.erboristerie.com\/it\/\",\"logo\":{\"@type\":\"ImageObject\",\"inLanguage\":\"it-IT\",\"@id\":\"https:\/\/www.erboristerie.com\/it\/#\/schema\/logo\/image\/\",\"url\":\"https:\/\/www.erboristerie.com\/wp-content\/uploads\/2019\/11\/LOGO_ERBORISTERIA_DEMETRA_original.png?v=1611516981\",\"contentUrl\":\"https:\/\/www.erboristerie.com\/wp-content\/uploads\/2019\/11\/LOGO_ERBORISTERIA_DEMETRA_original.png?v=1611516981\",\"width\":201,\"height\":54,\"caption\":\"Erboristeria Demetra\"},\"image\":{\"@id\":\"https:\/\/www.erboristerie.com\/it\/#\/schema\/logo\/image\/\"},\"sameAs\":[\"https:\/\/www.facebook.com\/erboristeria.demetra.online\"]}]}<\/script>\n<!-- \/ Yoast SEO plugin. -->","yoast_head_json":{"title":"Golden Milk Spezial One polvere 250g Dr. Giorgini - Erboristeria Demetra","description":"Miscela di spezie in polvere dal gusto piacevolmente aromatico e moderatamente piccante, versatile in cucina non solo per gli amanti del cibo indiano","robots":{"index":"index","follow":"follow","max-snippet":"max-snippet:-1","max-image-preview":"max-image-preview:large","max-video-preview":"max-video-preview:-1"},"canonical":"https:\/\/www.erboristerie.com\/it\/prodotto\/golden-milk-spezial-one-polvere-250g-dr-giorgini\/","og_locale":"it_IT","og_type":"article","og_title":"Golden Milk Spezial One polvere 250g Dr. Giorgini - Erboristeria Demetra","og_description":"Miscela di spezie in polvere dal gusto piacevolmente aromatico e moderatamente piccante, versatile in cucina non solo per gli amanti del cibo indiano","og_url":"https:\/\/www.erboristerie.com\/it\/prodotto\/golden-milk-spezial-one-polvere-250g-dr-giorgini\/","og_site_name":"Erboristeria Demetra","article_publisher":"https:\/\/www.facebook.com\/erboristeria.demetra.online","article_modified_time":"2026-04-07T16:44:49+00:00","og_image":[{"width":1200,"height":1200,"url":"https:\/\/www.erboristerie.com\/wp-content\/uploads\/2026\/04\/00002161-golden-milk-spezial-one-polvere-250g-dr-giorgini-dottorgiorgini-it-erboristerie-com.jpg","type":"image\/jpeg"}],"twitter_card":"summary_large_image","twitter_misc":{"Tempo di lettura stimato":"2 minuti"},"schema":{"@context":"https:\/\/schema.org","@graph":[{"@type":"WebPage","@id":"https:\/\/www.erboristerie.com\/it\/prodotto\/golden-milk-spezial-one-polvere-250g-dr-giorgini\/","url":"https:\/\/www.erboristerie.com\/it\/prodotto\/golden-milk-spezial-one-polvere-250g-dr-giorgini\/","name":"Golden Milk Spezial One polvere 250g Dr. Giorgini - Erboristeria Demetra","isPartOf":{"@id":"https:\/\/www.erboristerie.com\/it\/#website"},"primaryImageOfPage":{"@id":"https:\/\/www.erboristerie.com\/it\/prodotto\/golden-milk-spezial-one-polvere-250g-dr-giorgini\/#primaryimage"},"image":{"@id":"https:\/\/www.erboristerie.com\/it\/prodotto\/golden-milk-spezial-one-polvere-250g-dr-giorgini\/#primaryimage"},"thumbnailUrl":"https:\/\/www.erboristerie.com\/wp-content\/uploads\/2026\/04\/00002161-golden-milk-spezial-one-polvere-250g-dr-giorgini-dottorgiorgini-it-erboristerie-com.jpg","datePublished":"2026-04-07T16:15:44+00:00","dateModified":"2026-04-07T16:44:49+00:00","description":"Miscela di spezie in polvere dal gusto piacevolmente aromatico e moderatamente piccante, versatile in cucina non solo per gli amanti del cibo indiano","breadcrumb":{"@id":"https:\/\/www.erboristerie.com\/it\/prodotto\/golden-milk-spezial-one-polvere-250g-dr-giorgini\/#breadcrumb"},"inLanguage":"it-IT","potentialAction":[{"@type":"ReadAction","target":["https:\/\/www.erboristerie.com\/it\/prodotto\/golden-milk-spezial-one-polvere-250g-dr-giorgini\/"]}]},{"@type":"ImageObject","inLanguage":"it-IT","@id":"https:\/\/www.erboristerie.com\/it\/prodotto\/golden-milk-spezial-one-polvere-250g-dr-giorgini\/#primaryimage","url":"https:\/\/www.erboristerie.com\/wp-content\/uploads\/2026\/04\/00002161-golden-milk-spezial-one-polvere-250g-dr-giorgini-dottorgiorgini-it-erboristerie-com.jpg","contentUrl":"https:\/\/www.erboristerie.com\/wp-content\/uploads\/2026\/04\/00002161-golden-milk-spezial-one-polvere-250g-dr-giorgini-dottorgiorgini-it-erboristerie-com.jpg","width":1200,"height":1200},{"@type":"BreadcrumbList","@id":"https:\/\/www.erboristerie.com\/it\/prodotto\/golden-milk-spezial-one-polvere-250g-dr-giorgini\/#breadcrumb","itemListElement":[{"@type":"ListItem","position":1,"name":"Home","item":"https:\/\/www.erboristerie.com\/it\/"},{"@type":"ListItem","position":2,"name":"Tutti i prodotti","item":"https:\/\/www.erboristerie.com\/it\/tutti-i-prodotti\/"},{"@type":"ListItem","position":3,"name":"Golden Milk Spezial One polvere 250g Dr. Giorgini"}]},{"@type":"WebSite","@id":"https:\/\/www.erboristerie.com\/it\/#website","url":"https:\/\/www.erboristerie.com\/it\/","name":"Erboristeria Demetra","description":"La tua salute al naturale","publisher":{"@id":"https:\/\/www.erboristerie.com\/it\/#organization"},"potentialAction":[{"@type":"SearchAction","target":{"@type":"EntryPoint","urlTemplate":"https:\/\/www.erboristerie.com\/it\/?s={search_term_string}"},"query-input":{"@type":"PropertyValueSpecification","valueRequired":true,"valueName":"search_term_string"}}],"inLanguage":"it-IT"},{"@type":"Organization","@id":"https:\/\/www.erboristerie.com\/it\/#organization","name":"Erboristeria Demetra","url":"https:\/\/www.erboristerie.com\/it\/","logo":{"@type":"ImageObject","inLanguage":"it-IT","@id":"https:\/\/www.erboristerie.com\/it\/#\/schema\/logo\/image\/","url":"https:\/\/www.erboristerie.com\/wp-content\/uploads\/2019\/11\/LOGO_ERBORISTERIA_DEMETRA_original.png?v=1611516981","contentUrl":"https:\/\/www.erboristerie.com\/wp-content\/uploads\/2019\/11\/LOGO_ERBORISTERIA_DEMETRA_original.png?v=1611516981","width":201,"height":54,"caption":"Erboristeria Demetra"},"image":{"@id":"https:\/\/www.erboristerie.com\/it\/#\/schema\/logo\/image\/"},"sameAs":["https:\/\/www.facebook.com\/erboristeria.demetra.online"]}]}},"_links":{"self":[{"href":"https:\/\/www.erboristerie.com\/it\/wp-json\/wp\/v2\/product\/133725","targetHints":{"allow":["GET"]}}],"collection":[{"href":"https:\/\/www.erboristerie.com\/it\/wp-json\/wp\/v2\/product"}],"about":[{"href":"https:\/\/www.erboristerie.com\/it\/wp-json\/wp\/v2\/types\/product"}],"wp:featuredmedia":[{"embeddable":true,"href":"https:\/\/www.erboristerie.com\/it\/wp-json\/wp\/v2\/media\/133728"}],"wp:attachment":[{"href":"https:\/\/www.erboristerie.com\/it\/wp-json\/wp\/v2\/media?parent=133725"}],"wp:term":[{"taxonomy":"product_brand","embeddable":true,"href":"https:\/\/www.erboristerie.com\/it\/wp-json\/wp\/v2\/product_brand?post=133725"},{"taxonomy":"product_cat","embeddable":true,"href":"https:\/\/www.erboristerie.com\/it\/wp-json\/wp\/v2\/product_cat?post=133725"},{"taxonomy":"product_tag","embeddable":true,"href":"https:\/\/www.erboristerie.com\/it\/wp-json\/wp\/v2\/product_tag?post=133725"},{"taxonomy":"giftcard-category","embeddable":true,"href":"https:\/\/www.erboristerie.com\/it\/wp-json\/wp\/v2\/giftcard-category?post=133725"}],"curies":[{"name":"wp","href":"https:\/\/api.w.org\/{rel}","templated":true}]}}