{"id":133149,"date":"2026-02-17T20:44:52","date_gmt":"2026-02-17T19:44:52","guid":{"rendered":"https:\/\/www.erboristerie.com\/?post_type=product&#038;p=133149"},"modified":"2026-02-19T18:51:45","modified_gmt":"2026-02-19T17:51:45","slug":"ravintsara-olio-essenziale-cinnamomum-camphora-10ml-biologico-e-vegano-oak-organic","status":"publish","type":"product","link":"https:\/\/www.erboristerie.com\/it\/prodotto\/ravintsara-olio-essenziale-cinnamomum-camphora-10ml-biologico-e-vegano-oak-organic\/","title":{"rendered":"Ravintsara olio essenziale (Cinnamomum camphora)\u00a010ml biologico e vegano Oak Organic"},"content":{"rendered":"<p><strong>Ravintsara olio essenziale (Cinnamomum camphora) Olio Essenziale 10ml biologico e vegano &#8211; Oak Organic<\/strong><\/p>\n<p>Negli ultimi anni l\u2019olio essenziale di Ravintsara \u00e8 diventato sempre pi\u00f9 popolare in virt\u00f9 dei suoi <strong>effetti benefici e della sua profumazione delicata<\/strong>.<\/p>\n<p>Ben tollerato sia dagli adulti che dai bambini, pu\u00f2 essere assunto per via orale.<\/p>\n<p>L\u2019olio essenziale di Ravintsara <strong>supporta la funzionalit\u00e0 delle vie respiratorie, oltre ad esplicare un effetto balsamico<\/strong><\/p>\n<p><strong>Modo d&#8217;uso<\/strong><\/p>\n<p>Via orale: 1-2 gocce, due volte al giorno ( 66-132 mg\/die). Da assumere diluito in un cucchiaio di miele o di olio vegetale (es. olio di oliva).<\/p>\n<p>Integratore alimentare<\/p>\n<p>Origine: Madagascar<br \/>\nParte della pianta: foglie<br \/>\nMetodo di estrazione: distillazione in corrente di vapore<br \/>\nProfumo: erbaceo, di cineolo, delicato<br \/>\nAspetto: liquido incolore o giallo chiaro<br \/>\nResa: 1-3%<br \/>\nChemotipo: 1,8-cineolo, sabinene, \u03b1-terpineolo<\/p>\n<p><strong>Cos&#8217;\u00e8 un chemotipo?<\/strong><\/p>\n<p>Gli oli essenziali di qualit\u00e0 vengono definiti biochimicamente.<\/p>\n<p>Una stessa specie vegetale pu\u00f2 produrre oli essenziali con differente composizione chimica in funzione della diversa esposizione a fattori ambientali (suolo, disponibilit\u00e0 idrica,&#8230;).<\/p>\n<p>I costituenti chimici maggiormente presenti nell&#8217;olio essenziale di una pianta definiscono il CHEMOTIPO.<\/p>\n<p>In base al chemotipo viene definita l&#8217;azione per cui un olio essenziale \u00e8 usato in aromaterapia.<\/p>\n<p><strong>Avvertenze<\/strong><\/p>\n<p>tenere fuori dalla portata dei bambini di et\u00e0 inferiore ai tre anni. Non superare la dose giornaliera consigliata. Gli integratori alimentari non vanno intesi quali sostituti di una dieta variata, equilibrata e di uno stile di vita sano.<\/p>\n","protected":false},"excerpt":{"rendered":"<p>Ravintsara olio essenziale (Cinnamomum camphora) Olio Essenziale 10ml biologico e vegano &#8211; Oak Organic Negli ultimi anni l\u2019olio essenziale di Ravintsara \u00e8 diventato sempre pi\u00f9 popolare in virt\u00f9 dei suoi effetti benefici e della sua profumazione delicata. Ben tollerato sia dagli adulti che dai bambini,&#8230;<\/p>\n","protected":false},"featured_media":133150,"template":"","meta":{"_acf_changed":false},"product_brand":[49409,48917],"product_cat":[45109],"product_tag":[],"giftcard-category":[],"class_list":{"0":"post-133149","1":"product","2":"type-product","3":"status-publish","4":"has-post-thumbnail","6":"product_brand-naturando","7":"product_brand-oak-organic","8":"product_cat-oli-essenziali-4","9":"pa_formato-10-ml","10":"pa_linea-oak-organic","11":"pa_marca-naturando","12":"pa_marca-oak-organic","13":"pa_tipologia-olio-essenziale","15":"first","16":"instock","17":"sale","18":"taxable","19":"shipping-taxable","20":"purchasable","21":"product-type-simple"},"acf":[],"yoast_head":"<!-- This site is optimized with the Yoast SEO plugin v24.9 - https:\/\/yoast.com\/wordpress\/plugins\/seo\/ -->\n<title>Ravintsara olio essenziale (Cinnamomum camphora)\u00a010ml biologico e vegano Oak Organic - Erboristeria Demetra<\/title>\n<meta name=\"description\" content=\"Ravintsara, profumazione delicata, ben tollerato da adulti e bambini, favorisce la funzionalit\u00e0 delle vie respiratorie con effetto balsamico naturale.\" \/>\n<meta name=\"robots\" content=\"index, follow, max-snippet:-1, max-image-preview:large, max-video-preview:-1\" \/>\n<link rel=\"canonical\" href=\"https:\/\/www.erboristerie.com\/it\/prodotto\/ravintsara-olio-essenziale-cinnamomum-camphora-10ml-biologico-e-vegano-oak-organic\/\" \/>\n<meta property=\"og:locale\" content=\"it_IT\" \/>\n<meta property=\"og:type\" content=\"article\" \/>\n<meta property=\"og:title\" content=\"Ravintsara olio essenziale (Cinnamomum camphora)\u00a010ml biologico e vegano Oak Organic - Erboristeria Demetra\" \/>\n<meta property=\"og:description\" content=\"Ravintsara, profumazione delicata, ben tollerato da adulti e bambini, favorisce la funzionalit\u00e0 delle vie respiratorie con effetto balsamico naturale.\" \/>\n<meta property=\"og:url\" content=\"https:\/\/www.erboristerie.com\/it\/prodotto\/ravintsara-olio-essenziale-cinnamomum-camphora-10ml-biologico-e-vegano-oak-organic\/\" \/>\n<meta property=\"og:site_name\" content=\"Erboristeria Demetra\" \/>\n<meta property=\"article:publisher\" content=\"https:\/\/www.facebook.com\/erboristeria.demetra.online\" \/>\n<meta property=\"article:modified_time\" content=\"2026-02-19T17:51:45+00:00\" \/>\n<meta property=\"og:image\" content=\"https:\/\/www.erboristerie.com\/wp-content\/uploads\/2026\/02\/ravintsara-olio-essenziale-cinnamomum-camphora-10ml-biologico-e-vegano-oak-organic-erboristerie-com.jpg\" \/>\n\t<meta property=\"og:image:width\" content=\"1000\" \/>\n\t<meta property=\"og:image:height\" content=\"1000\" \/>\n\t<meta property=\"og:image:type\" content=\"image\/jpeg\" \/>\n<meta name=\"twitter:card\" content=\"summary_large_image\" \/>\n<meta name=\"twitter:label1\" content=\"Tempo di lettura stimato\" \/>\n\t<meta name=\"twitter:data1\" content=\"2 minuti\" \/>\n<script type=\"application\/ld+json\" class=\"yoast-schema-graph\">{\"@context\":\"https:\/\/schema.org\",\"@graph\":[{\"@type\":\"WebPage\",\"@id\":\"https:\/\/www.erboristerie.com\/it\/prodotto\/ravintsara-olio-essenziale-cinnamomum-camphora-10ml-biologico-e-vegano-oak-organic\/\",\"url\":\"https:\/\/www.erboristerie.com\/it\/prodotto\/ravintsara-olio-essenziale-cinnamomum-camphora-10ml-biologico-e-vegano-oak-organic\/\",\"name\":\"Ravintsara olio essenziale (Cinnamomum camphora)\u00a010ml biologico e vegano Oak Organic - Erboristeria Demetra\",\"isPartOf\":{\"@id\":\"https:\/\/www.erboristerie.com\/it\/#website\"},\"primaryImageOfPage\":{\"@id\":\"https:\/\/www.erboristerie.com\/it\/prodotto\/ravintsara-olio-essenziale-cinnamomum-camphora-10ml-biologico-e-vegano-oak-organic\/#primaryimage\"},\"image\":{\"@id\":\"https:\/\/www.erboristerie.com\/it\/prodotto\/ravintsara-olio-essenziale-cinnamomum-camphora-10ml-biologico-e-vegano-oak-organic\/#primaryimage\"},\"thumbnailUrl\":\"https:\/\/www.erboristerie.com\/wp-content\/uploads\/2026\/02\/ravintsara-olio-essenziale-cinnamomum-camphora-10ml-biologico-e-vegano-oak-organic-erboristerie-com.jpg\",\"datePublished\":\"2026-02-17T19:44:52+00:00\",\"dateModified\":\"2026-02-19T17:51:45+00:00\",\"description\":\"Ravintsara, profumazione delicata, ben tollerato da adulti e bambini, favorisce la funzionalit\u00e0 delle vie respiratorie con effetto balsamico naturale.\",\"breadcrumb\":{\"@id\":\"https:\/\/www.erboristerie.com\/it\/prodotto\/ravintsara-olio-essenziale-cinnamomum-camphora-10ml-biologico-e-vegano-oak-organic\/#breadcrumb\"},\"inLanguage\":\"it-IT\",\"potentialAction\":[{\"@type\":\"ReadAction\",\"target\":[\"https:\/\/www.erboristerie.com\/it\/prodotto\/ravintsara-olio-essenziale-cinnamomum-camphora-10ml-biologico-e-vegano-oak-organic\/\"]}]},{\"@type\":\"ImageObject\",\"inLanguage\":\"it-IT\",\"@id\":\"https:\/\/www.erboristerie.com\/it\/prodotto\/ravintsara-olio-essenziale-cinnamomum-camphora-10ml-biologico-e-vegano-oak-organic\/#primaryimage\",\"url\":\"https:\/\/www.erboristerie.com\/wp-content\/uploads\/2026\/02\/ravintsara-olio-essenziale-cinnamomum-camphora-10ml-biologico-e-vegano-oak-organic-erboristerie-com.jpg\",\"contentUrl\":\"https:\/\/www.erboristerie.com\/wp-content\/uploads\/2026\/02\/ravintsara-olio-essenziale-cinnamomum-camphora-10ml-biologico-e-vegano-oak-organic-erboristerie-com.jpg\",\"width\":1000,\"height\":1000},{\"@type\":\"BreadcrumbList\",\"@id\":\"https:\/\/www.erboristerie.com\/it\/prodotto\/ravintsara-olio-essenziale-cinnamomum-camphora-10ml-biologico-e-vegano-oak-organic\/#breadcrumb\",\"itemListElement\":[{\"@type\":\"ListItem\",\"position\":1,\"name\":\"Home\",\"item\":\"https:\/\/www.erboristerie.com\/it\/\"},{\"@type\":\"ListItem\",\"position\":2,\"name\":\"Tutti i prodotti\",\"item\":\"https:\/\/www.erboristerie.com\/it\/tutti-i-prodotti\/\"},{\"@type\":\"ListItem\",\"position\":3,\"name\":\"Ravintsara olio essenziale (Cinnamomum camphora)\u00a010ml biologico e vegano Oak Organic\"}]},{\"@type\":\"WebSite\",\"@id\":\"https:\/\/www.erboristerie.com\/it\/#website\",\"url\":\"https:\/\/www.erboristerie.com\/it\/\",\"name\":\"Erboristeria Demetra\",\"description\":\"La tua salute al naturale\",\"publisher\":{\"@id\":\"https:\/\/www.erboristerie.com\/it\/#organization\"},\"potentialAction\":[{\"@type\":\"SearchAction\",\"target\":{\"@type\":\"EntryPoint\",\"urlTemplate\":\"https:\/\/www.erboristerie.com\/it\/?s={search_term_string}\"},\"query-input\":{\"@type\":\"PropertyValueSpecification\",\"valueRequired\":true,\"valueName\":\"search_term_string\"}}],\"inLanguage\":\"it-IT\"},{\"@type\":\"Organization\",\"@id\":\"https:\/\/www.erboristerie.com\/it\/#organization\",\"name\":\"Erboristeria Demetra\",\"url\":\"https:\/\/www.erboristerie.com\/it\/\",\"logo\":{\"@type\":\"ImageObject\",\"inLanguage\":\"it-IT\",\"@id\":\"https:\/\/www.erboristerie.com\/it\/#\/schema\/logo\/image\/\",\"url\":\"https:\/\/www.erboristerie.com\/wp-content\/uploads\/2019\/11\/LOGO_ERBORISTERIA_DEMETRA_original.png?v=1611516981\",\"contentUrl\":\"https:\/\/www.erboristerie.com\/wp-content\/uploads\/2019\/11\/LOGO_ERBORISTERIA_DEMETRA_original.png?v=1611516981\",\"width\":201,\"height\":54,\"caption\":\"Erboristeria Demetra\"},\"image\":{\"@id\":\"https:\/\/www.erboristerie.com\/it\/#\/schema\/logo\/image\/\"},\"sameAs\":[\"https:\/\/www.facebook.com\/erboristeria.demetra.online\"]}]}<\/script>\n<!-- \/ Yoast SEO plugin. -->","yoast_head_json":{"title":"Ravintsara olio essenziale (Cinnamomum camphora)\u00a010ml biologico e vegano Oak Organic - Erboristeria Demetra","description":"Ravintsara, profumazione delicata, ben tollerato da adulti e bambini, favorisce la funzionalit\u00e0 delle vie respiratorie con effetto balsamico naturale.","robots":{"index":"index","follow":"follow","max-snippet":"max-snippet:-1","max-image-preview":"max-image-preview:large","max-video-preview":"max-video-preview:-1"},"canonical":"https:\/\/www.erboristerie.com\/it\/prodotto\/ravintsara-olio-essenziale-cinnamomum-camphora-10ml-biologico-e-vegano-oak-organic\/","og_locale":"it_IT","og_type":"article","og_title":"Ravintsara olio essenziale (Cinnamomum camphora)\u00a010ml biologico e vegano Oak Organic - Erboristeria Demetra","og_description":"Ravintsara, profumazione delicata, ben tollerato da adulti e bambini, favorisce la funzionalit\u00e0 delle vie respiratorie con effetto balsamico naturale.","og_url":"https:\/\/www.erboristerie.com\/it\/prodotto\/ravintsara-olio-essenziale-cinnamomum-camphora-10ml-biologico-e-vegano-oak-organic\/","og_site_name":"Erboristeria Demetra","article_publisher":"https:\/\/www.facebook.com\/erboristeria.demetra.online","article_modified_time":"2026-02-19T17:51:45+00:00","og_image":[{"width":1000,"height":1000,"url":"https:\/\/www.erboristerie.com\/wp-content\/uploads\/2026\/02\/ravintsara-olio-essenziale-cinnamomum-camphora-10ml-biologico-e-vegano-oak-organic-erboristerie-com.jpg","type":"image\/jpeg"}],"twitter_card":"summary_large_image","twitter_misc":{"Tempo di lettura stimato":"2 minuti"},"schema":{"@context":"https:\/\/schema.org","@graph":[{"@type":"WebPage","@id":"https:\/\/www.erboristerie.com\/it\/prodotto\/ravintsara-olio-essenziale-cinnamomum-camphora-10ml-biologico-e-vegano-oak-organic\/","url":"https:\/\/www.erboristerie.com\/it\/prodotto\/ravintsara-olio-essenziale-cinnamomum-camphora-10ml-biologico-e-vegano-oak-organic\/","name":"Ravintsara olio essenziale (Cinnamomum camphora)\u00a010ml biologico e vegano Oak Organic - Erboristeria Demetra","isPartOf":{"@id":"https:\/\/www.erboristerie.com\/it\/#website"},"primaryImageOfPage":{"@id":"https:\/\/www.erboristerie.com\/it\/prodotto\/ravintsara-olio-essenziale-cinnamomum-camphora-10ml-biologico-e-vegano-oak-organic\/#primaryimage"},"image":{"@id":"https:\/\/www.erboristerie.com\/it\/prodotto\/ravintsara-olio-essenziale-cinnamomum-camphora-10ml-biologico-e-vegano-oak-organic\/#primaryimage"},"thumbnailUrl":"https:\/\/www.erboristerie.com\/wp-content\/uploads\/2026\/02\/ravintsara-olio-essenziale-cinnamomum-camphora-10ml-biologico-e-vegano-oak-organic-erboristerie-com.jpg","datePublished":"2026-02-17T19:44:52+00:00","dateModified":"2026-02-19T17:51:45+00:00","description":"Ravintsara, profumazione delicata, ben tollerato da adulti e bambini, favorisce la funzionalit\u00e0 delle vie respiratorie con effetto balsamico naturale.","breadcrumb":{"@id":"https:\/\/www.erboristerie.com\/it\/prodotto\/ravintsara-olio-essenziale-cinnamomum-camphora-10ml-biologico-e-vegano-oak-organic\/#breadcrumb"},"inLanguage":"it-IT","potentialAction":[{"@type":"ReadAction","target":["https:\/\/www.erboristerie.com\/it\/prodotto\/ravintsara-olio-essenziale-cinnamomum-camphora-10ml-biologico-e-vegano-oak-organic\/"]}]},{"@type":"ImageObject","inLanguage":"it-IT","@id":"https:\/\/www.erboristerie.com\/it\/prodotto\/ravintsara-olio-essenziale-cinnamomum-camphora-10ml-biologico-e-vegano-oak-organic\/#primaryimage","url":"https:\/\/www.erboristerie.com\/wp-content\/uploads\/2026\/02\/ravintsara-olio-essenziale-cinnamomum-camphora-10ml-biologico-e-vegano-oak-organic-erboristerie-com.jpg","contentUrl":"https:\/\/www.erboristerie.com\/wp-content\/uploads\/2026\/02\/ravintsara-olio-essenziale-cinnamomum-camphora-10ml-biologico-e-vegano-oak-organic-erboristerie-com.jpg","width":1000,"height":1000},{"@type":"BreadcrumbList","@id":"https:\/\/www.erboristerie.com\/it\/prodotto\/ravintsara-olio-essenziale-cinnamomum-camphora-10ml-biologico-e-vegano-oak-organic\/#breadcrumb","itemListElement":[{"@type":"ListItem","position":1,"name":"Home","item":"https:\/\/www.erboristerie.com\/it\/"},{"@type":"ListItem","position":2,"name":"Tutti i prodotti","item":"https:\/\/www.erboristerie.com\/it\/tutti-i-prodotti\/"},{"@type":"ListItem","position":3,"name":"Ravintsara olio essenziale (Cinnamomum camphora)\u00a010ml biologico e vegano Oak Organic"}]},{"@type":"WebSite","@id":"https:\/\/www.erboristerie.com\/it\/#website","url":"https:\/\/www.erboristerie.com\/it\/","name":"Erboristeria Demetra","description":"La tua salute al naturale","publisher":{"@id":"https:\/\/www.erboristerie.com\/it\/#organization"},"potentialAction":[{"@type":"SearchAction","target":{"@type":"EntryPoint","urlTemplate":"https:\/\/www.erboristerie.com\/it\/?s={search_term_string}"},"query-input":{"@type":"PropertyValueSpecification","valueRequired":true,"valueName":"search_term_string"}}],"inLanguage":"it-IT"},{"@type":"Organization","@id":"https:\/\/www.erboristerie.com\/it\/#organization","name":"Erboristeria Demetra","url":"https:\/\/www.erboristerie.com\/it\/","logo":{"@type":"ImageObject","inLanguage":"it-IT","@id":"https:\/\/www.erboristerie.com\/it\/#\/schema\/logo\/image\/","url":"https:\/\/www.erboristerie.com\/wp-content\/uploads\/2019\/11\/LOGO_ERBORISTERIA_DEMETRA_original.png?v=1611516981","contentUrl":"https:\/\/www.erboristerie.com\/wp-content\/uploads\/2019\/11\/LOGO_ERBORISTERIA_DEMETRA_original.png?v=1611516981","width":201,"height":54,"caption":"Erboristeria Demetra"},"image":{"@id":"https:\/\/www.erboristerie.com\/it\/#\/schema\/logo\/image\/"},"sameAs":["https:\/\/www.facebook.com\/erboristeria.demetra.online"]}]}},"_links":{"self":[{"href":"https:\/\/www.erboristerie.com\/it\/wp-json\/wp\/v2\/product\/133149","targetHints":{"allow":["GET"]}}],"collection":[{"href":"https:\/\/www.erboristerie.com\/it\/wp-json\/wp\/v2\/product"}],"about":[{"href":"https:\/\/www.erboristerie.com\/it\/wp-json\/wp\/v2\/types\/product"}],"wp:featuredmedia":[{"embeddable":true,"href":"https:\/\/www.erboristerie.com\/it\/wp-json\/wp\/v2\/media\/133150"}],"wp:attachment":[{"href":"https:\/\/www.erboristerie.com\/it\/wp-json\/wp\/v2\/media?parent=133149"}],"wp:term":[{"taxonomy":"product_brand","embeddable":true,"href":"https:\/\/www.erboristerie.com\/it\/wp-json\/wp\/v2\/product_brand?post=133149"},{"taxonomy":"product_cat","embeddable":true,"href":"https:\/\/www.erboristerie.com\/it\/wp-json\/wp\/v2\/product_cat?post=133149"},{"taxonomy":"product_tag","embeddable":true,"href":"https:\/\/www.erboristerie.com\/it\/wp-json\/wp\/v2\/product_tag?post=133149"},{"taxonomy":"giftcard-category","embeddable":true,"href":"https:\/\/www.erboristerie.com\/it\/wp-json\/wp\/v2\/giftcard-category?post=133149"}],"curies":[{"name":"wp","href":"https:\/\/api.w.org\/{rel}","templated":true}]}}