{"id":132408,"date":"2025-11-30T19:32:25","date_gmt":"2025-11-30T18:32:25","guid":{"rendered":"https:\/\/www.erboristerie.com\/?post_type=product&#038;p=132408"},"modified":"2025-11-30T19:46:45","modified_gmt":"2025-11-30T18:46:45","slug":"diffusore-bastoncini-melagrana-e-fragola-selvatica-100ml-nasoterapia","status":"publish","type":"product","link":"https:\/\/www.erboristerie.com\/it\/prodotto\/diffusore-bastoncini-melagrana-e-fragola-selvatica-100ml-nasoterapia\/","title":{"rendered":"Diffusore bastoncini Melagrana e Fragola selvatica 100ml Nasoterapia"},"content":{"rendered":"<p><strong>Diffusore bastoncini Melagrana e Fragola selvatica 100ml &#8211; Nasoterapia<\/strong><\/p>\n<p>Confezione con flacone <strong>completo di bastoncini<\/strong><\/p>\n<p>Una ventata di buonumore dalle note fruttate.<\/p>\n<p>La vivace allegria della melagrana in un\u2019esplosione di gioia e frutti rossi.<\/p>\n<p>L\u2019aria fresca e pungente di tarda estate risveglia la voglia di accordi avvolgenti di frutta matura.<\/p>\n<p>Le note allegre e scoppiettanti di Melagrana &amp; Fragola selvatica evocano gioie festose ed esaltano la magica atmosfera di un caldo autunno<\/p>\n<p>Le fragranze, impreziosite da un\u2019alta concentrazione di oli essenziali puri e dall\u2019esclusivo utilizzo di colori per alimenti, sono prodotte interamente in Italia e certifcate a norma IFRA.<\/p>\n<p>I bastoncini in rattan immersi nell\u2019essenza diffondono nell\u2019aria in modo costante le varie composizioni aromatiche di Nasoterapia, ora note dolci e foreali, ora fruttate, ora speziate e legnose, per regalare sempre nuove atmosfere.<\/p>\n<p><strong>Modo d&#8217;uso<\/strong><\/p>\n<p>Immergere i bastoncini nel flacone.<\/p>\n<p>Attendere alcune ore dopodich\u00e8, per capillarit\u00e0 il profumo si diffondera in tutti i bastoncini (anche nella parte &#8220;aerea&#8221;) e lessenza iniziar\u00e0 delicatamente e costantemente a profumare l&#8217;ambiente.<\/p>\n<p>Basta capovolgerli per ravvivare il profumo e l\u2019emozione.<\/p>\n<p><a href=\"https:\/\/www.erboristerie.com\/it\/?s=bastoncini&amp;post_type=product&amp;type_aws=true&amp;lang=it\">Clicca qui<\/a> per tutti i diffusori a bastoncini e le ricariche<\/p>\n","protected":false},"excerpt":{"rendered":"<p>Diffusore bastoncini Melagrana e Fragola selvatica 100ml &#8211; Nasoterapia Confezione con flacone completo di bastoncini Una ventata di buonumore dalle note fruttate. La vivace allegria della melagrana in un\u2019esplosione di gioia e frutti rossi. L\u2019aria fresca e pungente di tarda estate risveglia la voglia di&#8230;<\/p>\n","protected":false},"featured_media":132409,"template":"","meta":{"_acf_changed":false},"product_brand":[9649],"product_cat":[9719],"product_tag":[10588,10587,10589,12621,10585,12622,11792,10591,12304,11109,11744],"giftcard-category":[],"class_list":{"0":"post-132408","1":"product","2":"type-product","3":"status-publish","4":"has-post-thumbnail","6":"product_brand-nasoterapia-di-hp-italia","7":"product_cat-diffusori-profumi-ambiente","8":"product_tag-100ml","9":"product_tag-bastoncini","10":"product_tag-completo","11":"product_tag-cotone","12":"product_tag-diffusore","13":"product_tag-fioridi","14":"product_tag-lemongrass","15":"product_tag-nasoterapia","16":"product_tag-spezie","17":"product_tag-vaniglia","18":"product_tag-verbena","19":"pa_formato-100-ml","20":"pa_marca-nasoterapia","21":"pa_tipologia-profumo-ambiente","23":"first","24":"instock","25":"sale","26":"taxable","27":"shipping-taxable","28":"purchasable","29":"product-type-simple"},"acf":[],"yoast_head":"<!-- This site is optimized with the Yoast SEO plugin v24.9 - https:\/\/yoast.com\/wordpress\/plugins\/seo\/ -->\n<title>Diffusore bastoncini Melagrana e Fragola selvatica 100ml Nasoterapia - Erboristeria Demetra<\/title>\n<meta name=\"description\" content=\"Le note allegre e scoppiettanti di Melagrana &amp; Fragola selvatica evocano gioie festose ed esaltano la magica atmosfera di un caldo autunno\" \/>\n<meta name=\"robots\" content=\"index, follow, max-snippet:-1, max-image-preview:large, max-video-preview:-1\" \/>\n<link rel=\"canonical\" href=\"https:\/\/www.erboristerie.com\/it\/prodotto\/diffusore-bastoncini-melagrana-e-fragola-selvatica-100ml-nasoterapia\/\" \/>\n<meta property=\"og:locale\" content=\"it_IT\" \/>\n<meta property=\"og:type\" content=\"article\" \/>\n<meta property=\"og:title\" content=\"Diffusore bastoncini Melagrana e Fragola selvatica 100ml Nasoterapia - Erboristeria Demetra\" \/>\n<meta property=\"og:description\" content=\"Le note allegre e scoppiettanti di Melagrana &amp; Fragola selvatica evocano gioie festose ed esaltano la magica atmosfera di un caldo autunno\" \/>\n<meta property=\"og:url\" content=\"https:\/\/www.erboristerie.com\/it\/prodotto\/diffusore-bastoncini-melagrana-e-fragola-selvatica-100ml-nasoterapia\/\" \/>\n<meta property=\"og:site_name\" content=\"Erboristeria Demetra\" \/>\n<meta property=\"article:publisher\" content=\"https:\/\/www.facebook.com\/erboristeria.demetra.online\" \/>\n<meta property=\"article:modified_time\" content=\"2025-11-30T18:46:45+00:00\" \/>\n<meta property=\"og:image\" content=\"https:\/\/www.erboristerie.com\/wp-content\/uploads\/2025\/11\/00005435-diffusore-bastoncini-melagrana-fragola-200ml-nasoterapia-erboristerie-com.jpg\" \/>\n\t<meta property=\"og:image:width\" content=\"900\" \/>\n\t<meta property=\"og:image:height\" content=\"900\" \/>\n\t<meta property=\"og:image:type\" content=\"image\/jpeg\" \/>\n<meta name=\"twitter:card\" content=\"summary_large_image\" \/>\n<meta name=\"twitter:label1\" content=\"Tempo di lettura stimato\" \/>\n\t<meta name=\"twitter:data1\" content=\"2 minuti\" \/>\n<script type=\"application\/ld+json\" class=\"yoast-schema-graph\">{\"@context\":\"https:\/\/schema.org\",\"@graph\":[{\"@type\":\"WebPage\",\"@id\":\"https:\/\/www.erboristerie.com\/it\/prodotto\/diffusore-bastoncini-melagrana-e-fragola-selvatica-100ml-nasoterapia\/\",\"url\":\"https:\/\/www.erboristerie.com\/it\/prodotto\/diffusore-bastoncini-melagrana-e-fragola-selvatica-100ml-nasoterapia\/\",\"name\":\"Diffusore bastoncini Melagrana e Fragola selvatica 100ml Nasoterapia - Erboristeria Demetra\",\"isPartOf\":{\"@id\":\"https:\/\/www.erboristerie.com\/it\/#website\"},\"primaryImageOfPage\":{\"@id\":\"https:\/\/www.erboristerie.com\/it\/prodotto\/diffusore-bastoncini-melagrana-e-fragola-selvatica-100ml-nasoterapia\/#primaryimage\"},\"image\":{\"@id\":\"https:\/\/www.erboristerie.com\/it\/prodotto\/diffusore-bastoncini-melagrana-e-fragola-selvatica-100ml-nasoterapia\/#primaryimage\"},\"thumbnailUrl\":\"https:\/\/www.erboristerie.com\/wp-content\/uploads\/2025\/11\/00005435-diffusore-bastoncini-melagrana-fragola-200ml-nasoterapia-erboristerie-com.jpg\",\"datePublished\":\"2025-11-30T18:32:25+00:00\",\"dateModified\":\"2025-11-30T18:46:45+00:00\",\"description\":\"Le note allegre e scoppiettanti di Melagrana & Fragola selvatica evocano gioie festose ed esaltano la magica atmosfera di un caldo autunno\",\"breadcrumb\":{\"@id\":\"https:\/\/www.erboristerie.com\/it\/prodotto\/diffusore-bastoncini-melagrana-e-fragola-selvatica-100ml-nasoterapia\/#breadcrumb\"},\"inLanguage\":\"it-IT\",\"potentialAction\":[{\"@type\":\"ReadAction\",\"target\":[\"https:\/\/www.erboristerie.com\/it\/prodotto\/diffusore-bastoncini-melagrana-e-fragola-selvatica-100ml-nasoterapia\/\"]}]},{\"@type\":\"ImageObject\",\"inLanguage\":\"it-IT\",\"@id\":\"https:\/\/www.erboristerie.com\/it\/prodotto\/diffusore-bastoncini-melagrana-e-fragola-selvatica-100ml-nasoterapia\/#primaryimage\",\"url\":\"https:\/\/www.erboristerie.com\/wp-content\/uploads\/2025\/11\/00005435-diffusore-bastoncini-melagrana-fragola-200ml-nasoterapia-erboristerie-com.jpg\",\"contentUrl\":\"https:\/\/www.erboristerie.com\/wp-content\/uploads\/2025\/11\/00005435-diffusore-bastoncini-melagrana-fragola-200ml-nasoterapia-erboristerie-com.jpg\",\"width\":900,\"height\":900},{\"@type\":\"BreadcrumbList\",\"@id\":\"https:\/\/www.erboristerie.com\/it\/prodotto\/diffusore-bastoncini-melagrana-e-fragola-selvatica-100ml-nasoterapia\/#breadcrumb\",\"itemListElement\":[{\"@type\":\"ListItem\",\"position\":1,\"name\":\"Home\",\"item\":\"https:\/\/www.erboristerie.com\/it\/\"},{\"@type\":\"ListItem\",\"position\":2,\"name\":\"Tutti i prodotti\",\"item\":\"https:\/\/www.erboristerie.com\/it\/tutti-i-prodotti\/\"},{\"@type\":\"ListItem\",\"position\":3,\"name\":\"Diffusore bastoncini Melagrana e Fragola selvatica 100ml Nasoterapia\"}]},{\"@type\":\"WebSite\",\"@id\":\"https:\/\/www.erboristerie.com\/it\/#website\",\"url\":\"https:\/\/www.erboristerie.com\/it\/\",\"name\":\"Erboristeria Demetra\",\"description\":\"La tua salute al naturale\",\"publisher\":{\"@id\":\"https:\/\/www.erboristerie.com\/it\/#organization\"},\"potentialAction\":[{\"@type\":\"SearchAction\",\"target\":{\"@type\":\"EntryPoint\",\"urlTemplate\":\"https:\/\/www.erboristerie.com\/it\/?s={search_term_string}\"},\"query-input\":{\"@type\":\"PropertyValueSpecification\",\"valueRequired\":true,\"valueName\":\"search_term_string\"}}],\"inLanguage\":\"it-IT\"},{\"@type\":\"Organization\",\"@id\":\"https:\/\/www.erboristerie.com\/it\/#organization\",\"name\":\"Erboristeria Demetra\",\"url\":\"https:\/\/www.erboristerie.com\/it\/\",\"logo\":{\"@type\":\"ImageObject\",\"inLanguage\":\"it-IT\",\"@id\":\"https:\/\/www.erboristerie.com\/it\/#\/schema\/logo\/image\/\",\"url\":\"https:\/\/www.erboristerie.com\/wp-content\/uploads\/2019\/11\/LOGO_ERBORISTERIA_DEMETRA_original.png?v=1611516981\",\"contentUrl\":\"https:\/\/www.erboristerie.com\/wp-content\/uploads\/2019\/11\/LOGO_ERBORISTERIA_DEMETRA_original.png?v=1611516981\",\"width\":201,\"height\":54,\"caption\":\"Erboristeria Demetra\"},\"image\":{\"@id\":\"https:\/\/www.erboristerie.com\/it\/#\/schema\/logo\/image\/\"},\"sameAs\":[\"https:\/\/www.facebook.com\/erboristeria.demetra.online\"]}]}<\/script>\n<!-- \/ Yoast SEO plugin. -->","yoast_head_json":{"title":"Diffusore bastoncini Melagrana e Fragola selvatica 100ml Nasoterapia - Erboristeria Demetra","description":"Le note allegre e scoppiettanti di Melagrana & Fragola selvatica evocano gioie festose ed esaltano la magica atmosfera di un caldo autunno","robots":{"index":"index","follow":"follow","max-snippet":"max-snippet:-1","max-image-preview":"max-image-preview:large","max-video-preview":"max-video-preview:-1"},"canonical":"https:\/\/www.erboristerie.com\/it\/prodotto\/diffusore-bastoncini-melagrana-e-fragola-selvatica-100ml-nasoterapia\/","og_locale":"it_IT","og_type":"article","og_title":"Diffusore bastoncini Melagrana e Fragola selvatica 100ml Nasoterapia - Erboristeria Demetra","og_description":"Le note allegre e scoppiettanti di Melagrana & Fragola selvatica evocano gioie festose ed esaltano la magica atmosfera di un caldo autunno","og_url":"https:\/\/www.erboristerie.com\/it\/prodotto\/diffusore-bastoncini-melagrana-e-fragola-selvatica-100ml-nasoterapia\/","og_site_name":"Erboristeria Demetra","article_publisher":"https:\/\/www.facebook.com\/erboristeria.demetra.online","article_modified_time":"2025-11-30T18:46:45+00:00","og_image":[{"width":900,"height":900,"url":"https:\/\/www.erboristerie.com\/wp-content\/uploads\/2025\/11\/00005435-diffusore-bastoncini-melagrana-fragola-200ml-nasoterapia-erboristerie-com.jpg","type":"image\/jpeg"}],"twitter_card":"summary_large_image","twitter_misc":{"Tempo di lettura stimato":"2 minuti"},"schema":{"@context":"https:\/\/schema.org","@graph":[{"@type":"WebPage","@id":"https:\/\/www.erboristerie.com\/it\/prodotto\/diffusore-bastoncini-melagrana-e-fragola-selvatica-100ml-nasoterapia\/","url":"https:\/\/www.erboristerie.com\/it\/prodotto\/diffusore-bastoncini-melagrana-e-fragola-selvatica-100ml-nasoterapia\/","name":"Diffusore bastoncini Melagrana e Fragola selvatica 100ml Nasoterapia - Erboristeria Demetra","isPartOf":{"@id":"https:\/\/www.erboristerie.com\/it\/#website"},"primaryImageOfPage":{"@id":"https:\/\/www.erboristerie.com\/it\/prodotto\/diffusore-bastoncini-melagrana-e-fragola-selvatica-100ml-nasoterapia\/#primaryimage"},"image":{"@id":"https:\/\/www.erboristerie.com\/it\/prodotto\/diffusore-bastoncini-melagrana-e-fragola-selvatica-100ml-nasoterapia\/#primaryimage"},"thumbnailUrl":"https:\/\/www.erboristerie.com\/wp-content\/uploads\/2025\/11\/00005435-diffusore-bastoncini-melagrana-fragola-200ml-nasoterapia-erboristerie-com.jpg","datePublished":"2025-11-30T18:32:25+00:00","dateModified":"2025-11-30T18:46:45+00:00","description":"Le note allegre e scoppiettanti di Melagrana & Fragola selvatica evocano gioie festose ed esaltano la magica atmosfera di un caldo autunno","breadcrumb":{"@id":"https:\/\/www.erboristerie.com\/it\/prodotto\/diffusore-bastoncini-melagrana-e-fragola-selvatica-100ml-nasoterapia\/#breadcrumb"},"inLanguage":"it-IT","potentialAction":[{"@type":"ReadAction","target":["https:\/\/www.erboristerie.com\/it\/prodotto\/diffusore-bastoncini-melagrana-e-fragola-selvatica-100ml-nasoterapia\/"]}]},{"@type":"ImageObject","inLanguage":"it-IT","@id":"https:\/\/www.erboristerie.com\/it\/prodotto\/diffusore-bastoncini-melagrana-e-fragola-selvatica-100ml-nasoterapia\/#primaryimage","url":"https:\/\/www.erboristerie.com\/wp-content\/uploads\/2025\/11\/00005435-diffusore-bastoncini-melagrana-fragola-200ml-nasoterapia-erboristerie-com.jpg","contentUrl":"https:\/\/www.erboristerie.com\/wp-content\/uploads\/2025\/11\/00005435-diffusore-bastoncini-melagrana-fragola-200ml-nasoterapia-erboristerie-com.jpg","width":900,"height":900},{"@type":"BreadcrumbList","@id":"https:\/\/www.erboristerie.com\/it\/prodotto\/diffusore-bastoncini-melagrana-e-fragola-selvatica-100ml-nasoterapia\/#breadcrumb","itemListElement":[{"@type":"ListItem","position":1,"name":"Home","item":"https:\/\/www.erboristerie.com\/it\/"},{"@type":"ListItem","position":2,"name":"Tutti i prodotti","item":"https:\/\/www.erboristerie.com\/it\/tutti-i-prodotti\/"},{"@type":"ListItem","position":3,"name":"Diffusore bastoncini Melagrana e Fragola selvatica 100ml Nasoterapia"}]},{"@type":"WebSite","@id":"https:\/\/www.erboristerie.com\/it\/#website","url":"https:\/\/www.erboristerie.com\/it\/","name":"Erboristeria Demetra","description":"La tua salute al naturale","publisher":{"@id":"https:\/\/www.erboristerie.com\/it\/#organization"},"potentialAction":[{"@type":"SearchAction","target":{"@type":"EntryPoint","urlTemplate":"https:\/\/www.erboristerie.com\/it\/?s={search_term_string}"},"query-input":{"@type":"PropertyValueSpecification","valueRequired":true,"valueName":"search_term_string"}}],"inLanguage":"it-IT"},{"@type":"Organization","@id":"https:\/\/www.erboristerie.com\/it\/#organization","name":"Erboristeria Demetra","url":"https:\/\/www.erboristerie.com\/it\/","logo":{"@type":"ImageObject","inLanguage":"it-IT","@id":"https:\/\/www.erboristerie.com\/it\/#\/schema\/logo\/image\/","url":"https:\/\/www.erboristerie.com\/wp-content\/uploads\/2019\/11\/LOGO_ERBORISTERIA_DEMETRA_original.png?v=1611516981","contentUrl":"https:\/\/www.erboristerie.com\/wp-content\/uploads\/2019\/11\/LOGO_ERBORISTERIA_DEMETRA_original.png?v=1611516981","width":201,"height":54,"caption":"Erboristeria Demetra"},"image":{"@id":"https:\/\/www.erboristerie.com\/it\/#\/schema\/logo\/image\/"},"sameAs":["https:\/\/www.facebook.com\/erboristeria.demetra.online"]}]}},"_links":{"self":[{"href":"https:\/\/www.erboristerie.com\/it\/wp-json\/wp\/v2\/product\/132408","targetHints":{"allow":["GET"]}}],"collection":[{"href":"https:\/\/www.erboristerie.com\/it\/wp-json\/wp\/v2\/product"}],"about":[{"href":"https:\/\/www.erboristerie.com\/it\/wp-json\/wp\/v2\/types\/product"}],"wp:featuredmedia":[{"embeddable":true,"href":"https:\/\/www.erboristerie.com\/it\/wp-json\/wp\/v2\/media\/132409"}],"wp:attachment":[{"href":"https:\/\/www.erboristerie.com\/it\/wp-json\/wp\/v2\/media?parent=132408"}],"wp:term":[{"taxonomy":"product_brand","embeddable":true,"href":"https:\/\/www.erboristerie.com\/it\/wp-json\/wp\/v2\/product_brand?post=132408"},{"taxonomy":"product_cat","embeddable":true,"href":"https:\/\/www.erboristerie.com\/it\/wp-json\/wp\/v2\/product_cat?post=132408"},{"taxonomy":"product_tag","embeddable":true,"href":"https:\/\/www.erboristerie.com\/it\/wp-json\/wp\/v2\/product_tag?post=132408"},{"taxonomy":"giftcard-category","embeddable":true,"href":"https:\/\/www.erboristerie.com\/it\/wp-json\/wp\/v2\/giftcard-category?post=132408"}],"curies":[{"name":"wp","href":"https:\/\/api.w.org\/{rel}","templated":true}]}}