{"id":132259,"date":"2025-01-01T16:38:28","date_gmt":"2025-01-01T15:38:28","guid":{"rendered":"https:\/\/www.erboristerie.com\/?post_type=product&#038;p=132259"},"modified":"2025-11-19T16:58:54","modified_gmt":"2025-11-19T15:58:54","slug":"totum-multivitaminico-multiminerale-30-compresse-naturando","status":"publish","type":"product","link":"https:\/\/www.erboristerie.com\/it\/prodotto\/totum-multivitaminico-multiminerale-30-compresse-naturando\/","title":{"rendered":"Totum Multivitaminico multiminerale 30 compresse Naturando"},"content":{"rendered":"<p><strong>Totum Multivitaminico multiminerale 30 compresse \u00a0&#8211; Naturando<\/strong><\/p>\n<p>1 sola compressa al giorno,<\/p>\n<p>Tutte le vitamine e i minerali di cui hai bisogno: 13 vitamine e 9 minerali<\/p>\n<p>Riequilibra gli aumentati fabbisogni di sostanze specifiche che possono verificarsi in determinate situazioni fisiologiche<\/p>\n<p><strong>Modo d&#8217;uso<\/strong><\/p>\n<p>Si consiglia l\u2019assunzione di 1 compressa al giorno con un abbondante sorso d\u2019acqua meglio se al mattino.<\/p>\n<p><strong>Componenti funzionali<\/strong><\/p>\n<p><strong>Vitamina A:<\/strong> Chiamata anche retinolo, \u00e8 presente soprattutto negli alimenti di origine animale (come latte e i suoi derivati).<\/p>\n<p><strong>Vitamine del gruppo B:<\/strong> Sono presenti tutte le vitamine del gruppo: B1, B2, B3 (Niacina), B5 (Acido pantotenico), B6, B8 (Biotina), B9 (Acido Folico), B12. Svolgono numerosissime funzioni, tutte differenti nonch\u00e9 essenziali per l\u2019organismo umano.<\/p>\n<p><strong>Vitamina C:<\/strong> Contribuisce a supportare un normale sistema immunitario e a ridurre stanchezza e fatica. Presenta anche azione antiossidante.<\/p>\n<p><strong>Vitamina D3:<\/strong> Nota anche come colecalciferolo, viene prodotta dal nostro corpo in seguito all\u2019esposizione al sole. Contribuisce al mantenimento di ossa e denti sani, alle normali funzioni del sistema immunitario e al normale assorbimento di calcio e fosforo.<\/p>\n<p><strong>Vitamina E:<\/strong> \u00c8 una vitamina liposolubile, cio\u00e8 solubile in grassi o in oli. Ha un\u2019azione antiossidante, protegge le cellule dallo stress ossidativo.<\/p>\n<p><strong>Vitamina K<\/strong>: \u00c8 una vitamina liposolubile che favorisce il mantenimento di ossa sane e contribuisce alla normale coagulazione del sangue.<\/p>\n<p><strong>Calcio<\/strong>: \u00c8 un prezioso minerale, il pi\u00f9 abbondante nell\u2019organismo. Il 99% della sua quantit\u00e0 totale \u00e8 concentrata nelle ossa, dove \u00e8 accumulato sotto forma di carbonato.<\/p>\n<p><strong>Ferro:<\/strong> Ha molteplici funzioni, contribuisce alla formazione dei globuli rossi e dell\u2019emoglobina e al normale trasporto di ossigeno nell\u2019organismo, oltre che alla riduzione della stanchezza e dell\u2019affaticamento.<\/p>\n<p><strong>Magnesio<\/strong>: Il corpo umano contiene oltre 20 g di magnesio, che corrispondono allo 0,34% della massa corporea. Circa il 60-65% del magnesio totale dell\u2019organismo si trova mineralizzato nello scheletro.<\/p>\n<p><strong>Zinco<\/strong>: \u00c8 un minerale presente in piccole quantit\u00e0 nel nostro organismo. Contribuisce alla normale funzione del sistema immunitario.<\/p>\n<p><strong>Rame<\/strong>: \u00c8 un metallo-micronutriente essenziale. Dall\u2019azione antiossidante, ha molteplici funzioni per il nostro organismo.<\/p>\n<p><strong>Manganese<\/strong>: Minerale che esplica diverse funzioni nell\u2019organismo umano: contribuisce al normale metabolismo energetico, al mantenimento di ossa sane e alla formazione di un corretto tessuto connettivo.<\/p>\n<p><strong>Cromo<\/strong>: \u00c8 un minerale prezioso, anche per il suo ruolo nel contribuire al mantenimento di normali livelli di glucosio nel sangue.<\/p>\n<p><strong>Selenio<\/strong>: \u00c8 un oligonutriente che rappresenta un nutriente essenziale, implicato in numerose funzioni biologiche, tra queste le principali sono correlate al suo ruolo di difesa delle cellule dallo stress ossidativo.<\/p>\n<p><strong>Ingredienti<\/strong><\/p>\n<p>Fosfato dicalcico, Agenti di carica: Cellulosa microcristallina, Idrossipropilcellulosa; Magnesio ossido, Ferro gluconato, Vitamina C (Acido L-ascorbico), Zinco gluconato, Vitamina E (Acetato di DL-alfa-tocoferile), Niacina (Nicotinamide), Vitamina A (Palmitato di retinile), Manganese pidolato, L-selenometionina, Rame gluconato, Acido Pantotenico (D-pantotenato, calcio), Vitamina D3 (Colecalciferolo), Vitamina B6 (Cloridrato di piridossina), Vitamina B12 (Cianocobalamina), Vitamina B2 (Riboflavina), Vitamina B1 (Cloridrato di tiamina), Cromo picolinato, Vitamina K (Fitomenadione), Acido folico (Acido pteroil-monoglutammico), Biotina (D-biotina), Agenti antiagglomeranti: Sali di magnesio degli acidi grassi, Biossido di silicio.<\/p>\n<p><strong>Senza Glutine<\/strong><\/p>\n","protected":false},"excerpt":{"rendered":"<p>Totum Multivitaminico multiminerale 30 compresse \u00a0&#8211; Naturando 1 sola compressa al giorno, Tutte le vitamine e i minerali di cui hai bisogno: 13 vitamine e 9 minerali Riequilibra gli aumentati fabbisogni di sostanze specifiche che possono verificarsi in determinate situazioni fisiologiche Modo d&#8217;uso Si consiglia&#8230;<\/p>\n","protected":false},"featured_media":132260,"template":"","meta":{"_acf_changed":false},"product_brand":[49409],"product_cat":[9799],"product_tag":[],"giftcard-category":[],"class_list":{"0":"post-132259","1":"product","2":"type-product","3":"status-publish","4":"has-post-thumbnail","6":"product_brand-naturando","7":"product_cat-vitamine-e-minerali","8":"pa_formato-30-compresse","9":"pa_marca-naturando","10":"pa_tipologia-compresse","12":"first","13":"instock","14":"sale","15":"taxable","16":"shipping-taxable","17":"purchasable","18":"product-type-simple"},"acf":[],"yoast_head":"<!-- This site is optimized with the Yoast SEO plugin v24.9 - https:\/\/yoast.com\/wordpress\/plugins\/seo\/ -->\n<title>Totum Multivitaminico multiminerale 30 compresse Naturando - Erboristeria Demetra<\/title>\n<meta name=\"description\" content=\"1 sola compressa al giorno,\u00a0Tutte le vitamine e i minerali di cui hai bisogno: 13 vitamine e 9 mineral. Riequilibra gli aumentati fabbisogni\" \/>\n<meta name=\"robots\" content=\"index, follow, max-snippet:-1, max-image-preview:large, max-video-preview:-1\" \/>\n<link rel=\"canonical\" href=\"https:\/\/www.erboristerie.com\/it\/prodotto\/totum-multivitaminico-multiminerale-30-compresse-naturando\/\" \/>\n<meta property=\"og:locale\" content=\"it_IT\" \/>\n<meta property=\"og:type\" content=\"article\" \/>\n<meta property=\"og:title\" content=\"Totum Multivitaminico multiminerale 30 compresse Naturando - Erboristeria Demetra\" \/>\n<meta property=\"og:description\" content=\"1 sola compressa al giorno,\u00a0Tutte le vitamine e i minerali di cui hai bisogno: 13 vitamine e 9 mineral. Riequilibra gli aumentati fabbisogni\" \/>\n<meta property=\"og:url\" content=\"https:\/\/www.erboristerie.com\/it\/prodotto\/totum-multivitaminico-multiminerale-30-compresse-naturando\/\" \/>\n<meta property=\"og:site_name\" content=\"Erboristeria Demetra\" \/>\n<meta property=\"article:publisher\" content=\"https:\/\/www.facebook.com\/erboristeria.demetra.online\" \/>\n<meta property=\"article:modified_time\" content=\"2025-11-19T15:58:54+00:00\" \/>\n<meta property=\"og:image\" content=\"https:\/\/www.erboristerie.com\/wp-content\/uploads\/2025\/11\/00001296-totum-multivitaminico-multiminerale-30-compresse-naturando-erboristerie-com.jpg\" \/>\n\t<meta property=\"og:image:width\" content=\"900\" \/>\n\t<meta property=\"og:image:height\" content=\"900\" \/>\n\t<meta property=\"og:image:type\" content=\"image\/jpeg\" \/>\n<meta name=\"twitter:card\" content=\"summary_large_image\" \/>\n<meta name=\"twitter:label1\" content=\"Tempo di lettura stimato\" \/>\n\t<meta name=\"twitter:data1\" content=\"3 minuti\" \/>\n<script type=\"application\/ld+json\" class=\"yoast-schema-graph\">{\"@context\":\"https:\/\/schema.org\",\"@graph\":[{\"@type\":\"WebPage\",\"@id\":\"https:\/\/www.erboristerie.com\/it\/prodotto\/totum-multivitaminico-multiminerale-30-compresse-naturando\/\",\"url\":\"https:\/\/www.erboristerie.com\/it\/prodotto\/totum-multivitaminico-multiminerale-30-compresse-naturando\/\",\"name\":\"Totum Multivitaminico multiminerale 30 compresse Naturando - Erboristeria Demetra\",\"isPartOf\":{\"@id\":\"https:\/\/www.erboristerie.com\/it\/#website\"},\"primaryImageOfPage\":{\"@id\":\"https:\/\/www.erboristerie.com\/it\/prodotto\/totum-multivitaminico-multiminerale-30-compresse-naturando\/#primaryimage\"},\"image\":{\"@id\":\"https:\/\/www.erboristerie.com\/it\/prodotto\/totum-multivitaminico-multiminerale-30-compresse-naturando\/#primaryimage\"},\"thumbnailUrl\":\"https:\/\/www.erboristerie.com\/wp-content\/uploads\/2025\/11\/00001296-totum-multivitaminico-multiminerale-30-compresse-naturando-erboristerie-com.jpg\",\"datePublished\":\"2025-01-01T15:38:28+00:00\",\"dateModified\":\"2025-11-19T15:58:54+00:00\",\"description\":\"1 sola compressa al giorno,\u00a0Tutte le vitamine e i minerali di cui hai bisogno: 13 vitamine e 9 mineral. Riequilibra gli aumentati fabbisogni\",\"breadcrumb\":{\"@id\":\"https:\/\/www.erboristerie.com\/it\/prodotto\/totum-multivitaminico-multiminerale-30-compresse-naturando\/#breadcrumb\"},\"inLanguage\":\"it-IT\",\"potentialAction\":[{\"@type\":\"ReadAction\",\"target\":[\"https:\/\/www.erboristerie.com\/it\/prodotto\/totum-multivitaminico-multiminerale-30-compresse-naturando\/\"]}]},{\"@type\":\"ImageObject\",\"inLanguage\":\"it-IT\",\"@id\":\"https:\/\/www.erboristerie.com\/it\/prodotto\/totum-multivitaminico-multiminerale-30-compresse-naturando\/#primaryimage\",\"url\":\"https:\/\/www.erboristerie.com\/wp-content\/uploads\/2025\/11\/00001296-totum-multivitaminico-multiminerale-30-compresse-naturando-erboristerie-com.jpg\",\"contentUrl\":\"https:\/\/www.erboristerie.com\/wp-content\/uploads\/2025\/11\/00001296-totum-multivitaminico-multiminerale-30-compresse-naturando-erboristerie-com.jpg\",\"width\":900,\"height\":900},{\"@type\":\"BreadcrumbList\",\"@id\":\"https:\/\/www.erboristerie.com\/it\/prodotto\/totum-multivitaminico-multiminerale-30-compresse-naturando\/#breadcrumb\",\"itemListElement\":[{\"@type\":\"ListItem\",\"position\":1,\"name\":\"Home\",\"item\":\"https:\/\/www.erboristerie.com\/it\/\"},{\"@type\":\"ListItem\",\"position\":2,\"name\":\"Tutti i prodotti\",\"item\":\"https:\/\/www.erboristerie.com\/it\/tutti-i-prodotti\/\"},{\"@type\":\"ListItem\",\"position\":3,\"name\":\"Totum Multivitaminico multiminerale 30 compresse Naturando\"}]},{\"@type\":\"WebSite\",\"@id\":\"https:\/\/www.erboristerie.com\/it\/#website\",\"url\":\"https:\/\/www.erboristerie.com\/it\/\",\"name\":\"Erboristeria Demetra\",\"description\":\"La tua salute al naturale\",\"publisher\":{\"@id\":\"https:\/\/www.erboristerie.com\/it\/#organization\"},\"potentialAction\":[{\"@type\":\"SearchAction\",\"target\":{\"@type\":\"EntryPoint\",\"urlTemplate\":\"https:\/\/www.erboristerie.com\/it\/?s={search_term_string}\"},\"query-input\":{\"@type\":\"PropertyValueSpecification\",\"valueRequired\":true,\"valueName\":\"search_term_string\"}}],\"inLanguage\":\"it-IT\"},{\"@type\":\"Organization\",\"@id\":\"https:\/\/www.erboristerie.com\/it\/#organization\",\"name\":\"Erboristeria Demetra\",\"url\":\"https:\/\/www.erboristerie.com\/it\/\",\"logo\":{\"@type\":\"ImageObject\",\"inLanguage\":\"it-IT\",\"@id\":\"https:\/\/www.erboristerie.com\/it\/#\/schema\/logo\/image\/\",\"url\":\"https:\/\/www.erboristerie.com\/wp-content\/uploads\/2019\/11\/LOGO_ERBORISTERIA_DEMETRA_original.png?v=1611516981\",\"contentUrl\":\"https:\/\/www.erboristerie.com\/wp-content\/uploads\/2019\/11\/LOGO_ERBORISTERIA_DEMETRA_original.png?v=1611516981\",\"width\":201,\"height\":54,\"caption\":\"Erboristeria Demetra\"},\"image\":{\"@id\":\"https:\/\/www.erboristerie.com\/it\/#\/schema\/logo\/image\/\"},\"sameAs\":[\"https:\/\/www.facebook.com\/erboristeria.demetra.online\"]}]}<\/script>\n<!-- \/ Yoast SEO plugin. -->","yoast_head_json":{"title":"Totum Multivitaminico multiminerale 30 compresse Naturando - Erboristeria Demetra","description":"1 sola compressa al giorno,\u00a0Tutte le vitamine e i minerali di cui hai bisogno: 13 vitamine e 9 mineral. Riequilibra gli aumentati fabbisogni","robots":{"index":"index","follow":"follow","max-snippet":"max-snippet:-1","max-image-preview":"max-image-preview:large","max-video-preview":"max-video-preview:-1"},"canonical":"https:\/\/www.erboristerie.com\/it\/prodotto\/totum-multivitaminico-multiminerale-30-compresse-naturando\/","og_locale":"it_IT","og_type":"article","og_title":"Totum Multivitaminico multiminerale 30 compresse Naturando - Erboristeria Demetra","og_description":"1 sola compressa al giorno,\u00a0Tutte le vitamine e i minerali di cui hai bisogno: 13 vitamine e 9 mineral. Riequilibra gli aumentati fabbisogni","og_url":"https:\/\/www.erboristerie.com\/it\/prodotto\/totum-multivitaminico-multiminerale-30-compresse-naturando\/","og_site_name":"Erboristeria Demetra","article_publisher":"https:\/\/www.facebook.com\/erboristeria.demetra.online","article_modified_time":"2025-11-19T15:58:54+00:00","og_image":[{"width":900,"height":900,"url":"https:\/\/www.erboristerie.com\/wp-content\/uploads\/2025\/11\/00001296-totum-multivitaminico-multiminerale-30-compresse-naturando-erboristerie-com.jpg","type":"image\/jpeg"}],"twitter_card":"summary_large_image","twitter_misc":{"Tempo di lettura stimato":"3 minuti"},"schema":{"@context":"https:\/\/schema.org","@graph":[{"@type":"WebPage","@id":"https:\/\/www.erboristerie.com\/it\/prodotto\/totum-multivitaminico-multiminerale-30-compresse-naturando\/","url":"https:\/\/www.erboristerie.com\/it\/prodotto\/totum-multivitaminico-multiminerale-30-compresse-naturando\/","name":"Totum Multivitaminico multiminerale 30 compresse Naturando - Erboristeria Demetra","isPartOf":{"@id":"https:\/\/www.erboristerie.com\/it\/#website"},"primaryImageOfPage":{"@id":"https:\/\/www.erboristerie.com\/it\/prodotto\/totum-multivitaminico-multiminerale-30-compresse-naturando\/#primaryimage"},"image":{"@id":"https:\/\/www.erboristerie.com\/it\/prodotto\/totum-multivitaminico-multiminerale-30-compresse-naturando\/#primaryimage"},"thumbnailUrl":"https:\/\/www.erboristerie.com\/wp-content\/uploads\/2025\/11\/00001296-totum-multivitaminico-multiminerale-30-compresse-naturando-erboristerie-com.jpg","datePublished":"2025-01-01T15:38:28+00:00","dateModified":"2025-11-19T15:58:54+00:00","description":"1 sola compressa al giorno,\u00a0Tutte le vitamine e i minerali di cui hai bisogno: 13 vitamine e 9 mineral. Riequilibra gli aumentati fabbisogni","breadcrumb":{"@id":"https:\/\/www.erboristerie.com\/it\/prodotto\/totum-multivitaminico-multiminerale-30-compresse-naturando\/#breadcrumb"},"inLanguage":"it-IT","potentialAction":[{"@type":"ReadAction","target":["https:\/\/www.erboristerie.com\/it\/prodotto\/totum-multivitaminico-multiminerale-30-compresse-naturando\/"]}]},{"@type":"ImageObject","inLanguage":"it-IT","@id":"https:\/\/www.erboristerie.com\/it\/prodotto\/totum-multivitaminico-multiminerale-30-compresse-naturando\/#primaryimage","url":"https:\/\/www.erboristerie.com\/wp-content\/uploads\/2025\/11\/00001296-totum-multivitaminico-multiminerale-30-compresse-naturando-erboristerie-com.jpg","contentUrl":"https:\/\/www.erboristerie.com\/wp-content\/uploads\/2025\/11\/00001296-totum-multivitaminico-multiminerale-30-compresse-naturando-erboristerie-com.jpg","width":900,"height":900},{"@type":"BreadcrumbList","@id":"https:\/\/www.erboristerie.com\/it\/prodotto\/totum-multivitaminico-multiminerale-30-compresse-naturando\/#breadcrumb","itemListElement":[{"@type":"ListItem","position":1,"name":"Home","item":"https:\/\/www.erboristerie.com\/it\/"},{"@type":"ListItem","position":2,"name":"Tutti i prodotti","item":"https:\/\/www.erboristerie.com\/it\/tutti-i-prodotti\/"},{"@type":"ListItem","position":3,"name":"Totum Multivitaminico multiminerale 30 compresse Naturando"}]},{"@type":"WebSite","@id":"https:\/\/www.erboristerie.com\/it\/#website","url":"https:\/\/www.erboristerie.com\/it\/","name":"Erboristeria Demetra","description":"La tua salute al naturale","publisher":{"@id":"https:\/\/www.erboristerie.com\/it\/#organization"},"potentialAction":[{"@type":"SearchAction","target":{"@type":"EntryPoint","urlTemplate":"https:\/\/www.erboristerie.com\/it\/?s={search_term_string}"},"query-input":{"@type":"PropertyValueSpecification","valueRequired":true,"valueName":"search_term_string"}}],"inLanguage":"it-IT"},{"@type":"Organization","@id":"https:\/\/www.erboristerie.com\/it\/#organization","name":"Erboristeria Demetra","url":"https:\/\/www.erboristerie.com\/it\/","logo":{"@type":"ImageObject","inLanguage":"it-IT","@id":"https:\/\/www.erboristerie.com\/it\/#\/schema\/logo\/image\/","url":"https:\/\/www.erboristerie.com\/wp-content\/uploads\/2019\/11\/LOGO_ERBORISTERIA_DEMETRA_original.png?v=1611516981","contentUrl":"https:\/\/www.erboristerie.com\/wp-content\/uploads\/2019\/11\/LOGO_ERBORISTERIA_DEMETRA_original.png?v=1611516981","width":201,"height":54,"caption":"Erboristeria Demetra"},"image":{"@id":"https:\/\/www.erboristerie.com\/it\/#\/schema\/logo\/image\/"},"sameAs":["https:\/\/www.facebook.com\/erboristeria.demetra.online"]}]}},"_links":{"self":[{"href":"https:\/\/www.erboristerie.com\/it\/wp-json\/wp\/v2\/product\/132259","targetHints":{"allow":["GET"]}}],"collection":[{"href":"https:\/\/www.erboristerie.com\/it\/wp-json\/wp\/v2\/product"}],"about":[{"href":"https:\/\/www.erboristerie.com\/it\/wp-json\/wp\/v2\/types\/product"}],"wp:featuredmedia":[{"embeddable":true,"href":"https:\/\/www.erboristerie.com\/it\/wp-json\/wp\/v2\/media\/132260"}],"wp:attachment":[{"href":"https:\/\/www.erboristerie.com\/it\/wp-json\/wp\/v2\/media?parent=132259"}],"wp:term":[{"taxonomy":"product_brand","embeddable":true,"href":"https:\/\/www.erboristerie.com\/it\/wp-json\/wp\/v2\/product_brand?post=132259"},{"taxonomy":"product_cat","embeddable":true,"href":"https:\/\/www.erboristerie.com\/it\/wp-json\/wp\/v2\/product_cat?post=132259"},{"taxonomy":"product_tag","embeddable":true,"href":"https:\/\/www.erboristerie.com\/it\/wp-json\/wp\/v2\/product_tag?post=132259"},{"taxonomy":"giftcard-category","embeddable":true,"href":"https:\/\/www.erboristerie.com\/it\/wp-json\/wp\/v2\/giftcard-category?post=132259"}],"curies":[{"name":"wp","href":"https:\/\/api.w.org\/{rel}","templated":true}]}}