{"id":132205,"date":"2025-11-17T15:36:19","date_gmt":"2025-11-17T14:36:19","guid":{"rendered":"https:\/\/www.erboristerie.com\/?post_type=product&#038;p=132205"},"modified":"2025-11-17T16:33:11","modified_gmt":"2025-11-17T15:33:11","slug":"merenda-nel-bosco-infuso-goloso-con-lamponi-e-mirtilli-in-filtroscrigno-neavita","status":"publish","type":"product","link":"https:\/\/www.erboristerie.com\/it\/prodotto\/merenda-nel-bosco-infuso-goloso-con-lamponi-e-mirtilli-in-filtroscrigno-neavita\/","title":{"rendered":"Merenda nel bosco Infuso goloso con Lamponi e Mirtilli in filtroscrigno Neavita Kids"},"content":{"rendered":"<p><strong>Merenda nel bosco Infuso goloso con Lamponi e Mirtilli in 10 filtroscrigno &#8211; Neavita Kids<\/strong><\/p>\n<p>Ideale per trasformare la pausa di tutti i giorni in un momento goloso e speciale. I suoi profumi avvolgenti e il sapore fruttato trasformano ogni tazza in una piccola coccola di benessere e bont\u00e0: una merenda naturale e allegra che sa di bosco incantato e che conquista ad ogni sorso.<\/p>\n<p><strong>Per merenda<\/strong><\/p>\n<p>Questa tisana dolce e fruttata si abbina perfettamente a una merenda sana e golosa per i pi\u00f9 piccoli.<\/p>\n<p>Provala con una fetta di pane integrale spalmata con crema di mandorle o nocciole 100%.<\/p>\n<p>Ottima anche insieme a un piatto di frutta fresca o uno yogurt con miele e semi.<\/p>\n<p>Accompagnare la tisana a una merenda sana e bilanciata \u00e8 fondamentale per mantenere stabili i livelli di energia, evitando picchi glicemici e cali di concentrazione, aiuta a sostenere il corpo fino all\u2019ora di cena, rispettando il ritmo naturale della digestione.<\/p>\n<p><strong>Consiglio pratico<\/strong><\/p>\n<p>Tisana perfetta da bere in ogni momento della giornata, ma in particolare per merenda perch\u00e9 \u00e8 ricca di frutta. Perfetta da mettere nella borraccia da portare con s\u00e9!<\/p>\n<p><strong>Ingredienti<\/strong><\/p>\n<p>Pezzi di mela, foglie di lemongrass, fiori di ibisco, foglie di rovo dolce, foglie di stevia, aroma naturale, bacche di mirtillo rosso, pezzi di lampone, aroma naturale di lime.<\/p>\n<p><strong>Preparazione<\/strong><\/p>\n<p>Ti consigliamo di lasciare in infusione 1 FiltroScrigno in acqua bollente (150 ml) per 8-10 minuti. Lasciala intiepidire prima di offrirla al tuo bambino.<\/p>\n<p><strong>Contenuto<\/strong><\/p>\n<p>10 Filtroscrigno da 2,3 g ciascuno<\/p>\n<p><strong>Cos&#8217;\u00e8 un filtroscrigno?<\/strong><\/p>\n<p>Il FiltroScrigno permette di gustare nel modo migliore e con la massima comodit\u00e0 i prodotti Neavita.<\/p>\n<p>Grazie alla sua forma piramidale, il FiltroScrigno pu\u00f2 accogliere perfettamente foglie, piante, fiori e frutti senza romperli o comprometterli conservando l\u2019autentica natura e bont\u00e0 del prodotto sfuso.<\/p>\n<p>Il particolare tessuto biodegradabile, a base di mais, favorisce inoltre il contatto con l\u2019acqua ed evita ogni possibile alterazione dell\u2019infuso.<\/p>\n","protected":false},"excerpt":{"rendered":"<p>Merenda nel bosco Infuso goloso con Lamponi e Mirtilli in 10 filtroscrigno &#8211; Neavita Kids Ideale per trasformare la pausa di tutti i giorni in un momento goloso e speciale. I suoi profumi avvolgenti e il sapore fruttato trasformano ogni tazza in una piccola coccola&#8230;<\/p>\n","protected":false},"featured_media":132208,"template":"","meta":{"_acf_changed":false},"product_brand":[9636],"product_cat":[49559,9735],"product_tag":[],"giftcard-category":[],"class_list":{"0":"post-132205","1":"product","2":"type-product","3":"status-publish","4":"has-post-thumbnail","6":"product_brand-neavita","7":"product_cat-infusi-tisane-in-filtri","8":"product_cat-bambini","9":"pa_formato-10-filtri","10":"pa_linea-infusi-in-filtri","11":"pa_linea-kids","12":"pa_marca-neavita","13":"pa_tipologia-filtri","15":"first","16":"instock","17":"taxable","18":"shipping-taxable","19":"purchasable","20":"product-type-simple"},"acf":[],"yoast_head":"<!-- This site is optimized with the Yoast SEO plugin v24.9 - https:\/\/yoast.com\/wordpress\/plugins\/seo\/ -->\n<title>Merenda nel bosco Infuso goloso con Lamponi e Mirtilli in filtroscrigno Neavita Kids - Erboristeria Demetra<\/title>\n<meta name=\"description\" content=\"I suoi profumi avvolgenti e il sapore fruttato trasformano ogni tazza in una piccola coccola di benessere e bont\u00e0: una merenda naturale e allegra\" \/>\n<meta name=\"robots\" content=\"index, follow, max-snippet:-1, max-image-preview:large, max-video-preview:-1\" \/>\n<link rel=\"canonical\" href=\"https:\/\/www.erboristerie.com\/it\/prodotto\/merenda-nel-bosco-infuso-goloso-con-lamponi-e-mirtilli-in-filtroscrigno-neavita\/\" \/>\n<meta property=\"og:locale\" content=\"it_IT\" \/>\n<meta property=\"og:type\" content=\"article\" \/>\n<meta property=\"og:title\" content=\"Merenda nel bosco Infuso goloso con Lamponi e Mirtilli in filtroscrigno Neavita Kids - Erboristeria Demetra\" \/>\n<meta property=\"og:description\" content=\"I suoi profumi avvolgenti e il sapore fruttato trasformano ogni tazza in una piccola coccola di benessere e bont\u00e0: una merenda naturale e allegra\" \/>\n<meta property=\"og:url\" content=\"https:\/\/www.erboristerie.com\/it\/prodotto\/merenda-nel-bosco-infuso-goloso-con-lamponi-e-mirtilli-in-filtroscrigno-neavita\/\" \/>\n<meta property=\"og:site_name\" content=\"Erboristeria Demetra\" \/>\n<meta property=\"article:publisher\" content=\"https:\/\/www.facebook.com\/erboristeria.demetra.online\" \/>\n<meta property=\"article:modified_time\" content=\"2025-11-17T15:33:11+00:00\" \/>\n<meta property=\"og:image\" content=\"https:\/\/www.erboristerie.com\/wp-content\/uploads\/2025\/11\/00004212-merenda-nel-bosco-infuso-goloso-con-lamponi-e-mirtilli-filtroscrigno-neavita-erboristerie-com.jpg\" \/>\n\t<meta property=\"og:image:width\" content=\"1000\" \/>\n\t<meta property=\"og:image:height\" content=\"1000\" \/>\n\t<meta property=\"og:image:type\" content=\"image\/jpeg\" \/>\n<meta name=\"twitter:card\" content=\"summary_large_image\" \/>\n<meta name=\"twitter:label1\" content=\"Tempo di lettura stimato\" \/>\n\t<meta name=\"twitter:data1\" content=\"2 minuti\" \/>\n<script type=\"application\/ld+json\" class=\"yoast-schema-graph\">{\"@context\":\"https:\/\/schema.org\",\"@graph\":[{\"@type\":\"WebPage\",\"@id\":\"https:\/\/www.erboristerie.com\/it\/prodotto\/merenda-nel-bosco-infuso-goloso-con-lamponi-e-mirtilli-in-filtroscrigno-neavita\/\",\"url\":\"https:\/\/www.erboristerie.com\/it\/prodotto\/merenda-nel-bosco-infuso-goloso-con-lamponi-e-mirtilli-in-filtroscrigno-neavita\/\",\"name\":\"Merenda nel bosco Infuso goloso con Lamponi e Mirtilli in filtroscrigno Neavita Kids - Erboristeria Demetra\",\"isPartOf\":{\"@id\":\"https:\/\/www.erboristerie.com\/it\/#website\"},\"primaryImageOfPage\":{\"@id\":\"https:\/\/www.erboristerie.com\/it\/prodotto\/merenda-nel-bosco-infuso-goloso-con-lamponi-e-mirtilli-in-filtroscrigno-neavita\/#primaryimage\"},\"image\":{\"@id\":\"https:\/\/www.erboristerie.com\/it\/prodotto\/merenda-nel-bosco-infuso-goloso-con-lamponi-e-mirtilli-in-filtroscrigno-neavita\/#primaryimage\"},\"thumbnailUrl\":\"https:\/\/www.erboristerie.com\/wp-content\/uploads\/2025\/11\/00004212-merenda-nel-bosco-infuso-goloso-con-lamponi-e-mirtilli-filtroscrigno-neavita-erboristerie-com.jpg\",\"datePublished\":\"2025-11-17T14:36:19+00:00\",\"dateModified\":\"2025-11-17T15:33:11+00:00\",\"description\":\"I suoi profumi avvolgenti e il sapore fruttato trasformano ogni tazza in una piccola coccola di benessere e bont\u00e0: una merenda naturale e allegra\",\"breadcrumb\":{\"@id\":\"https:\/\/www.erboristerie.com\/it\/prodotto\/merenda-nel-bosco-infuso-goloso-con-lamponi-e-mirtilli-in-filtroscrigno-neavita\/#breadcrumb\"},\"inLanguage\":\"it-IT\",\"potentialAction\":[{\"@type\":\"ReadAction\",\"target\":[\"https:\/\/www.erboristerie.com\/it\/prodotto\/merenda-nel-bosco-infuso-goloso-con-lamponi-e-mirtilli-in-filtroscrigno-neavita\/\"]}]},{\"@type\":\"ImageObject\",\"inLanguage\":\"it-IT\",\"@id\":\"https:\/\/www.erboristerie.com\/it\/prodotto\/merenda-nel-bosco-infuso-goloso-con-lamponi-e-mirtilli-in-filtroscrigno-neavita\/#primaryimage\",\"url\":\"https:\/\/www.erboristerie.com\/wp-content\/uploads\/2025\/11\/00004212-merenda-nel-bosco-infuso-goloso-con-lamponi-e-mirtilli-filtroscrigno-neavita-erboristerie-com.jpg\",\"contentUrl\":\"https:\/\/www.erboristerie.com\/wp-content\/uploads\/2025\/11\/00004212-merenda-nel-bosco-infuso-goloso-con-lamponi-e-mirtilli-filtroscrigno-neavita-erboristerie-com.jpg\",\"width\":1000,\"height\":1000},{\"@type\":\"BreadcrumbList\",\"@id\":\"https:\/\/www.erboristerie.com\/it\/prodotto\/merenda-nel-bosco-infuso-goloso-con-lamponi-e-mirtilli-in-filtroscrigno-neavita\/#breadcrumb\",\"itemListElement\":[{\"@type\":\"ListItem\",\"position\":1,\"name\":\"Home\",\"item\":\"https:\/\/www.erboristerie.com\/it\/\"},{\"@type\":\"ListItem\",\"position\":2,\"name\":\"Tutti i prodotti\",\"item\":\"https:\/\/www.erboristerie.com\/it\/tutti-i-prodotti\/\"},{\"@type\":\"ListItem\",\"position\":3,\"name\":\"Merenda nel bosco Infuso goloso con Lamponi e Mirtilli in filtroscrigno Neavita Kids\"}]},{\"@type\":\"WebSite\",\"@id\":\"https:\/\/www.erboristerie.com\/it\/#website\",\"url\":\"https:\/\/www.erboristerie.com\/it\/\",\"name\":\"Erboristeria Demetra\",\"description\":\"La tua salute al naturale\",\"publisher\":{\"@id\":\"https:\/\/www.erboristerie.com\/it\/#organization\"},\"potentialAction\":[{\"@type\":\"SearchAction\",\"target\":{\"@type\":\"EntryPoint\",\"urlTemplate\":\"https:\/\/www.erboristerie.com\/it\/?s={search_term_string}\"},\"query-input\":{\"@type\":\"PropertyValueSpecification\",\"valueRequired\":true,\"valueName\":\"search_term_string\"}}],\"inLanguage\":\"it-IT\"},{\"@type\":\"Organization\",\"@id\":\"https:\/\/www.erboristerie.com\/it\/#organization\",\"name\":\"Erboristeria Demetra\",\"url\":\"https:\/\/www.erboristerie.com\/it\/\",\"logo\":{\"@type\":\"ImageObject\",\"inLanguage\":\"it-IT\",\"@id\":\"https:\/\/www.erboristerie.com\/it\/#\/schema\/logo\/image\/\",\"url\":\"https:\/\/www.erboristerie.com\/wp-content\/uploads\/2019\/11\/LOGO_ERBORISTERIA_DEMETRA_original.png?v=1611516981\",\"contentUrl\":\"https:\/\/www.erboristerie.com\/wp-content\/uploads\/2019\/11\/LOGO_ERBORISTERIA_DEMETRA_original.png?v=1611516981\",\"width\":201,\"height\":54,\"caption\":\"Erboristeria Demetra\"},\"image\":{\"@id\":\"https:\/\/www.erboristerie.com\/it\/#\/schema\/logo\/image\/\"},\"sameAs\":[\"https:\/\/www.facebook.com\/erboristeria.demetra.online\"]}]}<\/script>\n<!-- \/ Yoast SEO plugin. -->","yoast_head_json":{"title":"Merenda nel bosco Infuso goloso con Lamponi e Mirtilli in filtroscrigno Neavita Kids - Erboristeria Demetra","description":"I suoi profumi avvolgenti e il sapore fruttato trasformano ogni tazza in una piccola coccola di benessere e bont\u00e0: una merenda naturale e allegra","robots":{"index":"index","follow":"follow","max-snippet":"max-snippet:-1","max-image-preview":"max-image-preview:large","max-video-preview":"max-video-preview:-1"},"canonical":"https:\/\/www.erboristerie.com\/it\/prodotto\/merenda-nel-bosco-infuso-goloso-con-lamponi-e-mirtilli-in-filtroscrigno-neavita\/","og_locale":"it_IT","og_type":"article","og_title":"Merenda nel bosco Infuso goloso con Lamponi e Mirtilli in filtroscrigno Neavita Kids - Erboristeria Demetra","og_description":"I suoi profumi avvolgenti e il sapore fruttato trasformano ogni tazza in una piccola coccola di benessere e bont\u00e0: una merenda naturale e allegra","og_url":"https:\/\/www.erboristerie.com\/it\/prodotto\/merenda-nel-bosco-infuso-goloso-con-lamponi-e-mirtilli-in-filtroscrigno-neavita\/","og_site_name":"Erboristeria Demetra","article_publisher":"https:\/\/www.facebook.com\/erboristeria.demetra.online","article_modified_time":"2025-11-17T15:33:11+00:00","og_image":[{"width":1000,"height":1000,"url":"https:\/\/www.erboristerie.com\/wp-content\/uploads\/2025\/11\/00004212-merenda-nel-bosco-infuso-goloso-con-lamponi-e-mirtilli-filtroscrigno-neavita-erboristerie-com.jpg","type":"image\/jpeg"}],"twitter_card":"summary_large_image","twitter_misc":{"Tempo di lettura stimato":"2 minuti"},"schema":{"@context":"https:\/\/schema.org","@graph":[{"@type":"WebPage","@id":"https:\/\/www.erboristerie.com\/it\/prodotto\/merenda-nel-bosco-infuso-goloso-con-lamponi-e-mirtilli-in-filtroscrigno-neavita\/","url":"https:\/\/www.erboristerie.com\/it\/prodotto\/merenda-nel-bosco-infuso-goloso-con-lamponi-e-mirtilli-in-filtroscrigno-neavita\/","name":"Merenda nel bosco Infuso goloso con Lamponi e Mirtilli in filtroscrigno Neavita Kids - Erboristeria Demetra","isPartOf":{"@id":"https:\/\/www.erboristerie.com\/it\/#website"},"primaryImageOfPage":{"@id":"https:\/\/www.erboristerie.com\/it\/prodotto\/merenda-nel-bosco-infuso-goloso-con-lamponi-e-mirtilli-in-filtroscrigno-neavita\/#primaryimage"},"image":{"@id":"https:\/\/www.erboristerie.com\/it\/prodotto\/merenda-nel-bosco-infuso-goloso-con-lamponi-e-mirtilli-in-filtroscrigno-neavita\/#primaryimage"},"thumbnailUrl":"https:\/\/www.erboristerie.com\/wp-content\/uploads\/2025\/11\/00004212-merenda-nel-bosco-infuso-goloso-con-lamponi-e-mirtilli-filtroscrigno-neavita-erboristerie-com.jpg","datePublished":"2025-11-17T14:36:19+00:00","dateModified":"2025-11-17T15:33:11+00:00","description":"I suoi profumi avvolgenti e il sapore fruttato trasformano ogni tazza in una piccola coccola di benessere e bont\u00e0: una merenda naturale e allegra","breadcrumb":{"@id":"https:\/\/www.erboristerie.com\/it\/prodotto\/merenda-nel-bosco-infuso-goloso-con-lamponi-e-mirtilli-in-filtroscrigno-neavita\/#breadcrumb"},"inLanguage":"it-IT","potentialAction":[{"@type":"ReadAction","target":["https:\/\/www.erboristerie.com\/it\/prodotto\/merenda-nel-bosco-infuso-goloso-con-lamponi-e-mirtilli-in-filtroscrigno-neavita\/"]}]},{"@type":"ImageObject","inLanguage":"it-IT","@id":"https:\/\/www.erboristerie.com\/it\/prodotto\/merenda-nel-bosco-infuso-goloso-con-lamponi-e-mirtilli-in-filtroscrigno-neavita\/#primaryimage","url":"https:\/\/www.erboristerie.com\/wp-content\/uploads\/2025\/11\/00004212-merenda-nel-bosco-infuso-goloso-con-lamponi-e-mirtilli-filtroscrigno-neavita-erboristerie-com.jpg","contentUrl":"https:\/\/www.erboristerie.com\/wp-content\/uploads\/2025\/11\/00004212-merenda-nel-bosco-infuso-goloso-con-lamponi-e-mirtilli-filtroscrigno-neavita-erboristerie-com.jpg","width":1000,"height":1000},{"@type":"BreadcrumbList","@id":"https:\/\/www.erboristerie.com\/it\/prodotto\/merenda-nel-bosco-infuso-goloso-con-lamponi-e-mirtilli-in-filtroscrigno-neavita\/#breadcrumb","itemListElement":[{"@type":"ListItem","position":1,"name":"Home","item":"https:\/\/www.erboristerie.com\/it\/"},{"@type":"ListItem","position":2,"name":"Tutti i prodotti","item":"https:\/\/www.erboristerie.com\/it\/tutti-i-prodotti\/"},{"@type":"ListItem","position":3,"name":"Merenda nel bosco Infuso goloso con Lamponi e Mirtilli in filtroscrigno Neavita Kids"}]},{"@type":"WebSite","@id":"https:\/\/www.erboristerie.com\/it\/#website","url":"https:\/\/www.erboristerie.com\/it\/","name":"Erboristeria Demetra","description":"La tua salute al naturale","publisher":{"@id":"https:\/\/www.erboristerie.com\/it\/#organization"},"potentialAction":[{"@type":"SearchAction","target":{"@type":"EntryPoint","urlTemplate":"https:\/\/www.erboristerie.com\/it\/?s={search_term_string}"},"query-input":{"@type":"PropertyValueSpecification","valueRequired":true,"valueName":"search_term_string"}}],"inLanguage":"it-IT"},{"@type":"Organization","@id":"https:\/\/www.erboristerie.com\/it\/#organization","name":"Erboristeria Demetra","url":"https:\/\/www.erboristerie.com\/it\/","logo":{"@type":"ImageObject","inLanguage":"it-IT","@id":"https:\/\/www.erboristerie.com\/it\/#\/schema\/logo\/image\/","url":"https:\/\/www.erboristerie.com\/wp-content\/uploads\/2019\/11\/LOGO_ERBORISTERIA_DEMETRA_original.png?v=1611516981","contentUrl":"https:\/\/www.erboristerie.com\/wp-content\/uploads\/2019\/11\/LOGO_ERBORISTERIA_DEMETRA_original.png?v=1611516981","width":201,"height":54,"caption":"Erboristeria Demetra"},"image":{"@id":"https:\/\/www.erboristerie.com\/it\/#\/schema\/logo\/image\/"},"sameAs":["https:\/\/www.facebook.com\/erboristeria.demetra.online"]}]}},"_links":{"self":[{"href":"https:\/\/www.erboristerie.com\/it\/wp-json\/wp\/v2\/product\/132205","targetHints":{"allow":["GET"]}}],"collection":[{"href":"https:\/\/www.erboristerie.com\/it\/wp-json\/wp\/v2\/product"}],"about":[{"href":"https:\/\/www.erboristerie.com\/it\/wp-json\/wp\/v2\/types\/product"}],"wp:featuredmedia":[{"embeddable":true,"href":"https:\/\/www.erboristerie.com\/it\/wp-json\/wp\/v2\/media\/132208"}],"wp:attachment":[{"href":"https:\/\/www.erboristerie.com\/it\/wp-json\/wp\/v2\/media?parent=132205"}],"wp:term":[{"taxonomy":"product_brand","embeddable":true,"href":"https:\/\/www.erboristerie.com\/it\/wp-json\/wp\/v2\/product_brand?post=132205"},{"taxonomy":"product_cat","embeddable":true,"href":"https:\/\/www.erboristerie.com\/it\/wp-json\/wp\/v2\/product_cat?post=132205"},{"taxonomy":"product_tag","embeddable":true,"href":"https:\/\/www.erboristerie.com\/it\/wp-json\/wp\/v2\/product_tag?post=132205"},{"taxonomy":"giftcard-category","embeddable":true,"href":"https:\/\/www.erboristerie.com\/it\/wp-json\/wp\/v2\/giftcard-category?post=132205"}],"curies":[{"name":"wp","href":"https:\/\/api.w.org\/{rel}","templated":true}]}}