{"id":131794,"date":"2025-10-08T21:12:24","date_gmt":"2025-10-08T19:12:24","guid":{"rendered":"https:\/\/www.erboristerie.com\/?post_type=product&#038;p=131794"},"modified":"2026-02-04T12:04:34","modified_gmt":"2026-02-04T11:04:34","slug":"crema-allarnica-75ml-erbamea","status":"publish","type":"product","link":"https:\/\/www.erboristerie.com\/it\/prodotto\/crema-allarnica-75ml-erbamea\/","title":{"rendered":"Crema all&#8217;Arnica 75ml Erbamea"},"content":{"rendered":"<p><strong>Crema all\u00ec Arnica BIOLOGICA 75ml\u00a0 &#8211; Erbamea<\/strong><\/p>\n<p>Dell\u2019Arnica, la tradizione popolare ha sempre riconosciuto le spiccate capacit\u00e0 di intervento, attribuendole l\u2019appellativo di \u201ctoccasana dei caduti\u201d. Virt\u00f9, riconosciute dalla fitoterapia moderna, ora concentrate nell\u2019impasto piacevole di questa formulazione, pensata perch\u00e9 l\u2019azione su zone limitate del corpo sia tempestiva ed efficace.<\/p>\n<p>Gradevolmente profumata, questa crema si avvale dell\u2019azione combinata degli Estratti biologici di Arnica e di Artiglio del diavolo.<\/p>\n<p>Accanto ad essi lavorano gli oli biologici di Jojoba e semi di Lino, perch\u00e9 stendere il prodotto, massaggiando, risulti facile e piacevole.<\/p>\n<p>Formulata a pH isoepidermico e gradevolmente profumata pu\u00f2 essere applicata, al bisogno, sulla parte interessata del corpo e anche nelle zone pi\u00f9 messe alla prova dopo un\u2019intensa attivit\u00e0 sportiva per effettuare massaggi distensivi.<\/p>\n<p>Questo cosmetico \u00e8 garantito dalla <strong>certificazione Eco Bio Cosmesi<\/strong> ICEA (Istituto Certificazione Etica Ambientale)<\/p>\n<p><strong>Consigli d&#8217;uso<\/strong><\/p>\n<p>Pensata per il trattamento specifico della pelle del corpo, al bisogno si potr\u00e0 fare efficacemente ricorso a questa crema applicandone una noce su zone circoscritte, con leggero massaggio.<\/p>\n<p>La Crema all\u2019Arnica si riveler\u00e0 preziosa anche alla fine di ogni intensa sessione di attivit\u00e0 sportiva, quando le parti pi\u00f9 coinvolte dallo sforzo fisico ne apprezzeranno grandemente le virt\u00f9.<\/p>\n<p><strong>Sostanze funzionali<\/strong><\/p>\n<p>Oli di semi di Lino biologico e Jojoba biologico, Estratto idrosolubile di Artiglio del Diavolo biologico 3%, Estratto liposolubile e idrosolubile di <strong>Arnica biologico 13%<\/strong>, Estratto liposolubile di Iperico biologico, Vitamina E dai semi della Soja<\/p>\n<p><strong>Ingredienti (INCI)<\/strong><\/p>\n<p>aqua (water), helianthus annuus (sunflower) seed oil*, glycerin*, cetearyl olivate, cetearyl alcohol, linum usitatissimum (linseed) seed oil*, simmondsia chinensis (jojoba) seed oil*, sorbitan olivate, arnica montana flower extract*, harpagophytum procumbens root extract*, hypericum perforatum flower extract*, brassica campestris (rapeseed) seed oil*, rosmarinus officinalis (rosemary) leaf extract*, tocopherol, xanthan gum, parfum (fragrance), benzyl alcohol, camphor, citrus aurantium peel oil, lavandula oil\/extract, limonene, linalool, linalyl acetate, pinene, pogostemon cablin oil, turpentine, phenoxyethanol, potassium sorbate, sodium benzoate<br \/>\n*da agricoltura biologica<\/p>\n<p><strong>100% Made in Italy<\/strong><\/p>\n<p><strong>7 Metalli testati<\/strong><\/p>\n<p><strong>Certificato Biologico<\/strong><\/p>\n<p><strong>LAV &#8211; Dalla parte degli animali<\/strong><\/p>\n<p><strong>Dermatologicamente Testato<\/strong><\/p>\n<p><strong>Senza ingredienti di derivazione animale<\/strong><\/p>\n","protected":false},"excerpt":{"rendered":"<p>Crema all\u00ec Arnica BIOLOGICA 75ml\u00a0 &#8211; Erbamea Dell\u2019Arnica, la tradizione popolare ha sempre riconosciuto le spiccate capacit\u00e0 di intervento, attribuendole l\u2019appellativo di \u201ctoccasana dei caduti\u201d. Virt\u00f9, riconosciute dalla fitoterapia moderna, ora concentrate nell\u2019impasto piacevole di questa formulazione, pensata perch\u00e9 l\u2019azione su zone limitate del corpo&#8230;<\/p>\n","protected":false},"featured_media":131792,"template":"","meta":{"_acf_changed":false},"product_brand":[9617],"product_cat":[45041,45096],"product_tag":[],"giftcard-category":[],"class_list":{"0":"post-131794","1":"product","2":"type-product","3":"status-publish","4":"has-post-thumbnail","6":"product_brand-erbamea","7":"product_cat-corpo","8":"product_cat-capelli-e-pelle","9":"pa_formato-75-ml","10":"pa_tipologia-crema","12":"first","13":"instock","14":"sale","15":"taxable","16":"shipping-taxable","17":"purchasable","18":"product-type-simple"},"acf":[],"yoast_head":"<!-- This site is optimized with the Yoast SEO plugin v24.9 - https:\/\/yoast.com\/wordpress\/plugins\/seo\/ -->\n<title>Crema all&#039;Arnica 75ml Erbamea - Erboristeria Demetra<\/title>\n<meta name=\"description\" content=\"A pH isoepidermico pu\u00f2 essere applicata anche nelle zone pi\u00f9 messe alla prova dopo un\u2019intensa attivit\u00e0 sportiva per effettuare massaggi distensivi.\" \/>\n<meta name=\"robots\" content=\"index, follow, max-snippet:-1, max-image-preview:large, max-video-preview:-1\" \/>\n<link rel=\"canonical\" href=\"https:\/\/www.erboristerie.com\/it\/prodotto\/crema-allarnica-75ml-erbamea\/\" \/>\n<meta property=\"og:locale\" content=\"it_IT\" \/>\n<meta property=\"og:type\" content=\"article\" \/>\n<meta property=\"og:title\" content=\"Crema all&#039;Arnica 75ml Erbamea - Erboristeria Demetra\" \/>\n<meta property=\"og:description\" content=\"A pH isoepidermico pu\u00f2 essere applicata anche nelle zone pi\u00f9 messe alla prova dopo un\u2019intensa attivit\u00e0 sportiva per effettuare massaggi distensivi.\" \/>\n<meta property=\"og:url\" content=\"https:\/\/www.erboristerie.com\/it\/prodotto\/crema-allarnica-75ml-erbamea\/\" \/>\n<meta property=\"og:site_name\" content=\"Erboristeria Demetra\" \/>\n<meta property=\"article:publisher\" content=\"https:\/\/www.facebook.com\/erboristeria.demetra.online\" \/>\n<meta property=\"article:modified_time\" content=\"2026-02-04T11:04:34+00:00\" \/>\n<meta property=\"og:image\" content=\"https:\/\/www.erboristerie.com\/wp-content\/uploads\/2025\/10\/00007373-crema-arnica-bio-75-ml-erbamea-erboristerie-com.jpg\" \/>\n\t<meta property=\"og:image:width\" content=\"1000\" \/>\n\t<meta property=\"og:image:height\" content=\"1000\" \/>\n\t<meta property=\"og:image:type\" content=\"image\/jpeg\" \/>\n<meta name=\"twitter:card\" content=\"summary_large_image\" \/>\n<meta name=\"twitter:label1\" content=\"Tempo di lettura stimato\" \/>\n\t<meta name=\"twitter:data1\" content=\"2 minuti\" \/>\n<script type=\"application\/ld+json\" class=\"yoast-schema-graph\">{\"@context\":\"https:\/\/schema.org\",\"@graph\":[{\"@type\":\"WebPage\",\"@id\":\"https:\/\/www.erboristerie.com\/it\/prodotto\/crema-allarnica-75ml-erbamea\/\",\"url\":\"https:\/\/www.erboristerie.com\/it\/prodotto\/crema-allarnica-75ml-erbamea\/\",\"name\":\"Crema all'Arnica 75ml Erbamea - Erboristeria Demetra\",\"isPartOf\":{\"@id\":\"https:\/\/www.erboristerie.com\/it\/#website\"},\"primaryImageOfPage\":{\"@id\":\"https:\/\/www.erboristerie.com\/it\/prodotto\/crema-allarnica-75ml-erbamea\/#primaryimage\"},\"image\":{\"@id\":\"https:\/\/www.erboristerie.com\/it\/prodotto\/crema-allarnica-75ml-erbamea\/#primaryimage\"},\"thumbnailUrl\":\"https:\/\/www.erboristerie.com\/wp-content\/uploads\/2025\/10\/00007373-crema-arnica-bio-75-ml-erbamea-erboristerie-com.jpg\",\"datePublished\":\"2025-10-08T19:12:24+00:00\",\"dateModified\":\"2026-02-04T11:04:34+00:00\",\"description\":\"A pH isoepidermico pu\u00f2 essere applicata anche nelle zone pi\u00f9 messe alla prova dopo un\u2019intensa attivit\u00e0 sportiva per effettuare massaggi distensivi.\",\"breadcrumb\":{\"@id\":\"https:\/\/www.erboristerie.com\/it\/prodotto\/crema-allarnica-75ml-erbamea\/#breadcrumb\"},\"inLanguage\":\"it-IT\",\"potentialAction\":[{\"@type\":\"ReadAction\",\"target\":[\"https:\/\/www.erboristerie.com\/it\/prodotto\/crema-allarnica-75ml-erbamea\/\"]}]},{\"@type\":\"ImageObject\",\"inLanguage\":\"it-IT\",\"@id\":\"https:\/\/www.erboristerie.com\/it\/prodotto\/crema-allarnica-75ml-erbamea\/#primaryimage\",\"url\":\"https:\/\/www.erboristerie.com\/wp-content\/uploads\/2025\/10\/00007373-crema-arnica-bio-75-ml-erbamea-erboristerie-com.jpg\",\"contentUrl\":\"https:\/\/www.erboristerie.com\/wp-content\/uploads\/2025\/10\/00007373-crema-arnica-bio-75-ml-erbamea-erboristerie-com.jpg\",\"width\":1000,\"height\":1000},{\"@type\":\"BreadcrumbList\",\"@id\":\"https:\/\/www.erboristerie.com\/it\/prodotto\/crema-allarnica-75ml-erbamea\/#breadcrumb\",\"itemListElement\":[{\"@type\":\"ListItem\",\"position\":1,\"name\":\"Home\",\"item\":\"https:\/\/www.erboristerie.com\/it\/\"},{\"@type\":\"ListItem\",\"position\":2,\"name\":\"Tutti i prodotti\",\"item\":\"https:\/\/www.erboristerie.com\/it\/tutti-i-prodotti\/\"},{\"@type\":\"ListItem\",\"position\":3,\"name\":\"Crema all&#8217;Arnica 75ml Erbamea\"}]},{\"@type\":\"WebSite\",\"@id\":\"https:\/\/www.erboristerie.com\/it\/#website\",\"url\":\"https:\/\/www.erboristerie.com\/it\/\",\"name\":\"Erboristeria Demetra\",\"description\":\"La tua salute al naturale\",\"publisher\":{\"@id\":\"https:\/\/www.erboristerie.com\/it\/#organization\"},\"potentialAction\":[{\"@type\":\"SearchAction\",\"target\":{\"@type\":\"EntryPoint\",\"urlTemplate\":\"https:\/\/www.erboristerie.com\/it\/?s={search_term_string}\"},\"query-input\":{\"@type\":\"PropertyValueSpecification\",\"valueRequired\":true,\"valueName\":\"search_term_string\"}}],\"inLanguage\":\"it-IT\"},{\"@type\":\"Organization\",\"@id\":\"https:\/\/www.erboristerie.com\/it\/#organization\",\"name\":\"Erboristeria Demetra\",\"url\":\"https:\/\/www.erboristerie.com\/it\/\",\"logo\":{\"@type\":\"ImageObject\",\"inLanguage\":\"it-IT\",\"@id\":\"https:\/\/www.erboristerie.com\/it\/#\/schema\/logo\/image\/\",\"url\":\"https:\/\/www.erboristerie.com\/wp-content\/uploads\/2019\/11\/LOGO_ERBORISTERIA_DEMETRA_original.png?v=1611516981\",\"contentUrl\":\"https:\/\/www.erboristerie.com\/wp-content\/uploads\/2019\/11\/LOGO_ERBORISTERIA_DEMETRA_original.png?v=1611516981\",\"width\":201,\"height\":54,\"caption\":\"Erboristeria Demetra\"},\"image\":{\"@id\":\"https:\/\/www.erboristerie.com\/it\/#\/schema\/logo\/image\/\"},\"sameAs\":[\"https:\/\/www.facebook.com\/erboristeria.demetra.online\"]}]}<\/script>\n<!-- \/ Yoast SEO plugin. -->","yoast_head_json":{"title":"Crema all'Arnica 75ml Erbamea - Erboristeria Demetra","description":"A pH isoepidermico pu\u00f2 essere applicata anche nelle zone pi\u00f9 messe alla prova dopo un\u2019intensa attivit\u00e0 sportiva per effettuare massaggi distensivi.","robots":{"index":"index","follow":"follow","max-snippet":"max-snippet:-1","max-image-preview":"max-image-preview:large","max-video-preview":"max-video-preview:-1"},"canonical":"https:\/\/www.erboristerie.com\/it\/prodotto\/crema-allarnica-75ml-erbamea\/","og_locale":"it_IT","og_type":"article","og_title":"Crema all'Arnica 75ml Erbamea - Erboristeria Demetra","og_description":"A pH isoepidermico pu\u00f2 essere applicata anche nelle zone pi\u00f9 messe alla prova dopo un\u2019intensa attivit\u00e0 sportiva per effettuare massaggi distensivi.","og_url":"https:\/\/www.erboristerie.com\/it\/prodotto\/crema-allarnica-75ml-erbamea\/","og_site_name":"Erboristeria Demetra","article_publisher":"https:\/\/www.facebook.com\/erboristeria.demetra.online","article_modified_time":"2026-02-04T11:04:34+00:00","og_image":[{"width":1000,"height":1000,"url":"https:\/\/www.erboristerie.com\/wp-content\/uploads\/2025\/10\/00007373-crema-arnica-bio-75-ml-erbamea-erboristerie-com.jpg","type":"image\/jpeg"}],"twitter_card":"summary_large_image","twitter_misc":{"Tempo di lettura stimato":"2 minuti"},"schema":{"@context":"https:\/\/schema.org","@graph":[{"@type":"WebPage","@id":"https:\/\/www.erboristerie.com\/it\/prodotto\/crema-allarnica-75ml-erbamea\/","url":"https:\/\/www.erboristerie.com\/it\/prodotto\/crema-allarnica-75ml-erbamea\/","name":"Crema all'Arnica 75ml Erbamea - Erboristeria Demetra","isPartOf":{"@id":"https:\/\/www.erboristerie.com\/it\/#website"},"primaryImageOfPage":{"@id":"https:\/\/www.erboristerie.com\/it\/prodotto\/crema-allarnica-75ml-erbamea\/#primaryimage"},"image":{"@id":"https:\/\/www.erboristerie.com\/it\/prodotto\/crema-allarnica-75ml-erbamea\/#primaryimage"},"thumbnailUrl":"https:\/\/www.erboristerie.com\/wp-content\/uploads\/2025\/10\/00007373-crema-arnica-bio-75-ml-erbamea-erboristerie-com.jpg","datePublished":"2025-10-08T19:12:24+00:00","dateModified":"2026-02-04T11:04:34+00:00","description":"A pH isoepidermico pu\u00f2 essere applicata anche nelle zone pi\u00f9 messe alla prova dopo un\u2019intensa attivit\u00e0 sportiva per effettuare massaggi distensivi.","breadcrumb":{"@id":"https:\/\/www.erboristerie.com\/it\/prodotto\/crema-allarnica-75ml-erbamea\/#breadcrumb"},"inLanguage":"it-IT","potentialAction":[{"@type":"ReadAction","target":["https:\/\/www.erboristerie.com\/it\/prodotto\/crema-allarnica-75ml-erbamea\/"]}]},{"@type":"ImageObject","inLanguage":"it-IT","@id":"https:\/\/www.erboristerie.com\/it\/prodotto\/crema-allarnica-75ml-erbamea\/#primaryimage","url":"https:\/\/www.erboristerie.com\/wp-content\/uploads\/2025\/10\/00007373-crema-arnica-bio-75-ml-erbamea-erboristerie-com.jpg","contentUrl":"https:\/\/www.erboristerie.com\/wp-content\/uploads\/2025\/10\/00007373-crema-arnica-bio-75-ml-erbamea-erboristerie-com.jpg","width":1000,"height":1000},{"@type":"BreadcrumbList","@id":"https:\/\/www.erboristerie.com\/it\/prodotto\/crema-allarnica-75ml-erbamea\/#breadcrumb","itemListElement":[{"@type":"ListItem","position":1,"name":"Home","item":"https:\/\/www.erboristerie.com\/it\/"},{"@type":"ListItem","position":2,"name":"Tutti i prodotti","item":"https:\/\/www.erboristerie.com\/it\/tutti-i-prodotti\/"},{"@type":"ListItem","position":3,"name":"Crema all&#8217;Arnica 75ml Erbamea"}]},{"@type":"WebSite","@id":"https:\/\/www.erboristerie.com\/it\/#website","url":"https:\/\/www.erboristerie.com\/it\/","name":"Erboristeria Demetra","description":"La tua salute al naturale","publisher":{"@id":"https:\/\/www.erboristerie.com\/it\/#organization"},"potentialAction":[{"@type":"SearchAction","target":{"@type":"EntryPoint","urlTemplate":"https:\/\/www.erboristerie.com\/it\/?s={search_term_string}"},"query-input":{"@type":"PropertyValueSpecification","valueRequired":true,"valueName":"search_term_string"}}],"inLanguage":"it-IT"},{"@type":"Organization","@id":"https:\/\/www.erboristerie.com\/it\/#organization","name":"Erboristeria Demetra","url":"https:\/\/www.erboristerie.com\/it\/","logo":{"@type":"ImageObject","inLanguage":"it-IT","@id":"https:\/\/www.erboristerie.com\/it\/#\/schema\/logo\/image\/","url":"https:\/\/www.erboristerie.com\/wp-content\/uploads\/2019\/11\/LOGO_ERBORISTERIA_DEMETRA_original.png?v=1611516981","contentUrl":"https:\/\/www.erboristerie.com\/wp-content\/uploads\/2019\/11\/LOGO_ERBORISTERIA_DEMETRA_original.png?v=1611516981","width":201,"height":54,"caption":"Erboristeria Demetra"},"image":{"@id":"https:\/\/www.erboristerie.com\/it\/#\/schema\/logo\/image\/"},"sameAs":["https:\/\/www.facebook.com\/erboristeria.demetra.online"]}]}},"_links":{"self":[{"href":"https:\/\/www.erboristerie.com\/it\/wp-json\/wp\/v2\/product\/131794","targetHints":{"allow":["GET"]}}],"collection":[{"href":"https:\/\/www.erboristerie.com\/it\/wp-json\/wp\/v2\/product"}],"about":[{"href":"https:\/\/www.erboristerie.com\/it\/wp-json\/wp\/v2\/types\/product"}],"wp:featuredmedia":[{"embeddable":true,"href":"https:\/\/www.erboristerie.com\/it\/wp-json\/wp\/v2\/media\/131792"}],"wp:attachment":[{"href":"https:\/\/www.erboristerie.com\/it\/wp-json\/wp\/v2\/media?parent=131794"}],"wp:term":[{"taxonomy":"product_brand","embeddable":true,"href":"https:\/\/www.erboristerie.com\/it\/wp-json\/wp\/v2\/product_brand?post=131794"},{"taxonomy":"product_cat","embeddable":true,"href":"https:\/\/www.erboristerie.com\/it\/wp-json\/wp\/v2\/product_cat?post=131794"},{"taxonomy":"product_tag","embeddable":true,"href":"https:\/\/www.erboristerie.com\/it\/wp-json\/wp\/v2\/product_tag?post=131794"},{"taxonomy":"giftcard-category","embeddable":true,"href":"https:\/\/www.erboristerie.com\/it\/wp-json\/wp\/v2\/giftcard-category?post=131794"}],"curies":[{"name":"wp","href":"https:\/\/api.w.org\/{rel}","templated":true}]}}