{"id":130924,"date":"2025-08-08T09:26:53","date_gmt":"2025-08-08T07:26:53","guid":{"rendered":"https:\/\/www.erboristerie.com\/?post_type=product&#038;p=130924"},"modified":"2025-09-25T12:13:10","modified_gmt":"2025-09-25T10:13:10","slug":"spirulina-marcus-rohrer-90-compresse-in-busta-richiudibile-protettiva","status":"publish","type":"product","link":"https:\/\/www.erboristerie.com\/it\/prodotto\/spirulina-marcus-rohrer-90-compresse-in-busta-richiudibile-protettiva\/","title":{"rendered":"Spirulina Marcus Rohrer\u00ae 90 compresse in busta richiudibile protettiva"},"content":{"rendered":"<p><strong>Spirulina Marcus Rohrer\u00ae 180 compresse &#8211; Marcus Roher<\/strong><\/p>\n<p>Confezionata in busta richiudibile protettiva<\/p>\n<p><strong>Pi\u00f9 ricca fonte di energia naturale<\/strong><\/p>\n<p>La Spirulina \u00e8 una delle pi\u00f9 ricche fonti di energia naturale al mondo.<\/p>\n<p>Questa alga, dalla caratteristica forma a spirale, \u00e8 colma di sostanze nutritive vitali , come vitamine e minerali, clorofilla, enzimi e antiossidanti.<\/p>\n<p>Un\u2019enorme quantit\u00e0 di energia solare. In pratica, tutto ci\u00f2 di cui si ha bisogno per un corpo sano ed una vita vigorosa!<\/p>\n<p><strong>La migliore qualit\u00e0<\/strong><\/p>\n<p>La Spirulina Marcus Rohrer\u00ae \u00e8 fatta con le alghe Spirulina delle Hawaii della migliore qualit\u00e0.<\/p>\n<p>Per proteggere al meglio le sue preziose sostanze nutritive e l\u2019energia solare che contiene, la Spirulina di Marcus Rohrer \u00e8 confezionata solo nell\u2019esclusivo vetro VioSol\u00ae-glas.<\/p>\n<p>In questo modo la Spirulina conserva la sua forza naturale e resta fresca pi\u00f9 a lungo. Una garanzia di qualit\u00e0 e efficacia ottimali!<\/p>\n<p><strong>Ricaricati!<\/strong><br \/>\nLa Spirulina di Marcus Rohrer\u00ae favorisce la depurazione interna, aumenta la resistenza e d\u00e0 pi\u00f9 energia.<\/p>\n<p>Ideale in caso di spossatezza, per rimettersi dopo una malattia, in caso di grandi sforzi per migliori prestazioni sul lavoro, nello sport e nello studio.<\/p>\n<p><strong>Consigli d&#8217;uso<\/strong><\/p>\n<ul>\n<li>Adulti: 6-10 compresse al giorno<\/li>\n<li>Bambini: 1-3 compresse al giorno<\/li>\n<\/ul>\n<p><strong>Ingredienti<\/strong><\/p>\n<p>Spirulina Platensis Hawaiana<\/p>\n<p>La <strong>Spirulina Marcus Rohrer\u00ae<\/strong> \u00e8 priva di zuccheri, sale, amido, latte e derivati del latte, glutine, lievito, soia, coloranti e aromi artificiali, OGM.<\/p>\n<p>Adatta a vegetariani e vegani.<\/p>\n","protected":false},"excerpt":{"rendered":"<p>Spirulina Marcus Rohrer\u00ae 180 compresse &#8211; Marcus Roher Confezionata in busta richiudibile protettiva Pi\u00f9 ricca fonte di energia naturale La Spirulina \u00e8 una delle pi\u00f9 ricche fonti di energia naturale al mondo. Questa alga, dalla caratteristica forma a spirale, \u00e8 colma di sostanze nutritive vitali&#8230;<\/p>\n","protected":false},"featured_media":130925,"template":"","meta":{"_acf_changed":false},"product_brand":[9625],"product_cat":[45113,49558],"product_tag":[10868,12273,18547],"giftcard-category":[],"class_list":{"0":"post-130924","1":"product","2":"type-product","3":"status-publish","4":"has-post-thumbnail","6":"product_brand-giuriati-group","7":"product_cat-spirulina","8":"product_cat-sport","9":"product_tag-cp","10":"product_tag-marcus","11":"product_tag-spirulina","12":"pa_formato-90-compresse","13":"pa_linea-spirulina-marcus-rohrer","14":"pa_marca-marcus-rohrer","15":"pa_tipologia-compresse","17":"first","18":"instock","19":"sale","20":"taxable","21":"shipping-taxable","22":"purchasable","23":"product-type-simple"},"acf":[],"yoast_head":"<!-- This site is optimized with the Yoast SEO plugin v24.9 - https:\/\/yoast.com\/wordpress\/plugins\/seo\/ -->\n<title>Spirulina Marcus Rohrer\u00ae 90 compresse in busta richiudibile protettiva - Erboristeria Demetra<\/title>\n<meta name=\"description\" content=\"La Spirulina \u00e8 una delle pi\u00f9 ricche fonti di energia naturale al mondo. E&#039; colma di sostanze quali vitamine e minerali, clorofilla, enzimi e antiossidanti.\" \/>\n<meta name=\"robots\" content=\"index, follow, max-snippet:-1, max-image-preview:large, max-video-preview:-1\" \/>\n<link rel=\"canonical\" href=\"https:\/\/www.erboristerie.com\/it\/prodotto\/spirulina-marcus-rohrer-90-compresse-in-busta-richiudibile-protettiva\/\" \/>\n<meta property=\"og:locale\" content=\"it_IT\" \/>\n<meta property=\"og:type\" content=\"article\" \/>\n<meta property=\"og:title\" content=\"Spirulina Marcus Rohrer\u00ae 90 compresse in busta richiudibile protettiva - Erboristeria Demetra\" \/>\n<meta property=\"og:description\" content=\"La Spirulina \u00e8 una delle pi\u00f9 ricche fonti di energia naturale al mondo. E&#039; colma di sostanze quali vitamine e minerali, clorofilla, enzimi e antiossidanti.\" \/>\n<meta property=\"og:url\" content=\"https:\/\/www.erboristerie.com\/it\/prodotto\/spirulina-marcus-rohrer-90-compresse-in-busta-richiudibile-protettiva\/\" \/>\n<meta property=\"og:site_name\" content=\"Erboristeria Demetra\" \/>\n<meta property=\"article:publisher\" content=\"https:\/\/www.facebook.com\/erboristeria.demetra.online\" \/>\n<meta property=\"article:modified_time\" content=\"2025-09-25T10:13:10+00:00\" \/>\n<meta property=\"og:image\" content=\"https:\/\/www.erboristerie.com\/wp-content\/uploads\/2025\/08\/00002232-spirulina-marcus-roher-90-compresse-erboristerie-com.jpg\" \/>\n\t<meta property=\"og:image:width\" content=\"900\" \/>\n\t<meta property=\"og:image:height\" content=\"900\" \/>\n\t<meta property=\"og:image:type\" content=\"image\/jpeg\" \/>\n<meta name=\"twitter:card\" content=\"summary_large_image\" \/>\n<meta name=\"twitter:label1\" content=\"Tempo di lettura stimato\" \/>\n\t<meta name=\"twitter:data1\" content=\"2 minuti\" \/>\n<script type=\"application\/ld+json\" class=\"yoast-schema-graph\">{\"@context\":\"https:\/\/schema.org\",\"@graph\":[{\"@type\":\"WebPage\",\"@id\":\"https:\/\/www.erboristerie.com\/it\/prodotto\/spirulina-marcus-rohrer-90-compresse-in-busta-richiudibile-protettiva\/\",\"url\":\"https:\/\/www.erboristerie.com\/it\/prodotto\/spirulina-marcus-rohrer-90-compresse-in-busta-richiudibile-protettiva\/\",\"name\":\"Spirulina Marcus Rohrer\u00ae 90 compresse in busta richiudibile protettiva - Erboristeria Demetra\",\"isPartOf\":{\"@id\":\"https:\/\/www.erboristerie.com\/it\/#website\"},\"primaryImageOfPage\":{\"@id\":\"https:\/\/www.erboristerie.com\/it\/prodotto\/spirulina-marcus-rohrer-90-compresse-in-busta-richiudibile-protettiva\/#primaryimage\"},\"image\":{\"@id\":\"https:\/\/www.erboristerie.com\/it\/prodotto\/spirulina-marcus-rohrer-90-compresse-in-busta-richiudibile-protettiva\/#primaryimage\"},\"thumbnailUrl\":\"https:\/\/www.erboristerie.com\/wp-content\/uploads\/2025\/08\/00002232-spirulina-marcus-roher-90-compresse-erboristerie-com.jpg\",\"datePublished\":\"2025-08-08T07:26:53+00:00\",\"dateModified\":\"2025-09-25T10:13:10+00:00\",\"description\":\"La Spirulina \u00e8 una delle pi\u00f9 ricche fonti di energia naturale al mondo. E' colma di sostanze quali vitamine e minerali, clorofilla, enzimi e antiossidanti.\",\"breadcrumb\":{\"@id\":\"https:\/\/www.erboristerie.com\/it\/prodotto\/spirulina-marcus-rohrer-90-compresse-in-busta-richiudibile-protettiva\/#breadcrumb\"},\"inLanguage\":\"it-IT\",\"potentialAction\":[{\"@type\":\"ReadAction\",\"target\":[\"https:\/\/www.erboristerie.com\/it\/prodotto\/spirulina-marcus-rohrer-90-compresse-in-busta-richiudibile-protettiva\/\"]}]},{\"@type\":\"ImageObject\",\"inLanguage\":\"it-IT\",\"@id\":\"https:\/\/www.erboristerie.com\/it\/prodotto\/spirulina-marcus-rohrer-90-compresse-in-busta-richiudibile-protettiva\/#primaryimage\",\"url\":\"https:\/\/www.erboristerie.com\/wp-content\/uploads\/2025\/08\/00002232-spirulina-marcus-roher-90-compresse-erboristerie-com.jpg\",\"contentUrl\":\"https:\/\/www.erboristerie.com\/wp-content\/uploads\/2025\/08\/00002232-spirulina-marcus-roher-90-compresse-erboristerie-com.jpg\",\"width\":900,\"height\":900},{\"@type\":\"BreadcrumbList\",\"@id\":\"https:\/\/www.erboristerie.com\/it\/prodotto\/spirulina-marcus-rohrer-90-compresse-in-busta-richiudibile-protettiva\/#breadcrumb\",\"itemListElement\":[{\"@type\":\"ListItem\",\"position\":1,\"name\":\"Home\",\"item\":\"https:\/\/www.erboristerie.com\/it\/\"},{\"@type\":\"ListItem\",\"position\":2,\"name\":\"Tutti i prodotti\",\"item\":\"https:\/\/www.erboristerie.com\/it\/tutti-i-prodotti\/\"},{\"@type\":\"ListItem\",\"position\":3,\"name\":\"Spirulina Marcus Rohrer\u00ae 90 compresse in busta richiudibile protettiva\"}]},{\"@type\":\"WebSite\",\"@id\":\"https:\/\/www.erboristerie.com\/it\/#website\",\"url\":\"https:\/\/www.erboristerie.com\/it\/\",\"name\":\"Erboristeria Demetra\",\"description\":\"La tua salute al naturale\",\"publisher\":{\"@id\":\"https:\/\/www.erboristerie.com\/it\/#organization\"},\"potentialAction\":[{\"@type\":\"SearchAction\",\"target\":{\"@type\":\"EntryPoint\",\"urlTemplate\":\"https:\/\/www.erboristerie.com\/it\/?s={search_term_string}\"},\"query-input\":{\"@type\":\"PropertyValueSpecification\",\"valueRequired\":true,\"valueName\":\"search_term_string\"}}],\"inLanguage\":\"it-IT\"},{\"@type\":\"Organization\",\"@id\":\"https:\/\/www.erboristerie.com\/it\/#organization\",\"name\":\"Erboristeria Demetra\",\"url\":\"https:\/\/www.erboristerie.com\/it\/\",\"logo\":{\"@type\":\"ImageObject\",\"inLanguage\":\"it-IT\",\"@id\":\"https:\/\/www.erboristerie.com\/it\/#\/schema\/logo\/image\/\",\"url\":\"https:\/\/www.erboristerie.com\/wp-content\/uploads\/2019\/11\/LOGO_ERBORISTERIA_DEMETRA_original.png?v=1611516981\",\"contentUrl\":\"https:\/\/www.erboristerie.com\/wp-content\/uploads\/2019\/11\/LOGO_ERBORISTERIA_DEMETRA_original.png?v=1611516981\",\"width\":201,\"height\":54,\"caption\":\"Erboristeria Demetra\"},\"image\":{\"@id\":\"https:\/\/www.erboristerie.com\/it\/#\/schema\/logo\/image\/\"},\"sameAs\":[\"https:\/\/www.facebook.com\/erboristeria.demetra.online\"]}]}<\/script>\n<!-- \/ Yoast SEO plugin. -->","yoast_head_json":{"title":"Spirulina Marcus Rohrer\u00ae 90 compresse in busta richiudibile protettiva - Erboristeria Demetra","description":"La Spirulina \u00e8 una delle pi\u00f9 ricche fonti di energia naturale al mondo. E' colma di sostanze quali vitamine e minerali, clorofilla, enzimi e antiossidanti.","robots":{"index":"index","follow":"follow","max-snippet":"max-snippet:-1","max-image-preview":"max-image-preview:large","max-video-preview":"max-video-preview:-1"},"canonical":"https:\/\/www.erboristerie.com\/it\/prodotto\/spirulina-marcus-rohrer-90-compresse-in-busta-richiudibile-protettiva\/","og_locale":"it_IT","og_type":"article","og_title":"Spirulina Marcus Rohrer\u00ae 90 compresse in busta richiudibile protettiva - Erboristeria Demetra","og_description":"La Spirulina \u00e8 una delle pi\u00f9 ricche fonti di energia naturale al mondo. E' colma di sostanze quali vitamine e minerali, clorofilla, enzimi e antiossidanti.","og_url":"https:\/\/www.erboristerie.com\/it\/prodotto\/spirulina-marcus-rohrer-90-compresse-in-busta-richiudibile-protettiva\/","og_site_name":"Erboristeria Demetra","article_publisher":"https:\/\/www.facebook.com\/erboristeria.demetra.online","article_modified_time":"2025-09-25T10:13:10+00:00","og_image":[{"width":900,"height":900,"url":"https:\/\/www.erboristerie.com\/wp-content\/uploads\/2025\/08\/00002232-spirulina-marcus-roher-90-compresse-erboristerie-com.jpg","type":"image\/jpeg"}],"twitter_card":"summary_large_image","twitter_misc":{"Tempo di lettura stimato":"2 minuti"},"schema":{"@context":"https:\/\/schema.org","@graph":[{"@type":"WebPage","@id":"https:\/\/www.erboristerie.com\/it\/prodotto\/spirulina-marcus-rohrer-90-compresse-in-busta-richiudibile-protettiva\/","url":"https:\/\/www.erboristerie.com\/it\/prodotto\/spirulina-marcus-rohrer-90-compresse-in-busta-richiudibile-protettiva\/","name":"Spirulina Marcus Rohrer\u00ae 90 compresse in busta richiudibile protettiva - Erboristeria Demetra","isPartOf":{"@id":"https:\/\/www.erboristerie.com\/it\/#website"},"primaryImageOfPage":{"@id":"https:\/\/www.erboristerie.com\/it\/prodotto\/spirulina-marcus-rohrer-90-compresse-in-busta-richiudibile-protettiva\/#primaryimage"},"image":{"@id":"https:\/\/www.erboristerie.com\/it\/prodotto\/spirulina-marcus-rohrer-90-compresse-in-busta-richiudibile-protettiva\/#primaryimage"},"thumbnailUrl":"https:\/\/www.erboristerie.com\/wp-content\/uploads\/2025\/08\/00002232-spirulina-marcus-roher-90-compresse-erboristerie-com.jpg","datePublished":"2025-08-08T07:26:53+00:00","dateModified":"2025-09-25T10:13:10+00:00","description":"La Spirulina \u00e8 una delle pi\u00f9 ricche fonti di energia naturale al mondo. E' colma di sostanze quali vitamine e minerali, clorofilla, enzimi e antiossidanti.","breadcrumb":{"@id":"https:\/\/www.erboristerie.com\/it\/prodotto\/spirulina-marcus-rohrer-90-compresse-in-busta-richiudibile-protettiva\/#breadcrumb"},"inLanguage":"it-IT","potentialAction":[{"@type":"ReadAction","target":["https:\/\/www.erboristerie.com\/it\/prodotto\/spirulina-marcus-rohrer-90-compresse-in-busta-richiudibile-protettiva\/"]}]},{"@type":"ImageObject","inLanguage":"it-IT","@id":"https:\/\/www.erboristerie.com\/it\/prodotto\/spirulina-marcus-rohrer-90-compresse-in-busta-richiudibile-protettiva\/#primaryimage","url":"https:\/\/www.erboristerie.com\/wp-content\/uploads\/2025\/08\/00002232-spirulina-marcus-roher-90-compresse-erboristerie-com.jpg","contentUrl":"https:\/\/www.erboristerie.com\/wp-content\/uploads\/2025\/08\/00002232-spirulina-marcus-roher-90-compresse-erboristerie-com.jpg","width":900,"height":900},{"@type":"BreadcrumbList","@id":"https:\/\/www.erboristerie.com\/it\/prodotto\/spirulina-marcus-rohrer-90-compresse-in-busta-richiudibile-protettiva\/#breadcrumb","itemListElement":[{"@type":"ListItem","position":1,"name":"Home","item":"https:\/\/www.erboristerie.com\/it\/"},{"@type":"ListItem","position":2,"name":"Tutti i prodotti","item":"https:\/\/www.erboristerie.com\/it\/tutti-i-prodotti\/"},{"@type":"ListItem","position":3,"name":"Spirulina Marcus Rohrer\u00ae 90 compresse in busta richiudibile protettiva"}]},{"@type":"WebSite","@id":"https:\/\/www.erboristerie.com\/it\/#website","url":"https:\/\/www.erboristerie.com\/it\/","name":"Erboristeria Demetra","description":"La tua salute al naturale","publisher":{"@id":"https:\/\/www.erboristerie.com\/it\/#organization"},"potentialAction":[{"@type":"SearchAction","target":{"@type":"EntryPoint","urlTemplate":"https:\/\/www.erboristerie.com\/it\/?s={search_term_string}"},"query-input":{"@type":"PropertyValueSpecification","valueRequired":true,"valueName":"search_term_string"}}],"inLanguage":"it-IT"},{"@type":"Organization","@id":"https:\/\/www.erboristerie.com\/it\/#organization","name":"Erboristeria Demetra","url":"https:\/\/www.erboristerie.com\/it\/","logo":{"@type":"ImageObject","inLanguage":"it-IT","@id":"https:\/\/www.erboristerie.com\/it\/#\/schema\/logo\/image\/","url":"https:\/\/www.erboristerie.com\/wp-content\/uploads\/2019\/11\/LOGO_ERBORISTERIA_DEMETRA_original.png?v=1611516981","contentUrl":"https:\/\/www.erboristerie.com\/wp-content\/uploads\/2019\/11\/LOGO_ERBORISTERIA_DEMETRA_original.png?v=1611516981","width":201,"height":54,"caption":"Erboristeria Demetra"},"image":{"@id":"https:\/\/www.erboristerie.com\/it\/#\/schema\/logo\/image\/"},"sameAs":["https:\/\/www.facebook.com\/erboristeria.demetra.online"]}]}},"_links":{"self":[{"href":"https:\/\/www.erboristerie.com\/it\/wp-json\/wp\/v2\/product\/130924","targetHints":{"allow":["GET"]}}],"collection":[{"href":"https:\/\/www.erboristerie.com\/it\/wp-json\/wp\/v2\/product"}],"about":[{"href":"https:\/\/www.erboristerie.com\/it\/wp-json\/wp\/v2\/types\/product"}],"wp:featuredmedia":[{"embeddable":true,"href":"https:\/\/www.erboristerie.com\/it\/wp-json\/wp\/v2\/media\/130925"}],"wp:attachment":[{"href":"https:\/\/www.erboristerie.com\/it\/wp-json\/wp\/v2\/media?parent=130924"}],"wp:term":[{"taxonomy":"product_brand","embeddable":true,"href":"https:\/\/www.erboristerie.com\/it\/wp-json\/wp\/v2\/product_brand?post=130924"},{"taxonomy":"product_cat","embeddable":true,"href":"https:\/\/www.erboristerie.com\/it\/wp-json\/wp\/v2\/product_cat?post=130924"},{"taxonomy":"product_tag","embeddable":true,"href":"https:\/\/www.erboristerie.com\/it\/wp-json\/wp\/v2\/product_tag?post=130924"},{"taxonomy":"giftcard-category","embeddable":true,"href":"https:\/\/www.erboristerie.com\/it\/wp-json\/wp\/v2\/giftcard-category?post=130924"}],"curies":[{"name":"wp","href":"https:\/\/api.w.org\/{rel}","templated":true}]}}