{"id":130312,"date":"2025-06-03T16:07:44","date_gmt":"2025-06-03T14:07:44","guid":{"rendered":"https:\/\/www.erboristerie.com\/?post_type=product&#038;p=130312"},"modified":"2026-04-16T11:31:14","modified_gmt":"2026-04-16T09:31:14","slug":"siero-viso-bifasico-agli-esosomi-di-centella-30ml-natures-tono-ed-elasticita","status":"publish","type":"product","link":"https:\/\/www.erboristerie.com\/it\/prodotto\/siero-viso-bifasico-agli-esosomi-di-centella-30ml-natures-tono-ed-elasticita\/","title":{"rendered":"Siero Viso Bifasico agli Esosomi di Centella 30ml Nature&#8217;s tono ed elasticit\u00e0"},"content":{"rendered":"<p><strong>Siero Viso Bifasico agli Esosomi di Centella 30ml &#8211; Nature&#8217;s<\/strong><\/p>\n<p>Una <strong>texture bifase, non grassa e fluida<\/strong> che si assorbe velocemente e nutre la pelle.<\/p>\n<p>Ideale da solo o in combinazione con la crema \u00e8 un booster di idratazione, tono ed elasticit\u00e0<\/p>\n<p>Gli Acidi della frutta esfoliano delicatamente la pelle del viso, mentre la ricca miscela di oli con un delicato colore rosa nutre in profondit\u00e0.<\/p>\n<p>Arricchito con Acqua d\u2019Uva bio ed esosomi di Centella asiatica, <strong>contiene Acido Ialuronico per migliorare tono, elasticit\u00e0 e luminosit\u00e0<\/strong>.<\/p>\n<p><strong>Modo d&#8217;uso<\/strong><\/p>\n<p>Agitare per miscelare le fasi, applicare qualche goccia e massaggiare, da solo o in combinazione con la crema.<\/p>\n<p><strong>Cosa sono gli Esosomi da Centella?<\/strong><\/p>\n<p>Dalla pianta di Centella si estraggono specifici peptidi biotecnologici, noti come esosomi, che facilitano la comunicazione tra le cellule,<strong> stimolando la produzione di collagene e contribuendo a migliorare l\u2019elasticit\u00e0 e la compattezza della pelle<\/strong>.<\/p>\n<p>Gli esosomi peptidici da Centella asiatica <strong>rappresentano l\u2019avanguardia nei bio-attivi vegetali:<\/strong> vescicole extracellulari che veicolano attivi nei diversi strati della pelle, stimolano la rigenerazione cellulare, rafforzano la barriera cutanea, migliorano l\u2019idratazione e proteggono da inquinamento e stress ossidativo.<\/p>\n<p>ForLongevity \u00e8 <strong>una linea naturale e biotecnologica<\/strong> che agisce sulle connessioni cellulari alla base di una pelle giovane, grazie all\u2019azione antiossidante dell\u2019acqua d\u2019uva bio e all<strong>\u2019effetto stimolante degli esosomi da centella asiatica<\/strong>; non si limita a contrastare i segni del tempo, ma agisce per ridurre lo stress cutaneo, migliorare la qualit\u00e0 della pelle e aumentarne la luminosit\u00e0, riducendo i segni visibili del tempo.<\/p>\n<p>98% ingredienti di origine naturale<br \/>\nIl rimanente degli ingredienti \u00e8 per la sensorialit\u00e0 e la conservazione del prodotto.<br \/>\nCon estratti vegetali e bio<br \/>\nFormula Vegan<\/p>\n<p><strong>NON CONTIENE<\/strong>:<\/p>\n<p>parabeni, paraffina, oli minerali, siliconi, ogm, sls, sles, dea, cessori di formaldeide<br \/>\nTestato su Nickel, Cadmio, Cobalto e Piombo (&lt; 0,0001%)<br \/>\nDermatologicamente testato su pelli sensibili<\/p>\n<p><strong>Attivi principali<\/strong><\/p>\n<p>Potere antiossidante dell\u2019Acqua d\u2019Uva Bio<br \/>\nTecnologia rigenerativa con esosomi peptidici<br \/>\nRivitalizzante e age-control<br \/>\nL\u2019Acqua d\u2019Uva bio \u00e8 un ingrediente cosmetico antiossidante che idrata in profondit\u00e0, protegge la pelle dai radicali liberi, rafforza la barriera cutanea e migliora elasticit\u00e0 e luminosit\u00e0 per un incarnato sano e uniforme.<\/p>\n<p><strong>Ingredienti\/INCI<\/strong><\/p>\n<p>aqua\/water, helianthus annuus seed oil\/helianthus annuus (sunflower) seed oil*, prunus amygdalus dulcis oil\/prunus amygdalus dulcis (sweet almond) oil, argania spinosa kernel oil*, parfum\/fragrance, tartaric acid, pyrus malus fruit extract\/pyrus malus (apple) fruit extract, prunus armeniaca kernel oil\/prunus armeniaca (apricot) kernel oil*, vitis vinifera seed oil\/vitis vinifera (grape) seed oil*, vitis vinifera fruit water \/vitis vinifera (grape) fruit water*, centella asiatica leaf extract, sodium hyaluronate, citrus limon fruit extract\/citrus limon (lemon) fruit extract, hydrolyzed wheat bran, hydrolyzed grape fruit, tocopherol, xanthan gum, alkanna tinctoria root extract, lonicera caprifolium flower extract\/lonicera caprifolium (honeysuckle) flower extract, lonicera japonica flower extract\/lonicera japonica (honeysuckle) flower extract, sodium hydroxide, glycerin, sodium benzoate, citric acid. *da agricoltura biologica\/from organic farming<\/p>\n","protected":false},"excerpt":{"rendered":"<p>Siero Viso Bifasico agli Esosomi di Centella 30ml &#8211; Nature&#8217;s Una texture bifase, non grassa e fluida che si assorbe velocemente e nutre la pelle. Ideale da solo o in combinazione con la crema \u00e8 un booster di idratazione, tono ed elasticit\u00e0 Gli Acidi della&#8230;<\/p>\n","protected":false},"featured_media":130313,"template":"","meta":{"_acf_changed":false},"product_brand":[9650],"product_cat":[45040],"product_tag":[11423,14354,11060,12052,14353],"giftcard-category":[],"class_list":{"0":"post-130312","1":"product","2":"type-product","3":"status-publish","4":"has-post-thumbnail","6":"product_brand-nature-s","7":"product_cat-viso","8":"product_tag-50ml","9":"product_tag-acque","10":"product_tag-maschera","11":"product_tag-purificante","12":"product_tag-unicellulari","13":"pa_formato-30-ml","14":"pa_linea-profumazione-acque-unicellulari","15":"pa_marca-natures","16":"pa_tipologia-siero","18":"first","19":"instock","20":"sale","21":"taxable","22":"shipping-taxable","23":"purchasable","24":"product-type-simple"},"acf":[],"yoast_head":"<!-- This site is optimized with the Yoast SEO plugin v24.9 - https:\/\/yoast.com\/wordpress\/plugins\/seo\/ -->\n<title>Siero Viso Bifasico agli Esosomi di Centella 30ml Nature&#039;s tono ed elasticit\u00e0 - Erboristeria Demetra<\/title>\n<meta name=\"description\" content=\"Gli Esosomi facilitano la comunicazione tra le cellule, stimolando la produzione di collagene e contribuendo a migliorare l\u2019elasticit\u00e0 e la compattezza della pelle\" \/>\n<meta name=\"robots\" content=\"index, follow, max-snippet:-1, max-image-preview:large, max-video-preview:-1\" \/>\n<link rel=\"canonical\" href=\"https:\/\/www.erboristerie.com\/it\/prodotto\/siero-viso-bifasico-agli-esosomi-di-centella-30ml-natures-tono-ed-elasticita\/\" \/>\n<meta property=\"og:locale\" content=\"it_IT\" \/>\n<meta property=\"og:type\" content=\"article\" \/>\n<meta property=\"og:title\" content=\"Siero Viso Bifasico agli Esosomi di Centella 30ml Nature&#039;s tono ed elasticit\u00e0 - Erboristeria Demetra\" \/>\n<meta property=\"og:description\" content=\"Gli Esosomi facilitano la comunicazione tra le cellule, stimolando la produzione di collagene e contribuendo a migliorare l\u2019elasticit\u00e0 e la compattezza della pelle\" \/>\n<meta property=\"og:url\" content=\"https:\/\/www.erboristerie.com\/it\/prodotto\/siero-viso-bifasico-agli-esosomi-di-centella-30ml-natures-tono-ed-elasticita\/\" \/>\n<meta property=\"og:site_name\" content=\"Erboristeria Demetra\" \/>\n<meta property=\"article:publisher\" content=\"https:\/\/www.facebook.com\/erboristeria.demetra.online\" \/>\n<meta property=\"article:modified_time\" content=\"2026-04-16T09:31:14+00:00\" \/>\n<meta property=\"og:image\" content=\"https:\/\/www.erboristerie.com\/wp-content\/uploads\/2025\/06\/00011678-unicellulari-longevity-siero-viso-bifasico-esosomi-150ml-natures-erboristerie-com.jpg\" \/>\n\t<meta property=\"og:image:width\" content=\"900\" \/>\n\t<meta property=\"og:image:height\" content=\"900\" \/>\n\t<meta property=\"og:image:type\" content=\"image\/jpeg\" \/>\n<meta name=\"twitter:card\" content=\"summary_large_image\" \/>\n<meta name=\"twitter:label1\" content=\"Tempo di lettura stimato\" \/>\n\t<meta name=\"twitter:data1\" content=\"3 minuti\" \/>\n<script type=\"application\/ld+json\" class=\"yoast-schema-graph\">{\"@context\":\"https:\/\/schema.org\",\"@graph\":[{\"@type\":\"WebPage\",\"@id\":\"https:\/\/www.erboristerie.com\/it\/prodotto\/siero-viso-bifasico-agli-esosomi-di-centella-30ml-natures-tono-ed-elasticita\/\",\"url\":\"https:\/\/www.erboristerie.com\/it\/prodotto\/siero-viso-bifasico-agli-esosomi-di-centella-30ml-natures-tono-ed-elasticita\/\",\"name\":\"Siero Viso Bifasico agli Esosomi di Centella 30ml Nature's tono ed elasticit\u00e0 - Erboristeria Demetra\",\"isPartOf\":{\"@id\":\"https:\/\/www.erboristerie.com\/it\/#website\"},\"primaryImageOfPage\":{\"@id\":\"https:\/\/www.erboristerie.com\/it\/prodotto\/siero-viso-bifasico-agli-esosomi-di-centella-30ml-natures-tono-ed-elasticita\/#primaryimage\"},\"image\":{\"@id\":\"https:\/\/www.erboristerie.com\/it\/prodotto\/siero-viso-bifasico-agli-esosomi-di-centella-30ml-natures-tono-ed-elasticita\/#primaryimage\"},\"thumbnailUrl\":\"https:\/\/www.erboristerie.com\/wp-content\/uploads\/2025\/06\/00011678-unicellulari-longevity-siero-viso-bifasico-esosomi-150ml-natures-erboristerie-com.jpg\",\"datePublished\":\"2025-06-03T14:07:44+00:00\",\"dateModified\":\"2026-04-16T09:31:14+00:00\",\"description\":\"Gli Esosomi facilitano la comunicazione tra le cellule, stimolando la produzione di collagene e contribuendo a migliorare l\u2019elasticit\u00e0 e la compattezza della pelle\",\"breadcrumb\":{\"@id\":\"https:\/\/www.erboristerie.com\/it\/prodotto\/siero-viso-bifasico-agli-esosomi-di-centella-30ml-natures-tono-ed-elasticita\/#breadcrumb\"},\"inLanguage\":\"it-IT\",\"potentialAction\":[{\"@type\":\"ReadAction\",\"target\":[\"https:\/\/www.erboristerie.com\/it\/prodotto\/siero-viso-bifasico-agli-esosomi-di-centella-30ml-natures-tono-ed-elasticita\/\"]}]},{\"@type\":\"ImageObject\",\"inLanguage\":\"it-IT\",\"@id\":\"https:\/\/www.erboristerie.com\/it\/prodotto\/siero-viso-bifasico-agli-esosomi-di-centella-30ml-natures-tono-ed-elasticita\/#primaryimage\",\"url\":\"https:\/\/www.erboristerie.com\/wp-content\/uploads\/2025\/06\/00011678-unicellulari-longevity-siero-viso-bifasico-esosomi-150ml-natures-erboristerie-com.jpg\",\"contentUrl\":\"https:\/\/www.erboristerie.com\/wp-content\/uploads\/2025\/06\/00011678-unicellulari-longevity-siero-viso-bifasico-esosomi-150ml-natures-erboristerie-com.jpg\",\"width\":900,\"height\":900},{\"@type\":\"BreadcrumbList\",\"@id\":\"https:\/\/www.erboristerie.com\/it\/prodotto\/siero-viso-bifasico-agli-esosomi-di-centella-30ml-natures-tono-ed-elasticita\/#breadcrumb\",\"itemListElement\":[{\"@type\":\"ListItem\",\"position\":1,\"name\":\"Home\",\"item\":\"https:\/\/www.erboristerie.com\/it\/\"},{\"@type\":\"ListItem\",\"position\":2,\"name\":\"Tutti i prodotti\",\"item\":\"https:\/\/www.erboristerie.com\/it\/tutti-i-prodotti\/\"},{\"@type\":\"ListItem\",\"position\":3,\"name\":\"Siero Viso Bifasico agli Esosomi di Centella 30ml Nature&#8217;s tono ed elasticit\u00e0\"}]},{\"@type\":\"WebSite\",\"@id\":\"https:\/\/www.erboristerie.com\/it\/#website\",\"url\":\"https:\/\/www.erboristerie.com\/it\/\",\"name\":\"Erboristeria Demetra\",\"description\":\"La tua salute al naturale\",\"publisher\":{\"@id\":\"https:\/\/www.erboristerie.com\/it\/#organization\"},\"potentialAction\":[{\"@type\":\"SearchAction\",\"target\":{\"@type\":\"EntryPoint\",\"urlTemplate\":\"https:\/\/www.erboristerie.com\/it\/?s={search_term_string}\"},\"query-input\":{\"@type\":\"PropertyValueSpecification\",\"valueRequired\":true,\"valueName\":\"search_term_string\"}}],\"inLanguage\":\"it-IT\"},{\"@type\":\"Organization\",\"@id\":\"https:\/\/www.erboristerie.com\/it\/#organization\",\"name\":\"Erboristeria Demetra\",\"url\":\"https:\/\/www.erboristerie.com\/it\/\",\"logo\":{\"@type\":\"ImageObject\",\"inLanguage\":\"it-IT\",\"@id\":\"https:\/\/www.erboristerie.com\/it\/#\/schema\/logo\/image\/\",\"url\":\"https:\/\/www.erboristerie.com\/wp-content\/uploads\/2019\/11\/LOGO_ERBORISTERIA_DEMETRA_original.png?v=1611516981\",\"contentUrl\":\"https:\/\/www.erboristerie.com\/wp-content\/uploads\/2019\/11\/LOGO_ERBORISTERIA_DEMETRA_original.png?v=1611516981\",\"width\":201,\"height\":54,\"caption\":\"Erboristeria Demetra\"},\"image\":{\"@id\":\"https:\/\/www.erboristerie.com\/it\/#\/schema\/logo\/image\/\"},\"sameAs\":[\"https:\/\/www.facebook.com\/erboristeria.demetra.online\"]}]}<\/script>\n<!-- \/ Yoast SEO plugin. -->","yoast_head_json":{"title":"Siero Viso Bifasico agli Esosomi di Centella 30ml Nature's tono ed elasticit\u00e0 - Erboristeria Demetra","description":"Gli Esosomi facilitano la comunicazione tra le cellule, stimolando la produzione di collagene e contribuendo a migliorare l\u2019elasticit\u00e0 e la compattezza della pelle","robots":{"index":"index","follow":"follow","max-snippet":"max-snippet:-1","max-image-preview":"max-image-preview:large","max-video-preview":"max-video-preview:-1"},"canonical":"https:\/\/www.erboristerie.com\/it\/prodotto\/siero-viso-bifasico-agli-esosomi-di-centella-30ml-natures-tono-ed-elasticita\/","og_locale":"it_IT","og_type":"article","og_title":"Siero Viso Bifasico agli Esosomi di Centella 30ml Nature's tono ed elasticit\u00e0 - Erboristeria Demetra","og_description":"Gli Esosomi facilitano la comunicazione tra le cellule, stimolando la produzione di collagene e contribuendo a migliorare l\u2019elasticit\u00e0 e la compattezza della pelle","og_url":"https:\/\/www.erboristerie.com\/it\/prodotto\/siero-viso-bifasico-agli-esosomi-di-centella-30ml-natures-tono-ed-elasticita\/","og_site_name":"Erboristeria Demetra","article_publisher":"https:\/\/www.facebook.com\/erboristeria.demetra.online","article_modified_time":"2026-04-16T09:31:14+00:00","og_image":[{"width":900,"height":900,"url":"https:\/\/www.erboristerie.com\/wp-content\/uploads\/2025\/06\/00011678-unicellulari-longevity-siero-viso-bifasico-esosomi-150ml-natures-erboristerie-com.jpg","type":"image\/jpeg"}],"twitter_card":"summary_large_image","twitter_misc":{"Tempo di lettura stimato":"3 minuti"},"schema":{"@context":"https:\/\/schema.org","@graph":[{"@type":"WebPage","@id":"https:\/\/www.erboristerie.com\/it\/prodotto\/siero-viso-bifasico-agli-esosomi-di-centella-30ml-natures-tono-ed-elasticita\/","url":"https:\/\/www.erboristerie.com\/it\/prodotto\/siero-viso-bifasico-agli-esosomi-di-centella-30ml-natures-tono-ed-elasticita\/","name":"Siero Viso Bifasico agli Esosomi di Centella 30ml Nature's tono ed elasticit\u00e0 - Erboristeria Demetra","isPartOf":{"@id":"https:\/\/www.erboristerie.com\/it\/#website"},"primaryImageOfPage":{"@id":"https:\/\/www.erboristerie.com\/it\/prodotto\/siero-viso-bifasico-agli-esosomi-di-centella-30ml-natures-tono-ed-elasticita\/#primaryimage"},"image":{"@id":"https:\/\/www.erboristerie.com\/it\/prodotto\/siero-viso-bifasico-agli-esosomi-di-centella-30ml-natures-tono-ed-elasticita\/#primaryimage"},"thumbnailUrl":"https:\/\/www.erboristerie.com\/wp-content\/uploads\/2025\/06\/00011678-unicellulari-longevity-siero-viso-bifasico-esosomi-150ml-natures-erboristerie-com.jpg","datePublished":"2025-06-03T14:07:44+00:00","dateModified":"2026-04-16T09:31:14+00:00","description":"Gli Esosomi facilitano la comunicazione tra le cellule, stimolando la produzione di collagene e contribuendo a migliorare l\u2019elasticit\u00e0 e la compattezza della pelle","breadcrumb":{"@id":"https:\/\/www.erboristerie.com\/it\/prodotto\/siero-viso-bifasico-agli-esosomi-di-centella-30ml-natures-tono-ed-elasticita\/#breadcrumb"},"inLanguage":"it-IT","potentialAction":[{"@type":"ReadAction","target":["https:\/\/www.erboristerie.com\/it\/prodotto\/siero-viso-bifasico-agli-esosomi-di-centella-30ml-natures-tono-ed-elasticita\/"]}]},{"@type":"ImageObject","inLanguage":"it-IT","@id":"https:\/\/www.erboristerie.com\/it\/prodotto\/siero-viso-bifasico-agli-esosomi-di-centella-30ml-natures-tono-ed-elasticita\/#primaryimage","url":"https:\/\/www.erboristerie.com\/wp-content\/uploads\/2025\/06\/00011678-unicellulari-longevity-siero-viso-bifasico-esosomi-150ml-natures-erboristerie-com.jpg","contentUrl":"https:\/\/www.erboristerie.com\/wp-content\/uploads\/2025\/06\/00011678-unicellulari-longevity-siero-viso-bifasico-esosomi-150ml-natures-erboristerie-com.jpg","width":900,"height":900},{"@type":"BreadcrumbList","@id":"https:\/\/www.erboristerie.com\/it\/prodotto\/siero-viso-bifasico-agli-esosomi-di-centella-30ml-natures-tono-ed-elasticita\/#breadcrumb","itemListElement":[{"@type":"ListItem","position":1,"name":"Home","item":"https:\/\/www.erboristerie.com\/it\/"},{"@type":"ListItem","position":2,"name":"Tutti i prodotti","item":"https:\/\/www.erboristerie.com\/it\/tutti-i-prodotti\/"},{"@type":"ListItem","position":3,"name":"Siero Viso Bifasico agli Esosomi di Centella 30ml Nature&#8217;s tono ed elasticit\u00e0"}]},{"@type":"WebSite","@id":"https:\/\/www.erboristerie.com\/it\/#website","url":"https:\/\/www.erboristerie.com\/it\/","name":"Erboristeria Demetra","description":"La tua salute al naturale","publisher":{"@id":"https:\/\/www.erboristerie.com\/it\/#organization"},"potentialAction":[{"@type":"SearchAction","target":{"@type":"EntryPoint","urlTemplate":"https:\/\/www.erboristerie.com\/it\/?s={search_term_string}"},"query-input":{"@type":"PropertyValueSpecification","valueRequired":true,"valueName":"search_term_string"}}],"inLanguage":"it-IT"},{"@type":"Organization","@id":"https:\/\/www.erboristerie.com\/it\/#organization","name":"Erboristeria Demetra","url":"https:\/\/www.erboristerie.com\/it\/","logo":{"@type":"ImageObject","inLanguage":"it-IT","@id":"https:\/\/www.erboristerie.com\/it\/#\/schema\/logo\/image\/","url":"https:\/\/www.erboristerie.com\/wp-content\/uploads\/2019\/11\/LOGO_ERBORISTERIA_DEMETRA_original.png?v=1611516981","contentUrl":"https:\/\/www.erboristerie.com\/wp-content\/uploads\/2019\/11\/LOGO_ERBORISTERIA_DEMETRA_original.png?v=1611516981","width":201,"height":54,"caption":"Erboristeria Demetra"},"image":{"@id":"https:\/\/www.erboristerie.com\/it\/#\/schema\/logo\/image\/"},"sameAs":["https:\/\/www.facebook.com\/erboristeria.demetra.online"]}]}},"_links":{"self":[{"href":"https:\/\/www.erboristerie.com\/it\/wp-json\/wp\/v2\/product\/130312","targetHints":{"allow":["GET"]}}],"collection":[{"href":"https:\/\/www.erboristerie.com\/it\/wp-json\/wp\/v2\/product"}],"about":[{"href":"https:\/\/www.erboristerie.com\/it\/wp-json\/wp\/v2\/types\/product"}],"wp:featuredmedia":[{"embeddable":true,"href":"https:\/\/www.erboristerie.com\/it\/wp-json\/wp\/v2\/media\/130313"}],"wp:attachment":[{"href":"https:\/\/www.erboristerie.com\/it\/wp-json\/wp\/v2\/media?parent=130312"}],"wp:term":[{"taxonomy":"product_brand","embeddable":true,"href":"https:\/\/www.erboristerie.com\/it\/wp-json\/wp\/v2\/product_brand?post=130312"},{"taxonomy":"product_cat","embeddable":true,"href":"https:\/\/www.erboristerie.com\/it\/wp-json\/wp\/v2\/product_cat?post=130312"},{"taxonomy":"product_tag","embeddable":true,"href":"https:\/\/www.erboristerie.com\/it\/wp-json\/wp\/v2\/product_tag?post=130312"},{"taxonomy":"giftcard-category","embeddable":true,"href":"https:\/\/www.erboristerie.com\/it\/wp-json\/wp\/v2\/giftcard-category?post=130312"}],"curies":[{"name":"wp","href":"https:\/\/api.w.org\/{rel}","templated":true}]}}