{"id":130300,"date":"2025-06-03T15:41:23","date_gmt":"2025-06-03T13:41:23","guid":{"rendered":"https:\/\/www.erboristerie.com\/?post_type=product&#038;p=130300"},"modified":"2026-04-16T11:31:14","modified_gmt":"2026-04-16T09:31:14","slug":"crema-viso-giorno-e-notte-agli-esosomi-per-pelli-secche-disidratate-50ml-natures","status":"publish","type":"product","link":"https:\/\/www.erboristerie.com\/it\/prodotto\/crema-viso-giorno-e-notte-agli-esosomi-per-pelli-secche-disidratate-50ml-natures\/","title":{"rendered":"Crema Viso Giorno e Notte agli Esosomi per pelli secche disidratate 50ml Nature&#8217;s"},"content":{"rendered":"<p><strong>Crema Viso Giorno e Notte agli Esosomi per pelli secche disidratate 50ml &#8211; Nature&#8217;s<\/strong><\/p>\n<p>Questa crema \u00a0viso super-nutriente \u00e8 ideale per reidratare e nutrire la pelle secca-molto secca.<\/p>\n<p>Si tratta infatti di una crema viso ricca e nutriente, che si fonde con la pelle del viso in un vero e proprio rituale di bellezza.<\/p>\n<p><strong>Migliora il tono e la compattezza della pelle del viso<\/strong> ed \u00e8 ideale per le pelli disidratate.<\/p>\n<p>Associa all\u2019Acqua d\u2019Uva bio e agli esosomi di Centella asiatica l\u2019azione dell\u2019olio di Rosa Mosqueta, ricco di acidi grassi essenziali e vitamine. Apporta nutrimento e favorisce l\u2019elasticit\u00e0 cutanea e il rinnovamento cellulare.<\/p>\n<p><strong>Modo d&#8217;uso<\/strong><\/p>\n<p>Applicare mattina e sera su viso e collo ben detersi.<\/p>\n<p><strong>Cosa sono gli Esosomi da Centella?<\/strong><\/p>\n<p>Dalla pianta di Centella si estraggono specifici peptidi biotecnologici, noti come esosomi, che facilitano la comunicazione tra le cellule,<strong> stimolando la produzione di collagene e contribuendo a migliorare l\u2019elasticit\u00e0 e la compattezza della pelle<\/strong>.<\/p>\n<p>Gli esosomi peptidici da Centella asiatica <strong>rappresentano l\u2019avanguardia nei bio-attivi vegetali:<\/strong> vescicole extracellulari che veicolano attivi nei diversi strati della pelle, stimolano la rigenerazione cellulare, rafforzano la barriera cutanea, migliorano l\u2019idratazione e proteggono da inquinamento e stress ossidativo.<\/p>\n<p>ForLongevity \u00e8 <strong>una linea naturale e biotecnologica<\/strong> che agisce sulle connessioni cellulari alla base di una pelle giovane, grazie all\u2019azione antiossidante dell\u2019acqua d\u2019uva bio e all<strong>\u2019effetto stimolante degli esosomi da centella asiatica<\/strong>; non si limita a contrastare i segni del tempo, ma agisce per ridurre lo stress cutaneo, migliorare la qualit\u00e0 della pelle e aumentarne la luminosit\u00e0, riducendo i segni visibili del tempo.<\/p>\n<p>97% ingredienti di origine naturale<br \/>\nIl rimanente degli ingredienti \u00e8 per la sensorialit\u00e0 e la conservazione del prodotto.<br \/>\nCon estratti vegetali e bio<br \/>\nFormula Vegan<\/p>\n<p><strong>NON CONTIENE<\/strong>:<\/p>\n<p>parabeni, paraffina, oli minerali, siliconi, ogm, sls, sles, dea, cessori di formaldeide<br \/>\nTestato su Nickel, Cadmio, Cobalto e Piombo (&lt; 0,0001%)<br \/>\nDermatologicamente testato su pelli sensibili<\/p>\n<p><strong>Attivi principali<\/strong><\/p>\n<p>Potere antiossidante dell\u2019Acqua d\u2019Uva Bio<br \/>\nTecnologia rigenerativa con esosomi peptidici<br \/>\nRivitalizzante e age-control<br \/>\nL\u2019Acqua d\u2019Uva bio \u00e8 un ingrediente cosmetico antiossidante che idrata in profondit\u00e0, protegge la pelle dai radicali liberi, rafforza la barriera cutanea e migliora elasticit\u00e0 e luminosit\u00e0 per un incarnato sano e uniforme.<\/p>\n<p><strong>Ingredienti\/INCI<\/strong><\/p>\n<p>aqua\/water, prunus amygdalus dulcis oil\/prunus amygdalus dulcis (sweet almond) oil, glycerin, cetearyl alcohol, helianthus annuus seed oil*\/helianthus annuus (sunflower) seed oil*, macadamia integrifolia seed oil*, coco caprylate\/caprate, glyceryl stearate citrate, argania spinosa kernel oil*, butyrospermum parkii butter*\/butyrospermum parkii (shea) butter*, hydrogenated palm kernel glycerides, parfum\/fragrance, vitis vinifera fruit water*\/vitis vinifera (grape) fruit water*, centella asiatica leaf extract, rosa moschata seed oil, ceramide NP, hydrogenated palm glycerides, olive glycerides, betaine, theobroma cacao seed butter*\/theobroma cacao (cocoa) seed butter*, xanthan gum, glyceryl caprylate, tocopheryl acetate, sodium benzoate, lactic acid, potassium sorbate, citric acid. *da agricoltura biologica\/from organic farming<\/p>\n","protected":false},"excerpt":{"rendered":"<p>Crema Viso Giorno e Notte agli Esosomi per pelli secche disidratate 50ml &#8211; Nature&#8217;s Questa crema \u00a0viso super-nutriente \u00e8 ideale per reidratare e nutrire la pelle secca-molto secca. Si tratta infatti di una crema viso ricca e nutriente, che si fonde con la pelle del&#8230;<\/p>\n","protected":false},"featured_media":130301,"template":"","meta":{"_acf_changed":false},"product_brand":[9650],"product_cat":[45040],"product_tag":[11423,14354,11060,12052,14353],"giftcard-category":[],"class_list":{"0":"post-130300","1":"product","2":"type-product","3":"status-publish","4":"has-post-thumbnail","6":"product_brand-nature-s","7":"product_cat-viso","8":"product_tag-50ml","9":"product_tag-acque","10":"product_tag-maschera","11":"product_tag-purificante","12":"product_tag-unicellulari","13":"pa_formato-50-ml","14":"pa_linea-profumazione-acque-unicellulari","15":"pa_marca-natures","16":"pa_tipologia-crema","18":"first","19":"instock","20":"sale","21":"taxable","22":"shipping-taxable","23":"purchasable","24":"product-type-simple"},"acf":[],"yoast_head":"<!-- This site is optimized with the Yoast SEO plugin v24.9 - https:\/\/yoast.com\/wordpress\/plugins\/seo\/ -->\n<title>Crema Viso Giorno e Notte agli Esosomi per pelli secche disidratate 50ml Nature&#039;s - Erboristeria Demetra<\/title>\n<meta name=\"description\" content=\"Gli Esosomi facilitano la comunicazione tra le cellule, stimolando la produzione di collagene e contribuendo a migliorare l\u2019elasticit\u00e0 e la compattezza della pelle\" \/>\n<meta name=\"robots\" content=\"index, follow, max-snippet:-1, max-image-preview:large, max-video-preview:-1\" \/>\n<link rel=\"canonical\" href=\"https:\/\/www.erboristerie.com\/it\/prodotto\/crema-viso-giorno-e-notte-agli-esosomi-per-pelli-secche-disidratate-50ml-natures\/\" \/>\n<meta property=\"og:locale\" content=\"it_IT\" \/>\n<meta property=\"og:type\" content=\"article\" \/>\n<meta property=\"og:title\" content=\"Crema Viso Giorno e Notte agli Esosomi per pelli secche disidratate 50ml Nature&#039;s - Erboristeria Demetra\" \/>\n<meta property=\"og:description\" content=\"Gli Esosomi facilitano la comunicazione tra le cellule, stimolando la produzione di collagene e contribuendo a migliorare l\u2019elasticit\u00e0 e la compattezza della pelle\" \/>\n<meta property=\"og:url\" content=\"https:\/\/www.erboristerie.com\/it\/prodotto\/crema-viso-giorno-e-notte-agli-esosomi-per-pelli-secche-disidratate-50ml-natures\/\" \/>\n<meta property=\"og:site_name\" content=\"Erboristeria Demetra\" \/>\n<meta property=\"article:publisher\" content=\"https:\/\/www.facebook.com\/erboristeria.demetra.online\" \/>\n<meta property=\"article:modified_time\" content=\"2026-04-16T09:31:14+00:00\" \/>\n<meta property=\"og:image\" content=\"https:\/\/www.erboristerie.com\/wp-content\/uploads\/2025\/06\/00011676-unicellulari-longevity-crema-viso-giorno-e-notte-esosomi-pelle-normale-secca-50ml-SPF15-natures-erboristerie-com.jpg\" \/>\n\t<meta property=\"og:image:width\" content=\"900\" \/>\n\t<meta property=\"og:image:height\" content=\"900\" \/>\n\t<meta property=\"og:image:type\" content=\"image\/jpeg\" \/>\n<meta name=\"twitter:card\" content=\"summary_large_image\" \/>\n<meta name=\"twitter:label1\" content=\"Tempo di lettura stimato\" \/>\n\t<meta name=\"twitter:data1\" content=\"3 minuti\" \/>\n<script type=\"application\/ld+json\" class=\"yoast-schema-graph\">{\"@context\":\"https:\/\/schema.org\",\"@graph\":[{\"@type\":\"WebPage\",\"@id\":\"https:\/\/www.erboristerie.com\/it\/prodotto\/crema-viso-giorno-e-notte-agli-esosomi-per-pelli-secche-disidratate-50ml-natures\/\",\"url\":\"https:\/\/www.erboristerie.com\/it\/prodotto\/crema-viso-giorno-e-notte-agli-esosomi-per-pelli-secche-disidratate-50ml-natures\/\",\"name\":\"Crema Viso Giorno e Notte agli Esosomi per pelli secche disidratate 50ml Nature's - Erboristeria Demetra\",\"isPartOf\":{\"@id\":\"https:\/\/www.erboristerie.com\/it\/#website\"},\"primaryImageOfPage\":{\"@id\":\"https:\/\/www.erboristerie.com\/it\/prodotto\/crema-viso-giorno-e-notte-agli-esosomi-per-pelli-secche-disidratate-50ml-natures\/#primaryimage\"},\"image\":{\"@id\":\"https:\/\/www.erboristerie.com\/it\/prodotto\/crema-viso-giorno-e-notte-agli-esosomi-per-pelli-secche-disidratate-50ml-natures\/#primaryimage\"},\"thumbnailUrl\":\"https:\/\/www.erboristerie.com\/wp-content\/uploads\/2025\/06\/00011676-unicellulari-longevity-crema-viso-giorno-e-notte-esosomi-pelle-normale-secca-50ml-SPF15-natures-erboristerie-com.jpg\",\"datePublished\":\"2025-06-03T13:41:23+00:00\",\"dateModified\":\"2026-04-16T09:31:14+00:00\",\"description\":\"Gli Esosomi facilitano la comunicazione tra le cellule, stimolando la produzione di collagene e contribuendo a migliorare l\u2019elasticit\u00e0 e la compattezza della pelle\",\"breadcrumb\":{\"@id\":\"https:\/\/www.erboristerie.com\/it\/prodotto\/crema-viso-giorno-e-notte-agli-esosomi-per-pelli-secche-disidratate-50ml-natures\/#breadcrumb\"},\"inLanguage\":\"it-IT\",\"potentialAction\":[{\"@type\":\"ReadAction\",\"target\":[\"https:\/\/www.erboristerie.com\/it\/prodotto\/crema-viso-giorno-e-notte-agli-esosomi-per-pelli-secche-disidratate-50ml-natures\/\"]}]},{\"@type\":\"ImageObject\",\"inLanguage\":\"it-IT\",\"@id\":\"https:\/\/www.erboristerie.com\/it\/prodotto\/crema-viso-giorno-e-notte-agli-esosomi-per-pelli-secche-disidratate-50ml-natures\/#primaryimage\",\"url\":\"https:\/\/www.erboristerie.com\/wp-content\/uploads\/2025\/06\/00011676-unicellulari-longevity-crema-viso-giorno-e-notte-esosomi-pelle-normale-secca-50ml-SPF15-natures-erboristerie-com.jpg\",\"contentUrl\":\"https:\/\/www.erboristerie.com\/wp-content\/uploads\/2025\/06\/00011676-unicellulari-longevity-crema-viso-giorno-e-notte-esosomi-pelle-normale-secca-50ml-SPF15-natures-erboristerie-com.jpg\",\"width\":900,\"height\":900},{\"@type\":\"BreadcrumbList\",\"@id\":\"https:\/\/www.erboristerie.com\/it\/prodotto\/crema-viso-giorno-e-notte-agli-esosomi-per-pelli-secche-disidratate-50ml-natures\/#breadcrumb\",\"itemListElement\":[{\"@type\":\"ListItem\",\"position\":1,\"name\":\"Home\",\"item\":\"https:\/\/www.erboristerie.com\/it\/\"},{\"@type\":\"ListItem\",\"position\":2,\"name\":\"Tutti i prodotti\",\"item\":\"https:\/\/www.erboristerie.com\/it\/tutti-i-prodotti\/\"},{\"@type\":\"ListItem\",\"position\":3,\"name\":\"Crema Viso Giorno e Notte agli Esosomi per pelli secche disidratate 50ml Nature&#8217;s\"}]},{\"@type\":\"WebSite\",\"@id\":\"https:\/\/www.erboristerie.com\/it\/#website\",\"url\":\"https:\/\/www.erboristerie.com\/it\/\",\"name\":\"Erboristeria Demetra\",\"description\":\"La tua salute al naturale\",\"publisher\":{\"@id\":\"https:\/\/www.erboristerie.com\/it\/#organization\"},\"potentialAction\":[{\"@type\":\"SearchAction\",\"target\":{\"@type\":\"EntryPoint\",\"urlTemplate\":\"https:\/\/www.erboristerie.com\/it\/?s={search_term_string}\"},\"query-input\":{\"@type\":\"PropertyValueSpecification\",\"valueRequired\":true,\"valueName\":\"search_term_string\"}}],\"inLanguage\":\"it-IT\"},{\"@type\":\"Organization\",\"@id\":\"https:\/\/www.erboristerie.com\/it\/#organization\",\"name\":\"Erboristeria Demetra\",\"url\":\"https:\/\/www.erboristerie.com\/it\/\",\"logo\":{\"@type\":\"ImageObject\",\"inLanguage\":\"it-IT\",\"@id\":\"https:\/\/www.erboristerie.com\/it\/#\/schema\/logo\/image\/\",\"url\":\"https:\/\/www.erboristerie.com\/wp-content\/uploads\/2019\/11\/LOGO_ERBORISTERIA_DEMETRA_original.png?v=1611516981\",\"contentUrl\":\"https:\/\/www.erboristerie.com\/wp-content\/uploads\/2019\/11\/LOGO_ERBORISTERIA_DEMETRA_original.png?v=1611516981\",\"width\":201,\"height\":54,\"caption\":\"Erboristeria Demetra\"},\"image\":{\"@id\":\"https:\/\/www.erboristerie.com\/it\/#\/schema\/logo\/image\/\"},\"sameAs\":[\"https:\/\/www.facebook.com\/erboristeria.demetra.online\"]}]}<\/script>\n<!-- \/ Yoast SEO plugin. -->","yoast_head_json":{"title":"Crema Viso Giorno e Notte agli Esosomi per pelli secche disidratate 50ml Nature's - Erboristeria Demetra","description":"Gli Esosomi facilitano la comunicazione tra le cellule, stimolando la produzione di collagene e contribuendo a migliorare l\u2019elasticit\u00e0 e la compattezza della pelle","robots":{"index":"index","follow":"follow","max-snippet":"max-snippet:-1","max-image-preview":"max-image-preview:large","max-video-preview":"max-video-preview:-1"},"canonical":"https:\/\/www.erboristerie.com\/it\/prodotto\/crema-viso-giorno-e-notte-agli-esosomi-per-pelli-secche-disidratate-50ml-natures\/","og_locale":"it_IT","og_type":"article","og_title":"Crema Viso Giorno e Notte agli Esosomi per pelli secche disidratate 50ml Nature's - Erboristeria Demetra","og_description":"Gli Esosomi facilitano la comunicazione tra le cellule, stimolando la produzione di collagene e contribuendo a migliorare l\u2019elasticit\u00e0 e la compattezza della pelle","og_url":"https:\/\/www.erboristerie.com\/it\/prodotto\/crema-viso-giorno-e-notte-agli-esosomi-per-pelli-secche-disidratate-50ml-natures\/","og_site_name":"Erboristeria Demetra","article_publisher":"https:\/\/www.facebook.com\/erboristeria.demetra.online","article_modified_time":"2026-04-16T09:31:14+00:00","og_image":[{"width":900,"height":900,"url":"https:\/\/www.erboristerie.com\/wp-content\/uploads\/2025\/06\/00011676-unicellulari-longevity-crema-viso-giorno-e-notte-esosomi-pelle-normale-secca-50ml-SPF15-natures-erboristerie-com.jpg","type":"image\/jpeg"}],"twitter_card":"summary_large_image","twitter_misc":{"Tempo di lettura stimato":"3 minuti"},"schema":{"@context":"https:\/\/schema.org","@graph":[{"@type":"WebPage","@id":"https:\/\/www.erboristerie.com\/it\/prodotto\/crema-viso-giorno-e-notte-agli-esosomi-per-pelli-secche-disidratate-50ml-natures\/","url":"https:\/\/www.erboristerie.com\/it\/prodotto\/crema-viso-giorno-e-notte-agli-esosomi-per-pelli-secche-disidratate-50ml-natures\/","name":"Crema Viso Giorno e Notte agli Esosomi per pelli secche disidratate 50ml Nature's - Erboristeria Demetra","isPartOf":{"@id":"https:\/\/www.erboristerie.com\/it\/#website"},"primaryImageOfPage":{"@id":"https:\/\/www.erboristerie.com\/it\/prodotto\/crema-viso-giorno-e-notte-agli-esosomi-per-pelli-secche-disidratate-50ml-natures\/#primaryimage"},"image":{"@id":"https:\/\/www.erboristerie.com\/it\/prodotto\/crema-viso-giorno-e-notte-agli-esosomi-per-pelli-secche-disidratate-50ml-natures\/#primaryimage"},"thumbnailUrl":"https:\/\/www.erboristerie.com\/wp-content\/uploads\/2025\/06\/00011676-unicellulari-longevity-crema-viso-giorno-e-notte-esosomi-pelle-normale-secca-50ml-SPF15-natures-erboristerie-com.jpg","datePublished":"2025-06-03T13:41:23+00:00","dateModified":"2026-04-16T09:31:14+00:00","description":"Gli Esosomi facilitano la comunicazione tra le cellule, stimolando la produzione di collagene e contribuendo a migliorare l\u2019elasticit\u00e0 e la compattezza della pelle","breadcrumb":{"@id":"https:\/\/www.erboristerie.com\/it\/prodotto\/crema-viso-giorno-e-notte-agli-esosomi-per-pelli-secche-disidratate-50ml-natures\/#breadcrumb"},"inLanguage":"it-IT","potentialAction":[{"@type":"ReadAction","target":["https:\/\/www.erboristerie.com\/it\/prodotto\/crema-viso-giorno-e-notte-agli-esosomi-per-pelli-secche-disidratate-50ml-natures\/"]}]},{"@type":"ImageObject","inLanguage":"it-IT","@id":"https:\/\/www.erboristerie.com\/it\/prodotto\/crema-viso-giorno-e-notte-agli-esosomi-per-pelli-secche-disidratate-50ml-natures\/#primaryimage","url":"https:\/\/www.erboristerie.com\/wp-content\/uploads\/2025\/06\/00011676-unicellulari-longevity-crema-viso-giorno-e-notte-esosomi-pelle-normale-secca-50ml-SPF15-natures-erboristerie-com.jpg","contentUrl":"https:\/\/www.erboristerie.com\/wp-content\/uploads\/2025\/06\/00011676-unicellulari-longevity-crema-viso-giorno-e-notte-esosomi-pelle-normale-secca-50ml-SPF15-natures-erboristerie-com.jpg","width":900,"height":900},{"@type":"BreadcrumbList","@id":"https:\/\/www.erboristerie.com\/it\/prodotto\/crema-viso-giorno-e-notte-agli-esosomi-per-pelli-secche-disidratate-50ml-natures\/#breadcrumb","itemListElement":[{"@type":"ListItem","position":1,"name":"Home","item":"https:\/\/www.erboristerie.com\/it\/"},{"@type":"ListItem","position":2,"name":"Tutti i prodotti","item":"https:\/\/www.erboristerie.com\/it\/tutti-i-prodotti\/"},{"@type":"ListItem","position":3,"name":"Crema Viso Giorno e Notte agli Esosomi per pelli secche disidratate 50ml Nature&#8217;s"}]},{"@type":"WebSite","@id":"https:\/\/www.erboristerie.com\/it\/#website","url":"https:\/\/www.erboristerie.com\/it\/","name":"Erboristeria Demetra","description":"La tua salute al naturale","publisher":{"@id":"https:\/\/www.erboristerie.com\/it\/#organization"},"potentialAction":[{"@type":"SearchAction","target":{"@type":"EntryPoint","urlTemplate":"https:\/\/www.erboristerie.com\/it\/?s={search_term_string}"},"query-input":{"@type":"PropertyValueSpecification","valueRequired":true,"valueName":"search_term_string"}}],"inLanguage":"it-IT"},{"@type":"Organization","@id":"https:\/\/www.erboristerie.com\/it\/#organization","name":"Erboristeria Demetra","url":"https:\/\/www.erboristerie.com\/it\/","logo":{"@type":"ImageObject","inLanguage":"it-IT","@id":"https:\/\/www.erboristerie.com\/it\/#\/schema\/logo\/image\/","url":"https:\/\/www.erboristerie.com\/wp-content\/uploads\/2019\/11\/LOGO_ERBORISTERIA_DEMETRA_original.png?v=1611516981","contentUrl":"https:\/\/www.erboristerie.com\/wp-content\/uploads\/2019\/11\/LOGO_ERBORISTERIA_DEMETRA_original.png?v=1611516981","width":201,"height":54,"caption":"Erboristeria Demetra"},"image":{"@id":"https:\/\/www.erboristerie.com\/it\/#\/schema\/logo\/image\/"},"sameAs":["https:\/\/www.facebook.com\/erboristeria.demetra.online"]}]}},"_links":{"self":[{"href":"https:\/\/www.erboristerie.com\/it\/wp-json\/wp\/v2\/product\/130300","targetHints":{"allow":["GET"]}}],"collection":[{"href":"https:\/\/www.erboristerie.com\/it\/wp-json\/wp\/v2\/product"}],"about":[{"href":"https:\/\/www.erboristerie.com\/it\/wp-json\/wp\/v2\/types\/product"}],"wp:featuredmedia":[{"embeddable":true,"href":"https:\/\/www.erboristerie.com\/it\/wp-json\/wp\/v2\/media\/130301"}],"wp:attachment":[{"href":"https:\/\/www.erboristerie.com\/it\/wp-json\/wp\/v2\/media?parent=130300"}],"wp:term":[{"taxonomy":"product_brand","embeddable":true,"href":"https:\/\/www.erboristerie.com\/it\/wp-json\/wp\/v2\/product_brand?post=130300"},{"taxonomy":"product_cat","embeddable":true,"href":"https:\/\/www.erboristerie.com\/it\/wp-json\/wp\/v2\/product_cat?post=130300"},{"taxonomy":"product_tag","embeddable":true,"href":"https:\/\/www.erboristerie.com\/it\/wp-json\/wp\/v2\/product_tag?post=130300"},{"taxonomy":"giftcard-category","embeddable":true,"href":"https:\/\/www.erboristerie.com\/it\/wp-json\/wp\/v2\/giftcard-category?post=130300"}],"curies":[{"name":"wp","href":"https:\/\/api.w.org\/{rel}","templated":true}]}}