{"id":129152,"date":"2025-02-25T19:13:07","date_gmt":"2025-02-25T18:13:07","guid":{"rendered":"https:\/\/www.erboristerie.com\/?post_type=product&#038;p=129152"},"modified":"2025-04-04T09:20:56","modified_gmt":"2025-04-04T07:20:56","slug":"dima-hepa-50-tavolette-solgar-colina-inositolo-e-l-metiotina-per-il-fegato","status":"publish","type":"product","link":"https:\/\/www.erboristerie.com\/it\/prodotto\/dima-hepa-50-tavolette-solgar-colina-inositolo-e-l-metiotina-per-il-fegato\/","title":{"rendered":"Dima Hepa 50 tavolette Solgar. Colina, inositolo e L-metiotina per il fegato"},"content":{"rendered":"<p><strong>Dima Hepa 50 tavolette &#8211; Solgar<\/strong><\/p>\n<p>Colina, inositolo e L-metiotina<\/p>\n<p>Il fegato \u00e8 la ghiandola pi\u00f9 grande del nostro organismo ed \u00e8 responsabile di molteplici funzioni preziose per il nostro organismo.<\/p>\n<p>In particolare interviene nei processi di detossificazione e nello smistamento e nella produzione di grassi.<\/p>\n<p>Tuttavia una dieta squilibrata, non bilanciata ed eccessivamente ricca di grassi saturi, alcolici e un accumulo di tossine possono sovraccaricare il fegato e il metabolismo dei grassi pu\u00f2 incepparsi favorendo l\u2019accumulo di grassi sotto forma di trigliceridi negli epatociti che pu\u00f2 portare ad una condizione di fegato \u201cgrasso\u201d.<\/p>\n<p>La colina contribuisce al mantenimento della normale funzione epatica e al normale metabolismo dei lipidi e dell\u2019omocisteina.<\/p>\n<p>DIMA HEPA \u00e8 un integratore di Colina, Inositolo e L-Metionina.<\/p>\n<p>Utile a coloro che desiderano alleggerirsi dagli eccessi con l\u2019aiuto di un supporto nutrizionale a completamento di uno stile di vita sano.<\/p>\n<p>Certificato KOF-K di Solgar n.K-1250.<\/p>\n<p><strong>Ingredienti<\/strong><\/p>\n<p>Inositolo (myo-inositolo); L-Metionina; Colina (bitartrato di colina); Agenti di carica: Cellulosa microcristallina, Idrossi-propil-cellulosa; Agenti antiagglomeranti: Biossido di silicio, Magnesio stearato vegetale; Addensante: Carbossimetilcellulosa sodica reticolata; Agente di rivestimento: Idrossipropil-metilcelullosa; Umidificante: Glicerolo vegetale; Agente di rivestimento: Cera carnauba.<\/p>\n<p><strong>Modo d&#8217;uso<\/strong><\/p>\n<p>Deglutire 3 tavolette al giorno, con acqua, preferibilmente ai pasti.<\/p>\n<p><strong>Cautele di utilizzo<\/strong><\/p>\n<div class=\"composizione-testo\">\n<p>Non utilizzare in gravidanza e nei bambini, o comunque per periodi prolungati, senza sentire il parere del medico.<\/p>\n<\/div>\n<p><strong>Senza glutine<\/strong><br \/>\n<strong>Senza lattosio<\/strong><br \/>\n<strong>Vegetariano<\/strong><br \/>\n<strong>Vegano<\/strong><\/p>\n","protected":false},"excerpt":{"rendered":"<p>Dima Hepa 50 tavolette &#8211; Solgar Colina, inositolo e L-metiotina Il fegato \u00e8 la ghiandola pi\u00f9 grande del nostro organismo ed \u00e8 responsabile di molteplici funzioni preziose per il nostro organismo. In particolare interviene nei processi di detossificazione e nello smistamento e nella produzione di&#8230;<\/p>\n","protected":false},"featured_media":129155,"template":"","meta":{"_acf_changed":false},"product_brand":[9591],"product_cat":[9747],"product_tag":[],"giftcard-category":[],"class_list":{"0":"post-129152","1":"product","2":"type-product","3":"status-publish","4":"has-post-thumbnail","6":"product_brand-solgar","7":"product_cat-benessere-del-fegato","8":"pa_formato-50-pastiglie","9":"pa_marca-solgar","10":"pa_tipologia-compresse","12":"first","13":"instock","14":"sale","15":"taxable","16":"shipping-taxable","17":"purchasable","18":"product-type-simple"},"acf":[],"yoast_head":"<!-- This site is optimized with the Yoast SEO plugin v24.9 - https:\/\/yoast.com\/wordpress\/plugins\/seo\/ -->\n<title>Dima Hepa 50 tavolette Solgar. Colina, inositolo e L-metiotina per il fegato<\/title>\n<meta name=\"description\" content=\"Il fegato \u00e8 la ghiandola pi\u00f9 grande del nostro organismo ed \u00e8 responsabile di molteplici funzioni preziose per il nostro organismo.\" \/>\n<meta name=\"robots\" content=\"index, follow, max-snippet:-1, max-image-preview:large, max-video-preview:-1\" \/>\n<link rel=\"canonical\" href=\"https:\/\/www.erboristerie.com\/it\/prodotto\/dima-hepa-50-tavolette-solgar-colina-inositolo-e-l-metiotina-per-il-fegato\/\" \/>\n<meta property=\"og:locale\" content=\"it_IT\" \/>\n<meta property=\"og:type\" content=\"article\" \/>\n<meta property=\"og:title\" content=\"Dima Hepa 50 tavolette Solgar. Colina, inositolo e L-metiotina per il fegato\" \/>\n<meta property=\"og:description\" content=\"Il fegato \u00e8 la ghiandola pi\u00f9 grande del nostro organismo ed \u00e8 responsabile di molteplici funzioni preziose per il nostro organismo.\" \/>\n<meta property=\"og:url\" content=\"https:\/\/www.erboristerie.com\/it\/prodotto\/dima-hepa-50-tavolette-solgar-colina-inositolo-e-l-metiotina-per-il-fegato\/\" \/>\n<meta property=\"og:site_name\" content=\"Erboristeria Demetra\" \/>\n<meta property=\"article:publisher\" content=\"https:\/\/www.facebook.com\/erboristeria.demetra.online\" \/>\n<meta property=\"article:modified_time\" content=\"2025-04-04T07:20:56+00:00\" \/>\n<meta property=\"og:image\" content=\"https:\/\/www.erboristerie.com\/wp-content\/uploads\/2025\/02\/00001042-dima-hepa-50-tavolette-solgar-erboristerie-com.jpg\" \/>\n\t<meta property=\"og:image:width\" content=\"800\" \/>\n\t<meta property=\"og:image:height\" content=\"800\" \/>\n\t<meta property=\"og:image:type\" content=\"image\/jpeg\" \/>\n<meta name=\"twitter:card\" content=\"summary_large_image\" \/>\n<meta name=\"twitter:label1\" content=\"Tempo di lettura stimato\" \/>\n\t<meta name=\"twitter:data1\" content=\"2 minuti\" \/>\n<script type=\"application\/ld+json\" class=\"yoast-schema-graph\">{\"@context\":\"https:\/\/schema.org\",\"@graph\":[{\"@type\":\"WebPage\",\"@id\":\"https:\/\/www.erboristerie.com\/it\/prodotto\/dima-hepa-50-tavolette-solgar-colina-inositolo-e-l-metiotina-per-il-fegato\/\",\"url\":\"https:\/\/www.erboristerie.com\/it\/prodotto\/dima-hepa-50-tavolette-solgar-colina-inositolo-e-l-metiotina-per-il-fegato\/\",\"name\":\"Dima Hepa 50 tavolette Solgar. Colina, inositolo e L-metiotina per il fegato\",\"isPartOf\":{\"@id\":\"https:\/\/www.erboristerie.com\/it\/#website\"},\"primaryImageOfPage\":{\"@id\":\"https:\/\/www.erboristerie.com\/it\/prodotto\/dima-hepa-50-tavolette-solgar-colina-inositolo-e-l-metiotina-per-il-fegato\/#primaryimage\"},\"image\":{\"@id\":\"https:\/\/www.erboristerie.com\/it\/prodotto\/dima-hepa-50-tavolette-solgar-colina-inositolo-e-l-metiotina-per-il-fegato\/#primaryimage\"},\"thumbnailUrl\":\"https:\/\/www.erboristerie.com\/wp-content\/uploads\/2025\/02\/00001042-dima-hepa-50-tavolette-solgar-erboristerie-com.jpg\",\"datePublished\":\"2025-02-25T18:13:07+00:00\",\"dateModified\":\"2025-04-04T07:20:56+00:00\",\"description\":\"Il fegato \u00e8 la ghiandola pi\u00f9 grande del nostro organismo ed \u00e8 responsabile di molteplici funzioni preziose per il nostro organismo.\",\"breadcrumb\":{\"@id\":\"https:\/\/www.erboristerie.com\/it\/prodotto\/dima-hepa-50-tavolette-solgar-colina-inositolo-e-l-metiotina-per-il-fegato\/#breadcrumb\"},\"inLanguage\":\"it-IT\",\"potentialAction\":[{\"@type\":\"ReadAction\",\"target\":[\"https:\/\/www.erboristerie.com\/it\/prodotto\/dima-hepa-50-tavolette-solgar-colina-inositolo-e-l-metiotina-per-il-fegato\/\"]}]},{\"@type\":\"ImageObject\",\"inLanguage\":\"it-IT\",\"@id\":\"https:\/\/www.erboristerie.com\/it\/prodotto\/dima-hepa-50-tavolette-solgar-colina-inositolo-e-l-metiotina-per-il-fegato\/#primaryimage\",\"url\":\"https:\/\/www.erboristerie.com\/wp-content\/uploads\/2025\/02\/00001042-dima-hepa-50-tavolette-solgar-erboristerie-com.jpg\",\"contentUrl\":\"https:\/\/www.erboristerie.com\/wp-content\/uploads\/2025\/02\/00001042-dima-hepa-50-tavolette-solgar-erboristerie-com.jpg\",\"width\":800,\"height\":800},{\"@type\":\"BreadcrumbList\",\"@id\":\"https:\/\/www.erboristerie.com\/it\/prodotto\/dima-hepa-50-tavolette-solgar-colina-inositolo-e-l-metiotina-per-il-fegato\/#breadcrumb\",\"itemListElement\":[{\"@type\":\"ListItem\",\"position\":1,\"name\":\"Home\",\"item\":\"https:\/\/www.erboristerie.com\/it\/\"},{\"@type\":\"ListItem\",\"position\":2,\"name\":\"Tutti i prodotti\",\"item\":\"https:\/\/www.erboristerie.com\/it\/tutti-i-prodotti\/\"},{\"@type\":\"ListItem\",\"position\":3,\"name\":\"Dima Hepa 50 tavolette Solgar. Colina, inositolo e L-metiotina per il fegato\"}]},{\"@type\":\"WebSite\",\"@id\":\"https:\/\/www.erboristerie.com\/it\/#website\",\"url\":\"https:\/\/www.erboristerie.com\/it\/\",\"name\":\"Erboristeria Demetra\",\"description\":\"La tua salute al naturale\",\"publisher\":{\"@id\":\"https:\/\/www.erboristerie.com\/it\/#organization\"},\"potentialAction\":[{\"@type\":\"SearchAction\",\"target\":{\"@type\":\"EntryPoint\",\"urlTemplate\":\"https:\/\/www.erboristerie.com\/it\/?s={search_term_string}\"},\"query-input\":{\"@type\":\"PropertyValueSpecification\",\"valueRequired\":true,\"valueName\":\"search_term_string\"}}],\"inLanguage\":\"it-IT\"},{\"@type\":\"Organization\",\"@id\":\"https:\/\/www.erboristerie.com\/it\/#organization\",\"name\":\"Erboristeria Demetra\",\"url\":\"https:\/\/www.erboristerie.com\/it\/\",\"logo\":{\"@type\":\"ImageObject\",\"inLanguage\":\"it-IT\",\"@id\":\"https:\/\/www.erboristerie.com\/it\/#\/schema\/logo\/image\/\",\"url\":\"https:\/\/www.erboristerie.com\/wp-content\/uploads\/2019\/11\/LOGO_ERBORISTERIA_DEMETRA_original.png?v=1611516981\",\"contentUrl\":\"https:\/\/www.erboristerie.com\/wp-content\/uploads\/2019\/11\/LOGO_ERBORISTERIA_DEMETRA_original.png?v=1611516981\",\"width\":201,\"height\":54,\"caption\":\"Erboristeria Demetra\"},\"image\":{\"@id\":\"https:\/\/www.erboristerie.com\/it\/#\/schema\/logo\/image\/\"},\"sameAs\":[\"https:\/\/www.facebook.com\/erboristeria.demetra.online\"]}]}<\/script>\n<!-- \/ Yoast SEO plugin. -->","yoast_head_json":{"title":"Dima Hepa 50 tavolette Solgar. Colina, inositolo e L-metiotina per il fegato","description":"Il fegato \u00e8 la ghiandola pi\u00f9 grande del nostro organismo ed \u00e8 responsabile di molteplici funzioni preziose per il nostro organismo.","robots":{"index":"index","follow":"follow","max-snippet":"max-snippet:-1","max-image-preview":"max-image-preview:large","max-video-preview":"max-video-preview:-1"},"canonical":"https:\/\/www.erboristerie.com\/it\/prodotto\/dima-hepa-50-tavolette-solgar-colina-inositolo-e-l-metiotina-per-il-fegato\/","og_locale":"it_IT","og_type":"article","og_title":"Dima Hepa 50 tavolette Solgar. Colina, inositolo e L-metiotina per il fegato","og_description":"Il fegato \u00e8 la ghiandola pi\u00f9 grande del nostro organismo ed \u00e8 responsabile di molteplici funzioni preziose per il nostro organismo.","og_url":"https:\/\/www.erboristerie.com\/it\/prodotto\/dima-hepa-50-tavolette-solgar-colina-inositolo-e-l-metiotina-per-il-fegato\/","og_site_name":"Erboristeria Demetra","article_publisher":"https:\/\/www.facebook.com\/erboristeria.demetra.online","article_modified_time":"2025-04-04T07:20:56+00:00","og_image":[{"width":800,"height":800,"url":"https:\/\/www.erboristerie.com\/wp-content\/uploads\/2025\/02\/00001042-dima-hepa-50-tavolette-solgar-erboristerie-com.jpg","type":"image\/jpeg"}],"twitter_card":"summary_large_image","twitter_misc":{"Tempo di lettura stimato":"2 minuti"},"schema":{"@context":"https:\/\/schema.org","@graph":[{"@type":"WebPage","@id":"https:\/\/www.erboristerie.com\/it\/prodotto\/dima-hepa-50-tavolette-solgar-colina-inositolo-e-l-metiotina-per-il-fegato\/","url":"https:\/\/www.erboristerie.com\/it\/prodotto\/dima-hepa-50-tavolette-solgar-colina-inositolo-e-l-metiotina-per-il-fegato\/","name":"Dima Hepa 50 tavolette Solgar. Colina, inositolo e L-metiotina per il fegato","isPartOf":{"@id":"https:\/\/www.erboristerie.com\/it\/#website"},"primaryImageOfPage":{"@id":"https:\/\/www.erboristerie.com\/it\/prodotto\/dima-hepa-50-tavolette-solgar-colina-inositolo-e-l-metiotina-per-il-fegato\/#primaryimage"},"image":{"@id":"https:\/\/www.erboristerie.com\/it\/prodotto\/dima-hepa-50-tavolette-solgar-colina-inositolo-e-l-metiotina-per-il-fegato\/#primaryimage"},"thumbnailUrl":"https:\/\/www.erboristerie.com\/wp-content\/uploads\/2025\/02\/00001042-dima-hepa-50-tavolette-solgar-erboristerie-com.jpg","datePublished":"2025-02-25T18:13:07+00:00","dateModified":"2025-04-04T07:20:56+00:00","description":"Il fegato \u00e8 la ghiandola pi\u00f9 grande del nostro organismo ed \u00e8 responsabile di molteplici funzioni preziose per il nostro organismo.","breadcrumb":{"@id":"https:\/\/www.erboristerie.com\/it\/prodotto\/dima-hepa-50-tavolette-solgar-colina-inositolo-e-l-metiotina-per-il-fegato\/#breadcrumb"},"inLanguage":"it-IT","potentialAction":[{"@type":"ReadAction","target":["https:\/\/www.erboristerie.com\/it\/prodotto\/dima-hepa-50-tavolette-solgar-colina-inositolo-e-l-metiotina-per-il-fegato\/"]}]},{"@type":"ImageObject","inLanguage":"it-IT","@id":"https:\/\/www.erboristerie.com\/it\/prodotto\/dima-hepa-50-tavolette-solgar-colina-inositolo-e-l-metiotina-per-il-fegato\/#primaryimage","url":"https:\/\/www.erboristerie.com\/wp-content\/uploads\/2025\/02\/00001042-dima-hepa-50-tavolette-solgar-erboristerie-com.jpg","contentUrl":"https:\/\/www.erboristerie.com\/wp-content\/uploads\/2025\/02\/00001042-dima-hepa-50-tavolette-solgar-erboristerie-com.jpg","width":800,"height":800},{"@type":"BreadcrumbList","@id":"https:\/\/www.erboristerie.com\/it\/prodotto\/dima-hepa-50-tavolette-solgar-colina-inositolo-e-l-metiotina-per-il-fegato\/#breadcrumb","itemListElement":[{"@type":"ListItem","position":1,"name":"Home","item":"https:\/\/www.erboristerie.com\/it\/"},{"@type":"ListItem","position":2,"name":"Tutti i prodotti","item":"https:\/\/www.erboristerie.com\/it\/tutti-i-prodotti\/"},{"@type":"ListItem","position":3,"name":"Dima Hepa 50 tavolette Solgar. Colina, inositolo e L-metiotina per il fegato"}]},{"@type":"WebSite","@id":"https:\/\/www.erboristerie.com\/it\/#website","url":"https:\/\/www.erboristerie.com\/it\/","name":"Erboristeria Demetra","description":"La tua salute al naturale","publisher":{"@id":"https:\/\/www.erboristerie.com\/it\/#organization"},"potentialAction":[{"@type":"SearchAction","target":{"@type":"EntryPoint","urlTemplate":"https:\/\/www.erboristerie.com\/it\/?s={search_term_string}"},"query-input":{"@type":"PropertyValueSpecification","valueRequired":true,"valueName":"search_term_string"}}],"inLanguage":"it-IT"},{"@type":"Organization","@id":"https:\/\/www.erboristerie.com\/it\/#organization","name":"Erboristeria Demetra","url":"https:\/\/www.erboristerie.com\/it\/","logo":{"@type":"ImageObject","inLanguage":"it-IT","@id":"https:\/\/www.erboristerie.com\/it\/#\/schema\/logo\/image\/","url":"https:\/\/www.erboristerie.com\/wp-content\/uploads\/2019\/11\/LOGO_ERBORISTERIA_DEMETRA_original.png?v=1611516981","contentUrl":"https:\/\/www.erboristerie.com\/wp-content\/uploads\/2019\/11\/LOGO_ERBORISTERIA_DEMETRA_original.png?v=1611516981","width":201,"height":54,"caption":"Erboristeria Demetra"},"image":{"@id":"https:\/\/www.erboristerie.com\/it\/#\/schema\/logo\/image\/"},"sameAs":["https:\/\/www.facebook.com\/erboristeria.demetra.online"]}]}},"_links":{"self":[{"href":"https:\/\/www.erboristerie.com\/it\/wp-json\/wp\/v2\/product\/129152","targetHints":{"allow":["GET"]}}],"collection":[{"href":"https:\/\/www.erboristerie.com\/it\/wp-json\/wp\/v2\/product"}],"about":[{"href":"https:\/\/www.erboristerie.com\/it\/wp-json\/wp\/v2\/types\/product"}],"wp:featuredmedia":[{"embeddable":true,"href":"https:\/\/www.erboristerie.com\/it\/wp-json\/wp\/v2\/media\/129155"}],"wp:attachment":[{"href":"https:\/\/www.erboristerie.com\/it\/wp-json\/wp\/v2\/media?parent=129152"}],"wp:term":[{"taxonomy":"product_brand","embeddable":true,"href":"https:\/\/www.erboristerie.com\/it\/wp-json\/wp\/v2\/product_brand?post=129152"},{"taxonomy":"product_cat","embeddable":true,"href":"https:\/\/www.erboristerie.com\/it\/wp-json\/wp\/v2\/product_cat?post=129152"},{"taxonomy":"product_tag","embeddable":true,"href":"https:\/\/www.erboristerie.com\/it\/wp-json\/wp\/v2\/product_tag?post=129152"},{"taxonomy":"giftcard-category","embeddable":true,"href":"https:\/\/www.erboristerie.com\/it\/wp-json\/wp\/v2\/giftcard-category?post=129152"}],"curies":[{"name":"wp","href":"https:\/\/api.w.org\/{rel}","templated":true}]}}