{"id":128894,"date":"2025-02-12T15:26:26","date_gmt":"2025-02-12T14:26:26","guid":{"rendered":"https:\/\/www.erboristerie.com\/?post_type=product&#038;p=128894"},"modified":"2025-11-13T18:19:38","modified_gmt":"2025-11-13T17:19:38","slug":"fosfatidilserina-60-capsule-vegetali-pana-herb-funzioni-cognitive-e-memoria","status":"publish","type":"product","link":"https:\/\/www.erboristerie.com\/it\/prodotto\/fosfatidilserina-60-capsule-vegetali-pana-herb-funzioni-cognitive-e-memoria\/","title":{"rendered":"Fosfatidilserina 60 capsule vegetali Pana Herb &#8211; funzioni cognitive e memoria"},"content":{"rendered":"<p><strong>Fosfatidilserina 60 capsule vegetali Pana Herb<\/strong><\/p>\n<p>La Fosfatidilserina Panaherb \u00e8 un integratore in capsule formulato per supportare le funzioni cognitive e la memoria.<\/p>\n<p>Questo fosfolipide, naturalmente presente nelle membrane cellulari, \u00e8 fondamentale per il benessere del sistema nervoso e contribuisce a mantenere attive le capacit\u00e0 mentali, soprattutto in periodi di stress o affaticamento.<\/p>\n<p>Grazie alle sue propriet\u00e0, la Fosfatidilserina \u00e8 particolarmente indicata per favorire la concentrazione, migliorare la reattivit\u00e0 mentale e contrastare il declino cognitivo legato all\u2019et\u00e0.<\/p>\n<p>Inoltre, pu\u00f2 essere utile per regolare i livelli di cortisolo, favorendo una migliore gestione dello stress.<\/p>\n<p>Le capsule di Fosfatidilserina Panaherb garantiscono un apporto ottimale di Fosfatidilserina, favorendo il benessere mentale in modo naturale ed efficace.<\/p>\n<p>Ideale per chi desidera sostenere la funzione cerebrale e migliorare la memoria con un prodotto di alta qualit\u00e0.<\/p>\n<p><strong>Modo d&#8217;uso<\/strong><\/p>\n<p>Si consiglia l&#8217;assunzione di 2 capsule al giorno da ingerire con un po&#8217; d&#8217;acqua<\/p>\n<p><strong>Ingredienti<\/strong><\/p>\n<p>Fosfatidilserina 20% estratta da soia (glicyne max L. Merr) semen; capsula in idrossipropilmetilcellulosa.<\/p>\n<p><strong>2 capsule (dose giornaliera) contengono 800mg di fosfatidilserina al 20% pari ad un apporto in fosfatidilserina di 160mg<\/strong><\/p>\n","protected":false},"excerpt":{"rendered":"<p>Fosfatidilserina 60 capsule vegetali Pana Herb La Fosfatidilserina Panaherb \u00e8 un integratore in capsule formulato per supportare le funzioni cognitive e la memoria. Questo fosfolipide, naturalmente presente nelle membrane cellulari, \u00e8 fondamentale per il benessere del sistema nervoso e contribuisce a mantenere attive le capacit\u00e0&#8230;<\/p>\n","protected":false},"featured_media":128895,"template":"","meta":{"_acf_changed":false},"product_brand":[49071],"product_cat":[9811,49560],"product_tag":[],"giftcard-category":[],"class_list":{"0":"post-128894","1":"product","2":"type-product","3":"status-publish","4":"has-post-thumbnail","6":"product_brand-pana-herb","7":"product_cat-memoria-e-funzioni-cognitive","8":"product_cat-singoli-in-pastiglie","9":"pa_formato-60-capsule","10":"pa_marca-pana-herb","11":"pa_tipologia-capsule","13":"first","14":"instock","15":"taxable","16":"shipping-taxable","17":"purchasable","18":"product-type-simple"},"acf":[],"yoast_head":"<!-- This site is optimized with the Yoast SEO plugin v24.9 - https:\/\/yoast.com\/wordpress\/plugins\/seo\/ -->\n<title>Fosfatidilserina 60 capsule vegetali Pana Herb - funzioni cognitive e memoria - Erboristeria Demetra<\/title>\n<meta name=\"description\" content=\"La Fosfatidilserina Panaherb \u00e8 un integratore in capsule formulato per supportare le funzioni cognitive e la memoria.\" \/>\n<meta name=\"robots\" content=\"index, follow, max-snippet:-1, max-image-preview:large, max-video-preview:-1\" \/>\n<link rel=\"canonical\" href=\"https:\/\/www.erboristerie.com\/it\/prodotto\/fosfatidilserina-60-capsule-vegetali-pana-herb-funzioni-cognitive-e-memoria\/\" \/>\n<meta property=\"og:locale\" content=\"it_IT\" \/>\n<meta property=\"og:type\" content=\"article\" \/>\n<meta property=\"og:title\" content=\"Fosfatidilserina 60 capsule vegetali Pana Herb - funzioni cognitive e memoria - Erboristeria Demetra\" \/>\n<meta property=\"og:description\" content=\"La Fosfatidilserina Panaherb \u00e8 un integratore in capsule formulato per supportare le funzioni cognitive e la memoria.\" \/>\n<meta property=\"og:url\" content=\"https:\/\/www.erboristerie.com\/it\/prodotto\/fosfatidilserina-60-capsule-vegetali-pana-herb-funzioni-cognitive-e-memoria\/\" \/>\n<meta property=\"og:site_name\" content=\"Erboristeria Demetra\" \/>\n<meta property=\"article:publisher\" content=\"https:\/\/www.facebook.com\/erboristeria.demetra.online\" \/>\n<meta property=\"article:modified_time\" content=\"2025-11-13T17:19:38+00:00\" \/>\n<meta property=\"og:image\" content=\"https:\/\/www.erboristerie.com\/wp-content\/uploads\/2025\/02\/fosfatidilserina-panaherb-erboristerie-com.jpg\" \/>\n\t<meta property=\"og:image:width\" content=\"800\" \/>\n\t<meta property=\"og:image:height\" content=\"800\" \/>\n\t<meta property=\"og:image:type\" content=\"image\/jpeg\" \/>\n<meta name=\"twitter:card\" content=\"summary_large_image\" \/>\n<meta name=\"twitter:label1\" content=\"Tempo di lettura stimato\" \/>\n\t<meta name=\"twitter:data1\" content=\"2 minuti\" \/>\n<script type=\"application\/ld+json\" class=\"yoast-schema-graph\">{\"@context\":\"https:\/\/schema.org\",\"@graph\":[{\"@type\":\"WebPage\",\"@id\":\"https:\/\/www.erboristerie.com\/it\/prodotto\/fosfatidilserina-60-capsule-vegetali-pana-herb-funzioni-cognitive-e-memoria\/\",\"url\":\"https:\/\/www.erboristerie.com\/it\/prodotto\/fosfatidilserina-60-capsule-vegetali-pana-herb-funzioni-cognitive-e-memoria\/\",\"name\":\"Fosfatidilserina 60 capsule vegetali Pana Herb - funzioni cognitive e memoria - Erboristeria Demetra\",\"isPartOf\":{\"@id\":\"https:\/\/www.erboristerie.com\/it\/#website\"},\"primaryImageOfPage\":{\"@id\":\"https:\/\/www.erboristerie.com\/it\/prodotto\/fosfatidilserina-60-capsule-vegetali-pana-herb-funzioni-cognitive-e-memoria\/#primaryimage\"},\"image\":{\"@id\":\"https:\/\/www.erboristerie.com\/it\/prodotto\/fosfatidilserina-60-capsule-vegetali-pana-herb-funzioni-cognitive-e-memoria\/#primaryimage\"},\"thumbnailUrl\":\"https:\/\/www.erboristerie.com\/wp-content\/uploads\/2025\/02\/fosfatidilserina-panaherb-erboristerie-com.jpg\",\"datePublished\":\"2025-02-12T14:26:26+00:00\",\"dateModified\":\"2025-11-13T17:19:38+00:00\",\"description\":\"La Fosfatidilserina Panaherb \u00e8 un integratore in capsule formulato per supportare le funzioni cognitive e la memoria.\",\"breadcrumb\":{\"@id\":\"https:\/\/www.erboristerie.com\/it\/prodotto\/fosfatidilserina-60-capsule-vegetali-pana-herb-funzioni-cognitive-e-memoria\/#breadcrumb\"},\"inLanguage\":\"it-IT\",\"potentialAction\":[{\"@type\":\"ReadAction\",\"target\":[\"https:\/\/www.erboristerie.com\/it\/prodotto\/fosfatidilserina-60-capsule-vegetali-pana-herb-funzioni-cognitive-e-memoria\/\"]}]},{\"@type\":\"ImageObject\",\"inLanguage\":\"it-IT\",\"@id\":\"https:\/\/www.erboristerie.com\/it\/prodotto\/fosfatidilserina-60-capsule-vegetali-pana-herb-funzioni-cognitive-e-memoria\/#primaryimage\",\"url\":\"https:\/\/www.erboristerie.com\/wp-content\/uploads\/2025\/02\/fosfatidilserina-panaherb-erboristerie-com.jpg\",\"contentUrl\":\"https:\/\/www.erboristerie.com\/wp-content\/uploads\/2025\/02\/fosfatidilserina-panaherb-erboristerie-com.jpg\",\"width\":800,\"height\":800},{\"@type\":\"BreadcrumbList\",\"@id\":\"https:\/\/www.erboristerie.com\/it\/prodotto\/fosfatidilserina-60-capsule-vegetali-pana-herb-funzioni-cognitive-e-memoria\/#breadcrumb\",\"itemListElement\":[{\"@type\":\"ListItem\",\"position\":1,\"name\":\"Home\",\"item\":\"https:\/\/www.erboristerie.com\/it\/\"},{\"@type\":\"ListItem\",\"position\":2,\"name\":\"Tutti i prodotti\",\"item\":\"https:\/\/www.erboristerie.com\/it\/tutti-i-prodotti\/\"},{\"@type\":\"ListItem\",\"position\":3,\"name\":\"Fosfatidilserina 60 capsule vegetali Pana Herb &#8211; funzioni cognitive e memoria\"}]},{\"@type\":\"WebSite\",\"@id\":\"https:\/\/www.erboristerie.com\/it\/#website\",\"url\":\"https:\/\/www.erboristerie.com\/it\/\",\"name\":\"Erboristeria Demetra\",\"description\":\"La tua salute al naturale\",\"publisher\":{\"@id\":\"https:\/\/www.erboristerie.com\/it\/#organization\"},\"potentialAction\":[{\"@type\":\"SearchAction\",\"target\":{\"@type\":\"EntryPoint\",\"urlTemplate\":\"https:\/\/www.erboristerie.com\/it\/?s={search_term_string}\"},\"query-input\":{\"@type\":\"PropertyValueSpecification\",\"valueRequired\":true,\"valueName\":\"search_term_string\"}}],\"inLanguage\":\"it-IT\"},{\"@type\":\"Organization\",\"@id\":\"https:\/\/www.erboristerie.com\/it\/#organization\",\"name\":\"Erboristeria Demetra\",\"url\":\"https:\/\/www.erboristerie.com\/it\/\",\"logo\":{\"@type\":\"ImageObject\",\"inLanguage\":\"it-IT\",\"@id\":\"https:\/\/www.erboristerie.com\/it\/#\/schema\/logo\/image\/\",\"url\":\"https:\/\/www.erboristerie.com\/wp-content\/uploads\/2019\/11\/LOGO_ERBORISTERIA_DEMETRA_original.png?v=1611516981\",\"contentUrl\":\"https:\/\/www.erboristerie.com\/wp-content\/uploads\/2019\/11\/LOGO_ERBORISTERIA_DEMETRA_original.png?v=1611516981\",\"width\":201,\"height\":54,\"caption\":\"Erboristeria Demetra\"},\"image\":{\"@id\":\"https:\/\/www.erboristerie.com\/it\/#\/schema\/logo\/image\/\"},\"sameAs\":[\"https:\/\/www.facebook.com\/erboristeria.demetra.online\"]}]}<\/script>\n<!-- \/ Yoast SEO plugin. -->","yoast_head_json":{"title":"Fosfatidilserina 60 capsule vegetali Pana Herb - funzioni cognitive e memoria - Erboristeria Demetra","description":"La Fosfatidilserina Panaherb \u00e8 un integratore in capsule formulato per supportare le funzioni cognitive e la memoria.","robots":{"index":"index","follow":"follow","max-snippet":"max-snippet:-1","max-image-preview":"max-image-preview:large","max-video-preview":"max-video-preview:-1"},"canonical":"https:\/\/www.erboristerie.com\/it\/prodotto\/fosfatidilserina-60-capsule-vegetali-pana-herb-funzioni-cognitive-e-memoria\/","og_locale":"it_IT","og_type":"article","og_title":"Fosfatidilserina 60 capsule vegetali Pana Herb - funzioni cognitive e memoria - Erboristeria Demetra","og_description":"La Fosfatidilserina Panaherb \u00e8 un integratore in capsule formulato per supportare le funzioni cognitive e la memoria.","og_url":"https:\/\/www.erboristerie.com\/it\/prodotto\/fosfatidilserina-60-capsule-vegetali-pana-herb-funzioni-cognitive-e-memoria\/","og_site_name":"Erboristeria Demetra","article_publisher":"https:\/\/www.facebook.com\/erboristeria.demetra.online","article_modified_time":"2025-11-13T17:19:38+00:00","og_image":[{"width":800,"height":800,"url":"https:\/\/www.erboristerie.com\/wp-content\/uploads\/2025\/02\/fosfatidilserina-panaherb-erboristerie-com.jpg","type":"image\/jpeg"}],"twitter_card":"summary_large_image","twitter_misc":{"Tempo di lettura stimato":"2 minuti"},"schema":{"@context":"https:\/\/schema.org","@graph":[{"@type":"WebPage","@id":"https:\/\/www.erboristerie.com\/it\/prodotto\/fosfatidilserina-60-capsule-vegetali-pana-herb-funzioni-cognitive-e-memoria\/","url":"https:\/\/www.erboristerie.com\/it\/prodotto\/fosfatidilserina-60-capsule-vegetali-pana-herb-funzioni-cognitive-e-memoria\/","name":"Fosfatidilserina 60 capsule vegetali Pana Herb - funzioni cognitive e memoria - Erboristeria Demetra","isPartOf":{"@id":"https:\/\/www.erboristerie.com\/it\/#website"},"primaryImageOfPage":{"@id":"https:\/\/www.erboristerie.com\/it\/prodotto\/fosfatidilserina-60-capsule-vegetali-pana-herb-funzioni-cognitive-e-memoria\/#primaryimage"},"image":{"@id":"https:\/\/www.erboristerie.com\/it\/prodotto\/fosfatidilserina-60-capsule-vegetali-pana-herb-funzioni-cognitive-e-memoria\/#primaryimage"},"thumbnailUrl":"https:\/\/www.erboristerie.com\/wp-content\/uploads\/2025\/02\/fosfatidilserina-panaherb-erboristerie-com.jpg","datePublished":"2025-02-12T14:26:26+00:00","dateModified":"2025-11-13T17:19:38+00:00","description":"La Fosfatidilserina Panaherb \u00e8 un integratore in capsule formulato per supportare le funzioni cognitive e la memoria.","breadcrumb":{"@id":"https:\/\/www.erboristerie.com\/it\/prodotto\/fosfatidilserina-60-capsule-vegetali-pana-herb-funzioni-cognitive-e-memoria\/#breadcrumb"},"inLanguage":"it-IT","potentialAction":[{"@type":"ReadAction","target":["https:\/\/www.erboristerie.com\/it\/prodotto\/fosfatidilserina-60-capsule-vegetali-pana-herb-funzioni-cognitive-e-memoria\/"]}]},{"@type":"ImageObject","inLanguage":"it-IT","@id":"https:\/\/www.erboristerie.com\/it\/prodotto\/fosfatidilserina-60-capsule-vegetali-pana-herb-funzioni-cognitive-e-memoria\/#primaryimage","url":"https:\/\/www.erboristerie.com\/wp-content\/uploads\/2025\/02\/fosfatidilserina-panaherb-erboristerie-com.jpg","contentUrl":"https:\/\/www.erboristerie.com\/wp-content\/uploads\/2025\/02\/fosfatidilserina-panaherb-erboristerie-com.jpg","width":800,"height":800},{"@type":"BreadcrumbList","@id":"https:\/\/www.erboristerie.com\/it\/prodotto\/fosfatidilserina-60-capsule-vegetali-pana-herb-funzioni-cognitive-e-memoria\/#breadcrumb","itemListElement":[{"@type":"ListItem","position":1,"name":"Home","item":"https:\/\/www.erboristerie.com\/it\/"},{"@type":"ListItem","position":2,"name":"Tutti i prodotti","item":"https:\/\/www.erboristerie.com\/it\/tutti-i-prodotti\/"},{"@type":"ListItem","position":3,"name":"Fosfatidilserina 60 capsule vegetali Pana Herb &#8211; funzioni cognitive e memoria"}]},{"@type":"WebSite","@id":"https:\/\/www.erboristerie.com\/it\/#website","url":"https:\/\/www.erboristerie.com\/it\/","name":"Erboristeria Demetra","description":"La tua salute al naturale","publisher":{"@id":"https:\/\/www.erboristerie.com\/it\/#organization"},"potentialAction":[{"@type":"SearchAction","target":{"@type":"EntryPoint","urlTemplate":"https:\/\/www.erboristerie.com\/it\/?s={search_term_string}"},"query-input":{"@type":"PropertyValueSpecification","valueRequired":true,"valueName":"search_term_string"}}],"inLanguage":"it-IT"},{"@type":"Organization","@id":"https:\/\/www.erboristerie.com\/it\/#organization","name":"Erboristeria Demetra","url":"https:\/\/www.erboristerie.com\/it\/","logo":{"@type":"ImageObject","inLanguage":"it-IT","@id":"https:\/\/www.erboristerie.com\/it\/#\/schema\/logo\/image\/","url":"https:\/\/www.erboristerie.com\/wp-content\/uploads\/2019\/11\/LOGO_ERBORISTERIA_DEMETRA_original.png?v=1611516981","contentUrl":"https:\/\/www.erboristerie.com\/wp-content\/uploads\/2019\/11\/LOGO_ERBORISTERIA_DEMETRA_original.png?v=1611516981","width":201,"height":54,"caption":"Erboristeria Demetra"},"image":{"@id":"https:\/\/www.erboristerie.com\/it\/#\/schema\/logo\/image\/"},"sameAs":["https:\/\/www.facebook.com\/erboristeria.demetra.online"]}]}},"_links":{"self":[{"href":"https:\/\/www.erboristerie.com\/it\/wp-json\/wp\/v2\/product\/128894","targetHints":{"allow":["GET"]}}],"collection":[{"href":"https:\/\/www.erboristerie.com\/it\/wp-json\/wp\/v2\/product"}],"about":[{"href":"https:\/\/www.erboristerie.com\/it\/wp-json\/wp\/v2\/types\/product"}],"wp:featuredmedia":[{"embeddable":true,"href":"https:\/\/www.erboristerie.com\/it\/wp-json\/wp\/v2\/media\/128895"}],"wp:attachment":[{"href":"https:\/\/www.erboristerie.com\/it\/wp-json\/wp\/v2\/media?parent=128894"}],"wp:term":[{"taxonomy":"product_brand","embeddable":true,"href":"https:\/\/www.erboristerie.com\/it\/wp-json\/wp\/v2\/product_brand?post=128894"},{"taxonomy":"product_cat","embeddable":true,"href":"https:\/\/www.erboristerie.com\/it\/wp-json\/wp\/v2\/product_cat?post=128894"},{"taxonomy":"product_tag","embeddable":true,"href":"https:\/\/www.erboristerie.com\/it\/wp-json\/wp\/v2\/product_tag?post=128894"},{"taxonomy":"giftcard-category","embeddable":true,"href":"https:\/\/www.erboristerie.com\/it\/wp-json\/wp\/v2\/giftcard-category?post=128894"}],"curies":[{"name":"wp","href":"https:\/\/api.w.org\/{rel}","templated":true}]}}