{"id":128684,"date":"2025-01-26T15:48:31","date_gmt":"2025-01-26T14:48:31","guid":{"rendered":"https:\/\/www.erboristerie.com\/?post_type=product&#038;p=128684"},"modified":"2025-09-10T18:54:44","modified_gmt":"2025-09-10T16:54:44","slug":"fragranza-per-legni-profumati-lilla-lilla-per-profumare-di-gioiosa-serenita-la-tua-casa","status":"publish","type":"product","link":"https:\/\/www.erboristerie.com\/it\/prodotto\/fragranza-per-legni-profumati-lilla-lilla-per-profumare-di-gioiosa-serenita-la-tua-casa\/","title":{"rendered":"Fragranza per Legni Profumati Lill\u00e0 Lill\u00e0 Per profumare di gioiosa serenit\u00e0 la tua casa"},"content":{"rendered":"<p><strong>Fragranza per Legni Profumati Lill\u00e0 Lill\u00e0 &#8211; L&#8217;Erbolario<\/strong><\/p>\n<p><strong>Per profumare di gioiosa serenit\u00e0 la tua casa<br \/>\n<\/strong><\/p>\n<p>Profumo femminile &#8211; fiorito, ambrato<\/p>\n<p>Immergendo i bastoncini di rattan nella soluzione profumata, la magica fragranza dei fiori di Lill\u00e0 si diffonder\u00e0 nell\u2019ambiente, risvegliando l\u2019incanto e ricreando nelle stanze un\u2019atmosfera sognante.<\/p>\n<p><strong>Fragranza: fiorita, ambrata<\/strong><\/p>\n<p><strong>Modo d&#8217;uso<\/strong><\/p>\n<p>Svitare il tappo e rimuovere il dischetto protettivo, quindi riavvitare il tappo sulla bocca del flacone e inserire i legni da profumare.<\/p>\n<p><strong>Cosa sapere in pi\u00f9<\/strong><\/p>\n<ul>\n<li>100% Made in Italy<\/li>\n<li>Senza ingredienti di derivazione animale.<\/li>\n<\/ul>\n","protected":false},"excerpt":{"rendered":"<p>Fragranza per Legni Profumati Lill\u00e0 Lill\u00e0 &#8211; L&#8217;Erbolario Per profumare di gioiosa serenit\u00e0 la tua casa Profumo femminile &#8211; fiorito, ambrato Immergendo i bastoncini di rattan nella soluzione profumata, la magica fragranza dei fiori di Lill\u00e0 si diffonder\u00e0 nell\u2019ambiente, risvegliando l\u2019incanto e ricreando nelle stanze&#8230;<\/p>\n","protected":false},"featured_media":128685,"template":"","meta":{"_acf_changed":false},"product_brand":[9603],"product_cat":[45042],"product_tag":[12265,11559,17813,12472,11794,10801,18197,11540,12018],"giftcard-category":[],"class_list":{"0":"post-128684","1":"product","2":"type-product","3":"status-publish","4":"has-post-thumbnail","6":"product_brand-erbolario","7":"product_cat-profumi","8":"product_tag-300ml","9":"product_tag-bagnoschiuma","10":"product_tag-carezza","11":"product_tag-iris","12":"product_tag-lilla","13":"product_tag-linea","14":"product_tag-liquido-2","15":"product_tag-profumata","16":"product_tag-talco","17":"pa_formato-200-ml","18":"pa_linea-profumazione-lilla-lerbolario","19":"pa_marca-lerbolario","20":"pa_tipologia-profumo","22":"first","23":"instock","24":"sale","25":"sold-individually","26":"taxable","27":"shipping-taxable","28":"purchasable","29":"product-type-simple"},"acf":[],"yoast_head":"<!-- This site is optimized with the Yoast SEO plugin v24.9 - https:\/\/yoast.com\/wordpress\/plugins\/seo\/ -->\n<title>Fragranza per Legni Profumati Lill\u00e0 Lill\u00e0 Per profumare di gioiosa serenit\u00e0 la tua casa - Erboristeria Demetra<\/title>\n<meta name=\"description\" content=\"Quando il Profumo Lill\u00e0 Lill\u00e0 avvolge il corpo e l&#039;anima, sorprende la sensazione di leggerezza e felicit\u00e0 che questa fragranza sa offrire\" \/>\n<meta name=\"robots\" content=\"index, follow, max-snippet:-1, max-image-preview:large, max-video-preview:-1\" \/>\n<link rel=\"canonical\" href=\"https:\/\/www.erboristerie.com\/it\/prodotto\/fragranza-per-legni-profumati-lilla-lilla-per-profumare-di-gioiosa-serenita-la-tua-casa\/\" \/>\n<meta property=\"og:locale\" content=\"it_IT\" \/>\n<meta property=\"og:type\" content=\"article\" \/>\n<meta property=\"og:title\" content=\"Fragranza per Legni Profumati Lill\u00e0 Lill\u00e0 Per profumare di gioiosa serenit\u00e0 la tua casa - Erboristeria Demetra\" \/>\n<meta property=\"og:description\" content=\"Quando il Profumo Lill\u00e0 Lill\u00e0 avvolge il corpo e l&#039;anima, sorprende la sensazione di leggerezza e felicit\u00e0 che questa fragranza sa offrire\" \/>\n<meta property=\"og:url\" content=\"https:\/\/www.erboristerie.com\/it\/prodotto\/fragranza-per-legni-profumati-lilla-lilla-per-profumare-di-gioiosa-serenita-la-tua-casa\/\" \/>\n<meta property=\"og:site_name\" content=\"Erboristeria Demetra\" \/>\n<meta property=\"article:publisher\" content=\"https:\/\/www.facebook.com\/erboristeria.demetra.online\" \/>\n<meta property=\"article:modified_time\" content=\"2025-09-10T16:54:44+00:00\" \/>\n<meta property=\"og:image\" content=\"https:\/\/www.erboristerie.com\/wp-content\/uploads\/2025\/01\/fragranza-per-legni-profumati-lilla-lilla.jpg.png\" \/>\n\t<meta property=\"og:image:width\" content=\"1000\" \/>\n\t<meta property=\"og:image:height\" content=\"1000\" \/>\n\t<meta property=\"og:image:type\" content=\"image\/png\" \/>\n<meta name=\"twitter:card\" content=\"summary_large_image\" \/>\n<meta name=\"twitter:label1\" content=\"Tempo di lettura stimato\" \/>\n\t<meta name=\"twitter:data1\" content=\"1 minuto\" \/>\n<script type=\"application\/ld+json\" class=\"yoast-schema-graph\">{\"@context\":\"https:\/\/schema.org\",\"@graph\":[{\"@type\":\"WebPage\",\"@id\":\"https:\/\/www.erboristerie.com\/it\/prodotto\/fragranza-per-legni-profumati-lilla-lilla-per-profumare-di-gioiosa-serenita-la-tua-casa\/\",\"url\":\"https:\/\/www.erboristerie.com\/it\/prodotto\/fragranza-per-legni-profumati-lilla-lilla-per-profumare-di-gioiosa-serenita-la-tua-casa\/\",\"name\":\"Fragranza per Legni Profumati Lill\u00e0 Lill\u00e0 Per profumare di gioiosa serenit\u00e0 la tua casa - Erboristeria Demetra\",\"isPartOf\":{\"@id\":\"https:\/\/www.erboristerie.com\/it\/#website\"},\"primaryImageOfPage\":{\"@id\":\"https:\/\/www.erboristerie.com\/it\/prodotto\/fragranza-per-legni-profumati-lilla-lilla-per-profumare-di-gioiosa-serenita-la-tua-casa\/#primaryimage\"},\"image\":{\"@id\":\"https:\/\/www.erboristerie.com\/it\/prodotto\/fragranza-per-legni-profumati-lilla-lilla-per-profumare-di-gioiosa-serenita-la-tua-casa\/#primaryimage\"},\"thumbnailUrl\":\"https:\/\/www.erboristerie.com\/wp-content\/uploads\/2025\/01\/fragranza-per-legni-profumati-lilla-lilla.jpg.png\",\"datePublished\":\"2025-01-26T14:48:31+00:00\",\"dateModified\":\"2025-09-10T16:54:44+00:00\",\"description\":\"Quando il Profumo Lill\u00e0 Lill\u00e0 avvolge il corpo e l'anima, sorprende la sensazione di leggerezza e felicit\u00e0 che questa fragranza sa offrire\",\"breadcrumb\":{\"@id\":\"https:\/\/www.erboristerie.com\/it\/prodotto\/fragranza-per-legni-profumati-lilla-lilla-per-profumare-di-gioiosa-serenita-la-tua-casa\/#breadcrumb\"},\"inLanguage\":\"it-IT\",\"potentialAction\":[{\"@type\":\"ReadAction\",\"target\":[\"https:\/\/www.erboristerie.com\/it\/prodotto\/fragranza-per-legni-profumati-lilla-lilla-per-profumare-di-gioiosa-serenita-la-tua-casa\/\"]}]},{\"@type\":\"ImageObject\",\"inLanguage\":\"it-IT\",\"@id\":\"https:\/\/www.erboristerie.com\/it\/prodotto\/fragranza-per-legni-profumati-lilla-lilla-per-profumare-di-gioiosa-serenita-la-tua-casa\/#primaryimage\",\"url\":\"https:\/\/www.erboristerie.com\/wp-content\/uploads\/2025\/01\/fragranza-per-legni-profumati-lilla-lilla.jpg.png\",\"contentUrl\":\"https:\/\/www.erboristerie.com\/wp-content\/uploads\/2025\/01\/fragranza-per-legni-profumati-lilla-lilla.jpg.png\",\"width\":1000,\"height\":1000},{\"@type\":\"BreadcrumbList\",\"@id\":\"https:\/\/www.erboristerie.com\/it\/prodotto\/fragranza-per-legni-profumati-lilla-lilla-per-profumare-di-gioiosa-serenita-la-tua-casa\/#breadcrumb\",\"itemListElement\":[{\"@type\":\"ListItem\",\"position\":1,\"name\":\"Home\",\"item\":\"https:\/\/www.erboristerie.com\/it\/\"},{\"@type\":\"ListItem\",\"position\":2,\"name\":\"Tutti i prodotti\",\"item\":\"https:\/\/www.erboristerie.com\/it\/tutti-i-prodotti\/\"},{\"@type\":\"ListItem\",\"position\":3,\"name\":\"Fragranza per Legni Profumati Lill\u00e0 Lill\u00e0 Per profumare di gioiosa serenit\u00e0 la tua casa\"}]},{\"@type\":\"WebSite\",\"@id\":\"https:\/\/www.erboristerie.com\/it\/#website\",\"url\":\"https:\/\/www.erboristerie.com\/it\/\",\"name\":\"Erboristeria Demetra\",\"description\":\"La tua salute al naturale\",\"publisher\":{\"@id\":\"https:\/\/www.erboristerie.com\/it\/#organization\"},\"potentialAction\":[{\"@type\":\"SearchAction\",\"target\":{\"@type\":\"EntryPoint\",\"urlTemplate\":\"https:\/\/www.erboristerie.com\/it\/?s={search_term_string}\"},\"query-input\":{\"@type\":\"PropertyValueSpecification\",\"valueRequired\":true,\"valueName\":\"search_term_string\"}}],\"inLanguage\":\"it-IT\"},{\"@type\":\"Organization\",\"@id\":\"https:\/\/www.erboristerie.com\/it\/#organization\",\"name\":\"Erboristeria Demetra\",\"url\":\"https:\/\/www.erboristerie.com\/it\/\",\"logo\":{\"@type\":\"ImageObject\",\"inLanguage\":\"it-IT\",\"@id\":\"https:\/\/www.erboristerie.com\/it\/#\/schema\/logo\/image\/\",\"url\":\"https:\/\/www.erboristerie.com\/wp-content\/uploads\/2019\/11\/LOGO_ERBORISTERIA_DEMETRA_original.png?v=1611516981\",\"contentUrl\":\"https:\/\/www.erboristerie.com\/wp-content\/uploads\/2019\/11\/LOGO_ERBORISTERIA_DEMETRA_original.png?v=1611516981\",\"width\":201,\"height\":54,\"caption\":\"Erboristeria Demetra\"},\"image\":{\"@id\":\"https:\/\/www.erboristerie.com\/it\/#\/schema\/logo\/image\/\"},\"sameAs\":[\"https:\/\/www.facebook.com\/erboristeria.demetra.online\"]}]}<\/script>\n<!-- \/ Yoast SEO plugin. -->","yoast_head_json":{"title":"Fragranza per Legni Profumati Lill\u00e0 Lill\u00e0 Per profumare di gioiosa serenit\u00e0 la tua casa - Erboristeria Demetra","description":"Quando il Profumo Lill\u00e0 Lill\u00e0 avvolge il corpo e l'anima, sorprende la sensazione di leggerezza e felicit\u00e0 che questa fragranza sa offrire","robots":{"index":"index","follow":"follow","max-snippet":"max-snippet:-1","max-image-preview":"max-image-preview:large","max-video-preview":"max-video-preview:-1"},"canonical":"https:\/\/www.erboristerie.com\/it\/prodotto\/fragranza-per-legni-profumati-lilla-lilla-per-profumare-di-gioiosa-serenita-la-tua-casa\/","og_locale":"it_IT","og_type":"article","og_title":"Fragranza per Legni Profumati Lill\u00e0 Lill\u00e0 Per profumare di gioiosa serenit\u00e0 la tua casa - Erboristeria Demetra","og_description":"Quando il Profumo Lill\u00e0 Lill\u00e0 avvolge il corpo e l'anima, sorprende la sensazione di leggerezza e felicit\u00e0 che questa fragranza sa offrire","og_url":"https:\/\/www.erboristerie.com\/it\/prodotto\/fragranza-per-legni-profumati-lilla-lilla-per-profumare-di-gioiosa-serenita-la-tua-casa\/","og_site_name":"Erboristeria Demetra","article_publisher":"https:\/\/www.facebook.com\/erboristeria.demetra.online","article_modified_time":"2025-09-10T16:54:44+00:00","og_image":[{"width":1000,"height":1000,"url":"https:\/\/www.erboristerie.com\/wp-content\/uploads\/2025\/01\/fragranza-per-legni-profumati-lilla-lilla.jpg.png","type":"image\/png"}],"twitter_card":"summary_large_image","twitter_misc":{"Tempo di lettura stimato":"1 minuto"},"schema":{"@context":"https:\/\/schema.org","@graph":[{"@type":"WebPage","@id":"https:\/\/www.erboristerie.com\/it\/prodotto\/fragranza-per-legni-profumati-lilla-lilla-per-profumare-di-gioiosa-serenita-la-tua-casa\/","url":"https:\/\/www.erboristerie.com\/it\/prodotto\/fragranza-per-legni-profumati-lilla-lilla-per-profumare-di-gioiosa-serenita-la-tua-casa\/","name":"Fragranza per Legni Profumati Lill\u00e0 Lill\u00e0 Per profumare di gioiosa serenit\u00e0 la tua casa - Erboristeria Demetra","isPartOf":{"@id":"https:\/\/www.erboristerie.com\/it\/#website"},"primaryImageOfPage":{"@id":"https:\/\/www.erboristerie.com\/it\/prodotto\/fragranza-per-legni-profumati-lilla-lilla-per-profumare-di-gioiosa-serenita-la-tua-casa\/#primaryimage"},"image":{"@id":"https:\/\/www.erboristerie.com\/it\/prodotto\/fragranza-per-legni-profumati-lilla-lilla-per-profumare-di-gioiosa-serenita-la-tua-casa\/#primaryimage"},"thumbnailUrl":"https:\/\/www.erboristerie.com\/wp-content\/uploads\/2025\/01\/fragranza-per-legni-profumati-lilla-lilla.jpg.png","datePublished":"2025-01-26T14:48:31+00:00","dateModified":"2025-09-10T16:54:44+00:00","description":"Quando il Profumo Lill\u00e0 Lill\u00e0 avvolge il corpo e l'anima, sorprende la sensazione di leggerezza e felicit\u00e0 che questa fragranza sa offrire","breadcrumb":{"@id":"https:\/\/www.erboristerie.com\/it\/prodotto\/fragranza-per-legni-profumati-lilla-lilla-per-profumare-di-gioiosa-serenita-la-tua-casa\/#breadcrumb"},"inLanguage":"it-IT","potentialAction":[{"@type":"ReadAction","target":["https:\/\/www.erboristerie.com\/it\/prodotto\/fragranza-per-legni-profumati-lilla-lilla-per-profumare-di-gioiosa-serenita-la-tua-casa\/"]}]},{"@type":"ImageObject","inLanguage":"it-IT","@id":"https:\/\/www.erboristerie.com\/it\/prodotto\/fragranza-per-legni-profumati-lilla-lilla-per-profumare-di-gioiosa-serenita-la-tua-casa\/#primaryimage","url":"https:\/\/www.erboristerie.com\/wp-content\/uploads\/2025\/01\/fragranza-per-legni-profumati-lilla-lilla.jpg.png","contentUrl":"https:\/\/www.erboristerie.com\/wp-content\/uploads\/2025\/01\/fragranza-per-legni-profumati-lilla-lilla.jpg.png","width":1000,"height":1000},{"@type":"BreadcrumbList","@id":"https:\/\/www.erboristerie.com\/it\/prodotto\/fragranza-per-legni-profumati-lilla-lilla-per-profumare-di-gioiosa-serenita-la-tua-casa\/#breadcrumb","itemListElement":[{"@type":"ListItem","position":1,"name":"Home","item":"https:\/\/www.erboristerie.com\/it\/"},{"@type":"ListItem","position":2,"name":"Tutti i prodotti","item":"https:\/\/www.erboristerie.com\/it\/tutti-i-prodotti\/"},{"@type":"ListItem","position":3,"name":"Fragranza per Legni Profumati Lill\u00e0 Lill\u00e0 Per profumare di gioiosa serenit\u00e0 la tua casa"}]},{"@type":"WebSite","@id":"https:\/\/www.erboristerie.com\/it\/#website","url":"https:\/\/www.erboristerie.com\/it\/","name":"Erboristeria Demetra","description":"La tua salute al naturale","publisher":{"@id":"https:\/\/www.erboristerie.com\/it\/#organization"},"potentialAction":[{"@type":"SearchAction","target":{"@type":"EntryPoint","urlTemplate":"https:\/\/www.erboristerie.com\/it\/?s={search_term_string}"},"query-input":{"@type":"PropertyValueSpecification","valueRequired":true,"valueName":"search_term_string"}}],"inLanguage":"it-IT"},{"@type":"Organization","@id":"https:\/\/www.erboristerie.com\/it\/#organization","name":"Erboristeria Demetra","url":"https:\/\/www.erboristerie.com\/it\/","logo":{"@type":"ImageObject","inLanguage":"it-IT","@id":"https:\/\/www.erboristerie.com\/it\/#\/schema\/logo\/image\/","url":"https:\/\/www.erboristerie.com\/wp-content\/uploads\/2019\/11\/LOGO_ERBORISTERIA_DEMETRA_original.png?v=1611516981","contentUrl":"https:\/\/www.erboristerie.com\/wp-content\/uploads\/2019\/11\/LOGO_ERBORISTERIA_DEMETRA_original.png?v=1611516981","width":201,"height":54,"caption":"Erboristeria Demetra"},"image":{"@id":"https:\/\/www.erboristerie.com\/it\/#\/schema\/logo\/image\/"},"sameAs":["https:\/\/www.facebook.com\/erboristeria.demetra.online"]}]}},"_links":{"self":[{"href":"https:\/\/www.erboristerie.com\/it\/wp-json\/wp\/v2\/product\/128684","targetHints":{"allow":["GET"]}}],"collection":[{"href":"https:\/\/www.erboristerie.com\/it\/wp-json\/wp\/v2\/product"}],"about":[{"href":"https:\/\/www.erboristerie.com\/it\/wp-json\/wp\/v2\/types\/product"}],"wp:featuredmedia":[{"embeddable":true,"href":"https:\/\/www.erboristerie.com\/it\/wp-json\/wp\/v2\/media\/128685"}],"wp:attachment":[{"href":"https:\/\/www.erboristerie.com\/it\/wp-json\/wp\/v2\/media?parent=128684"}],"wp:term":[{"taxonomy":"product_brand","embeddable":true,"href":"https:\/\/www.erboristerie.com\/it\/wp-json\/wp\/v2\/product_brand?post=128684"},{"taxonomy":"product_cat","embeddable":true,"href":"https:\/\/www.erboristerie.com\/it\/wp-json\/wp\/v2\/product_cat?post=128684"},{"taxonomy":"product_tag","embeddable":true,"href":"https:\/\/www.erboristerie.com\/it\/wp-json\/wp\/v2\/product_tag?post=128684"},{"taxonomy":"giftcard-category","embeddable":true,"href":"https:\/\/www.erboristerie.com\/it\/wp-json\/wp\/v2\/giftcard-category?post=128684"}],"curies":[{"name":"wp","href":"https:\/\/api.w.org\/{rel}","templated":true}]}}