{"id":128675,"date":"2025-01-25T20:35:14","date_gmt":"2025-01-25T19:35:14","guid":{"rendered":"https:\/\/www.erboristerie.com\/?post_type=product&#038;p=128675"},"modified":"2025-09-10T18:54:29","modified_gmt":"2025-09-10T16:54:29","slug":"collagenattivo-detergente-in-polvere-levigante-illuminante-con-collagene-biomimetico-lerbolario","status":"publish","type":"product","link":"https:\/\/www.erboristerie.com\/it\/prodotto\/collagenattivo-detergente-in-polvere-levigante-illuminante-con-collagene-biomimetico-lerbolario\/","title":{"rendered":"CollagenAttivo Detergente in Polvere Levigante Illuminante con Collagene biomimetico L&#8217;Erbolario"},"content":{"rendered":"<p><strong>CollagenAttivo Detergente in Polvere Levigante Illuminante con Collagene biomimetico &#8211; L&#8217;Erbolario<\/strong><\/p>\n<p>Questo detergente viso in polvere levigante e illuminante \u00e8 il miglior alleato per le pelli non pi\u00f9 giovanissime o mature.<\/p>\n<p>\u00c8 formulato con una delicata base lavante, perfetta anche per le pelli secche e sensibili, e con Collagene biomimetico derivato da fermentazione di substrati vegetali, attivo straordinario dalle propriet\u00e0 leviganti e tonificanti.<\/p>\n<p>Contiene inoltre Vitamina C per un incarnato luminoso.<\/p>\n<p>Questa polvere detergente \u00e8 indicata per chi cerca una pulizia del viso accurata ed efficace, che renda la pelle levigata, tonificata e luminosa.<\/p>\n<p><strong>Senza siliconi, parabeni, tensioattivi solfati e petrolati<\/strong><br \/>\n99% ingredienti di origine naturale<br \/>\nLa restante percentuale di ingredienti garantisce stabilit\u00e0 e gradevolezza del prodotto.<\/p>\n<p><strong>Consigli d\u2019uso<\/strong><\/p>\n<p>Dosare poco prodotto nel palmo della mano, miscelare con acqua e massaggiare bene tra le mani fino a creare una soffice schiuma.<\/p>\n<p>Applicare il detergente sul viso con movimenti circolari e risciacquare con acqua tiepida.<\/p>\n<p>Ottimo anche come struccante per il viso.<\/p>\n<p><strong>Sostanze funzionali<\/strong><\/p>\n<p>Collagene biomimetico derivato da fermentazione di substrati vegetali, Vitamina C, olio di Jojoba, estratto di Ginseng, Acido Ialuronico ad alto peso molecolare, amido di Mais.<\/p>\n<p><strong>Ingredienti (INCI)<\/strong><\/p>\n<p>zea mays (corn) starch, sodium lauroyl glutamate, kaolin, cellulose, sodium myristoyl glutamate, sodium ascorbyl phosphate, sh-polypeptide-121, sodium hyaluronate, panax ginseng root extract, rosmarinus officinalis (rosemary) leaf extract, helianthus annuus (sunflower) seed oil, simmondsia chinensis (jojoba) seed oil, canola oil, parfum (fragrance), dehydroacetic acid, sorbic acid<\/p>\n<p>Flacone da 35 grammi<\/p>\n<p><strong>Cosa sapere in pi\u00f9<\/strong><\/p>\n<p>100% Made in Italy<br \/>\n8 Metalli testati<br \/>\nDermatologicamente Testato<br \/>\nLAV &#8211; Dalla parte degli animali<br \/>\nSenza ingredienti di derivazione animale<br \/>\n12 MPaO (Period after Opening &#8211; periodo dopo l\u2019apertura)<\/p>\n","protected":false},"excerpt":{"rendered":"<p>CollagenAttivo Detergente in Polvere Levigante Illuminante con Collagene biomimetico &#8211; L&#8217;Erbolario Questo detergente viso in polvere levigante e illuminante \u00e8 il miglior alleato per le pelli non pi\u00f9 giovanissime o mature. \u00c8 formulato con una delicata base lavante, perfetta anche per le pelli secche e&#8230;<\/p>\n","protected":false},"featured_media":128636,"template":"","meta":{"_acf_changed":false},"product_brand":[9603],"product_cat":[49323,45040],"product_tag":[],"giftcard-category":[],"class_list":{"0":"post-128675","1":"product","2":"type-product","3":"status-publish","4":"has-post-thumbnail","6":"product_brand-erbolario","7":"product_cat-collagenattivo","8":"product_cat-viso","9":"pa_formato-35-grammi","10":"pa_linea-profumazione-collagenattivo","11":"pa_marca-lerbolario","12":"pa_tipologia-detergente","14":"first","15":"instock","16":"sale","17":"taxable","18":"shipping-taxable","19":"purchasable","20":"product-type-simple"},"acf":[],"yoast_head":"<!-- This site is optimized with the Yoast SEO plugin v24.9 - https:\/\/yoast.com\/wordpress\/plugins\/seo\/ -->\n<title>CollagenAttivo Detergente in Polvere Levigante Illuminante con Collagene biomimetico L&#039;Erbolario - Erboristeria Demetra<\/title>\n<meta name=\"description\" content=\"Questa polvere detergente \u00e8 indicata per chi cerca una pulizia del viso accurata ed efficace, che renda la pelle levigata, tonificata e luminosa.\" \/>\n<meta name=\"robots\" content=\"index, follow, max-snippet:-1, max-image-preview:large, max-video-preview:-1\" \/>\n<link rel=\"canonical\" href=\"https:\/\/www.erboristerie.com\/it\/prodotto\/collagenattivo-detergente-in-polvere-levigante-illuminante-con-collagene-biomimetico-lerbolario\/\" \/>\n<meta property=\"og:locale\" content=\"it_IT\" \/>\n<meta property=\"og:type\" content=\"article\" \/>\n<meta property=\"og:title\" content=\"CollagenAttivo Detergente in Polvere Levigante Illuminante con Collagene biomimetico L&#039;Erbolario - Erboristeria Demetra\" \/>\n<meta property=\"og:description\" content=\"Questa polvere detergente \u00e8 indicata per chi cerca una pulizia del viso accurata ed efficace, che renda la pelle levigata, tonificata e luminosa.\" \/>\n<meta property=\"og:url\" content=\"https:\/\/www.erboristerie.com\/it\/prodotto\/collagenattivo-detergente-in-polvere-levigante-illuminante-con-collagene-biomimetico-lerbolario\/\" \/>\n<meta property=\"og:site_name\" content=\"Erboristeria Demetra\" \/>\n<meta property=\"article:publisher\" content=\"https:\/\/www.facebook.com\/erboristeria.demetra.online\" \/>\n<meta property=\"article:modified_time\" content=\"2025-09-10T16:54:29+00:00\" \/>\n<meta property=\"og:image\" content=\"https:\/\/www.erboristerie.com\/wp-content\/uploads\/2024\/10\/00011626-detergente-in-polvere-collagenattivo-erbolario-erboristerie-com.jpg\" \/>\n\t<meta property=\"og:image:width\" content=\"800\" \/>\n\t<meta property=\"og:image:height\" content=\"800\" \/>\n\t<meta property=\"og:image:type\" content=\"image\/jpeg\" \/>\n<meta name=\"twitter:card\" content=\"summary_large_image\" \/>\n<meta name=\"twitter:label1\" content=\"Tempo di lettura stimato\" \/>\n\t<meta name=\"twitter:data1\" content=\"2 minuti\" \/>\n<script type=\"application\/ld+json\" class=\"yoast-schema-graph\">{\"@context\":\"https:\/\/schema.org\",\"@graph\":[{\"@type\":\"WebPage\",\"@id\":\"https:\/\/www.erboristerie.com\/it\/prodotto\/collagenattivo-detergente-in-polvere-levigante-illuminante-con-collagene-biomimetico-lerbolario\/\",\"url\":\"https:\/\/www.erboristerie.com\/it\/prodotto\/collagenattivo-detergente-in-polvere-levigante-illuminante-con-collagene-biomimetico-lerbolario\/\",\"name\":\"CollagenAttivo Detergente in Polvere Levigante Illuminante con Collagene biomimetico L'Erbolario - Erboristeria Demetra\",\"isPartOf\":{\"@id\":\"https:\/\/www.erboristerie.com\/it\/#website\"},\"primaryImageOfPage\":{\"@id\":\"https:\/\/www.erboristerie.com\/it\/prodotto\/collagenattivo-detergente-in-polvere-levigante-illuminante-con-collagene-biomimetico-lerbolario\/#primaryimage\"},\"image\":{\"@id\":\"https:\/\/www.erboristerie.com\/it\/prodotto\/collagenattivo-detergente-in-polvere-levigante-illuminante-con-collagene-biomimetico-lerbolario\/#primaryimage\"},\"thumbnailUrl\":\"https:\/\/www.erboristerie.com\/wp-content\/uploads\/2024\/10\/00011626-detergente-in-polvere-collagenattivo-erbolario-erboristerie-com.jpg\",\"datePublished\":\"2025-01-25T19:35:14+00:00\",\"dateModified\":\"2025-09-10T16:54:29+00:00\",\"description\":\"Questa polvere detergente \u00e8 indicata per chi cerca una pulizia del viso accurata ed efficace, che renda la pelle levigata, tonificata e luminosa.\",\"breadcrumb\":{\"@id\":\"https:\/\/www.erboristerie.com\/it\/prodotto\/collagenattivo-detergente-in-polvere-levigante-illuminante-con-collagene-biomimetico-lerbolario\/#breadcrumb\"},\"inLanguage\":\"it-IT\",\"potentialAction\":[{\"@type\":\"ReadAction\",\"target\":[\"https:\/\/www.erboristerie.com\/it\/prodotto\/collagenattivo-detergente-in-polvere-levigante-illuminante-con-collagene-biomimetico-lerbolario\/\"]}]},{\"@type\":\"ImageObject\",\"inLanguage\":\"it-IT\",\"@id\":\"https:\/\/www.erboristerie.com\/it\/prodotto\/collagenattivo-detergente-in-polvere-levigante-illuminante-con-collagene-biomimetico-lerbolario\/#primaryimage\",\"url\":\"https:\/\/www.erboristerie.com\/wp-content\/uploads\/2024\/10\/00011626-detergente-in-polvere-collagenattivo-erbolario-erboristerie-com.jpg\",\"contentUrl\":\"https:\/\/www.erboristerie.com\/wp-content\/uploads\/2024\/10\/00011626-detergente-in-polvere-collagenattivo-erbolario-erboristerie-com.jpg\",\"width\":800,\"height\":800},{\"@type\":\"BreadcrumbList\",\"@id\":\"https:\/\/www.erboristerie.com\/it\/prodotto\/collagenattivo-detergente-in-polvere-levigante-illuminante-con-collagene-biomimetico-lerbolario\/#breadcrumb\",\"itemListElement\":[{\"@type\":\"ListItem\",\"position\":1,\"name\":\"Home\",\"item\":\"https:\/\/www.erboristerie.com\/it\/\"},{\"@type\":\"ListItem\",\"position\":2,\"name\":\"Tutti i prodotti\",\"item\":\"https:\/\/www.erboristerie.com\/it\/tutti-i-prodotti\/\"},{\"@type\":\"ListItem\",\"position\":3,\"name\":\"CollagenAttivo Detergente in Polvere Levigante Illuminante con Collagene biomimetico L&#8217;Erbolario\"}]},{\"@type\":\"WebSite\",\"@id\":\"https:\/\/www.erboristerie.com\/it\/#website\",\"url\":\"https:\/\/www.erboristerie.com\/it\/\",\"name\":\"Erboristeria Demetra\",\"description\":\"La tua salute al naturale\",\"publisher\":{\"@id\":\"https:\/\/www.erboristerie.com\/it\/#organization\"},\"potentialAction\":[{\"@type\":\"SearchAction\",\"target\":{\"@type\":\"EntryPoint\",\"urlTemplate\":\"https:\/\/www.erboristerie.com\/it\/?s={search_term_string}\"},\"query-input\":{\"@type\":\"PropertyValueSpecification\",\"valueRequired\":true,\"valueName\":\"search_term_string\"}}],\"inLanguage\":\"it-IT\"},{\"@type\":\"Organization\",\"@id\":\"https:\/\/www.erboristerie.com\/it\/#organization\",\"name\":\"Erboristeria Demetra\",\"url\":\"https:\/\/www.erboristerie.com\/it\/\",\"logo\":{\"@type\":\"ImageObject\",\"inLanguage\":\"it-IT\",\"@id\":\"https:\/\/www.erboristerie.com\/it\/#\/schema\/logo\/image\/\",\"url\":\"https:\/\/www.erboristerie.com\/wp-content\/uploads\/2019\/11\/LOGO_ERBORISTERIA_DEMETRA_original.png?v=1611516981\",\"contentUrl\":\"https:\/\/www.erboristerie.com\/wp-content\/uploads\/2019\/11\/LOGO_ERBORISTERIA_DEMETRA_original.png?v=1611516981\",\"width\":201,\"height\":54,\"caption\":\"Erboristeria Demetra\"},\"image\":{\"@id\":\"https:\/\/www.erboristerie.com\/it\/#\/schema\/logo\/image\/\"},\"sameAs\":[\"https:\/\/www.facebook.com\/erboristeria.demetra.online\"]}]}<\/script>\n<!-- \/ Yoast SEO plugin. -->","yoast_head_json":{"title":"CollagenAttivo Detergente in Polvere Levigante Illuminante con Collagene biomimetico L'Erbolario - Erboristeria Demetra","description":"Questa polvere detergente \u00e8 indicata per chi cerca una pulizia del viso accurata ed efficace, che renda la pelle levigata, tonificata e luminosa.","robots":{"index":"index","follow":"follow","max-snippet":"max-snippet:-1","max-image-preview":"max-image-preview:large","max-video-preview":"max-video-preview:-1"},"canonical":"https:\/\/www.erboristerie.com\/it\/prodotto\/collagenattivo-detergente-in-polvere-levigante-illuminante-con-collagene-biomimetico-lerbolario\/","og_locale":"it_IT","og_type":"article","og_title":"CollagenAttivo Detergente in Polvere Levigante Illuminante con Collagene biomimetico L'Erbolario - Erboristeria Demetra","og_description":"Questa polvere detergente \u00e8 indicata per chi cerca una pulizia del viso accurata ed efficace, che renda la pelle levigata, tonificata e luminosa.","og_url":"https:\/\/www.erboristerie.com\/it\/prodotto\/collagenattivo-detergente-in-polvere-levigante-illuminante-con-collagene-biomimetico-lerbolario\/","og_site_name":"Erboristeria Demetra","article_publisher":"https:\/\/www.facebook.com\/erboristeria.demetra.online","article_modified_time":"2025-09-10T16:54:29+00:00","og_image":[{"width":800,"height":800,"url":"https:\/\/www.erboristerie.com\/wp-content\/uploads\/2024\/10\/00011626-detergente-in-polvere-collagenattivo-erbolario-erboristerie-com.jpg","type":"image\/jpeg"}],"twitter_card":"summary_large_image","twitter_misc":{"Tempo di lettura stimato":"2 minuti"},"schema":{"@context":"https:\/\/schema.org","@graph":[{"@type":"WebPage","@id":"https:\/\/www.erboristerie.com\/it\/prodotto\/collagenattivo-detergente-in-polvere-levigante-illuminante-con-collagene-biomimetico-lerbolario\/","url":"https:\/\/www.erboristerie.com\/it\/prodotto\/collagenattivo-detergente-in-polvere-levigante-illuminante-con-collagene-biomimetico-lerbolario\/","name":"CollagenAttivo Detergente in Polvere Levigante Illuminante con Collagene biomimetico L'Erbolario - Erboristeria Demetra","isPartOf":{"@id":"https:\/\/www.erboristerie.com\/it\/#website"},"primaryImageOfPage":{"@id":"https:\/\/www.erboristerie.com\/it\/prodotto\/collagenattivo-detergente-in-polvere-levigante-illuminante-con-collagene-biomimetico-lerbolario\/#primaryimage"},"image":{"@id":"https:\/\/www.erboristerie.com\/it\/prodotto\/collagenattivo-detergente-in-polvere-levigante-illuminante-con-collagene-biomimetico-lerbolario\/#primaryimage"},"thumbnailUrl":"https:\/\/www.erboristerie.com\/wp-content\/uploads\/2024\/10\/00011626-detergente-in-polvere-collagenattivo-erbolario-erboristerie-com.jpg","datePublished":"2025-01-25T19:35:14+00:00","dateModified":"2025-09-10T16:54:29+00:00","description":"Questa polvere detergente \u00e8 indicata per chi cerca una pulizia del viso accurata ed efficace, che renda la pelle levigata, tonificata e luminosa.","breadcrumb":{"@id":"https:\/\/www.erboristerie.com\/it\/prodotto\/collagenattivo-detergente-in-polvere-levigante-illuminante-con-collagene-biomimetico-lerbolario\/#breadcrumb"},"inLanguage":"it-IT","potentialAction":[{"@type":"ReadAction","target":["https:\/\/www.erboristerie.com\/it\/prodotto\/collagenattivo-detergente-in-polvere-levigante-illuminante-con-collagene-biomimetico-lerbolario\/"]}]},{"@type":"ImageObject","inLanguage":"it-IT","@id":"https:\/\/www.erboristerie.com\/it\/prodotto\/collagenattivo-detergente-in-polvere-levigante-illuminante-con-collagene-biomimetico-lerbolario\/#primaryimage","url":"https:\/\/www.erboristerie.com\/wp-content\/uploads\/2024\/10\/00011626-detergente-in-polvere-collagenattivo-erbolario-erboristerie-com.jpg","contentUrl":"https:\/\/www.erboristerie.com\/wp-content\/uploads\/2024\/10\/00011626-detergente-in-polvere-collagenattivo-erbolario-erboristerie-com.jpg","width":800,"height":800},{"@type":"BreadcrumbList","@id":"https:\/\/www.erboristerie.com\/it\/prodotto\/collagenattivo-detergente-in-polvere-levigante-illuminante-con-collagene-biomimetico-lerbolario\/#breadcrumb","itemListElement":[{"@type":"ListItem","position":1,"name":"Home","item":"https:\/\/www.erboristerie.com\/it\/"},{"@type":"ListItem","position":2,"name":"Tutti i prodotti","item":"https:\/\/www.erboristerie.com\/it\/tutti-i-prodotti\/"},{"@type":"ListItem","position":3,"name":"CollagenAttivo Detergente in Polvere Levigante Illuminante con Collagene biomimetico L&#8217;Erbolario"}]},{"@type":"WebSite","@id":"https:\/\/www.erboristerie.com\/it\/#website","url":"https:\/\/www.erboristerie.com\/it\/","name":"Erboristeria Demetra","description":"La tua salute al naturale","publisher":{"@id":"https:\/\/www.erboristerie.com\/it\/#organization"},"potentialAction":[{"@type":"SearchAction","target":{"@type":"EntryPoint","urlTemplate":"https:\/\/www.erboristerie.com\/it\/?s={search_term_string}"},"query-input":{"@type":"PropertyValueSpecification","valueRequired":true,"valueName":"search_term_string"}}],"inLanguage":"it-IT"},{"@type":"Organization","@id":"https:\/\/www.erboristerie.com\/it\/#organization","name":"Erboristeria Demetra","url":"https:\/\/www.erboristerie.com\/it\/","logo":{"@type":"ImageObject","inLanguage":"it-IT","@id":"https:\/\/www.erboristerie.com\/it\/#\/schema\/logo\/image\/","url":"https:\/\/www.erboristerie.com\/wp-content\/uploads\/2019\/11\/LOGO_ERBORISTERIA_DEMETRA_original.png?v=1611516981","contentUrl":"https:\/\/www.erboristerie.com\/wp-content\/uploads\/2019\/11\/LOGO_ERBORISTERIA_DEMETRA_original.png?v=1611516981","width":201,"height":54,"caption":"Erboristeria Demetra"},"image":{"@id":"https:\/\/www.erboristerie.com\/it\/#\/schema\/logo\/image\/"},"sameAs":["https:\/\/www.facebook.com\/erboristeria.demetra.online"]}]}},"_links":{"self":[{"href":"https:\/\/www.erboristerie.com\/it\/wp-json\/wp\/v2\/product\/128675","targetHints":{"allow":["GET"]}}],"collection":[{"href":"https:\/\/www.erboristerie.com\/it\/wp-json\/wp\/v2\/product"}],"about":[{"href":"https:\/\/www.erboristerie.com\/it\/wp-json\/wp\/v2\/types\/product"}],"wp:featuredmedia":[{"embeddable":true,"href":"https:\/\/www.erboristerie.com\/it\/wp-json\/wp\/v2\/media\/128636"}],"wp:attachment":[{"href":"https:\/\/www.erboristerie.com\/it\/wp-json\/wp\/v2\/media?parent=128675"}],"wp:term":[{"taxonomy":"product_brand","embeddable":true,"href":"https:\/\/www.erboristerie.com\/it\/wp-json\/wp\/v2\/product_brand?post=128675"},{"taxonomy":"product_cat","embeddable":true,"href":"https:\/\/www.erboristerie.com\/it\/wp-json\/wp\/v2\/product_cat?post=128675"},{"taxonomy":"product_tag","embeddable":true,"href":"https:\/\/www.erboristerie.com\/it\/wp-json\/wp\/v2\/product_tag?post=128675"},{"taxonomy":"giftcard-category","embeddable":true,"href":"https:\/\/www.erboristerie.com\/it\/wp-json\/wp\/v2\/giftcard-category?post=128675"}],"curies":[{"name":"wp","href":"https:\/\/api.w.org\/{rel}","templated":true}]}}