{"id":127132,"date":"2024-09-24T19:08:21","date_gmt":"2024-09-24T17:08:21","guid":{"rendered":"https:\/\/www.erboristerie.com\/?post_type=product&#038;p=127132"},"modified":"2026-04-08T19:17:43","modified_gmt":"2026-04-08T17:17:43","slug":"nerves-tide-plus-forte-30-capsule-nano-bio-peptidi-naturali","status":"publish","type":"product","link":"https:\/\/www.erboristerie.com\/it\/prodotto\/nerves-tide-plus-forte-30-capsule-nano-bio-peptidi-naturali\/","title":{"rendered":"Nerves Tide Plus Forte 30 capsule Nano Bio Peptidi Naturali"},"content":{"rendered":"<p><strong>Nerves Tide Plus 30 capsule Nano Bio Peptidi Naturali &#8211; Immunoplus<\/strong><\/p>\n<p>Il complesso peptidico multicomponente NervesTIDE PLUS \u00e8 un modo efficace e sicuro per raggiungere armonia e salute.<\/p>\n<p><strong>Destinazione d\u2019uso<\/strong><\/p>\n<p>Cattivo umore, depressione.<\/p>\n<p>Ansia, preoccupazione eccessiva.<\/p>\n<p>Irritabilit\u00e0.<\/p>\n<p>Nevrosi, neurosi e stati nevrotici, compresa la \u201csindrome manageriale\u201d.<\/p>\n<p>Forma lieve di ipertensione arteriosa, malattie coronariche.<\/p>\n<p>Disturbi del sonno associati ad ansia o altro.<\/p>\n<p>Jet lag (cambio rapido dei fusi orari).<\/p>\n<p>Astinenza da nicotina.<\/p>\n<p><strong>Modalit\u00e0 d\u2019uso<\/strong><\/p>\n<p>si consiglia l\u2019assunzione di 1 capsula al giorno 30 minuti dopo il pasto con un bicchiere di acqua.<\/p>\n<p>La durata del trattamento \u00e8 di 1 mese ma pu\u00f2 essere prolungata fino a 2-3 mesi in caso di necessit\u00e0.<\/p>\n<p>Controindicazioni: non deve essere assunto se la persona \u00e8 allergica a uno degli ingredienti.<\/p>\n<p>In gravidanza, allattamento e bambini di et\u00e0 inferiore ai 14 anni chiedere il consiglio al proprio medico o al farmacista prima di assumere l\u2019integratore.<\/p>\n<p>Non contiene lattosio n\u00e9 glutine.<\/p>\n<p>Vegetarian OK.<\/p>\n<p><strong>Ingredienti<\/strong><\/p>\n<p>BCAA complesso di aminoacidi ramificati (complesso di peptidi NK, L-fenilalanina, L-treonina, L-triptofano ), ossido di magnesio, acido L-ascorbico (vitamina C), estratto secco di cardiaca (Leonurus cardiaca, estratto secco di foglie), L-tirosina, estratto secco di melissa (Melissa officinalis, estratto secco di foglie), piridossina cloridrato (vitamina B6), tiamina cloridrato (vitamina B1, tiamina), agente antiagglomerante cellulosa microcristallina, agente antiagglomerante biossido di silicio, agente antiagglomerante sali di magnesio degli acidi grassi, ipromellosa (involucro della capsula).<\/p>\n","protected":false},"excerpt":{"rendered":"<p>Nerves Tide Plus 30 capsule Nano Bio Peptidi Naturali &#8211; Immunoplus Il complesso peptidico multicomponente NervesTIDE PLUS \u00e8 un modo efficace e sicuro per raggiungere armonia e salute. Destinazione d\u2019uso Cattivo umore, depressione. Ansia, preoccupazione eccessiva. Irritabilit\u00e0. Nevrosi, neurosi e stati nevrotici, compresa la \u201csindrome&#8230;<\/p>\n","protected":false},"featured_media":127133,"template":"","meta":{"_acf_changed":false},"product_brand":[48806],"product_cat":[49515,9807],"product_tag":[],"giftcard-category":[],"class_list":{"0":"post-127132","1":"product","2":"type-product","3":"status-publish","4":"has-post-thumbnail","6":"product_brand-my-real-way-immunoplus","7":"product_cat-nano-bio-peptidi","8":"product_cat-sonno-riposo-e-umore","9":"pa_formato-30-capsule","10":"pa_linea-nano-bio-peptidi","11":"pa_marca-my-real-way-immunoplus","12":"pa_tipologia-capsule","14":"first","15":"instock","16":"sale","17":"taxable","18":"shipping-taxable","19":"purchasable","20":"product-type-simple"},"acf":[],"yoast_head":"<!-- This site is optimized with the Yoast SEO plugin v24.9 - https:\/\/yoast.com\/wordpress\/plugins\/seo\/ -->\n<title>Nerves Tide Plus Forte 30 capsule Nano Bio Peptidi Naturali - Erboristeria Demetra<\/title>\n<meta name=\"description\" content=\"Nano Biopeptidi Naturali come soluzioni. Suggerita la prevenzione dove possibile per aiutare la regolarizzazione di tessuti e organi specifici.\" \/>\n<meta name=\"robots\" content=\"index, follow, max-snippet:-1, max-image-preview:large, max-video-preview:-1\" \/>\n<link rel=\"canonical\" href=\"https:\/\/www.erboristerie.com\/it\/prodotto\/nerves-tide-plus-forte-30-capsule-nano-bio-peptidi-naturali\/\" \/>\n<meta property=\"og:locale\" content=\"it_IT\" \/>\n<meta property=\"og:type\" content=\"article\" \/>\n<meta property=\"og:title\" content=\"Nerves Tide Plus Forte 30 capsule Nano Bio Peptidi Naturali - Erboristeria Demetra\" \/>\n<meta property=\"og:description\" content=\"Nano Biopeptidi Naturali come soluzioni. Suggerita la prevenzione dove possibile per aiutare la regolarizzazione di tessuti e organi specifici.\" \/>\n<meta property=\"og:url\" content=\"https:\/\/www.erboristerie.com\/it\/prodotto\/nerves-tide-plus-forte-30-capsule-nano-bio-peptidi-naturali\/\" \/>\n<meta property=\"og:site_name\" content=\"Erboristeria Demetra\" \/>\n<meta property=\"article:publisher\" content=\"https:\/\/www.facebook.com\/erboristeria.demetra.online\" \/>\n<meta property=\"article:modified_time\" content=\"2026-04-08T17:17:43+00:00\" \/>\n<meta property=\"og:image\" content=\"https:\/\/www.erboristerie.com\/wp-content\/uploads\/2024\/09\/00011103_nerves_tide_plus_nano-bio_peptidi_immunoplus_erboristerie_com.jpg\" \/>\n\t<meta property=\"og:image:width\" content=\"800\" \/>\n\t<meta property=\"og:image:height\" content=\"800\" \/>\n\t<meta property=\"og:image:type\" content=\"image\/jpeg\" \/>\n<meta name=\"twitter:card\" content=\"summary_large_image\" \/>\n<meta name=\"twitter:label1\" content=\"Tempo di lettura stimato\" \/>\n\t<meta name=\"twitter:data1\" content=\"2 minuti\" \/>\n<script type=\"application\/ld+json\" class=\"yoast-schema-graph\">{\"@context\":\"https:\/\/schema.org\",\"@graph\":[{\"@type\":\"WebPage\",\"@id\":\"https:\/\/www.erboristerie.com\/it\/prodotto\/nerves-tide-plus-forte-30-capsule-nano-bio-peptidi-naturali\/\",\"url\":\"https:\/\/www.erboristerie.com\/it\/prodotto\/nerves-tide-plus-forte-30-capsule-nano-bio-peptidi-naturali\/\",\"name\":\"Nerves Tide Plus Forte 30 capsule Nano Bio Peptidi Naturali - Erboristeria Demetra\",\"isPartOf\":{\"@id\":\"https:\/\/www.erboristerie.com\/it\/#website\"},\"primaryImageOfPage\":{\"@id\":\"https:\/\/www.erboristerie.com\/it\/prodotto\/nerves-tide-plus-forte-30-capsule-nano-bio-peptidi-naturali\/#primaryimage\"},\"image\":{\"@id\":\"https:\/\/www.erboristerie.com\/it\/prodotto\/nerves-tide-plus-forte-30-capsule-nano-bio-peptidi-naturali\/#primaryimage\"},\"thumbnailUrl\":\"https:\/\/www.erboristerie.com\/wp-content\/uploads\/2024\/09\/00011103_nerves_tide_plus_nano-bio_peptidi_immunoplus_erboristerie_com.jpg\",\"datePublished\":\"2024-09-24T17:08:21+00:00\",\"dateModified\":\"2026-04-08T17:17:43+00:00\",\"description\":\"Nano Biopeptidi Naturali come soluzioni. Suggerita la prevenzione dove possibile per aiutare la regolarizzazione di tessuti e organi specifici.\",\"breadcrumb\":{\"@id\":\"https:\/\/www.erboristerie.com\/it\/prodotto\/nerves-tide-plus-forte-30-capsule-nano-bio-peptidi-naturali\/#breadcrumb\"},\"inLanguage\":\"it-IT\",\"potentialAction\":[{\"@type\":\"ReadAction\",\"target\":[\"https:\/\/www.erboristerie.com\/it\/prodotto\/nerves-tide-plus-forte-30-capsule-nano-bio-peptidi-naturali\/\"]}]},{\"@type\":\"ImageObject\",\"inLanguage\":\"it-IT\",\"@id\":\"https:\/\/www.erboristerie.com\/it\/prodotto\/nerves-tide-plus-forte-30-capsule-nano-bio-peptidi-naturali\/#primaryimage\",\"url\":\"https:\/\/www.erboristerie.com\/wp-content\/uploads\/2024\/09\/00011103_nerves_tide_plus_nano-bio_peptidi_immunoplus_erboristerie_com.jpg\",\"contentUrl\":\"https:\/\/www.erboristerie.com\/wp-content\/uploads\/2024\/09\/00011103_nerves_tide_plus_nano-bio_peptidi_immunoplus_erboristerie_com.jpg\",\"width\":800,\"height\":800},{\"@type\":\"BreadcrumbList\",\"@id\":\"https:\/\/www.erboristerie.com\/it\/prodotto\/nerves-tide-plus-forte-30-capsule-nano-bio-peptidi-naturali\/#breadcrumb\",\"itemListElement\":[{\"@type\":\"ListItem\",\"position\":1,\"name\":\"Home\",\"item\":\"https:\/\/www.erboristerie.com\/it\/\"},{\"@type\":\"ListItem\",\"position\":2,\"name\":\"Tutti i prodotti\",\"item\":\"https:\/\/www.erboristerie.com\/it\/tutti-i-prodotti\/\"},{\"@type\":\"ListItem\",\"position\":3,\"name\":\"Nerves Tide Plus Forte 30 capsule Nano Bio Peptidi Naturali\"}]},{\"@type\":\"WebSite\",\"@id\":\"https:\/\/www.erboristerie.com\/it\/#website\",\"url\":\"https:\/\/www.erboristerie.com\/it\/\",\"name\":\"Erboristeria Demetra\",\"description\":\"La tua salute al naturale\",\"publisher\":{\"@id\":\"https:\/\/www.erboristerie.com\/it\/#organization\"},\"potentialAction\":[{\"@type\":\"SearchAction\",\"target\":{\"@type\":\"EntryPoint\",\"urlTemplate\":\"https:\/\/www.erboristerie.com\/it\/?s={search_term_string}\"},\"query-input\":{\"@type\":\"PropertyValueSpecification\",\"valueRequired\":true,\"valueName\":\"search_term_string\"}}],\"inLanguage\":\"it-IT\"},{\"@type\":\"Organization\",\"@id\":\"https:\/\/www.erboristerie.com\/it\/#organization\",\"name\":\"Erboristeria Demetra\",\"url\":\"https:\/\/www.erboristerie.com\/it\/\",\"logo\":{\"@type\":\"ImageObject\",\"inLanguage\":\"it-IT\",\"@id\":\"https:\/\/www.erboristerie.com\/it\/#\/schema\/logo\/image\/\",\"url\":\"https:\/\/www.erboristerie.com\/wp-content\/uploads\/2019\/11\/LOGO_ERBORISTERIA_DEMETRA_original.png?v=1611516981\",\"contentUrl\":\"https:\/\/www.erboristerie.com\/wp-content\/uploads\/2019\/11\/LOGO_ERBORISTERIA_DEMETRA_original.png?v=1611516981\",\"width\":201,\"height\":54,\"caption\":\"Erboristeria Demetra\"},\"image\":{\"@id\":\"https:\/\/www.erboristerie.com\/it\/#\/schema\/logo\/image\/\"},\"sameAs\":[\"https:\/\/www.facebook.com\/erboristeria.demetra.online\"]}]}<\/script>\n<!-- \/ Yoast SEO plugin. -->","yoast_head_json":{"title":"Nerves Tide Plus Forte 30 capsule Nano Bio Peptidi Naturali - Erboristeria Demetra","description":"Nano Biopeptidi Naturali come soluzioni. Suggerita la prevenzione dove possibile per aiutare la regolarizzazione di tessuti e organi specifici.","robots":{"index":"index","follow":"follow","max-snippet":"max-snippet:-1","max-image-preview":"max-image-preview:large","max-video-preview":"max-video-preview:-1"},"canonical":"https:\/\/www.erboristerie.com\/it\/prodotto\/nerves-tide-plus-forte-30-capsule-nano-bio-peptidi-naturali\/","og_locale":"it_IT","og_type":"article","og_title":"Nerves Tide Plus Forte 30 capsule Nano Bio Peptidi Naturali - Erboristeria Demetra","og_description":"Nano Biopeptidi Naturali come soluzioni. Suggerita la prevenzione dove possibile per aiutare la regolarizzazione di tessuti e organi specifici.","og_url":"https:\/\/www.erboristerie.com\/it\/prodotto\/nerves-tide-plus-forte-30-capsule-nano-bio-peptidi-naturali\/","og_site_name":"Erboristeria Demetra","article_publisher":"https:\/\/www.facebook.com\/erboristeria.demetra.online","article_modified_time":"2026-04-08T17:17:43+00:00","og_image":[{"width":800,"height":800,"url":"https:\/\/www.erboristerie.com\/wp-content\/uploads\/2024\/09\/00011103_nerves_tide_plus_nano-bio_peptidi_immunoplus_erboristerie_com.jpg","type":"image\/jpeg"}],"twitter_card":"summary_large_image","twitter_misc":{"Tempo di lettura stimato":"2 minuti"},"schema":{"@context":"https:\/\/schema.org","@graph":[{"@type":"WebPage","@id":"https:\/\/www.erboristerie.com\/it\/prodotto\/nerves-tide-plus-forte-30-capsule-nano-bio-peptidi-naturali\/","url":"https:\/\/www.erboristerie.com\/it\/prodotto\/nerves-tide-plus-forte-30-capsule-nano-bio-peptidi-naturali\/","name":"Nerves Tide Plus Forte 30 capsule Nano Bio Peptidi Naturali - Erboristeria Demetra","isPartOf":{"@id":"https:\/\/www.erboristerie.com\/it\/#website"},"primaryImageOfPage":{"@id":"https:\/\/www.erboristerie.com\/it\/prodotto\/nerves-tide-plus-forte-30-capsule-nano-bio-peptidi-naturali\/#primaryimage"},"image":{"@id":"https:\/\/www.erboristerie.com\/it\/prodotto\/nerves-tide-plus-forte-30-capsule-nano-bio-peptidi-naturali\/#primaryimage"},"thumbnailUrl":"https:\/\/www.erboristerie.com\/wp-content\/uploads\/2024\/09\/00011103_nerves_tide_plus_nano-bio_peptidi_immunoplus_erboristerie_com.jpg","datePublished":"2024-09-24T17:08:21+00:00","dateModified":"2026-04-08T17:17:43+00:00","description":"Nano Biopeptidi Naturali come soluzioni. Suggerita la prevenzione dove possibile per aiutare la regolarizzazione di tessuti e organi specifici.","breadcrumb":{"@id":"https:\/\/www.erboristerie.com\/it\/prodotto\/nerves-tide-plus-forte-30-capsule-nano-bio-peptidi-naturali\/#breadcrumb"},"inLanguage":"it-IT","potentialAction":[{"@type":"ReadAction","target":["https:\/\/www.erboristerie.com\/it\/prodotto\/nerves-tide-plus-forte-30-capsule-nano-bio-peptidi-naturali\/"]}]},{"@type":"ImageObject","inLanguage":"it-IT","@id":"https:\/\/www.erboristerie.com\/it\/prodotto\/nerves-tide-plus-forte-30-capsule-nano-bio-peptidi-naturali\/#primaryimage","url":"https:\/\/www.erboristerie.com\/wp-content\/uploads\/2024\/09\/00011103_nerves_tide_plus_nano-bio_peptidi_immunoplus_erboristerie_com.jpg","contentUrl":"https:\/\/www.erboristerie.com\/wp-content\/uploads\/2024\/09\/00011103_nerves_tide_plus_nano-bio_peptidi_immunoplus_erboristerie_com.jpg","width":800,"height":800},{"@type":"BreadcrumbList","@id":"https:\/\/www.erboristerie.com\/it\/prodotto\/nerves-tide-plus-forte-30-capsule-nano-bio-peptidi-naturali\/#breadcrumb","itemListElement":[{"@type":"ListItem","position":1,"name":"Home","item":"https:\/\/www.erboristerie.com\/it\/"},{"@type":"ListItem","position":2,"name":"Tutti i prodotti","item":"https:\/\/www.erboristerie.com\/it\/tutti-i-prodotti\/"},{"@type":"ListItem","position":3,"name":"Nerves Tide Plus Forte 30 capsule Nano Bio Peptidi Naturali"}]},{"@type":"WebSite","@id":"https:\/\/www.erboristerie.com\/it\/#website","url":"https:\/\/www.erboristerie.com\/it\/","name":"Erboristeria Demetra","description":"La tua salute al naturale","publisher":{"@id":"https:\/\/www.erboristerie.com\/it\/#organization"},"potentialAction":[{"@type":"SearchAction","target":{"@type":"EntryPoint","urlTemplate":"https:\/\/www.erboristerie.com\/it\/?s={search_term_string}"},"query-input":{"@type":"PropertyValueSpecification","valueRequired":true,"valueName":"search_term_string"}}],"inLanguage":"it-IT"},{"@type":"Organization","@id":"https:\/\/www.erboristerie.com\/it\/#organization","name":"Erboristeria Demetra","url":"https:\/\/www.erboristerie.com\/it\/","logo":{"@type":"ImageObject","inLanguage":"it-IT","@id":"https:\/\/www.erboristerie.com\/it\/#\/schema\/logo\/image\/","url":"https:\/\/www.erboristerie.com\/wp-content\/uploads\/2019\/11\/LOGO_ERBORISTERIA_DEMETRA_original.png?v=1611516981","contentUrl":"https:\/\/www.erboristerie.com\/wp-content\/uploads\/2019\/11\/LOGO_ERBORISTERIA_DEMETRA_original.png?v=1611516981","width":201,"height":54,"caption":"Erboristeria Demetra"},"image":{"@id":"https:\/\/www.erboristerie.com\/it\/#\/schema\/logo\/image\/"},"sameAs":["https:\/\/www.facebook.com\/erboristeria.demetra.online"]}]}},"_links":{"self":[{"href":"https:\/\/www.erboristerie.com\/it\/wp-json\/wp\/v2\/product\/127132","targetHints":{"allow":["GET"]}}],"collection":[{"href":"https:\/\/www.erboristerie.com\/it\/wp-json\/wp\/v2\/product"}],"about":[{"href":"https:\/\/www.erboristerie.com\/it\/wp-json\/wp\/v2\/types\/product"}],"wp:featuredmedia":[{"embeddable":true,"href":"https:\/\/www.erboristerie.com\/it\/wp-json\/wp\/v2\/media\/127133"}],"wp:attachment":[{"href":"https:\/\/www.erboristerie.com\/it\/wp-json\/wp\/v2\/media?parent=127132"}],"wp:term":[{"taxonomy":"product_brand","embeddable":true,"href":"https:\/\/www.erboristerie.com\/it\/wp-json\/wp\/v2\/product_brand?post=127132"},{"taxonomy":"product_cat","embeddable":true,"href":"https:\/\/www.erboristerie.com\/it\/wp-json\/wp\/v2\/product_cat?post=127132"},{"taxonomy":"product_tag","embeddable":true,"href":"https:\/\/www.erboristerie.com\/it\/wp-json\/wp\/v2\/product_tag?post=127132"},{"taxonomy":"giftcard-category","embeddable":true,"href":"https:\/\/www.erboristerie.com\/it\/wp-json\/wp\/v2\/giftcard-category?post=127132"}],"curies":[{"name":"wp","href":"https:\/\/api.w.org\/{rel}","templated":true}]}}