{"id":127028,"date":"2024-09-18T21:20:53","date_gmt":"2024-09-18T19:20:53","guid":{"rendered":"https:\/\/www.erboristerie.com\/?post_type=product&#038;p=127028"},"modified":"2025-09-10T18:54:33","modified_gmt":"2025-09-10T16:54:33","slug":"te-nero-beauty-box-terrazze-del-te-edizione-limitata-lerbolario","status":"publish","type":"product","link":"https:\/\/www.erboristerie.com\/it\/prodotto\/te-nero-beauty-box-terrazze-del-te-edizione-limitata-lerbolario\/","title":{"rendered":"Te&#8217; Nero Beauty Box Terrazze del Te&#8217; edizione limitata L&#8217;Erbolario"},"content":{"rendered":"<p><strong>Te&#8217; Nero Beauty Box Terrazze del Te&#8217; edizione limitata &#8211; L&#8217;Erbolario<\/strong><\/p>\n<p>Mai pi\u00f9 senza Profumo e Crema Corpo &amp; Mani nel formato da viaggio!<\/p>\n<p>Le avvolgenti note della fragranza T\u00e8 Nero diventano cos\u00ec protagoniste di un piccolo rituale di bellezza pr\u00eat-\u00e0-porter, racchiuso in una raffinata scatola in tessuto.<\/p>\n<p><strong>Fragranza<\/strong>: fiorita, ambrata<\/p>\n<p><strong>La Beauty Box Terrazze del T\u00e8 contiene:<\/strong><\/p>\n<p>&#8211; Profumo T\u00e8 Nero 10 ml<br \/>\n&#8211; Crema Corpo &amp; Mani T\u00e8 Nero 75 ml<\/p>\n<p><strong>Cosa sapere in pi\u00f9<\/strong><\/p>\n<p>100% Made in Italy<br \/>\n8 Metalli testati<br \/>\nDermatologicamente Testato<br \/>\nLAV &#8211; Dalla parte degli animali<br \/>\nSenza ingredienti di derivazione animale<\/p>\n<p><a href=\"https:\/\/www.erboristerie.com\/it\/attribute\/linea-profumazione\/te-nero\/\">Clicca qui<\/a> per vedere gli altri prodotti della linea Te&#8217; Nero L&#8217;Erbolario<\/p>\n","protected":false},"excerpt":{"rendered":"<p>Te&#8217; Nero Beauty Box Terrazze del Te&#8217; edizione limitata &#8211; L&#8217;Erbolario Mai pi\u00f9 senza Profumo e Crema Corpo &amp; Mani nel formato da viaggio! Le avvolgenti note della fragranza T\u00e8 Nero diventano cos\u00ec protagoniste di un piccolo rituale di bellezza pr\u00eat-\u00e0-porter, racchiuso in una raffinata&#8230;<\/p>\n","protected":false},"featured_media":127062,"template":"","meta":{"_acf_changed":false},"product_brand":[9603],"product_cat":[45041],"product_tag":[],"giftcard-category":[],"class_list":{"0":"post-127028","1":"product","2":"type-product","3":"status-publish","4":"has-post-thumbnail","6":"product_brand-erbolario","7":"product_cat-corpo","8":"pa_formato-kit","9":"pa_linea-profumazione-te-nero","10":"pa_marca-lerbolario","11":"pa_tipologia-kit-o-conf-regalo","13":"first","14":"instock","15":"sale","16":"taxable","17":"shipping-taxable","18":"purchasable","19":"product-type-simple"},"acf":[],"yoast_head":"<!-- This site is optimized with the Yoast SEO plugin v24.9 - https:\/\/yoast.com\/wordpress\/plugins\/seo\/ -->\n<title>Te&#039; Nero Beauty Box Terrazze del Te&#039; edizione limitata L&#039;Erbolario - Erboristeria Demetra<\/title>\n<meta name=\"description\" content=\"La fragranza T\u00e8 Nero diventa protagonista di un piccolo rituale di bellezza pr\u00eat-\u00e0-porter, racchiuso in una raffinata scatola in tessuto.\" \/>\n<meta name=\"robots\" content=\"index, follow, max-snippet:-1, max-image-preview:large, max-video-preview:-1\" \/>\n<link rel=\"canonical\" href=\"https:\/\/www.erboristerie.com\/it\/prodotto\/te-nero-beauty-box-terrazze-del-te-edizione-limitata-lerbolario\/\" \/>\n<meta property=\"og:locale\" content=\"it_IT\" \/>\n<meta property=\"og:type\" content=\"article\" \/>\n<meta property=\"og:title\" content=\"Te&#039; Nero Beauty Box Terrazze del Te&#039; edizione limitata L&#039;Erbolario - Erboristeria Demetra\" \/>\n<meta property=\"og:description\" content=\"La fragranza T\u00e8 Nero diventa protagonista di un piccolo rituale di bellezza pr\u00eat-\u00e0-porter, racchiuso in una raffinata scatola in tessuto.\" \/>\n<meta property=\"og:url\" content=\"https:\/\/www.erboristerie.com\/it\/prodotto\/te-nero-beauty-box-terrazze-del-te-edizione-limitata-lerbolario\/\" \/>\n<meta property=\"og:site_name\" content=\"Erboristeria Demetra\" \/>\n<meta property=\"article:publisher\" content=\"https:\/\/www.facebook.com\/erboristeria.demetra.online\" \/>\n<meta property=\"article:modified_time\" content=\"2025-09-10T16:54:33+00:00\" \/>\n<meta property=\"og:image\" content=\"https:\/\/www.erboristerie.com\/wp-content\/uploads\/2024\/09\/00011574_te_nero_beauty_box_terrazze_del_te_erbolario_erboristerie_com.jpg\" \/>\n\t<meta property=\"og:image:width\" content=\"900\" \/>\n\t<meta property=\"og:image:height\" content=\"900\" \/>\n\t<meta property=\"og:image:type\" content=\"image\/jpeg\" \/>\n<meta name=\"twitter:card\" content=\"summary_large_image\" \/>\n<meta name=\"twitter:label1\" content=\"Tempo di lettura stimato\" \/>\n\t<meta name=\"twitter:data1\" content=\"1 minuto\" \/>\n<script type=\"application\/ld+json\" class=\"yoast-schema-graph\">{\"@context\":\"https:\/\/schema.org\",\"@graph\":[{\"@type\":\"WebPage\",\"@id\":\"https:\/\/www.erboristerie.com\/it\/prodotto\/te-nero-beauty-box-terrazze-del-te-edizione-limitata-lerbolario\/\",\"url\":\"https:\/\/www.erboristerie.com\/it\/prodotto\/te-nero-beauty-box-terrazze-del-te-edizione-limitata-lerbolario\/\",\"name\":\"Te' Nero Beauty Box Terrazze del Te' edizione limitata L'Erbolario - Erboristeria Demetra\",\"isPartOf\":{\"@id\":\"https:\/\/www.erboristerie.com\/it\/#website\"},\"primaryImageOfPage\":{\"@id\":\"https:\/\/www.erboristerie.com\/it\/prodotto\/te-nero-beauty-box-terrazze-del-te-edizione-limitata-lerbolario\/#primaryimage\"},\"image\":{\"@id\":\"https:\/\/www.erboristerie.com\/it\/prodotto\/te-nero-beauty-box-terrazze-del-te-edizione-limitata-lerbolario\/#primaryimage\"},\"thumbnailUrl\":\"https:\/\/www.erboristerie.com\/wp-content\/uploads\/2024\/09\/00011574_te_nero_beauty_box_terrazze_del_te_erbolario_erboristerie_com.jpg\",\"datePublished\":\"2024-09-18T19:20:53+00:00\",\"dateModified\":\"2025-09-10T16:54:33+00:00\",\"description\":\"La fragranza T\u00e8 Nero diventa protagonista di un piccolo rituale di bellezza pr\u00eat-\u00e0-porter, racchiuso in una raffinata scatola in tessuto.\",\"breadcrumb\":{\"@id\":\"https:\/\/www.erboristerie.com\/it\/prodotto\/te-nero-beauty-box-terrazze-del-te-edizione-limitata-lerbolario\/#breadcrumb\"},\"inLanguage\":\"it-IT\",\"potentialAction\":[{\"@type\":\"ReadAction\",\"target\":[\"https:\/\/www.erboristerie.com\/it\/prodotto\/te-nero-beauty-box-terrazze-del-te-edizione-limitata-lerbolario\/\"]}]},{\"@type\":\"ImageObject\",\"inLanguage\":\"it-IT\",\"@id\":\"https:\/\/www.erboristerie.com\/it\/prodotto\/te-nero-beauty-box-terrazze-del-te-edizione-limitata-lerbolario\/#primaryimage\",\"url\":\"https:\/\/www.erboristerie.com\/wp-content\/uploads\/2024\/09\/00011574_te_nero_beauty_box_terrazze_del_te_erbolario_erboristerie_com.jpg\",\"contentUrl\":\"https:\/\/www.erboristerie.com\/wp-content\/uploads\/2024\/09\/00011574_te_nero_beauty_box_terrazze_del_te_erbolario_erboristerie_com.jpg\",\"width\":900,\"height\":900},{\"@type\":\"BreadcrumbList\",\"@id\":\"https:\/\/www.erboristerie.com\/it\/prodotto\/te-nero-beauty-box-terrazze-del-te-edizione-limitata-lerbolario\/#breadcrumb\",\"itemListElement\":[{\"@type\":\"ListItem\",\"position\":1,\"name\":\"Home\",\"item\":\"https:\/\/www.erboristerie.com\/it\/\"},{\"@type\":\"ListItem\",\"position\":2,\"name\":\"Tutti i prodotti\",\"item\":\"https:\/\/www.erboristerie.com\/it\/tutti-i-prodotti\/\"},{\"@type\":\"ListItem\",\"position\":3,\"name\":\"Te&#8217; Nero Beauty Box Terrazze del Te&#8217; edizione limitata L&#8217;Erbolario\"}]},{\"@type\":\"WebSite\",\"@id\":\"https:\/\/www.erboristerie.com\/it\/#website\",\"url\":\"https:\/\/www.erboristerie.com\/it\/\",\"name\":\"Erboristeria Demetra\",\"description\":\"La tua salute al naturale\",\"publisher\":{\"@id\":\"https:\/\/www.erboristerie.com\/it\/#organization\"},\"potentialAction\":[{\"@type\":\"SearchAction\",\"target\":{\"@type\":\"EntryPoint\",\"urlTemplate\":\"https:\/\/www.erboristerie.com\/it\/?s={search_term_string}\"},\"query-input\":{\"@type\":\"PropertyValueSpecification\",\"valueRequired\":true,\"valueName\":\"search_term_string\"}}],\"inLanguage\":\"it-IT\"},{\"@type\":\"Organization\",\"@id\":\"https:\/\/www.erboristerie.com\/it\/#organization\",\"name\":\"Erboristeria Demetra\",\"url\":\"https:\/\/www.erboristerie.com\/it\/\",\"logo\":{\"@type\":\"ImageObject\",\"inLanguage\":\"it-IT\",\"@id\":\"https:\/\/www.erboristerie.com\/it\/#\/schema\/logo\/image\/\",\"url\":\"https:\/\/www.erboristerie.com\/wp-content\/uploads\/2019\/11\/LOGO_ERBORISTERIA_DEMETRA_original.png?v=1611516981\",\"contentUrl\":\"https:\/\/www.erboristerie.com\/wp-content\/uploads\/2019\/11\/LOGO_ERBORISTERIA_DEMETRA_original.png?v=1611516981\",\"width\":201,\"height\":54,\"caption\":\"Erboristeria Demetra\"},\"image\":{\"@id\":\"https:\/\/www.erboristerie.com\/it\/#\/schema\/logo\/image\/\"},\"sameAs\":[\"https:\/\/www.facebook.com\/erboristeria.demetra.online\"]}]}<\/script>\n<!-- \/ Yoast SEO plugin. -->","yoast_head_json":{"title":"Te' Nero Beauty Box Terrazze del Te' edizione limitata L'Erbolario - Erboristeria Demetra","description":"La fragranza T\u00e8 Nero diventa protagonista di un piccolo rituale di bellezza pr\u00eat-\u00e0-porter, racchiuso in una raffinata scatola in tessuto.","robots":{"index":"index","follow":"follow","max-snippet":"max-snippet:-1","max-image-preview":"max-image-preview:large","max-video-preview":"max-video-preview:-1"},"canonical":"https:\/\/www.erboristerie.com\/it\/prodotto\/te-nero-beauty-box-terrazze-del-te-edizione-limitata-lerbolario\/","og_locale":"it_IT","og_type":"article","og_title":"Te' Nero Beauty Box Terrazze del Te' edizione limitata L'Erbolario - Erboristeria Demetra","og_description":"La fragranza T\u00e8 Nero diventa protagonista di un piccolo rituale di bellezza pr\u00eat-\u00e0-porter, racchiuso in una raffinata scatola in tessuto.","og_url":"https:\/\/www.erboristerie.com\/it\/prodotto\/te-nero-beauty-box-terrazze-del-te-edizione-limitata-lerbolario\/","og_site_name":"Erboristeria Demetra","article_publisher":"https:\/\/www.facebook.com\/erboristeria.demetra.online","article_modified_time":"2025-09-10T16:54:33+00:00","og_image":[{"width":900,"height":900,"url":"https:\/\/www.erboristerie.com\/wp-content\/uploads\/2024\/09\/00011574_te_nero_beauty_box_terrazze_del_te_erbolario_erboristerie_com.jpg","type":"image\/jpeg"}],"twitter_card":"summary_large_image","twitter_misc":{"Tempo di lettura stimato":"1 minuto"},"schema":{"@context":"https:\/\/schema.org","@graph":[{"@type":"WebPage","@id":"https:\/\/www.erboristerie.com\/it\/prodotto\/te-nero-beauty-box-terrazze-del-te-edizione-limitata-lerbolario\/","url":"https:\/\/www.erboristerie.com\/it\/prodotto\/te-nero-beauty-box-terrazze-del-te-edizione-limitata-lerbolario\/","name":"Te' Nero Beauty Box Terrazze del Te' edizione limitata L'Erbolario - Erboristeria Demetra","isPartOf":{"@id":"https:\/\/www.erboristerie.com\/it\/#website"},"primaryImageOfPage":{"@id":"https:\/\/www.erboristerie.com\/it\/prodotto\/te-nero-beauty-box-terrazze-del-te-edizione-limitata-lerbolario\/#primaryimage"},"image":{"@id":"https:\/\/www.erboristerie.com\/it\/prodotto\/te-nero-beauty-box-terrazze-del-te-edizione-limitata-lerbolario\/#primaryimage"},"thumbnailUrl":"https:\/\/www.erboristerie.com\/wp-content\/uploads\/2024\/09\/00011574_te_nero_beauty_box_terrazze_del_te_erbolario_erboristerie_com.jpg","datePublished":"2024-09-18T19:20:53+00:00","dateModified":"2025-09-10T16:54:33+00:00","description":"La fragranza T\u00e8 Nero diventa protagonista di un piccolo rituale di bellezza pr\u00eat-\u00e0-porter, racchiuso in una raffinata scatola in tessuto.","breadcrumb":{"@id":"https:\/\/www.erboristerie.com\/it\/prodotto\/te-nero-beauty-box-terrazze-del-te-edizione-limitata-lerbolario\/#breadcrumb"},"inLanguage":"it-IT","potentialAction":[{"@type":"ReadAction","target":["https:\/\/www.erboristerie.com\/it\/prodotto\/te-nero-beauty-box-terrazze-del-te-edizione-limitata-lerbolario\/"]}]},{"@type":"ImageObject","inLanguage":"it-IT","@id":"https:\/\/www.erboristerie.com\/it\/prodotto\/te-nero-beauty-box-terrazze-del-te-edizione-limitata-lerbolario\/#primaryimage","url":"https:\/\/www.erboristerie.com\/wp-content\/uploads\/2024\/09\/00011574_te_nero_beauty_box_terrazze_del_te_erbolario_erboristerie_com.jpg","contentUrl":"https:\/\/www.erboristerie.com\/wp-content\/uploads\/2024\/09\/00011574_te_nero_beauty_box_terrazze_del_te_erbolario_erboristerie_com.jpg","width":900,"height":900},{"@type":"BreadcrumbList","@id":"https:\/\/www.erboristerie.com\/it\/prodotto\/te-nero-beauty-box-terrazze-del-te-edizione-limitata-lerbolario\/#breadcrumb","itemListElement":[{"@type":"ListItem","position":1,"name":"Home","item":"https:\/\/www.erboristerie.com\/it\/"},{"@type":"ListItem","position":2,"name":"Tutti i prodotti","item":"https:\/\/www.erboristerie.com\/it\/tutti-i-prodotti\/"},{"@type":"ListItem","position":3,"name":"Te&#8217; Nero Beauty Box Terrazze del Te&#8217; edizione limitata L&#8217;Erbolario"}]},{"@type":"WebSite","@id":"https:\/\/www.erboristerie.com\/it\/#website","url":"https:\/\/www.erboristerie.com\/it\/","name":"Erboristeria Demetra","description":"La tua salute al naturale","publisher":{"@id":"https:\/\/www.erboristerie.com\/it\/#organization"},"potentialAction":[{"@type":"SearchAction","target":{"@type":"EntryPoint","urlTemplate":"https:\/\/www.erboristerie.com\/it\/?s={search_term_string}"},"query-input":{"@type":"PropertyValueSpecification","valueRequired":true,"valueName":"search_term_string"}}],"inLanguage":"it-IT"},{"@type":"Organization","@id":"https:\/\/www.erboristerie.com\/it\/#organization","name":"Erboristeria Demetra","url":"https:\/\/www.erboristerie.com\/it\/","logo":{"@type":"ImageObject","inLanguage":"it-IT","@id":"https:\/\/www.erboristerie.com\/it\/#\/schema\/logo\/image\/","url":"https:\/\/www.erboristerie.com\/wp-content\/uploads\/2019\/11\/LOGO_ERBORISTERIA_DEMETRA_original.png?v=1611516981","contentUrl":"https:\/\/www.erboristerie.com\/wp-content\/uploads\/2019\/11\/LOGO_ERBORISTERIA_DEMETRA_original.png?v=1611516981","width":201,"height":54,"caption":"Erboristeria Demetra"},"image":{"@id":"https:\/\/www.erboristerie.com\/it\/#\/schema\/logo\/image\/"},"sameAs":["https:\/\/www.facebook.com\/erboristeria.demetra.online"]}]}},"_links":{"self":[{"href":"https:\/\/www.erboristerie.com\/it\/wp-json\/wp\/v2\/product\/127028","targetHints":{"allow":["GET"]}}],"collection":[{"href":"https:\/\/www.erboristerie.com\/it\/wp-json\/wp\/v2\/product"}],"about":[{"href":"https:\/\/www.erboristerie.com\/it\/wp-json\/wp\/v2\/types\/product"}],"wp:featuredmedia":[{"embeddable":true,"href":"https:\/\/www.erboristerie.com\/it\/wp-json\/wp\/v2\/media\/127062"}],"wp:attachment":[{"href":"https:\/\/www.erboristerie.com\/it\/wp-json\/wp\/v2\/media?parent=127028"}],"wp:term":[{"taxonomy":"product_brand","embeddable":true,"href":"https:\/\/www.erboristerie.com\/it\/wp-json\/wp\/v2\/product_brand?post=127028"},{"taxonomy":"product_cat","embeddable":true,"href":"https:\/\/www.erboristerie.com\/it\/wp-json\/wp\/v2\/product_cat?post=127028"},{"taxonomy":"product_tag","embeddable":true,"href":"https:\/\/www.erboristerie.com\/it\/wp-json\/wp\/v2\/product_tag?post=127028"},{"taxonomy":"giftcard-category","embeddable":true,"href":"https:\/\/www.erboristerie.com\/it\/wp-json\/wp\/v2\/giftcard-category?post=127028"}],"curies":[{"name":"wp","href":"https:\/\/api.w.org\/{rel}","templated":true}]}}