{"id":127005,"date":"2024-09-18T21:20:51","date_gmt":"2024-09-18T19:20:51","guid":{"rendered":"https:\/\/www.erboristerie.com\/?post_type=product&#038;p=127005"},"modified":"2025-09-10T18:54:04","modified_gmt":"2025-09-10T16:54:04","slug":"iris-bianco-bagnocrema-profumato-300ml-novita-lerbolario","status":"publish","type":"product","link":"https:\/\/www.erboristerie.com\/it\/prodotto\/iris-bianco-bagnocrema-profumato-300ml-novita-lerbolario\/","title":{"rendered":"Iris Bianco Bagnocrema Profumato 300ml Novit\u00e0 L&#8217;Erbolario"},"content":{"rendered":"<div class=\"p-desc-short text-center-sm\">\n<p><strong>Iris Bianco Bagnocrema Profumato 300ml &#8211; L&#8217;Erbolario<\/strong><\/p>\n<p>Detergente dalla texture cremosa<\/p>\n<p>Candido e puro come petali di Iris Bianco, questo detergente dalla texture cremosa assicura alla pelle delicatissime attenzioni grazie alla presenza di ingredienti di origine naturale, come l\u2019olio di Cotone tensioattivato, l\u2019estratto e l\u2019acqua distillata di Iris Bianco.<\/p>\n<p>La dolce detersione regaler\u00e0 una pelle morbida e vellutata, mentre la fragranza soavemente fiorita offrir\u00e0 un ulteriore piacere ai sensi.<\/p>\n<p><strong>Fragranza femminile, fiorita, speziata <\/strong>con note di Arancia scorze, Pepe Rosa, Iris Bianco, Rosa Turca, Vaniglia, Cardamomo.<\/p>\n<p><strong>Modo d&#8217;uso<\/strong><\/p>\n<p>Una modica quantit\u00e0 di prodotto basta per un ricco bagno o una fragrante doccia, per detergere il corpo con una schiuma dall\u2019 incantevole profumo.<\/p>\n<p><strong>Sostanze funzionali<\/strong><\/p>\n<p>Estratto e acqua distillata di Iris Bianco, olio di Cotone, olio di Cotone tensioattivato.<\/p>\n<p>Senza siliconi, parabeni, tensioattivi solfati e petrolati<br \/>\n96% ingredienti di origine naturale<br \/>\nLa restante percentuale di ingredienti garantisce stabilit\u00e0 e gradevolezza del prodotto.<\/p>\n<p><strong>Cosa sapere in pi\u00f9<\/strong><\/p>\n<p>100% Made in Italy<\/p>\n<p>8 Metalli testati<\/p>\n<p>Dermatologicamente Testato<\/p>\n<p>LAV &#8211; Dalla parte degli animali<\/p>\n<p>Senza ingredienti di derivazione animale<\/p>\n<p><a href=\"https:\/\/www.erboristerie.com\/it\/attribute\/linea-profumazione\/iris-bianco\/\">Clicca qui<\/a> per visualizzate gli altri articoli della linea Iris Bianco<\/p>\n<\/div>\n","protected":false},"excerpt":{"rendered":"<p>Iris Bianco Bagnocrema Profumato 300ml &#8211; L&#8217;Erbolario Detergente dalla texture cremosa Candido e puro come petali di Iris Bianco, questo detergente dalla texture cremosa assicura alla pelle delicatissime attenzioni grazie alla presenza di ingredienti di origine naturale, come l\u2019olio di Cotone tensioattivato, l\u2019estratto e l\u2019acqua&#8230;<\/p>\n","protected":false},"featured_media":127098,"template":"","meta":{"_acf_changed":false},"product_brand":[9603],"product_cat":[49195,45044],"product_tag":[],"giftcard-category":[],"class_list":{"0":"post-127005","1":"product","2":"type-product","3":"status-publish","4":"has-post-thumbnail","6":"product_brand-erbolario","7":"product_cat-linee-profumate","8":"product_cat-detergenza","9":"pa_formato-300-ml","10":"pa_linea-profumazione-iris-bianco","11":"pa_marca-lerbolario","12":"pa_tipologia-bagnoschiuma","14":"first","15":"instock","16":"sale","17":"taxable","18":"shipping-taxable","19":"purchasable","20":"product-type-simple"},"acf":[],"yoast_head":"<!-- This site is optimized with the Yoast SEO plugin v24.9 - https:\/\/yoast.com\/wordpress\/plugins\/seo\/ -->\n<title>Iris Bianco Bagnocrema Profumato 300ml Novit\u00e0 L&#039;Erbolario - Erboristeria Demetra<\/title>\n<meta name=\"description\" content=\"La dolce detersione regaler\u00e0 una pelle morbida e vellutata, mentre la fragranza soavemente fiorita offrir\u00e0 un ulteriore piacere ai sensi.\" \/>\n<meta name=\"robots\" content=\"index, follow, max-snippet:-1, max-image-preview:large, max-video-preview:-1\" \/>\n<link rel=\"canonical\" href=\"https:\/\/www.erboristerie.com\/it\/prodotto\/iris-bianco-bagnocrema-profumato-300ml-novita-lerbolario\/\" \/>\n<meta property=\"og:locale\" content=\"it_IT\" \/>\n<meta property=\"og:type\" content=\"article\" \/>\n<meta property=\"og:title\" content=\"Iris Bianco Bagnocrema Profumato 300ml Novit\u00e0 L&#039;Erbolario - Erboristeria Demetra\" \/>\n<meta property=\"og:description\" content=\"La dolce detersione regaler\u00e0 una pelle morbida e vellutata, mentre la fragranza soavemente fiorita offrir\u00e0 un ulteriore piacere ai sensi.\" \/>\n<meta property=\"og:url\" content=\"https:\/\/www.erboristerie.com\/it\/prodotto\/iris-bianco-bagnocrema-profumato-300ml-novita-lerbolario\/\" \/>\n<meta property=\"og:site_name\" content=\"Erboristeria Demetra\" \/>\n<meta property=\"article:publisher\" content=\"https:\/\/www.facebook.com\/erboristeria.demetra.online\" \/>\n<meta property=\"article:modified_time\" content=\"2025-09-10T16:54:04+00:00\" \/>\n<meta property=\"og:image\" content=\"https:\/\/www.erboristerie.com\/wp-content\/uploads\/2024\/09\/00011551_iris_bianco_bagnocrema_erbolario_erboristerie_com.jpg\" \/>\n\t<meta property=\"og:image:width\" content=\"900\" \/>\n\t<meta property=\"og:image:height\" content=\"900\" \/>\n\t<meta property=\"og:image:type\" content=\"image\/jpeg\" \/>\n<meta name=\"twitter:card\" content=\"summary_large_image\" \/>\n<meta name=\"twitter:label1\" content=\"Tempo di lettura stimato\" \/>\n\t<meta name=\"twitter:data1\" content=\"1 minuto\" \/>\n<script type=\"application\/ld+json\" class=\"yoast-schema-graph\">{\"@context\":\"https:\/\/schema.org\",\"@graph\":[{\"@type\":\"WebPage\",\"@id\":\"https:\/\/www.erboristerie.com\/it\/prodotto\/iris-bianco-bagnocrema-profumato-300ml-novita-lerbolario\/\",\"url\":\"https:\/\/www.erboristerie.com\/it\/prodotto\/iris-bianco-bagnocrema-profumato-300ml-novita-lerbolario\/\",\"name\":\"Iris Bianco Bagnocrema Profumato 300ml Novit\u00e0 L'Erbolario - Erboristeria Demetra\",\"isPartOf\":{\"@id\":\"https:\/\/www.erboristerie.com\/it\/#website\"},\"primaryImageOfPage\":{\"@id\":\"https:\/\/www.erboristerie.com\/it\/prodotto\/iris-bianco-bagnocrema-profumato-300ml-novita-lerbolario\/#primaryimage\"},\"image\":{\"@id\":\"https:\/\/www.erboristerie.com\/it\/prodotto\/iris-bianco-bagnocrema-profumato-300ml-novita-lerbolario\/#primaryimage\"},\"thumbnailUrl\":\"https:\/\/www.erboristerie.com\/wp-content\/uploads\/2024\/09\/00011551_iris_bianco_bagnocrema_erbolario_erboristerie_com.jpg\",\"datePublished\":\"2024-09-18T19:20:51+00:00\",\"dateModified\":\"2025-09-10T16:54:04+00:00\",\"description\":\"La dolce detersione regaler\u00e0 una pelle morbida e vellutata, mentre la fragranza soavemente fiorita offrir\u00e0 un ulteriore piacere ai sensi.\",\"breadcrumb\":{\"@id\":\"https:\/\/www.erboristerie.com\/it\/prodotto\/iris-bianco-bagnocrema-profumato-300ml-novita-lerbolario\/#breadcrumb\"},\"inLanguage\":\"it-IT\",\"potentialAction\":[{\"@type\":\"ReadAction\",\"target\":[\"https:\/\/www.erboristerie.com\/it\/prodotto\/iris-bianco-bagnocrema-profumato-300ml-novita-lerbolario\/\"]}]},{\"@type\":\"ImageObject\",\"inLanguage\":\"it-IT\",\"@id\":\"https:\/\/www.erboristerie.com\/it\/prodotto\/iris-bianco-bagnocrema-profumato-300ml-novita-lerbolario\/#primaryimage\",\"url\":\"https:\/\/www.erboristerie.com\/wp-content\/uploads\/2024\/09\/00011551_iris_bianco_bagnocrema_erbolario_erboristerie_com.jpg\",\"contentUrl\":\"https:\/\/www.erboristerie.com\/wp-content\/uploads\/2024\/09\/00011551_iris_bianco_bagnocrema_erbolario_erboristerie_com.jpg\",\"width\":900,\"height\":900},{\"@type\":\"BreadcrumbList\",\"@id\":\"https:\/\/www.erboristerie.com\/it\/prodotto\/iris-bianco-bagnocrema-profumato-300ml-novita-lerbolario\/#breadcrumb\",\"itemListElement\":[{\"@type\":\"ListItem\",\"position\":1,\"name\":\"Home\",\"item\":\"https:\/\/www.erboristerie.com\/it\/\"},{\"@type\":\"ListItem\",\"position\":2,\"name\":\"Tutti i prodotti\",\"item\":\"https:\/\/www.erboristerie.com\/it\/tutti-i-prodotti\/\"},{\"@type\":\"ListItem\",\"position\":3,\"name\":\"Iris Bianco Bagnocrema Profumato 300ml Novit\u00e0 L&#8217;Erbolario\"}]},{\"@type\":\"WebSite\",\"@id\":\"https:\/\/www.erboristerie.com\/it\/#website\",\"url\":\"https:\/\/www.erboristerie.com\/it\/\",\"name\":\"Erboristeria Demetra\",\"description\":\"La tua salute al naturale\",\"publisher\":{\"@id\":\"https:\/\/www.erboristerie.com\/it\/#organization\"},\"potentialAction\":[{\"@type\":\"SearchAction\",\"target\":{\"@type\":\"EntryPoint\",\"urlTemplate\":\"https:\/\/www.erboristerie.com\/it\/?s={search_term_string}\"},\"query-input\":{\"@type\":\"PropertyValueSpecification\",\"valueRequired\":true,\"valueName\":\"search_term_string\"}}],\"inLanguage\":\"it-IT\"},{\"@type\":\"Organization\",\"@id\":\"https:\/\/www.erboristerie.com\/it\/#organization\",\"name\":\"Erboristeria Demetra\",\"url\":\"https:\/\/www.erboristerie.com\/it\/\",\"logo\":{\"@type\":\"ImageObject\",\"inLanguage\":\"it-IT\",\"@id\":\"https:\/\/www.erboristerie.com\/it\/#\/schema\/logo\/image\/\",\"url\":\"https:\/\/www.erboristerie.com\/wp-content\/uploads\/2019\/11\/LOGO_ERBORISTERIA_DEMETRA_original.png?v=1611516981\",\"contentUrl\":\"https:\/\/www.erboristerie.com\/wp-content\/uploads\/2019\/11\/LOGO_ERBORISTERIA_DEMETRA_original.png?v=1611516981\",\"width\":201,\"height\":54,\"caption\":\"Erboristeria Demetra\"},\"image\":{\"@id\":\"https:\/\/www.erboristerie.com\/it\/#\/schema\/logo\/image\/\"},\"sameAs\":[\"https:\/\/www.facebook.com\/erboristeria.demetra.online\"]}]}<\/script>\n<!-- \/ Yoast SEO plugin. -->","yoast_head_json":{"title":"Iris Bianco Bagnocrema Profumato 300ml Novit\u00e0 L'Erbolario - Erboristeria Demetra","description":"La dolce detersione regaler\u00e0 una pelle morbida e vellutata, mentre la fragranza soavemente fiorita offrir\u00e0 un ulteriore piacere ai sensi.","robots":{"index":"index","follow":"follow","max-snippet":"max-snippet:-1","max-image-preview":"max-image-preview:large","max-video-preview":"max-video-preview:-1"},"canonical":"https:\/\/www.erboristerie.com\/it\/prodotto\/iris-bianco-bagnocrema-profumato-300ml-novita-lerbolario\/","og_locale":"it_IT","og_type":"article","og_title":"Iris Bianco Bagnocrema Profumato 300ml Novit\u00e0 L'Erbolario - Erboristeria Demetra","og_description":"La dolce detersione regaler\u00e0 una pelle morbida e vellutata, mentre la fragranza soavemente fiorita offrir\u00e0 un ulteriore piacere ai sensi.","og_url":"https:\/\/www.erboristerie.com\/it\/prodotto\/iris-bianco-bagnocrema-profumato-300ml-novita-lerbolario\/","og_site_name":"Erboristeria Demetra","article_publisher":"https:\/\/www.facebook.com\/erboristeria.demetra.online","article_modified_time":"2025-09-10T16:54:04+00:00","og_image":[{"width":900,"height":900,"url":"https:\/\/www.erboristerie.com\/wp-content\/uploads\/2024\/09\/00011551_iris_bianco_bagnocrema_erbolario_erboristerie_com.jpg","type":"image\/jpeg"}],"twitter_card":"summary_large_image","twitter_misc":{"Tempo di lettura stimato":"1 minuto"},"schema":{"@context":"https:\/\/schema.org","@graph":[{"@type":"WebPage","@id":"https:\/\/www.erboristerie.com\/it\/prodotto\/iris-bianco-bagnocrema-profumato-300ml-novita-lerbolario\/","url":"https:\/\/www.erboristerie.com\/it\/prodotto\/iris-bianco-bagnocrema-profumato-300ml-novita-lerbolario\/","name":"Iris Bianco Bagnocrema Profumato 300ml Novit\u00e0 L'Erbolario - Erboristeria Demetra","isPartOf":{"@id":"https:\/\/www.erboristerie.com\/it\/#website"},"primaryImageOfPage":{"@id":"https:\/\/www.erboristerie.com\/it\/prodotto\/iris-bianco-bagnocrema-profumato-300ml-novita-lerbolario\/#primaryimage"},"image":{"@id":"https:\/\/www.erboristerie.com\/it\/prodotto\/iris-bianco-bagnocrema-profumato-300ml-novita-lerbolario\/#primaryimage"},"thumbnailUrl":"https:\/\/www.erboristerie.com\/wp-content\/uploads\/2024\/09\/00011551_iris_bianco_bagnocrema_erbolario_erboristerie_com.jpg","datePublished":"2024-09-18T19:20:51+00:00","dateModified":"2025-09-10T16:54:04+00:00","description":"La dolce detersione regaler\u00e0 una pelle morbida e vellutata, mentre la fragranza soavemente fiorita offrir\u00e0 un ulteriore piacere ai sensi.","breadcrumb":{"@id":"https:\/\/www.erboristerie.com\/it\/prodotto\/iris-bianco-bagnocrema-profumato-300ml-novita-lerbolario\/#breadcrumb"},"inLanguage":"it-IT","potentialAction":[{"@type":"ReadAction","target":["https:\/\/www.erboristerie.com\/it\/prodotto\/iris-bianco-bagnocrema-profumato-300ml-novita-lerbolario\/"]}]},{"@type":"ImageObject","inLanguage":"it-IT","@id":"https:\/\/www.erboristerie.com\/it\/prodotto\/iris-bianco-bagnocrema-profumato-300ml-novita-lerbolario\/#primaryimage","url":"https:\/\/www.erboristerie.com\/wp-content\/uploads\/2024\/09\/00011551_iris_bianco_bagnocrema_erbolario_erboristerie_com.jpg","contentUrl":"https:\/\/www.erboristerie.com\/wp-content\/uploads\/2024\/09\/00011551_iris_bianco_bagnocrema_erbolario_erboristerie_com.jpg","width":900,"height":900},{"@type":"BreadcrumbList","@id":"https:\/\/www.erboristerie.com\/it\/prodotto\/iris-bianco-bagnocrema-profumato-300ml-novita-lerbolario\/#breadcrumb","itemListElement":[{"@type":"ListItem","position":1,"name":"Home","item":"https:\/\/www.erboristerie.com\/it\/"},{"@type":"ListItem","position":2,"name":"Tutti i prodotti","item":"https:\/\/www.erboristerie.com\/it\/tutti-i-prodotti\/"},{"@type":"ListItem","position":3,"name":"Iris Bianco Bagnocrema Profumato 300ml Novit\u00e0 L&#8217;Erbolario"}]},{"@type":"WebSite","@id":"https:\/\/www.erboristerie.com\/it\/#website","url":"https:\/\/www.erboristerie.com\/it\/","name":"Erboristeria Demetra","description":"La tua salute al naturale","publisher":{"@id":"https:\/\/www.erboristerie.com\/it\/#organization"},"potentialAction":[{"@type":"SearchAction","target":{"@type":"EntryPoint","urlTemplate":"https:\/\/www.erboristerie.com\/it\/?s={search_term_string}"},"query-input":{"@type":"PropertyValueSpecification","valueRequired":true,"valueName":"search_term_string"}}],"inLanguage":"it-IT"},{"@type":"Organization","@id":"https:\/\/www.erboristerie.com\/it\/#organization","name":"Erboristeria Demetra","url":"https:\/\/www.erboristerie.com\/it\/","logo":{"@type":"ImageObject","inLanguage":"it-IT","@id":"https:\/\/www.erboristerie.com\/it\/#\/schema\/logo\/image\/","url":"https:\/\/www.erboristerie.com\/wp-content\/uploads\/2019\/11\/LOGO_ERBORISTERIA_DEMETRA_original.png?v=1611516981","contentUrl":"https:\/\/www.erboristerie.com\/wp-content\/uploads\/2019\/11\/LOGO_ERBORISTERIA_DEMETRA_original.png?v=1611516981","width":201,"height":54,"caption":"Erboristeria Demetra"},"image":{"@id":"https:\/\/www.erboristerie.com\/it\/#\/schema\/logo\/image\/"},"sameAs":["https:\/\/www.facebook.com\/erboristeria.demetra.online"]}]}},"_links":{"self":[{"href":"https:\/\/www.erboristerie.com\/it\/wp-json\/wp\/v2\/product\/127005","targetHints":{"allow":["GET"]}}],"collection":[{"href":"https:\/\/www.erboristerie.com\/it\/wp-json\/wp\/v2\/product"}],"about":[{"href":"https:\/\/www.erboristerie.com\/it\/wp-json\/wp\/v2\/types\/product"}],"wp:featuredmedia":[{"embeddable":true,"href":"https:\/\/www.erboristerie.com\/it\/wp-json\/wp\/v2\/media\/127098"}],"wp:attachment":[{"href":"https:\/\/www.erboristerie.com\/it\/wp-json\/wp\/v2\/media?parent=127005"}],"wp:term":[{"taxonomy":"product_brand","embeddable":true,"href":"https:\/\/www.erboristerie.com\/it\/wp-json\/wp\/v2\/product_brand?post=127005"},{"taxonomy":"product_cat","embeddable":true,"href":"https:\/\/www.erboristerie.com\/it\/wp-json\/wp\/v2\/product_cat?post=127005"},{"taxonomy":"product_tag","embeddable":true,"href":"https:\/\/www.erboristerie.com\/it\/wp-json\/wp\/v2\/product_tag?post=127005"},{"taxonomy":"giftcard-category","embeddable":true,"href":"https:\/\/www.erboristerie.com\/it\/wp-json\/wp\/v2\/giftcard-category?post=127005"}],"curies":[{"name":"wp","href":"https:\/\/api.w.org\/{rel}","templated":true}]}}