{"id":125965,"date":"2024-05-09T17:50:36","date_gmt":"2024-05-09T15:50:36","guid":{"rendered":"https:\/\/www.erboristerie.com\/?post_type=product&#038;p=125965"},"modified":"2025-04-04T09:32:19","modified_gmt":"2025-04-04T07:32:19","slug":"pdr-integratori-nutrizionali-782-pagine-edizione-italiana-cec-editore","status":"publish","type":"product","link":"https:\/\/www.erboristerie.com\/it\/prodotto\/pdr-integratori-nutrizionali-782-pagine-edizione-italiana-cec-editore\/","title":{"rendered":"PDR &#8211; Integratori Nutrizionali 782 pagine Edizione Italiana CEC editore"},"content":{"rendered":"<p><strong>PDR &#8211; Integratori Nutrizionali<\/strong><\/p>\n<p>Sheldon S. Hendler, David Rorvik<\/p>\n<p>782 pagine<\/p>\n<p>Nuova Edizione Italiana 2010 dalla II edizione Inglese<\/p>\n<p>CEC editore<\/p>\n<p>Rispetto alla versione del 2003, nella Nuova Edizione del PDR Integratori Nutrizionali sono state aggiunte 30 monografie (ad esempio fisetina, baicaleina, curcuminoidi) e tutte le monografie sono state aggiornate con nuove informazioni e referenze bibliografiche.<\/p>\n<p>Complessivamente il testo, rivolto a medici, professionisti della salute e consumatori, comprende 239 monografie che includono, tra gli altri, vitamine, minerali, aminoacidi, acidi grassi, oligopeptidi, acidi nucleici, probiotici, fito-terapici&#8230;<\/p>\n<p>Ogni monografia si compone di 9 sezioni:<\/p>\n<ol>\n<li>Descrizione Questa sezione fornisce un dettagliato esame sulla natura della sostanza e la sua biochimica nel-<br \/>\nl&#8217;uomo, assieme alla sua precisa struttura chimica.<\/li>\n<li>Effetti e Farmacologia Sono illustrate con ampiezza le funzioni degli integratori e i meccanismi attraverso cui esercitano i loro effetti e la loro farmacocinetica, inclusi l&#8217;assorbimento, il metabolismo e l&#8217;escrezione.<\/li>\n<li>Indicazioni e uso Sono descritti gli usi terapeutici specifici proposti per gli integratori che vanno dalle indicazioni accettate alle pi\u00f9 ipotetiche possibilit\u00e0.<\/li>\n<li>Sommario delle ricerche Questa sezione riporta tutte le attivit\u00e0 vantate e ne esamina la validit\u00e0. Sono incluse le pi\u00f9 importanti scoperte e valutazioni pro e contro, tratte da rassegne retrospettive, meta-analisi ed esperimenti clinici controllati.<\/li>\n<li>Controindicazioni, precauzioni, effetti indesiderati In questa sezione potrete trovare importanti considerazioni sulla sicurezza, da non sottovalutare quando si prescrivono integratori e durante il controllo dello stato di salute del paziente.<\/li>\n<li>Interazioni Sono qui elencati i farmaci, le erbe, i cibi e gli integratori con cui la sostanza pu\u00f2 interagire. E&#8217; riportato l&#8217;effetto di ciascuna combinazione, insieme all&#8217;appropriata decisione da prendere per evitare le interazioni indesiderate.<\/li>\n<li>Sovradosaggio Questa sezione illustra la sintomatologia del sovradosaggio (quella nota) e riassume gli interventi di emergenza.<\/li>\n<li>Dosaggio e somministrazione Sono descritte le istruzioni per i dosaggi-tipo per ciascun integratore e le speciali precauzioni da osservare durante la somministrazione.<\/li>\n<li>Bibliografia Sono riportati i pi\u00f9 importanti lavori pubblicati nella letteratura clinica.<\/li>\n<\/ol>\n<p>Le monografie sono state indicizzate con il nome dell&#8217;integratore, la categoria nutrizionale, i disturbi e le patologie e gli effetti indesiderati, oltre alle interazioni citate, in modo da facilitare il Lettore a trovare velocemente<br \/>\nl&#8217;informazione di interesse.<\/p>\n<p>Dove riportati, gli Apporti Dietetici di Riferimento (DRI) sono quelli introdotti dal US Food and Nutritional Board of the Institute of Medicine (1997-2001) e comprendono: RDA (Apporto Giornaliero Raccomandato), AI (Apporto<br \/>\nAdeguato), utilizzato nei casi in cui non \u00e8 determinato I&#8217;RDA, e UL (Livello Massimo Tollerabile).<\/p>\n<p>PDR for Nutritional Supplements \u00e8 il risultato di una delle pi\u00f9 complete ed esaustive indagini sulla letteratura mai intraprese.<\/p>\n<p>Come in ogni indagine scientifica, le conclusioni che riguardano l&#8217;efficacia degli integratori di cui si tratta in questo compendio, sono basate sulle prevalenti evidenze attuali e non possono essere considerate consolidate o definitive.<\/p>\n<p>L&#8217;editore non pu\u00f2 garantire che ogni sostanza possa essere efficace cos\u00ec come descritto dai ricercatori citati. Inoltre \u00e8 bene ricordare che i prodotti citati in questo libro sono commercializzati secondo le norme del Dietary Supplement and Health Education Act of 1994, che proibisce la loro vendita per la dia-gnosi, il trattamento, la cura o la prevenzione di qualsiasi malattia.<\/p>\n<p>Le monografie di questo compendio illustrano le scoperte scientifiche che riguardano la sostanza stessa, e che non dovrebbero essere intese come una raccomandazione all&#8217;uso di prodotti in commercio.<\/p>\n<p>E&#8217; bene ricordare inoltre che la potenza e la purezza degli integratori alimentari sono soggette a sostanziali variazioni.<\/p>\n<p>I dosaggi riportati nelle monografie devono perci\u00f2 essere usati solo come linea guida generale. Similmente, le informazioni riportate sulla sicurezza si riferiscono solo alla sostanza stessa e non agli effetti di sostanze adulteranti e di variazioni avvenute durante il processo di produzione.<\/p>\n<p>Inoltre l&#8217;editore non garantisce la citazione di tutti i possibili rischi, effetti indesiderati, controindicazioni, precauzioni e conseguenze da overdose.<\/p>\n<p>L&#8217;editore non ha effettuato sue indipendenti verifiche sui dati riportati nelle monografie, ed espressamente declina ogni responsabilit\u00e0 per qualsiasi errore, sia contenuto nell&#8217;opera letteraria qui pubblicata, sia risultante da errate traduzioni, trascrizioni o composizioni\u00a0tipografiche.<\/p>\n","protected":false},"excerpt":{"rendered":"<p>PDR &#8211; Integratori Nutrizionali Sheldon S. Hendler, David Rorvik 782 pagine Nuova Edizione Italiana 2010 dalla II edizione Inglese CEC editore Rispetto alla versione del 2003, nella Nuova Edizione del PDR Integratori Nutrizionali sono state aggiunte 30 monografie (ad esempio fisetina, baicaleina, curcuminoidi) e tutte&#8230;<\/p>\n","protected":false},"featured_media":125967,"template":"","meta":{"_acf_changed":false},"product_brand":[9617],"product_cat":[9959],"product_tag":[20528,13337,13339,13338],"giftcard-category":[],"class_list":{"0":"post-125965","1":"product","2":"type-product","3":"status-publish","4":"has-post-thumbnail","6":"product_brand-erbamea","7":"product_cat-libri","8":"product_tag-erbamea","9":"product_tag-italia","10":"product_tag-medicinali","11":"product_tag-piante","13":"first","14":"instock","15":"sale","16":"taxable","17":"shipping-taxable","18":"purchasable","19":"product-type-simple"},"acf":[],"yoast_head":"<!-- This site is optimized with the Yoast SEO plugin v24.9 - https:\/\/yoast.com\/wordpress\/plugins\/seo\/ -->\n<title>PDR - Integratori Nutrizionali 782 pagine Edizione Italiana CEC editore - Erboristeria Demetra<\/title>\n<meta name=\"description\" content=\"Complessivamente il testo, rivolto a medici, professionisti della salute e consumatori, comprende vitamine, minerali, aminoacidi, acidi grassi, oligopeptidi, acidi nucleici, probiotici, fito-terapici...\" \/>\n<meta name=\"robots\" content=\"index, follow, max-snippet:-1, max-image-preview:large, max-video-preview:-1\" \/>\n<link rel=\"canonical\" href=\"https:\/\/www.erboristerie.com\/it\/prodotto\/pdr-integratori-nutrizionali-782-pagine-edizione-italiana-cec-editore\/\" \/>\n<meta property=\"og:locale\" content=\"it_IT\" \/>\n<meta property=\"og:type\" content=\"article\" \/>\n<meta property=\"og:title\" content=\"PDR - Integratori Nutrizionali 782 pagine Edizione Italiana CEC editore - Erboristeria Demetra\" \/>\n<meta property=\"og:description\" content=\"Complessivamente il testo, rivolto a medici, professionisti della salute e consumatori, comprende vitamine, minerali, aminoacidi, acidi grassi, oligopeptidi, acidi nucleici, probiotici, fito-terapici...\" \/>\n<meta property=\"og:url\" content=\"https:\/\/www.erboristerie.com\/it\/prodotto\/pdr-integratori-nutrizionali-782-pagine-edizione-italiana-cec-editore\/\" \/>\n<meta property=\"og:site_name\" content=\"Erboristeria Demetra\" \/>\n<meta property=\"article:publisher\" content=\"https:\/\/www.facebook.com\/erboristeria.demetra.online\" \/>\n<meta property=\"article:modified_time\" content=\"2025-04-04T07:32:19+00:00\" \/>\n<meta property=\"og:image\" content=\"https:\/\/www.erboristerie.com\/wp-content\/uploads\/2024\/05\/00008550-PDR-INTEGRATORI-NUTRIZIONALI-ERBORISTERIE-COM.jpg\" \/>\n\t<meta property=\"og:image:width\" content=\"803\" \/>\n\t<meta property=\"og:image:height\" content=\"1146\" \/>\n\t<meta property=\"og:image:type\" content=\"image\/jpeg\" \/>\n<meta name=\"twitter:card\" content=\"summary_large_image\" \/>\n<meta name=\"twitter:label1\" content=\"Tempo di lettura stimato\" \/>\n\t<meta name=\"twitter:data1\" content=\"4 minuti\" \/>\n<script type=\"application\/ld+json\" class=\"yoast-schema-graph\">{\"@context\":\"https:\/\/schema.org\",\"@graph\":[{\"@type\":\"WebPage\",\"@id\":\"https:\/\/www.erboristerie.com\/it\/prodotto\/pdr-integratori-nutrizionali-782-pagine-edizione-italiana-cec-editore\/\",\"url\":\"https:\/\/www.erboristerie.com\/it\/prodotto\/pdr-integratori-nutrizionali-782-pagine-edizione-italiana-cec-editore\/\",\"name\":\"PDR - Integratori Nutrizionali 782 pagine Edizione Italiana CEC editore - Erboristeria Demetra\",\"isPartOf\":{\"@id\":\"https:\/\/www.erboristerie.com\/it\/#website\"},\"primaryImageOfPage\":{\"@id\":\"https:\/\/www.erboristerie.com\/it\/prodotto\/pdr-integratori-nutrizionali-782-pagine-edizione-italiana-cec-editore\/#primaryimage\"},\"image\":{\"@id\":\"https:\/\/www.erboristerie.com\/it\/prodotto\/pdr-integratori-nutrizionali-782-pagine-edizione-italiana-cec-editore\/#primaryimage\"},\"thumbnailUrl\":\"https:\/\/www.erboristerie.com\/wp-content\/uploads\/2024\/05\/00008550-PDR-INTEGRATORI-NUTRIZIONALI-ERBORISTERIE-COM.jpg\",\"datePublished\":\"2024-05-09T15:50:36+00:00\",\"dateModified\":\"2025-04-04T07:32:19+00:00\",\"description\":\"Complessivamente il testo, rivolto a medici, professionisti della salute e consumatori, comprende vitamine, minerali, aminoacidi, acidi grassi, oligopeptidi, acidi nucleici, probiotici, fito-terapici...\",\"breadcrumb\":{\"@id\":\"https:\/\/www.erboristerie.com\/it\/prodotto\/pdr-integratori-nutrizionali-782-pagine-edizione-italiana-cec-editore\/#breadcrumb\"},\"inLanguage\":\"it-IT\",\"potentialAction\":[{\"@type\":\"ReadAction\",\"target\":[\"https:\/\/www.erboristerie.com\/it\/prodotto\/pdr-integratori-nutrizionali-782-pagine-edizione-italiana-cec-editore\/\"]}]},{\"@type\":\"ImageObject\",\"inLanguage\":\"it-IT\",\"@id\":\"https:\/\/www.erboristerie.com\/it\/prodotto\/pdr-integratori-nutrizionali-782-pagine-edizione-italiana-cec-editore\/#primaryimage\",\"url\":\"https:\/\/www.erboristerie.com\/wp-content\/uploads\/2024\/05\/00008550-PDR-INTEGRATORI-NUTRIZIONALI-ERBORISTERIE-COM.jpg\",\"contentUrl\":\"https:\/\/www.erboristerie.com\/wp-content\/uploads\/2024\/05\/00008550-PDR-INTEGRATORI-NUTRIZIONALI-ERBORISTERIE-COM.jpg\",\"width\":803,\"height\":1146},{\"@type\":\"BreadcrumbList\",\"@id\":\"https:\/\/www.erboristerie.com\/it\/prodotto\/pdr-integratori-nutrizionali-782-pagine-edizione-italiana-cec-editore\/#breadcrumb\",\"itemListElement\":[{\"@type\":\"ListItem\",\"position\":1,\"name\":\"Home\",\"item\":\"https:\/\/www.erboristerie.com\/it\/\"},{\"@type\":\"ListItem\",\"position\":2,\"name\":\"Tutti i prodotti\",\"item\":\"https:\/\/www.erboristerie.com\/it\/tutti-i-prodotti\/\"},{\"@type\":\"ListItem\",\"position\":3,\"name\":\"PDR &#8211; Integratori Nutrizionali 782 pagine Edizione Italiana CEC editore\"}]},{\"@type\":\"WebSite\",\"@id\":\"https:\/\/www.erboristerie.com\/it\/#website\",\"url\":\"https:\/\/www.erboristerie.com\/it\/\",\"name\":\"Erboristeria Demetra\",\"description\":\"La tua salute al naturale\",\"publisher\":{\"@id\":\"https:\/\/www.erboristerie.com\/it\/#organization\"},\"potentialAction\":[{\"@type\":\"SearchAction\",\"target\":{\"@type\":\"EntryPoint\",\"urlTemplate\":\"https:\/\/www.erboristerie.com\/it\/?s={search_term_string}\"},\"query-input\":{\"@type\":\"PropertyValueSpecification\",\"valueRequired\":true,\"valueName\":\"search_term_string\"}}],\"inLanguage\":\"it-IT\"},{\"@type\":\"Organization\",\"@id\":\"https:\/\/www.erboristerie.com\/it\/#organization\",\"name\":\"Erboristeria Demetra\",\"url\":\"https:\/\/www.erboristerie.com\/it\/\",\"logo\":{\"@type\":\"ImageObject\",\"inLanguage\":\"it-IT\",\"@id\":\"https:\/\/www.erboristerie.com\/it\/#\/schema\/logo\/image\/\",\"url\":\"https:\/\/www.erboristerie.com\/wp-content\/uploads\/2019\/11\/LOGO_ERBORISTERIA_DEMETRA_original.png?v=1611516981\",\"contentUrl\":\"https:\/\/www.erboristerie.com\/wp-content\/uploads\/2019\/11\/LOGO_ERBORISTERIA_DEMETRA_original.png?v=1611516981\",\"width\":201,\"height\":54,\"caption\":\"Erboristeria Demetra\"},\"image\":{\"@id\":\"https:\/\/www.erboristerie.com\/it\/#\/schema\/logo\/image\/\"},\"sameAs\":[\"https:\/\/www.facebook.com\/erboristeria.demetra.online\"]}]}<\/script>\n<!-- \/ Yoast SEO plugin. -->","yoast_head_json":{"title":"PDR - Integratori Nutrizionali 782 pagine Edizione Italiana CEC editore - Erboristeria Demetra","description":"Complessivamente il testo, rivolto a medici, professionisti della salute e consumatori, comprende vitamine, minerali, aminoacidi, acidi grassi, oligopeptidi, acidi nucleici, probiotici, fito-terapici...","robots":{"index":"index","follow":"follow","max-snippet":"max-snippet:-1","max-image-preview":"max-image-preview:large","max-video-preview":"max-video-preview:-1"},"canonical":"https:\/\/www.erboristerie.com\/it\/prodotto\/pdr-integratori-nutrizionali-782-pagine-edizione-italiana-cec-editore\/","og_locale":"it_IT","og_type":"article","og_title":"PDR - Integratori Nutrizionali 782 pagine Edizione Italiana CEC editore - Erboristeria Demetra","og_description":"Complessivamente il testo, rivolto a medici, professionisti della salute e consumatori, comprende vitamine, minerali, aminoacidi, acidi grassi, oligopeptidi, acidi nucleici, probiotici, fito-terapici...","og_url":"https:\/\/www.erboristerie.com\/it\/prodotto\/pdr-integratori-nutrizionali-782-pagine-edizione-italiana-cec-editore\/","og_site_name":"Erboristeria Demetra","article_publisher":"https:\/\/www.facebook.com\/erboristeria.demetra.online","article_modified_time":"2025-04-04T07:32:19+00:00","og_image":[{"width":803,"height":1146,"url":"https:\/\/www.erboristerie.com\/wp-content\/uploads\/2024\/05\/00008550-PDR-INTEGRATORI-NUTRIZIONALI-ERBORISTERIE-COM.jpg","type":"image\/jpeg"}],"twitter_card":"summary_large_image","twitter_misc":{"Tempo di lettura stimato":"4 minuti"},"schema":{"@context":"https:\/\/schema.org","@graph":[{"@type":"WebPage","@id":"https:\/\/www.erboristerie.com\/it\/prodotto\/pdr-integratori-nutrizionali-782-pagine-edizione-italiana-cec-editore\/","url":"https:\/\/www.erboristerie.com\/it\/prodotto\/pdr-integratori-nutrizionali-782-pagine-edizione-italiana-cec-editore\/","name":"PDR - Integratori Nutrizionali 782 pagine Edizione Italiana CEC editore - Erboristeria Demetra","isPartOf":{"@id":"https:\/\/www.erboristerie.com\/it\/#website"},"primaryImageOfPage":{"@id":"https:\/\/www.erboristerie.com\/it\/prodotto\/pdr-integratori-nutrizionali-782-pagine-edizione-italiana-cec-editore\/#primaryimage"},"image":{"@id":"https:\/\/www.erboristerie.com\/it\/prodotto\/pdr-integratori-nutrizionali-782-pagine-edizione-italiana-cec-editore\/#primaryimage"},"thumbnailUrl":"https:\/\/www.erboristerie.com\/wp-content\/uploads\/2024\/05\/00008550-PDR-INTEGRATORI-NUTRIZIONALI-ERBORISTERIE-COM.jpg","datePublished":"2024-05-09T15:50:36+00:00","dateModified":"2025-04-04T07:32:19+00:00","description":"Complessivamente il testo, rivolto a medici, professionisti della salute e consumatori, comprende vitamine, minerali, aminoacidi, acidi grassi, oligopeptidi, acidi nucleici, probiotici, fito-terapici...","breadcrumb":{"@id":"https:\/\/www.erboristerie.com\/it\/prodotto\/pdr-integratori-nutrizionali-782-pagine-edizione-italiana-cec-editore\/#breadcrumb"},"inLanguage":"it-IT","potentialAction":[{"@type":"ReadAction","target":["https:\/\/www.erboristerie.com\/it\/prodotto\/pdr-integratori-nutrizionali-782-pagine-edizione-italiana-cec-editore\/"]}]},{"@type":"ImageObject","inLanguage":"it-IT","@id":"https:\/\/www.erboristerie.com\/it\/prodotto\/pdr-integratori-nutrizionali-782-pagine-edizione-italiana-cec-editore\/#primaryimage","url":"https:\/\/www.erboristerie.com\/wp-content\/uploads\/2024\/05\/00008550-PDR-INTEGRATORI-NUTRIZIONALI-ERBORISTERIE-COM.jpg","contentUrl":"https:\/\/www.erboristerie.com\/wp-content\/uploads\/2024\/05\/00008550-PDR-INTEGRATORI-NUTRIZIONALI-ERBORISTERIE-COM.jpg","width":803,"height":1146},{"@type":"BreadcrumbList","@id":"https:\/\/www.erboristerie.com\/it\/prodotto\/pdr-integratori-nutrizionali-782-pagine-edizione-italiana-cec-editore\/#breadcrumb","itemListElement":[{"@type":"ListItem","position":1,"name":"Home","item":"https:\/\/www.erboristerie.com\/it\/"},{"@type":"ListItem","position":2,"name":"Tutti i prodotti","item":"https:\/\/www.erboristerie.com\/it\/tutti-i-prodotti\/"},{"@type":"ListItem","position":3,"name":"PDR &#8211; Integratori Nutrizionali 782 pagine Edizione Italiana CEC editore"}]},{"@type":"WebSite","@id":"https:\/\/www.erboristerie.com\/it\/#website","url":"https:\/\/www.erboristerie.com\/it\/","name":"Erboristeria Demetra","description":"La tua salute al naturale","publisher":{"@id":"https:\/\/www.erboristerie.com\/it\/#organization"},"potentialAction":[{"@type":"SearchAction","target":{"@type":"EntryPoint","urlTemplate":"https:\/\/www.erboristerie.com\/it\/?s={search_term_string}"},"query-input":{"@type":"PropertyValueSpecification","valueRequired":true,"valueName":"search_term_string"}}],"inLanguage":"it-IT"},{"@type":"Organization","@id":"https:\/\/www.erboristerie.com\/it\/#organization","name":"Erboristeria Demetra","url":"https:\/\/www.erboristerie.com\/it\/","logo":{"@type":"ImageObject","inLanguage":"it-IT","@id":"https:\/\/www.erboristerie.com\/it\/#\/schema\/logo\/image\/","url":"https:\/\/www.erboristerie.com\/wp-content\/uploads\/2019\/11\/LOGO_ERBORISTERIA_DEMETRA_original.png?v=1611516981","contentUrl":"https:\/\/www.erboristerie.com\/wp-content\/uploads\/2019\/11\/LOGO_ERBORISTERIA_DEMETRA_original.png?v=1611516981","width":201,"height":54,"caption":"Erboristeria Demetra"},"image":{"@id":"https:\/\/www.erboristerie.com\/it\/#\/schema\/logo\/image\/"},"sameAs":["https:\/\/www.facebook.com\/erboristeria.demetra.online"]}]}},"_links":{"self":[{"href":"https:\/\/www.erboristerie.com\/it\/wp-json\/wp\/v2\/product\/125965","targetHints":{"allow":["GET"]}}],"collection":[{"href":"https:\/\/www.erboristerie.com\/it\/wp-json\/wp\/v2\/product"}],"about":[{"href":"https:\/\/www.erboristerie.com\/it\/wp-json\/wp\/v2\/types\/product"}],"wp:featuredmedia":[{"embeddable":true,"href":"https:\/\/www.erboristerie.com\/it\/wp-json\/wp\/v2\/media\/125967"}],"wp:attachment":[{"href":"https:\/\/www.erboristerie.com\/it\/wp-json\/wp\/v2\/media?parent=125965"}],"wp:term":[{"taxonomy":"product_brand","embeddable":true,"href":"https:\/\/www.erboristerie.com\/it\/wp-json\/wp\/v2\/product_brand?post=125965"},{"taxonomy":"product_cat","embeddable":true,"href":"https:\/\/www.erboristerie.com\/it\/wp-json\/wp\/v2\/product_cat?post=125965"},{"taxonomy":"product_tag","embeddable":true,"href":"https:\/\/www.erboristerie.com\/it\/wp-json\/wp\/v2\/product_tag?post=125965"},{"taxonomy":"giftcard-category","embeddable":true,"href":"https:\/\/www.erboristerie.com\/it\/wp-json\/wp\/v2\/giftcard-category?post=125965"}],"curies":[{"name":"wp","href":"https:\/\/api.w.org\/{rel}","templated":true}]}}