{"id":123610,"date":"2023-10-15T09:46:24","date_gmt":"2023-10-15T07:46:24","guid":{"rendered":"https:\/\/www.erboristerie.com\/?post_type=product&#038;p=123610"},"modified":"2025-11-26T13:13:32","modified_gmt":"2025-11-26T12:13:32","slug":"kit-barba-perfetta-note-di-mirto-natures-ed-limitata","status":"publish","type":"product","link":"https:\/\/www.erboristerie.com\/it\/prodotto\/kit-barba-perfetta-note-di-mirto-natures-ed-limitata\/","title":{"rendered":"Kit Barba Perfetta\u00a0Note di Mirto Nature&#8217;s ed. limitata"},"content":{"rendered":"<p><strong>Kit Barba Perfetta Note di Mirto &#8211; Nature&#8217;s ed. limitata<\/strong><\/p>\n<p>Scopri come prenderti cura della tua barba, del viso, del corpo e dei capelli in modo semplice ed efficace.<\/p>\n<p>Scegli la qualit\u00e0 e sperimenta la differenza nella cura della tua barba.<\/p>\n<p><strong>La Cura Completa per una Barba Perfetta:<\/strong><\/p>\n<ul>\n<li>Docciashampoo 200ml<\/li>\n<li>Balsamo Idratante Multiuso 75ml<\/li>\n<li>Olio da Barba 50ml<\/li>\n<\/ul>\n<p><strong>Docciashampoo: Pulizia e Idratazione in Uno<\/strong><\/p>\n<p>Inizia la tua routine con il nostro docciashampoo multifunzione. Questo prodotto innovativo \u00e8 progettato per pulire profondamente la barba, il viso, il corpo e i capelli in un unico gesto. La tua barba sar\u00e0 pulita, morbida e profumata, mentre i tuoi capelli e il tuo corpo saranno altrettanto ben curati.<\/p>\n<p><strong>Balsamo Idratante Multiuso: Nutri la Tua Barba e la Tua Pelle<\/strong><\/p>\n<p>Dopo la doccia, \u00e8 il momento di applicare il nostro balsamo idratante multiuso. Questo prodotto versatile pu\u00f2 essere utilizzato sulla barba per ammorbidirla e renderla pi\u00f9 gestibile, sul viso per idratare la pelle, sul corpo per una pelle setosa e sulle mani per un aspetto sano. La formula leggera assorbe rapidamente senza lasciare residui untuosi. La tua barba sar\u00e0 ben curata, il tuo viso idratato, il tuo corpo radiante e le tue mani morbide e setose.<\/p>\n<p><strong>Olio da Barba: Domina la Tua Barba con Stile<\/strong><\/p>\n<p>Per completare la tua routine di cura della barba, il nostro olio per la barba \u00e8 il tocco finale ideale. Questa miscela di oli naturali \u00e8 progettata per nutrire la barba, renderla lucente e ridurre il prurito e la secchezza della pelle sottostante. Applicandolo regolarmente, otterrai <strong>una barba che \u00e8 la quintessenza dello stile e della salute<\/strong>.<\/p>\n<p><strong>Linea Note di Mirto<\/strong><\/p>\n<p><strong>Fragranza<\/strong><br \/>\nUnisex, avvolgente, sensuale<\/p>\n<p><strong>Attivi principali<\/strong><br \/>\nMirto bio e zafferano<\/p>\n<p><strong>Propriet\u00e0<\/strong><br \/>\nIdratante, tonificante<\/p>\n<ul>\n<li>Con estratti vegetalie eBIO<\/li>\n<li>Formula Vegan<\/li>\n<li>Non contiene parabeni, paraffina, oli minerali, siliconi, ogm, sls, sles, dea, cessori di formaldeide<\/li>\n<li>Testato su Nickel, Cadmio, Cobalto e Piombo (&lt; 0,0001%)<\/li>\n<li>Dermatologicamente testato<\/li>\n<li>Base detergente rapidamente biodegradabile (Reg. CE 1272\/2008- metodo OECD 301:1992)<\/li>\n<\/ul>\n<p><strong>INCI<\/strong><\/p>\n<p>prunus amygdalus dulcis oil\/prunus amygdalus dulcis (sweet almond) oil, helianthus annuus seed oil*\/helianthus annuus (sunflower) seed oil*, isopropyl palmitate, caprylic\/capric triglyceride, decyl oleate, ricinus communis seed oil\/ricinus communis (castor) seed oil, dicaprylyl ether, parfum\/fragrance, lauryl alcohol, butyrospermum parkii oil\/butyrospermum parkii (shea) oil, tocopherol, limonene, linalool, coumarin, benzyl salicylate, citronellol, linum usitatissimum seed oil\/linum usitatissimum (linseed) seed oil, alpha-isomethyl ionone, aqua\/water, glycerin, myrtus communis leaf extract*, citric acid, crocus sativus flower extract. *da agricoltura biologica\/from organic farming<\/p>\n","protected":false},"excerpt":{"rendered":"<p>Kit Barba Perfetta Note di Mirto &#8211; Nature&#8217;s ed. limitata Scopri come prenderti cura della tua barba, del viso, del corpo e dei capelli in modo semplice ed efficace. Scegli la qualit\u00e0 e sperimenta la differenza nella cura della tua barba. La Cura Completa per&#8230;<\/p>\n","protected":false},"featured_media":123599,"template":"","meta":{"_acf_changed":false},"product_brand":[9650],"product_cat":[9715,45040],"product_tag":[],"giftcard-category":[],"class_list":{"0":"post-123610","1":"product","2":"type-product","3":"status-publish","4":"has-post-thumbnail","6":"product_brand-nature-s","7":"product_cat-uomo","8":"product_cat-viso","9":"pa_linea-profumazione-note-di-mirto","10":"pa_marca-natures","11":"pa_tipologia-crema","13":"first","14":"instock","15":"sale","16":"taxable","17":"shipping-taxable","18":"purchasable","19":"product-type-simple"},"acf":[],"yoast_head":"<!-- This site is optimized with the Yoast SEO plugin v24.9 - https:\/\/yoast.com\/wordpress\/plugins\/seo\/ -->\n<title>Kit Barba Perfetta\u00a0Note di Mirto Nature&#039;s ed. limitata - Erboristeria Demetra<\/title>\n<meta name=\"description\" content=\"Scopri come prenderti cura della tua barba, del viso, del corpo e dei capelli in modo semplice ed efficace. Scegli la qualit\u00e0 e sperimenta la differenza!\" \/>\n<meta name=\"robots\" content=\"index, follow, max-snippet:-1, max-image-preview:large, max-video-preview:-1\" \/>\n<link rel=\"canonical\" href=\"https:\/\/www.erboristerie.com\/it\/prodotto\/kit-barba-perfetta-note-di-mirto-natures-ed-limitata\/\" \/>\n<meta property=\"og:locale\" content=\"it_IT\" \/>\n<meta property=\"og:type\" content=\"article\" \/>\n<meta property=\"og:title\" content=\"Kit Barba Perfetta\u00a0Note di Mirto Nature&#039;s ed. limitata - Erboristeria Demetra\" \/>\n<meta property=\"og:description\" content=\"Scopri come prenderti cura della tua barba, del viso, del corpo e dei capelli in modo semplice ed efficace. Scegli la qualit\u00e0 e sperimenta la differenza!\" \/>\n<meta property=\"og:url\" content=\"https:\/\/www.erboristerie.com\/it\/prodotto\/kit-barba-perfetta-note-di-mirto-natures-ed-limitata\/\" \/>\n<meta property=\"og:site_name\" content=\"Erboristeria Demetra\" \/>\n<meta property=\"article:publisher\" content=\"https:\/\/www.facebook.com\/erboristeria.demetra.online\" \/>\n<meta property=\"article:modified_time\" content=\"2025-11-26T12:13:32+00:00\" \/>\n<meta property=\"og:image\" content=\"https:\/\/www.erboristerie.com\/wp-content\/uploads\/2023\/10\/note-di-mirto-natures-linea-intera.jpg\" \/>\n\t<meta property=\"og:image:width\" content=\"1200\" \/>\n\t<meta property=\"og:image:height\" content=\"780\" \/>\n\t<meta property=\"og:image:type\" content=\"image\/jpeg\" \/>\n<meta name=\"twitter:card\" content=\"summary_large_image\" \/>\n<meta name=\"twitter:label1\" content=\"Tempo di lettura stimato\" \/>\n\t<meta name=\"twitter:data1\" content=\"3 minuti\" \/>\n<script type=\"application\/ld+json\" class=\"yoast-schema-graph\">{\"@context\":\"https:\/\/schema.org\",\"@graph\":[{\"@type\":\"WebPage\",\"@id\":\"https:\/\/www.erboristerie.com\/it\/prodotto\/kit-barba-perfetta-note-di-mirto-natures-ed-limitata\/\",\"url\":\"https:\/\/www.erboristerie.com\/it\/prodotto\/kit-barba-perfetta-note-di-mirto-natures-ed-limitata\/\",\"name\":\"Kit Barba Perfetta\u00a0Note di Mirto Nature's ed. limitata - Erboristeria Demetra\",\"isPartOf\":{\"@id\":\"https:\/\/www.erboristerie.com\/it\/#website\"},\"primaryImageOfPage\":{\"@id\":\"https:\/\/www.erboristerie.com\/it\/prodotto\/kit-barba-perfetta-note-di-mirto-natures-ed-limitata\/#primaryimage\"},\"image\":{\"@id\":\"https:\/\/www.erboristerie.com\/it\/prodotto\/kit-barba-perfetta-note-di-mirto-natures-ed-limitata\/#primaryimage\"},\"thumbnailUrl\":\"https:\/\/www.erboristerie.com\/wp-content\/uploads\/2023\/10\/note-di-mirto-natures-linea-intera.jpg\",\"datePublished\":\"2023-10-15T07:46:24+00:00\",\"dateModified\":\"2025-11-26T12:13:32+00:00\",\"description\":\"Scopri come prenderti cura della tua barba, del viso, del corpo e dei capelli in modo semplice ed efficace. Scegli la qualit\u00e0 e sperimenta la differenza!\",\"breadcrumb\":{\"@id\":\"https:\/\/www.erboristerie.com\/it\/prodotto\/kit-barba-perfetta-note-di-mirto-natures-ed-limitata\/#breadcrumb\"},\"inLanguage\":\"it-IT\",\"potentialAction\":[{\"@type\":\"ReadAction\",\"target\":[\"https:\/\/www.erboristerie.com\/it\/prodotto\/kit-barba-perfetta-note-di-mirto-natures-ed-limitata\/\"]}]},{\"@type\":\"ImageObject\",\"inLanguage\":\"it-IT\",\"@id\":\"https:\/\/www.erboristerie.com\/it\/prodotto\/kit-barba-perfetta-note-di-mirto-natures-ed-limitata\/#primaryimage\",\"url\":\"https:\/\/www.erboristerie.com\/wp-content\/uploads\/2023\/10\/note-di-mirto-natures-linea-intera.jpg\",\"contentUrl\":\"https:\/\/www.erboristerie.com\/wp-content\/uploads\/2023\/10\/note-di-mirto-natures-linea-intera.jpg\",\"width\":1200,\"height\":780},{\"@type\":\"BreadcrumbList\",\"@id\":\"https:\/\/www.erboristerie.com\/it\/prodotto\/kit-barba-perfetta-note-di-mirto-natures-ed-limitata\/#breadcrumb\",\"itemListElement\":[{\"@type\":\"ListItem\",\"position\":1,\"name\":\"Home\",\"item\":\"https:\/\/www.erboristerie.com\/it\/\"},{\"@type\":\"ListItem\",\"position\":2,\"name\":\"Tutti i prodotti\",\"item\":\"https:\/\/www.erboristerie.com\/it\/tutti-i-prodotti\/\"},{\"@type\":\"ListItem\",\"position\":3,\"name\":\"Kit Barba Perfetta\u00a0Note di Mirto Nature&#8217;s ed. limitata\"}]},{\"@type\":\"WebSite\",\"@id\":\"https:\/\/www.erboristerie.com\/it\/#website\",\"url\":\"https:\/\/www.erboristerie.com\/it\/\",\"name\":\"Erboristeria Demetra\",\"description\":\"La tua salute al naturale\",\"publisher\":{\"@id\":\"https:\/\/www.erboristerie.com\/it\/#organization\"},\"potentialAction\":[{\"@type\":\"SearchAction\",\"target\":{\"@type\":\"EntryPoint\",\"urlTemplate\":\"https:\/\/www.erboristerie.com\/it\/?s={search_term_string}\"},\"query-input\":{\"@type\":\"PropertyValueSpecification\",\"valueRequired\":true,\"valueName\":\"search_term_string\"}}],\"inLanguage\":\"it-IT\"},{\"@type\":\"Organization\",\"@id\":\"https:\/\/www.erboristerie.com\/it\/#organization\",\"name\":\"Erboristeria Demetra\",\"url\":\"https:\/\/www.erboristerie.com\/it\/\",\"logo\":{\"@type\":\"ImageObject\",\"inLanguage\":\"it-IT\",\"@id\":\"https:\/\/www.erboristerie.com\/it\/#\/schema\/logo\/image\/\",\"url\":\"https:\/\/www.erboristerie.com\/wp-content\/uploads\/2019\/11\/LOGO_ERBORISTERIA_DEMETRA_original.png?v=1611516981\",\"contentUrl\":\"https:\/\/www.erboristerie.com\/wp-content\/uploads\/2019\/11\/LOGO_ERBORISTERIA_DEMETRA_original.png?v=1611516981\",\"width\":201,\"height\":54,\"caption\":\"Erboristeria Demetra\"},\"image\":{\"@id\":\"https:\/\/www.erboristerie.com\/it\/#\/schema\/logo\/image\/\"},\"sameAs\":[\"https:\/\/www.facebook.com\/erboristeria.demetra.online\"]}]}<\/script>\n<!-- \/ Yoast SEO plugin. -->","yoast_head_json":{"title":"Kit Barba Perfetta\u00a0Note di Mirto Nature's ed. limitata - Erboristeria Demetra","description":"Scopri come prenderti cura della tua barba, del viso, del corpo e dei capelli in modo semplice ed efficace. Scegli la qualit\u00e0 e sperimenta la differenza!","robots":{"index":"index","follow":"follow","max-snippet":"max-snippet:-1","max-image-preview":"max-image-preview:large","max-video-preview":"max-video-preview:-1"},"canonical":"https:\/\/www.erboristerie.com\/it\/prodotto\/kit-barba-perfetta-note-di-mirto-natures-ed-limitata\/","og_locale":"it_IT","og_type":"article","og_title":"Kit Barba Perfetta\u00a0Note di Mirto Nature's ed. limitata - Erboristeria Demetra","og_description":"Scopri come prenderti cura della tua barba, del viso, del corpo e dei capelli in modo semplice ed efficace. Scegli la qualit\u00e0 e sperimenta la differenza!","og_url":"https:\/\/www.erboristerie.com\/it\/prodotto\/kit-barba-perfetta-note-di-mirto-natures-ed-limitata\/","og_site_name":"Erboristeria Demetra","article_publisher":"https:\/\/www.facebook.com\/erboristeria.demetra.online","article_modified_time":"2025-11-26T12:13:32+00:00","og_image":[{"width":1200,"height":780,"url":"https:\/\/www.erboristerie.com\/wp-content\/uploads\/2023\/10\/note-di-mirto-natures-linea-intera.jpg","type":"image\/jpeg"}],"twitter_card":"summary_large_image","twitter_misc":{"Tempo di lettura stimato":"3 minuti"},"schema":{"@context":"https:\/\/schema.org","@graph":[{"@type":"WebPage","@id":"https:\/\/www.erboristerie.com\/it\/prodotto\/kit-barba-perfetta-note-di-mirto-natures-ed-limitata\/","url":"https:\/\/www.erboristerie.com\/it\/prodotto\/kit-barba-perfetta-note-di-mirto-natures-ed-limitata\/","name":"Kit Barba Perfetta\u00a0Note di Mirto Nature's ed. limitata - Erboristeria Demetra","isPartOf":{"@id":"https:\/\/www.erboristerie.com\/it\/#website"},"primaryImageOfPage":{"@id":"https:\/\/www.erboristerie.com\/it\/prodotto\/kit-barba-perfetta-note-di-mirto-natures-ed-limitata\/#primaryimage"},"image":{"@id":"https:\/\/www.erboristerie.com\/it\/prodotto\/kit-barba-perfetta-note-di-mirto-natures-ed-limitata\/#primaryimage"},"thumbnailUrl":"https:\/\/www.erboristerie.com\/wp-content\/uploads\/2023\/10\/note-di-mirto-natures-linea-intera.jpg","datePublished":"2023-10-15T07:46:24+00:00","dateModified":"2025-11-26T12:13:32+00:00","description":"Scopri come prenderti cura della tua barba, del viso, del corpo e dei capelli in modo semplice ed efficace. Scegli la qualit\u00e0 e sperimenta la differenza!","breadcrumb":{"@id":"https:\/\/www.erboristerie.com\/it\/prodotto\/kit-barba-perfetta-note-di-mirto-natures-ed-limitata\/#breadcrumb"},"inLanguage":"it-IT","potentialAction":[{"@type":"ReadAction","target":["https:\/\/www.erboristerie.com\/it\/prodotto\/kit-barba-perfetta-note-di-mirto-natures-ed-limitata\/"]}]},{"@type":"ImageObject","inLanguage":"it-IT","@id":"https:\/\/www.erboristerie.com\/it\/prodotto\/kit-barba-perfetta-note-di-mirto-natures-ed-limitata\/#primaryimage","url":"https:\/\/www.erboristerie.com\/wp-content\/uploads\/2023\/10\/note-di-mirto-natures-linea-intera.jpg","contentUrl":"https:\/\/www.erboristerie.com\/wp-content\/uploads\/2023\/10\/note-di-mirto-natures-linea-intera.jpg","width":1200,"height":780},{"@type":"BreadcrumbList","@id":"https:\/\/www.erboristerie.com\/it\/prodotto\/kit-barba-perfetta-note-di-mirto-natures-ed-limitata\/#breadcrumb","itemListElement":[{"@type":"ListItem","position":1,"name":"Home","item":"https:\/\/www.erboristerie.com\/it\/"},{"@type":"ListItem","position":2,"name":"Tutti i prodotti","item":"https:\/\/www.erboristerie.com\/it\/tutti-i-prodotti\/"},{"@type":"ListItem","position":3,"name":"Kit Barba Perfetta\u00a0Note di Mirto Nature&#8217;s ed. limitata"}]},{"@type":"WebSite","@id":"https:\/\/www.erboristerie.com\/it\/#website","url":"https:\/\/www.erboristerie.com\/it\/","name":"Erboristeria Demetra","description":"La tua salute al naturale","publisher":{"@id":"https:\/\/www.erboristerie.com\/it\/#organization"},"potentialAction":[{"@type":"SearchAction","target":{"@type":"EntryPoint","urlTemplate":"https:\/\/www.erboristerie.com\/it\/?s={search_term_string}"},"query-input":{"@type":"PropertyValueSpecification","valueRequired":true,"valueName":"search_term_string"}}],"inLanguage":"it-IT"},{"@type":"Organization","@id":"https:\/\/www.erboristerie.com\/it\/#organization","name":"Erboristeria Demetra","url":"https:\/\/www.erboristerie.com\/it\/","logo":{"@type":"ImageObject","inLanguage":"it-IT","@id":"https:\/\/www.erboristerie.com\/it\/#\/schema\/logo\/image\/","url":"https:\/\/www.erboristerie.com\/wp-content\/uploads\/2019\/11\/LOGO_ERBORISTERIA_DEMETRA_original.png?v=1611516981","contentUrl":"https:\/\/www.erboristerie.com\/wp-content\/uploads\/2019\/11\/LOGO_ERBORISTERIA_DEMETRA_original.png?v=1611516981","width":201,"height":54,"caption":"Erboristeria Demetra"},"image":{"@id":"https:\/\/www.erboristerie.com\/it\/#\/schema\/logo\/image\/"},"sameAs":["https:\/\/www.facebook.com\/erboristeria.demetra.online"]}]}},"_links":{"self":[{"href":"https:\/\/www.erboristerie.com\/it\/wp-json\/wp\/v2\/product\/123610","targetHints":{"allow":["GET"]}}],"collection":[{"href":"https:\/\/www.erboristerie.com\/it\/wp-json\/wp\/v2\/product"}],"about":[{"href":"https:\/\/www.erboristerie.com\/it\/wp-json\/wp\/v2\/types\/product"}],"wp:featuredmedia":[{"embeddable":true,"href":"https:\/\/www.erboristerie.com\/it\/wp-json\/wp\/v2\/media\/123599"}],"wp:attachment":[{"href":"https:\/\/www.erboristerie.com\/it\/wp-json\/wp\/v2\/media?parent=123610"}],"wp:term":[{"taxonomy":"product_brand","embeddable":true,"href":"https:\/\/www.erboristerie.com\/it\/wp-json\/wp\/v2\/product_brand?post=123610"},{"taxonomy":"product_cat","embeddable":true,"href":"https:\/\/www.erboristerie.com\/it\/wp-json\/wp\/v2\/product_cat?post=123610"},{"taxonomy":"product_tag","embeddable":true,"href":"https:\/\/www.erboristerie.com\/it\/wp-json\/wp\/v2\/product_tag?post=123610"},{"taxonomy":"giftcard-category","embeddable":true,"href":"https:\/\/www.erboristerie.com\/it\/wp-json\/wp\/v2\/giftcard-category?post=123610"}],"curies":[{"name":"wp","href":"https:\/\/api.w.org\/{rel}","templated":true}]}}