{"id":123145,"date":"2023-09-26T19:07:19","date_gmt":"2023-09-26T17:07:19","guid":{"rendered":"https:\/\/www.erboristerie.com\/?post_type=product&#038;p=123145"},"modified":"2025-09-19T21:23:58","modified_gmt":"2025-09-19T19:23:58","slug":"siero-viso-effetto-tensore-rivitalizzante-vitamina-c-e-oro-24k","status":"publish","type":"product","link":"https:\/\/www.erboristerie.com\/it\/prodotto\/siero-viso-effetto-tensore-rivitalizzante-vitamina-c-e-oro-24k\/","title":{"rendered":"Siero Viso effetto Tensore Rivitalizzante Vitamina C e Oro 24K"},"content":{"rendered":"<p><strong>Siero Viso effetto Tensore Rivitalizzante Vitamina C e Oro 24K 30ml- L&#8217;Erbolario<\/strong><\/p>\n<p>Un trattamento rivitalizzante studiato per offrire alla pelle di viso, collo e d\u00e9collet\u00e9 un immediato effetto tensore grazie all\u2019estratto di Segale biologica, che lavora in sinergia con Vitamina C, Oro 24k e Caviale di Limone.<\/p>\n<p><strong>Consigli d&#8217;uso<\/strong><\/p>\n<p>Applicare qualche goccia di prodotto su viso, collo e d\u00e9collet\u00e9 ben detersi, prima di stendere la Crema viso 24h Vitamina C &amp; Oro 24k.<\/p>\n<p>Utilizzato da solo \u00e8 ottimo per una skincare essenziale e come base per il trucco.<\/p>\n<p>In alternativa si pu\u00f2 aggiungere qualche goccia di Siero alla Crema viso per un effetto booster.<\/p>\n<p><strong>Benefici e risultati<\/strong><\/p>\n<p>L\u2019efficacia del prodotto \u00e8 dimostrata da test in vitro su colture cellulari e test clinico strumentale in vivo*, ed \u00e8 confermata dalla valutazione di 50 donne di et\u00e0 compresa tra i 40 e 60 anni che hanno provato la nostra routine anti age.<\/p>\n<p>&#8211; Pelle pi\u00f9 compatta 78%<br \/>\n&#8211; La pelle appare pi\u00f9 levigata e luminosa 70%<br \/>\n&#8211; L&#8217;uniformit\u00e0 dell&#8217;incanto \u00e8 migliorata 68%<\/p>\n<p><strong>Sostanze funzionali<\/strong><\/p>\n<p>Vitamina C coniugata con Oro 24 carati, estratto di Caviale di Limone, acqua distillata di fiori d&#8217;Arancio amaro, succo di Pompelmo rosa, Acido Ialuronico ultrafiller, Tensore polisaccaridico da Segale biologica.<\/p>\n<p><strong>Senza siliconi, parabeni e petrolati<\/strong><br \/>\n98% ingredienti di origine naturale<br \/>\nLa restante percentuale di ingredienti garantisce stabilit\u00e0 e gradevolezza del prodotto.<\/p>\n<p><strong>Ingredienti INCI<\/strong><\/p>\n<p>Aqua (water), glycerin, helianthus annuus (sunflower) seed oil, hydrogenated farnesene, tripelargonin, cetearyl alcohol, glyceryl stearate, leuconostoc\/radish root ferment filtrate, niacinamide, ascorbic acid, ascorbyl glucoside, gold, sodium acetylated hyaluronate, citrus aurantifolia (lime) leaf extract, citrus australasica fruit extract, citrus grandis (grapefruit) fruit juice, citrus limon (lemon) flower\/leaf\/stem extract, citrus limon (lemon) peel powder, prunus amygdalus dulcis (sweet almond) oil, potassium cocoyl hydrolyzed rice protein, tocopherol, sorbitol, honokiol, magnolol, glutathione, rosmarinus officinalis (rosemary) leaf extract, brassica campestris (rapeseed) seed oil, xanthan gum, sclerotium gum, glyceryl caprylate, sucrose stearate, lauroyl lysine, glyceryl undecylenate, sodium hydroxide, parfum (fragrance), citral, citrus aurantium bergamia peel oil, citrus aurantium peel oil, citrus limon peel oil, geraniol, geranyl acetate, lavandula oil\/extract, linalyl acetate, limonene, linalool, pinene, tetramethyl acetyloctahydronaphtalenes, vanillin, benzyl alcohol, sodium anisate, sodium levulinate, dehydroacetic acid, potassium sorbate, sodium benzoate.<\/p>\n<p><strong>Cosa sapere in pi\u00f9<\/strong><\/p>\n<p>100% Made in Italy<br \/>\n7 Metalli testati<br \/>\nDermatologicamente Testato<br \/>\nLAV &#8211; Dalla parte degli animali<br \/>\nSenza ingredienti di derivazione animale<br \/>\n12 MPaO (Period after Opening &#8211; periodo dopo l\u2019apertura)<\/p>\n","protected":false},"excerpt":{"rendered":"<p>Siero Viso effetto Tensore Rivitalizzante Vitamina C e Oro 24K 30ml- L&#8217;Erbolario Un trattamento rivitalizzante studiato per offrire alla pelle di viso, collo e d\u00e9collet\u00e9 un immediato effetto tensore grazie all\u2019estratto di Segale biologica, che lavora in sinergia con Vitamina C, Oro 24k e Caviale&#8230;<\/p>\n","protected":false},"featured_media":131356,"template":"","meta":{"_acf_changed":false},"product_brand":[9603],"product_cat":[46206,45040],"product_tag":[],"giftcard-category":[],"class_list":{"0":"post-123145","1":"product","2":"type-product","3":"status-publish","4":"has-post-thumbnail","6":"product_brand-erbolario","7":"product_cat-vitamina-c-e-oro-24k","8":"product_cat-viso","9":"pa_formato-30-ml","10":"pa_linea-profumazione-vitamina-c-e-oro-24k","11":"pa_marca-lerbolario","12":"pa_tipologia-siero","14":"first","15":"instock","16":"sale","17":"taxable","18":"shipping-taxable","19":"purchasable","20":"product-type-simple"},"acf":[],"yoast_head":"<!-- This site is optimized with the Yoast SEO plugin v24.9 - https:\/\/yoast.com\/wordpress\/plugins\/seo\/ -->\n<title>Siero Viso effetto Tensore Rivitalizzante Vitamina C e Oro 24K - Erboristeria Demetra<\/title>\n<meta name=\"description\" content=\"Un trattamento rivitalizzante studiato per offrire alla pelle di viso, collo e d\u00e9collet\u00e9 un immediato effetto tensore con Vitamina C e Oro 24k\" \/>\n<meta name=\"robots\" content=\"index, follow, max-snippet:-1, max-image-preview:large, max-video-preview:-1\" \/>\n<link rel=\"canonical\" href=\"https:\/\/www.erboristerie.com\/it\/prodotto\/siero-viso-effetto-tensore-rivitalizzante-vitamina-c-e-oro-24k\/\" \/>\n<meta property=\"og:locale\" content=\"it_IT\" \/>\n<meta property=\"og:type\" content=\"article\" \/>\n<meta property=\"og:title\" content=\"Siero Viso effetto Tensore Rivitalizzante Vitamina C e Oro 24K - Erboristeria Demetra\" \/>\n<meta property=\"og:description\" content=\"Un trattamento rivitalizzante studiato per offrire alla pelle di viso, collo e d\u00e9collet\u00e9 un immediato effetto tensore con Vitamina C e Oro 24k\" \/>\n<meta property=\"og:url\" content=\"https:\/\/www.erboristerie.com\/it\/prodotto\/siero-viso-effetto-tensore-rivitalizzante-vitamina-c-e-oro-24k\/\" \/>\n<meta property=\"og:site_name\" content=\"Erboristeria Demetra\" \/>\n<meta property=\"article:publisher\" content=\"https:\/\/www.facebook.com\/erboristeria.demetra.online\" \/>\n<meta property=\"article:modified_time\" content=\"2025-09-19T19:23:58+00:00\" \/>\n<meta property=\"og:image\" content=\"https:\/\/www.erboristerie.com\/wp-content\/uploads\/2023\/09\/00002514-siero-viso-vitamina-c-oro-24k-erbolario-erboristerie-com.jpg\" \/>\n\t<meta property=\"og:image:width\" content=\"1000\" \/>\n\t<meta property=\"og:image:height\" content=\"1000\" \/>\n\t<meta property=\"og:image:type\" content=\"image\/jpeg\" \/>\n<meta name=\"twitter:card\" content=\"summary_large_image\" \/>\n<meta name=\"twitter:label1\" content=\"Tempo di lettura stimato\" \/>\n\t<meta name=\"twitter:data1\" content=\"3 minuti\" \/>\n<script type=\"application\/ld+json\" class=\"yoast-schema-graph\">{\"@context\":\"https:\/\/schema.org\",\"@graph\":[{\"@type\":\"WebPage\",\"@id\":\"https:\/\/www.erboristerie.com\/it\/prodotto\/siero-viso-effetto-tensore-rivitalizzante-vitamina-c-e-oro-24k\/\",\"url\":\"https:\/\/www.erboristerie.com\/it\/prodotto\/siero-viso-effetto-tensore-rivitalizzante-vitamina-c-e-oro-24k\/\",\"name\":\"Siero Viso effetto Tensore Rivitalizzante Vitamina C e Oro 24K - Erboristeria Demetra\",\"isPartOf\":{\"@id\":\"https:\/\/www.erboristerie.com\/it\/#website\"},\"primaryImageOfPage\":{\"@id\":\"https:\/\/www.erboristerie.com\/it\/prodotto\/siero-viso-effetto-tensore-rivitalizzante-vitamina-c-e-oro-24k\/#primaryimage\"},\"image\":{\"@id\":\"https:\/\/www.erboristerie.com\/it\/prodotto\/siero-viso-effetto-tensore-rivitalizzante-vitamina-c-e-oro-24k\/#primaryimage\"},\"thumbnailUrl\":\"https:\/\/www.erboristerie.com\/wp-content\/uploads\/2023\/09\/00002514-siero-viso-vitamina-c-oro-24k-erbolario-erboristerie-com.jpg\",\"datePublished\":\"2023-09-26T17:07:19+00:00\",\"dateModified\":\"2025-09-19T19:23:58+00:00\",\"description\":\"Un trattamento rivitalizzante studiato per offrire alla pelle di viso, collo e d\u00e9collet\u00e9 un immediato effetto tensore con Vitamina C e Oro 24k\",\"breadcrumb\":{\"@id\":\"https:\/\/www.erboristerie.com\/it\/prodotto\/siero-viso-effetto-tensore-rivitalizzante-vitamina-c-e-oro-24k\/#breadcrumb\"},\"inLanguage\":\"it-IT\",\"potentialAction\":[{\"@type\":\"ReadAction\",\"target\":[\"https:\/\/www.erboristerie.com\/it\/prodotto\/siero-viso-effetto-tensore-rivitalizzante-vitamina-c-e-oro-24k\/\"]}]},{\"@type\":\"ImageObject\",\"inLanguage\":\"it-IT\",\"@id\":\"https:\/\/www.erboristerie.com\/it\/prodotto\/siero-viso-effetto-tensore-rivitalizzante-vitamina-c-e-oro-24k\/#primaryimage\",\"url\":\"https:\/\/www.erboristerie.com\/wp-content\/uploads\/2023\/09\/00002514-siero-viso-vitamina-c-oro-24k-erbolario-erboristerie-com.jpg\",\"contentUrl\":\"https:\/\/www.erboristerie.com\/wp-content\/uploads\/2023\/09\/00002514-siero-viso-vitamina-c-oro-24k-erbolario-erboristerie-com.jpg\",\"width\":1000,\"height\":1000},{\"@type\":\"BreadcrumbList\",\"@id\":\"https:\/\/www.erboristerie.com\/it\/prodotto\/siero-viso-effetto-tensore-rivitalizzante-vitamina-c-e-oro-24k\/#breadcrumb\",\"itemListElement\":[{\"@type\":\"ListItem\",\"position\":1,\"name\":\"Home\",\"item\":\"https:\/\/www.erboristerie.com\/it\/\"},{\"@type\":\"ListItem\",\"position\":2,\"name\":\"Tutti i prodotti\",\"item\":\"https:\/\/www.erboristerie.com\/it\/tutti-i-prodotti\/\"},{\"@type\":\"ListItem\",\"position\":3,\"name\":\"Siero Viso effetto Tensore Rivitalizzante Vitamina C e Oro 24K\"}]},{\"@type\":\"WebSite\",\"@id\":\"https:\/\/www.erboristerie.com\/it\/#website\",\"url\":\"https:\/\/www.erboristerie.com\/it\/\",\"name\":\"Erboristeria Demetra\",\"description\":\"La tua salute al naturale\",\"publisher\":{\"@id\":\"https:\/\/www.erboristerie.com\/it\/#organization\"},\"potentialAction\":[{\"@type\":\"SearchAction\",\"target\":{\"@type\":\"EntryPoint\",\"urlTemplate\":\"https:\/\/www.erboristerie.com\/it\/?s={search_term_string}\"},\"query-input\":{\"@type\":\"PropertyValueSpecification\",\"valueRequired\":true,\"valueName\":\"search_term_string\"}}],\"inLanguage\":\"it-IT\"},{\"@type\":\"Organization\",\"@id\":\"https:\/\/www.erboristerie.com\/it\/#organization\",\"name\":\"Erboristeria Demetra\",\"url\":\"https:\/\/www.erboristerie.com\/it\/\",\"logo\":{\"@type\":\"ImageObject\",\"inLanguage\":\"it-IT\",\"@id\":\"https:\/\/www.erboristerie.com\/it\/#\/schema\/logo\/image\/\",\"url\":\"https:\/\/www.erboristerie.com\/wp-content\/uploads\/2019\/11\/LOGO_ERBORISTERIA_DEMETRA_original.png?v=1611516981\",\"contentUrl\":\"https:\/\/www.erboristerie.com\/wp-content\/uploads\/2019\/11\/LOGO_ERBORISTERIA_DEMETRA_original.png?v=1611516981\",\"width\":201,\"height\":54,\"caption\":\"Erboristeria Demetra\"},\"image\":{\"@id\":\"https:\/\/www.erboristerie.com\/it\/#\/schema\/logo\/image\/\"},\"sameAs\":[\"https:\/\/www.facebook.com\/erboristeria.demetra.online\"]}]}<\/script>\n<!-- \/ Yoast SEO plugin. -->","yoast_head_json":{"title":"Siero Viso effetto Tensore Rivitalizzante Vitamina C e Oro 24K - Erboristeria Demetra","description":"Un trattamento rivitalizzante studiato per offrire alla pelle di viso, collo e d\u00e9collet\u00e9 un immediato effetto tensore con Vitamina C e Oro 24k","robots":{"index":"index","follow":"follow","max-snippet":"max-snippet:-1","max-image-preview":"max-image-preview:large","max-video-preview":"max-video-preview:-1"},"canonical":"https:\/\/www.erboristerie.com\/it\/prodotto\/siero-viso-effetto-tensore-rivitalizzante-vitamina-c-e-oro-24k\/","og_locale":"it_IT","og_type":"article","og_title":"Siero Viso effetto Tensore Rivitalizzante Vitamina C e Oro 24K - Erboristeria Demetra","og_description":"Un trattamento rivitalizzante studiato per offrire alla pelle di viso, collo e d\u00e9collet\u00e9 un immediato effetto tensore con Vitamina C e Oro 24k","og_url":"https:\/\/www.erboristerie.com\/it\/prodotto\/siero-viso-effetto-tensore-rivitalizzante-vitamina-c-e-oro-24k\/","og_site_name":"Erboristeria Demetra","article_publisher":"https:\/\/www.facebook.com\/erboristeria.demetra.online","article_modified_time":"2025-09-19T19:23:58+00:00","og_image":[{"width":1000,"height":1000,"url":"https:\/\/www.erboristerie.com\/wp-content\/uploads\/2023\/09\/00002514-siero-viso-vitamina-c-oro-24k-erbolario-erboristerie-com.jpg","type":"image\/jpeg"}],"twitter_card":"summary_large_image","twitter_misc":{"Tempo di lettura stimato":"3 minuti"},"schema":{"@context":"https:\/\/schema.org","@graph":[{"@type":"WebPage","@id":"https:\/\/www.erboristerie.com\/it\/prodotto\/siero-viso-effetto-tensore-rivitalizzante-vitamina-c-e-oro-24k\/","url":"https:\/\/www.erboristerie.com\/it\/prodotto\/siero-viso-effetto-tensore-rivitalizzante-vitamina-c-e-oro-24k\/","name":"Siero Viso effetto Tensore Rivitalizzante Vitamina C e Oro 24K - Erboristeria Demetra","isPartOf":{"@id":"https:\/\/www.erboristerie.com\/it\/#website"},"primaryImageOfPage":{"@id":"https:\/\/www.erboristerie.com\/it\/prodotto\/siero-viso-effetto-tensore-rivitalizzante-vitamina-c-e-oro-24k\/#primaryimage"},"image":{"@id":"https:\/\/www.erboristerie.com\/it\/prodotto\/siero-viso-effetto-tensore-rivitalizzante-vitamina-c-e-oro-24k\/#primaryimage"},"thumbnailUrl":"https:\/\/www.erboristerie.com\/wp-content\/uploads\/2023\/09\/00002514-siero-viso-vitamina-c-oro-24k-erbolario-erboristerie-com.jpg","datePublished":"2023-09-26T17:07:19+00:00","dateModified":"2025-09-19T19:23:58+00:00","description":"Un trattamento rivitalizzante studiato per offrire alla pelle di viso, collo e d\u00e9collet\u00e9 un immediato effetto tensore con Vitamina C e Oro 24k","breadcrumb":{"@id":"https:\/\/www.erboristerie.com\/it\/prodotto\/siero-viso-effetto-tensore-rivitalizzante-vitamina-c-e-oro-24k\/#breadcrumb"},"inLanguage":"it-IT","potentialAction":[{"@type":"ReadAction","target":["https:\/\/www.erboristerie.com\/it\/prodotto\/siero-viso-effetto-tensore-rivitalizzante-vitamina-c-e-oro-24k\/"]}]},{"@type":"ImageObject","inLanguage":"it-IT","@id":"https:\/\/www.erboristerie.com\/it\/prodotto\/siero-viso-effetto-tensore-rivitalizzante-vitamina-c-e-oro-24k\/#primaryimage","url":"https:\/\/www.erboristerie.com\/wp-content\/uploads\/2023\/09\/00002514-siero-viso-vitamina-c-oro-24k-erbolario-erboristerie-com.jpg","contentUrl":"https:\/\/www.erboristerie.com\/wp-content\/uploads\/2023\/09\/00002514-siero-viso-vitamina-c-oro-24k-erbolario-erboristerie-com.jpg","width":1000,"height":1000},{"@type":"BreadcrumbList","@id":"https:\/\/www.erboristerie.com\/it\/prodotto\/siero-viso-effetto-tensore-rivitalizzante-vitamina-c-e-oro-24k\/#breadcrumb","itemListElement":[{"@type":"ListItem","position":1,"name":"Home","item":"https:\/\/www.erboristerie.com\/it\/"},{"@type":"ListItem","position":2,"name":"Tutti i prodotti","item":"https:\/\/www.erboristerie.com\/it\/tutti-i-prodotti\/"},{"@type":"ListItem","position":3,"name":"Siero Viso effetto Tensore Rivitalizzante Vitamina C e Oro 24K"}]},{"@type":"WebSite","@id":"https:\/\/www.erboristerie.com\/it\/#website","url":"https:\/\/www.erboristerie.com\/it\/","name":"Erboristeria Demetra","description":"La tua salute al naturale","publisher":{"@id":"https:\/\/www.erboristerie.com\/it\/#organization"},"potentialAction":[{"@type":"SearchAction","target":{"@type":"EntryPoint","urlTemplate":"https:\/\/www.erboristerie.com\/it\/?s={search_term_string}"},"query-input":{"@type":"PropertyValueSpecification","valueRequired":true,"valueName":"search_term_string"}}],"inLanguage":"it-IT"},{"@type":"Organization","@id":"https:\/\/www.erboristerie.com\/it\/#organization","name":"Erboristeria Demetra","url":"https:\/\/www.erboristerie.com\/it\/","logo":{"@type":"ImageObject","inLanguage":"it-IT","@id":"https:\/\/www.erboristerie.com\/it\/#\/schema\/logo\/image\/","url":"https:\/\/www.erboristerie.com\/wp-content\/uploads\/2019\/11\/LOGO_ERBORISTERIA_DEMETRA_original.png?v=1611516981","contentUrl":"https:\/\/www.erboristerie.com\/wp-content\/uploads\/2019\/11\/LOGO_ERBORISTERIA_DEMETRA_original.png?v=1611516981","width":201,"height":54,"caption":"Erboristeria Demetra"},"image":{"@id":"https:\/\/www.erboristerie.com\/it\/#\/schema\/logo\/image\/"},"sameAs":["https:\/\/www.facebook.com\/erboristeria.demetra.online"]}]}},"_links":{"self":[{"href":"https:\/\/www.erboristerie.com\/it\/wp-json\/wp\/v2\/product\/123145","targetHints":{"allow":["GET"]}}],"collection":[{"href":"https:\/\/www.erboristerie.com\/it\/wp-json\/wp\/v2\/product"}],"about":[{"href":"https:\/\/www.erboristerie.com\/it\/wp-json\/wp\/v2\/types\/product"}],"wp:featuredmedia":[{"embeddable":true,"href":"https:\/\/www.erboristerie.com\/it\/wp-json\/wp\/v2\/media\/131356"}],"wp:attachment":[{"href":"https:\/\/www.erboristerie.com\/it\/wp-json\/wp\/v2\/media?parent=123145"}],"wp:term":[{"taxonomy":"product_brand","embeddable":true,"href":"https:\/\/www.erboristerie.com\/it\/wp-json\/wp\/v2\/product_brand?post=123145"},{"taxonomy":"product_cat","embeddable":true,"href":"https:\/\/www.erboristerie.com\/it\/wp-json\/wp\/v2\/product_cat?post=123145"},{"taxonomy":"product_tag","embeddable":true,"href":"https:\/\/www.erboristerie.com\/it\/wp-json\/wp\/v2\/product_tag?post=123145"},{"taxonomy":"giftcard-category","embeddable":true,"href":"https:\/\/www.erboristerie.com\/it\/wp-json\/wp\/v2\/giftcard-category?post=123145"}],"curies":[{"name":"wp","href":"https:\/\/api.w.org\/{rel}","templated":true}]}}