{"id":122985,"date":"2023-09-21T12:09:21","date_gmt":"2023-09-21T10:09:21","guid":{"rendered":"https:\/\/www.erboristerie.com\/?post_type=product&#038;p=122985"},"modified":"2025-09-22T21:01:00","modified_gmt":"2025-09-22T19:01:00","slug":"kit-charme-irresistibile-notte-a-tangeri-novita-regalo-edizione-limitata","status":"publish","type":"product","link":"https:\/\/www.erboristerie.com\/it\/prodotto\/kit-charme-irresistibile-notte-a-tangeri-novita-regalo-edizione-limitata\/","title":{"rendered":"Kit Charme Irresistibile Notte a Tangeri regalo edizione limitata"},"content":{"rendered":"<p><strong>Novit\u00e0 regalo\u00a0in edizione speciale limitata Kit Charme Irresistibile Notte a Tangeri\u00a0&#8211; L&#8217;Erbolario<\/strong><\/p>\n<p>Un kit make-up seducente e prezioso:<\/p>\n<p>Polvere bronze per regalare punti luce a viso e d\u00e9collet\u00e9, kajal per rendere lo sguardo profondo e specchietto da portare con s\u00e9!<\/p>\n<p><strong>La beauty box contiene:<\/strong><\/p>\n<p>1x Luce di Stelle Polvere Illuminante Bronze 8,5g<br \/>\n1x Kajal 3g<br \/>\n1x Specchietto<\/p>\n<p><strong>Consigli d&#8217;uso<\/strong><\/p>\n<ul>\n<li><strong>Kajal:<\/strong> Applicare lungo la rima interna dell\u2019occhio, per dare profondit\u00e0 allo sguardo. \u00c8 possibile applicare il prodotto anche sulla rima della palpebra superiore (il tratto non \u00e8 sottile). La forma conica si adatta perfettamente al contorno occhi, non si spezza e si modella durante l\u2019uso. Non temperare il Kajal e utilizzarlo diagonalmente rispetto alla pelle per mantenere la sua conicit\u00e0.<\/li>\n<li><strong>Luce di Stelle Polvere Illuminante Bronze:<\/strong> aprire facendo scorrere il coperchio in senso circolare.\u00a0Applicare la polvere sulle zone del viso che si desidera illuminare, come gli zigomi e il decollet\u00e8, con il pennello, la spugna\u00a0o le dita.<\/li>\n<\/ul>\n<p><strong>Linea Notte a Tangeri<\/strong><\/p>\n<p>Atmosfere da sogno sotto un cielo stellato.<\/p>\n<p>Citt\u00e0 romantica e misteriosa, Tangeri cede il suo <strong>fascino da mille e una hotte a questa nuova Collezione profumata, irresistibile ed esotica<\/strong>.<\/p>\n<p>Un Profumo ipnotico, sensuali rituali per il corpo, raffinate fragranze per gli ambienti.<\/p>\n<p><strong>Famiglia olfattiva<\/strong><\/p>\n<ul>\n<li>agrumata<\/li>\n<li>fiorita<\/li>\n<li>ambrata-vanigliata<\/li>\n<\/ul>\n<p>Bergamotto, Tangerino, Cardamomo, Angelica, Eliotropo, Vaniglia, Ambra<\/p>\n<p>Per trovare l&#8217;intera linea Notte a Tangeri clicca <a href=\"https:\/\/www.erboristerie.com\/it\/tutti-i-prodotti\/?s=tangeri&amp;post_type=product&amp;filter_linea-profumazione=notte-a-tangeri&amp;type_aws=true\">qui<\/a><\/p>\n","protected":false},"excerpt":{"rendered":"<p>Novit\u00e0 regalo\u00a0in edizione speciale limitata Kit Charme Irresistibile Notte a Tangeri\u00a0&#8211; L&#8217;Erbolario Un kit make-up seducente e prezioso: Polvere bronze per regalare punti luce a viso e d\u00e9collet\u00e9, kajal per rendere lo sguardo profondo e specchietto da portare con s\u00e9! La beauty box contiene: 1x&#8230;<\/p>\n","protected":false},"featured_media":122980,"template":"","meta":{"_acf_changed":false},"product_brand":[9603],"product_cat":[49195,45041],"product_tag":[],"giftcard-category":[],"class_list":{"0":"post-122985","1":"product","2":"type-product","3":"status-publish","4":"has-post-thumbnail","6":"product_brand-erbolario","7":"product_cat-linee-profumate","8":"product_cat-corpo","9":"pa_formato-kit","10":"pa_linea-profumazione-notte-a-tangeri","11":"pa_marca-lerbolario","12":"pa_tipologia-kit-o-conf-regalo","14":"first","15":"instock","16":"sale","17":"taxable","18":"shipping-taxable","19":"purchasable","20":"product-type-simple"},"acf":[],"yoast_head":"<!-- This site is optimized with the Yoast SEO plugin v24.9 - https:\/\/yoast.com\/wordpress\/plugins\/seo\/ -->\n<title>Kit Charme Irresistibile Notte a Tangeri regalo edizione limitata - Erboristeria Demetra<\/title>\n<meta name=\"description\" content=\"Un kit make-up seducente: Polvere bronze per regalare punti luce a viso e d\u00e9collet\u00e9, kajal per rendere lo sguardo profondo e specchietto da portare con s\u00e9!\" \/>\n<meta name=\"robots\" content=\"index, follow, max-snippet:-1, max-image-preview:large, max-video-preview:-1\" \/>\n<link rel=\"canonical\" href=\"https:\/\/www.erboristerie.com\/it\/prodotto\/kit-charme-irresistibile-notte-a-tangeri-novita-regalo-edizione-limitata\/\" \/>\n<meta property=\"og:locale\" content=\"it_IT\" \/>\n<meta property=\"og:type\" content=\"article\" \/>\n<meta property=\"og:title\" content=\"Kit Charme Irresistibile Notte a Tangeri regalo edizione limitata - Erboristeria Demetra\" \/>\n<meta property=\"og:description\" content=\"Un kit make-up seducente: Polvere bronze per regalare punti luce a viso e d\u00e9collet\u00e9, kajal per rendere lo sguardo profondo e specchietto da portare con s\u00e9!\" \/>\n<meta property=\"og:url\" content=\"https:\/\/www.erboristerie.com\/it\/prodotto\/kit-charme-irresistibile-notte-a-tangeri-novita-regalo-edizione-limitata\/\" \/>\n<meta property=\"og:site_name\" content=\"Erboristeria Demetra\" \/>\n<meta property=\"article:publisher\" content=\"https:\/\/www.facebook.com\/erboristeria.demetra.online\" \/>\n<meta property=\"article:modified_time\" content=\"2025-09-22T19:01:00+00:00\" \/>\n<meta property=\"og:image\" content=\"https:\/\/www.erboristerie.com\/wp-content\/uploads\/2023\/09\/00011368-notte-a-tangeri-kit-charme-irresistibile.jpg\" \/>\n\t<meta property=\"og:image:width\" content=\"900\" \/>\n\t<meta property=\"og:image:height\" content=\"789\" \/>\n\t<meta property=\"og:image:type\" content=\"image\/jpeg\" \/>\n<meta name=\"twitter:card\" content=\"summary_large_image\" \/>\n<meta name=\"twitter:label1\" content=\"Tempo di lettura stimato\" \/>\n\t<meta name=\"twitter:data1\" content=\"2 minuti\" \/>\n<script type=\"application\/ld+json\" class=\"yoast-schema-graph\">{\"@context\":\"https:\/\/schema.org\",\"@graph\":[{\"@type\":\"WebPage\",\"@id\":\"https:\/\/www.erboristerie.com\/it\/prodotto\/kit-charme-irresistibile-notte-a-tangeri-novita-regalo-edizione-limitata\/\",\"url\":\"https:\/\/www.erboristerie.com\/it\/prodotto\/kit-charme-irresistibile-notte-a-tangeri-novita-regalo-edizione-limitata\/\",\"name\":\"Kit Charme Irresistibile Notte a Tangeri regalo edizione limitata - Erboristeria Demetra\",\"isPartOf\":{\"@id\":\"https:\/\/www.erboristerie.com\/it\/#website\"},\"primaryImageOfPage\":{\"@id\":\"https:\/\/www.erboristerie.com\/it\/prodotto\/kit-charme-irresistibile-notte-a-tangeri-novita-regalo-edizione-limitata\/#primaryimage\"},\"image\":{\"@id\":\"https:\/\/www.erboristerie.com\/it\/prodotto\/kit-charme-irresistibile-notte-a-tangeri-novita-regalo-edizione-limitata\/#primaryimage\"},\"thumbnailUrl\":\"https:\/\/www.erboristerie.com\/wp-content\/uploads\/2023\/09\/00011368-notte-a-tangeri-kit-charme-irresistibile.jpg\",\"datePublished\":\"2023-09-21T10:09:21+00:00\",\"dateModified\":\"2025-09-22T19:01:00+00:00\",\"description\":\"Un kit make-up seducente: Polvere bronze per regalare punti luce a viso e d\u00e9collet\u00e9, kajal per rendere lo sguardo profondo e specchietto da portare con s\u00e9!\",\"breadcrumb\":{\"@id\":\"https:\/\/www.erboristerie.com\/it\/prodotto\/kit-charme-irresistibile-notte-a-tangeri-novita-regalo-edizione-limitata\/#breadcrumb\"},\"inLanguage\":\"it-IT\",\"potentialAction\":[{\"@type\":\"ReadAction\",\"target\":[\"https:\/\/www.erboristerie.com\/it\/prodotto\/kit-charme-irresistibile-notte-a-tangeri-novita-regalo-edizione-limitata\/\"]}]},{\"@type\":\"ImageObject\",\"inLanguage\":\"it-IT\",\"@id\":\"https:\/\/www.erboristerie.com\/it\/prodotto\/kit-charme-irresistibile-notte-a-tangeri-novita-regalo-edizione-limitata\/#primaryimage\",\"url\":\"https:\/\/www.erboristerie.com\/wp-content\/uploads\/2023\/09\/00011368-notte-a-tangeri-kit-charme-irresistibile.jpg\",\"contentUrl\":\"https:\/\/www.erboristerie.com\/wp-content\/uploads\/2023\/09\/00011368-notte-a-tangeri-kit-charme-irresistibile.jpg\",\"width\":900,\"height\":789},{\"@type\":\"BreadcrumbList\",\"@id\":\"https:\/\/www.erboristerie.com\/it\/prodotto\/kit-charme-irresistibile-notte-a-tangeri-novita-regalo-edizione-limitata\/#breadcrumb\",\"itemListElement\":[{\"@type\":\"ListItem\",\"position\":1,\"name\":\"Home\",\"item\":\"https:\/\/www.erboristerie.com\/it\/\"},{\"@type\":\"ListItem\",\"position\":2,\"name\":\"Tutti i prodotti\",\"item\":\"https:\/\/www.erboristerie.com\/it\/tutti-i-prodotti\/\"},{\"@type\":\"ListItem\",\"position\":3,\"name\":\"Kit Charme Irresistibile Notte a Tangeri regalo edizione limitata\"}]},{\"@type\":\"WebSite\",\"@id\":\"https:\/\/www.erboristerie.com\/it\/#website\",\"url\":\"https:\/\/www.erboristerie.com\/it\/\",\"name\":\"Erboristeria Demetra\",\"description\":\"La tua salute al naturale\",\"publisher\":{\"@id\":\"https:\/\/www.erboristerie.com\/it\/#organization\"},\"potentialAction\":[{\"@type\":\"SearchAction\",\"target\":{\"@type\":\"EntryPoint\",\"urlTemplate\":\"https:\/\/www.erboristerie.com\/it\/?s={search_term_string}\"},\"query-input\":{\"@type\":\"PropertyValueSpecification\",\"valueRequired\":true,\"valueName\":\"search_term_string\"}}],\"inLanguage\":\"it-IT\"},{\"@type\":\"Organization\",\"@id\":\"https:\/\/www.erboristerie.com\/it\/#organization\",\"name\":\"Erboristeria Demetra\",\"url\":\"https:\/\/www.erboristerie.com\/it\/\",\"logo\":{\"@type\":\"ImageObject\",\"inLanguage\":\"it-IT\",\"@id\":\"https:\/\/www.erboristerie.com\/it\/#\/schema\/logo\/image\/\",\"url\":\"https:\/\/www.erboristerie.com\/wp-content\/uploads\/2019\/11\/LOGO_ERBORISTERIA_DEMETRA_original.png?v=1611516981\",\"contentUrl\":\"https:\/\/www.erboristerie.com\/wp-content\/uploads\/2019\/11\/LOGO_ERBORISTERIA_DEMETRA_original.png?v=1611516981\",\"width\":201,\"height\":54,\"caption\":\"Erboristeria Demetra\"},\"image\":{\"@id\":\"https:\/\/www.erboristerie.com\/it\/#\/schema\/logo\/image\/\"},\"sameAs\":[\"https:\/\/www.facebook.com\/erboristeria.demetra.online\"]}]}<\/script>\n<!-- \/ Yoast SEO plugin. -->","yoast_head_json":{"title":"Kit Charme Irresistibile Notte a Tangeri regalo edizione limitata - Erboristeria Demetra","description":"Un kit make-up seducente: Polvere bronze per regalare punti luce a viso e d\u00e9collet\u00e9, kajal per rendere lo sguardo profondo e specchietto da portare con s\u00e9!","robots":{"index":"index","follow":"follow","max-snippet":"max-snippet:-1","max-image-preview":"max-image-preview:large","max-video-preview":"max-video-preview:-1"},"canonical":"https:\/\/www.erboristerie.com\/it\/prodotto\/kit-charme-irresistibile-notte-a-tangeri-novita-regalo-edizione-limitata\/","og_locale":"it_IT","og_type":"article","og_title":"Kit Charme Irresistibile Notte a Tangeri regalo edizione limitata - Erboristeria Demetra","og_description":"Un kit make-up seducente: Polvere bronze per regalare punti luce a viso e d\u00e9collet\u00e9, kajal per rendere lo sguardo profondo e specchietto da portare con s\u00e9!","og_url":"https:\/\/www.erboristerie.com\/it\/prodotto\/kit-charme-irresistibile-notte-a-tangeri-novita-regalo-edizione-limitata\/","og_site_name":"Erboristeria Demetra","article_publisher":"https:\/\/www.facebook.com\/erboristeria.demetra.online","article_modified_time":"2025-09-22T19:01:00+00:00","og_image":[{"width":900,"height":789,"url":"https:\/\/www.erboristerie.com\/wp-content\/uploads\/2023\/09\/00011368-notte-a-tangeri-kit-charme-irresistibile.jpg","type":"image\/jpeg"}],"twitter_card":"summary_large_image","twitter_misc":{"Tempo di lettura stimato":"2 minuti"},"schema":{"@context":"https:\/\/schema.org","@graph":[{"@type":"WebPage","@id":"https:\/\/www.erboristerie.com\/it\/prodotto\/kit-charme-irresistibile-notte-a-tangeri-novita-regalo-edizione-limitata\/","url":"https:\/\/www.erboristerie.com\/it\/prodotto\/kit-charme-irresistibile-notte-a-tangeri-novita-regalo-edizione-limitata\/","name":"Kit Charme Irresistibile Notte a Tangeri regalo edizione limitata - Erboristeria Demetra","isPartOf":{"@id":"https:\/\/www.erboristerie.com\/it\/#website"},"primaryImageOfPage":{"@id":"https:\/\/www.erboristerie.com\/it\/prodotto\/kit-charme-irresistibile-notte-a-tangeri-novita-regalo-edizione-limitata\/#primaryimage"},"image":{"@id":"https:\/\/www.erboristerie.com\/it\/prodotto\/kit-charme-irresistibile-notte-a-tangeri-novita-regalo-edizione-limitata\/#primaryimage"},"thumbnailUrl":"https:\/\/www.erboristerie.com\/wp-content\/uploads\/2023\/09\/00011368-notte-a-tangeri-kit-charme-irresistibile.jpg","datePublished":"2023-09-21T10:09:21+00:00","dateModified":"2025-09-22T19:01:00+00:00","description":"Un kit make-up seducente: Polvere bronze per regalare punti luce a viso e d\u00e9collet\u00e9, kajal per rendere lo sguardo profondo e specchietto da portare con s\u00e9!","breadcrumb":{"@id":"https:\/\/www.erboristerie.com\/it\/prodotto\/kit-charme-irresistibile-notte-a-tangeri-novita-regalo-edizione-limitata\/#breadcrumb"},"inLanguage":"it-IT","potentialAction":[{"@type":"ReadAction","target":["https:\/\/www.erboristerie.com\/it\/prodotto\/kit-charme-irresistibile-notte-a-tangeri-novita-regalo-edizione-limitata\/"]}]},{"@type":"ImageObject","inLanguage":"it-IT","@id":"https:\/\/www.erboristerie.com\/it\/prodotto\/kit-charme-irresistibile-notte-a-tangeri-novita-regalo-edizione-limitata\/#primaryimage","url":"https:\/\/www.erboristerie.com\/wp-content\/uploads\/2023\/09\/00011368-notte-a-tangeri-kit-charme-irresistibile.jpg","contentUrl":"https:\/\/www.erboristerie.com\/wp-content\/uploads\/2023\/09\/00011368-notte-a-tangeri-kit-charme-irresistibile.jpg","width":900,"height":789},{"@type":"BreadcrumbList","@id":"https:\/\/www.erboristerie.com\/it\/prodotto\/kit-charme-irresistibile-notte-a-tangeri-novita-regalo-edizione-limitata\/#breadcrumb","itemListElement":[{"@type":"ListItem","position":1,"name":"Home","item":"https:\/\/www.erboristerie.com\/it\/"},{"@type":"ListItem","position":2,"name":"Tutti i prodotti","item":"https:\/\/www.erboristerie.com\/it\/tutti-i-prodotti\/"},{"@type":"ListItem","position":3,"name":"Kit Charme Irresistibile Notte a Tangeri regalo edizione limitata"}]},{"@type":"WebSite","@id":"https:\/\/www.erboristerie.com\/it\/#website","url":"https:\/\/www.erboristerie.com\/it\/","name":"Erboristeria Demetra","description":"La tua salute al naturale","publisher":{"@id":"https:\/\/www.erboristerie.com\/it\/#organization"},"potentialAction":[{"@type":"SearchAction","target":{"@type":"EntryPoint","urlTemplate":"https:\/\/www.erboristerie.com\/it\/?s={search_term_string}"},"query-input":{"@type":"PropertyValueSpecification","valueRequired":true,"valueName":"search_term_string"}}],"inLanguage":"it-IT"},{"@type":"Organization","@id":"https:\/\/www.erboristerie.com\/it\/#organization","name":"Erboristeria Demetra","url":"https:\/\/www.erboristerie.com\/it\/","logo":{"@type":"ImageObject","inLanguage":"it-IT","@id":"https:\/\/www.erboristerie.com\/it\/#\/schema\/logo\/image\/","url":"https:\/\/www.erboristerie.com\/wp-content\/uploads\/2019\/11\/LOGO_ERBORISTERIA_DEMETRA_original.png?v=1611516981","contentUrl":"https:\/\/www.erboristerie.com\/wp-content\/uploads\/2019\/11\/LOGO_ERBORISTERIA_DEMETRA_original.png?v=1611516981","width":201,"height":54,"caption":"Erboristeria Demetra"},"image":{"@id":"https:\/\/www.erboristerie.com\/it\/#\/schema\/logo\/image\/"},"sameAs":["https:\/\/www.facebook.com\/erboristeria.demetra.online"]}]}},"_links":{"self":[{"href":"https:\/\/www.erboristerie.com\/it\/wp-json\/wp\/v2\/product\/122985","targetHints":{"allow":["GET"]}}],"collection":[{"href":"https:\/\/www.erboristerie.com\/it\/wp-json\/wp\/v2\/product"}],"about":[{"href":"https:\/\/www.erboristerie.com\/it\/wp-json\/wp\/v2\/types\/product"}],"wp:featuredmedia":[{"embeddable":true,"href":"https:\/\/www.erboristerie.com\/it\/wp-json\/wp\/v2\/media\/122980"}],"wp:attachment":[{"href":"https:\/\/www.erboristerie.com\/it\/wp-json\/wp\/v2\/media?parent=122985"}],"wp:term":[{"taxonomy":"product_brand","embeddable":true,"href":"https:\/\/www.erboristerie.com\/it\/wp-json\/wp\/v2\/product_brand?post=122985"},{"taxonomy":"product_cat","embeddable":true,"href":"https:\/\/www.erboristerie.com\/it\/wp-json\/wp\/v2\/product_cat?post=122985"},{"taxonomy":"product_tag","embeddable":true,"href":"https:\/\/www.erboristerie.com\/it\/wp-json\/wp\/v2\/product_tag?post=122985"},{"taxonomy":"giftcard-category","embeddable":true,"href":"https:\/\/www.erboristerie.com\/it\/wp-json\/wp\/v2\/giftcard-category?post=122985"}],"curies":[{"name":"wp","href":"https:\/\/api.w.org\/{rel}","templated":true}]}}