{"id":122769,"date":"2023-09-12T17:30:58","date_gmt":"2023-09-12T15:30:58","guid":{"rendered":"https:\/\/www.erboristerie.com\/?post_type=product&#038;p=122769"},"modified":"2025-09-20T11:32:13","modified_gmt":"2025-09-20T09:32:13","slug":"lampada-diffusore-a-ultrasuoni-winter-tale-la-citta-e-le-stelle-nasoterapia","status":"publish","type":"product","link":"https:\/\/www.erboristerie.com\/it\/prodotto\/lampada-diffusore-a-ultrasuoni-winter-tale-la-citta-e-le-stelle-nasoterapia\/","title":{"rendered":"Lampada diffusore a Ultrasuoni Winter Tale. La citt\u00e0 e le stelle Nasoterapia"},"content":{"rendered":"<p><strong> Lampada diffusore a Ultrasuoni WINTER TALE in ceramica &#8211; Nasoterapia<\/strong><\/p>\n<p>L\u2019inconfondibile stile artigianale in un&#8217;atmosfera di magico benessere.<\/p>\n<p>In ceramica lavorata a mano, Winter Tale racchiude il calore e l&#8217;emozione che un paesaggio innevato \u00e8 in grado di evocare in uno strumento di benessere.<\/p>\n<p>I fori della ceramica rappresentano le luci della citt\u00e0 e le stelle che la avvolgono e lasciano passare una luce soffusa che \u00e8 in grado di cambiare colore.<\/p>\n<p>La delicata <strong>luce a led, che cambia colore in modo graduale<\/strong>, lo rende ideale anche per una <strong>soffusa illuminazione notturna.<\/strong><\/p>\n<p><strong>Dimensioni<\/strong><br \/>\n\u00d8 150 x H 130 mm &#8211; serbatoio 100 ml<\/p>\n<p>&#8211; Spegnimento automatico<br \/>\n&#8211; luce colorata fissa o a rotazione<br \/>\n&#8211; silenzioso<\/p>\n<p>Se cerchi anche degli <strong>oli essenziali dedicati all&#8217;uso specifico nei diffusori<\/strong> <a href=\"https:\/\/www.erboristerie.com\/it\/page\/2\/?s=sinergia&amp;post_type=product&amp;type_aws=true&amp;lang=it\">cliccando qui trovi le sinergie<\/a>, cio\u00e8 miscele di oli essenziali gi\u00e0 pronte.<\/p>\n<p>Se invece cerchi gli <strong>oli essenziali singoli<\/strong>, puri, adatti anche all&#8217;uso nei diffusori, <a href=\"https:\/\/www.erboristerie.com\/it\/page\/3\/?s=olio+essenziale&amp;post_type=product&amp;type_aws=true&amp;lang=it\">clicca qui.<\/a><\/p>\n","protected":false},"excerpt":{"rendered":"<p>Lampada diffusore a Ultrasuoni WINTER TALE in ceramica &#8211; Nasoterapia L\u2019inconfondibile stile artigianale in un&#8217;atmosfera di magico benessere. In ceramica lavorata a mano, Winter Tale racchiude il calore e l&#8217;emozione che un paesaggio innevato \u00e8 in grado di evocare in uno strumento di benessere. I&#8230;<\/p>\n","protected":false},"featured_media":122767,"template":"","meta":{"_acf_changed":false},"product_brand":[9649],"product_cat":[9719],"product_tag":[],"giftcard-category":[],"class_list":{"0":"post-122769","1":"product","2":"type-product","3":"status-publish","4":"has-post-thumbnail","6":"product_brand-nasoterapia-di-hp-italia","7":"product_cat-diffusori-profumi-ambiente","9":"first","10":"instock","11":"taxable","12":"shipping-taxable","13":"purchasable","14":"product-type-simple"},"acf":[],"yoast_head":"<!-- This site is optimized with the Yoast SEO plugin v24.9 - https:\/\/yoast.com\/wordpress\/plugins\/seo\/ -->\n<title>Lampada diffusore a Ultrasuoni Winter Tale. La citt\u00e0 e le stelle Nasoterapia - Erboristeria Demetra<\/title>\n<meta name=\"description\" content=\"I fori della ceramica rappresentano le luci della citt\u00e0 e le stelle che la avvolgono e lasciano passare una luce soffusa che \u00e8 in grado di cambiare colore.\" \/>\n<meta name=\"robots\" content=\"index, follow, max-snippet:-1, max-image-preview:large, max-video-preview:-1\" \/>\n<link rel=\"canonical\" href=\"https:\/\/www.erboristerie.com\/it\/prodotto\/lampada-diffusore-a-ultrasuoni-winter-tale-la-citta-e-le-stelle-nasoterapia\/\" \/>\n<meta property=\"og:locale\" content=\"it_IT\" \/>\n<meta property=\"og:type\" content=\"article\" \/>\n<meta property=\"og:title\" content=\"Lampada diffusore a Ultrasuoni Winter Tale. La citt\u00e0 e le stelle Nasoterapia - Erboristeria Demetra\" \/>\n<meta property=\"og:description\" content=\"I fori della ceramica rappresentano le luci della citt\u00e0 e le stelle che la avvolgono e lasciano passare una luce soffusa che \u00e8 in grado di cambiare colore.\" \/>\n<meta property=\"og:url\" content=\"https:\/\/www.erboristerie.com\/it\/prodotto\/lampada-diffusore-a-ultrasuoni-winter-tale-la-citta-e-le-stelle-nasoterapia\/\" \/>\n<meta property=\"og:site_name\" content=\"Erboristeria Demetra\" \/>\n<meta property=\"article:publisher\" content=\"https:\/\/www.facebook.com\/erboristeria.demetra.online\" \/>\n<meta property=\"article:modified_time\" content=\"2025-09-20T09:32:13+00:00\" \/>\n<meta property=\"og:image\" content=\"https:\/\/www.erboristerie.com\/wp-content\/uploads\/2023\/09\/00008375-diffusore-ultrasuoni-winter-tale-ceramica.jpg\" \/>\n\t<meta property=\"og:image:width\" content=\"858\" \/>\n\t<meta property=\"og:image:height\" content=\"738\" \/>\n\t<meta property=\"og:image:type\" content=\"image\/jpeg\" \/>\n<meta name=\"twitter:card\" content=\"summary_large_image\" \/>\n<meta name=\"twitter:label1\" content=\"Tempo di lettura stimato\" \/>\n\t<meta name=\"twitter:data1\" content=\"1 minuto\" \/>\n<script type=\"application\/ld+json\" class=\"yoast-schema-graph\">{\"@context\":\"https:\/\/schema.org\",\"@graph\":[{\"@type\":\"WebPage\",\"@id\":\"https:\/\/www.erboristerie.com\/it\/prodotto\/lampada-diffusore-a-ultrasuoni-winter-tale-la-citta-e-le-stelle-nasoterapia\/\",\"url\":\"https:\/\/www.erboristerie.com\/it\/prodotto\/lampada-diffusore-a-ultrasuoni-winter-tale-la-citta-e-le-stelle-nasoterapia\/\",\"name\":\"Lampada diffusore a Ultrasuoni Winter Tale. La citt\u00e0 e le stelle Nasoterapia - Erboristeria Demetra\",\"isPartOf\":{\"@id\":\"https:\/\/www.erboristerie.com\/it\/#website\"},\"primaryImageOfPage\":{\"@id\":\"https:\/\/www.erboristerie.com\/it\/prodotto\/lampada-diffusore-a-ultrasuoni-winter-tale-la-citta-e-le-stelle-nasoterapia\/#primaryimage\"},\"image\":{\"@id\":\"https:\/\/www.erboristerie.com\/it\/prodotto\/lampada-diffusore-a-ultrasuoni-winter-tale-la-citta-e-le-stelle-nasoterapia\/#primaryimage\"},\"thumbnailUrl\":\"https:\/\/www.erboristerie.com\/wp-content\/uploads\/2023\/09\/00008375-diffusore-ultrasuoni-winter-tale-ceramica.jpg\",\"datePublished\":\"2023-09-12T15:30:58+00:00\",\"dateModified\":\"2025-09-20T09:32:13+00:00\",\"description\":\"I fori della ceramica rappresentano le luci della citt\u00e0 e le stelle che la avvolgono e lasciano passare una luce soffusa che \u00e8 in grado di cambiare colore.\",\"breadcrumb\":{\"@id\":\"https:\/\/www.erboristerie.com\/it\/prodotto\/lampada-diffusore-a-ultrasuoni-winter-tale-la-citta-e-le-stelle-nasoterapia\/#breadcrumb\"},\"inLanguage\":\"it-IT\",\"potentialAction\":[{\"@type\":\"ReadAction\",\"target\":[\"https:\/\/www.erboristerie.com\/it\/prodotto\/lampada-diffusore-a-ultrasuoni-winter-tale-la-citta-e-le-stelle-nasoterapia\/\"]}]},{\"@type\":\"ImageObject\",\"inLanguage\":\"it-IT\",\"@id\":\"https:\/\/www.erboristerie.com\/it\/prodotto\/lampada-diffusore-a-ultrasuoni-winter-tale-la-citta-e-le-stelle-nasoterapia\/#primaryimage\",\"url\":\"https:\/\/www.erboristerie.com\/wp-content\/uploads\/2023\/09\/00008375-diffusore-ultrasuoni-winter-tale-ceramica.jpg\",\"contentUrl\":\"https:\/\/www.erboristerie.com\/wp-content\/uploads\/2023\/09\/00008375-diffusore-ultrasuoni-winter-tale-ceramica.jpg\",\"width\":858,\"height\":738},{\"@type\":\"BreadcrumbList\",\"@id\":\"https:\/\/www.erboristerie.com\/it\/prodotto\/lampada-diffusore-a-ultrasuoni-winter-tale-la-citta-e-le-stelle-nasoterapia\/#breadcrumb\",\"itemListElement\":[{\"@type\":\"ListItem\",\"position\":1,\"name\":\"Home\",\"item\":\"https:\/\/www.erboristerie.com\/it\/\"},{\"@type\":\"ListItem\",\"position\":2,\"name\":\"Tutti i prodotti\",\"item\":\"https:\/\/www.erboristerie.com\/it\/tutti-i-prodotti\/\"},{\"@type\":\"ListItem\",\"position\":3,\"name\":\"Lampada diffusore a Ultrasuoni Winter Tale. La citt\u00e0 e le stelle Nasoterapia\"}]},{\"@type\":\"WebSite\",\"@id\":\"https:\/\/www.erboristerie.com\/it\/#website\",\"url\":\"https:\/\/www.erboristerie.com\/it\/\",\"name\":\"Erboristeria Demetra\",\"description\":\"La tua salute al naturale\",\"publisher\":{\"@id\":\"https:\/\/www.erboristerie.com\/it\/#organization\"},\"potentialAction\":[{\"@type\":\"SearchAction\",\"target\":{\"@type\":\"EntryPoint\",\"urlTemplate\":\"https:\/\/www.erboristerie.com\/it\/?s={search_term_string}\"},\"query-input\":{\"@type\":\"PropertyValueSpecification\",\"valueRequired\":true,\"valueName\":\"search_term_string\"}}],\"inLanguage\":\"it-IT\"},{\"@type\":\"Organization\",\"@id\":\"https:\/\/www.erboristerie.com\/it\/#organization\",\"name\":\"Erboristeria Demetra\",\"url\":\"https:\/\/www.erboristerie.com\/it\/\",\"logo\":{\"@type\":\"ImageObject\",\"inLanguage\":\"it-IT\",\"@id\":\"https:\/\/www.erboristerie.com\/it\/#\/schema\/logo\/image\/\",\"url\":\"https:\/\/www.erboristerie.com\/wp-content\/uploads\/2019\/11\/LOGO_ERBORISTERIA_DEMETRA_original.png?v=1611516981\",\"contentUrl\":\"https:\/\/www.erboristerie.com\/wp-content\/uploads\/2019\/11\/LOGO_ERBORISTERIA_DEMETRA_original.png?v=1611516981\",\"width\":201,\"height\":54,\"caption\":\"Erboristeria Demetra\"},\"image\":{\"@id\":\"https:\/\/www.erboristerie.com\/it\/#\/schema\/logo\/image\/\"},\"sameAs\":[\"https:\/\/www.facebook.com\/erboristeria.demetra.online\"]}]}<\/script>\n<!-- \/ Yoast SEO plugin. -->","yoast_head_json":{"title":"Lampada diffusore a Ultrasuoni Winter Tale. La citt\u00e0 e le stelle Nasoterapia - Erboristeria Demetra","description":"I fori della ceramica rappresentano le luci della citt\u00e0 e le stelle che la avvolgono e lasciano passare una luce soffusa che \u00e8 in grado di cambiare colore.","robots":{"index":"index","follow":"follow","max-snippet":"max-snippet:-1","max-image-preview":"max-image-preview:large","max-video-preview":"max-video-preview:-1"},"canonical":"https:\/\/www.erboristerie.com\/it\/prodotto\/lampada-diffusore-a-ultrasuoni-winter-tale-la-citta-e-le-stelle-nasoterapia\/","og_locale":"it_IT","og_type":"article","og_title":"Lampada diffusore a Ultrasuoni Winter Tale. La citt\u00e0 e le stelle Nasoterapia - Erboristeria Demetra","og_description":"I fori della ceramica rappresentano le luci della citt\u00e0 e le stelle che la avvolgono e lasciano passare una luce soffusa che \u00e8 in grado di cambiare colore.","og_url":"https:\/\/www.erboristerie.com\/it\/prodotto\/lampada-diffusore-a-ultrasuoni-winter-tale-la-citta-e-le-stelle-nasoterapia\/","og_site_name":"Erboristeria Demetra","article_publisher":"https:\/\/www.facebook.com\/erboristeria.demetra.online","article_modified_time":"2025-09-20T09:32:13+00:00","og_image":[{"width":858,"height":738,"url":"https:\/\/www.erboristerie.com\/wp-content\/uploads\/2023\/09\/00008375-diffusore-ultrasuoni-winter-tale-ceramica.jpg","type":"image\/jpeg"}],"twitter_card":"summary_large_image","twitter_misc":{"Tempo di lettura stimato":"1 minuto"},"schema":{"@context":"https:\/\/schema.org","@graph":[{"@type":"WebPage","@id":"https:\/\/www.erboristerie.com\/it\/prodotto\/lampada-diffusore-a-ultrasuoni-winter-tale-la-citta-e-le-stelle-nasoterapia\/","url":"https:\/\/www.erboristerie.com\/it\/prodotto\/lampada-diffusore-a-ultrasuoni-winter-tale-la-citta-e-le-stelle-nasoterapia\/","name":"Lampada diffusore a Ultrasuoni Winter Tale. La citt\u00e0 e le stelle Nasoterapia - Erboristeria Demetra","isPartOf":{"@id":"https:\/\/www.erboristerie.com\/it\/#website"},"primaryImageOfPage":{"@id":"https:\/\/www.erboristerie.com\/it\/prodotto\/lampada-diffusore-a-ultrasuoni-winter-tale-la-citta-e-le-stelle-nasoterapia\/#primaryimage"},"image":{"@id":"https:\/\/www.erboristerie.com\/it\/prodotto\/lampada-diffusore-a-ultrasuoni-winter-tale-la-citta-e-le-stelle-nasoterapia\/#primaryimage"},"thumbnailUrl":"https:\/\/www.erboristerie.com\/wp-content\/uploads\/2023\/09\/00008375-diffusore-ultrasuoni-winter-tale-ceramica.jpg","datePublished":"2023-09-12T15:30:58+00:00","dateModified":"2025-09-20T09:32:13+00:00","description":"I fori della ceramica rappresentano le luci della citt\u00e0 e le stelle che la avvolgono e lasciano passare una luce soffusa che \u00e8 in grado di cambiare colore.","breadcrumb":{"@id":"https:\/\/www.erboristerie.com\/it\/prodotto\/lampada-diffusore-a-ultrasuoni-winter-tale-la-citta-e-le-stelle-nasoterapia\/#breadcrumb"},"inLanguage":"it-IT","potentialAction":[{"@type":"ReadAction","target":["https:\/\/www.erboristerie.com\/it\/prodotto\/lampada-diffusore-a-ultrasuoni-winter-tale-la-citta-e-le-stelle-nasoterapia\/"]}]},{"@type":"ImageObject","inLanguage":"it-IT","@id":"https:\/\/www.erboristerie.com\/it\/prodotto\/lampada-diffusore-a-ultrasuoni-winter-tale-la-citta-e-le-stelle-nasoterapia\/#primaryimage","url":"https:\/\/www.erboristerie.com\/wp-content\/uploads\/2023\/09\/00008375-diffusore-ultrasuoni-winter-tale-ceramica.jpg","contentUrl":"https:\/\/www.erboristerie.com\/wp-content\/uploads\/2023\/09\/00008375-diffusore-ultrasuoni-winter-tale-ceramica.jpg","width":858,"height":738},{"@type":"BreadcrumbList","@id":"https:\/\/www.erboristerie.com\/it\/prodotto\/lampada-diffusore-a-ultrasuoni-winter-tale-la-citta-e-le-stelle-nasoterapia\/#breadcrumb","itemListElement":[{"@type":"ListItem","position":1,"name":"Home","item":"https:\/\/www.erboristerie.com\/it\/"},{"@type":"ListItem","position":2,"name":"Tutti i prodotti","item":"https:\/\/www.erboristerie.com\/it\/tutti-i-prodotti\/"},{"@type":"ListItem","position":3,"name":"Lampada diffusore a Ultrasuoni Winter Tale. La citt\u00e0 e le stelle Nasoterapia"}]},{"@type":"WebSite","@id":"https:\/\/www.erboristerie.com\/it\/#website","url":"https:\/\/www.erboristerie.com\/it\/","name":"Erboristeria Demetra","description":"La tua salute al naturale","publisher":{"@id":"https:\/\/www.erboristerie.com\/it\/#organization"},"potentialAction":[{"@type":"SearchAction","target":{"@type":"EntryPoint","urlTemplate":"https:\/\/www.erboristerie.com\/it\/?s={search_term_string}"},"query-input":{"@type":"PropertyValueSpecification","valueRequired":true,"valueName":"search_term_string"}}],"inLanguage":"it-IT"},{"@type":"Organization","@id":"https:\/\/www.erboristerie.com\/it\/#organization","name":"Erboristeria Demetra","url":"https:\/\/www.erboristerie.com\/it\/","logo":{"@type":"ImageObject","inLanguage":"it-IT","@id":"https:\/\/www.erboristerie.com\/it\/#\/schema\/logo\/image\/","url":"https:\/\/www.erboristerie.com\/wp-content\/uploads\/2019\/11\/LOGO_ERBORISTERIA_DEMETRA_original.png?v=1611516981","contentUrl":"https:\/\/www.erboristerie.com\/wp-content\/uploads\/2019\/11\/LOGO_ERBORISTERIA_DEMETRA_original.png?v=1611516981","width":201,"height":54,"caption":"Erboristeria Demetra"},"image":{"@id":"https:\/\/www.erboristerie.com\/it\/#\/schema\/logo\/image\/"},"sameAs":["https:\/\/www.facebook.com\/erboristeria.demetra.online"]}]}},"_links":{"self":[{"href":"https:\/\/www.erboristerie.com\/it\/wp-json\/wp\/v2\/product\/122769","targetHints":{"allow":["GET"]}}],"collection":[{"href":"https:\/\/www.erboristerie.com\/it\/wp-json\/wp\/v2\/product"}],"about":[{"href":"https:\/\/www.erboristerie.com\/it\/wp-json\/wp\/v2\/types\/product"}],"wp:featuredmedia":[{"embeddable":true,"href":"https:\/\/www.erboristerie.com\/it\/wp-json\/wp\/v2\/media\/122767"}],"wp:attachment":[{"href":"https:\/\/www.erboristerie.com\/it\/wp-json\/wp\/v2\/media?parent=122769"}],"wp:term":[{"taxonomy":"product_brand","embeddable":true,"href":"https:\/\/www.erboristerie.com\/it\/wp-json\/wp\/v2\/product_brand?post=122769"},{"taxonomy":"product_cat","embeddable":true,"href":"https:\/\/www.erboristerie.com\/it\/wp-json\/wp\/v2\/product_cat?post=122769"},{"taxonomy":"product_tag","embeddable":true,"href":"https:\/\/www.erboristerie.com\/it\/wp-json\/wp\/v2\/product_tag?post=122769"},{"taxonomy":"giftcard-category","embeddable":true,"href":"https:\/\/www.erboristerie.com\/it\/wp-json\/wp\/v2\/giftcard-category?post=122769"}],"curies":[{"name":"wp","href":"https:\/\/api.w.org\/{rel}","templated":true}]}}