{"id":120577,"date":"2023-04-04T18:45:20","date_gmt":"2023-04-04T16:45:20","guid":{"rendered":"https:\/\/www.erboristerie.com\/?post_type=product&#038;p=120577"},"modified":"2026-04-08T19:17:42","modified_gmt":"2026-04-08T17:17:42","slug":"detoxi-tide-plus-forte-30-capsule-nano-bio-peptidi-naturali","status":"publish","type":"product","link":"https:\/\/www.erboristerie.com\/it\/prodotto\/detoxi-tide-plus-forte-30-capsule-nano-bio-peptidi-naturali\/","title":{"rendered":"Detoxi Tide Plus Forte 30 capsule Nano Bio Peptidi Naturali"},"content":{"rendered":"<p><strong>Detoxi Tide Plus 30 capsule Nano Bio Peptidi Naturali &#8211; Immunoplus<\/strong><\/p>\n<p>Complesso di peptidi multicomponente DetoxiTIDE PLUS, metodo moderno ed efficace per supportare i processi detossificanti.<\/p>\n<p><strong>Destinazione d&#8217;uso<\/strong><\/p>\n<ul>\n<li>Come correzione della dieta.<\/li>\n<li>Migliorare le funzioni di organi e sistemi corporei: sistema immunitario, sistema epatobiliare, sistema digestivo e sistema antiossidante<\/li>\n<li>Aumentare la resistenza del corpo alle malattie infettive<\/li>\n<li>Ridurre il periodo di recupero dopo le malattie<\/li>\n<li>Correzione della nutrizione in malattie del tratto respiratorio superiore, digestione e fegato<\/li>\n<li>Aumentare la capacit\u00e0 del corpo di resistere ai fattori ambientali<\/li>\n<li>Rafforzare il sistema immunitario indebolito da vari fattori (raggi ultravioletti o radiazioni ionizzanti, somministrazione di farmaci chemioterapici, trattamento prolungato con antibiotici, nonch\u00e9 effetti tossici dei composti contenuti nell&#8217;aria nell&#8217;organismo &#8211; fungicidi, insetticidi, pesticidi, metalli pesanti)<\/li>\n<li>Per la prevenzione dell&#8217;invecchiamento precoce.<\/li>\n<\/ul>\n<p><strong>Modalit\u00e0 d\u2019uso<\/strong><\/p>\n<p>Modalit\u00e0 d&#8217;uso: si consiglia l\u2019assunzione di 1 capsula al giorno 30 minuti dopo il pasto con un bicchiere di acqua.<\/p>\n<p>La durata del trattamento \u00e8 di 1 mese ma pu\u00f2 essere prolungata fino a 2-3 mesi in caso di necessit\u00e0.<\/p>\n<p>Non contiene lattosio n\u00e9 glutine.<\/p>\n<p>Vegetarian OK.<\/p>\n<p><strong>Ingredienti<\/strong><\/p>\n<p>Ingredienti: agente antiagglomerante cellulosa microcristallina, BCAA complesso di aminoacidi ramificati (complesso di peptidi NJ, L-leucina, L-isoleucina, L-valina), acido L-ascorbico (vitamina C), DL-metionina, chlorella (Chlorella vulgaris tallo) in polvere, agente antiagglomerante fosfato bicalcico, agente antiagglomerante biossido di silicio, piridossina cloridrato (vitamina B6), tiamina cloridrato (vitamina B1), agente antiagglomerante sali di magnesio degli acidi grassi, ipromellosa (involucro della capsula), colorante biossido di titanio.<\/p>\n","protected":false},"excerpt":{"rendered":"<p>Detoxi Tide Plus 30 capsule Nano Bio Peptidi Naturali &#8211; Immunoplus Complesso di peptidi multicomponente DetoxiTIDE PLUS, metodo moderno ed efficace per supportare i processi detossificanti. Destinazione d&#8217;uso Come correzione della dieta. Migliorare le funzioni di organi e sistemi corporei: sistema immunitario, sistema epatobiliare, sistema&#8230;<\/p>\n","protected":false},"featured_media":120580,"template":"","meta":{"_acf_changed":false},"product_brand":[48806],"product_cat":[49515,9867],"product_tag":[],"giftcard-category":[],"class_list":{"0":"post-120577","1":"product","2":"type-product","3":"status-publish","4":"has-post-thumbnail","6":"product_brand-my-real-way-immunoplus","7":"product_cat-nano-bio-peptidi","8":"product_cat-drenaggio-e-depurazione","9":"pa_formato-30-capsule","10":"pa_linea-nano-bio-peptidi","11":"pa_marca-my-real-way-immunoplus","12":"pa_tipologia-capsule","14":"first","15":"instock","16":"sale","17":"taxable","18":"shipping-taxable","19":"purchasable","20":"product-type-simple"},"acf":[],"yoast_head":"<!-- This site is optimized with the Yoast SEO plugin v24.9 - https:\/\/yoast.com\/wordpress\/plugins\/seo\/ -->\n<title>Detoxi Tide Plus Forte 30 capsule Nano Bio Peptidi Naturali - Erboristeria Demetra<\/title>\n<meta name=\"description\" content=\"Nano Biopeptidi Naturali come soluzioni. Suggerita la prevenzione dove possibile per aiutare la regolarizzazione di tessuti e organi specifici.\" \/>\n<meta name=\"robots\" content=\"index, follow, max-snippet:-1, max-image-preview:large, max-video-preview:-1\" \/>\n<link rel=\"canonical\" href=\"https:\/\/www.erboristerie.com\/it\/prodotto\/detoxi-tide-plus-forte-30-capsule-nano-bio-peptidi-naturali\/\" \/>\n<meta property=\"og:locale\" content=\"it_IT\" \/>\n<meta property=\"og:type\" content=\"article\" \/>\n<meta property=\"og:title\" content=\"Detoxi Tide Plus Forte 30 capsule Nano Bio Peptidi Naturali - Erboristeria Demetra\" \/>\n<meta property=\"og:description\" content=\"Nano Biopeptidi Naturali come soluzioni. Suggerita la prevenzione dove possibile per aiutare la regolarizzazione di tessuti e organi specifici.\" \/>\n<meta property=\"og:url\" content=\"https:\/\/www.erboristerie.com\/it\/prodotto\/detoxi-tide-plus-forte-30-capsule-nano-bio-peptidi-naturali\/\" \/>\n<meta property=\"og:site_name\" content=\"Erboristeria Demetra\" \/>\n<meta property=\"article:publisher\" content=\"https:\/\/www.facebook.com\/erboristeria.demetra.online\" \/>\n<meta property=\"article:modified_time\" content=\"2026-04-08T17:17:42+00:00\" \/>\n<meta property=\"og:image\" content=\"https:\/\/www.erboristerie.com\/wp-content\/uploads\/2023\/04\/00011097-detoxi-tide-plus.jpg\" \/>\n\t<meta property=\"og:image:width\" content=\"700\" \/>\n\t<meta property=\"og:image:height\" content=\"700\" \/>\n\t<meta property=\"og:image:type\" content=\"image\/jpeg\" \/>\n<meta name=\"twitter:card\" content=\"summary_large_image\" \/>\n<meta name=\"twitter:label1\" content=\"Tempo di lettura stimato\" \/>\n\t<meta name=\"twitter:data1\" content=\"2 minuti\" \/>\n<script type=\"application\/ld+json\" class=\"yoast-schema-graph\">{\"@context\":\"https:\/\/schema.org\",\"@graph\":[{\"@type\":\"WebPage\",\"@id\":\"https:\/\/www.erboristerie.com\/it\/prodotto\/detoxi-tide-plus-forte-30-capsule-nano-bio-peptidi-naturali\/\",\"url\":\"https:\/\/www.erboristerie.com\/it\/prodotto\/detoxi-tide-plus-forte-30-capsule-nano-bio-peptidi-naturali\/\",\"name\":\"Detoxi Tide Plus Forte 30 capsule Nano Bio Peptidi Naturali - Erboristeria Demetra\",\"isPartOf\":{\"@id\":\"https:\/\/www.erboristerie.com\/it\/#website\"},\"primaryImageOfPage\":{\"@id\":\"https:\/\/www.erboristerie.com\/it\/prodotto\/detoxi-tide-plus-forte-30-capsule-nano-bio-peptidi-naturali\/#primaryimage\"},\"image\":{\"@id\":\"https:\/\/www.erboristerie.com\/it\/prodotto\/detoxi-tide-plus-forte-30-capsule-nano-bio-peptidi-naturali\/#primaryimage\"},\"thumbnailUrl\":\"https:\/\/www.erboristerie.com\/wp-content\/uploads\/2023\/04\/00011097-detoxi-tide-plus.jpg\",\"datePublished\":\"2023-04-04T16:45:20+00:00\",\"dateModified\":\"2026-04-08T17:17:42+00:00\",\"description\":\"Nano Biopeptidi Naturali come soluzioni. Suggerita la prevenzione dove possibile per aiutare la regolarizzazione di tessuti e organi specifici.\",\"breadcrumb\":{\"@id\":\"https:\/\/www.erboristerie.com\/it\/prodotto\/detoxi-tide-plus-forte-30-capsule-nano-bio-peptidi-naturali\/#breadcrumb\"},\"inLanguage\":\"it-IT\",\"potentialAction\":[{\"@type\":\"ReadAction\",\"target\":[\"https:\/\/www.erboristerie.com\/it\/prodotto\/detoxi-tide-plus-forte-30-capsule-nano-bio-peptidi-naturali\/\"]}]},{\"@type\":\"ImageObject\",\"inLanguage\":\"it-IT\",\"@id\":\"https:\/\/www.erboristerie.com\/it\/prodotto\/detoxi-tide-plus-forte-30-capsule-nano-bio-peptidi-naturali\/#primaryimage\",\"url\":\"https:\/\/www.erboristerie.com\/wp-content\/uploads\/2023\/04\/00011097-detoxi-tide-plus.jpg\",\"contentUrl\":\"https:\/\/www.erboristerie.com\/wp-content\/uploads\/2023\/04\/00011097-detoxi-tide-plus.jpg\",\"width\":700,\"height\":700},{\"@type\":\"BreadcrumbList\",\"@id\":\"https:\/\/www.erboristerie.com\/it\/prodotto\/detoxi-tide-plus-forte-30-capsule-nano-bio-peptidi-naturali\/#breadcrumb\",\"itemListElement\":[{\"@type\":\"ListItem\",\"position\":1,\"name\":\"Home\",\"item\":\"https:\/\/www.erboristerie.com\/it\/\"},{\"@type\":\"ListItem\",\"position\":2,\"name\":\"Tutti i prodotti\",\"item\":\"https:\/\/www.erboristerie.com\/it\/tutti-i-prodotti\/\"},{\"@type\":\"ListItem\",\"position\":3,\"name\":\"Detoxi Tide Plus Forte 30 capsule Nano Bio Peptidi Naturali\"}]},{\"@type\":\"WebSite\",\"@id\":\"https:\/\/www.erboristerie.com\/it\/#website\",\"url\":\"https:\/\/www.erboristerie.com\/it\/\",\"name\":\"Erboristeria Demetra\",\"description\":\"La tua salute al naturale\",\"publisher\":{\"@id\":\"https:\/\/www.erboristerie.com\/it\/#organization\"},\"potentialAction\":[{\"@type\":\"SearchAction\",\"target\":{\"@type\":\"EntryPoint\",\"urlTemplate\":\"https:\/\/www.erboristerie.com\/it\/?s={search_term_string}\"},\"query-input\":{\"@type\":\"PropertyValueSpecification\",\"valueRequired\":true,\"valueName\":\"search_term_string\"}}],\"inLanguage\":\"it-IT\"},{\"@type\":\"Organization\",\"@id\":\"https:\/\/www.erboristerie.com\/it\/#organization\",\"name\":\"Erboristeria Demetra\",\"url\":\"https:\/\/www.erboristerie.com\/it\/\",\"logo\":{\"@type\":\"ImageObject\",\"inLanguage\":\"it-IT\",\"@id\":\"https:\/\/www.erboristerie.com\/it\/#\/schema\/logo\/image\/\",\"url\":\"https:\/\/www.erboristerie.com\/wp-content\/uploads\/2019\/11\/LOGO_ERBORISTERIA_DEMETRA_original.png?v=1611516981\",\"contentUrl\":\"https:\/\/www.erboristerie.com\/wp-content\/uploads\/2019\/11\/LOGO_ERBORISTERIA_DEMETRA_original.png?v=1611516981\",\"width\":201,\"height\":54,\"caption\":\"Erboristeria Demetra\"},\"image\":{\"@id\":\"https:\/\/www.erboristerie.com\/it\/#\/schema\/logo\/image\/\"},\"sameAs\":[\"https:\/\/www.facebook.com\/erboristeria.demetra.online\"]}]}<\/script>\n<!-- \/ Yoast SEO plugin. -->","yoast_head_json":{"title":"Detoxi Tide Plus Forte 30 capsule Nano Bio Peptidi Naturali - Erboristeria Demetra","description":"Nano Biopeptidi Naturali come soluzioni. Suggerita la prevenzione dove possibile per aiutare la regolarizzazione di tessuti e organi specifici.","robots":{"index":"index","follow":"follow","max-snippet":"max-snippet:-1","max-image-preview":"max-image-preview:large","max-video-preview":"max-video-preview:-1"},"canonical":"https:\/\/www.erboristerie.com\/it\/prodotto\/detoxi-tide-plus-forte-30-capsule-nano-bio-peptidi-naturali\/","og_locale":"it_IT","og_type":"article","og_title":"Detoxi Tide Plus Forte 30 capsule Nano Bio Peptidi Naturali - Erboristeria Demetra","og_description":"Nano Biopeptidi Naturali come soluzioni. Suggerita la prevenzione dove possibile per aiutare la regolarizzazione di tessuti e organi specifici.","og_url":"https:\/\/www.erboristerie.com\/it\/prodotto\/detoxi-tide-plus-forte-30-capsule-nano-bio-peptidi-naturali\/","og_site_name":"Erboristeria Demetra","article_publisher":"https:\/\/www.facebook.com\/erboristeria.demetra.online","article_modified_time":"2026-04-08T17:17:42+00:00","og_image":[{"width":700,"height":700,"url":"https:\/\/www.erboristerie.com\/wp-content\/uploads\/2023\/04\/00011097-detoxi-tide-plus.jpg","type":"image\/jpeg"}],"twitter_card":"summary_large_image","twitter_misc":{"Tempo di lettura stimato":"2 minuti"},"schema":{"@context":"https:\/\/schema.org","@graph":[{"@type":"WebPage","@id":"https:\/\/www.erboristerie.com\/it\/prodotto\/detoxi-tide-plus-forte-30-capsule-nano-bio-peptidi-naturali\/","url":"https:\/\/www.erboristerie.com\/it\/prodotto\/detoxi-tide-plus-forte-30-capsule-nano-bio-peptidi-naturali\/","name":"Detoxi Tide Plus Forte 30 capsule Nano Bio Peptidi Naturali - Erboristeria Demetra","isPartOf":{"@id":"https:\/\/www.erboristerie.com\/it\/#website"},"primaryImageOfPage":{"@id":"https:\/\/www.erboristerie.com\/it\/prodotto\/detoxi-tide-plus-forte-30-capsule-nano-bio-peptidi-naturali\/#primaryimage"},"image":{"@id":"https:\/\/www.erboristerie.com\/it\/prodotto\/detoxi-tide-plus-forte-30-capsule-nano-bio-peptidi-naturali\/#primaryimage"},"thumbnailUrl":"https:\/\/www.erboristerie.com\/wp-content\/uploads\/2023\/04\/00011097-detoxi-tide-plus.jpg","datePublished":"2023-04-04T16:45:20+00:00","dateModified":"2026-04-08T17:17:42+00:00","description":"Nano Biopeptidi Naturali come soluzioni. Suggerita la prevenzione dove possibile per aiutare la regolarizzazione di tessuti e organi specifici.","breadcrumb":{"@id":"https:\/\/www.erboristerie.com\/it\/prodotto\/detoxi-tide-plus-forte-30-capsule-nano-bio-peptidi-naturali\/#breadcrumb"},"inLanguage":"it-IT","potentialAction":[{"@type":"ReadAction","target":["https:\/\/www.erboristerie.com\/it\/prodotto\/detoxi-tide-plus-forte-30-capsule-nano-bio-peptidi-naturali\/"]}]},{"@type":"ImageObject","inLanguage":"it-IT","@id":"https:\/\/www.erboristerie.com\/it\/prodotto\/detoxi-tide-plus-forte-30-capsule-nano-bio-peptidi-naturali\/#primaryimage","url":"https:\/\/www.erboristerie.com\/wp-content\/uploads\/2023\/04\/00011097-detoxi-tide-plus.jpg","contentUrl":"https:\/\/www.erboristerie.com\/wp-content\/uploads\/2023\/04\/00011097-detoxi-tide-plus.jpg","width":700,"height":700},{"@type":"BreadcrumbList","@id":"https:\/\/www.erboristerie.com\/it\/prodotto\/detoxi-tide-plus-forte-30-capsule-nano-bio-peptidi-naturali\/#breadcrumb","itemListElement":[{"@type":"ListItem","position":1,"name":"Home","item":"https:\/\/www.erboristerie.com\/it\/"},{"@type":"ListItem","position":2,"name":"Tutti i prodotti","item":"https:\/\/www.erboristerie.com\/it\/tutti-i-prodotti\/"},{"@type":"ListItem","position":3,"name":"Detoxi Tide Plus Forte 30 capsule Nano Bio Peptidi Naturali"}]},{"@type":"WebSite","@id":"https:\/\/www.erboristerie.com\/it\/#website","url":"https:\/\/www.erboristerie.com\/it\/","name":"Erboristeria Demetra","description":"La tua salute al naturale","publisher":{"@id":"https:\/\/www.erboristerie.com\/it\/#organization"},"potentialAction":[{"@type":"SearchAction","target":{"@type":"EntryPoint","urlTemplate":"https:\/\/www.erboristerie.com\/it\/?s={search_term_string}"},"query-input":{"@type":"PropertyValueSpecification","valueRequired":true,"valueName":"search_term_string"}}],"inLanguage":"it-IT"},{"@type":"Organization","@id":"https:\/\/www.erboristerie.com\/it\/#organization","name":"Erboristeria Demetra","url":"https:\/\/www.erboristerie.com\/it\/","logo":{"@type":"ImageObject","inLanguage":"it-IT","@id":"https:\/\/www.erboristerie.com\/it\/#\/schema\/logo\/image\/","url":"https:\/\/www.erboristerie.com\/wp-content\/uploads\/2019\/11\/LOGO_ERBORISTERIA_DEMETRA_original.png?v=1611516981","contentUrl":"https:\/\/www.erboristerie.com\/wp-content\/uploads\/2019\/11\/LOGO_ERBORISTERIA_DEMETRA_original.png?v=1611516981","width":201,"height":54,"caption":"Erboristeria Demetra"},"image":{"@id":"https:\/\/www.erboristerie.com\/it\/#\/schema\/logo\/image\/"},"sameAs":["https:\/\/www.facebook.com\/erboristeria.demetra.online"]}]}},"_links":{"self":[{"href":"https:\/\/www.erboristerie.com\/it\/wp-json\/wp\/v2\/product\/120577","targetHints":{"allow":["GET"]}}],"collection":[{"href":"https:\/\/www.erboristerie.com\/it\/wp-json\/wp\/v2\/product"}],"about":[{"href":"https:\/\/www.erboristerie.com\/it\/wp-json\/wp\/v2\/types\/product"}],"wp:featuredmedia":[{"embeddable":true,"href":"https:\/\/www.erboristerie.com\/it\/wp-json\/wp\/v2\/media\/120580"}],"wp:attachment":[{"href":"https:\/\/www.erboristerie.com\/it\/wp-json\/wp\/v2\/media?parent=120577"}],"wp:term":[{"taxonomy":"product_brand","embeddable":true,"href":"https:\/\/www.erboristerie.com\/it\/wp-json\/wp\/v2\/product_brand?post=120577"},{"taxonomy":"product_cat","embeddable":true,"href":"https:\/\/www.erboristerie.com\/it\/wp-json\/wp\/v2\/product_cat?post=120577"},{"taxonomy":"product_tag","embeddable":true,"href":"https:\/\/www.erboristerie.com\/it\/wp-json\/wp\/v2\/product_tag?post=120577"},{"taxonomy":"giftcard-category","embeddable":true,"href":"https:\/\/www.erboristerie.com\/it\/wp-json\/wp\/v2\/giftcard-category?post=120577"}],"curies":[{"name":"wp","href":"https:\/\/api.w.org\/{rel}","templated":true}]}}