{"id":120502,"date":"2023-03-24T12:27:46","date_gmt":"2023-03-24T11:27:46","guid":{"rendered":"https:\/\/www.erboristerie.com\/?post_type=product&#038;p=120502"},"modified":"2025-09-10T18:54:37","modified_gmt":"2025-09-10T16:54:37","slug":"profumatore-dambiente-verbena-100ml-per-rinfrescare-gli-ambienti-note-briose-e-agrumate","status":"publish","type":"product","link":"https:\/\/www.erboristerie.com\/it\/prodotto\/profumatore-dambiente-verbena-100ml-per-rinfrescare-gli-ambienti-note-briose-e-agrumate\/","title":{"rendered":"Profumatore d&#8217;Ambiente Verbena 100ml per rinfrescare gli ambienti.\u00a0Note briose e agrumate"},"content":{"rendered":"<p><strong>Profumatore d&#8217;Ambiente Verbena 100 ml &#8211; L&#8217;Erbolario<\/strong><\/p>\n<p>Fragranza spray perfetta per rinfrescare gli ambienti,\u00a0dalle note briose e agrumate<\/p>\n<p>Foglie verdissime, agrumi stuzzicanti, fiori profumati, aria pura e frizzante.<\/p>\n<p>Questa fragranza spray ispirata alla luminosa vivacit\u00e0 della Verbena \u00e8 un concentrato di natura, energia e vitalit\u00e0 ed \u00e8 capace di donare agli ambienti una piacevolissima sferzata di freschezza<\/p>\n<p><strong>Fragranza: agrumata, fiorita<\/strong><\/p>\n<p>Note di Bergamotto, Limone, Neroli, Verbena odorosa, Rosa, Muschi.<\/p>\n<p><strong>Modo d&#8217;uso<\/strong><\/p>\n<p>Vaporizzare il prodotto a circa un metro di altezza da terra per rinfrescare la stanza.<\/p>\n<p><strong>Cosa sapere in pi\u00f9<\/strong><\/p>\n<p>100% Made in Italy<br \/>\nSenza ingredienti di derivazione animale<\/p>\n<p><strong>La linea Verbena de L&#8217;erbolario<\/strong><\/p>\n<p>Nasce dall\u2019incontro di due variet\u00e0 di Verbena \u2013 l\u2019officinalis e l\u2019odorosa (Lippia citriodora) \u2013 questa nuova Collezione profumata, che \u00e8 un inno alla freschezza e al buonumore.<\/p>\n<p>Entrambe assai discrete nell\u2019aspetto, le due Verbene nascondono sorprese inaspettate: la Verbena odorosa \u00e8 chiamata cos\u00ec perch\u00e9, quando si strofinano le sue foglie, emana un freschissimo sentore di limone, mentre la Verbena officinalis \u00e8 nota nella tradizione erboristica per le propriet\u00e0 antinfiammatorie e rilassanti.<\/p>\n","protected":false},"excerpt":{"rendered":"<p>Profumatore d&#8217;Ambiente Verbena 100 ml &#8211; L&#8217;Erbolario Fragranza spray perfetta per rinfrescare gli ambienti,\u00a0dalle note briose e agrumate Foglie verdissime, agrumi stuzzicanti, fiori profumati, aria pura e frizzante. Questa fragranza spray ispirata alla luminosa vivacit\u00e0 della Verbena \u00e8 un concentrato di natura, energia e vitalit\u00e0&#8230;<\/p>\n","protected":false},"featured_media":120486,"template":"","meta":{"_acf_changed":false},"product_brand":[9603],"product_cat":[45042],"product_tag":[],"giftcard-category":[],"class_list":{"0":"post-120502","1":"product","2":"type-product","3":"status-publish","4":"has-post-thumbnail","6":"product_brand-erbolario","7":"product_cat-profumi","8":"pa_formato-100-ml","9":"pa_linea-profumazione-verbena","10":"pa_marca-lerbolario","11":"pa_tipologia-profumatore","13":"first","14":"instock","15":"sale","16":"taxable","17":"shipping-taxable","18":"purchasable","19":"product-type-simple"},"acf":[],"yoast_head":"<!-- This site is optimized with the Yoast SEO plugin v24.9 - https:\/\/yoast.com\/wordpress\/plugins\/seo\/ -->\n<title>Profumatore d&#039;Ambiente Verbena 100ml per rinfrescare gli ambienti.\u00a0Note briose e agrumate - Erboristeria Demetra<\/title>\n<meta name=\"description\" content=\"Fragranza spray perfetta per rinfrescare gli ambienti,\u00a0dalle note briose e agrumate. Foglie verdissime, agrumi stuzzicanti, fiori profumati.\" \/>\n<meta name=\"robots\" content=\"index, follow, max-snippet:-1, max-image-preview:large, max-video-preview:-1\" \/>\n<link rel=\"canonical\" href=\"https:\/\/www.erboristerie.com\/it\/prodotto\/profumatore-dambiente-verbena-100ml-per-rinfrescare-gli-ambienti-note-briose-e-agrumate\/\" \/>\n<meta property=\"og:locale\" content=\"it_IT\" \/>\n<meta property=\"og:type\" content=\"article\" \/>\n<meta property=\"og:title\" content=\"Profumatore d&#039;Ambiente Verbena 100ml per rinfrescare gli ambienti.\u00a0Note briose e agrumate - Erboristeria Demetra\" \/>\n<meta property=\"og:description\" content=\"Fragranza spray perfetta per rinfrescare gli ambienti,\u00a0dalle note briose e agrumate. Foglie verdissime, agrumi stuzzicanti, fiori profumati.\" \/>\n<meta property=\"og:url\" content=\"https:\/\/www.erboristerie.com\/it\/prodotto\/profumatore-dambiente-verbena-100ml-per-rinfrescare-gli-ambienti-note-briose-e-agrumate\/\" \/>\n<meta property=\"og:site_name\" content=\"Erboristeria Demetra\" \/>\n<meta property=\"article:publisher\" content=\"https:\/\/www.facebook.com\/erboristeria.demetra.online\" \/>\n<meta property=\"article:modified_time\" content=\"2025-09-10T16:54:37+00:00\" \/>\n<meta property=\"og:image\" content=\"https:\/\/www.erboristerie.com\/wp-content\/uploads\/2023\/03\/00011240-verbena-profumatore-ambiente-erbolario.jpg\" \/>\n\t<meta property=\"og:image:width\" content=\"800\" \/>\n\t<meta property=\"og:image:height\" content=\"800\" \/>\n\t<meta property=\"og:image:type\" content=\"image\/jpeg\" \/>\n<meta name=\"twitter:card\" content=\"summary_large_image\" \/>\n<meta name=\"twitter:label1\" content=\"Tempo di lettura stimato\" \/>\n\t<meta name=\"twitter:data1\" content=\"1 minuto\" \/>\n<script type=\"application\/ld+json\" class=\"yoast-schema-graph\">{\"@context\":\"https:\/\/schema.org\",\"@graph\":[{\"@type\":\"WebPage\",\"@id\":\"https:\/\/www.erboristerie.com\/it\/prodotto\/profumatore-dambiente-verbena-100ml-per-rinfrescare-gli-ambienti-note-briose-e-agrumate\/\",\"url\":\"https:\/\/www.erboristerie.com\/it\/prodotto\/profumatore-dambiente-verbena-100ml-per-rinfrescare-gli-ambienti-note-briose-e-agrumate\/\",\"name\":\"Profumatore d'Ambiente Verbena 100ml per rinfrescare gli ambienti.\u00a0Note briose e agrumate - Erboristeria Demetra\",\"isPartOf\":{\"@id\":\"https:\/\/www.erboristerie.com\/it\/#website\"},\"primaryImageOfPage\":{\"@id\":\"https:\/\/www.erboristerie.com\/it\/prodotto\/profumatore-dambiente-verbena-100ml-per-rinfrescare-gli-ambienti-note-briose-e-agrumate\/#primaryimage\"},\"image\":{\"@id\":\"https:\/\/www.erboristerie.com\/it\/prodotto\/profumatore-dambiente-verbena-100ml-per-rinfrescare-gli-ambienti-note-briose-e-agrumate\/#primaryimage\"},\"thumbnailUrl\":\"https:\/\/www.erboristerie.com\/wp-content\/uploads\/2023\/03\/00011240-verbena-profumatore-ambiente-erbolario.jpg\",\"datePublished\":\"2023-03-24T11:27:46+00:00\",\"dateModified\":\"2025-09-10T16:54:37+00:00\",\"description\":\"Fragranza spray perfetta per rinfrescare gli ambienti,\u00a0dalle note briose e agrumate. Foglie verdissime, agrumi stuzzicanti, fiori profumati.\",\"breadcrumb\":{\"@id\":\"https:\/\/www.erboristerie.com\/it\/prodotto\/profumatore-dambiente-verbena-100ml-per-rinfrescare-gli-ambienti-note-briose-e-agrumate\/#breadcrumb\"},\"inLanguage\":\"it-IT\",\"potentialAction\":[{\"@type\":\"ReadAction\",\"target\":[\"https:\/\/www.erboristerie.com\/it\/prodotto\/profumatore-dambiente-verbena-100ml-per-rinfrescare-gli-ambienti-note-briose-e-agrumate\/\"]}]},{\"@type\":\"ImageObject\",\"inLanguage\":\"it-IT\",\"@id\":\"https:\/\/www.erboristerie.com\/it\/prodotto\/profumatore-dambiente-verbena-100ml-per-rinfrescare-gli-ambienti-note-briose-e-agrumate\/#primaryimage\",\"url\":\"https:\/\/www.erboristerie.com\/wp-content\/uploads\/2023\/03\/00011240-verbena-profumatore-ambiente-erbolario.jpg\",\"contentUrl\":\"https:\/\/www.erboristerie.com\/wp-content\/uploads\/2023\/03\/00011240-verbena-profumatore-ambiente-erbolario.jpg\",\"width\":800,\"height\":800},{\"@type\":\"BreadcrumbList\",\"@id\":\"https:\/\/www.erboristerie.com\/it\/prodotto\/profumatore-dambiente-verbena-100ml-per-rinfrescare-gli-ambienti-note-briose-e-agrumate\/#breadcrumb\",\"itemListElement\":[{\"@type\":\"ListItem\",\"position\":1,\"name\":\"Home\",\"item\":\"https:\/\/www.erboristerie.com\/it\/\"},{\"@type\":\"ListItem\",\"position\":2,\"name\":\"Tutti i prodotti\",\"item\":\"https:\/\/www.erboristerie.com\/it\/tutti-i-prodotti\/\"},{\"@type\":\"ListItem\",\"position\":3,\"name\":\"Profumatore d&#8217;Ambiente Verbena 100ml per rinfrescare gli ambienti.\u00a0Note briose e agrumate\"}]},{\"@type\":\"WebSite\",\"@id\":\"https:\/\/www.erboristerie.com\/it\/#website\",\"url\":\"https:\/\/www.erboristerie.com\/it\/\",\"name\":\"Erboristeria Demetra\",\"description\":\"La tua salute al naturale\",\"publisher\":{\"@id\":\"https:\/\/www.erboristerie.com\/it\/#organization\"},\"potentialAction\":[{\"@type\":\"SearchAction\",\"target\":{\"@type\":\"EntryPoint\",\"urlTemplate\":\"https:\/\/www.erboristerie.com\/it\/?s={search_term_string}\"},\"query-input\":{\"@type\":\"PropertyValueSpecification\",\"valueRequired\":true,\"valueName\":\"search_term_string\"}}],\"inLanguage\":\"it-IT\"},{\"@type\":\"Organization\",\"@id\":\"https:\/\/www.erboristerie.com\/it\/#organization\",\"name\":\"Erboristeria Demetra\",\"url\":\"https:\/\/www.erboristerie.com\/it\/\",\"logo\":{\"@type\":\"ImageObject\",\"inLanguage\":\"it-IT\",\"@id\":\"https:\/\/www.erboristerie.com\/it\/#\/schema\/logo\/image\/\",\"url\":\"https:\/\/www.erboristerie.com\/wp-content\/uploads\/2019\/11\/LOGO_ERBORISTERIA_DEMETRA_original.png?v=1611516981\",\"contentUrl\":\"https:\/\/www.erboristerie.com\/wp-content\/uploads\/2019\/11\/LOGO_ERBORISTERIA_DEMETRA_original.png?v=1611516981\",\"width\":201,\"height\":54,\"caption\":\"Erboristeria Demetra\"},\"image\":{\"@id\":\"https:\/\/www.erboristerie.com\/it\/#\/schema\/logo\/image\/\"},\"sameAs\":[\"https:\/\/www.facebook.com\/erboristeria.demetra.online\"]}]}<\/script>\n<!-- \/ Yoast SEO plugin. -->","yoast_head_json":{"title":"Profumatore d'Ambiente Verbena 100ml per rinfrescare gli ambienti.\u00a0Note briose e agrumate - Erboristeria Demetra","description":"Fragranza spray perfetta per rinfrescare gli ambienti,\u00a0dalle note briose e agrumate. Foglie verdissime, agrumi stuzzicanti, fiori profumati.","robots":{"index":"index","follow":"follow","max-snippet":"max-snippet:-1","max-image-preview":"max-image-preview:large","max-video-preview":"max-video-preview:-1"},"canonical":"https:\/\/www.erboristerie.com\/it\/prodotto\/profumatore-dambiente-verbena-100ml-per-rinfrescare-gli-ambienti-note-briose-e-agrumate\/","og_locale":"it_IT","og_type":"article","og_title":"Profumatore d'Ambiente Verbena 100ml per rinfrescare gli ambienti.\u00a0Note briose e agrumate - Erboristeria Demetra","og_description":"Fragranza spray perfetta per rinfrescare gli ambienti,\u00a0dalle note briose e agrumate. Foglie verdissime, agrumi stuzzicanti, fiori profumati.","og_url":"https:\/\/www.erboristerie.com\/it\/prodotto\/profumatore-dambiente-verbena-100ml-per-rinfrescare-gli-ambienti-note-briose-e-agrumate\/","og_site_name":"Erboristeria Demetra","article_publisher":"https:\/\/www.facebook.com\/erboristeria.demetra.online","article_modified_time":"2025-09-10T16:54:37+00:00","og_image":[{"width":800,"height":800,"url":"https:\/\/www.erboristerie.com\/wp-content\/uploads\/2023\/03\/00011240-verbena-profumatore-ambiente-erbolario.jpg","type":"image\/jpeg"}],"twitter_card":"summary_large_image","twitter_misc":{"Tempo di lettura stimato":"1 minuto"},"schema":{"@context":"https:\/\/schema.org","@graph":[{"@type":"WebPage","@id":"https:\/\/www.erboristerie.com\/it\/prodotto\/profumatore-dambiente-verbena-100ml-per-rinfrescare-gli-ambienti-note-briose-e-agrumate\/","url":"https:\/\/www.erboristerie.com\/it\/prodotto\/profumatore-dambiente-verbena-100ml-per-rinfrescare-gli-ambienti-note-briose-e-agrumate\/","name":"Profumatore d'Ambiente Verbena 100ml per rinfrescare gli ambienti.\u00a0Note briose e agrumate - Erboristeria Demetra","isPartOf":{"@id":"https:\/\/www.erboristerie.com\/it\/#website"},"primaryImageOfPage":{"@id":"https:\/\/www.erboristerie.com\/it\/prodotto\/profumatore-dambiente-verbena-100ml-per-rinfrescare-gli-ambienti-note-briose-e-agrumate\/#primaryimage"},"image":{"@id":"https:\/\/www.erboristerie.com\/it\/prodotto\/profumatore-dambiente-verbena-100ml-per-rinfrescare-gli-ambienti-note-briose-e-agrumate\/#primaryimage"},"thumbnailUrl":"https:\/\/www.erboristerie.com\/wp-content\/uploads\/2023\/03\/00011240-verbena-profumatore-ambiente-erbolario.jpg","datePublished":"2023-03-24T11:27:46+00:00","dateModified":"2025-09-10T16:54:37+00:00","description":"Fragranza spray perfetta per rinfrescare gli ambienti,\u00a0dalle note briose e agrumate. Foglie verdissime, agrumi stuzzicanti, fiori profumati.","breadcrumb":{"@id":"https:\/\/www.erboristerie.com\/it\/prodotto\/profumatore-dambiente-verbena-100ml-per-rinfrescare-gli-ambienti-note-briose-e-agrumate\/#breadcrumb"},"inLanguage":"it-IT","potentialAction":[{"@type":"ReadAction","target":["https:\/\/www.erboristerie.com\/it\/prodotto\/profumatore-dambiente-verbena-100ml-per-rinfrescare-gli-ambienti-note-briose-e-agrumate\/"]}]},{"@type":"ImageObject","inLanguage":"it-IT","@id":"https:\/\/www.erboristerie.com\/it\/prodotto\/profumatore-dambiente-verbena-100ml-per-rinfrescare-gli-ambienti-note-briose-e-agrumate\/#primaryimage","url":"https:\/\/www.erboristerie.com\/wp-content\/uploads\/2023\/03\/00011240-verbena-profumatore-ambiente-erbolario.jpg","contentUrl":"https:\/\/www.erboristerie.com\/wp-content\/uploads\/2023\/03\/00011240-verbena-profumatore-ambiente-erbolario.jpg","width":800,"height":800},{"@type":"BreadcrumbList","@id":"https:\/\/www.erboristerie.com\/it\/prodotto\/profumatore-dambiente-verbena-100ml-per-rinfrescare-gli-ambienti-note-briose-e-agrumate\/#breadcrumb","itemListElement":[{"@type":"ListItem","position":1,"name":"Home","item":"https:\/\/www.erboristerie.com\/it\/"},{"@type":"ListItem","position":2,"name":"Tutti i prodotti","item":"https:\/\/www.erboristerie.com\/it\/tutti-i-prodotti\/"},{"@type":"ListItem","position":3,"name":"Profumatore d&#8217;Ambiente Verbena 100ml per rinfrescare gli ambienti.\u00a0Note briose e agrumate"}]},{"@type":"WebSite","@id":"https:\/\/www.erboristerie.com\/it\/#website","url":"https:\/\/www.erboristerie.com\/it\/","name":"Erboristeria Demetra","description":"La tua salute al naturale","publisher":{"@id":"https:\/\/www.erboristerie.com\/it\/#organization"},"potentialAction":[{"@type":"SearchAction","target":{"@type":"EntryPoint","urlTemplate":"https:\/\/www.erboristerie.com\/it\/?s={search_term_string}"},"query-input":{"@type":"PropertyValueSpecification","valueRequired":true,"valueName":"search_term_string"}}],"inLanguage":"it-IT"},{"@type":"Organization","@id":"https:\/\/www.erboristerie.com\/it\/#organization","name":"Erboristeria Demetra","url":"https:\/\/www.erboristerie.com\/it\/","logo":{"@type":"ImageObject","inLanguage":"it-IT","@id":"https:\/\/www.erboristerie.com\/it\/#\/schema\/logo\/image\/","url":"https:\/\/www.erboristerie.com\/wp-content\/uploads\/2019\/11\/LOGO_ERBORISTERIA_DEMETRA_original.png?v=1611516981","contentUrl":"https:\/\/www.erboristerie.com\/wp-content\/uploads\/2019\/11\/LOGO_ERBORISTERIA_DEMETRA_original.png?v=1611516981","width":201,"height":54,"caption":"Erboristeria Demetra"},"image":{"@id":"https:\/\/www.erboristerie.com\/it\/#\/schema\/logo\/image\/"},"sameAs":["https:\/\/www.facebook.com\/erboristeria.demetra.online"]}]}},"_links":{"self":[{"href":"https:\/\/www.erboristerie.com\/it\/wp-json\/wp\/v2\/product\/120502","targetHints":{"allow":["GET"]}}],"collection":[{"href":"https:\/\/www.erboristerie.com\/it\/wp-json\/wp\/v2\/product"}],"about":[{"href":"https:\/\/www.erboristerie.com\/it\/wp-json\/wp\/v2\/types\/product"}],"wp:featuredmedia":[{"embeddable":true,"href":"https:\/\/www.erboristerie.com\/it\/wp-json\/wp\/v2\/media\/120486"}],"wp:attachment":[{"href":"https:\/\/www.erboristerie.com\/it\/wp-json\/wp\/v2\/media?parent=120502"}],"wp:term":[{"taxonomy":"product_brand","embeddable":true,"href":"https:\/\/www.erboristerie.com\/it\/wp-json\/wp\/v2\/product_brand?post=120502"},{"taxonomy":"product_cat","embeddable":true,"href":"https:\/\/www.erboristerie.com\/it\/wp-json\/wp\/v2\/product_cat?post=120502"},{"taxonomy":"product_tag","embeddable":true,"href":"https:\/\/www.erboristerie.com\/it\/wp-json\/wp\/v2\/product_tag?post=120502"},{"taxonomy":"giftcard-category","embeddable":true,"href":"https:\/\/www.erboristerie.com\/it\/wp-json\/wp\/v2\/giftcard-category?post=120502"}],"curies":[{"name":"wp","href":"https:\/\/api.w.org\/{rel}","templated":true}]}}