{"id":120500,"date":"2023-03-24T11:53:00","date_gmt":"2023-03-24T10:53:00","guid":{"rendered":"https:\/\/www.erboristerie.com\/?post_type=product&#038;p=120500"},"modified":"2025-09-10T18:55:10","modified_gmt":"2025-09-10T16:55:10","slug":"verbena-rinfresca-spray-corpo-e-capelli-125ml-lerbolario","status":"publish","type":"product","link":"https:\/\/www.erboristerie.com\/it\/prodotto\/verbena-rinfresca-spray-corpo-e-capelli-125ml-lerbolario\/","title":{"rendered":"Verbena Rinfresca Spray Corpo e Capelli 125ml L&#8217;Erbolario"},"content":{"rendered":"<p><strong>Verbena Rinfresca Spray Corpo e Capelli 125 ml unisex &#8211; L&#8217;Erbolario<\/strong><\/p>\n<p>Un trattamento multifunzione dal profumo fresco ed esuberante, studiato per prendersi cura di corpo e capelli in pochi istanti.<\/p>\n<p>Si pu\u00f2 vaporizzare e massaggiare sulla pelle del corpo per rinfrescarla, idratarla e nutrirla, in alternativa o prima dell\u2019utilizzo della Crema Corpo.<\/p>\n<p>Spruzzato sulle lunghezze dei capelli, li districa, lucida e profuma senza appesantirli.<\/p>\n<p>Senza siliconi, parabeni, tensioattivi solfati e petrolati<\/p>\n<p>97% ingredienti di origine naturale<\/p>\n<p>La restante percentuale di ingredienti garantisce stabilit\u00e0 e gradevolezza del prodotto.<\/p>\n<p><strong>Consigli d&#8217;uso<\/strong><\/p>\n<p>Agitare il flacone e vaporizzare sul corpo e sulle lunghezze dei capelli.<\/p>\n<p>Spruzzato sui capelli umidi o asciutti aiuta a districare la chioma donando lucentezza e una gradevole profumazione.<\/p>\n<p>Rinfresca la pelle del corpo, la idrata con leggerezza e la profuma, senza ungere.<\/p>\n<p>Agitare prima dell\u2019uso.<\/p>\n<p><strong>Cosa sapere in pi\u00f9<\/strong><\/p>\n<p>100% Made in Italy<br \/>\n7 Metalli testati<br \/>\nDermatologicamente Testato<br \/>\nLAV &#8211; Dalla parte degli animali<br \/>\nSenza ingredienti di derivazione animale<br \/>\n12 MPaO (Period after Opening &#8211; periodo dopo l\u2019apertura)<br \/>\nImballo riciclabile al 100%.<\/p>\n<p><strong>La linea Verbena de L&#8217;erbolario<\/strong><\/p>\n<p>Nasce dall\u2019incontro di due variet\u00e0 di Verbena \u2013 l\u2019officinalis e l\u2019odorosa (Lippia citriodora) \u2013 questa nuova Collezione profumata, che \u00e8 un inno alla freschezza e al buonumore.<\/p>\n<p>Entrambe assai discrete nell\u2019aspetto, le due Verbene nascondono sorprese inaspettate: la Verbena odorosa \u00e8 chiamata cos\u00ec perch\u00e9, quando si strofinano le sue foglie, emana un freschissimo sentore di limone, mentre la Verbena officinalis \u00e8 nota nella tradizione erboristica per le propriet\u00e0 antinfiammatorie e rilassanti.<\/p>\n","protected":false},"excerpt":{"rendered":"<p>Verbena Rinfresca Spray Corpo e Capelli 125 ml unisex &#8211; L&#8217;Erbolario Un trattamento multifunzione dal profumo fresco ed esuberante, studiato per prendersi cura di corpo e capelli in pochi istanti. Si pu\u00f2 vaporizzare e massaggiare sulla pelle del corpo per rinfrescarla, idratarla e nutrirla, in&#8230;<\/p>\n","protected":false},"featured_media":120490,"template":"","meta":{"_acf_changed":false},"product_brand":[9603],"product_cat":[49195,10307,45041],"product_tag":[],"giftcard-category":[],"class_list":{"0":"post-120500","1":"product","2":"type-product","3":"status-publish","4":"has-post-thumbnail","6":"product_brand-erbolario","7":"product_cat-linee-profumate","8":"product_cat-capelli","9":"product_cat-corpo","10":"pa_formato-125-ml","11":"pa_linea-profumazione-verbena","12":"pa_marca-lerbolario","13":"pa_tipologia-spray","15":"first","16":"instock","17":"sale","18":"taxable","19":"shipping-taxable","20":"purchasable","21":"product-type-simple"},"acf":[],"yoast_head":"<!-- This site is optimized with the Yoast SEO plugin v24.9 - https:\/\/yoast.com\/wordpress\/plugins\/seo\/ -->\n<title>Verbena Rinfresca Spray Corpo e Capelli 125ml L&#039;Erbolario - Erboristeria Demetra<\/title>\n<meta name=\"description\" content=\"Un trattamento multifunzione dal profumo fresco ed esuberante, studiato per prendersi cura di corpo e capelli in pochi istanti.\" \/>\n<meta name=\"robots\" content=\"index, follow, max-snippet:-1, max-image-preview:large, max-video-preview:-1\" \/>\n<link rel=\"canonical\" href=\"https:\/\/www.erboristerie.com\/it\/prodotto\/verbena-rinfresca-spray-corpo-e-capelli-125ml-lerbolario\/\" \/>\n<meta property=\"og:locale\" content=\"it_IT\" \/>\n<meta property=\"og:type\" content=\"article\" \/>\n<meta property=\"og:title\" content=\"Verbena Rinfresca Spray Corpo e Capelli 125ml L&#039;Erbolario - Erboristeria Demetra\" \/>\n<meta property=\"og:description\" content=\"Un trattamento multifunzione dal profumo fresco ed esuberante, studiato per prendersi cura di corpo e capelli in pochi istanti.\" \/>\n<meta property=\"og:url\" content=\"https:\/\/www.erboristerie.com\/it\/prodotto\/verbena-rinfresca-spray-corpo-e-capelli-125ml-lerbolario\/\" \/>\n<meta property=\"og:site_name\" content=\"Erboristeria Demetra\" \/>\n<meta property=\"article:publisher\" content=\"https:\/\/www.facebook.com\/erboristeria.demetra.online\" \/>\n<meta property=\"article:modified_time\" content=\"2025-09-10T16:55:10+00:00\" \/>\n<meta property=\"og:image\" content=\"https:\/\/www.erboristerie.com\/wp-content\/uploads\/2023\/03\/00011238-verbena-rinfresca-spray-erbolario.jpg\" \/>\n\t<meta property=\"og:image:width\" content=\"800\" \/>\n\t<meta property=\"og:image:height\" content=\"800\" \/>\n\t<meta property=\"og:image:type\" content=\"image\/jpeg\" \/>\n<meta name=\"twitter:card\" content=\"summary_large_image\" \/>\n<meta name=\"twitter:label1\" content=\"Tempo di lettura stimato\" \/>\n\t<meta name=\"twitter:data1\" content=\"2 minuti\" \/>\n<script type=\"application\/ld+json\" class=\"yoast-schema-graph\">{\"@context\":\"https:\/\/schema.org\",\"@graph\":[{\"@type\":\"WebPage\",\"@id\":\"https:\/\/www.erboristerie.com\/it\/prodotto\/verbena-rinfresca-spray-corpo-e-capelli-125ml-lerbolario\/\",\"url\":\"https:\/\/www.erboristerie.com\/it\/prodotto\/verbena-rinfresca-spray-corpo-e-capelli-125ml-lerbolario\/\",\"name\":\"Verbena Rinfresca Spray Corpo e Capelli 125ml L'Erbolario - Erboristeria Demetra\",\"isPartOf\":{\"@id\":\"https:\/\/www.erboristerie.com\/it\/#website\"},\"primaryImageOfPage\":{\"@id\":\"https:\/\/www.erboristerie.com\/it\/prodotto\/verbena-rinfresca-spray-corpo-e-capelli-125ml-lerbolario\/#primaryimage\"},\"image\":{\"@id\":\"https:\/\/www.erboristerie.com\/it\/prodotto\/verbena-rinfresca-spray-corpo-e-capelli-125ml-lerbolario\/#primaryimage\"},\"thumbnailUrl\":\"https:\/\/www.erboristerie.com\/wp-content\/uploads\/2023\/03\/00011238-verbena-rinfresca-spray-erbolario.jpg\",\"datePublished\":\"2023-03-24T10:53:00+00:00\",\"dateModified\":\"2025-09-10T16:55:10+00:00\",\"description\":\"Un trattamento multifunzione dal profumo fresco ed esuberante, studiato per prendersi cura di corpo e capelli in pochi istanti.\",\"breadcrumb\":{\"@id\":\"https:\/\/www.erboristerie.com\/it\/prodotto\/verbena-rinfresca-spray-corpo-e-capelli-125ml-lerbolario\/#breadcrumb\"},\"inLanguage\":\"it-IT\",\"potentialAction\":[{\"@type\":\"ReadAction\",\"target\":[\"https:\/\/www.erboristerie.com\/it\/prodotto\/verbena-rinfresca-spray-corpo-e-capelli-125ml-lerbolario\/\"]}]},{\"@type\":\"ImageObject\",\"inLanguage\":\"it-IT\",\"@id\":\"https:\/\/www.erboristerie.com\/it\/prodotto\/verbena-rinfresca-spray-corpo-e-capelli-125ml-lerbolario\/#primaryimage\",\"url\":\"https:\/\/www.erboristerie.com\/wp-content\/uploads\/2023\/03\/00011238-verbena-rinfresca-spray-erbolario.jpg\",\"contentUrl\":\"https:\/\/www.erboristerie.com\/wp-content\/uploads\/2023\/03\/00011238-verbena-rinfresca-spray-erbolario.jpg\",\"width\":800,\"height\":800},{\"@type\":\"BreadcrumbList\",\"@id\":\"https:\/\/www.erboristerie.com\/it\/prodotto\/verbena-rinfresca-spray-corpo-e-capelli-125ml-lerbolario\/#breadcrumb\",\"itemListElement\":[{\"@type\":\"ListItem\",\"position\":1,\"name\":\"Home\",\"item\":\"https:\/\/www.erboristerie.com\/it\/\"},{\"@type\":\"ListItem\",\"position\":2,\"name\":\"Tutti i prodotti\",\"item\":\"https:\/\/www.erboristerie.com\/it\/tutti-i-prodotti\/\"},{\"@type\":\"ListItem\",\"position\":3,\"name\":\"Verbena Rinfresca Spray Corpo e Capelli 125ml L&#8217;Erbolario\"}]},{\"@type\":\"WebSite\",\"@id\":\"https:\/\/www.erboristerie.com\/it\/#website\",\"url\":\"https:\/\/www.erboristerie.com\/it\/\",\"name\":\"Erboristeria Demetra\",\"description\":\"La tua salute al naturale\",\"publisher\":{\"@id\":\"https:\/\/www.erboristerie.com\/it\/#organization\"},\"potentialAction\":[{\"@type\":\"SearchAction\",\"target\":{\"@type\":\"EntryPoint\",\"urlTemplate\":\"https:\/\/www.erboristerie.com\/it\/?s={search_term_string}\"},\"query-input\":{\"@type\":\"PropertyValueSpecification\",\"valueRequired\":true,\"valueName\":\"search_term_string\"}}],\"inLanguage\":\"it-IT\"},{\"@type\":\"Organization\",\"@id\":\"https:\/\/www.erboristerie.com\/it\/#organization\",\"name\":\"Erboristeria Demetra\",\"url\":\"https:\/\/www.erboristerie.com\/it\/\",\"logo\":{\"@type\":\"ImageObject\",\"inLanguage\":\"it-IT\",\"@id\":\"https:\/\/www.erboristerie.com\/it\/#\/schema\/logo\/image\/\",\"url\":\"https:\/\/www.erboristerie.com\/wp-content\/uploads\/2019\/11\/LOGO_ERBORISTERIA_DEMETRA_original.png?v=1611516981\",\"contentUrl\":\"https:\/\/www.erboristerie.com\/wp-content\/uploads\/2019\/11\/LOGO_ERBORISTERIA_DEMETRA_original.png?v=1611516981\",\"width\":201,\"height\":54,\"caption\":\"Erboristeria Demetra\"},\"image\":{\"@id\":\"https:\/\/www.erboristerie.com\/it\/#\/schema\/logo\/image\/\"},\"sameAs\":[\"https:\/\/www.facebook.com\/erboristeria.demetra.online\"]}]}<\/script>\n<!-- \/ Yoast SEO plugin. -->","yoast_head_json":{"title":"Verbena Rinfresca Spray Corpo e Capelli 125ml L'Erbolario - Erboristeria Demetra","description":"Un trattamento multifunzione dal profumo fresco ed esuberante, studiato per prendersi cura di corpo e capelli in pochi istanti.","robots":{"index":"index","follow":"follow","max-snippet":"max-snippet:-1","max-image-preview":"max-image-preview:large","max-video-preview":"max-video-preview:-1"},"canonical":"https:\/\/www.erboristerie.com\/it\/prodotto\/verbena-rinfresca-spray-corpo-e-capelli-125ml-lerbolario\/","og_locale":"it_IT","og_type":"article","og_title":"Verbena Rinfresca Spray Corpo e Capelli 125ml L'Erbolario - Erboristeria Demetra","og_description":"Un trattamento multifunzione dal profumo fresco ed esuberante, studiato per prendersi cura di corpo e capelli in pochi istanti.","og_url":"https:\/\/www.erboristerie.com\/it\/prodotto\/verbena-rinfresca-spray-corpo-e-capelli-125ml-lerbolario\/","og_site_name":"Erboristeria Demetra","article_publisher":"https:\/\/www.facebook.com\/erboristeria.demetra.online","article_modified_time":"2025-09-10T16:55:10+00:00","og_image":[{"width":800,"height":800,"url":"https:\/\/www.erboristerie.com\/wp-content\/uploads\/2023\/03\/00011238-verbena-rinfresca-spray-erbolario.jpg","type":"image\/jpeg"}],"twitter_card":"summary_large_image","twitter_misc":{"Tempo di lettura stimato":"2 minuti"},"schema":{"@context":"https:\/\/schema.org","@graph":[{"@type":"WebPage","@id":"https:\/\/www.erboristerie.com\/it\/prodotto\/verbena-rinfresca-spray-corpo-e-capelli-125ml-lerbolario\/","url":"https:\/\/www.erboristerie.com\/it\/prodotto\/verbena-rinfresca-spray-corpo-e-capelli-125ml-lerbolario\/","name":"Verbena Rinfresca Spray Corpo e Capelli 125ml L'Erbolario - Erboristeria Demetra","isPartOf":{"@id":"https:\/\/www.erboristerie.com\/it\/#website"},"primaryImageOfPage":{"@id":"https:\/\/www.erboristerie.com\/it\/prodotto\/verbena-rinfresca-spray-corpo-e-capelli-125ml-lerbolario\/#primaryimage"},"image":{"@id":"https:\/\/www.erboristerie.com\/it\/prodotto\/verbena-rinfresca-spray-corpo-e-capelli-125ml-lerbolario\/#primaryimage"},"thumbnailUrl":"https:\/\/www.erboristerie.com\/wp-content\/uploads\/2023\/03\/00011238-verbena-rinfresca-spray-erbolario.jpg","datePublished":"2023-03-24T10:53:00+00:00","dateModified":"2025-09-10T16:55:10+00:00","description":"Un trattamento multifunzione dal profumo fresco ed esuberante, studiato per prendersi cura di corpo e capelli in pochi istanti.","breadcrumb":{"@id":"https:\/\/www.erboristerie.com\/it\/prodotto\/verbena-rinfresca-spray-corpo-e-capelli-125ml-lerbolario\/#breadcrumb"},"inLanguage":"it-IT","potentialAction":[{"@type":"ReadAction","target":["https:\/\/www.erboristerie.com\/it\/prodotto\/verbena-rinfresca-spray-corpo-e-capelli-125ml-lerbolario\/"]}]},{"@type":"ImageObject","inLanguage":"it-IT","@id":"https:\/\/www.erboristerie.com\/it\/prodotto\/verbena-rinfresca-spray-corpo-e-capelli-125ml-lerbolario\/#primaryimage","url":"https:\/\/www.erboristerie.com\/wp-content\/uploads\/2023\/03\/00011238-verbena-rinfresca-spray-erbolario.jpg","contentUrl":"https:\/\/www.erboristerie.com\/wp-content\/uploads\/2023\/03\/00011238-verbena-rinfresca-spray-erbolario.jpg","width":800,"height":800},{"@type":"BreadcrumbList","@id":"https:\/\/www.erboristerie.com\/it\/prodotto\/verbena-rinfresca-spray-corpo-e-capelli-125ml-lerbolario\/#breadcrumb","itemListElement":[{"@type":"ListItem","position":1,"name":"Home","item":"https:\/\/www.erboristerie.com\/it\/"},{"@type":"ListItem","position":2,"name":"Tutti i prodotti","item":"https:\/\/www.erboristerie.com\/it\/tutti-i-prodotti\/"},{"@type":"ListItem","position":3,"name":"Verbena Rinfresca Spray Corpo e Capelli 125ml L&#8217;Erbolario"}]},{"@type":"WebSite","@id":"https:\/\/www.erboristerie.com\/it\/#website","url":"https:\/\/www.erboristerie.com\/it\/","name":"Erboristeria Demetra","description":"La tua salute al naturale","publisher":{"@id":"https:\/\/www.erboristerie.com\/it\/#organization"},"potentialAction":[{"@type":"SearchAction","target":{"@type":"EntryPoint","urlTemplate":"https:\/\/www.erboristerie.com\/it\/?s={search_term_string}"},"query-input":{"@type":"PropertyValueSpecification","valueRequired":true,"valueName":"search_term_string"}}],"inLanguage":"it-IT"},{"@type":"Organization","@id":"https:\/\/www.erboristerie.com\/it\/#organization","name":"Erboristeria Demetra","url":"https:\/\/www.erboristerie.com\/it\/","logo":{"@type":"ImageObject","inLanguage":"it-IT","@id":"https:\/\/www.erboristerie.com\/it\/#\/schema\/logo\/image\/","url":"https:\/\/www.erboristerie.com\/wp-content\/uploads\/2019\/11\/LOGO_ERBORISTERIA_DEMETRA_original.png?v=1611516981","contentUrl":"https:\/\/www.erboristerie.com\/wp-content\/uploads\/2019\/11\/LOGO_ERBORISTERIA_DEMETRA_original.png?v=1611516981","width":201,"height":54,"caption":"Erboristeria Demetra"},"image":{"@id":"https:\/\/www.erboristerie.com\/it\/#\/schema\/logo\/image\/"},"sameAs":["https:\/\/www.facebook.com\/erboristeria.demetra.online"]}]}},"_links":{"self":[{"href":"https:\/\/www.erboristerie.com\/it\/wp-json\/wp\/v2\/product\/120500","targetHints":{"allow":["GET"]}}],"collection":[{"href":"https:\/\/www.erboristerie.com\/it\/wp-json\/wp\/v2\/product"}],"about":[{"href":"https:\/\/www.erboristerie.com\/it\/wp-json\/wp\/v2\/types\/product"}],"wp:featuredmedia":[{"embeddable":true,"href":"https:\/\/www.erboristerie.com\/it\/wp-json\/wp\/v2\/media\/120490"}],"wp:attachment":[{"href":"https:\/\/www.erboristerie.com\/it\/wp-json\/wp\/v2\/media?parent=120500"}],"wp:term":[{"taxonomy":"product_brand","embeddable":true,"href":"https:\/\/www.erboristerie.com\/it\/wp-json\/wp\/v2\/product_brand?post=120500"},{"taxonomy":"product_cat","embeddable":true,"href":"https:\/\/www.erboristerie.com\/it\/wp-json\/wp\/v2\/product_cat?post=120500"},{"taxonomy":"product_tag","embeddable":true,"href":"https:\/\/www.erboristerie.com\/it\/wp-json\/wp\/v2\/product_tag?post=120500"},{"taxonomy":"giftcard-category","embeddable":true,"href":"https:\/\/www.erboristerie.com\/it\/wp-json\/wp\/v2\/giftcard-category?post=120500"}],"curies":[{"name":"wp","href":"https:\/\/api.w.org\/{rel}","templated":true}]}}