{"id":120327,"date":"2023-03-07T18:42:17","date_gmt":"2023-03-07T17:42:17","guid":{"rendered":"https:\/\/www.erboristerie.com\/?post_type=product&#038;p=120327"},"modified":"2026-04-16T11:31:19","modified_gmt":"2026-04-16T09:31:19","slug":"olio-solare-spray-viso-e-corpo-spf15-natures-150ml","status":"publish","type":"product","link":"https:\/\/www.erboristerie.com\/it\/prodotto\/olio-solare-spray-viso-e-corpo-spf15-natures-150ml\/","title":{"rendered":"Olio Solare Spray Viso e Corpo SPF15 Nature&#8217;s 150ml"},"content":{"rendered":"<p><strong>Olio Solare Spray Viso e Corpo SPF15 150ml &#8211; Nature&#8217;s<\/strong><\/p>\n<p>Pensato per chi desidera un colore intenso in tempi rapidi, l\u2019Olio Solare Viso-Corpo protegge la pelle favorendo un\u2019abbronzatura luminosa e duratura.<\/p>\n<p>La texture leggera, trasparente e a rapido assorbimento si fissa perfettamente sulla pelle, resistendo all\u2019acqua e al sudore.<\/p>\n<p>La sua formula, a base di attivi naturali, contiene Acqua Unicellulare di Arancia dolce bio, ad azione antiossidante, olio di Luffa, Oleil Tirosina e Melanina vegetale, che potenzia l\u2019azione della melanina naturale assicurando un\u2019abbronzatura uniforme e duratura.<\/p>\n<p>L\u2019Olio Solare, grazie alla leggerezza della sua texture, \u00e8 ideale anche per i capelli, li mantiene idratati e nutriti, proteggendoli dall\u2019eccessiva esposizione al sole e della salsedine, aiutando a preservarne il colore.<\/p>\n<p>Il fattore di protezione medio SPF15 \u00e8 adatto ai fototipi scuri o quando la pelle \u00e8 gi\u00e0 abbronzata.<\/p>\n<p><strong>Caratteristiche generali<\/strong><\/p>\n<ul>\n<li>Filtri fotostabili e non dannosi per i coralli<\/li>\n<li>No Parabeni \u2013 No Siliconi<\/li>\n<li>Adatti alle pelli sensibili<\/li>\n<li>Elevata % di ingredienti di origine naturale<\/li>\n<li>Nickel e Dermatologicamente testati<\/li>\n<li>Water Resistant, Anti-sabbia e con ingredienti biodegradabili<\/li>\n<li>No Microplastiche<\/li>\n<li>Packaging in PE Green da canna da zucchero<\/li>\n<\/ul>\n","protected":false},"excerpt":{"rendered":"<p>Olio Solare Spray Viso e Corpo SPF15 150ml &#8211; Nature&#8217;s Pensato per chi desidera un colore intenso in tempi rapidi, l\u2019Olio Solare Viso-Corpo protegge la pelle favorendo un\u2019abbronzatura luminosa e duratura. La texture leggera, trasparente e a rapido assorbimento si fissa perfettamente sulla pelle, resistendo&#8230;<\/p>\n","protected":false},"featured_media":120334,"template":"","meta":{"_acf_changed":false},"product_brand":[9650],"product_cat":[9695],"product_tag":[14528,18241,11487,12214,10926,12211,12213,12212,12089,12096,13074,12101,18944,12215,17904],"giftcard-category":[],"class_list":{"0":"post-120327","1":"product","2":"type-product","3":"status-publish","4":"has-post-thumbnail","6":"product_brand-nature-s","7":"product_cat-solari","8":"product_tag-bambini","9":"product_tag-crema-2","10":"product_tag-fluido","11":"product_tag-media","12":"product_tag-ml200","13":"product_tag-nature","14":"product_tag-natures","15":"product_tag-protezione","16":"product_tag-solare","17":"product_tag-spf15","18":"product_tag-spf20","19":"product_tag-spf50","20":"product_tag-spray-3","21":"product_tag-sun","22":"product_tag-trasparente","23":"pa_formato-150-ml","24":"pa_linea-profumazione-solari","25":"pa_marca-natures","26":"pa_protezione-spf-45261","27":"pa_tipologia-olio","29":"first","30":"instock","31":"sale","32":"taxable","33":"shipping-taxable","34":"purchasable","35":"product-type-variable"},"acf":[],"yoast_head":"<!-- This site is optimized with the Yoast SEO plugin v24.9 - https:\/\/yoast.com\/wordpress\/plugins\/seo\/ -->\n<title>Olio Solare Spray Viso e Corpo SPF15 Nature&#039;s 150ml - Erboristeria Demetra<\/title>\n<meta name=\"description\" content=\"Pensato per chi desidera un colore intenso in tempi rapidi, l\u2019Olio Solare Viso-Corpo protegge la pelle favorendo un\u2019abbronzatura luminosa e duratura.\" \/>\n<meta name=\"robots\" content=\"index, follow, max-snippet:-1, max-image-preview:large, max-video-preview:-1\" \/>\n<link rel=\"canonical\" href=\"https:\/\/www.erboristerie.com\/it\/prodotto\/olio-solare-spray-viso-e-corpo-spf15-natures-150ml\/\" \/>\n<meta property=\"og:locale\" content=\"it_IT\" \/>\n<meta property=\"og:type\" content=\"article\" \/>\n<meta property=\"og:title\" content=\"Olio Solare Spray Viso e Corpo SPF15 Nature&#039;s 150ml - Erboristeria Demetra\" \/>\n<meta property=\"og:description\" content=\"Pensato per chi desidera un colore intenso in tempi rapidi, l\u2019Olio Solare Viso-Corpo protegge la pelle favorendo un\u2019abbronzatura luminosa e duratura.\" \/>\n<meta property=\"og:url\" content=\"https:\/\/www.erboristerie.com\/it\/prodotto\/olio-solare-spray-viso-e-corpo-spf15-natures-150ml\/\" \/>\n<meta property=\"og:site_name\" content=\"Erboristeria Demetra\" \/>\n<meta property=\"article:publisher\" content=\"https:\/\/www.facebook.com\/erboristeria.demetra.online\" \/>\n<meta property=\"article:modified_time\" content=\"2026-04-16T09:31:19+00:00\" \/>\n<meta property=\"og:image\" content=\"https:\/\/www.erboristerie.com\/wp-content\/uploads\/2023\/03\/00008818-olio-solare-spf15-natures.jpg\" \/>\n\t<meta property=\"og:image:width\" content=\"800\" \/>\n\t<meta property=\"og:image:height\" content=\"800\" \/>\n\t<meta property=\"og:image:type\" content=\"image\/jpeg\" \/>\n<meta name=\"twitter:card\" content=\"summary_large_image\" \/>\n<meta name=\"twitter:label1\" content=\"Tempo di lettura stimato\" \/>\n\t<meta name=\"twitter:data1\" content=\"2 minuti\" \/>\n<script type=\"application\/ld+json\" class=\"yoast-schema-graph\">{\"@context\":\"https:\/\/schema.org\",\"@graph\":[{\"@type\":\"WebPage\",\"@id\":\"https:\/\/www.erboristerie.com\/it\/prodotto\/olio-solare-spray-viso-e-corpo-spf15-natures-150ml\/\",\"url\":\"https:\/\/www.erboristerie.com\/it\/prodotto\/olio-solare-spray-viso-e-corpo-spf15-natures-150ml\/\",\"name\":\"Olio Solare Spray Viso e Corpo SPF15 Nature's 150ml - Erboristeria Demetra\",\"isPartOf\":{\"@id\":\"https:\/\/www.erboristerie.com\/it\/#website\"},\"primaryImageOfPage\":{\"@id\":\"https:\/\/www.erboristerie.com\/it\/prodotto\/olio-solare-spray-viso-e-corpo-spf15-natures-150ml\/#primaryimage\"},\"image\":{\"@id\":\"https:\/\/www.erboristerie.com\/it\/prodotto\/olio-solare-spray-viso-e-corpo-spf15-natures-150ml\/#primaryimage\"},\"thumbnailUrl\":\"https:\/\/www.erboristerie.com\/wp-content\/uploads\/2023\/03\/00008818-olio-solare-spf15-natures.jpg\",\"datePublished\":\"2023-03-07T17:42:17+00:00\",\"dateModified\":\"2026-04-16T09:31:19+00:00\",\"description\":\"Pensato per chi desidera un colore intenso in tempi rapidi, l\u2019Olio Solare Viso-Corpo protegge la pelle favorendo un\u2019abbronzatura luminosa e duratura.\",\"breadcrumb\":{\"@id\":\"https:\/\/www.erboristerie.com\/it\/prodotto\/olio-solare-spray-viso-e-corpo-spf15-natures-150ml\/#breadcrumb\"},\"inLanguage\":\"it-IT\",\"potentialAction\":[{\"@type\":\"ReadAction\",\"target\":[\"https:\/\/www.erboristerie.com\/it\/prodotto\/olio-solare-spray-viso-e-corpo-spf15-natures-150ml\/\"]}]},{\"@type\":\"ImageObject\",\"inLanguage\":\"it-IT\",\"@id\":\"https:\/\/www.erboristerie.com\/it\/prodotto\/olio-solare-spray-viso-e-corpo-spf15-natures-150ml\/#primaryimage\",\"url\":\"https:\/\/www.erboristerie.com\/wp-content\/uploads\/2023\/03\/00008818-olio-solare-spf15-natures.jpg\",\"contentUrl\":\"https:\/\/www.erboristerie.com\/wp-content\/uploads\/2023\/03\/00008818-olio-solare-spf15-natures.jpg\",\"width\":800,\"height\":800},{\"@type\":\"BreadcrumbList\",\"@id\":\"https:\/\/www.erboristerie.com\/it\/prodotto\/olio-solare-spray-viso-e-corpo-spf15-natures-150ml\/#breadcrumb\",\"itemListElement\":[{\"@type\":\"ListItem\",\"position\":1,\"name\":\"Home\",\"item\":\"https:\/\/www.erboristerie.com\/it\/\"},{\"@type\":\"ListItem\",\"position\":2,\"name\":\"Tutti i prodotti\",\"item\":\"https:\/\/www.erboristerie.com\/it\/tutti-i-prodotti\/\"},{\"@type\":\"ListItem\",\"position\":3,\"name\":\"Olio Solare Spray Viso e Corpo SPF15 Nature&#8217;s 150ml\"}]},{\"@type\":\"WebSite\",\"@id\":\"https:\/\/www.erboristerie.com\/it\/#website\",\"url\":\"https:\/\/www.erboristerie.com\/it\/\",\"name\":\"Erboristeria Demetra\",\"description\":\"La tua salute al naturale\",\"publisher\":{\"@id\":\"https:\/\/www.erboristerie.com\/it\/#organization\"},\"potentialAction\":[{\"@type\":\"SearchAction\",\"target\":{\"@type\":\"EntryPoint\",\"urlTemplate\":\"https:\/\/www.erboristerie.com\/it\/?s={search_term_string}\"},\"query-input\":{\"@type\":\"PropertyValueSpecification\",\"valueRequired\":true,\"valueName\":\"search_term_string\"}}],\"inLanguage\":\"it-IT\"},{\"@type\":\"Organization\",\"@id\":\"https:\/\/www.erboristerie.com\/it\/#organization\",\"name\":\"Erboristeria Demetra\",\"url\":\"https:\/\/www.erboristerie.com\/it\/\",\"logo\":{\"@type\":\"ImageObject\",\"inLanguage\":\"it-IT\",\"@id\":\"https:\/\/www.erboristerie.com\/it\/#\/schema\/logo\/image\/\",\"url\":\"https:\/\/www.erboristerie.com\/wp-content\/uploads\/2019\/11\/LOGO_ERBORISTERIA_DEMETRA_original.png?v=1611516981\",\"contentUrl\":\"https:\/\/www.erboristerie.com\/wp-content\/uploads\/2019\/11\/LOGO_ERBORISTERIA_DEMETRA_original.png?v=1611516981\",\"width\":201,\"height\":54,\"caption\":\"Erboristeria Demetra\"},\"image\":{\"@id\":\"https:\/\/www.erboristerie.com\/it\/#\/schema\/logo\/image\/\"},\"sameAs\":[\"https:\/\/www.facebook.com\/erboristeria.demetra.online\"]}]}<\/script>\n<!-- \/ Yoast SEO plugin. -->","yoast_head_json":{"title":"Olio Solare Spray Viso e Corpo SPF15 Nature's 150ml - Erboristeria Demetra","description":"Pensato per chi desidera un colore intenso in tempi rapidi, l\u2019Olio Solare Viso-Corpo protegge la pelle favorendo un\u2019abbronzatura luminosa e duratura.","robots":{"index":"index","follow":"follow","max-snippet":"max-snippet:-1","max-image-preview":"max-image-preview:large","max-video-preview":"max-video-preview:-1"},"canonical":"https:\/\/www.erboristerie.com\/it\/prodotto\/olio-solare-spray-viso-e-corpo-spf15-natures-150ml\/","og_locale":"it_IT","og_type":"article","og_title":"Olio Solare Spray Viso e Corpo SPF15 Nature's 150ml - Erboristeria Demetra","og_description":"Pensato per chi desidera un colore intenso in tempi rapidi, l\u2019Olio Solare Viso-Corpo protegge la pelle favorendo un\u2019abbronzatura luminosa e duratura.","og_url":"https:\/\/www.erboristerie.com\/it\/prodotto\/olio-solare-spray-viso-e-corpo-spf15-natures-150ml\/","og_site_name":"Erboristeria Demetra","article_publisher":"https:\/\/www.facebook.com\/erboristeria.demetra.online","article_modified_time":"2026-04-16T09:31:19+00:00","og_image":[{"width":800,"height":800,"url":"https:\/\/www.erboristerie.com\/wp-content\/uploads\/2023\/03\/00008818-olio-solare-spf15-natures.jpg","type":"image\/jpeg"}],"twitter_card":"summary_large_image","twitter_misc":{"Tempo di lettura stimato":"2 minuti"},"schema":{"@context":"https:\/\/schema.org","@graph":[{"@type":"WebPage","@id":"https:\/\/www.erboristerie.com\/it\/prodotto\/olio-solare-spray-viso-e-corpo-spf15-natures-150ml\/","url":"https:\/\/www.erboristerie.com\/it\/prodotto\/olio-solare-spray-viso-e-corpo-spf15-natures-150ml\/","name":"Olio Solare Spray Viso e Corpo SPF15 Nature's 150ml - Erboristeria Demetra","isPartOf":{"@id":"https:\/\/www.erboristerie.com\/it\/#website"},"primaryImageOfPage":{"@id":"https:\/\/www.erboristerie.com\/it\/prodotto\/olio-solare-spray-viso-e-corpo-spf15-natures-150ml\/#primaryimage"},"image":{"@id":"https:\/\/www.erboristerie.com\/it\/prodotto\/olio-solare-spray-viso-e-corpo-spf15-natures-150ml\/#primaryimage"},"thumbnailUrl":"https:\/\/www.erboristerie.com\/wp-content\/uploads\/2023\/03\/00008818-olio-solare-spf15-natures.jpg","datePublished":"2023-03-07T17:42:17+00:00","dateModified":"2026-04-16T09:31:19+00:00","description":"Pensato per chi desidera un colore intenso in tempi rapidi, l\u2019Olio Solare Viso-Corpo protegge la pelle favorendo un\u2019abbronzatura luminosa e duratura.","breadcrumb":{"@id":"https:\/\/www.erboristerie.com\/it\/prodotto\/olio-solare-spray-viso-e-corpo-spf15-natures-150ml\/#breadcrumb"},"inLanguage":"it-IT","potentialAction":[{"@type":"ReadAction","target":["https:\/\/www.erboristerie.com\/it\/prodotto\/olio-solare-spray-viso-e-corpo-spf15-natures-150ml\/"]}]},{"@type":"ImageObject","inLanguage":"it-IT","@id":"https:\/\/www.erboristerie.com\/it\/prodotto\/olio-solare-spray-viso-e-corpo-spf15-natures-150ml\/#primaryimage","url":"https:\/\/www.erboristerie.com\/wp-content\/uploads\/2023\/03\/00008818-olio-solare-spf15-natures.jpg","contentUrl":"https:\/\/www.erboristerie.com\/wp-content\/uploads\/2023\/03\/00008818-olio-solare-spf15-natures.jpg","width":800,"height":800},{"@type":"BreadcrumbList","@id":"https:\/\/www.erboristerie.com\/it\/prodotto\/olio-solare-spray-viso-e-corpo-spf15-natures-150ml\/#breadcrumb","itemListElement":[{"@type":"ListItem","position":1,"name":"Home","item":"https:\/\/www.erboristerie.com\/it\/"},{"@type":"ListItem","position":2,"name":"Tutti i prodotti","item":"https:\/\/www.erboristerie.com\/it\/tutti-i-prodotti\/"},{"@type":"ListItem","position":3,"name":"Olio Solare Spray Viso e Corpo SPF15 Nature&#8217;s 150ml"}]},{"@type":"WebSite","@id":"https:\/\/www.erboristerie.com\/it\/#website","url":"https:\/\/www.erboristerie.com\/it\/","name":"Erboristeria Demetra","description":"La tua salute al naturale","publisher":{"@id":"https:\/\/www.erboristerie.com\/it\/#organization"},"potentialAction":[{"@type":"SearchAction","target":{"@type":"EntryPoint","urlTemplate":"https:\/\/www.erboristerie.com\/it\/?s={search_term_string}"},"query-input":{"@type":"PropertyValueSpecification","valueRequired":true,"valueName":"search_term_string"}}],"inLanguage":"it-IT"},{"@type":"Organization","@id":"https:\/\/www.erboristerie.com\/it\/#organization","name":"Erboristeria Demetra","url":"https:\/\/www.erboristerie.com\/it\/","logo":{"@type":"ImageObject","inLanguage":"it-IT","@id":"https:\/\/www.erboristerie.com\/it\/#\/schema\/logo\/image\/","url":"https:\/\/www.erboristerie.com\/wp-content\/uploads\/2019\/11\/LOGO_ERBORISTERIA_DEMETRA_original.png?v=1611516981","contentUrl":"https:\/\/www.erboristerie.com\/wp-content\/uploads\/2019\/11\/LOGO_ERBORISTERIA_DEMETRA_original.png?v=1611516981","width":201,"height":54,"caption":"Erboristeria Demetra"},"image":{"@id":"https:\/\/www.erboristerie.com\/it\/#\/schema\/logo\/image\/"},"sameAs":["https:\/\/www.facebook.com\/erboristeria.demetra.online"]}]}},"_links":{"self":[{"href":"https:\/\/www.erboristerie.com\/it\/wp-json\/wp\/v2\/product\/120327","targetHints":{"allow":["GET"]}}],"collection":[{"href":"https:\/\/www.erboristerie.com\/it\/wp-json\/wp\/v2\/product"}],"about":[{"href":"https:\/\/www.erboristerie.com\/it\/wp-json\/wp\/v2\/types\/product"}],"wp:featuredmedia":[{"embeddable":true,"href":"https:\/\/www.erboristerie.com\/it\/wp-json\/wp\/v2\/media\/120334"}],"wp:attachment":[{"href":"https:\/\/www.erboristerie.com\/it\/wp-json\/wp\/v2\/media?parent=120327"}],"wp:term":[{"taxonomy":"product_brand","embeddable":true,"href":"https:\/\/www.erboristerie.com\/it\/wp-json\/wp\/v2\/product_brand?post=120327"},{"taxonomy":"product_cat","embeddable":true,"href":"https:\/\/www.erboristerie.com\/it\/wp-json\/wp\/v2\/product_cat?post=120327"},{"taxonomy":"product_tag","embeddable":true,"href":"https:\/\/www.erboristerie.com\/it\/wp-json\/wp\/v2\/product_tag?post=120327"},{"taxonomy":"giftcard-category","embeddable":true,"href":"https:\/\/www.erboristerie.com\/it\/wp-json\/wp\/v2\/giftcard-category?post=120327"}],"curies":[{"name":"wp","href":"https:\/\/api.w.org\/{rel}","templated":true}]}}