{"id":116833,"date":"2022-09-24T19:38:32","date_gmt":"2022-09-24T17:38:32","guid":{"rendered":"https:\/\/www.erboristerie.com\/?post_type=product&#038;p=116833"},"modified":"2026-03-10T18:57:36","modified_gmt":"2026-03-10T17:57:36","slug":"lampada-in-selenite-la-pietra-della-tranquillita","status":"publish","type":"product","link":"https:\/\/www.erboristerie.com\/it\/prodotto\/lampada-in-selenite-la-pietra-della-tranquillita\/","title":{"rendered":"Lampada in Selenite La pietra della tranquillit\u00e0"},"content":{"rendered":"<p><strong>Lampada in Selenite<\/strong><\/p>\n<p>La Selenite \u00e8 la pietra della tranquillit\u00e0.<\/p>\n<p>\u00c8 un cristallo calcico e il suo nome deriva dal greco &#8220;Selenites&#8221;, letteralmente &#8220;<strong>Pietra di Luna<\/strong>&#8220;, dal nome della dea greca della Luna Selene, per via dei riflessi che ricordano quelli lunari.<\/p>\n<p>Essendo strettamente legata al settimo chakra, <strong>viene utilizzata per la meditazione e il rilassamento.<\/strong><\/p>\n<p>Queste splendide lampade assicurano <strong>un&#8217;atmosfera piacevole e positiva<\/strong>.<\/p>\n<p><strong>La luce al loro interno crea magiche trasparenze<\/strong> e, grazie alle propriet\u00e0 di questo prezioso elemento, sono in grado di <strong>arricchire e purificare ogni ambiente<\/strong>.<\/p>\n<p><strong>Fornita di cavo e lampadina.<\/strong><\/p>\n","protected":false},"excerpt":{"rendered":"<p>Lampada in Selenite La Selenite \u00e8 la pietra della tranquillit\u00e0. \u00c8 un cristallo calcico e il suo nome deriva dal greco &#8220;Selenites&#8221;, letteralmente &#8220;Pietra di Luna&#8220;, dal nome della dea greca della Luna Selene, per via dei riflessi che ricordano quelli lunari. Essendo strettamente legata&#8230;<\/p>\n","protected":false},"featured_media":116836,"template":"","meta":{"_acf_changed":false},"product_brand":[9602],"product_cat":[9731],"product_tag":[],"giftcard-category":[],"class_list":{"0":"post-116833","1":"product","2":"type-product","3":"status-publish","4":"has-post-thumbnail","6":"product_brand-himalaya","7":"product_cat-pietre-e-cristalli","8":"pa_formato-altezza-15cm","9":"pa_formato-altezza-25cm","11":"first","12":"instock","13":"taxable","14":"shipping-taxable","15":"purchasable","16":"product-type-variable"},"acf":[],"yoast_head":"<!-- This site is optimized with the Yoast SEO plugin v24.9 - https:\/\/yoast.com\/wordpress\/plugins\/seo\/ -->\n<title>Lampada in Selenite La pietra della tranquillit\u00e0 - Erboristeria Demetra<\/title>\n<meta name=\"description\" content=\"Essendo strettamente legata al settimo chakra, viene utilizzata per la meditazione e il rilassamento. Assicura un&#039;atmosfera piacevole e positiva.\" \/>\n<meta name=\"robots\" content=\"index, follow, max-snippet:-1, max-image-preview:large, max-video-preview:-1\" \/>\n<link rel=\"canonical\" href=\"https:\/\/www.erboristerie.com\/it\/prodotto\/lampada-in-selenite-la-pietra-della-tranquillita\/\" \/>\n<meta property=\"og:locale\" content=\"it_IT\" \/>\n<meta property=\"og:type\" content=\"article\" \/>\n<meta property=\"og:title\" content=\"Lampada in Selenite La pietra della tranquillit\u00e0 - Erboristeria Demetra\" \/>\n<meta property=\"og:description\" content=\"Essendo strettamente legata al settimo chakra, viene utilizzata per la meditazione e il rilassamento. Assicura un&#039;atmosfera piacevole e positiva.\" \/>\n<meta property=\"og:url\" content=\"https:\/\/www.erboristerie.com\/it\/prodotto\/lampada-in-selenite-la-pietra-della-tranquillita\/\" \/>\n<meta property=\"og:site_name\" content=\"Erboristeria Demetra\" \/>\n<meta property=\"article:publisher\" content=\"https:\/\/www.facebook.com\/erboristeria.demetra.online\" \/>\n<meta property=\"article:modified_time\" content=\"2026-03-10T17:57:36+00:00\" \/>\n<meta property=\"og:image\" content=\"https:\/\/www.erboristerie.com\/wp-content\/uploads\/2022\/09\/selenite_01.png\" \/>\n\t<meta property=\"og:image:width\" content=\"912\" \/>\n\t<meta property=\"og:image:height\" content=\"974\" \/>\n\t<meta property=\"og:image:type\" content=\"image\/png\" \/>\n<meta name=\"twitter:card\" content=\"summary_large_image\" \/>\n<meta name=\"twitter:label1\" content=\"Tempo di lettura stimato\" \/>\n\t<meta name=\"twitter:data1\" content=\"1 minuto\" \/>\n<script type=\"application\/ld+json\" class=\"yoast-schema-graph\">{\"@context\":\"https:\/\/schema.org\",\"@graph\":[{\"@type\":\"WebPage\",\"@id\":\"https:\/\/www.erboristerie.com\/it\/prodotto\/lampada-in-selenite-la-pietra-della-tranquillita\/\",\"url\":\"https:\/\/www.erboristerie.com\/it\/prodotto\/lampada-in-selenite-la-pietra-della-tranquillita\/\",\"name\":\"Lampada in Selenite La pietra della tranquillit\u00e0 - Erboristeria Demetra\",\"isPartOf\":{\"@id\":\"https:\/\/www.erboristerie.com\/it\/#website\"},\"primaryImageOfPage\":{\"@id\":\"https:\/\/www.erboristerie.com\/it\/prodotto\/lampada-in-selenite-la-pietra-della-tranquillita\/#primaryimage\"},\"image\":{\"@id\":\"https:\/\/www.erboristerie.com\/it\/prodotto\/lampada-in-selenite-la-pietra-della-tranquillita\/#primaryimage\"},\"thumbnailUrl\":\"https:\/\/www.erboristerie.com\/wp-content\/uploads\/2022\/09\/selenite_01.png\",\"datePublished\":\"2022-09-24T17:38:32+00:00\",\"dateModified\":\"2026-03-10T17:57:36+00:00\",\"description\":\"Essendo strettamente legata al settimo chakra, viene utilizzata per la meditazione e il rilassamento. Assicura un'atmosfera piacevole e positiva.\",\"breadcrumb\":{\"@id\":\"https:\/\/www.erboristerie.com\/it\/prodotto\/lampada-in-selenite-la-pietra-della-tranquillita\/#breadcrumb\"},\"inLanguage\":\"it-IT\",\"potentialAction\":[{\"@type\":\"ReadAction\",\"target\":[\"https:\/\/www.erboristerie.com\/it\/prodotto\/lampada-in-selenite-la-pietra-della-tranquillita\/\"]}]},{\"@type\":\"ImageObject\",\"inLanguage\":\"it-IT\",\"@id\":\"https:\/\/www.erboristerie.com\/it\/prodotto\/lampada-in-selenite-la-pietra-della-tranquillita\/#primaryimage\",\"url\":\"https:\/\/www.erboristerie.com\/wp-content\/uploads\/2022\/09\/selenite_01.png\",\"contentUrl\":\"https:\/\/www.erboristerie.com\/wp-content\/uploads\/2022\/09\/selenite_01.png\",\"width\":912,\"height\":974},{\"@type\":\"BreadcrumbList\",\"@id\":\"https:\/\/www.erboristerie.com\/it\/prodotto\/lampada-in-selenite-la-pietra-della-tranquillita\/#breadcrumb\",\"itemListElement\":[{\"@type\":\"ListItem\",\"position\":1,\"name\":\"Home\",\"item\":\"https:\/\/www.erboristerie.com\/it\/\"},{\"@type\":\"ListItem\",\"position\":2,\"name\":\"Tutti i prodotti\",\"item\":\"https:\/\/www.erboristerie.com\/it\/tutti-i-prodotti\/\"},{\"@type\":\"ListItem\",\"position\":3,\"name\":\"Lampada in Selenite La pietra della tranquillit\u00e0\"}]},{\"@type\":\"WebSite\",\"@id\":\"https:\/\/www.erboristerie.com\/it\/#website\",\"url\":\"https:\/\/www.erboristerie.com\/it\/\",\"name\":\"Erboristeria Demetra\",\"description\":\"La tua salute al naturale\",\"publisher\":{\"@id\":\"https:\/\/www.erboristerie.com\/it\/#organization\"},\"potentialAction\":[{\"@type\":\"SearchAction\",\"target\":{\"@type\":\"EntryPoint\",\"urlTemplate\":\"https:\/\/www.erboristerie.com\/it\/?s={search_term_string}\"},\"query-input\":{\"@type\":\"PropertyValueSpecification\",\"valueRequired\":true,\"valueName\":\"search_term_string\"}}],\"inLanguage\":\"it-IT\"},{\"@type\":\"Organization\",\"@id\":\"https:\/\/www.erboristerie.com\/it\/#organization\",\"name\":\"Erboristeria Demetra\",\"url\":\"https:\/\/www.erboristerie.com\/it\/\",\"logo\":{\"@type\":\"ImageObject\",\"inLanguage\":\"it-IT\",\"@id\":\"https:\/\/www.erboristerie.com\/it\/#\/schema\/logo\/image\/\",\"url\":\"https:\/\/www.erboristerie.com\/wp-content\/uploads\/2019\/11\/LOGO_ERBORISTERIA_DEMETRA_original.png?v=1611516981\",\"contentUrl\":\"https:\/\/www.erboristerie.com\/wp-content\/uploads\/2019\/11\/LOGO_ERBORISTERIA_DEMETRA_original.png?v=1611516981\",\"width\":201,\"height\":54,\"caption\":\"Erboristeria Demetra\"},\"image\":{\"@id\":\"https:\/\/www.erboristerie.com\/it\/#\/schema\/logo\/image\/\"},\"sameAs\":[\"https:\/\/www.facebook.com\/erboristeria.demetra.online\"]}]}<\/script>\n<!-- \/ Yoast SEO plugin. -->","yoast_head_json":{"title":"Lampada in Selenite La pietra della tranquillit\u00e0 - Erboristeria Demetra","description":"Essendo strettamente legata al settimo chakra, viene utilizzata per la meditazione e il rilassamento. Assicura un'atmosfera piacevole e positiva.","robots":{"index":"index","follow":"follow","max-snippet":"max-snippet:-1","max-image-preview":"max-image-preview:large","max-video-preview":"max-video-preview:-1"},"canonical":"https:\/\/www.erboristerie.com\/it\/prodotto\/lampada-in-selenite-la-pietra-della-tranquillita\/","og_locale":"it_IT","og_type":"article","og_title":"Lampada in Selenite La pietra della tranquillit\u00e0 - Erboristeria Demetra","og_description":"Essendo strettamente legata al settimo chakra, viene utilizzata per la meditazione e il rilassamento. Assicura un'atmosfera piacevole e positiva.","og_url":"https:\/\/www.erboristerie.com\/it\/prodotto\/lampada-in-selenite-la-pietra-della-tranquillita\/","og_site_name":"Erboristeria Demetra","article_publisher":"https:\/\/www.facebook.com\/erboristeria.demetra.online","article_modified_time":"2026-03-10T17:57:36+00:00","og_image":[{"width":912,"height":974,"url":"https:\/\/www.erboristerie.com\/wp-content\/uploads\/2022\/09\/selenite_01.png","type":"image\/png"}],"twitter_card":"summary_large_image","twitter_misc":{"Tempo di lettura stimato":"1 minuto"},"schema":{"@context":"https:\/\/schema.org","@graph":[{"@type":"WebPage","@id":"https:\/\/www.erboristerie.com\/it\/prodotto\/lampada-in-selenite-la-pietra-della-tranquillita\/","url":"https:\/\/www.erboristerie.com\/it\/prodotto\/lampada-in-selenite-la-pietra-della-tranquillita\/","name":"Lampada in Selenite La pietra della tranquillit\u00e0 - Erboristeria Demetra","isPartOf":{"@id":"https:\/\/www.erboristerie.com\/it\/#website"},"primaryImageOfPage":{"@id":"https:\/\/www.erboristerie.com\/it\/prodotto\/lampada-in-selenite-la-pietra-della-tranquillita\/#primaryimage"},"image":{"@id":"https:\/\/www.erboristerie.com\/it\/prodotto\/lampada-in-selenite-la-pietra-della-tranquillita\/#primaryimage"},"thumbnailUrl":"https:\/\/www.erboristerie.com\/wp-content\/uploads\/2022\/09\/selenite_01.png","datePublished":"2022-09-24T17:38:32+00:00","dateModified":"2026-03-10T17:57:36+00:00","description":"Essendo strettamente legata al settimo chakra, viene utilizzata per la meditazione e il rilassamento. Assicura un'atmosfera piacevole e positiva.","breadcrumb":{"@id":"https:\/\/www.erboristerie.com\/it\/prodotto\/lampada-in-selenite-la-pietra-della-tranquillita\/#breadcrumb"},"inLanguage":"it-IT","potentialAction":[{"@type":"ReadAction","target":["https:\/\/www.erboristerie.com\/it\/prodotto\/lampada-in-selenite-la-pietra-della-tranquillita\/"]}]},{"@type":"ImageObject","inLanguage":"it-IT","@id":"https:\/\/www.erboristerie.com\/it\/prodotto\/lampada-in-selenite-la-pietra-della-tranquillita\/#primaryimage","url":"https:\/\/www.erboristerie.com\/wp-content\/uploads\/2022\/09\/selenite_01.png","contentUrl":"https:\/\/www.erboristerie.com\/wp-content\/uploads\/2022\/09\/selenite_01.png","width":912,"height":974},{"@type":"BreadcrumbList","@id":"https:\/\/www.erboristerie.com\/it\/prodotto\/lampada-in-selenite-la-pietra-della-tranquillita\/#breadcrumb","itemListElement":[{"@type":"ListItem","position":1,"name":"Home","item":"https:\/\/www.erboristerie.com\/it\/"},{"@type":"ListItem","position":2,"name":"Tutti i prodotti","item":"https:\/\/www.erboristerie.com\/it\/tutti-i-prodotti\/"},{"@type":"ListItem","position":3,"name":"Lampada in Selenite La pietra della tranquillit\u00e0"}]},{"@type":"WebSite","@id":"https:\/\/www.erboristerie.com\/it\/#website","url":"https:\/\/www.erboristerie.com\/it\/","name":"Erboristeria Demetra","description":"La tua salute al naturale","publisher":{"@id":"https:\/\/www.erboristerie.com\/it\/#organization"},"potentialAction":[{"@type":"SearchAction","target":{"@type":"EntryPoint","urlTemplate":"https:\/\/www.erboristerie.com\/it\/?s={search_term_string}"},"query-input":{"@type":"PropertyValueSpecification","valueRequired":true,"valueName":"search_term_string"}}],"inLanguage":"it-IT"},{"@type":"Organization","@id":"https:\/\/www.erboristerie.com\/it\/#organization","name":"Erboristeria Demetra","url":"https:\/\/www.erboristerie.com\/it\/","logo":{"@type":"ImageObject","inLanguage":"it-IT","@id":"https:\/\/www.erboristerie.com\/it\/#\/schema\/logo\/image\/","url":"https:\/\/www.erboristerie.com\/wp-content\/uploads\/2019\/11\/LOGO_ERBORISTERIA_DEMETRA_original.png?v=1611516981","contentUrl":"https:\/\/www.erboristerie.com\/wp-content\/uploads\/2019\/11\/LOGO_ERBORISTERIA_DEMETRA_original.png?v=1611516981","width":201,"height":54,"caption":"Erboristeria Demetra"},"image":{"@id":"https:\/\/www.erboristerie.com\/it\/#\/schema\/logo\/image\/"},"sameAs":["https:\/\/www.facebook.com\/erboristeria.demetra.online"]}]}},"_links":{"self":[{"href":"https:\/\/www.erboristerie.com\/it\/wp-json\/wp\/v2\/product\/116833","targetHints":{"allow":["GET"]}}],"collection":[{"href":"https:\/\/www.erboristerie.com\/it\/wp-json\/wp\/v2\/product"}],"about":[{"href":"https:\/\/www.erboristerie.com\/it\/wp-json\/wp\/v2\/types\/product"}],"wp:featuredmedia":[{"embeddable":true,"href":"https:\/\/www.erboristerie.com\/it\/wp-json\/wp\/v2\/media\/116836"}],"wp:attachment":[{"href":"https:\/\/www.erboristerie.com\/it\/wp-json\/wp\/v2\/media?parent=116833"}],"wp:term":[{"taxonomy":"product_brand","embeddable":true,"href":"https:\/\/www.erboristerie.com\/it\/wp-json\/wp\/v2\/product_brand?post=116833"},{"taxonomy":"product_cat","embeddable":true,"href":"https:\/\/www.erboristerie.com\/it\/wp-json\/wp\/v2\/product_cat?post=116833"},{"taxonomy":"product_tag","embeddable":true,"href":"https:\/\/www.erboristerie.com\/it\/wp-json\/wp\/v2\/product_tag?post=116833"},{"taxonomy":"giftcard-category","embeddable":true,"href":"https:\/\/www.erboristerie.com\/it\/wp-json\/wp\/v2\/giftcard-category?post=116833"}],"curies":[{"name":"wp","href":"https:\/\/api.w.org\/{rel}","templated":true}]}}