{"id":116605,"date":"2022-09-13T17:42:51","date_gmt":"2022-09-13T15:42:51","guid":{"rendered":"https:\/\/www.erboristerie.com\/?post_type=product&#038;p=116605"},"modified":"2025-04-05T21:38:14","modified_gmt":"2025-04-05T19:38:14","slug":"shampoo-viola-antigiallo-biokap-biosline","status":"publish","type":"product","link":"https:\/\/www.erboristerie.com\/it\/prodotto\/shampoo-viola-antigiallo-biokap-biosline\/","title":{"rendered":"Shampoo Viola Antigiallo BioKap\u00ae &#8211; Biosline"},"content":{"rendered":"<p><strong>BioKap\u00ae Shampoo Viola Antigiallo &#8211; Biosline<\/strong><\/p>\n<p>Uno shampoo delicato <strong>senza SLS e SLES con pigmenti viola<\/strong>, ideali <strong>per neutralizzare l\u2019ingiallimento e illuminare i capelli,<\/strong> naturali o tinti.<\/p>\n<p>La sua formula combina coloranti, Argilla viola e Fiordaliso Bio con le proteine del grano e del riso che ristrutturano e rinforzano la fibra capillare mentre un cocktail idratante di oli vegetali dona nuova luce a capelli spenti, opachi e sbiaditi.<\/p>\n<p><strong>Ideale per:<\/strong><\/p>\n<p>tutte le sfumature di capelli naturali e tinti.<\/p>\n<p>Corregge l\u2019ingiallimento dei capelli biondi, bianchi, grigi e con decolorazioni.<\/p>\n<p>Aiuta a prevenire i riflessi arancio dei capelli castani.<\/p>\n<p><strong>Come si usa?<\/strong><\/p>\n<p>Applicare una dose di Shampoo Viola Antigiallo sui capelli gi\u00e0 bagnati e massaggiare delicatamente con i polpastrelli.<\/p>\n<p>Lasciare lo shampoo in posa per qualche minuto usandolo come un impacco;<\/p>\n<p>Risciacquare con abbondante acqua tiepida. Per ottenere l\u2019effetto desiderato \u00e8 importante distribuire lo shampoo non diluito in acqua su tutta la superficie dei capelli, dalle radici alle punte.<\/p>\n<p>Quando si utilizza lo Shampoo Viola Antigiallo \u00e8 consigliabile proteggere le mani con guanti monouso perch\u00e9 la presenza di pigmenti viola e blu pu\u00f2 macchiare pelle e unghie.<\/p>\n<p>\u00c8 consigliabile utilizzarlo una o due volta a settimana potenziandone poi l\u2019efficacia con la Maschera Viola Antigiallo.<\/p>\n<p>Il suo effetto \u00e8 visibile fin dalle prime volte ma ovviamente pi\u00f9 sar\u00e0 giallo il riflesso da spegnere e pi\u00f9 applicazioni saranno necessarie.<\/p>\n<p><strong>INCI<\/strong><\/p>\n<p>aqua\/water, sodium coco-sulfate, cocamidopropyl betaine, phenoxyethanol, sodium chloride, parfum\/fragrance, PCA, myristyl lactate, limonene, hydrolyzed wheat protein, dicaprylyl ether, decyl glucoside, guar hydroxypropyltrimonium chloride, benzoic acid, citric acid, glyceryl oleate, hydrolyzed rice protein, acid violet 43, tetrasodium glutamate diacetate, dehydroacetic acid, linalool, hydroxycitronellal, centaurea cyanus flower water*, balanites roxburghii seed oil*, kaolin, prunus amygdalus dulcis (sweet almond) oil.<br \/>\n*da agricoltura biologica\/from organic farming<br \/>\nLa lista degli ingredienti pu\u00f2 subire delle leggere modifiche, fai riferimento a quella riportata sulla confezione del prodotto.<\/p>\n<p><strong>Le Garanzie BioKap\u00ae<\/strong><\/p>\n<p>Senza Peg<br \/>\nSenza Siliconi<br \/>\nSenza Parabeni<br \/>\nSenza Sles<br \/>\nNickel Tested<br \/>\nDermatologicamente Testato<\/p>\n","protected":false},"excerpt":{"rendered":"<p>BioKap\u00ae Shampoo Viola Antigiallo &#8211; Biosline Uno shampoo delicato senza SLS e SLES con pigmenti viola, ideali per neutralizzare l\u2019ingiallimento e illuminare i capelli, naturali o tinti. La sua formula combina coloranti, Argilla viola e Fiordaliso Bio con le proteine del grano e del riso&#8230;<\/p>\n","protected":false},"featured_media":116606,"template":"","meta":{"_acf_changed":false},"product_brand":[9595],"product_cat":[10307],"product_tag":[],"giftcard-category":[],"class_list":{"0":"post-116605","1":"product","2":"type-product","3":"status-publish","4":"has-post-thumbnail","6":"product_brand-biosline","7":"product_cat-capelli","8":"pa_marca-biosline","9":"pa_tipologia-shampoo","11":"first","12":"instock","13":"sale","14":"taxable","15":"shipping-taxable","16":"purchasable","17":"product-type-simple"},"acf":[],"yoast_head":"<!-- This site is optimized with the Yoast SEO plugin v24.9 - https:\/\/yoast.com\/wordpress\/plugins\/seo\/ -->\n<title>Shampoo Viola Antigiallo BioKap\u00ae - Biosline - Erboristeria Demetra<\/title>\n<meta name=\"description\" content=\"Uno shampoo delicato senza SLS e SLES con pigmenti viola, ideali per neutralizzare l\u2019ingiallimento e illuminare i capelli, naturali o tinti.\" \/>\n<meta name=\"robots\" content=\"index, follow, max-snippet:-1, max-image-preview:large, max-video-preview:-1\" \/>\n<link rel=\"canonical\" href=\"https:\/\/www.erboristerie.com\/it\/prodotto\/shampoo-viola-antigiallo-biokap-biosline\/\" \/>\n<meta property=\"og:locale\" content=\"it_IT\" \/>\n<meta property=\"og:type\" content=\"article\" \/>\n<meta property=\"og:title\" content=\"Shampoo Viola Antigiallo BioKap\u00ae - Biosline - Erboristeria Demetra\" \/>\n<meta property=\"og:description\" content=\"Uno shampoo delicato senza SLS e SLES con pigmenti viola, ideali per neutralizzare l\u2019ingiallimento e illuminare i capelli, naturali o tinti.\" \/>\n<meta property=\"og:url\" content=\"https:\/\/www.erboristerie.com\/it\/prodotto\/shampoo-viola-antigiallo-biokap-biosline\/\" \/>\n<meta property=\"og:site_name\" content=\"Erboristeria Demetra\" \/>\n<meta property=\"article:publisher\" content=\"https:\/\/www.facebook.com\/erboristeria.demetra.online\" \/>\n<meta property=\"article:modified_time\" content=\"2025-04-05T19:38:14+00:00\" \/>\n<meta property=\"og:image\" content=\"https:\/\/www.erboristerie.com\/wp-content\/uploads\/2022\/09\/00005901.jpg\" \/>\n\t<meta property=\"og:image:width\" content=\"720\" \/>\n\t<meta property=\"og:image:height\" content=\"766\" \/>\n\t<meta property=\"og:image:type\" content=\"image\/jpeg\" \/>\n<meta name=\"twitter:card\" content=\"summary_large_image\" \/>\n<meta name=\"twitter:label1\" content=\"Tempo di lettura stimato\" \/>\n\t<meta name=\"twitter:data1\" content=\"2 minuti\" \/>\n<script type=\"application\/ld+json\" class=\"yoast-schema-graph\">{\"@context\":\"https:\/\/schema.org\",\"@graph\":[{\"@type\":\"WebPage\",\"@id\":\"https:\/\/www.erboristerie.com\/it\/prodotto\/shampoo-viola-antigiallo-biokap-biosline\/\",\"url\":\"https:\/\/www.erboristerie.com\/it\/prodotto\/shampoo-viola-antigiallo-biokap-biosline\/\",\"name\":\"Shampoo Viola Antigiallo BioKap\u00ae - Biosline - Erboristeria Demetra\",\"isPartOf\":{\"@id\":\"https:\/\/www.erboristerie.com\/it\/#website\"},\"primaryImageOfPage\":{\"@id\":\"https:\/\/www.erboristerie.com\/it\/prodotto\/shampoo-viola-antigiallo-biokap-biosline\/#primaryimage\"},\"image\":{\"@id\":\"https:\/\/www.erboristerie.com\/it\/prodotto\/shampoo-viola-antigiallo-biokap-biosline\/#primaryimage\"},\"thumbnailUrl\":\"https:\/\/www.erboristerie.com\/wp-content\/uploads\/2022\/09\/00005901.jpg\",\"datePublished\":\"2022-09-13T15:42:51+00:00\",\"dateModified\":\"2025-04-05T19:38:14+00:00\",\"description\":\"Uno shampoo delicato senza SLS e SLES con pigmenti viola, ideali per neutralizzare l\u2019ingiallimento e illuminare i capelli, naturali o tinti.\",\"breadcrumb\":{\"@id\":\"https:\/\/www.erboristerie.com\/it\/prodotto\/shampoo-viola-antigiallo-biokap-biosline\/#breadcrumb\"},\"inLanguage\":\"it-IT\",\"potentialAction\":[{\"@type\":\"ReadAction\",\"target\":[\"https:\/\/www.erboristerie.com\/it\/prodotto\/shampoo-viola-antigiallo-biokap-biosline\/\"]}]},{\"@type\":\"ImageObject\",\"inLanguage\":\"it-IT\",\"@id\":\"https:\/\/www.erboristerie.com\/it\/prodotto\/shampoo-viola-antigiallo-biokap-biosline\/#primaryimage\",\"url\":\"https:\/\/www.erboristerie.com\/wp-content\/uploads\/2022\/09\/00005901.jpg\",\"contentUrl\":\"https:\/\/www.erboristerie.com\/wp-content\/uploads\/2022\/09\/00005901.jpg\",\"width\":720,\"height\":766},{\"@type\":\"BreadcrumbList\",\"@id\":\"https:\/\/www.erboristerie.com\/it\/prodotto\/shampoo-viola-antigiallo-biokap-biosline\/#breadcrumb\",\"itemListElement\":[{\"@type\":\"ListItem\",\"position\":1,\"name\":\"Home\",\"item\":\"https:\/\/www.erboristerie.com\/it\/\"},{\"@type\":\"ListItem\",\"position\":2,\"name\":\"Tutti i prodotti\",\"item\":\"https:\/\/www.erboristerie.com\/it\/tutti-i-prodotti\/\"},{\"@type\":\"ListItem\",\"position\":3,\"name\":\"Shampoo Viola Antigiallo BioKap\u00ae &#8211; Biosline\"}]},{\"@type\":\"WebSite\",\"@id\":\"https:\/\/www.erboristerie.com\/it\/#website\",\"url\":\"https:\/\/www.erboristerie.com\/it\/\",\"name\":\"Erboristeria Demetra\",\"description\":\"La tua salute al naturale\",\"publisher\":{\"@id\":\"https:\/\/www.erboristerie.com\/it\/#organization\"},\"potentialAction\":[{\"@type\":\"SearchAction\",\"target\":{\"@type\":\"EntryPoint\",\"urlTemplate\":\"https:\/\/www.erboristerie.com\/it\/?s={search_term_string}\"},\"query-input\":{\"@type\":\"PropertyValueSpecification\",\"valueRequired\":true,\"valueName\":\"search_term_string\"}}],\"inLanguage\":\"it-IT\"},{\"@type\":\"Organization\",\"@id\":\"https:\/\/www.erboristerie.com\/it\/#organization\",\"name\":\"Erboristeria Demetra\",\"url\":\"https:\/\/www.erboristerie.com\/it\/\",\"logo\":{\"@type\":\"ImageObject\",\"inLanguage\":\"it-IT\",\"@id\":\"https:\/\/www.erboristerie.com\/it\/#\/schema\/logo\/image\/\",\"url\":\"https:\/\/www.erboristerie.com\/wp-content\/uploads\/2019\/11\/LOGO_ERBORISTERIA_DEMETRA_original.png?v=1611516981\",\"contentUrl\":\"https:\/\/www.erboristerie.com\/wp-content\/uploads\/2019\/11\/LOGO_ERBORISTERIA_DEMETRA_original.png?v=1611516981\",\"width\":201,\"height\":54,\"caption\":\"Erboristeria Demetra\"},\"image\":{\"@id\":\"https:\/\/www.erboristerie.com\/it\/#\/schema\/logo\/image\/\"},\"sameAs\":[\"https:\/\/www.facebook.com\/erboristeria.demetra.online\"]}]}<\/script>\n<!-- \/ Yoast SEO plugin. -->","yoast_head_json":{"title":"Shampoo Viola Antigiallo BioKap\u00ae - Biosline - Erboristeria Demetra","description":"Uno shampoo delicato senza SLS e SLES con pigmenti viola, ideali per neutralizzare l\u2019ingiallimento e illuminare i capelli, naturali o tinti.","robots":{"index":"index","follow":"follow","max-snippet":"max-snippet:-1","max-image-preview":"max-image-preview:large","max-video-preview":"max-video-preview:-1"},"canonical":"https:\/\/www.erboristerie.com\/it\/prodotto\/shampoo-viola-antigiallo-biokap-biosline\/","og_locale":"it_IT","og_type":"article","og_title":"Shampoo Viola Antigiallo BioKap\u00ae - Biosline - Erboristeria Demetra","og_description":"Uno shampoo delicato senza SLS e SLES con pigmenti viola, ideali per neutralizzare l\u2019ingiallimento e illuminare i capelli, naturali o tinti.","og_url":"https:\/\/www.erboristerie.com\/it\/prodotto\/shampoo-viola-antigiallo-biokap-biosline\/","og_site_name":"Erboristeria Demetra","article_publisher":"https:\/\/www.facebook.com\/erboristeria.demetra.online","article_modified_time":"2025-04-05T19:38:14+00:00","og_image":[{"width":720,"height":766,"url":"https:\/\/www.erboristerie.com\/wp-content\/uploads\/2022\/09\/00005901.jpg","type":"image\/jpeg"}],"twitter_card":"summary_large_image","twitter_misc":{"Tempo di lettura stimato":"2 minuti"},"schema":{"@context":"https:\/\/schema.org","@graph":[{"@type":"WebPage","@id":"https:\/\/www.erboristerie.com\/it\/prodotto\/shampoo-viola-antigiallo-biokap-biosline\/","url":"https:\/\/www.erboristerie.com\/it\/prodotto\/shampoo-viola-antigiallo-biokap-biosline\/","name":"Shampoo Viola Antigiallo BioKap\u00ae - Biosline - Erboristeria Demetra","isPartOf":{"@id":"https:\/\/www.erboristerie.com\/it\/#website"},"primaryImageOfPage":{"@id":"https:\/\/www.erboristerie.com\/it\/prodotto\/shampoo-viola-antigiallo-biokap-biosline\/#primaryimage"},"image":{"@id":"https:\/\/www.erboristerie.com\/it\/prodotto\/shampoo-viola-antigiallo-biokap-biosline\/#primaryimage"},"thumbnailUrl":"https:\/\/www.erboristerie.com\/wp-content\/uploads\/2022\/09\/00005901.jpg","datePublished":"2022-09-13T15:42:51+00:00","dateModified":"2025-04-05T19:38:14+00:00","description":"Uno shampoo delicato senza SLS e SLES con pigmenti viola, ideali per neutralizzare l\u2019ingiallimento e illuminare i capelli, naturali o tinti.","breadcrumb":{"@id":"https:\/\/www.erboristerie.com\/it\/prodotto\/shampoo-viola-antigiallo-biokap-biosline\/#breadcrumb"},"inLanguage":"it-IT","potentialAction":[{"@type":"ReadAction","target":["https:\/\/www.erboristerie.com\/it\/prodotto\/shampoo-viola-antigiallo-biokap-biosline\/"]}]},{"@type":"ImageObject","inLanguage":"it-IT","@id":"https:\/\/www.erboristerie.com\/it\/prodotto\/shampoo-viola-antigiallo-biokap-biosline\/#primaryimage","url":"https:\/\/www.erboristerie.com\/wp-content\/uploads\/2022\/09\/00005901.jpg","contentUrl":"https:\/\/www.erboristerie.com\/wp-content\/uploads\/2022\/09\/00005901.jpg","width":720,"height":766},{"@type":"BreadcrumbList","@id":"https:\/\/www.erboristerie.com\/it\/prodotto\/shampoo-viola-antigiallo-biokap-biosline\/#breadcrumb","itemListElement":[{"@type":"ListItem","position":1,"name":"Home","item":"https:\/\/www.erboristerie.com\/it\/"},{"@type":"ListItem","position":2,"name":"Tutti i prodotti","item":"https:\/\/www.erboristerie.com\/it\/tutti-i-prodotti\/"},{"@type":"ListItem","position":3,"name":"Shampoo Viola Antigiallo BioKap\u00ae &#8211; Biosline"}]},{"@type":"WebSite","@id":"https:\/\/www.erboristerie.com\/it\/#website","url":"https:\/\/www.erboristerie.com\/it\/","name":"Erboristeria Demetra","description":"La tua salute al naturale","publisher":{"@id":"https:\/\/www.erboristerie.com\/it\/#organization"},"potentialAction":[{"@type":"SearchAction","target":{"@type":"EntryPoint","urlTemplate":"https:\/\/www.erboristerie.com\/it\/?s={search_term_string}"},"query-input":{"@type":"PropertyValueSpecification","valueRequired":true,"valueName":"search_term_string"}}],"inLanguage":"it-IT"},{"@type":"Organization","@id":"https:\/\/www.erboristerie.com\/it\/#organization","name":"Erboristeria Demetra","url":"https:\/\/www.erboristerie.com\/it\/","logo":{"@type":"ImageObject","inLanguage":"it-IT","@id":"https:\/\/www.erboristerie.com\/it\/#\/schema\/logo\/image\/","url":"https:\/\/www.erboristerie.com\/wp-content\/uploads\/2019\/11\/LOGO_ERBORISTERIA_DEMETRA_original.png?v=1611516981","contentUrl":"https:\/\/www.erboristerie.com\/wp-content\/uploads\/2019\/11\/LOGO_ERBORISTERIA_DEMETRA_original.png?v=1611516981","width":201,"height":54,"caption":"Erboristeria Demetra"},"image":{"@id":"https:\/\/www.erboristerie.com\/it\/#\/schema\/logo\/image\/"},"sameAs":["https:\/\/www.facebook.com\/erboristeria.demetra.online"]}]}},"_links":{"self":[{"href":"https:\/\/www.erboristerie.com\/it\/wp-json\/wp\/v2\/product\/116605","targetHints":{"allow":["GET"]}}],"collection":[{"href":"https:\/\/www.erboristerie.com\/it\/wp-json\/wp\/v2\/product"}],"about":[{"href":"https:\/\/www.erboristerie.com\/it\/wp-json\/wp\/v2\/types\/product"}],"wp:featuredmedia":[{"embeddable":true,"href":"https:\/\/www.erboristerie.com\/it\/wp-json\/wp\/v2\/media\/116606"}],"wp:attachment":[{"href":"https:\/\/www.erboristerie.com\/it\/wp-json\/wp\/v2\/media?parent=116605"}],"wp:term":[{"taxonomy":"product_brand","embeddable":true,"href":"https:\/\/www.erboristerie.com\/it\/wp-json\/wp\/v2\/product_brand?post=116605"},{"taxonomy":"product_cat","embeddable":true,"href":"https:\/\/www.erboristerie.com\/it\/wp-json\/wp\/v2\/product_cat?post=116605"},{"taxonomy":"product_tag","embeddable":true,"href":"https:\/\/www.erboristerie.com\/it\/wp-json\/wp\/v2\/product_tag?post=116605"},{"taxonomy":"giftcard-category","embeddable":true,"href":"https:\/\/www.erboristerie.com\/it\/wp-json\/wp\/v2\/giftcard-category?post=116605"}],"curies":[{"name":"wp","href":"https:\/\/api.w.org\/{rel}","templated":true}]}}