{"id":114882,"date":"2022-03-24T17:21:49","date_gmt":"2022-03-24T16:21:49","guid":{"rendered":"https:\/\/www.erboristerie.com\/?post_type=product&#038;p=114882"},"modified":"2025-04-04T09:52:44","modified_gmt":"2025-04-04T07:52:44","slug":"te-verde-al-gelsomino-100gr","status":"publish","type":"product","link":"https:\/\/www.erboristerie.com\/it\/prodotto\/te-verde-al-gelsomino-100gr\/","title":{"rendered":"Te&#8217; verde al Gelsomino 100GR"},"content":{"rendered":"<p><strong>T\u00e8 Verde al Gelsomino 100g<\/strong><\/p>\n<p>Il T\u00e8 Verde al Gelsomino costituisce un ottimo modo per rinfrescare e idratare il corpo. La peculiare lavorazione di questo t\u00e8 impedisce la fermentazione delle foglie, producendo il tipico infuso giallo oro, dall\u2019intenso odore aromatico e dal gusto astringente. Il gelsomino, con il suo avvolgente ed inebriante profumo, esalta le caratteristiche ed il delicato sapore del t\u00e8 verde, rendendo l\u2019infuso molto gradevole, dal gusto fresco e delicato.<\/p>\n<p><strong>Ulteriori informazioni:<br \/>\n<\/strong>Questo articolo viene pesato e confezionato in sacchetto partendo dal sacco originale nel nostro punto vendita come se si trattasse di richiesta di vendita al banco\u00a0nel momento della preparazione dell\u2019ordine. Non presenter\u00e0 altri dati oltre al nome. Resta inteso che su richiesta espressa nelle apposite note in fase di ordine, possono essere indicati altri dati, quali ad esempio, la scadenza.<\/p>\n<p><strong>Sottovuoto a richiesta<\/strong><br \/>\nSe desiderate ricevere questo articolo sottovuoto dovete includere nell&#8217;ordine anche l&#8217;articolo &#8220;sottovuoto&#8221;<\/p>\n","protected":false},"excerpt":{"rendered":"<p>T\u00e8 Verde al Gelsomino 100g Il T\u00e8 Verde al Gelsomino costituisce un ottimo modo per rinfrescare e idratare il corpo. La peculiare lavorazione di questo t\u00e8 impedisce la fermentazione delle foglie, producendo il tipico infuso giallo oro, dall\u2019intenso odore aromatico e dal gusto astringente. Il&#8230;<\/p>\n","protected":false},"featured_media":114901,"template":"","meta":{"_acf_changed":false},"product_brand":[9636],"product_cat":[10079,45114],"product_tag":[13482,14128,13617,13615,19144],"giftcard-category":[],"class_list":{"0":"post-114882","1":"product","2":"type-product","3":"status-publish","4":"has-post-thumbnail","6":"product_brand-neavita","7":"product_cat-erbe-t-u-v-z","8":"product_cat-te-infusi-e-tisane-sfusi","9":"product_tag-sencha","10":"product_tag-sfuso","11":"product_tag-solstice","12":"product_tag-summer","13":"product_tag-verde-2","15":"first","16":"instock","17":"sale","18":"taxable","19":"shipping-taxable","20":"purchasable","21":"product-type-simple"},"acf":[],"yoast_head":"<!-- This site is optimized with the Yoast SEO plugin v24.9 - https:\/\/yoast.com\/wordpress\/plugins\/seo\/ -->\n<title>Te&#039; verde al Gelsomino 100GR - Erboristeria Demetra<\/title>\n<meta name=\"robots\" content=\"index, follow, max-snippet:-1, max-image-preview:large, max-video-preview:-1\" \/>\n<link rel=\"canonical\" href=\"https:\/\/www.erboristerie.com\/it\/prodotto\/te-verde-al-gelsomino-100gr\/\" \/>\n<meta property=\"og:locale\" content=\"it_IT\" \/>\n<meta property=\"og:type\" content=\"article\" \/>\n<meta property=\"og:title\" content=\"Te&#039; verde al Gelsomino 100GR - Erboristeria Demetra\" \/>\n<meta property=\"og:description\" content=\"T\u00e8 Verde al Gelsomino 100g Il T\u00e8 Verde al Gelsomino costituisce un ottimo modo per rinfrescare e idratare il corpo. La peculiare lavorazione di questo t\u00e8 impedisce la fermentazione delle foglie, producendo il tipico infuso giallo oro, dall\u2019intenso odore aromatico e dal gusto astringente. Il...\" \/>\n<meta property=\"og:url\" content=\"https:\/\/www.erboristerie.com\/it\/prodotto\/te-verde-al-gelsomino-100gr\/\" \/>\n<meta property=\"og:site_name\" content=\"Erboristeria Demetra\" \/>\n<meta property=\"article:publisher\" content=\"https:\/\/www.facebook.com\/erboristeria.demetra.online\" \/>\n<meta property=\"article:modified_time\" content=\"2025-04-04T07:52:44+00:00\" \/>\n<meta property=\"og:image\" content=\"https:\/\/www.erboristerie.com\/wp-content\/uploads\/2022\/03\/gelsomino.png\" \/>\n\t<meta property=\"og:image:width\" content=\"600\" \/>\n\t<meta property=\"og:image:height\" content=\"600\" \/>\n\t<meta property=\"og:image:type\" content=\"image\/png\" \/>\n<meta name=\"twitter:card\" content=\"summary_large_image\" \/>\n<meta name=\"twitter:label1\" content=\"Tempo di lettura stimato\" \/>\n\t<meta name=\"twitter:data1\" content=\"1 minuto\" \/>\n<script type=\"application\/ld+json\" class=\"yoast-schema-graph\">{\"@context\":\"https:\/\/schema.org\",\"@graph\":[{\"@type\":\"WebPage\",\"@id\":\"https:\/\/www.erboristerie.com\/it\/prodotto\/te-verde-al-gelsomino-100gr\/\",\"url\":\"https:\/\/www.erboristerie.com\/it\/prodotto\/te-verde-al-gelsomino-100gr\/\",\"name\":\"Te' verde al Gelsomino 100GR - Erboristeria Demetra\",\"isPartOf\":{\"@id\":\"https:\/\/www.erboristerie.com\/it\/#website\"},\"primaryImageOfPage\":{\"@id\":\"https:\/\/www.erboristerie.com\/it\/prodotto\/te-verde-al-gelsomino-100gr\/#primaryimage\"},\"image\":{\"@id\":\"https:\/\/www.erboristerie.com\/it\/prodotto\/te-verde-al-gelsomino-100gr\/#primaryimage\"},\"thumbnailUrl\":\"https:\/\/www.erboristerie.com\/wp-content\/uploads\/2022\/03\/gelsomino.png\",\"datePublished\":\"2022-03-24T16:21:49+00:00\",\"dateModified\":\"2025-04-04T07:52:44+00:00\",\"breadcrumb\":{\"@id\":\"https:\/\/www.erboristerie.com\/it\/prodotto\/te-verde-al-gelsomino-100gr\/#breadcrumb\"},\"inLanguage\":\"it-IT\",\"potentialAction\":[{\"@type\":\"ReadAction\",\"target\":[\"https:\/\/www.erboristerie.com\/it\/prodotto\/te-verde-al-gelsomino-100gr\/\"]}]},{\"@type\":\"ImageObject\",\"inLanguage\":\"it-IT\",\"@id\":\"https:\/\/www.erboristerie.com\/it\/prodotto\/te-verde-al-gelsomino-100gr\/#primaryimage\",\"url\":\"https:\/\/www.erboristerie.com\/wp-content\/uploads\/2022\/03\/gelsomino.png\",\"contentUrl\":\"https:\/\/www.erboristerie.com\/wp-content\/uploads\/2022\/03\/gelsomino.png\",\"width\":600,\"height\":600},{\"@type\":\"BreadcrumbList\",\"@id\":\"https:\/\/www.erboristerie.com\/it\/prodotto\/te-verde-al-gelsomino-100gr\/#breadcrumb\",\"itemListElement\":[{\"@type\":\"ListItem\",\"position\":1,\"name\":\"Home\",\"item\":\"https:\/\/www.erboristerie.com\/it\/\"},{\"@type\":\"ListItem\",\"position\":2,\"name\":\"Tutti i prodotti\",\"item\":\"https:\/\/www.erboristerie.com\/it\/tutti-i-prodotti\/\"},{\"@type\":\"ListItem\",\"position\":3,\"name\":\"Te&#8217; verde al Gelsomino 100GR\"}]},{\"@type\":\"WebSite\",\"@id\":\"https:\/\/www.erboristerie.com\/it\/#website\",\"url\":\"https:\/\/www.erboristerie.com\/it\/\",\"name\":\"Erboristeria Demetra\",\"description\":\"La tua salute al naturale\",\"publisher\":{\"@id\":\"https:\/\/www.erboristerie.com\/it\/#organization\"},\"potentialAction\":[{\"@type\":\"SearchAction\",\"target\":{\"@type\":\"EntryPoint\",\"urlTemplate\":\"https:\/\/www.erboristerie.com\/it\/?s={search_term_string}\"},\"query-input\":{\"@type\":\"PropertyValueSpecification\",\"valueRequired\":true,\"valueName\":\"search_term_string\"}}],\"inLanguage\":\"it-IT\"},{\"@type\":\"Organization\",\"@id\":\"https:\/\/www.erboristerie.com\/it\/#organization\",\"name\":\"Erboristeria Demetra\",\"url\":\"https:\/\/www.erboristerie.com\/it\/\",\"logo\":{\"@type\":\"ImageObject\",\"inLanguage\":\"it-IT\",\"@id\":\"https:\/\/www.erboristerie.com\/it\/#\/schema\/logo\/image\/\",\"url\":\"https:\/\/www.erboristerie.com\/wp-content\/uploads\/2019\/11\/LOGO_ERBORISTERIA_DEMETRA_original.png?v=1611516981\",\"contentUrl\":\"https:\/\/www.erboristerie.com\/wp-content\/uploads\/2019\/11\/LOGO_ERBORISTERIA_DEMETRA_original.png?v=1611516981\",\"width\":201,\"height\":54,\"caption\":\"Erboristeria Demetra\"},\"image\":{\"@id\":\"https:\/\/www.erboristerie.com\/it\/#\/schema\/logo\/image\/\"},\"sameAs\":[\"https:\/\/www.facebook.com\/erboristeria.demetra.online\"]}]}<\/script>\n<!-- \/ Yoast SEO plugin. -->","yoast_head_json":{"title":"Te' verde al Gelsomino 100GR - Erboristeria Demetra","robots":{"index":"index","follow":"follow","max-snippet":"max-snippet:-1","max-image-preview":"max-image-preview:large","max-video-preview":"max-video-preview:-1"},"canonical":"https:\/\/www.erboristerie.com\/it\/prodotto\/te-verde-al-gelsomino-100gr\/","og_locale":"it_IT","og_type":"article","og_title":"Te' verde al Gelsomino 100GR - Erboristeria Demetra","og_description":"T\u00e8 Verde al Gelsomino 100g Il T\u00e8 Verde al Gelsomino costituisce un ottimo modo per rinfrescare e idratare il corpo. La peculiare lavorazione di questo t\u00e8 impedisce la fermentazione delle foglie, producendo il tipico infuso giallo oro, dall\u2019intenso odore aromatico e dal gusto astringente. Il...","og_url":"https:\/\/www.erboristerie.com\/it\/prodotto\/te-verde-al-gelsomino-100gr\/","og_site_name":"Erboristeria Demetra","article_publisher":"https:\/\/www.facebook.com\/erboristeria.demetra.online","article_modified_time":"2025-04-04T07:52:44+00:00","og_image":[{"width":600,"height":600,"url":"https:\/\/www.erboristerie.com\/wp-content\/uploads\/2022\/03\/gelsomino.png","type":"image\/png"}],"twitter_card":"summary_large_image","twitter_misc":{"Tempo di lettura stimato":"1 minuto"},"schema":{"@context":"https:\/\/schema.org","@graph":[{"@type":"WebPage","@id":"https:\/\/www.erboristerie.com\/it\/prodotto\/te-verde-al-gelsomino-100gr\/","url":"https:\/\/www.erboristerie.com\/it\/prodotto\/te-verde-al-gelsomino-100gr\/","name":"Te' verde al Gelsomino 100GR - Erboristeria Demetra","isPartOf":{"@id":"https:\/\/www.erboristerie.com\/it\/#website"},"primaryImageOfPage":{"@id":"https:\/\/www.erboristerie.com\/it\/prodotto\/te-verde-al-gelsomino-100gr\/#primaryimage"},"image":{"@id":"https:\/\/www.erboristerie.com\/it\/prodotto\/te-verde-al-gelsomino-100gr\/#primaryimage"},"thumbnailUrl":"https:\/\/www.erboristerie.com\/wp-content\/uploads\/2022\/03\/gelsomino.png","datePublished":"2022-03-24T16:21:49+00:00","dateModified":"2025-04-04T07:52:44+00:00","breadcrumb":{"@id":"https:\/\/www.erboristerie.com\/it\/prodotto\/te-verde-al-gelsomino-100gr\/#breadcrumb"},"inLanguage":"it-IT","potentialAction":[{"@type":"ReadAction","target":["https:\/\/www.erboristerie.com\/it\/prodotto\/te-verde-al-gelsomino-100gr\/"]}]},{"@type":"ImageObject","inLanguage":"it-IT","@id":"https:\/\/www.erboristerie.com\/it\/prodotto\/te-verde-al-gelsomino-100gr\/#primaryimage","url":"https:\/\/www.erboristerie.com\/wp-content\/uploads\/2022\/03\/gelsomino.png","contentUrl":"https:\/\/www.erboristerie.com\/wp-content\/uploads\/2022\/03\/gelsomino.png","width":600,"height":600},{"@type":"BreadcrumbList","@id":"https:\/\/www.erboristerie.com\/it\/prodotto\/te-verde-al-gelsomino-100gr\/#breadcrumb","itemListElement":[{"@type":"ListItem","position":1,"name":"Home","item":"https:\/\/www.erboristerie.com\/it\/"},{"@type":"ListItem","position":2,"name":"Tutti i prodotti","item":"https:\/\/www.erboristerie.com\/it\/tutti-i-prodotti\/"},{"@type":"ListItem","position":3,"name":"Te&#8217; verde al Gelsomino 100GR"}]},{"@type":"WebSite","@id":"https:\/\/www.erboristerie.com\/it\/#website","url":"https:\/\/www.erboristerie.com\/it\/","name":"Erboristeria Demetra","description":"La tua salute al naturale","publisher":{"@id":"https:\/\/www.erboristerie.com\/it\/#organization"},"potentialAction":[{"@type":"SearchAction","target":{"@type":"EntryPoint","urlTemplate":"https:\/\/www.erboristerie.com\/it\/?s={search_term_string}"},"query-input":{"@type":"PropertyValueSpecification","valueRequired":true,"valueName":"search_term_string"}}],"inLanguage":"it-IT"},{"@type":"Organization","@id":"https:\/\/www.erboristerie.com\/it\/#organization","name":"Erboristeria Demetra","url":"https:\/\/www.erboristerie.com\/it\/","logo":{"@type":"ImageObject","inLanguage":"it-IT","@id":"https:\/\/www.erboristerie.com\/it\/#\/schema\/logo\/image\/","url":"https:\/\/www.erboristerie.com\/wp-content\/uploads\/2019\/11\/LOGO_ERBORISTERIA_DEMETRA_original.png?v=1611516981","contentUrl":"https:\/\/www.erboristerie.com\/wp-content\/uploads\/2019\/11\/LOGO_ERBORISTERIA_DEMETRA_original.png?v=1611516981","width":201,"height":54,"caption":"Erboristeria Demetra"},"image":{"@id":"https:\/\/www.erboristerie.com\/it\/#\/schema\/logo\/image\/"},"sameAs":["https:\/\/www.facebook.com\/erboristeria.demetra.online"]}]}},"_links":{"self":[{"href":"https:\/\/www.erboristerie.com\/it\/wp-json\/wp\/v2\/product\/114882","targetHints":{"allow":["GET"]}}],"collection":[{"href":"https:\/\/www.erboristerie.com\/it\/wp-json\/wp\/v2\/product"}],"about":[{"href":"https:\/\/www.erboristerie.com\/it\/wp-json\/wp\/v2\/types\/product"}],"wp:featuredmedia":[{"embeddable":true,"href":"https:\/\/www.erboristerie.com\/it\/wp-json\/wp\/v2\/media\/114901"}],"wp:attachment":[{"href":"https:\/\/www.erboristerie.com\/it\/wp-json\/wp\/v2\/media?parent=114882"}],"wp:term":[{"taxonomy":"product_brand","embeddable":true,"href":"https:\/\/www.erboristerie.com\/it\/wp-json\/wp\/v2\/product_brand?post=114882"},{"taxonomy":"product_cat","embeddable":true,"href":"https:\/\/www.erboristerie.com\/it\/wp-json\/wp\/v2\/product_cat?post=114882"},{"taxonomy":"product_tag","embeddable":true,"href":"https:\/\/www.erboristerie.com\/it\/wp-json\/wp\/v2\/product_tag?post=114882"},{"taxonomy":"giftcard-category","embeddable":true,"href":"https:\/\/www.erboristerie.com\/it\/wp-json\/wp\/v2\/giftcard-category?post=114882"}],"curies":[{"name":"wp","href":"https:\/\/api.w.org\/{rel}","templated":true}]}}