{"id":113201,"date":"2021-11-08T18:14:39","date_gmt":"2021-11-08T17:14:39","guid":{"rendered":"https:\/\/www.erboristerie.com\/?post_type=product&#038;p=113201"},"modified":"2025-11-29T17:52:34","modified_gmt":"2025-11-29T16:52:34","slug":"te-nero-imperial-earl-grey-15-filtri-filtroscrigno-neavita","status":"publish","type":"product","link":"https:\/\/www.erboristerie.com\/it\/prodotto\/te-nero-imperial-earl-grey-15-filtri-filtroscrigno-neavita\/","title":{"rendered":"Te&#8217; Nero Imperial Earl Grey 15 filtri filtroscrigno Neavita"},"content":{"rendered":"<p><strong>Te&#8217; Nero Imperial Earl Grey 15 filtri filtroscrigno Neavita<\/strong><\/p>\n<p>Il classico t\u00e8 nero inglese da gustare alle cinque del pomeriggio.<\/p>\n<p>Earl Grey \u00e8 un t\u00e8 prezioso, con pi\u00f9 di cento anni di storia e una grande fama, riconosciuto per la sua intensit\u00e0 e la forza rivitalizzante. L\u2019essenza di bergamotto lo arricchisce con note fresche e fruttate.<\/p>\n<p>Per chi vuole regalarsi un originale afternoon tea inglese.<\/p>\n<p><strong>Preparazione<\/strong><\/p>\n<p>Lasciare in infusione per circa 2-3 minuti, 1 FiltroScrigno per 200 ml ca. di acqua bollente. Infine, assapora il piacere del benessere.<\/p>\n<p><strong>Ingredienti<\/strong><\/p>\n<p data-start=\"748\" data-end=\"808\">T\u00e8 nero, aroma naturale di bergamotto, aromi<\/p>\n<p><strong>Il Filtroscrigno<\/strong><\/p>\n<p>Il FiltroScrigno permette di gustare nel modo migliore e con la massima comodit\u00e0 i prodotti Neavita.<\/p>\n<p>Grazie alla sua forma piramidale, il FiltroScrigno pu\u00f2 accogliere perfettamente foglie, piante, fiori e frutti senza romperli o comprometterli conservando l\u2019autentica natura e bont\u00e0 del prodotto sfuso.<\/p>\n<p>Il particolare tessuto biodegradabile, a base di mais, favorisce inoltre il contatto con l\u2019acqua ed evita ogni possibile alterazione dell\u2019infuso.<\/p>\n","protected":false},"excerpt":{"rendered":"<p>Te&#8217; Nero Imperial Earl Grey 15 filtri filtroscrigno Neavita Il classico t\u00e8 nero inglese da gustare alle cinque del pomeriggio. Earl Grey \u00e8 un t\u00e8 prezioso, con pi\u00f9 di cento anni di storia e una grande fama, riconosciuto per la sua intensit\u00e0 e la forza&#8230;<\/p>\n","protected":false},"featured_media":132383,"template":"","meta":{"_acf_changed":false},"product_brand":[9636],"product_cat":[49559],"product_tag":[],"giftcard-category":[],"class_list":{"0":"post-113201","1":"product","2":"type-product","3":"status-publish","4":"has-post-thumbnail","6":"product_brand-neavita","7":"product_cat-infusi-tisane-in-filtri","8":"pa_formato-15-filtri","9":"pa_linea-infusi-in-filtri","10":"pa_marca-neavita","11":"pa_tipologia-filtri","13":"first","14":"instock","15":"sale","16":"taxable","17":"shipping-taxable","18":"purchasable","19":"product-type-simple"},"acf":[],"yoast_head":"<!-- This site is optimized with the Yoast SEO plugin v24.9 - https:\/\/yoast.com\/wordpress\/plugins\/seo\/ -->\n<title>Te&#039; Nero Imperial Earl Grey 15 filtri filtroscrigno Neavita - Erboristeria Demetra<\/title>\n<meta name=\"description\" content=\"Earl Grey \u00e8 un t\u00e8 prezioso, con pi\u00f9 di cento anni di storia e una grande fama, riconosciuto per la sua intensit\u00e0 e la forza rivitalizzante.\" \/>\n<meta name=\"robots\" content=\"index, follow, max-snippet:-1, max-image-preview:large, max-video-preview:-1\" \/>\n<link rel=\"canonical\" href=\"https:\/\/www.erboristerie.com\/it\/prodotto\/te-nero-imperial-earl-grey-15-filtri-filtroscrigno-neavita\/\" \/>\n<meta property=\"og:locale\" content=\"it_IT\" \/>\n<meta property=\"og:type\" content=\"article\" \/>\n<meta property=\"og:title\" content=\"Te&#039; Nero Imperial Earl Grey 15 filtri filtroscrigno Neavita - Erboristeria Demetra\" \/>\n<meta property=\"og:description\" content=\"Earl Grey \u00e8 un t\u00e8 prezioso, con pi\u00f9 di cento anni di storia e una grande fama, riconosciuto per la sua intensit\u00e0 e la forza rivitalizzante.\" \/>\n<meta property=\"og:url\" content=\"https:\/\/www.erboristerie.com\/it\/prodotto\/te-nero-imperial-earl-grey-15-filtri-filtroscrigno-neavita\/\" \/>\n<meta property=\"og:site_name\" content=\"Erboristeria Demetra\" \/>\n<meta property=\"article:publisher\" content=\"https:\/\/www.facebook.com\/erboristeria.demetra.online\" \/>\n<meta property=\"article:modified_time\" content=\"2025-11-29T16:52:34+00:00\" \/>\n<meta property=\"og:image\" content=\"https:\/\/www.erboristerie.com\/wp-content\/uploads\/2021\/11\/00008701-imperial-earl-grey-15-filtroscrigno-neavita-erboristerie-com.jpg\" \/>\n\t<meta property=\"og:image:width\" content=\"1000\" \/>\n\t<meta property=\"og:image:height\" content=\"1000\" \/>\n\t<meta property=\"og:image:type\" content=\"image\/jpeg\" \/>\n<meta name=\"twitter:card\" content=\"summary_large_image\" \/>\n<meta name=\"twitter:label1\" content=\"Tempo di lettura stimato\" \/>\n\t<meta name=\"twitter:data1\" content=\"2 minuti\" \/>\n<script type=\"application\/ld+json\" class=\"yoast-schema-graph\">{\"@context\":\"https:\/\/schema.org\",\"@graph\":[{\"@type\":\"WebPage\",\"@id\":\"https:\/\/www.erboristerie.com\/it\/prodotto\/te-nero-imperial-earl-grey-15-filtri-filtroscrigno-neavita\/\",\"url\":\"https:\/\/www.erboristerie.com\/it\/prodotto\/te-nero-imperial-earl-grey-15-filtri-filtroscrigno-neavita\/\",\"name\":\"Te' Nero Imperial Earl Grey 15 filtri filtroscrigno Neavita - Erboristeria Demetra\",\"isPartOf\":{\"@id\":\"https:\/\/www.erboristerie.com\/it\/#website\"},\"primaryImageOfPage\":{\"@id\":\"https:\/\/www.erboristerie.com\/it\/prodotto\/te-nero-imperial-earl-grey-15-filtri-filtroscrigno-neavita\/#primaryimage\"},\"image\":{\"@id\":\"https:\/\/www.erboristerie.com\/it\/prodotto\/te-nero-imperial-earl-grey-15-filtri-filtroscrigno-neavita\/#primaryimage\"},\"thumbnailUrl\":\"https:\/\/www.erboristerie.com\/wp-content\/uploads\/2021\/11\/00008701-imperial-earl-grey-15-filtroscrigno-neavita-erboristerie-com.jpg\",\"datePublished\":\"2021-11-08T17:14:39+00:00\",\"dateModified\":\"2025-11-29T16:52:34+00:00\",\"description\":\"Earl Grey \u00e8 un t\u00e8 prezioso, con pi\u00f9 di cento anni di storia e una grande fama, riconosciuto per la sua intensit\u00e0 e la forza rivitalizzante.\",\"breadcrumb\":{\"@id\":\"https:\/\/www.erboristerie.com\/it\/prodotto\/te-nero-imperial-earl-grey-15-filtri-filtroscrigno-neavita\/#breadcrumb\"},\"inLanguage\":\"it-IT\",\"potentialAction\":[{\"@type\":\"ReadAction\",\"target\":[\"https:\/\/www.erboristerie.com\/it\/prodotto\/te-nero-imperial-earl-grey-15-filtri-filtroscrigno-neavita\/\"]}]},{\"@type\":\"ImageObject\",\"inLanguage\":\"it-IT\",\"@id\":\"https:\/\/www.erboristerie.com\/it\/prodotto\/te-nero-imperial-earl-grey-15-filtri-filtroscrigno-neavita\/#primaryimage\",\"url\":\"https:\/\/www.erboristerie.com\/wp-content\/uploads\/2021\/11\/00008701-imperial-earl-grey-15-filtroscrigno-neavita-erboristerie-com.jpg\",\"contentUrl\":\"https:\/\/www.erboristerie.com\/wp-content\/uploads\/2021\/11\/00008701-imperial-earl-grey-15-filtroscrigno-neavita-erboristerie-com.jpg\",\"width\":1000,\"height\":1000},{\"@type\":\"BreadcrumbList\",\"@id\":\"https:\/\/www.erboristerie.com\/it\/prodotto\/te-nero-imperial-earl-grey-15-filtri-filtroscrigno-neavita\/#breadcrumb\",\"itemListElement\":[{\"@type\":\"ListItem\",\"position\":1,\"name\":\"Home\",\"item\":\"https:\/\/www.erboristerie.com\/it\/\"},{\"@type\":\"ListItem\",\"position\":2,\"name\":\"Tutti i prodotti\",\"item\":\"https:\/\/www.erboristerie.com\/it\/tutti-i-prodotti\/\"},{\"@type\":\"ListItem\",\"position\":3,\"name\":\"Te&#8217; Nero Imperial Earl Grey 15 filtri filtroscrigno Neavita\"}]},{\"@type\":\"WebSite\",\"@id\":\"https:\/\/www.erboristerie.com\/it\/#website\",\"url\":\"https:\/\/www.erboristerie.com\/it\/\",\"name\":\"Erboristeria Demetra\",\"description\":\"La tua salute al naturale\",\"publisher\":{\"@id\":\"https:\/\/www.erboristerie.com\/it\/#organization\"},\"potentialAction\":[{\"@type\":\"SearchAction\",\"target\":{\"@type\":\"EntryPoint\",\"urlTemplate\":\"https:\/\/www.erboristerie.com\/it\/?s={search_term_string}\"},\"query-input\":{\"@type\":\"PropertyValueSpecification\",\"valueRequired\":true,\"valueName\":\"search_term_string\"}}],\"inLanguage\":\"it-IT\"},{\"@type\":\"Organization\",\"@id\":\"https:\/\/www.erboristerie.com\/it\/#organization\",\"name\":\"Erboristeria Demetra\",\"url\":\"https:\/\/www.erboristerie.com\/it\/\",\"logo\":{\"@type\":\"ImageObject\",\"inLanguage\":\"it-IT\",\"@id\":\"https:\/\/www.erboristerie.com\/it\/#\/schema\/logo\/image\/\",\"url\":\"https:\/\/www.erboristerie.com\/wp-content\/uploads\/2019\/11\/LOGO_ERBORISTERIA_DEMETRA_original.png?v=1611516981\",\"contentUrl\":\"https:\/\/www.erboristerie.com\/wp-content\/uploads\/2019\/11\/LOGO_ERBORISTERIA_DEMETRA_original.png?v=1611516981\",\"width\":201,\"height\":54,\"caption\":\"Erboristeria Demetra\"},\"image\":{\"@id\":\"https:\/\/www.erboristerie.com\/it\/#\/schema\/logo\/image\/\"},\"sameAs\":[\"https:\/\/www.facebook.com\/erboristeria.demetra.online\"]}]}<\/script>\n<!-- \/ Yoast SEO plugin. -->","yoast_head_json":{"title":"Te' Nero Imperial Earl Grey 15 filtri filtroscrigno Neavita - Erboristeria Demetra","description":"Earl Grey \u00e8 un t\u00e8 prezioso, con pi\u00f9 di cento anni di storia e una grande fama, riconosciuto per la sua intensit\u00e0 e la forza rivitalizzante.","robots":{"index":"index","follow":"follow","max-snippet":"max-snippet:-1","max-image-preview":"max-image-preview:large","max-video-preview":"max-video-preview:-1"},"canonical":"https:\/\/www.erboristerie.com\/it\/prodotto\/te-nero-imperial-earl-grey-15-filtri-filtroscrigno-neavita\/","og_locale":"it_IT","og_type":"article","og_title":"Te' Nero Imperial Earl Grey 15 filtri filtroscrigno Neavita - Erboristeria Demetra","og_description":"Earl Grey \u00e8 un t\u00e8 prezioso, con pi\u00f9 di cento anni di storia e una grande fama, riconosciuto per la sua intensit\u00e0 e la forza rivitalizzante.","og_url":"https:\/\/www.erboristerie.com\/it\/prodotto\/te-nero-imperial-earl-grey-15-filtri-filtroscrigno-neavita\/","og_site_name":"Erboristeria Demetra","article_publisher":"https:\/\/www.facebook.com\/erboristeria.demetra.online","article_modified_time":"2025-11-29T16:52:34+00:00","og_image":[{"width":1000,"height":1000,"url":"https:\/\/www.erboristerie.com\/wp-content\/uploads\/2021\/11\/00008701-imperial-earl-grey-15-filtroscrigno-neavita-erboristerie-com.jpg","type":"image\/jpeg"}],"twitter_card":"summary_large_image","twitter_misc":{"Tempo di lettura stimato":"2 minuti"},"schema":{"@context":"https:\/\/schema.org","@graph":[{"@type":"WebPage","@id":"https:\/\/www.erboristerie.com\/it\/prodotto\/te-nero-imperial-earl-grey-15-filtri-filtroscrigno-neavita\/","url":"https:\/\/www.erboristerie.com\/it\/prodotto\/te-nero-imperial-earl-grey-15-filtri-filtroscrigno-neavita\/","name":"Te' Nero Imperial Earl Grey 15 filtri filtroscrigno Neavita - Erboristeria Demetra","isPartOf":{"@id":"https:\/\/www.erboristerie.com\/it\/#website"},"primaryImageOfPage":{"@id":"https:\/\/www.erboristerie.com\/it\/prodotto\/te-nero-imperial-earl-grey-15-filtri-filtroscrigno-neavita\/#primaryimage"},"image":{"@id":"https:\/\/www.erboristerie.com\/it\/prodotto\/te-nero-imperial-earl-grey-15-filtri-filtroscrigno-neavita\/#primaryimage"},"thumbnailUrl":"https:\/\/www.erboristerie.com\/wp-content\/uploads\/2021\/11\/00008701-imperial-earl-grey-15-filtroscrigno-neavita-erboristerie-com.jpg","datePublished":"2021-11-08T17:14:39+00:00","dateModified":"2025-11-29T16:52:34+00:00","description":"Earl Grey \u00e8 un t\u00e8 prezioso, con pi\u00f9 di cento anni di storia e una grande fama, riconosciuto per la sua intensit\u00e0 e la forza rivitalizzante.","breadcrumb":{"@id":"https:\/\/www.erboristerie.com\/it\/prodotto\/te-nero-imperial-earl-grey-15-filtri-filtroscrigno-neavita\/#breadcrumb"},"inLanguage":"it-IT","potentialAction":[{"@type":"ReadAction","target":["https:\/\/www.erboristerie.com\/it\/prodotto\/te-nero-imperial-earl-grey-15-filtri-filtroscrigno-neavita\/"]}]},{"@type":"ImageObject","inLanguage":"it-IT","@id":"https:\/\/www.erboristerie.com\/it\/prodotto\/te-nero-imperial-earl-grey-15-filtri-filtroscrigno-neavita\/#primaryimage","url":"https:\/\/www.erboristerie.com\/wp-content\/uploads\/2021\/11\/00008701-imperial-earl-grey-15-filtroscrigno-neavita-erboristerie-com.jpg","contentUrl":"https:\/\/www.erboristerie.com\/wp-content\/uploads\/2021\/11\/00008701-imperial-earl-grey-15-filtroscrigno-neavita-erboristerie-com.jpg","width":1000,"height":1000},{"@type":"BreadcrumbList","@id":"https:\/\/www.erboristerie.com\/it\/prodotto\/te-nero-imperial-earl-grey-15-filtri-filtroscrigno-neavita\/#breadcrumb","itemListElement":[{"@type":"ListItem","position":1,"name":"Home","item":"https:\/\/www.erboristerie.com\/it\/"},{"@type":"ListItem","position":2,"name":"Tutti i prodotti","item":"https:\/\/www.erboristerie.com\/it\/tutti-i-prodotti\/"},{"@type":"ListItem","position":3,"name":"Te&#8217; Nero Imperial Earl Grey 15 filtri filtroscrigno Neavita"}]},{"@type":"WebSite","@id":"https:\/\/www.erboristerie.com\/it\/#website","url":"https:\/\/www.erboristerie.com\/it\/","name":"Erboristeria Demetra","description":"La tua salute al naturale","publisher":{"@id":"https:\/\/www.erboristerie.com\/it\/#organization"},"potentialAction":[{"@type":"SearchAction","target":{"@type":"EntryPoint","urlTemplate":"https:\/\/www.erboristerie.com\/it\/?s={search_term_string}"},"query-input":{"@type":"PropertyValueSpecification","valueRequired":true,"valueName":"search_term_string"}}],"inLanguage":"it-IT"},{"@type":"Organization","@id":"https:\/\/www.erboristerie.com\/it\/#organization","name":"Erboristeria Demetra","url":"https:\/\/www.erboristerie.com\/it\/","logo":{"@type":"ImageObject","inLanguage":"it-IT","@id":"https:\/\/www.erboristerie.com\/it\/#\/schema\/logo\/image\/","url":"https:\/\/www.erboristerie.com\/wp-content\/uploads\/2019\/11\/LOGO_ERBORISTERIA_DEMETRA_original.png?v=1611516981","contentUrl":"https:\/\/www.erboristerie.com\/wp-content\/uploads\/2019\/11\/LOGO_ERBORISTERIA_DEMETRA_original.png?v=1611516981","width":201,"height":54,"caption":"Erboristeria Demetra"},"image":{"@id":"https:\/\/www.erboristerie.com\/it\/#\/schema\/logo\/image\/"},"sameAs":["https:\/\/www.facebook.com\/erboristeria.demetra.online"]}]}},"_links":{"self":[{"href":"https:\/\/www.erboristerie.com\/it\/wp-json\/wp\/v2\/product\/113201","targetHints":{"allow":["GET"]}}],"collection":[{"href":"https:\/\/www.erboristerie.com\/it\/wp-json\/wp\/v2\/product"}],"about":[{"href":"https:\/\/www.erboristerie.com\/it\/wp-json\/wp\/v2\/types\/product"}],"wp:featuredmedia":[{"embeddable":true,"href":"https:\/\/www.erboristerie.com\/it\/wp-json\/wp\/v2\/media\/132383"}],"wp:attachment":[{"href":"https:\/\/www.erboristerie.com\/it\/wp-json\/wp\/v2\/media?parent=113201"}],"wp:term":[{"taxonomy":"product_brand","embeddable":true,"href":"https:\/\/www.erboristerie.com\/it\/wp-json\/wp\/v2\/product_brand?post=113201"},{"taxonomy":"product_cat","embeddable":true,"href":"https:\/\/www.erboristerie.com\/it\/wp-json\/wp\/v2\/product_cat?post=113201"},{"taxonomy":"product_tag","embeddable":true,"href":"https:\/\/www.erboristerie.com\/it\/wp-json\/wp\/v2\/product_tag?post=113201"},{"taxonomy":"giftcard-category","embeddable":true,"href":"https:\/\/www.erboristerie.com\/it\/wp-json\/wp\/v2\/giftcard-category?post=113201"}],"curies":[{"name":"wp","href":"https:\/\/api.w.org\/{rel}","templated":true}]}}