{"id":113028,"date":"2021-10-28T10:25:38","date_gmt":"2021-10-28T08:25:38","guid":{"rendered":"https:\/\/www.erboristerie.com\/?post_type=product&#038;p=113028"},"modified":"2026-04-16T11:31:13","modified_gmt":"2026-04-16T09:31:13","slug":"crema-corpo-fluida-fiori-notturni-150ml-natures","status":"publish","type":"product","link":"https:\/\/www.erboristerie.com\/it\/prodotto\/crema-corpo-fluida-fiori-notturni-150ml-natures\/","title":{"rendered":"Crema Corpo Fluida Fiori Notturni 150ml &#8211; Nature&#8217;s"},"content":{"rendered":"<p><strong>Crema per il Corpo Fluida Fiori Notturni 150ml &#8211; Nature&#8217;s<\/strong><\/p>\n<p>Con Lavanda e Fiore della sera biologici<\/p>\n<p>Fluido cremoso ad azione idratante, elasticizzante e nutriente.<\/p>\n<p>Contiene <strong>burro di Karit\u00e9 bio<\/strong> che, oltre a contrastare la disidratazione, rende la <strong>pelle pi\u00f9 morbida e levigata<\/strong>.<\/p>\n<p>La Crema Corpo Fluida Fiori Notturni \u00e8 arricchita con oli vegetali fra cui spiccano quelli biologici di <strong>Girasole e di Enotera, detta anche Fiore della sera<\/strong>, che contribuiscono a mantenere l\u2019equilibrio della barriera idrolipidica e, nello stesso tempo, rendono l\u2019applicazione estremamente scorrevole e veloce.<\/p>\n<p>Grazie alla caratteristica profumazione infonde una piacevole sensazione di relax e distensione.<\/p>\n<p>97% di ingredienti di origine naturale.<\/p>\n<p>GARANZIE<\/p>\n<p><strong>ESTRATTI VEGETALI E BIO<\/strong> nel rispetto della biodiversit\u00e0<br \/>\n<strong>VEGAN<\/strong> senza derivati animali<br \/>\n<strong>NON CONTIENE <\/strong>parabeni, paraffina, oli minerali, siliconi, ogm, sls, sles, dea, cessori di formaldeide<br \/>\n<strong>Nickel e Dermatologicamente testati<\/strong> (Nickel &lt; 0,0001%)<br \/>\n<strong>Plastica riciclata<\/strong> post-consumo<br \/>\nCartone <strong>100% riciclabile<\/strong><\/p>\n<p><strong>FIORI NOTTURNI &#8211; <\/strong>Poetica e misteriosa come la notte.<\/p>\n<p>Una linea ispirata a un giardino notturno dove la leggerezza del <strong>Bergamotto<\/strong> si unisce ai sentori poudr\u00e9 e sensuali della <strong>Lavanda<\/strong> e dei <strong>Fiori bianchi<\/strong>.<\/p>\n<p>L\u2019<strong>Enotera<\/strong>, conosciuta anche come <strong>Fiore della sera<\/strong>, con le sue propriet\u00e0 idratanti, \u00e8 il filo conduttore di queste formule, pensate per infondere <strong>una sensazione di relax e serenit\u00e0<\/strong>.<\/p>\n","protected":false},"excerpt":{"rendered":"<p>Crema per il Corpo Fluida Fiori Notturni 150ml &#8211; Nature&#8217;s Con Lavanda e Fiore della sera biologici Fluido cremoso ad azione idratante, elasticizzante e nutriente. Contiene burro di Karit\u00e9 bio che, oltre a contrastare la disidratazione, rende la pelle pi\u00f9 morbida e levigata. La Crema&#8230;<\/p>\n","protected":false},"featured_media":113030,"template":"","meta":{"_acf_changed":false},"product_brand":[9650],"product_cat":[45041],"product_tag":[],"giftcard-category":[],"class_list":{"0":"post-113028","1":"product","2":"type-product","3":"status-publish","4":"has-post-thumbnail","6":"product_brand-nature-s","7":"product_cat-corpo","8":"pa_formato-150-ml","9":"pa_linea-profumazione-fiori-notturni","10":"pa_marca-natures","11":"pa_tipologia-crema","13":"first","14":"instock","15":"sale","16":"taxable","17":"shipping-taxable","18":"purchasable","19":"product-type-simple"},"acf":[],"yoast_head":"<!-- This site is optimized with the Yoast SEO plugin v24.9 - https:\/\/yoast.com\/wordpress\/plugins\/seo\/ -->\n<title>Crema Corpo Fluida Fiori Notturni 150ml - Nature&#039;s - Erboristeria Demetra<\/title>\n<meta name=\"description\" content=\"Con burro di Karit\u00e9 bio che rende la pelle pi\u00f9 morbida e levigata. Cremosa ad azione idratante, elasticizzante e nutriente.\" \/>\n<meta name=\"robots\" content=\"index, follow, max-snippet:-1, max-image-preview:large, max-video-preview:-1\" \/>\n<link rel=\"canonical\" href=\"https:\/\/www.erboristerie.com\/it\/prodotto\/crema-corpo-fluida-fiori-notturni-150ml-natures\/\" \/>\n<meta property=\"og:locale\" content=\"it_IT\" \/>\n<meta property=\"og:type\" content=\"article\" \/>\n<meta property=\"og:title\" content=\"Crema Corpo Fluida Fiori Notturni 150ml - Nature&#039;s - Erboristeria Demetra\" \/>\n<meta property=\"og:description\" content=\"Con burro di Karit\u00e9 bio che rende la pelle pi\u00f9 morbida e levigata. Cremosa ad azione idratante, elasticizzante e nutriente.\" \/>\n<meta property=\"og:url\" content=\"https:\/\/www.erboristerie.com\/it\/prodotto\/crema-corpo-fluida-fiori-notturni-150ml-natures\/\" \/>\n<meta property=\"og:site_name\" content=\"Erboristeria Demetra\" \/>\n<meta property=\"article:publisher\" content=\"https:\/\/www.facebook.com\/erboristeria.demetra.online\" \/>\n<meta property=\"article:modified_time\" content=\"2026-04-16T09:31:13+00:00\" \/>\n<meta property=\"og:image\" content=\"https:\/\/www.erboristerie.com\/wp-content\/uploads\/2021\/10\/00006085.jpg\" \/>\n\t<meta property=\"og:image:width\" content=\"1200\" \/>\n\t<meta property=\"og:image:height\" content=\"1200\" \/>\n\t<meta property=\"og:image:type\" content=\"image\/jpeg\" \/>\n<meta name=\"twitter:card\" content=\"summary_large_image\" \/>\n<meta name=\"twitter:label1\" content=\"Tempo di lettura stimato\" \/>\n\t<meta name=\"twitter:data1\" content=\"1 minuto\" \/>\n<script type=\"application\/ld+json\" class=\"yoast-schema-graph\">{\"@context\":\"https:\/\/schema.org\",\"@graph\":[{\"@type\":\"WebPage\",\"@id\":\"https:\/\/www.erboristerie.com\/it\/prodotto\/crema-corpo-fluida-fiori-notturni-150ml-natures\/\",\"url\":\"https:\/\/www.erboristerie.com\/it\/prodotto\/crema-corpo-fluida-fiori-notturni-150ml-natures\/\",\"name\":\"Crema Corpo Fluida Fiori Notturni 150ml - Nature's - Erboristeria Demetra\",\"isPartOf\":{\"@id\":\"https:\/\/www.erboristerie.com\/it\/#website\"},\"primaryImageOfPage\":{\"@id\":\"https:\/\/www.erboristerie.com\/it\/prodotto\/crema-corpo-fluida-fiori-notturni-150ml-natures\/#primaryimage\"},\"image\":{\"@id\":\"https:\/\/www.erboristerie.com\/it\/prodotto\/crema-corpo-fluida-fiori-notturni-150ml-natures\/#primaryimage\"},\"thumbnailUrl\":\"https:\/\/www.erboristerie.com\/wp-content\/uploads\/2021\/10\/00006085.jpg\",\"datePublished\":\"2021-10-28T08:25:38+00:00\",\"dateModified\":\"2026-04-16T09:31:13+00:00\",\"description\":\"Con burro di Karit\u00e9 bio che rende la pelle pi\u00f9 morbida e levigata. Cremosa ad azione idratante, elasticizzante e nutriente.\",\"breadcrumb\":{\"@id\":\"https:\/\/www.erboristerie.com\/it\/prodotto\/crema-corpo-fluida-fiori-notturni-150ml-natures\/#breadcrumb\"},\"inLanguage\":\"it-IT\",\"potentialAction\":[{\"@type\":\"ReadAction\",\"target\":[\"https:\/\/www.erboristerie.com\/it\/prodotto\/crema-corpo-fluida-fiori-notturni-150ml-natures\/\"]}]},{\"@type\":\"ImageObject\",\"inLanguage\":\"it-IT\",\"@id\":\"https:\/\/www.erboristerie.com\/it\/prodotto\/crema-corpo-fluida-fiori-notturni-150ml-natures\/#primaryimage\",\"url\":\"https:\/\/www.erboristerie.com\/wp-content\/uploads\/2021\/10\/00006085.jpg\",\"contentUrl\":\"https:\/\/www.erboristerie.com\/wp-content\/uploads\/2021\/10\/00006085.jpg\",\"width\":1200,\"height\":1200},{\"@type\":\"BreadcrumbList\",\"@id\":\"https:\/\/www.erboristerie.com\/it\/prodotto\/crema-corpo-fluida-fiori-notturni-150ml-natures\/#breadcrumb\",\"itemListElement\":[{\"@type\":\"ListItem\",\"position\":1,\"name\":\"Home\",\"item\":\"https:\/\/www.erboristerie.com\/it\/\"},{\"@type\":\"ListItem\",\"position\":2,\"name\":\"Tutti i prodotti\",\"item\":\"https:\/\/www.erboristerie.com\/it\/tutti-i-prodotti\/\"},{\"@type\":\"ListItem\",\"position\":3,\"name\":\"Crema Corpo Fluida Fiori Notturni 150ml &#8211; Nature&#8217;s\"}]},{\"@type\":\"WebSite\",\"@id\":\"https:\/\/www.erboristerie.com\/it\/#website\",\"url\":\"https:\/\/www.erboristerie.com\/it\/\",\"name\":\"Erboristeria Demetra\",\"description\":\"La tua salute al naturale\",\"publisher\":{\"@id\":\"https:\/\/www.erboristerie.com\/it\/#organization\"},\"potentialAction\":[{\"@type\":\"SearchAction\",\"target\":{\"@type\":\"EntryPoint\",\"urlTemplate\":\"https:\/\/www.erboristerie.com\/it\/?s={search_term_string}\"},\"query-input\":{\"@type\":\"PropertyValueSpecification\",\"valueRequired\":true,\"valueName\":\"search_term_string\"}}],\"inLanguage\":\"it-IT\"},{\"@type\":\"Organization\",\"@id\":\"https:\/\/www.erboristerie.com\/it\/#organization\",\"name\":\"Erboristeria Demetra\",\"url\":\"https:\/\/www.erboristerie.com\/it\/\",\"logo\":{\"@type\":\"ImageObject\",\"inLanguage\":\"it-IT\",\"@id\":\"https:\/\/www.erboristerie.com\/it\/#\/schema\/logo\/image\/\",\"url\":\"https:\/\/www.erboristerie.com\/wp-content\/uploads\/2019\/11\/LOGO_ERBORISTERIA_DEMETRA_original.png?v=1611516981\",\"contentUrl\":\"https:\/\/www.erboristerie.com\/wp-content\/uploads\/2019\/11\/LOGO_ERBORISTERIA_DEMETRA_original.png?v=1611516981\",\"width\":201,\"height\":54,\"caption\":\"Erboristeria Demetra\"},\"image\":{\"@id\":\"https:\/\/www.erboristerie.com\/it\/#\/schema\/logo\/image\/\"},\"sameAs\":[\"https:\/\/www.facebook.com\/erboristeria.demetra.online\"]}]}<\/script>\n<!-- \/ Yoast SEO plugin. -->","yoast_head_json":{"title":"Crema Corpo Fluida Fiori Notturni 150ml - Nature's - Erboristeria Demetra","description":"Con burro di Karit\u00e9 bio che rende la pelle pi\u00f9 morbida e levigata. Cremosa ad azione idratante, elasticizzante e nutriente.","robots":{"index":"index","follow":"follow","max-snippet":"max-snippet:-1","max-image-preview":"max-image-preview:large","max-video-preview":"max-video-preview:-1"},"canonical":"https:\/\/www.erboristerie.com\/it\/prodotto\/crema-corpo-fluida-fiori-notturni-150ml-natures\/","og_locale":"it_IT","og_type":"article","og_title":"Crema Corpo Fluida Fiori Notturni 150ml - Nature's - Erboristeria Demetra","og_description":"Con burro di Karit\u00e9 bio che rende la pelle pi\u00f9 morbida e levigata. Cremosa ad azione idratante, elasticizzante e nutriente.","og_url":"https:\/\/www.erboristerie.com\/it\/prodotto\/crema-corpo-fluida-fiori-notturni-150ml-natures\/","og_site_name":"Erboristeria Demetra","article_publisher":"https:\/\/www.facebook.com\/erboristeria.demetra.online","article_modified_time":"2026-04-16T09:31:13+00:00","og_image":[{"width":1200,"height":1200,"url":"https:\/\/www.erboristerie.com\/wp-content\/uploads\/2021\/10\/00006085.jpg","type":"image\/jpeg"}],"twitter_card":"summary_large_image","twitter_misc":{"Tempo di lettura stimato":"1 minuto"},"schema":{"@context":"https:\/\/schema.org","@graph":[{"@type":"WebPage","@id":"https:\/\/www.erboristerie.com\/it\/prodotto\/crema-corpo-fluida-fiori-notturni-150ml-natures\/","url":"https:\/\/www.erboristerie.com\/it\/prodotto\/crema-corpo-fluida-fiori-notturni-150ml-natures\/","name":"Crema Corpo Fluida Fiori Notturni 150ml - Nature's - Erboristeria Demetra","isPartOf":{"@id":"https:\/\/www.erboristerie.com\/it\/#website"},"primaryImageOfPage":{"@id":"https:\/\/www.erboristerie.com\/it\/prodotto\/crema-corpo-fluida-fiori-notturni-150ml-natures\/#primaryimage"},"image":{"@id":"https:\/\/www.erboristerie.com\/it\/prodotto\/crema-corpo-fluida-fiori-notturni-150ml-natures\/#primaryimage"},"thumbnailUrl":"https:\/\/www.erboristerie.com\/wp-content\/uploads\/2021\/10\/00006085.jpg","datePublished":"2021-10-28T08:25:38+00:00","dateModified":"2026-04-16T09:31:13+00:00","description":"Con burro di Karit\u00e9 bio che rende la pelle pi\u00f9 morbida e levigata. Cremosa ad azione idratante, elasticizzante e nutriente.","breadcrumb":{"@id":"https:\/\/www.erboristerie.com\/it\/prodotto\/crema-corpo-fluida-fiori-notturni-150ml-natures\/#breadcrumb"},"inLanguage":"it-IT","potentialAction":[{"@type":"ReadAction","target":["https:\/\/www.erboristerie.com\/it\/prodotto\/crema-corpo-fluida-fiori-notturni-150ml-natures\/"]}]},{"@type":"ImageObject","inLanguage":"it-IT","@id":"https:\/\/www.erboristerie.com\/it\/prodotto\/crema-corpo-fluida-fiori-notturni-150ml-natures\/#primaryimage","url":"https:\/\/www.erboristerie.com\/wp-content\/uploads\/2021\/10\/00006085.jpg","contentUrl":"https:\/\/www.erboristerie.com\/wp-content\/uploads\/2021\/10\/00006085.jpg","width":1200,"height":1200},{"@type":"BreadcrumbList","@id":"https:\/\/www.erboristerie.com\/it\/prodotto\/crema-corpo-fluida-fiori-notturni-150ml-natures\/#breadcrumb","itemListElement":[{"@type":"ListItem","position":1,"name":"Home","item":"https:\/\/www.erboristerie.com\/it\/"},{"@type":"ListItem","position":2,"name":"Tutti i prodotti","item":"https:\/\/www.erboristerie.com\/it\/tutti-i-prodotti\/"},{"@type":"ListItem","position":3,"name":"Crema Corpo Fluida Fiori Notturni 150ml &#8211; Nature&#8217;s"}]},{"@type":"WebSite","@id":"https:\/\/www.erboristerie.com\/it\/#website","url":"https:\/\/www.erboristerie.com\/it\/","name":"Erboristeria Demetra","description":"La tua salute al naturale","publisher":{"@id":"https:\/\/www.erboristerie.com\/it\/#organization"},"potentialAction":[{"@type":"SearchAction","target":{"@type":"EntryPoint","urlTemplate":"https:\/\/www.erboristerie.com\/it\/?s={search_term_string}"},"query-input":{"@type":"PropertyValueSpecification","valueRequired":true,"valueName":"search_term_string"}}],"inLanguage":"it-IT"},{"@type":"Organization","@id":"https:\/\/www.erboristerie.com\/it\/#organization","name":"Erboristeria Demetra","url":"https:\/\/www.erboristerie.com\/it\/","logo":{"@type":"ImageObject","inLanguage":"it-IT","@id":"https:\/\/www.erboristerie.com\/it\/#\/schema\/logo\/image\/","url":"https:\/\/www.erboristerie.com\/wp-content\/uploads\/2019\/11\/LOGO_ERBORISTERIA_DEMETRA_original.png?v=1611516981","contentUrl":"https:\/\/www.erboristerie.com\/wp-content\/uploads\/2019\/11\/LOGO_ERBORISTERIA_DEMETRA_original.png?v=1611516981","width":201,"height":54,"caption":"Erboristeria Demetra"},"image":{"@id":"https:\/\/www.erboristerie.com\/it\/#\/schema\/logo\/image\/"},"sameAs":["https:\/\/www.facebook.com\/erboristeria.demetra.online"]}]}},"_links":{"self":[{"href":"https:\/\/www.erboristerie.com\/it\/wp-json\/wp\/v2\/product\/113028","targetHints":{"allow":["GET"]}}],"collection":[{"href":"https:\/\/www.erboristerie.com\/it\/wp-json\/wp\/v2\/product"}],"about":[{"href":"https:\/\/www.erboristerie.com\/it\/wp-json\/wp\/v2\/types\/product"}],"wp:featuredmedia":[{"embeddable":true,"href":"https:\/\/www.erboristerie.com\/it\/wp-json\/wp\/v2\/media\/113030"}],"wp:attachment":[{"href":"https:\/\/www.erboristerie.com\/it\/wp-json\/wp\/v2\/media?parent=113028"}],"wp:term":[{"taxonomy":"product_brand","embeddable":true,"href":"https:\/\/www.erboristerie.com\/it\/wp-json\/wp\/v2\/product_brand?post=113028"},{"taxonomy":"product_cat","embeddable":true,"href":"https:\/\/www.erboristerie.com\/it\/wp-json\/wp\/v2\/product_cat?post=113028"},{"taxonomy":"product_tag","embeddable":true,"href":"https:\/\/www.erboristerie.com\/it\/wp-json\/wp\/v2\/product_tag?post=113028"},{"taxonomy":"giftcard-category","embeddable":true,"href":"https:\/\/www.erboristerie.com\/it\/wp-json\/wp\/v2\/giftcard-category?post=113028"}],"curies":[{"name":"wp","href":"https:\/\/api.w.org\/{rel}","templated":true}]}}